{"id":1325,"date":"2022-04-11T20:39:38","date_gmt":"2022-04-11T17:39:38","guid":{"rendered":"https:\/\/www.miil.ee\/konteineru-apkure\/"},"modified":"2024-11-15T16:23:17","modified_gmt":"2024-11-15T14:23:17","slug":"konteineru-apkure","status":"publish","type":"page","link":"https:\/\/miil.dev.almic.ee\/lv\/pakalpojumi\/konteineru-apkure\/","title":{"rendered":"Termin\u0101\u013ca pakalpojums"},"content":{"rendered":"<section class=\"l-section wpb_row height_medium\"><div class=\"l-section-h i-cf\"><div class=\"g-cols vc_row via_flex valign_top type_default stacking_default\"><div class=\"vc_col-sm-12 wpb_column vc_column_container\"><div class=\"vc_column-inner\"><div class=\"wpb_wrapper\"><div class=\"g-cols wpb_row via_flex valign_top type_default stacking_default\"><div class=\"vc_col-sm-12 wpb_column vc_column_container\"><div class=\"vc_column-inner\"><div class=\"wpb_wrapper\"><div class=\"wpb_text_column\"><div class=\"wpb_wrapper\"><p>Container Terminal Estonia atrodas Valtsi 1, Lagedi, Harjumaa 75303. Tas atrodas strat\u0113\u0123isk\u0101 viet\u0101 pie Tallinas apvedce\u013ca un Rail Baltic termin\u0101\u013ca.<br \/>\nTuv\u0101kaj\u0101 laik\u0101 t\u0101s tie\u0161\u0101 tuvum\u0101 paredz\u0113ts izb\u016bv\u0113t Rail Baltic. \u010cetrus kilometrus \u0101rpus Tallinas termin\u0101lis ir norobe\u017eots ar ku\u0123niec\u012bbas konteineriem un tiek pak\u013cauts diennakts uzraudz\u012bbai, tostarp videonov\u0113ro\u0161anai. Termin\u0101\u013ca kop\u0113j\u0101 plat\u012bba ir 21 000 m2.<br \/>\nKonteineru termin\u0101lis ir ide\u0101ls risin\u0101jums jaunu vai lietotu konteineru uzglab\u0101\u0161anai dro\u0161\u0101 un vizu\u0101li profesion\u0101l\u0101 laukum\u0101.<br \/>\nM\u016bsu konteineru depo var apstr\u0101d\u0101t visu izm\u0113ru konteinerus no visas pasaules.<br \/>\nJ\u016bs varat tie\u0161i atgriezt savas kastes uz m\u016bsu termin\u0101li no jebkuras pieg\u0101des l\u012bnijas bez papildu maksas.<br \/>\nJa nodarbojaties ar jauniem un lietotiem konteineriem, m\u0113s varam jums pal\u012bdz\u0113t transport\u0113t, uzglab\u0101t un p\u0101rdot j\u016bsu kastes.<br \/>\nM\u0113s esam lab\u0101kais un liel\u0101kais konteineru tirgot\u0101js Baltijas valst\u012bs.<\/p>\n<h2>Uzglab\u0101\u0161ana un transport\u0113\u0161ana<\/h2>\n<p>Uzglab\u0101\u0161ana O\u00dc Miil depo O\u00dc Miil konteineru noliktav\u0101 iesp\u0113jams uzglab\u0101t gan tuk\u0161us, gan piekrautus konteinerus.<br \/>\nP\u0113c sa\u0146em\u0161anas konteineri tiek nofotograf\u0113ti no vis\u0101m \u010detr\u0101m pus\u0113m un iek\u0161puses \u2013 visi boj\u0101jumi un cita svar\u012bga inform\u0101cija tiks fiks\u0113ta nekav\u0113joties.<br \/>\nParasti visi konteineri ar kravu, ko m\u0113s p\u0101rvad\u0101jam, tiek uzglab\u0101ti bez maksas.<br \/>\nKlienti sa\u0146ems pazi\u0146ojumu, tikl\u012bdz konteiners b\u016bs sa\u0146emts vai nos\u016bt\u012bts. Ar\u012b klients jebkur\u0101 laik\u0101 var p\u0101rbaud\u012bt savus kr\u0101jumus.<br \/>\nKonteineru termin\u0101\u013ca apr\u012bkojums Mums ir Konecranes 2015 SMV 2115 TC3 konteineru kr\u0101v\u0113js, Doosan iekr\u0101v\u0113js un CAT950 iekr\u0101v\u0113js ar kausu un zariem.<br \/>\nM\u0113s varam ar\u012b novietot konteinerus uz piekab\u0113m, iekraut tos aizkaru piekab\u0113s un pacelt tos ar s\u0101nu iekr\u0101v\u0113jiem un aizmugur\u0113jiem iekr\u0101v\u0113jiem.<br \/>\nTermin\u0101l\u012b mums ir tvaika apkures sist\u0113ma.<br \/>\nVaram pied\u0101v\u0101t apkures tvert\u0146u konteinerus vai refri\u017eeratoru piesl\u0113g\u0161anu elektrot\u012bklam.<br \/>\nJa j\u016bs interes\u0113 m\u016bsu pakalpojumi, pieprasiet pied\u0101v\u0101jumu mums uz info@miil.ee un m\u0113s jums pied\u0101v\u0101sim lab\u0101ko risin\u0101jumu.<\/p>\n<h2>Konteineru termin\u0101lis Igaunij\u0101 vai Latvij\u0101?<\/h2>\n<p>Container Terminal Lagedi, Estonia nav vien\u012bg\u0101 vieta, kur m\u0113s str\u0101d\u0101jam, mums ir daudz pagalmu vis\u0101 Igaunij\u0101.<br \/>\nT\u0101pat m\u0113s darbojamies Latvij\u0101 ar s\u0101niekr\u0101v\u0113ju un backloader kravas automa\u0161\u012bn\u0101m, kas atrodas uz vietas R\u012bg\u0101.<br \/>\nJa jums ir nepiecie\u0161ams, m\u0113s varam pal\u012bdz\u0113t ar\u012b ar cisternu, konteineriem, refri\u017eeratoriem, p\u0101rvad\u0101\u0161anas konteineru p\u0101rveido\u0161anu un atk\u0101rtotu sertifik\u0101ciju.<\/p>\n<p>Tuk\u0161o konteineru uzglab\u0101\u0161ana<br \/>\nPiekrauto konteineru uzglab\u0101\u0161ana<br \/>\nB\u012bstamo kravu konteineru uzglab\u0101\u0161ana<br \/>\nTransporta konteineru iekrau\u0161ana<br \/>\nTransporta konteineru izkrau\u0161ana<br \/>\nTransportl\u012bdzek\u013cu iekrau\u0161ana konteineros<br \/>\nTvert\u0146u konteineru elektrisk\u0101 un tvaika apkure<br \/>\nTransporta konteineru t\u012br\u012b\u0161ana un remonts<br \/>\nB\u012bstamo kravu p\u0101rvad\u0101\u0161anas konteineru mar\u0137\u0113\u0161ana un eti\u0137e\u0161u no\u0146em\u0161ana<br \/>\nP\u0101rvad\u0101jumu konteineru neitraliz\u0101cija<\/p>\n<p>P\u0101rvad\u0101\u0161anai parasti izmantojam <a href=\"https:\/\/www.miil.ee\/lv\/pakalpojumi\/celtnis\/\">celtnis<\/a> vai <a href=\"https:\/\/www.miil.ee\/lv\/pakalpojumi\/sanu-iekraveji-sideloader\/\">s\u0101nu iekr\u0101v\u0113ju.<\/a><br \/>\nM\u0113s izmantojam <a href=\"https:\/\/www.miil.ee\/lv\/pakalpojumi\/ram-pasizgazejs\/\">RAM backloader<\/a>, lai aptvertu vissare\u017e\u0123\u012bt\u0101k\u0101s vietas.<\/p>\n<p>Sekojiet mums <a href=\"https:\/\/www.facebook.com\/konteinerveod\/\">Facebook<\/a> vai <a href=\"https:\/\/www.instagram.com\/ou_miil\/\">Instagram.<\/a><\/p>\n<\/div><\/div><\/div><\/div><\/div><\/div><div class=\"g-cols wpb_row via_flex valign_top type_default stacking_default\"><div class=\"vc_col-sm-12 wpb_column vc_column_container\"><div class=\"vc_column-inner\"><div class=\"wpb_wrapper\"><div class=\"w-grid type_grid layout_212\" id=\"us_grid_1\" style=\"--gap:1rem;\" data-filterable=\"true\"><style>.layout_212 .w-grid-item-h{}<\/style><div class=\"w-grid-list\">\t<article class=\"w-grid-item size_1x1 post-79634 attachment type-attachment status-inherit hentry\" data-id=\"79634\">\r\n\t\t<div class=\"w-grid-item-h\">\r\n\t\t\t\t\t\t<div class=\"w-post-elm post_image usg_post_image_1 stretched\"><a href=\"https:\/\/miil.dev.almic.ee\/lv\/pakalpojumi\/konteineru-apkure\/428497334_921271690000863_5261727258647078388_n\/\" aria-label=\"428497334_921271690000863_5261727258647078388_n\"><img loading=\"lazy\" decoding=\"async\" width=\"1373\" height=\"1373\" src=\"https:\/\/miil.dev.almic.ee\/wp-content\/uploads\/2024\/11\/428497334_921271690000863_5261727258647078388_n.jpg\" class=\"attachment-full size-full\" alt=\"\" srcset=\"https:\/\/miil.dev.almic.ee\/wp-content\/uploads\/2024\/11\/428497334_921271690000863_5261727258647078388_n.jpg 1373w, https:\/\/miil.dev.almic.ee\/wp-content\/uploads\/2024\/11\/428497334_921271690000863_5261727258647078388_n-300x300.jpg 300w, https:\/\/miil.dev.almic.ee\/wp-content\/uploads\/2024\/11\/428497334_921271690000863_5261727258647078388_n-1024x1024.jpg 1024w, https:\/\/miil.dev.almic.ee\/wp-content\/uploads\/2024\/11\/428497334_921271690000863_5261727258647078388_n-150x150.jpg 150w, https:\/\/miil.dev.almic.ee\/wp-content\/uploads\/2024\/11\/428497334_921271690000863_5261727258647078388_n-600x600.jpg 600w\" sizes=\"auto, (max-width: 1373px) 100vw, 1373px\" \/><\/a><\/div>\t\t<\/div>\r\n\t\t\t<\/article>\r\n\t<article class=\"w-grid-item size_1x1 post-79639 attachment type-attachment status-inherit hentry\" data-id=\"79639\">\r\n\t\t<div class=\"w-grid-item-h\">\r\n\t\t\t\t\t\t<div class=\"w-post-elm post_image usg_post_image_1 stretched\"><a href=\"https:\/\/miil.dev.almic.ee\/lv\/pakalpojumi\/konteineru-apkure\/448307993_1000842455377119_6184463304274769904_n\/\" aria-label=\"448307993_1000842455377119_6184463304274769904_n\"><img loading=\"lazy\" decoding=\"async\" width=\"1440\" height=\"1300\" src=\"https:\/\/miil.dev.almic.ee\/wp-content\/uploads\/2024\/11\/448307993_1000842455377119_6184463304274769904_n.jpg\" class=\"attachment-full size-full\" alt=\"\" srcset=\"https:\/\/miil.dev.almic.ee\/wp-content\/uploads\/2024\/11\/448307993_1000842455377119_6184463304274769904_n.jpg 1440w, https:\/\/miil.dev.almic.ee\/wp-content\/uploads\/2024\/11\/448307993_1000842455377119_6184463304274769904_n-300x271.jpg 300w, https:\/\/miil.dev.almic.ee\/wp-content\/uploads\/2024\/11\/448307993_1000842455377119_6184463304274769904_n-1024x924.jpg 1024w, https:\/\/miil.dev.almic.ee\/wp-content\/uploads\/2024\/11\/448307993_1000842455377119_6184463304274769904_n-600x542.jpg 600w\" sizes=\"auto, (max-width: 1440px) 100vw, 1440px\" \/><\/a><\/div>\t\t<\/div>\r\n\t\t\t<\/article>\r\n\t<article class=\"w-grid-item size_1x1 post-79644 attachment type-attachment status-inherit hentry\" data-id=\"79644\">\r\n\t\t<div class=\"w-grid-item-h\">\r\n\t\t\t\t\t\t<div class=\"w-post-elm post_image usg_post_image_1 stretched\"><a href=\"https:\/\/miil.dev.almic.ee\/lv\/pakalpojumi\/konteineru-apkure\/screenshot-2024-11-15-161915\/\" aria-label=\"Screenshot 2024-11-15 161915\"><img loading=\"lazy\" decoding=\"async\" width=\"1222\" height=\"1217\" src=\"https:\/\/miil.dev.almic.ee\/wp-content\/uploads\/2024\/11\/Screenshot-2024-11-15-161915.png\" class=\"attachment-full size-full\" alt=\"\" srcset=\"https:\/\/miil.dev.almic.ee\/wp-content\/uploads\/2024\/11\/Screenshot-2024-11-15-161915.png 1222w, https:\/\/miil.dev.almic.ee\/wp-content\/uploads\/2024\/11\/Screenshot-2024-11-15-161915-300x300.png 300w, https:\/\/miil.dev.almic.ee\/wp-content\/uploads\/2024\/11\/Screenshot-2024-11-15-161915-1024x1020.png 1024w, https:\/\/miil.dev.almic.ee\/wp-content\/uploads\/2024\/11\/Screenshot-2024-11-15-161915-150x150.png 150w, https:\/\/miil.dev.almic.ee\/wp-content\/uploads\/2024\/11\/Screenshot-2024-11-15-161915-600x598.png 600w\" sizes=\"auto, (max-width: 1222px) 100vw, 1222px\" \/><\/a><\/div>\t\t<\/div>\r\n\t\t\t<\/article>\r\n\t<article class=\"w-grid-item size_1x1 post-79649 attachment type-attachment status-inherit hentry\" data-id=\"79649\">\r\n\t\t<div class=\"w-grid-item-h\">\r\n\t\t\t\t\t\t<div class=\"w-post-elm post_image usg_post_image_1 stretched\"><a href=\"https:\/\/miil.dev.almic.ee\/lv\/pakalpojumi\/konteineru-apkure\/screenshot-2024-11-15-161952\/\" aria-label=\"Screenshot 2024-11-15 161952\"><img loading=\"lazy\" decoding=\"async\" width=\"1222\" height=\"985\" src=\"https:\/\/miil.dev.almic.ee\/wp-content\/uploads\/2024\/11\/Screenshot-2024-11-15-161952.png\" class=\"attachment-full size-full\" alt=\"\" srcset=\"https:\/\/miil.dev.almic.ee\/wp-content\/uploads\/2024\/11\/Screenshot-2024-11-15-161952.png 1222w, https:\/\/miil.dev.almic.ee\/wp-content\/uploads\/2024\/11\/Screenshot-2024-11-15-161952-300x242.png 300w, https:\/\/miil.dev.almic.ee\/wp-content\/uploads\/2024\/11\/Screenshot-2024-11-15-161952-1024x825.png 1024w, https:\/\/miil.dev.almic.ee\/wp-content\/uploads\/2024\/11\/Screenshot-2024-11-15-161952-600x484.png 600w\" sizes=\"auto, (max-width: 1222px) 100vw, 1222px\" \/><\/a><\/div>\t\t<\/div>\r\n\t\t\t<\/article>\r\n<\/div><div class=\"w-grid-preloader\">\t<div class=\"g-preloader type_1\">\r\n\t\t<div><\/div>\r\n\t<\/div>\r\n\t<\/div>\t<div class=\"w-grid-json hidden\" onclick='return {&quot;action&quot;:&quot;us_ajax_grid&quot;,&quot;infinite_scroll&quot;:0,&quot;max_num_pages&quot;:1,&quot;pagination&quot;:&quot;none&quot;,&quot;template_vars&quot;:{&quot;columns&quot;:&quot;1&quot;,&quot;exclude_items&quot;:&quot;none&quot;,&quot;img_size&quot;:&quot;full&quot;,&quot;ignore_items_size&quot;:0,&quot;items_layout&quot;:&quot;212&quot;,&quot;items_offset&quot;:&quot;1&quot;,&quot;load_animation&quot;:&quot;none&quot;,&quot;overriding_link&quot;:&quot;%7B%22url%22%3A%22%22%7D&quot;,&quot;post_id&quot;:0,&quot;query_args&quot;:{&quot;post_type&quot;:[&quot;attachment&quot;],&quot;post__in&quot;:[&quot;1199&quot;,&quot;1204&quot;,&quot;79634&quot;,&quot;79639&quot;,&quot;79644&quot;,&quot;79649&quot;],&quot;post_status&quot;:&quot;inherit&quot;,&quot;post_mime_type&quot;:&quot;image&quot;,&quot;posts_per_page&quot;:999},&quot;orderby_query_args&quot;:{&quot;orderby&quot;:{&quot;post__in&quot;:&quot;ASC&quot;},&quot;order&quot;:&quot;ASC&quot;},&quot;type&quot;:&quot;grid&quot;,&quot;us_grid_post_type&quot;:&quot;attachment&quot;,&quot;us_grid_ajax_index&quot;:1,&quot;us_grid_filter_query_string&quot;:null,&quot;us_grid_index&quot;:1,&quot;page_args&quot;:[],&quot;lang&quot;:&quot;lv&quot;}}'><\/div>\r\n\t<\/div><\/div><\/div><\/div><\/div><\/div><\/div><\/div><\/div><\/div><\/section>\n","protected":false},"excerpt":{"rendered":"","protected":false},"author":1,"featured_media":51879,"parent":1589,"menu_order":0,"comment_status":"closed","ping_status":"closed","template":"","meta":{"_acf_changed":false,"footnotes":""},"class_list":["post-1325","page","type-page","status-publish","has-post-thumbnail","hentry"],"acf":[],"yoast_head":"<!-- This site is optimized with the Yoast SEO Premium plugin v23.9 (Yoast SEO v27.5) - https:\/\/yoast.com\/product\/yoast-seo-premium-wordpress\/ -->\n<title>Termin\u0101\u013ca pakalpojums - Miil O\u00dc<\/title>\n<meta name=\"description\" content=\"Konteineru termin\u0101lis un pakalpojumi pie O\u00dc &quot;Miil&quot;. Glab\u0101\u0161ana, iekrau\u0161ana, remonts u.c. Sazinieties ar mums! | Termin\u0101\u013ca pakalpojums\" \/>\n<meta name=\"robots\" content=\"index, follow, max-snippet:-1, max-image-preview:large, max-video-preview:-1\" \/>\n<link rel=\"canonical\" href=\"https:\/\/miil.dev.almic.ee\/lv\/pakalpojumi\/konteineru-apkure\/\" \/>\n<meta property=\"og:locale\" content=\"lv_LV\" \/>\n<meta property=\"og:type\" content=\"article\" \/>\n<meta property=\"og:title\" content=\"Termin\u0101\u013ca pakalpojums\" \/>\n<meta property=\"og:description\" content=\"Konteineru termin\u0101lis un pakalpojumi pie O\u00dc &quot;Miil&quot;. Glab\u0101\u0161ana, iekrau\u0161ana, remonts u.c. Sazinieties ar mums! | Termin\u0101\u013ca pakalpojums\" \/>\n<meta property=\"og:url\" content=\"https:\/\/miil.dev.almic.ee\/lv\/pakalpojumi\/konteineru-apkure\/\" \/>\n<meta property=\"og:site_name\" content=\"Miil O\u00dc\" \/>\n<meta property=\"article:publisher\" content=\"https:\/\/www.facebook.com\/konteinerveod\/\" \/>\n<meta property=\"article:modified_time\" content=\"2024-11-15T14:23:17+00:00\" \/>\n<meta property=\"og:image\" content=\"https:\/\/miil.dev.almic.ee\/wp-content\/uploads\/2023\/11\/konteinerterminal.jpg\" \/>\n\t<meta property=\"og:image:width\" content=\"904\" \/>\n\t<meta property=\"og:image:height\" content=\"864\" \/>\n\t<meta property=\"og:image:type\" content=\"image\/jpeg\" \/>\n<meta name=\"twitter:card\" content=\"summary_large_image\" \/>\n<meta name=\"twitter:label1\" content=\"Est. reading time\" \/>\n\t<meta name=\"twitter:data1\" content=\"3 minutes\" \/>\n<script type=\"application\/ld+json\" class=\"yoast-schema-graph\">{\"@context\":\"https:\\\/\\\/schema.org\",\"@graph\":[{\"@type\":\"WebPage\",\"@id\":\"https:\\\/\\\/miil.dev.almic.ee\\\/lv\\\/pakalpojumi\\\/konteineru-apkure\\\/\",\"url\":\"https:\\\/\\\/miil.dev.almic.ee\\\/lv\\\/pakalpojumi\\\/konteineru-apkure\\\/\",\"name\":\"Termin\u0101\u013ca pakalpojums - Miil O\u00dc\",\"isPartOf\":{\"@id\":\"https:\\\/\\\/miil.dev.almic.ee\\\/#website\"},\"primaryImageOfPage\":{\"@id\":\"https:\\\/\\\/miil.dev.almic.ee\\\/lv\\\/pakalpojumi\\\/konteineru-apkure\\\/#primaryimage\"},\"image\":{\"@id\":\"https:\\\/\\\/miil.dev.almic.ee\\\/lv\\\/pakalpojumi\\\/konteineru-apkure\\\/#primaryimage\"},\"thumbnailUrl\":\"https:\\\/\\\/miil.dev.almic.ee\\\/wp-content\\\/uploads\\\/2023\\\/11\\\/konteinerterminal.jpg\",\"datePublished\":\"2022-04-11T17:39:38+00:00\",\"dateModified\":\"2024-11-15T14:23:17+00:00\",\"description\":\"Konteineru termin\u0101lis un pakalpojumi pie O\u00dc \\\"Miil\\\". Glab\u0101\u0161ana, iekrau\u0161ana, remonts u.c. Sazinieties ar mums! | Termin\u0101\u013ca pakalpojums\",\"breadcrumb\":{\"@id\":\"https:\\\/\\\/miil.dev.almic.ee\\\/lv\\\/pakalpojumi\\\/konteineru-apkure\\\/#breadcrumb\"},\"inLanguage\":\"lv-LV\",\"potentialAction\":[{\"@type\":\"ReadAction\",\"target\":[\"https:\\\/\\\/miil.dev.almic.ee\\\/lv\\\/pakalpojumi\\\/konteineru-apkure\\\/\"]}]},{\"@type\":\"ImageObject\",\"inLanguage\":\"lv-LV\",\"@id\":\"https:\\\/\\\/miil.dev.almic.ee\\\/lv\\\/pakalpojumi\\\/konteineru-apkure\\\/#primaryimage\",\"url\":\"https:\\\/\\\/miil.dev.almic.ee\\\/wp-content\\\/uploads\\\/2023\\\/11\\\/konteinerterminal.jpg\",\"contentUrl\":\"https:\\\/\\\/miil.dev.almic.ee\\\/wp-content\\\/uploads\\\/2023\\\/11\\\/konteinerterminal.jpg\",\"width\":904,\"height\":864,\"caption\":\"Konteinerterminal\"},{\"@type\":\"BreadcrumbList\",\"@id\":\"https:\\\/\\\/miil.dev.almic.ee\\\/lv\\\/pakalpojumi\\\/konteineru-apkure\\\/#breadcrumb\",\"itemListElement\":[{\"@type\":\"ListItem\",\"position\":1,\"name\":\"Home\",\"item\":\"https:\\\/\\\/miil.dev.almic.ee\\\/lv\\\/\"},{\"@type\":\"ListItem\",\"position\":2,\"name\":\"Pakalpojumi\",\"item\":\"https:\\\/\\\/miil.dev.almic.ee\\\/lv\\\/pakalpojumi\\\/\"},{\"@type\":\"ListItem\",\"position\":3,\"name\":\"Termin\u0101\u013ca pakalpojums\"}]},{\"@type\":\"WebSite\",\"@id\":\"https:\\\/\\\/miil.dev.almic.ee\\\/#website\",\"url\":\"https:\\\/\\\/miil.dev.almic.ee\\\/\",\"name\":\"Miil O\u00dc\",\"description\":\"Konteinerveod\",\"publisher\":{\"@id\":\"https:\\\/\\\/miil.dev.almic.ee\\\/#organization\"},\"potentialAction\":[{\"@type\":\"SearchAction\",\"target\":{\"@type\":\"EntryPoint\",\"urlTemplate\":\"https:\\\/\\\/miil.dev.almic.ee\\\/?s={search_term_string}\"},\"query-input\":{\"@type\":\"PropertyValueSpecification\",\"valueRequired\":true,\"valueName\":\"search_term_string\"}}],\"inLanguage\":\"lv-LV\"},{\"@type\":\"Organization\",\"@id\":\"https:\\\/\\\/miil.dev.almic.ee\\\/#organization\",\"name\":\"Miil O\u00dc\",\"url\":\"https:\\\/\\\/miil.dev.almic.ee\\\/\",\"logo\":{\"@type\":\"ImageObject\",\"inLanguage\":\"lv-LV\",\"@id\":\"https:\\\/\\\/miil.dev.almic.ee\\\/#\\\/schema\\\/logo\\\/image\\\/\",\"url\":\"https:\\\/\\\/www.miil.ee\\\/wp-content\\\/uploads\\\/2022\\\/02\\\/Miil-logo.svg\",\"contentUrl\":\"https:\\\/\\\/www.miil.ee\\\/wp-content\\\/uploads\\\/2022\\\/02\\\/Miil-logo.svg\",\"width\":\"1024\",\"height\":\"1024\",\"caption\":\"Miil O\u00dc\"},\"image\":{\"@id\":\"https:\\\/\\\/miil.dev.almic.ee\\\/#\\\/schema\\\/logo\\\/image\\\/\"},\"sameAs\":[\"https:\\\/\\\/www.facebook.com\\\/konteinerveod\\\/\",\"https:\\\/\\\/www.instagram.com\\\/ou_miil\\\/\"]}]}<\/script>\n<!-- \/ Yoast SEO Premium plugin. -->","yoast_head_json":{"title":"Termin\u0101\u013ca pakalpojums - Miil O\u00dc","description":"Konteineru termin\u0101lis un pakalpojumi pie O\u00dc \"Miil\". Glab\u0101\u0161ana, iekrau\u0161ana, remonts u.c. Sazinieties ar mums! | Termin\u0101\u013ca pakalpojums","robots":{"index":"index","follow":"follow","max-snippet":"max-snippet:-1","max-image-preview":"max-image-preview:large","max-video-preview":"max-video-preview:-1"},"canonical":"https:\/\/miil.dev.almic.ee\/lv\/pakalpojumi\/konteineru-apkure\/","og_locale":"lv_LV","og_type":"article","og_title":"Termin\u0101\u013ca pakalpojums","og_description":"Konteineru termin\u0101lis un pakalpojumi pie O\u00dc \"Miil\". Glab\u0101\u0161ana, iekrau\u0161ana, remonts u.c. Sazinieties ar mums! | Termin\u0101\u013ca pakalpojums","og_url":"https:\/\/miil.dev.almic.ee\/lv\/pakalpojumi\/konteineru-apkure\/","og_site_name":"Miil O\u00dc","article_publisher":"https:\/\/www.facebook.com\/konteinerveod\/","article_modified_time":"2024-11-15T14:23:17+00:00","og_image":[{"width":904,"height":864,"url":"https:\/\/miil.dev.almic.ee\/wp-content\/uploads\/2023\/11\/konteinerterminal.jpg","type":"image\/jpeg"}],"twitter_card":"summary_large_image","twitter_misc":{"Est. reading time":"3 minutes"},"schema":{"@context":"https:\/\/schema.org","@graph":[{"@type":"WebPage","@id":"https:\/\/miil.dev.almic.ee\/lv\/pakalpojumi\/konteineru-apkure\/","url":"https:\/\/miil.dev.almic.ee\/lv\/pakalpojumi\/konteineru-apkure\/","name":"Termin\u0101\u013ca pakalpojums - Miil O\u00dc","isPartOf":{"@id":"https:\/\/miil.dev.almic.ee\/#website"},"primaryImageOfPage":{"@id":"https:\/\/miil.dev.almic.ee\/lv\/pakalpojumi\/konteineru-apkure\/#primaryimage"},"image":{"@id":"https:\/\/miil.dev.almic.ee\/lv\/pakalpojumi\/konteineru-apkure\/#primaryimage"},"thumbnailUrl":"https:\/\/miil.dev.almic.ee\/wp-content\/uploads\/2023\/11\/konteinerterminal.jpg","datePublished":"2022-04-11T17:39:38+00:00","dateModified":"2024-11-15T14:23:17+00:00","description":"Konteineru termin\u0101lis un pakalpojumi pie O\u00dc \"Miil\". Glab\u0101\u0161ana, iekrau\u0161ana, remonts u.c. Sazinieties ar mums! | Termin\u0101\u013ca pakalpojums","breadcrumb":{"@id":"https:\/\/miil.dev.almic.ee\/lv\/pakalpojumi\/konteineru-apkure\/#breadcrumb"},"inLanguage":"lv-LV","potentialAction":[{"@type":"ReadAction","target":["https:\/\/miil.dev.almic.ee\/lv\/pakalpojumi\/konteineru-apkure\/"]}]},{"@type":"ImageObject","inLanguage":"lv-LV","@id":"https:\/\/miil.dev.almic.ee\/lv\/pakalpojumi\/konteineru-apkure\/#primaryimage","url":"https:\/\/miil.dev.almic.ee\/wp-content\/uploads\/2023\/11\/konteinerterminal.jpg","contentUrl":"https:\/\/miil.dev.almic.ee\/wp-content\/uploads\/2023\/11\/konteinerterminal.jpg","width":904,"height":864,"caption":"Konteinerterminal"},{"@type":"BreadcrumbList","@id":"https:\/\/miil.dev.almic.ee\/lv\/pakalpojumi\/konteineru-apkure\/#breadcrumb","itemListElement":[{"@type":"ListItem","position":1,"name":"Home","item":"https:\/\/miil.dev.almic.ee\/lv\/"},{"@type":"ListItem","position":2,"name":"Pakalpojumi","item":"https:\/\/miil.dev.almic.ee\/lv\/pakalpojumi\/"},{"@type":"ListItem","position":3,"name":"Termin\u0101\u013ca pakalpojums"}]},{"@type":"WebSite","@id":"https:\/\/miil.dev.almic.ee\/#website","url":"https:\/\/miil.dev.almic.ee\/","name":"Miil O\u00dc","description":"Konteinerveod","publisher":{"@id":"https:\/\/miil.dev.almic.ee\/#organization"},"potentialAction":[{"@type":"SearchAction","target":{"@type":"EntryPoint","urlTemplate":"https:\/\/miil.dev.almic.ee\/?s={search_term_string}"},"query-input":{"@type":"PropertyValueSpecification","valueRequired":true,"valueName":"search_term_string"}}],"inLanguage":"lv-LV"},{"@type":"Organization","@id":"https:\/\/miil.dev.almic.ee\/#organization","name":"Miil O\u00dc","url":"https:\/\/miil.dev.almic.ee\/","logo":{"@type":"ImageObject","inLanguage":"lv-LV","@id":"https:\/\/miil.dev.almic.ee\/#\/schema\/logo\/image\/","url":"https:\/\/www.miil.ee\/wp-content\/uploads\/2022\/02\/Miil-logo.svg","contentUrl":"https:\/\/www.miil.ee\/wp-content\/uploads\/2022\/02\/Miil-logo.svg","width":"1024","height":"1024","caption":"Miil O\u00dc"},"image":{"@id":"https:\/\/miil.dev.almic.ee\/#\/schema\/logo\/image\/"},"sameAs":["https:\/\/www.facebook.com\/konteinerveod\/","https:\/\/www.instagram.com\/ou_miil\/"]}]}},"_links":{"self":[{"href":"https:\/\/miil.dev.almic.ee\/lv\/wp-json\/wp\/v2\/pages\/1325","targetHints":{"allow":["GET"]}}],"collection":[{"href":"https:\/\/miil.dev.almic.ee\/lv\/wp-json\/wp\/v2\/pages"}],"about":[{"href":"https:\/\/miil.dev.almic.ee\/lv\/wp-json\/wp\/v2\/types\/page"}],"author":[{"embeddable":true,"href":"https:\/\/miil.dev.almic.ee\/lv\/wp-json\/wp\/v2\/users\/1"}],"replies":[{"embeddable":true,"href":"https:\/\/miil.dev.almic.ee\/lv\/wp-json\/wp\/v2\/comments?post=1325"}],"version-history":[{"count":0,"href":"https:\/\/miil.dev.almic.ee\/lv\/wp-json\/wp\/v2\/pages\/1325\/revisions"}],"up":[{"embeddable":true,"href":"https:\/\/miil.dev.almic.ee\/lv\/wp-json\/wp\/v2\/pages\/1589"}],"wp:featuredmedia":[{"embeddable":true,"href":"https:\/\/miil.dev.almic.ee\/lv\/wp-json\/wp\/v2\/media\/51879"}],"wp:attachment":[{"href":"https:\/\/miil.dev.almic.ee\/lv\/wp-json\/wp\/v2\/media?parent=1325"}],"curies":[{"name":"wp","href":"https:\/\/api.w.org\/{rel}","templated":true}]}}