{"id":1310,"date":"2022-04-11T20:34:47","date_gmt":"2022-04-11T17:34:47","guid":{"rendered":"https:\/\/www.miil.ee\/backloaders\/"},"modified":"2024-11-15T11:05:46","modified_gmt":"2024-11-15T09:05:46","slug":"backloaders","status":"publish","type":"page","link":"https:\/\/miil.dev.almic.ee\/lv\/pakalpojumi\/backloaders\/","title":{"rendered":"Konteineru pa\u0161izg\u0101z\u0113ji (backloader)"},"content":{"rendered":"<section class=\"l-section wpb_row height_medium\"><div class=\"l-section-h i-cf\"><div class=\"g-cols vc_row via_flex valign_top type_default stacking_default\"><div class=\"vc_col-sm-12 wpb_column vc_column_container\"><div class=\"vc_column-inner\"><div class=\"wpb_wrapper\"><div class=\"g-cols wpb_row via_flex valign_top type_default stacking_default\"><div class=\"vc_col-sm-6 wpb_column vc_column_container\"><div class=\"vc_column-inner\"><div class=\"wpb_wrapper\"><div class=\"wpb_text_column\"><div class=\"wpb_wrapper\"><p>O\u00dc \u201cMiil\u201d saviem klientiem pied\u0101v\u0101 inovat\u012bvus un unik\u0101lus risin\u0101jumus. Kop\u0161 2000. gadu s\u0101kuma varam vertik\u0101li iekraut 20 p\u0113du (6 metru) konteinerus, tos tuk\u0161us sasv\u0113rt un ar\u012b novietot aiz automa\u0161\u012bnas, l\u012bdz\u012bgi k\u0101 multilift risin\u0101jumos. To var \u012bstenot ar \u012bpa\u0161as tehnikas pal\u012bdz\u012bbu, k\u0101das nav nevienam citam uz\u0146\u0113mumam nedz Igaunij\u0101, nedz Latvij\u0101 un Lietuv\u0101. Konteineru pa\u0161izg\u0101z\u0113ji (backloader) sp\u0113j novietot konteinerus vertik\u0101l\u0101 st\u0101vokl\u012b un uz kravas automa\u0161\u012bnas uzcelt gan vertik\u0101li st\u0101vo\u0161us, gan zem\u0113 eso\u0161us konteinerus, kuru svars sniedzas l\u012bdz 25 000 kg.<\/p>\n<\/div><\/div><\/div><\/div><\/div><div class=\"vc_col-sm-6 wpb_column vc_column_container\"><div class=\"vc_column-inner\"><div class=\"wpb_wrapper\"><div class=\"w-image align_none\"><div class=\"w-image-h\"><img decoding=\"async\" width=\"752\" height=\"506\" src=\"https:\/\/miil.dev.almic.ee\/wp-content\/uploads\/2022\/04\/Miil-backloaders-1.jpg\" class=\"attachment-full size-full\" alt=\"\" loading=\"lazy\" srcset=\"https:\/\/miil.dev.almic.ee\/wp-content\/uploads\/2022\/04\/Miil-backloaders-1.jpg 752w, https:\/\/miil.dev.almic.ee\/wp-content\/uploads\/2022\/04\/Miil-backloaders-1-600x404.jpg 600w, https:\/\/miil.dev.almic.ee\/wp-content\/uploads\/2022\/04\/Miil-backloaders-1-300x202.jpg 300w\" sizes=\"auto, (max-width: 752px) 100vw, 752px\" \/><\/div><\/div><\/div><\/div><\/div><\/div><div class=\"g-cols wpb_row via_flex valign_top type_default stacking_default\"><div class=\"vc_col-sm-6 wpb_column vc_column_container\"><div class=\"vc_column-inner\"><div class=\"wpb_wrapper\"><div class=\"wpb_text_column\"><div class=\"wpb_wrapper\"><h2>Pacelt konteinerus vertik\u0101li ar Konteineru pa\u0161izg\u0101z\u0113ji (backloader) vai t\u0101 viet\u0101 izmantot s\u0101nu iekr\u0101v\u0113ju (sideloader)?<\/h2>\n<p>Atkar\u012bb\u0101 no situ\u0101cijas, bie\u017ei vien konteineri nav j\u0101ce\u013c uz aug\u0161u, da\u017ereiz tie vienk\u0101r\u0161i j\u0101pace\u013c uz zemes horizont\u0101li. \u0160im nol\u016bkam mums ir vair\u0101ki <a href=\"https:\/\/www.miil.ee\/lv\/pakalpojumi\/sanu-iekraveji-sideloader\/\">s\u0101nu iekr\u0101v\u0113ji<\/a>. S\u0101nu iekr\u0101v\u0113ji var celt l\u012bdz 32 000 kg.<\/p>\n<p>Sekojiet mums <a href=\"https:\/\/www.facebook.com\/konteinerveod\/\">Facebook<\/a> vai <a href=\"https:\/\/www.instagram.com\/ou_miil\/\">Instagram.<\/a><\/p>\n<\/div><\/div><\/div><\/div><\/div><div class=\"vc_col-sm-6 wpb_column vc_column_container\"><div class=\"vc_column-inner\"><div class=\"wpb_wrapper\"><div class=\"w-image align_none\"><a ref=\"magnificPopup\" href=\"https:\/\/miil.dev.almic.ee\/wp-content\/uploads\/2022\/04\/Backloader.jpg\" aria-label=\"Backloader\" class=\"w-image-h\"><img decoding=\"async\" width=\"1900\" height=\"1545\" src=\"https:\/\/miil.dev.almic.ee\/wp-content\/uploads\/2022\/04\/Backloader.jpg\" class=\"attachment-full size-full\" alt=\"\" loading=\"lazy\" srcset=\"https:\/\/miil.dev.almic.ee\/wp-content\/uploads\/2022\/04\/Backloader.jpg 1900w, https:\/\/miil.dev.almic.ee\/wp-content\/uploads\/2022\/04\/Backloader-600x488.jpg 600w, https:\/\/miil.dev.almic.ee\/wp-content\/uploads\/2022\/04\/Backloader-300x244.jpg 300w, https:\/\/miil.dev.almic.ee\/wp-content\/uploads\/2022\/04\/Backloader-1024x833.jpg 1024w\" sizes=\"auto, (max-width: 1900px) 100vw, 1900px\" \/><\/a><\/div><\/div><\/div><\/div><\/div><\/div><\/div><\/div><\/div><\/div><\/section>\n","protected":false},"excerpt":{"rendered":"O\u00dc \u201cMiil\u201d saviem klientiem pied\u0101v\u0101 inovat\u012bvus un unik\u0101lus risin\u0101jumus. Kop\u0161 2000. gadu s\u0101kuma varam vertik\u0101li iekraut 20 p\u0113du (6 metru) konteinerus, tos tuk\u0161us sasv\u0113rt un ar\u012b novietot aiz automa\u0161\u012bnas, l\u012bdz\u012bgi k\u0101 multilift risin\u0101jumos. To var \u012bstenot ar \u012bpa\u0161as tehnikas pal\u012bdz\u012bbu, k\u0101das nav nevienam citam uz\u0146\u0113mumam nedz Igaunij\u0101, nedz Latvij\u0101 un Lietuv\u0101. Konteineru pa\u0161izg\u0101z\u0113ji (backloader) sp\u0113j...","protected":false},"author":1,"featured_media":75626,"parent":1589,"menu_order":0,"comment_status":"closed","ping_status":"closed","template":"","meta":{"_acf_changed":false,"footnotes":""},"class_list":["post-1310","page","type-page","status-publish","has-post-thumbnail","hentry"],"acf":[],"yoast_head":"<!-- This site is optimized with the Yoast SEO Premium plugin v23.9 (Yoast SEO v27.5) - https:\/\/yoast.com\/product\/yoast-seo-premium-wordpress\/ -->\n<title>Konteineru pa\u0161izg\u0101z\u0113ji (backloader) - Miil O\u00dc<\/title>\n<meta name=\"description\" content=\"Konteineru pa\u0161izg\u0101z\u0113ji | Backloader | Sideloader | Konteineru transports | Konteineru tirdzniec\u012bba | Konteineru noma | Izol\u0113tas kaj\u012btes |\" \/>\n<meta name=\"robots\" content=\"index, follow, max-snippet:-1, max-image-preview:large, max-video-preview:-1\" \/>\n<link rel=\"canonical\" href=\"https:\/\/miil.dev.almic.ee\/lv\/pakalpojumi\/backloaders\/\" \/>\n<meta property=\"og:locale\" content=\"lv_LV\" \/>\n<meta property=\"og:type\" content=\"article\" \/>\n<meta property=\"og:title\" content=\"Konteineru pa\u0161izg\u0101z\u0113ji (backloader)\" \/>\n<meta property=\"og:description\" content=\"Konteineru pa\u0161izg\u0101z\u0113ji | Backloader | Sideloader | Konteineru transports | Konteineru tirdzniec\u012bba | Konteineru noma | Izol\u0113tas kaj\u012btes |\" \/>\n<meta property=\"og:url\" content=\"https:\/\/miil.dev.almic.ee\/lv\/pakalpojumi\/backloaders\/\" \/>\n<meta property=\"og:site_name\" content=\"Miil O\u00dc\" \/>\n<meta property=\"article:publisher\" content=\"https:\/\/www.facebook.com\/konteinerveod\/\" \/>\n<meta property=\"article:modified_time\" content=\"2024-11-15T09:05:46+00:00\" \/>\n<meta property=\"og:image\" content=\"https:\/\/miil.dev.almic.ee\/wp-content\/uploads\/2024\/09\/Backloader-scaled.jpg\" \/>\n\t<meta property=\"og:image:width\" content=\"1900\" \/>\n\t<meta property=\"og:image:height\" content=\"1545\" \/>\n\t<meta property=\"og:image:type\" content=\"image\/jpeg\" \/>\n<meta name=\"twitter:card\" content=\"summary_large_image\" \/>\n<meta name=\"twitter:label1\" content=\"Est. reading time\" \/>\n\t<meta name=\"twitter:data1\" content=\"1 minute\" \/>\n<script type=\"application\/ld+json\" class=\"yoast-schema-graph\">{\"@context\":\"https:\\\/\\\/schema.org\",\"@graph\":[{\"@type\":\"WebPage\",\"@id\":\"https:\\\/\\\/miil.dev.almic.ee\\\/lv\\\/pakalpojumi\\\/backloaders\\\/\",\"url\":\"https:\\\/\\\/miil.dev.almic.ee\\\/lv\\\/pakalpojumi\\\/backloaders\\\/\",\"name\":\"Konteineru pa\u0161izg\u0101z\u0113ji (backloader) - Miil O\u00dc\",\"isPartOf\":{\"@id\":\"https:\\\/\\\/miil.dev.almic.ee\\\/#website\"},\"primaryImageOfPage\":{\"@id\":\"https:\\\/\\\/miil.dev.almic.ee\\\/lv\\\/pakalpojumi\\\/backloaders\\\/#primaryimage\"},\"image\":{\"@id\":\"https:\\\/\\\/miil.dev.almic.ee\\\/lv\\\/pakalpojumi\\\/backloaders\\\/#primaryimage\"},\"thumbnailUrl\":\"https:\\\/\\\/miil.dev.almic.ee\\\/wp-content\\\/uploads\\\/2024\\\/09\\\/Backloader-scaled.jpg\",\"datePublished\":\"2022-04-11T17:34:47+00:00\",\"dateModified\":\"2024-11-15T09:05:46+00:00\",\"description\":\"Konteineru pa\u0161izg\u0101z\u0113ji | Backloader | Sideloader | Konteineru transports | Konteineru tirdzniec\u012bba | Konteineru noma | Izol\u0113tas kaj\u012btes |\",\"breadcrumb\":{\"@id\":\"https:\\\/\\\/miil.dev.almic.ee\\\/lv\\\/pakalpojumi\\\/backloaders\\\/#breadcrumb\"},\"inLanguage\":\"lv-LV\",\"potentialAction\":[{\"@type\":\"ReadAction\",\"target\":[\"https:\\\/\\\/miil.dev.almic.ee\\\/lv\\\/pakalpojumi\\\/backloaders\\\/\"]}]},{\"@type\":\"ImageObject\",\"inLanguage\":\"lv-LV\",\"@id\":\"https:\\\/\\\/miil.dev.almic.ee\\\/lv\\\/pakalpojumi\\\/backloaders\\\/#primaryimage\",\"url\":\"https:\\\/\\\/miil.dev.almic.ee\\\/wp-content\\\/uploads\\\/2024\\\/09\\\/Backloader-scaled.jpg\",\"contentUrl\":\"https:\\\/\\\/miil.dev.almic.ee\\\/wp-content\\\/uploads\\\/2024\\\/09\\\/Backloader-scaled.jpg\",\"width\":1900,\"height\":1545},{\"@type\":\"BreadcrumbList\",\"@id\":\"https:\\\/\\\/miil.dev.almic.ee\\\/lv\\\/pakalpojumi\\\/backloaders\\\/#breadcrumb\",\"itemListElement\":[{\"@type\":\"ListItem\",\"position\":1,\"name\":\"Home\",\"item\":\"https:\\\/\\\/miil.dev.almic.ee\\\/lv\\\/\"},{\"@type\":\"ListItem\",\"position\":2,\"name\":\"Pakalpojumi\",\"item\":\"https:\\\/\\\/miil.dev.almic.ee\\\/lv\\\/pakalpojumi\\\/\"},{\"@type\":\"ListItem\",\"position\":3,\"name\":\"Konteineru pa\u0161izg\u0101z\u0113ji (backloader)\"}]},{\"@type\":\"WebSite\",\"@id\":\"https:\\\/\\\/miil.dev.almic.ee\\\/#website\",\"url\":\"https:\\\/\\\/miil.dev.almic.ee\\\/\",\"name\":\"Miil O\u00dc\",\"description\":\"Konteinerveod\",\"publisher\":{\"@id\":\"https:\\\/\\\/miil.dev.almic.ee\\\/#organization\"},\"potentialAction\":[{\"@type\":\"SearchAction\",\"target\":{\"@type\":\"EntryPoint\",\"urlTemplate\":\"https:\\\/\\\/miil.dev.almic.ee\\\/?s={search_term_string}\"},\"query-input\":{\"@type\":\"PropertyValueSpecification\",\"valueRequired\":true,\"valueName\":\"search_term_string\"}}],\"inLanguage\":\"lv-LV\"},{\"@type\":\"Organization\",\"@id\":\"https:\\\/\\\/miil.dev.almic.ee\\\/#organization\",\"name\":\"Miil O\u00dc\",\"url\":\"https:\\\/\\\/miil.dev.almic.ee\\\/\",\"logo\":{\"@type\":\"ImageObject\",\"inLanguage\":\"lv-LV\",\"@id\":\"https:\\\/\\\/miil.dev.almic.ee\\\/#\\\/schema\\\/logo\\\/image\\\/\",\"url\":\"https:\\\/\\\/www.miil.ee\\\/wp-content\\\/uploads\\\/2022\\\/02\\\/Miil-logo.svg\",\"contentUrl\":\"https:\\\/\\\/www.miil.ee\\\/wp-content\\\/uploads\\\/2022\\\/02\\\/Miil-logo.svg\",\"width\":\"1024\",\"height\":\"1024\",\"caption\":\"Miil O\u00dc\"},\"image\":{\"@id\":\"https:\\\/\\\/miil.dev.almic.ee\\\/#\\\/schema\\\/logo\\\/image\\\/\"},\"sameAs\":[\"https:\\\/\\\/www.facebook.com\\\/konteinerveod\\\/\",\"https:\\\/\\\/www.instagram.com\\\/ou_miil\\\/\"]}]}<\/script>\n<!-- \/ Yoast SEO Premium plugin. -->","yoast_head_json":{"title":"Konteineru pa\u0161izg\u0101z\u0113ji (backloader) - Miil O\u00dc","description":"Konteineru pa\u0161izg\u0101z\u0113ji | Backloader | Sideloader | Konteineru transports | Konteineru tirdzniec\u012bba | Konteineru noma | Izol\u0113tas kaj\u012btes |","robots":{"index":"index","follow":"follow","max-snippet":"max-snippet:-1","max-image-preview":"max-image-preview:large","max-video-preview":"max-video-preview:-1"},"canonical":"https:\/\/miil.dev.almic.ee\/lv\/pakalpojumi\/backloaders\/","og_locale":"lv_LV","og_type":"article","og_title":"Konteineru pa\u0161izg\u0101z\u0113ji (backloader)","og_description":"Konteineru pa\u0161izg\u0101z\u0113ji | Backloader | Sideloader | Konteineru transports | Konteineru tirdzniec\u012bba | Konteineru noma | Izol\u0113tas kaj\u012btes |","og_url":"https:\/\/miil.dev.almic.ee\/lv\/pakalpojumi\/backloaders\/","og_site_name":"Miil O\u00dc","article_publisher":"https:\/\/www.facebook.com\/konteinerveod\/","article_modified_time":"2024-11-15T09:05:46+00:00","og_image":[{"width":1900,"height":1545,"url":"https:\/\/miil.dev.almic.ee\/wp-content\/uploads\/2024\/09\/Backloader-scaled.jpg","type":"image\/jpeg"}],"twitter_card":"summary_large_image","twitter_misc":{"Est. reading time":"1 minute"},"schema":{"@context":"https:\/\/schema.org","@graph":[{"@type":"WebPage","@id":"https:\/\/miil.dev.almic.ee\/lv\/pakalpojumi\/backloaders\/","url":"https:\/\/miil.dev.almic.ee\/lv\/pakalpojumi\/backloaders\/","name":"Konteineru pa\u0161izg\u0101z\u0113ji (backloader) - Miil O\u00dc","isPartOf":{"@id":"https:\/\/miil.dev.almic.ee\/#website"},"primaryImageOfPage":{"@id":"https:\/\/miil.dev.almic.ee\/lv\/pakalpojumi\/backloaders\/#primaryimage"},"image":{"@id":"https:\/\/miil.dev.almic.ee\/lv\/pakalpojumi\/backloaders\/#primaryimage"},"thumbnailUrl":"https:\/\/miil.dev.almic.ee\/wp-content\/uploads\/2024\/09\/Backloader-scaled.jpg","datePublished":"2022-04-11T17:34:47+00:00","dateModified":"2024-11-15T09:05:46+00:00","description":"Konteineru pa\u0161izg\u0101z\u0113ji | Backloader | Sideloader | Konteineru transports | Konteineru tirdzniec\u012bba | Konteineru noma | Izol\u0113tas kaj\u012btes |","breadcrumb":{"@id":"https:\/\/miil.dev.almic.ee\/lv\/pakalpojumi\/backloaders\/#breadcrumb"},"inLanguage":"lv-LV","potentialAction":[{"@type":"ReadAction","target":["https:\/\/miil.dev.almic.ee\/lv\/pakalpojumi\/backloaders\/"]}]},{"@type":"ImageObject","inLanguage":"lv-LV","@id":"https:\/\/miil.dev.almic.ee\/lv\/pakalpojumi\/backloaders\/#primaryimage","url":"https:\/\/miil.dev.almic.ee\/wp-content\/uploads\/2024\/09\/Backloader-scaled.jpg","contentUrl":"https:\/\/miil.dev.almic.ee\/wp-content\/uploads\/2024\/09\/Backloader-scaled.jpg","width":1900,"height":1545},{"@type":"BreadcrumbList","@id":"https:\/\/miil.dev.almic.ee\/lv\/pakalpojumi\/backloaders\/#breadcrumb","itemListElement":[{"@type":"ListItem","position":1,"name":"Home","item":"https:\/\/miil.dev.almic.ee\/lv\/"},{"@type":"ListItem","position":2,"name":"Pakalpojumi","item":"https:\/\/miil.dev.almic.ee\/lv\/pakalpojumi\/"},{"@type":"ListItem","position":3,"name":"Konteineru pa\u0161izg\u0101z\u0113ji (backloader)"}]},{"@type":"WebSite","@id":"https:\/\/miil.dev.almic.ee\/#website","url":"https:\/\/miil.dev.almic.ee\/","name":"Miil O\u00dc","description":"Konteinerveod","publisher":{"@id":"https:\/\/miil.dev.almic.ee\/#organization"},"potentialAction":[{"@type":"SearchAction","target":{"@type":"EntryPoint","urlTemplate":"https:\/\/miil.dev.almic.ee\/?s={search_term_string}"},"query-input":{"@type":"PropertyValueSpecification","valueRequired":true,"valueName":"search_term_string"}}],"inLanguage":"lv-LV"},{"@type":"Organization","@id":"https:\/\/miil.dev.almic.ee\/#organization","name":"Miil O\u00dc","url":"https:\/\/miil.dev.almic.ee\/","logo":{"@type":"ImageObject","inLanguage":"lv-LV","@id":"https:\/\/miil.dev.almic.ee\/#\/schema\/logo\/image\/","url":"https:\/\/www.miil.ee\/wp-content\/uploads\/2022\/02\/Miil-logo.svg","contentUrl":"https:\/\/www.miil.ee\/wp-content\/uploads\/2022\/02\/Miil-logo.svg","width":"1024","height":"1024","caption":"Miil O\u00dc"},"image":{"@id":"https:\/\/miil.dev.almic.ee\/#\/schema\/logo\/image\/"},"sameAs":["https:\/\/www.facebook.com\/konteinerveod\/","https:\/\/www.instagram.com\/ou_miil\/"]}]}},"_links":{"self":[{"href":"https:\/\/miil.dev.almic.ee\/lv\/wp-json\/wp\/v2\/pages\/1310","targetHints":{"allow":["GET"]}}],"collection":[{"href":"https:\/\/miil.dev.almic.ee\/lv\/wp-json\/wp\/v2\/pages"}],"about":[{"href":"https:\/\/miil.dev.almic.ee\/lv\/wp-json\/wp\/v2\/types\/page"}],"author":[{"embeddable":true,"href":"https:\/\/miil.dev.almic.ee\/lv\/wp-json\/wp\/v2\/users\/1"}],"replies":[{"embeddable":true,"href":"https:\/\/miil.dev.almic.ee\/lv\/wp-json\/wp\/v2\/comments?post=1310"}],"version-history":[{"count":0,"href":"https:\/\/miil.dev.almic.ee\/lv\/wp-json\/wp\/v2\/pages\/1310\/revisions"}],"up":[{"embeddable":true,"href":"https:\/\/miil.dev.almic.ee\/lv\/wp-json\/wp\/v2\/pages\/1589"}],"wp:featuredmedia":[{"embeddable":true,"href":"https:\/\/miil.dev.almic.ee\/lv\/wp-json\/wp\/v2\/media\/75626"}],"wp:attachment":[{"href":"https:\/\/miil.dev.almic.ee\/lv\/wp-json\/wp\/v2\/media?parent=1310"}],"curies":[{"name":"wp","href":"https:\/\/api.w.org\/{rel}","templated":true}]}}