{"id":1301,"date":"2022-04-11T20:33:26","date_gmt":"2022-04-11T17:33:26","guid":{"rendered":"https:\/\/www.miil.ee\/sanu-iekraveji-sideloader\/"},"modified":"2024-11-15T10:44:43","modified_gmt":"2024-11-15T08:44:43","slug":"sanu-iekraveji-sideloader","status":"publish","type":"page","link":"https:\/\/miil.dev.almic.ee\/lv\/pakalpojumi\/sanu-iekraveji-sideloader\/","title":{"rendered":"S\u0101nu iekr\u0101v\u0113ji (<i>sideloader)<\/i>"},"content":{"rendered":"<section class=\"l-section wpb_row height_medium\"><div class=\"l-section-h i-cf\"><div class=\"g-cols vc_row via_flex valign_top type_default stacking_default\"><div class=\"vc_col-sm-12 wpb_column vc_column_container\"><div class=\"vc_column-inner\"><div class=\"wpb_wrapper\"><div class=\"g-cols wpb_row via_flex valign_top type_default stacking_default\"><div class=\"vc_col-sm-6 wpb_column vc_column_container\"><div class=\"vc_column-inner\"><div class=\"wpb_wrapper\"><div class=\"wpb_text_column\"><div class=\"wpb_wrapper\"><p>S\u0101nu iekr\u0101v\u0113ji (sideloader), kas sidelifter ar\u012b k\u0101 s\u0101nu vai swinglift celt\u0146i, ar savu unik\u0101lo dizainu un funkcionalit\u0101ti ir main\u012bju\u0161i konteineru apstr\u0101des nozari. \u0160ie posmainie transportl\u012bdzek\u013ci, kas apr\u012bkoti ar hidrauliskiem pacel\u0161anas celt\u0146iem, pied\u0101v\u0101 iev\u0113rojamu celtsp\u0113ju un izcilu manevr\u0113\u0161anas sp\u0113ju. \u0160aj\u0101 visaptvero\u0161aj\u0101 rakst\u0101 m\u0113s izp\u0113t\u012bsim s\u0101nu iekr\u0101v\u0113ju funkcijas, iesp\u0113jas un priek\u0161roc\u012bbas konteineru p\u0101rvad\u0101jumos, k\u0101 ar\u012b svar\u012bgus apsv\u0113rumus, izmantojot to pakalpojumus.<\/p>\n<\/div><\/div><\/div><\/div><\/div><div class=\"vc_col-sm-6 wpb_column vc_column_container\"><div class=\"vc_column-inner\"><div class=\"wpb_wrapper\"><div class=\"w-image align_none\"><div class=\"w-image-h\"><img decoding=\"async\" width=\"752\" height=\"506\" src=\"https:\/\/miil.dev.almic.ee\/wp-content\/uploads\/2022\/04\/Sideloader-miil.jpg\" class=\"attachment-full size-full\" alt=\"\" loading=\"lazy\" srcset=\"https:\/\/miil.dev.almic.ee\/wp-content\/uploads\/2022\/04\/Sideloader-miil.jpg 752w, https:\/\/miil.dev.almic.ee\/wp-content\/uploads\/2022\/04\/Sideloader-miil-600x404.jpg 600w, https:\/\/miil.dev.almic.ee\/wp-content\/uploads\/2022\/04\/Sideloader-miil-300x202.jpg 300w\" sizes=\"auto, (max-width: 752px) 100vw, 752px\" \/><\/div><\/div><\/div><\/div><\/div><\/div><div class=\"g-cols wpb_row via_flex valign_top type_default stacking_default\"><div class=\"vc_col-sm-12 wpb_column vc_column_container\"><div class=\"vc_column-inner\"><div class=\"wpb_wrapper\"><div class=\"wpb_text_column\"><div class=\"wpb_wrapper\"><h2>S\u0101nu iekr\u0101v\u0113ju sp\u0113ka atrais\u012b\u0161ana<\/h2>\n<p>S\u0101nu iekr\u0101v\u0113js ir specializ\u0113ts transportl\u012bdzeklis, kas lepojas ar iespaid\u012bg\u0101m cel\u0161anas iesp\u0113j\u0101m. Tas \u013cauj \u0113rti r\u012bkoties ar konteineriem. S\u0101nu iekr\u0101v\u0113ji ar celtsp\u0113ju l\u012bdz 32 000 kg, ieskaitot konteinera svaru, nodro\u0161ina efekt\u012bvas iekrau\u0161anas un izkrau\u0161anas darb\u012bbas. Tajos tiek izmantoti jaud\u012bgi hidrauliskie celt\u0146i, kas var izstiepties l\u012bdz 1 metram no kravas automa\u0161\u012bnas. Tas \u013cauj prec\u012bzi novietot konteineru transportl\u012bdzek\u013ca kreisaj\u0101 pus\u0113 blakus vad\u012bt\u0101ja kab\u012bnei. Turkl\u0101t s\u0101nu iekr\u0101v\u0113ji var apstr\u0101d\u0101t pla\u0161u konteineru veidu kl\u0101stu: 20\u2032, 30\u2032, 40\u2032 un 45\u2032 konteinerus. Piem\u0113ram, DRY, HC, OT, PW, REF un TANK. To daudzpus\u012bba sniedzas l\u012bdz divu 20\u2032 konteineru vienlaic\u012bgai p\u0101rvad\u0101\u0161anai. Katrs ar maksim\u0101lo svaru 10 000 kg. Ir v\u0113rts atz\u012bm\u0113t, ka s\u0101nu iekr\u0101v\u0113ji pat sp\u0113j p\u0101rvad\u0101t konteinerus, kas klasific\u0113ti k\u0101 b\u012bstamas kravas, iev\u0113rojot ADR un IMO noteikumus.<\/p>\n<h2>Izm\u0113ru un konfigur\u0101ciju izp\u0113te<\/h2>\n<p>S\u0101nu iekr\u0101v\u0113ju izm\u0113ru izpratne ir b\u016btiska, lai nodro\u0161in\u0101tu netrauc\u0113tu konteineru transport\u0113\u0161anu. \u0160iem transportl\u012bdzek\u013ciem ir da\u017e\u0101di izm\u0113ri un konfigur\u0101cijas, kas \u013cauj optim\u0101li piel\u0101goties da\u017e\u0101d\u0101m konteineru specifik\u0101cij\u0101m. S\u0101nu iekr\u0101v\u0113ja izm\u0113riem ir b\u016btiska noz\u012bme, nosakot t\u0101 manevr\u0113tsp\u0113ju un savietojam\u012bbu ar da\u017e\u0101d\u0101m iekrau\u0161anas vid\u0113m. Izmantojot labo s\u0101nu iekr\u0101v\u0113ju, j\u016bs varat p\u0101rvietoties \u0161aur\u0101s viet\u0101s, efekt\u012bvi piek\u013c\u016bt izaicino\u0161\u0101m iekrau\u0161anas viet\u0101m un transport\u0113t konteinerus. Pas\u016btot transporta pakalpojumus, ir \u013coti svar\u012bgi pazi\u0146ot v\u0113lamo konteinera durvju orient\u0101ciju \u2013 vai t\u0101s ir v\u0113rstas pret kab\u012bni vai aizmuguri. Tas nodro\u0161ina, ka s\u0101nu iekr\u0101v\u0113ja operators var prec\u012bzi piel\u0101got konteinera novietojumu un atbilsto\u0161i pl\u0101not iekrau\u0161anas un izkrau\u0161anas procesu.<\/p>\n<\/div><\/div><\/div><\/div><\/div><\/div><\/div><\/div><\/div><\/div><\/div><\/section><section class=\"l-section wpb_row height_medium\"><div class=\"l-section-h i-cf\"><div class=\"g-cols vc_row via_flex valign_top type_default stacking_default\"><div class=\"vc_col-sm-6 wpb_column vc_column_container\"><div class=\"vc_column-inner\"><div class=\"wpb_wrapper\"><div class=\"w-image align_none\"><a ref=\"magnificPopup\" href=\"https:\/\/miil.dev.almic.ee\/wp-content\/uploads\/2022\/04\/Sideloaderi-moodud.jpg\" aria-label=\"Sideloaderi-moodud\" class=\"w-image-h\"><img decoding=\"async\" width=\"1748\" height=\"520\" src=\"https:\/\/miil.dev.almic.ee\/wp-content\/uploads\/2022\/04\/Sideloaderi-moodud.jpg\" class=\"attachment-full size-full\" alt=\"\" loading=\"lazy\" srcset=\"https:\/\/miil.dev.almic.ee\/wp-content\/uploads\/2022\/04\/Sideloaderi-moodud.jpg 1748w, https:\/\/miil.dev.almic.ee\/wp-content\/uploads\/2022\/04\/Sideloaderi-moodud-600x178.jpg 600w, https:\/\/miil.dev.almic.ee\/wp-content\/uploads\/2022\/04\/Sideloaderi-moodud-300x89.jpg 300w, https:\/\/miil.dev.almic.ee\/wp-content\/uploads\/2022\/04\/Sideloaderi-moodud-1024x305.jpg 1024w\" sizes=\"auto, (max-width: 1748px) 100vw, 1748px\" \/><\/a><\/div><\/div><\/div><\/div><div class=\"vc_col-sm-6 wpb_column vc_column_container\"><div class=\"vc_column-inner\"><div class=\"wpb_wrapper\"><div class=\"w-image align_none\"><a ref=\"magnificPopup\" href=\"https:\/\/miil.dev.almic.ee\/wp-content\/uploads\/2022\/04\/Untitled-5.jpg\" aria-label=\"Untitled-5\" class=\"w-image-h\"><img decoding=\"async\" width=\"1900\" height=\"1199\" src=\"https:\/\/miil.dev.almic.ee\/wp-content\/uploads\/2022\/04\/Untitled-5.jpg\" class=\"attachment-full size-full\" alt=\"\" loading=\"lazy\" srcset=\"https:\/\/miil.dev.almic.ee\/wp-content\/uploads\/2022\/04\/Untitled-5.jpg 1900w, https:\/\/miil.dev.almic.ee\/wp-content\/uploads\/2022\/04\/Untitled-5-600x379.jpg 600w, https:\/\/miil.dev.almic.ee\/wp-content\/uploads\/2022\/04\/Untitled-5-300x189.jpg 300w, https:\/\/miil.dev.almic.ee\/wp-content\/uploads\/2022\/04\/Untitled-5-1024x646.jpg 1024w\" sizes=\"auto, (max-width: 1900px) 100vw, 1900px\" \/><\/a><\/div><\/div><\/div><\/div><\/div><\/div><\/section><section class=\"l-section wpb_row height_medium\"><div class=\"l-section-h i-cf\"><div class=\"g-cols vc_row via_flex valign_top type_default stacking_default\"><div class=\"vc_col-sm-12 wpb_column vc_column_container\"><div class=\"vc_column-inner\"><div class=\"wpb_wrapper\"><div class=\"wpb_text_column\"><div class=\"wpb_wrapper\"><h2>Sideloader priek\u0161roc\u012bbas konteineru p\u0101rkrau\u0161an\u0101<\/h2>\n<p>S\u0101nu iekr\u0101v\u0113ji pied\u0101v\u0101 daudzas priek\u0161roc\u012bbas, kas padara tos par neaizst\u0101jamu priek\u0161roc\u012bbu konteineru apstr\u0101des nozar\u0113. Pirmk\u0101rt, to sp\u0113ja patst\u0101v\u012bgi pacelt un transport\u0113t konteinerus noz\u012bm\u0113 maz\u0101ku atkar\u012bbu no \u0101r\u0113j\u0101 apr\u012bkojuma. Piem\u0113ram, celt\u0146i vai iekr\u0101v\u0113ji. \u0160\u012b efektivit\u0101te noz\u012bm\u0113 \u0101tr\u0101ku iekrau\u0161anas un izkrau\u0161anas laiku. Produktivit\u0101tes optimiz\u0113\u0161ana un darb\u012bbas izmaksu samazin\u0101\u0161ana. Turkl\u0101t s\u0101nu iekr\u0101v\u0113ju \u0161arn\u012brsavienojuma iesp\u0113jas \u013cauj tiem iekraut un izkraut konteinerus uz da\u017e\u0101d\u0101m piekab\u0113m un dzelzce\u013ca platform\u0101m, papla\u0161inot to lietder\u012bbu intermod\u0101laj\u0101 lo\u0123istik\u0101. To daudzpus\u012bba nodro\u0161ina netrauc\u0113tu konteineru p\u0101rvieto\u0161anu da\u017e\u0101dos transporta veidos, veicinot efekt\u012bvu pieg\u0101des \u0137\u0113des p\u0101rvald\u012bbu.<\/p>\n<h2>Dro\u0161\u012bbas apsv\u0113rumi un lab\u0101k\u0101 prakse<\/h2>\n<p>Lai gan s\u0101nu iekr\u0101v\u0113ji ir jaud\u012bgas un daudzpus\u012bgas ma\u0161\u012bnas, dro\u0161\u012bbai vienm\u0113r j\u0101b\u016bt galvenajai priorit\u0101tei. Atbilsto\u0161a operatoru apm\u0101c\u012bba un sertifik\u0101cija nodro\u0161ina dro\u0161u s\u0101nu iekr\u0101v\u0113ju apie\u0161anos un darb\u012bbu. Ir svar\u012bgi iev\u0113rot visas atbilsto\u0161\u0101s dro\u0161\u012bbas vadl\u012bnijas un noteikumus, lai nov\u0113rstu negad\u012bjumus un nodro\u0161in\u0101tu iesaist\u012bt\u0101 person\u0101la labkl\u0101j\u012bbu. S\u0101nu iekr\u0101v\u0113ju regul\u0101ra apkope un p\u0101rbaude garant\u0113 to optim\u0101lu veiktsp\u0113ju un samazina meh\u0101nisku boj\u0101jumu risku ekspluat\u0101cijas laik\u0101. Izvirzot priorit\u0101ti dro\u0161\u012bbas pas\u0101kumiem, j\u016bs varat izveidot dro\u0161u darba vidi un aizsarg\u0101t transport\u0113jamo konteineru integrit\u0101ti.<\/p>\n<\/div><\/div><\/div><\/div><\/div><\/div><\/div><\/section><section class=\"l-section wpb_row height_medium\"><div class=\"l-section-h i-cf\"><div class=\"g-cols vc_row via_flex valign_top type_default stacking_default\"><div class=\"vc_col-sm-12 wpb_column vc_column_container\"><div class=\"vc_column-inner\"><div class=\"wpb_wrapper\"><div class=\"wpb_text_column service-notice\"><div class=\"wpb_wrapper\"><p><strong>Svar\u012bgi:<\/strong> Veicot pas\u016bt\u012bjumu, j\u0101zina konteinera durvju novietojums: vai uz kab\u012bni vai aizmugur\u0113.<\/p>\n<\/div><\/div><\/div><\/div><\/div><\/div><\/div><\/section>\n","protected":false},"excerpt":{"rendered":"S\u0101nu iekr\u0101v\u0113ji (sideloader), kas sidelifter ar\u012b k\u0101 s\u0101nu vai swinglift celt\u0146i, ar savu unik\u0101lo dizainu un funkcionalit\u0101ti ir main\u012bju\u0161i konteineru apstr\u0101des nozari. \u0160ie posmainie transportl\u012bdzek\u013ci, kas apr\u012bkoti ar hidrauliskiem pacel\u0161anas celt\u0146iem, pied\u0101v\u0101 iev\u0113rojamu celtsp\u0113ju un izcilu manevr\u0113\u0161anas sp\u0113ju. \u0160aj\u0101 visaptvero\u0161aj\u0101 rakst\u0101 m\u0113s izp\u0113t\u012bsim s\u0101nu iekr\u0101v\u0113ju funkcijas, iesp\u0113jas un priek\u0161roc\u012bbas konteineru p\u0101rvad\u0101jumos, k\u0101 ar\u012b svar\u012bgus apsv\u0113rumus,...","protected":false},"author":1,"featured_media":75579,"parent":1589,"menu_order":0,"comment_status":"closed","ping_status":"closed","template":"","meta":{"_acf_changed":false,"footnotes":""},"class_list":["post-1301","page","type-page","status-publish","has-post-thumbnail","hentry"],"acf":[],"yoast_head":"<!-- This site is optimized with the Yoast SEO Premium plugin v23.9 (Yoast SEO v27.5) - https:\/\/yoast.com\/product\/yoast-seo-premium-wordpress\/ -->\n<title>S\u0101nu iekr\u0101v\u0113ji (sideloader) - Miil O\u00dc<\/title>\n<meta name=\"robots\" content=\"index, follow, max-snippet:-1, max-image-preview:large, max-video-preview:-1\" \/>\n<link rel=\"canonical\" href=\"https:\/\/miil.dev.almic.ee\/lv\/pakalpojumi\/sanu-iekraveji-sideloader\/\" \/>\n<meta property=\"og:locale\" content=\"lv_LV\" \/>\n<meta property=\"og:type\" content=\"article\" \/>\n<meta property=\"og:title\" content=\"S\u0101nu iekr\u0101v\u0113ji (sideloader)\" \/>\n<meta property=\"og:url\" content=\"https:\/\/miil.dev.almic.ee\/lv\/pakalpojumi\/sanu-iekraveji-sideloader\/\" \/>\n<meta property=\"og:site_name\" content=\"Miil O\u00dc\" \/>\n<meta property=\"article:publisher\" content=\"https:\/\/www.facebook.com\/konteinerveod\/\" \/>\n<meta property=\"article:modified_time\" content=\"2024-11-15T08:44:43+00:00\" \/>\n<meta property=\"og:image\" content=\"https:\/\/miil.dev.almic.ee\/wp-content\/uploads\/2024\/09\/150MOY.jpg\" \/>\n\t<meta property=\"og:image:width\" content=\"939\" \/>\n\t<meta property=\"og:image:height\" content=\"864\" \/>\n\t<meta property=\"og:image:type\" content=\"image\/jpeg\" \/>\n<meta name=\"twitter:card\" content=\"summary_large_image\" \/>\n<meta name=\"twitter:label1\" content=\"Est. reading time\" \/>\n\t<meta name=\"twitter:data1\" content=\"3 minutes\" \/>\n<script type=\"application\/ld+json\" class=\"yoast-schema-graph\">{\"@context\":\"https:\\\/\\\/schema.org\",\"@graph\":[{\"@type\":\"WebPage\",\"@id\":\"https:\\\/\\\/miil.dev.almic.ee\\\/lv\\\/pakalpojumi\\\/sanu-iekraveji-sideloader\\\/\",\"url\":\"https:\\\/\\\/miil.dev.almic.ee\\\/lv\\\/pakalpojumi\\\/sanu-iekraveji-sideloader\\\/\",\"name\":\"S\u0101nu iekr\u0101v\u0113ji (sideloader) - Miil O\u00dc\",\"isPartOf\":{\"@id\":\"https:\\\/\\\/miil.dev.almic.ee\\\/#website\"},\"primaryImageOfPage\":{\"@id\":\"https:\\\/\\\/miil.dev.almic.ee\\\/lv\\\/pakalpojumi\\\/sanu-iekraveji-sideloader\\\/#primaryimage\"},\"image\":{\"@id\":\"https:\\\/\\\/miil.dev.almic.ee\\\/lv\\\/pakalpojumi\\\/sanu-iekraveji-sideloader\\\/#primaryimage\"},\"thumbnailUrl\":\"https:\\\/\\\/miil.dev.almic.ee\\\/wp-content\\\/uploads\\\/2024\\\/09\\\/150MOY.jpg\",\"datePublished\":\"2022-04-11T17:33:26+00:00\",\"dateModified\":\"2024-11-15T08:44:43+00:00\",\"breadcrumb\":{\"@id\":\"https:\\\/\\\/miil.dev.almic.ee\\\/lv\\\/pakalpojumi\\\/sanu-iekraveji-sideloader\\\/#breadcrumb\"},\"inLanguage\":\"lv-LV\",\"potentialAction\":[{\"@type\":\"ReadAction\",\"target\":[\"https:\\\/\\\/miil.dev.almic.ee\\\/lv\\\/pakalpojumi\\\/sanu-iekraveji-sideloader\\\/\"]}]},{\"@type\":\"ImageObject\",\"inLanguage\":\"lv-LV\",\"@id\":\"https:\\\/\\\/miil.dev.almic.ee\\\/lv\\\/pakalpojumi\\\/sanu-iekraveji-sideloader\\\/#primaryimage\",\"url\":\"https:\\\/\\\/miil.dev.almic.ee\\\/wp-content\\\/uploads\\\/2024\\\/09\\\/150MOY.jpg\",\"contentUrl\":\"https:\\\/\\\/miil.dev.almic.ee\\\/wp-content\\\/uploads\\\/2024\\\/09\\\/150MOY.jpg\",\"width\":939,\"height\":864},{\"@type\":\"BreadcrumbList\",\"@id\":\"https:\\\/\\\/miil.dev.almic.ee\\\/lv\\\/pakalpojumi\\\/sanu-iekraveji-sideloader\\\/#breadcrumb\",\"itemListElement\":[{\"@type\":\"ListItem\",\"position\":1,\"name\":\"Home\",\"item\":\"https:\\\/\\\/miil.dev.almic.ee\\\/lv\\\/\"},{\"@type\":\"ListItem\",\"position\":2,\"name\":\"Pakalpojumi\",\"item\":\"https:\\\/\\\/miil.dev.almic.ee\\\/lv\\\/pakalpojumi\\\/\"},{\"@type\":\"ListItem\",\"position\":3,\"name\":\"S\u0101nu iekr\u0101v\u0113ji (sideloader)\"}]},{\"@type\":\"WebSite\",\"@id\":\"https:\\\/\\\/miil.dev.almic.ee\\\/#website\",\"url\":\"https:\\\/\\\/miil.dev.almic.ee\\\/\",\"name\":\"Miil O\u00dc\",\"description\":\"Konteinerveod\",\"publisher\":{\"@id\":\"https:\\\/\\\/miil.dev.almic.ee\\\/#organization\"},\"potentialAction\":[{\"@type\":\"SearchAction\",\"target\":{\"@type\":\"EntryPoint\",\"urlTemplate\":\"https:\\\/\\\/miil.dev.almic.ee\\\/?s={search_term_string}\"},\"query-input\":{\"@type\":\"PropertyValueSpecification\",\"valueRequired\":true,\"valueName\":\"search_term_string\"}}],\"inLanguage\":\"lv-LV\"},{\"@type\":\"Organization\",\"@id\":\"https:\\\/\\\/miil.dev.almic.ee\\\/#organization\",\"name\":\"Miil O\u00dc\",\"url\":\"https:\\\/\\\/miil.dev.almic.ee\\\/\",\"logo\":{\"@type\":\"ImageObject\",\"inLanguage\":\"lv-LV\",\"@id\":\"https:\\\/\\\/miil.dev.almic.ee\\\/#\\\/schema\\\/logo\\\/image\\\/\",\"url\":\"https:\\\/\\\/www.miil.ee\\\/wp-content\\\/uploads\\\/2022\\\/02\\\/Miil-logo.svg\",\"contentUrl\":\"https:\\\/\\\/www.miil.ee\\\/wp-content\\\/uploads\\\/2022\\\/02\\\/Miil-logo.svg\",\"width\":\"1024\",\"height\":\"1024\",\"caption\":\"Miil O\u00dc\"},\"image\":{\"@id\":\"https:\\\/\\\/miil.dev.almic.ee\\\/#\\\/schema\\\/logo\\\/image\\\/\"},\"sameAs\":[\"https:\\\/\\\/www.facebook.com\\\/konteinerveod\\\/\",\"https:\\\/\\\/www.instagram.com\\\/ou_miil\\\/\"]}]}<\/script>\n<!-- \/ Yoast SEO Premium plugin. -->","yoast_head_json":{"title":"S\u0101nu iekr\u0101v\u0113ji (sideloader) - Miil O\u00dc","robots":{"index":"index","follow":"follow","max-snippet":"max-snippet:-1","max-image-preview":"max-image-preview:large","max-video-preview":"max-video-preview:-1"},"canonical":"https:\/\/miil.dev.almic.ee\/lv\/pakalpojumi\/sanu-iekraveji-sideloader\/","og_locale":"lv_LV","og_type":"article","og_title":"S\u0101nu iekr\u0101v\u0113ji (sideloader)","og_url":"https:\/\/miil.dev.almic.ee\/lv\/pakalpojumi\/sanu-iekraveji-sideloader\/","og_site_name":"Miil O\u00dc","article_publisher":"https:\/\/www.facebook.com\/konteinerveod\/","article_modified_time":"2024-11-15T08:44:43+00:00","og_image":[{"width":939,"height":864,"url":"https:\/\/miil.dev.almic.ee\/wp-content\/uploads\/2024\/09\/150MOY.jpg","type":"image\/jpeg"}],"twitter_card":"summary_large_image","twitter_misc":{"Est. reading time":"3 minutes"},"schema":{"@context":"https:\/\/schema.org","@graph":[{"@type":"WebPage","@id":"https:\/\/miil.dev.almic.ee\/lv\/pakalpojumi\/sanu-iekraveji-sideloader\/","url":"https:\/\/miil.dev.almic.ee\/lv\/pakalpojumi\/sanu-iekraveji-sideloader\/","name":"S\u0101nu iekr\u0101v\u0113ji (sideloader) - Miil O\u00dc","isPartOf":{"@id":"https:\/\/miil.dev.almic.ee\/#website"},"primaryImageOfPage":{"@id":"https:\/\/miil.dev.almic.ee\/lv\/pakalpojumi\/sanu-iekraveji-sideloader\/#primaryimage"},"image":{"@id":"https:\/\/miil.dev.almic.ee\/lv\/pakalpojumi\/sanu-iekraveji-sideloader\/#primaryimage"},"thumbnailUrl":"https:\/\/miil.dev.almic.ee\/wp-content\/uploads\/2024\/09\/150MOY.jpg","datePublished":"2022-04-11T17:33:26+00:00","dateModified":"2024-11-15T08:44:43+00:00","breadcrumb":{"@id":"https:\/\/miil.dev.almic.ee\/lv\/pakalpojumi\/sanu-iekraveji-sideloader\/#breadcrumb"},"inLanguage":"lv-LV","potentialAction":[{"@type":"ReadAction","target":["https:\/\/miil.dev.almic.ee\/lv\/pakalpojumi\/sanu-iekraveji-sideloader\/"]}]},{"@type":"ImageObject","inLanguage":"lv-LV","@id":"https:\/\/miil.dev.almic.ee\/lv\/pakalpojumi\/sanu-iekraveji-sideloader\/#primaryimage","url":"https:\/\/miil.dev.almic.ee\/wp-content\/uploads\/2024\/09\/150MOY.jpg","contentUrl":"https:\/\/miil.dev.almic.ee\/wp-content\/uploads\/2024\/09\/150MOY.jpg","width":939,"height":864},{"@type":"BreadcrumbList","@id":"https:\/\/miil.dev.almic.ee\/lv\/pakalpojumi\/sanu-iekraveji-sideloader\/#breadcrumb","itemListElement":[{"@type":"ListItem","position":1,"name":"Home","item":"https:\/\/miil.dev.almic.ee\/lv\/"},{"@type":"ListItem","position":2,"name":"Pakalpojumi","item":"https:\/\/miil.dev.almic.ee\/lv\/pakalpojumi\/"},{"@type":"ListItem","position":3,"name":"S\u0101nu iekr\u0101v\u0113ji (sideloader)"}]},{"@type":"WebSite","@id":"https:\/\/miil.dev.almic.ee\/#website","url":"https:\/\/miil.dev.almic.ee\/","name":"Miil O\u00dc","description":"Konteinerveod","publisher":{"@id":"https:\/\/miil.dev.almic.ee\/#organization"},"potentialAction":[{"@type":"SearchAction","target":{"@type":"EntryPoint","urlTemplate":"https:\/\/miil.dev.almic.ee\/?s={search_term_string}"},"query-input":{"@type":"PropertyValueSpecification","valueRequired":true,"valueName":"search_term_string"}}],"inLanguage":"lv-LV"},{"@type":"Organization","@id":"https:\/\/miil.dev.almic.ee\/#organization","name":"Miil O\u00dc","url":"https:\/\/miil.dev.almic.ee\/","logo":{"@type":"ImageObject","inLanguage":"lv-LV","@id":"https:\/\/miil.dev.almic.ee\/#\/schema\/logo\/image\/","url":"https:\/\/www.miil.ee\/wp-content\/uploads\/2022\/02\/Miil-logo.svg","contentUrl":"https:\/\/www.miil.ee\/wp-content\/uploads\/2022\/02\/Miil-logo.svg","width":"1024","height":"1024","caption":"Miil O\u00dc"},"image":{"@id":"https:\/\/miil.dev.almic.ee\/#\/schema\/logo\/image\/"},"sameAs":["https:\/\/www.facebook.com\/konteinerveod\/","https:\/\/www.instagram.com\/ou_miil\/"]}]}},"_links":{"self":[{"href":"https:\/\/miil.dev.almic.ee\/lv\/wp-json\/wp\/v2\/pages\/1301","targetHints":{"allow":["GET"]}}],"collection":[{"href":"https:\/\/miil.dev.almic.ee\/lv\/wp-json\/wp\/v2\/pages"}],"about":[{"href":"https:\/\/miil.dev.almic.ee\/lv\/wp-json\/wp\/v2\/types\/page"}],"author":[{"embeddable":true,"href":"https:\/\/miil.dev.almic.ee\/lv\/wp-json\/wp\/v2\/users\/1"}],"replies":[{"embeddable":true,"href":"https:\/\/miil.dev.almic.ee\/lv\/wp-json\/wp\/v2\/comments?post=1301"}],"version-history":[{"count":0,"href":"https:\/\/miil.dev.almic.ee\/lv\/wp-json\/wp\/v2\/pages\/1301\/revisions"}],"up":[{"embeddable":true,"href":"https:\/\/miil.dev.almic.ee\/lv\/wp-json\/wp\/v2\/pages\/1589"}],"wp:featuredmedia":[{"embeddable":true,"href":"https:\/\/miil.dev.almic.ee\/lv\/wp-json\/wp\/v2\/media\/75579"}],"wp:attachment":[{"href":"https:\/\/miil.dev.almic.ee\/lv\/wp-json\/wp\/v2\/media?parent=1301"}],"curies":[{"name":"wp","href":"https:\/\/api.w.org\/{rel}","templated":true}]}}