{"id":1292,"date":"2022-04-11T20:27:21","date_gmt":"2022-04-11T17:27:21","guid":{"rendered":"https:\/\/www.miil.ee\/konteineru-parvadajumi\/"},"modified":"2024-11-15T10:06:18","modified_gmt":"2024-11-15T08:06:18","slug":"konteineru-parvadajumi","status":"publish","type":"page","link":"https:\/\/miil.dev.almic.ee\/lv\/pakalpojumi\/konteineru-parvadajumi\/","title":{"rendered":"Konteineru p\u0101rvad\u0101jumi"},"content":{"rendered":"<section class=\"l-section wpb_row height_medium\"><div class=\"l-section-h i-cf\"><div class=\"g-cols vc_row via_flex valign_top type_default stacking_default\"><div class=\"vc_col-sm-12 wpb_column vc_column_container\"><div class=\"vc_column-inner\"><div class=\"wpb_wrapper\"><div class=\"g-cols wpb_row via_flex valign_top type_default stacking_default\"><div class=\"vc_col-sm-12 wpb_column vc_column_container\"><div class=\"vc_column-inner\"><div class=\"wpb_wrapper\"><div class=\"wpb_text_column\"><div class=\"wpb_wrapper\"><p>M\u016bsu autost\u0101vviet\u0101 ir pla\u0161a apr\u012bkojuma izv\u0113le, kas sniedz da\u017e\u0101dus risin\u0101jumus konteineru p\u0101rvad\u0101\u0161anai. M\u0113s vienm\u0113r izmantosim \u012bpa\u0161u apr\u012bkojumu atkar\u012bb\u0101 no situ\u0101cijas.<\/p>\n<p>M\u016bsu m\u0113r\u0137is ir nodro\u0161in\u0101t nemain\u012bgi lielisku klientu apkalpo\u0161anas pieredzi, lai nodro\u0161in\u0101tu klientu apmierin\u0101t\u012bbu, m\u016bsu pakalpojumos iev\u0113rojot un ievie\u0161ot septi\u0146as lo\u0123istikas \u201cties\u012bbas\u201d. \u0160im nol\u016bkam mums ir visas iesp\u0113jas, lai p\u0101rvad\u0101tu visu izm\u0113ru konteinerus: s\u0101nu iekr\u0101v\u0113jus, backloaders, Van Hool piekabes cisternu konteineru p\u0101rvad\u0101\u0161anai un Krone piekabes kravas konteineru p\u0101rvad\u0101\u0161anai.<\/p>\n<p>Uz\u0146\u0113mumam Miil O\u00dc ir pie\u0161\u0137irts Bureau Veritas kvalit\u0101tes vad\u012bbas sist\u0113mu ISO 9001:2015 sertifik\u0101ts un vides p\u0101rvald\u012bbas sist\u0113mas ISO 14001:2015 sertifik\u0101ts.<\/p>\n<p>O\u00dc Miil transport\u0113 j\u016bsu kravas konteinerus, cisternas un cita veida konteinerus no durv\u012bm l\u012bdz durv\u012bm, kur vien v\u0113laties. M\u016bsu past\u0101v\u012bg\u0101s darb\u012bbas vietas ir Igaunij\u0101 un Latvij\u0101, bet transportu nodro\u0161in\u0101m vis\u0101 Eiropas Savien\u012bb\u0101. M\u0113s garant\u0113jam, ka m\u016bsu klienti vienm\u0113r bez probl\u0113m\u0101m sa\u0146em savus konteinerus norun\u0101taj\u0101 viet\u0101.<\/p>\n<h2>Perfekti risin\u0101jumi<\/h2>\n<p>Konteineru p\u0101rvad\u0101jumi ir transporta nozare, kur\u0101 pakalpojuma snieg\u0161anai ir nepiecie\u0161ams \u012bpa\u0161s apr\u012bkojums. M\u0113s nodro\u0161in\u0101m, ka mums ir viss nepiecie\u0161amais. Turkl\u0101t m\u016bsu autovad\u012bt\u0101ji ir labi apm\u0101c\u012bti, piekl\u0101j\u012bgi, sazin\u0101s vair\u0101k\u0101s valod\u0101s, un m\u0113s nepiek\u0101pjam kvalit\u0101ti.<br \/>\nKonteineru p\u0101rvad\u0101jumu gad\u012bjum\u0101 esam koncentr\u0113ju\u0161ies uz kvalit\u0101ti.<br \/>\nMums ir aptuveni 30 kravas automa\u0161\u012bnas un 70 piekabes.<br \/>\nO\u00dc Miil ir Igaunijas uz\u0146\u0113mums.<\/p>\n<p>Konteineru p\u0101rvad\u0101jumi vis\u0101 Eirop\u0101<br \/>\nLai gan m\u016bsu galven\u0101s atra\u0161an\u0101s vietas ir Igaunij\u0101 un Latvij\u0101, m\u0113s braucam ar\u012b pa Igauniju-Eiropu-Igauniju, lai transport\u0113tu J\u016bsu konteineru uz v\u0113lamo vietu.<\/p>\n<p>P\u0101rvad\u0101\u0161anai parasti izmantojam <a href=\"https:\/\/www.miil.ee\/lv\/pakalpojumi\/celtnis\/\">celtnis<\/a> vai <a href=\"https:\/\/www.miil.ee\/lv\/pakalpojumi\/sanu-iekraveji-sideloader\/\">s\u0101nu iekr\u0101v\u0113ju<\/a> un sare\u017e\u0123\u012bt\u0101kas vietas risin\u0101m ar <a href=\"https:\/\/www.miil.ee\/lv\/pakalpojumi\/ram-pasizgazejs\/\">RAM backloader<\/a>.<\/p>\n<p>Sekojiet mums <a href=\"https:\/\/www.facebook.com\/konteinerveod\/\">Facebook<\/a> vai <a href=\"https:\/\/www.instagram.com\/ou_miil\/\">Instagram.<\/a><\/p>\n<\/div><\/div><\/div><\/div><\/div><\/div><div class=\"g-cols wpb_row via_flex valign_top type_default stacking_default\"><div class=\"vc_col-sm-12 wpb_column vc_column_container\"><div class=\"vc_column-inner\"><div class=\"wpb_wrapper\"><div class=\"w-grid type_grid layout_212 cols_3\" id=\"us_grid_1\" style=\"--gap:0.5rem;\" data-filterable=\"true\"><style>@media (max-width:1024px){#us_grid_1 .w-grid-item{width:50%}}@media (max-width:600px){#us_grid_1 .w-grid-list{margin:0}#us_grid_1 .w-grid-item{width:100%;padding:0;margin-bottom:var(--gap,0px)}}.layout_212 .w-grid-item-h{}<\/style><div class=\"w-grid-list\">\t<article class=\"w-grid-item size_1x1 post-79175 attachment type-attachment status-inherit hentry\" data-id=\"79175\">\r\n\t\t<div class=\"w-grid-item-h\">\r\n\t\t\t\t\t\t\t<a ref=\"magnificPopupGrid\" href=\"https:\/\/miil.dev.almic.ee\/wp-content\/uploads\/2024\/11\/wc-lift-scaled.jpg\" class=\"w-grid-item-anchor\" aria-label=\"wc lift\"><\/a>\r\n\t\t\t\t\t\t<div class=\"w-post-elm post_image usg_post_image_1 stretched\"><a href=\"https:\/\/miil.dev.almic.ee\/lv\/galerija\/wc-lift-2\/\" aria-label=\"wc lift\"><img loading=\"lazy\" decoding=\"async\" width=\"600\" height=\"600\" src=\"https:\/\/miil.dev.almic.ee\/wp-content\/uploads\/2024\/11\/wc-lift-600x600.jpg\" class=\"attachment-us_600_600_crop size-us_600_600_crop\" alt=\"\" srcset=\"https:\/\/miil.dev.almic.ee\/wp-content\/uploads\/2024\/11\/wc-lift-600x600.jpg 600w, https:\/\/miil.dev.almic.ee\/wp-content\/uploads\/2024\/11\/wc-lift-150x150.jpg 150w, https:\/\/miil.dev.almic.ee\/wp-content\/uploads\/2024\/11\/wc-lift-300x300.jpg 300w\" sizes=\"auto, (max-width: 600px) 100vw, 600px\" \/><\/a><\/div>\t\t<\/div>\r\n\t\t\t<\/article>\r\n\t<article class=\"w-grid-item size_1x1 post-79165 attachment type-attachment status-inherit hentry\" data-id=\"79165\">\r\n\t\t<div class=\"w-grid-item-h\">\r\n\t\t\t\t\t\t\t<a ref=\"magnificPopupGrid\" href=\"https:\/\/miil.dev.almic.ee\/wp-content\/uploads\/2024\/11\/kraana2-scaled.jpg\" class=\"w-grid-item-anchor\" aria-label=\"kraana2\"><\/a>\r\n\t\t\t\t\t\t<div class=\"w-post-elm post_image usg_post_image_1 stretched\"><a href=\"https:\/\/miil.dev.almic.ee\/lv\/galerija\/kraana2-2\/\" aria-label=\"kraana2\"><img loading=\"lazy\" decoding=\"async\" width=\"600\" height=\"600\" src=\"https:\/\/miil.dev.almic.ee\/wp-content\/uploads\/2024\/11\/kraana2-600x600.jpg\" class=\"attachment-us_600_600_crop size-us_600_600_crop\" alt=\"\" srcset=\"https:\/\/miil.dev.almic.ee\/wp-content\/uploads\/2024\/11\/kraana2-600x600.jpg 600w, https:\/\/miil.dev.almic.ee\/wp-content\/uploads\/2024\/11\/kraana2-150x150.jpg 150w, https:\/\/miil.dev.almic.ee\/wp-content\/uploads\/2024\/11\/kraana2-300x300.jpg 300w\" sizes=\"auto, (max-width: 600px) 100vw, 600px\" \/><\/a><\/div>\t\t<\/div>\r\n\t\t\t<\/article>\r\n<\/div><div class=\"w-grid-preloader\">\t<div class=\"g-preloader type_1\">\r\n\t\t<div><\/div>\r\n\t<\/div>\r\n\t<\/div>\t<div class=\"w-grid-json hidden\" onclick='return {&quot;action&quot;:&quot;us_ajax_grid&quot;,&quot;infinite_scroll&quot;:0,&quot;max_num_pages&quot;:1,&quot;pagination&quot;:&quot;none&quot;,&quot;template_vars&quot;:{&quot;columns&quot;:&quot;3&quot;,&quot;exclude_items&quot;:&quot;none&quot;,&quot;img_size&quot;:&quot;us_600_600_crop&quot;,&quot;ignore_items_size&quot;:0,&quot;items_layout&quot;:&quot;212&quot;,&quot;items_offset&quot;:&quot;1&quot;,&quot;load_animation&quot;:&quot;none&quot;,&quot;overriding_link&quot;:&quot;%7B%22type%22%3A%22popup_image%22%7D&quot;,&quot;post_id&quot;:0,&quot;query_args&quot;:{&quot;post_type&quot;:[&quot;attachment&quot;],&quot;post__in&quot;:[&quot;1093&quot;,&quot;1088&quot;,&quot;1098&quot;,&quot;1103&quot;,&quot;79175&quot;,&quot;79165&quot;],&quot;post_status&quot;:&quot;inherit&quot;,&quot;post_mime_type&quot;:&quot;image&quot;,&quot;posts_per_page&quot;:&quot;10&quot;},&quot;orderby_query_args&quot;:{&quot;orderby&quot;:{&quot;post__in&quot;:&quot;ASC&quot;},&quot;order&quot;:&quot;ASC&quot;},&quot;type&quot;:&quot;grid&quot;,&quot;us_grid_post_type&quot;:&quot;attachment&quot;,&quot;us_grid_ajax_index&quot;:1,&quot;us_grid_filter_query_string&quot;:null,&quot;us_grid_index&quot;:1,&quot;page_args&quot;:[],&quot;lang&quot;:&quot;lv&quot;}}'><\/div>\r\n\t<\/div><\/div><\/div><\/div><\/div><\/div><\/div><\/div><\/div><\/div><\/section>\n","protected":false},"excerpt":{"rendered":"","protected":false},"author":1,"featured_media":75547,"parent":1589,"menu_order":0,"comment_status":"closed","ping_status":"closed","template":"","meta":{"_acf_changed":false,"footnotes":""},"class_list":["post-1292","page","type-page","status-publish","has-post-thumbnail","hentry"],"acf":[],"yoast_head":"<!-- This site is optimized with the Yoast SEO Premium plugin v23.9 (Yoast SEO v27.5) - https:\/\/yoast.com\/product\/yoast-seo-premium-wordpress\/ -->\n<title>Konteineru p\u0101rvad\u0101jumi - Miil O\u00dc<\/title>\n<meta name=\"description\" content=\"Konteineru p\u0101rvad\u0101jumi | J\u016bras konteineru noma | P\u0101rdodu j\u016bras konteinerus | Izol\u0113tas kaj\u012btes | Termin\u0101\u013ca pakalpojumi \u2b50\ufe0f\u2b50\ufe0f\u2b50\ufe0f\u2b50\ufe0f\u2b50\ufe0f\" \/>\n<meta name=\"robots\" content=\"index, follow, max-snippet:-1, max-image-preview:large, max-video-preview:-1\" \/>\n<link rel=\"canonical\" href=\"https:\/\/miil.dev.almic.ee\/lv\/pakalpojumi\/konteineru-parvadajumi\/\" \/>\n<meta property=\"og:locale\" content=\"lv_LV\" \/>\n<meta property=\"og:type\" content=\"article\" \/>\n<meta property=\"og:title\" content=\"Konteineru p\u0101rvad\u0101jumi\" \/>\n<meta property=\"og:description\" content=\"Konteineru p\u0101rvad\u0101jumi | J\u016bras konteineru noma | P\u0101rdodu j\u016bras konteinerus | Izol\u0113tas kaj\u012btes | Termin\u0101\u013ca pakalpojumi \u2b50\ufe0f\u2b50\ufe0f\u2b50\ufe0f\u2b50\ufe0f\u2b50\ufe0f\" \/>\n<meta property=\"og:url\" content=\"https:\/\/miil.dev.almic.ee\/lv\/pakalpojumi\/konteineru-parvadajumi\/\" \/>\n<meta property=\"og:site_name\" content=\"Miil O\u00dc\" \/>\n<meta property=\"article:publisher\" content=\"https:\/\/www.facebook.com\/konteinerveod\/\" \/>\n<meta property=\"article:modified_time\" content=\"2024-11-15T08:06:18+00:00\" \/>\n<meta property=\"og:image\" content=\"https:\/\/miil.dev.almic.ee\/wp-content\/uploads\/2024\/09\/kraana-transport-konteinerite-transport-container-terminal-depot-estonia-terminal-helsinki-crane-truck-hiab-crane-20-scaled.jpg\" \/>\n\t<meta property=\"og:image:width\" content=\"1900\" \/>\n\t<meta property=\"og:image:height\" content=\"1425\" \/>\n\t<meta property=\"og:image:type\" content=\"image\/jpeg\" \/>\n<meta name=\"twitter:card\" content=\"summary_large_image\" \/>\n<meta name=\"twitter:label1\" content=\"Est. reading time\" \/>\n\t<meta name=\"twitter:data1\" content=\"2 minutes\" \/>\n<script type=\"application\/ld+json\" class=\"yoast-schema-graph\">{\"@context\":\"https:\\\/\\\/schema.org\",\"@graph\":[{\"@type\":\"WebPage\",\"@id\":\"https:\\\/\\\/miil.dev.almic.ee\\\/lv\\\/pakalpojumi\\\/konteineru-parvadajumi\\\/\",\"url\":\"https:\\\/\\\/miil.dev.almic.ee\\\/lv\\\/pakalpojumi\\\/konteineru-parvadajumi\\\/\",\"name\":\"Konteineru p\u0101rvad\u0101jumi - Miil O\u00dc\",\"isPartOf\":{\"@id\":\"https:\\\/\\\/miil.dev.almic.ee\\\/#website\"},\"primaryImageOfPage\":{\"@id\":\"https:\\\/\\\/miil.dev.almic.ee\\\/lv\\\/pakalpojumi\\\/konteineru-parvadajumi\\\/#primaryimage\"},\"image\":{\"@id\":\"https:\\\/\\\/miil.dev.almic.ee\\\/lv\\\/pakalpojumi\\\/konteineru-parvadajumi\\\/#primaryimage\"},\"thumbnailUrl\":\"https:\\\/\\\/miil.dev.almic.ee\\\/wp-content\\\/uploads\\\/2024\\\/09\\\/kraana-transport-konteinerite-transport-container-terminal-depot-estonia-terminal-helsinki-crane-truck-hiab-crane-20-scaled.jpg\",\"datePublished\":\"2022-04-11T17:27:21+00:00\",\"dateModified\":\"2024-11-15T08:06:18+00:00\",\"description\":\"Konteineru p\u0101rvad\u0101jumi | J\u016bras konteineru noma | P\u0101rdodu j\u016bras konteinerus | Izol\u0113tas kaj\u012btes | Termin\u0101\u013ca pakalpojumi \u2b50\ufe0f\u2b50\ufe0f\u2b50\ufe0f\u2b50\ufe0f\u2b50\ufe0f\",\"breadcrumb\":{\"@id\":\"https:\\\/\\\/miil.dev.almic.ee\\\/lv\\\/pakalpojumi\\\/konteineru-parvadajumi\\\/#breadcrumb\"},\"inLanguage\":\"lv-LV\",\"potentialAction\":[{\"@type\":\"ReadAction\",\"target\":[\"https:\\\/\\\/miil.dev.almic.ee\\\/lv\\\/pakalpojumi\\\/konteineru-parvadajumi\\\/\"]}]},{\"@type\":\"ImageObject\",\"inLanguage\":\"lv-LV\",\"@id\":\"https:\\\/\\\/miil.dev.almic.ee\\\/lv\\\/pakalpojumi\\\/konteineru-parvadajumi\\\/#primaryimage\",\"url\":\"https:\\\/\\\/miil.dev.almic.ee\\\/wp-content\\\/uploads\\\/2024\\\/09\\\/kraana-transport-konteinerite-transport-container-terminal-depot-estonia-terminal-helsinki-crane-truck-hiab-crane-20-scaled.jpg\",\"contentUrl\":\"https:\\\/\\\/miil.dev.almic.ee\\\/wp-content\\\/uploads\\\/2024\\\/09\\\/kraana-transport-konteinerite-transport-container-terminal-depot-estonia-terminal-helsinki-crane-truck-hiab-crane-20-scaled.jpg\",\"width\":1900,\"height\":1425},{\"@type\":\"BreadcrumbList\",\"@id\":\"https:\\\/\\\/miil.dev.almic.ee\\\/lv\\\/pakalpojumi\\\/konteineru-parvadajumi\\\/#breadcrumb\",\"itemListElement\":[{\"@type\":\"ListItem\",\"position\":1,\"name\":\"Home\",\"item\":\"https:\\\/\\\/miil.dev.almic.ee\\\/lv\\\/\"},{\"@type\":\"ListItem\",\"position\":2,\"name\":\"Pakalpojumi\",\"item\":\"https:\\\/\\\/miil.dev.almic.ee\\\/lv\\\/pakalpojumi\\\/\"},{\"@type\":\"ListItem\",\"position\":3,\"name\":\"Konteineru p\u0101rvad\u0101jumi\"}]},{\"@type\":\"WebSite\",\"@id\":\"https:\\\/\\\/miil.dev.almic.ee\\\/#website\",\"url\":\"https:\\\/\\\/miil.dev.almic.ee\\\/\",\"name\":\"Miil O\u00dc\",\"description\":\"Konteinerveod\",\"publisher\":{\"@id\":\"https:\\\/\\\/miil.dev.almic.ee\\\/#organization\"},\"potentialAction\":[{\"@type\":\"SearchAction\",\"target\":{\"@type\":\"EntryPoint\",\"urlTemplate\":\"https:\\\/\\\/miil.dev.almic.ee\\\/?s={search_term_string}\"},\"query-input\":{\"@type\":\"PropertyValueSpecification\",\"valueRequired\":true,\"valueName\":\"search_term_string\"}}],\"inLanguage\":\"lv-LV\"},{\"@type\":\"Organization\",\"@id\":\"https:\\\/\\\/miil.dev.almic.ee\\\/#organization\",\"name\":\"Miil O\u00dc\",\"url\":\"https:\\\/\\\/miil.dev.almic.ee\\\/\",\"logo\":{\"@type\":\"ImageObject\",\"inLanguage\":\"lv-LV\",\"@id\":\"https:\\\/\\\/miil.dev.almic.ee\\\/#\\\/schema\\\/logo\\\/image\\\/\",\"url\":\"https:\\\/\\\/www.miil.ee\\\/wp-content\\\/uploads\\\/2022\\\/02\\\/Miil-logo.svg\",\"contentUrl\":\"https:\\\/\\\/www.miil.ee\\\/wp-content\\\/uploads\\\/2022\\\/02\\\/Miil-logo.svg\",\"width\":\"1024\",\"height\":\"1024\",\"caption\":\"Miil O\u00dc\"},\"image\":{\"@id\":\"https:\\\/\\\/miil.dev.almic.ee\\\/#\\\/schema\\\/logo\\\/image\\\/\"},\"sameAs\":[\"https:\\\/\\\/www.facebook.com\\\/konteinerveod\\\/\",\"https:\\\/\\\/www.instagram.com\\\/ou_miil\\\/\"]}]}<\/script>\n<!-- \/ Yoast SEO Premium plugin. -->","yoast_head_json":{"title":"Konteineru p\u0101rvad\u0101jumi - Miil O\u00dc","description":"Konteineru p\u0101rvad\u0101jumi | J\u016bras konteineru noma | P\u0101rdodu j\u016bras konteinerus | Izol\u0113tas kaj\u012btes | Termin\u0101\u013ca pakalpojumi \u2b50\ufe0f\u2b50\ufe0f\u2b50\ufe0f\u2b50\ufe0f\u2b50\ufe0f","robots":{"index":"index","follow":"follow","max-snippet":"max-snippet:-1","max-image-preview":"max-image-preview:large","max-video-preview":"max-video-preview:-1"},"canonical":"https:\/\/miil.dev.almic.ee\/lv\/pakalpojumi\/konteineru-parvadajumi\/","og_locale":"lv_LV","og_type":"article","og_title":"Konteineru p\u0101rvad\u0101jumi","og_description":"Konteineru p\u0101rvad\u0101jumi | J\u016bras konteineru noma | P\u0101rdodu j\u016bras konteinerus | Izol\u0113tas kaj\u012btes | Termin\u0101\u013ca pakalpojumi \u2b50\ufe0f\u2b50\ufe0f\u2b50\ufe0f\u2b50\ufe0f\u2b50\ufe0f","og_url":"https:\/\/miil.dev.almic.ee\/lv\/pakalpojumi\/konteineru-parvadajumi\/","og_site_name":"Miil O\u00dc","article_publisher":"https:\/\/www.facebook.com\/konteinerveod\/","article_modified_time":"2024-11-15T08:06:18+00:00","og_image":[{"width":1900,"height":1425,"url":"https:\/\/miil.dev.almic.ee\/wp-content\/uploads\/2024\/09\/kraana-transport-konteinerite-transport-container-terminal-depot-estonia-terminal-helsinki-crane-truck-hiab-crane-20-scaled.jpg","type":"image\/jpeg"}],"twitter_card":"summary_large_image","twitter_misc":{"Est. reading time":"2 minutes"},"schema":{"@context":"https:\/\/schema.org","@graph":[{"@type":"WebPage","@id":"https:\/\/miil.dev.almic.ee\/lv\/pakalpojumi\/konteineru-parvadajumi\/","url":"https:\/\/miil.dev.almic.ee\/lv\/pakalpojumi\/konteineru-parvadajumi\/","name":"Konteineru p\u0101rvad\u0101jumi - Miil O\u00dc","isPartOf":{"@id":"https:\/\/miil.dev.almic.ee\/#website"},"primaryImageOfPage":{"@id":"https:\/\/miil.dev.almic.ee\/lv\/pakalpojumi\/konteineru-parvadajumi\/#primaryimage"},"image":{"@id":"https:\/\/miil.dev.almic.ee\/lv\/pakalpojumi\/konteineru-parvadajumi\/#primaryimage"},"thumbnailUrl":"https:\/\/miil.dev.almic.ee\/wp-content\/uploads\/2024\/09\/kraana-transport-konteinerite-transport-container-terminal-depot-estonia-terminal-helsinki-crane-truck-hiab-crane-20-scaled.jpg","datePublished":"2022-04-11T17:27:21+00:00","dateModified":"2024-11-15T08:06:18+00:00","description":"Konteineru p\u0101rvad\u0101jumi | J\u016bras konteineru noma | P\u0101rdodu j\u016bras konteinerus | Izol\u0113tas kaj\u012btes | Termin\u0101\u013ca pakalpojumi \u2b50\ufe0f\u2b50\ufe0f\u2b50\ufe0f\u2b50\ufe0f\u2b50\ufe0f","breadcrumb":{"@id":"https:\/\/miil.dev.almic.ee\/lv\/pakalpojumi\/konteineru-parvadajumi\/#breadcrumb"},"inLanguage":"lv-LV","potentialAction":[{"@type":"ReadAction","target":["https:\/\/miil.dev.almic.ee\/lv\/pakalpojumi\/konteineru-parvadajumi\/"]}]},{"@type":"ImageObject","inLanguage":"lv-LV","@id":"https:\/\/miil.dev.almic.ee\/lv\/pakalpojumi\/konteineru-parvadajumi\/#primaryimage","url":"https:\/\/miil.dev.almic.ee\/wp-content\/uploads\/2024\/09\/kraana-transport-konteinerite-transport-container-terminal-depot-estonia-terminal-helsinki-crane-truck-hiab-crane-20-scaled.jpg","contentUrl":"https:\/\/miil.dev.almic.ee\/wp-content\/uploads\/2024\/09\/kraana-transport-konteinerite-transport-container-terminal-depot-estonia-terminal-helsinki-crane-truck-hiab-crane-20-scaled.jpg","width":1900,"height":1425},{"@type":"BreadcrumbList","@id":"https:\/\/miil.dev.almic.ee\/lv\/pakalpojumi\/konteineru-parvadajumi\/#breadcrumb","itemListElement":[{"@type":"ListItem","position":1,"name":"Home","item":"https:\/\/miil.dev.almic.ee\/lv\/"},{"@type":"ListItem","position":2,"name":"Pakalpojumi","item":"https:\/\/miil.dev.almic.ee\/lv\/pakalpojumi\/"},{"@type":"ListItem","position":3,"name":"Konteineru p\u0101rvad\u0101jumi"}]},{"@type":"WebSite","@id":"https:\/\/miil.dev.almic.ee\/#website","url":"https:\/\/miil.dev.almic.ee\/","name":"Miil O\u00dc","description":"Konteinerveod","publisher":{"@id":"https:\/\/miil.dev.almic.ee\/#organization"},"potentialAction":[{"@type":"SearchAction","target":{"@type":"EntryPoint","urlTemplate":"https:\/\/miil.dev.almic.ee\/?s={search_term_string}"},"query-input":{"@type":"PropertyValueSpecification","valueRequired":true,"valueName":"search_term_string"}}],"inLanguage":"lv-LV"},{"@type":"Organization","@id":"https:\/\/miil.dev.almic.ee\/#organization","name":"Miil O\u00dc","url":"https:\/\/miil.dev.almic.ee\/","logo":{"@type":"ImageObject","inLanguage":"lv-LV","@id":"https:\/\/miil.dev.almic.ee\/#\/schema\/logo\/image\/","url":"https:\/\/www.miil.ee\/wp-content\/uploads\/2022\/02\/Miil-logo.svg","contentUrl":"https:\/\/www.miil.ee\/wp-content\/uploads\/2022\/02\/Miil-logo.svg","width":"1024","height":"1024","caption":"Miil O\u00dc"},"image":{"@id":"https:\/\/miil.dev.almic.ee\/#\/schema\/logo\/image\/"},"sameAs":["https:\/\/www.facebook.com\/konteinerveod\/","https:\/\/www.instagram.com\/ou_miil\/"]}]}},"_links":{"self":[{"href":"https:\/\/miil.dev.almic.ee\/lv\/wp-json\/wp\/v2\/pages\/1292","targetHints":{"allow":["GET"]}}],"collection":[{"href":"https:\/\/miil.dev.almic.ee\/lv\/wp-json\/wp\/v2\/pages"}],"about":[{"href":"https:\/\/miil.dev.almic.ee\/lv\/wp-json\/wp\/v2\/types\/page"}],"author":[{"embeddable":true,"href":"https:\/\/miil.dev.almic.ee\/lv\/wp-json\/wp\/v2\/users\/1"}],"replies":[{"embeddable":true,"href":"https:\/\/miil.dev.almic.ee\/lv\/wp-json\/wp\/v2\/comments?post=1292"}],"version-history":[{"count":0,"href":"https:\/\/miil.dev.almic.ee\/lv\/wp-json\/wp\/v2\/pages\/1292\/revisions"}],"up":[{"embeddable":true,"href":"https:\/\/miil.dev.almic.ee\/lv\/wp-json\/wp\/v2\/pages\/1589"}],"wp:featuredmedia":[{"embeddable":true,"href":"https:\/\/miil.dev.almic.ee\/lv\/wp-json\/wp\/v2\/media\/75547"}],"wp:attachment":[{"href":"https:\/\/miil.dev.almic.ee\/lv\/wp-json\/wp\/v2\/media?parent=1292"}],"curies":[{"name":"wp","href":"https:\/\/api.w.org\/{rel}","templated":true}]}}