{"id":12387,"date":"2022-07-28T09:28:08","date_gmt":"2022-07-28T06:28:08","guid":{"rendered":"https:\/\/www.miil.ee\/pakalpojumi\/bistamo-kravu-parvadajumi-adr\/"},"modified":"2024-11-15T10:14:06","modified_gmt":"2024-11-15T08:14:06","slug":"bistamo-kravu-parvadajumi-adr","status":"publish","type":"page","link":"https:\/\/miil.dev.almic.ee\/lv\/pakalpojumi\/bistamo-kravu-parvadajumi-adr\/","title":{"rendered":"B\u012bstamo kravu p\u0101rvad\u0101jumi (ADR)"},"content":{"rendered":"<section class=\"l-section wpb_row height_medium\"><div class=\"l-section-h i-cf\"><div class=\"g-cols vc_row via_flex valign_top type_default stacking_default\"><div class=\"vc_col-sm-12 wpb_column vc_column_container\"><div class=\"vc_column-inner\"><div class=\"wpb_wrapper\"><div class=\"g-cols wpb_row via_flex valign_top type_default stacking_default\"><div class=\"vc_col-sm-12 wpb_column vc_column_container\"><div class=\"vc_column-inner\"><div class=\"wpb_wrapper\"><div class=\"wpb_text_column\"><div class=\"wpb_wrapper\"><p>Miil O\u00dc p\u0101rvad\u0101 ar\u012b b\u012bstam\u0101s kravas (ADR, IMO) Igaunij\u0101 un \u0101rvalst\u012bs. Visi m\u016bsu transportl\u012bdzek\u013ci un konteineru piekabes ir ADR apstiprin\u0101tas (FL, AT, EX\/II un EX\/III). M\u0113s pied\u0101v\u0101jam dro\u0161u visu ADR kla\u0161u b\u012bstamo kravu transport\u0113\u0161anu: tai skait\u0101 spr\u0101gstvielas (ADR 1. klase), radioakt\u012bvos materi\u0101lus (ADR 7. klase). K\u0101 ar\u012b b\u012bstamo \u0161\u0137idro vielu transport\u0113\u0161ana cisternas konteineros. Par papildu samaksu ar\u012b mar\u0137\u0113jam b\u012bstamo kravu konteinerus ar ADR atbilsto\u0161\u0101m eti\u0137et\u0113m un mar\u0137\u0113jumiem.<\/p>\n<p>O\u00dc Miil profesion\u0101lie \u0161oferi ir izg\u0101ju\u0161i ADR transporta apm\u0101c\u012bbu un m\u016bsu uz\u0146\u0113mum\u0101 ir iecelts dro\u0161\u012bbas konsultants. Turkl\u0101t m\u0113s esam Igaunijas Aizsardz\u012bbas sp\u0113ku l\u012bguma partneris. Mums ir ar\u012b papildu atbild\u012bbas apdro\u0161in\u0101\u0161ana spr\u0101gstvielu, milit\u0101ro iero\u010du, mun\u012bcijas un spr\u0101gstvielu mun\u012bcijas transport\u0113\u0161anai.<\/p>\n<p>Atsl\u0113gv\u0101rdi: ADR klase 1, ADR klase 1,4S, ADR klase 1.1, ADR klase 2, ADR klase 3, ADR klase 4, ADR klase 5, ADR klase 7, ADR klase 9, cisternas, cisternas.<\/p>\n<h2>B\u012bstamo kravu p\u0101rvad\u0101jumi, k\u0101 ar\u012b bezb\u012bstam\u012bbas s\u016bt\u012bjumi<\/h2>\n<p>Papildus b\u012bstamaj\u0101m krav\u0101m m\u0113s, protams, p\u0101rvad\u0101jam neb\u012bstamus s\u016bt\u012bjumus, refri\u017eeratoru konteinerus, cisternas, mini m\u0101jas un izol\u0113tas kaj\u012btes.<br \/>\nM\u0113s ar\u012b p\u0101rdodam un iznom\u0101jam p\u0101rvad\u0101\u0161anas konteinerus un visu iepriek\u0161 min\u0113to.<\/p>\n<p>M\u0113s izgatavojam p\u0101rvad\u0101\u0161anas konteinerus, mini-m\u0101ju un cisternu konteinerus p\u0113c klienta v\u0113l\u0113\u0161an\u0101s. Visi konteineri tiks dro\u0161i un laik\u0101 nog\u0101d\u0101ti galam\u0113r\u0137\u012b. M\u016bsu sniegto pakalpojumu kvalit\u0101te mums ir vissvar\u012bg\u0101k\u0101!<\/p>\n<p>Konteineru cel\u0161anai parasti izmantojam <a href=\"https:\/\/www.miil.ee\/lv\/pakalpojumi\/celtnis\/\">celtni<\/a> vai <a href=\"http:\/\/s\u0101nu iekr\u0101v\u0113ju.\">sideloader<\/a> un sare\u017e\u0123\u012bt\u0101kas vietas risin\u0101m ar <a href=\"https:\/\/www.miil.ee\/lv\/pakalpojumi\/ram-pasizgazejs\/\">RAM backloader<\/a>.<\/p>\n<p>Sekojiet mums <a href=\"https:\/\/www.facebook.com\/konteinerveod\/\">Facebook<\/a> vai <a href=\"https:\/\/www.instagram.com\/ou_miil\/\">Instagram.<\/a><\/p>\n<\/div><\/div><\/div><\/div><\/div><\/div><div class=\"g-cols wpb_row via_flex valign_top type_default stacking_default\"><div class=\"vc_col-sm-12 wpb_column vc_column_container\"><div class=\"vc_column-inner\"><div class=\"wpb_wrapper\"><div class=\"w-grid type_grid layout_212 hidden cols_3\" id=\"us_grid_1\" style=\"--gap:0.5rem;\" data-filterable=\"true\"><style>@media (max-width:1024px){#us_grid_1 .w-grid-item{width:50%}}@media (max-width:600px){#us_grid_1 .w-grid-list{margin:0}#us_grid_1 .w-grid-item{width:100%;padding:0;margin-bottom:var(--gap,0px)}}.layout_212 .w-grid-item-h{}<\/style><div class=\"w-grid-list\"><\/div><div class=\"w-grid-preloader\">\t<div class=\"g-preloader type_1\">\r\n\t\t<div><\/div>\r\n\t<\/div>\r\n\t<\/div>\t<div class=\"w-grid-json hidden\" onclick='return {&quot;action&quot;:&quot;us_ajax_grid&quot;,&quot;infinite_scroll&quot;:0,&quot;max_num_pages&quot;:0,&quot;pagination&quot;:&quot;none&quot;,&quot;template_vars&quot;:{&quot;columns&quot;:&quot;3&quot;,&quot;exclude_items&quot;:&quot;none&quot;,&quot;img_size&quot;:&quot;us_600_600_crop&quot;,&quot;ignore_items_size&quot;:0,&quot;items_layout&quot;:&quot;212&quot;,&quot;items_offset&quot;:&quot;1&quot;,&quot;load_animation&quot;:&quot;none&quot;,&quot;overriding_link&quot;:&quot;%7B%22type%22%3A%22popup_image%22%7D&quot;,&quot;post_id&quot;:0,&quot;query_args&quot;:{&quot;post_type&quot;:[&quot;attachment&quot;],&quot;post__in&quot;:[&quot;1093&quot;,&quot;1088&quot;,&quot;1098&quot;,&quot;1103&quot;],&quot;post_status&quot;:&quot;inherit&quot;,&quot;post_mime_type&quot;:&quot;image&quot;,&quot;posts_per_page&quot;:&quot;10&quot;},&quot;orderby_query_args&quot;:{&quot;orderby&quot;:{&quot;post__in&quot;:&quot;ASC&quot;},&quot;order&quot;:&quot;ASC&quot;},&quot;type&quot;:&quot;grid&quot;,&quot;us_grid_post_type&quot;:&quot;attachment&quot;,&quot;us_grid_ajax_index&quot;:1,&quot;us_grid_filter_query_string&quot;:null,&quot;us_grid_index&quot;:1,&quot;page_args&quot;:[],&quot;lang&quot;:&quot;lv&quot;}}'><\/div>\r\n\t<\/div><div class=\"w-grid-none type_message\">No results found.<\/div><\/div><\/div><\/div><\/div><\/div><\/div><\/div><\/div><\/div><\/section>\n","protected":false},"excerpt":{"rendered":"Miil O\u00dc p\u0101rvad\u0101 ar\u012b b\u012bstam\u0101s kravas (ADR, IMO) Igaunij\u0101 un \u0101rvalst\u012bs. Visi m\u016bsu transportl\u012bdzek\u013ci un konteineru piekabes ir ADR apstiprin\u0101tas (FL, AT, EX\/II un EX\/III). M\u0113s pied\u0101v\u0101jam dro\u0161u visu ADR kla\u0161u b\u012bstamo kravu transport\u0113\u0161anu: tai skait\u0101 spr\u0101gstvielas (ADR 1. klase), radioakt\u012bvos materi\u0101lus (ADR 7. klase). K\u0101 ar\u012b b\u012bstamo \u0161\u0137idro vielu transport\u0113\u0161ana cisternas konteineros. Par papildu...","protected":false},"author":2,"featured_media":75589,"parent":1589,"menu_order":0,"comment_status":"closed","ping_status":"closed","template":"","meta":{"_acf_changed":false,"footnotes":""},"class_list":["post-12387","page","type-page","status-publish","has-post-thumbnail","hentry"],"acf":[],"yoast_head":"<!-- This site is optimized with the Yoast SEO Premium plugin v23.9 (Yoast SEO v27.5) - https:\/\/yoast.com\/product\/yoast-seo-premium-wordpress\/ -->\n<title>B\u012bstamo kravu p\u0101rvad\u0101jumi (ADR) - Miil O\u00dc<\/title>\n<meta name=\"description\" content=\"Dro\u0161i p\u0101rvad\u0101jam b\u012bst\u0101s kravas (ADR) vis\u0101s klas\u0113s. Apm\u0101c\u012bti vad\u012bt\u0101ji, atbilsto\u0161s apr\u012bkojums. Pas\u016bti ar\u012b b\u012bstamo konteineru mar\u0137\u0113\u0161anu.\" \/>\n<meta name=\"robots\" content=\"index, follow, max-snippet:-1, max-image-preview:large, max-video-preview:-1\" \/>\n<link rel=\"canonical\" href=\"https:\/\/miil.dev.almic.ee\/lv\/pakalpojumi\/bistamo-kravu-parvadajumi-adr\/\" \/>\n<meta property=\"og:locale\" content=\"lv_LV\" \/>\n<meta property=\"og:type\" content=\"article\" \/>\n<meta property=\"og:title\" content=\"B\u012bstamo kravu p\u0101rvad\u0101jumi (ADR)\" \/>\n<meta property=\"og:description\" content=\"Dro\u0161i p\u0101rvad\u0101jam b\u012bst\u0101s kravas (ADR) vis\u0101s klas\u0113s. Apm\u0101c\u012bti vad\u012bt\u0101ji, atbilsto\u0161s apr\u012bkojums. Pas\u016bti ar\u012b b\u012bstamo konteineru mar\u0137\u0113\u0161anu.\" \/>\n<meta property=\"og:url\" content=\"https:\/\/miil.dev.almic.ee\/lv\/pakalpojumi\/bistamo-kravu-parvadajumi-adr\/\" \/>\n<meta property=\"og:site_name\" content=\"Miil O\u00dc\" \/>\n<meta property=\"article:publisher\" content=\"https:\/\/www.facebook.com\/konteinerveod\/\" \/>\n<meta property=\"article:modified_time\" content=\"2024-11-15T08:14:06+00:00\" \/>\n<meta property=\"og:image\" content=\"https:\/\/miil.dev.almic.ee\/wp-content\/uploads\/2024\/09\/f1-scaled.jpg\" \/>\n\t<meta property=\"og:image:width\" content=\"1900\" \/>\n\t<meta property=\"og:image:height\" content=\"1425\" \/>\n\t<meta property=\"og:image:type\" content=\"image\/jpeg\" \/>\n<meta name=\"twitter:card\" content=\"summary_large_image\" \/>\n<meta name=\"twitter:label1\" content=\"Est. reading time\" \/>\n\t<meta name=\"twitter:data1\" content=\"2 minutes\" \/>\n<script type=\"application\/ld+json\" class=\"yoast-schema-graph\">{\"@context\":\"https:\\\/\\\/schema.org\",\"@graph\":[{\"@type\":\"WebPage\",\"@id\":\"https:\\\/\\\/miil.dev.almic.ee\\\/lv\\\/pakalpojumi\\\/bistamo-kravu-parvadajumi-adr\\\/\",\"url\":\"https:\\\/\\\/miil.dev.almic.ee\\\/lv\\\/pakalpojumi\\\/bistamo-kravu-parvadajumi-adr\\\/\",\"name\":\"B\u012bstamo kravu p\u0101rvad\u0101jumi (ADR) - Miil O\u00dc\",\"isPartOf\":{\"@id\":\"https:\\\/\\\/miil.dev.almic.ee\\\/#website\"},\"primaryImageOfPage\":{\"@id\":\"https:\\\/\\\/miil.dev.almic.ee\\\/lv\\\/pakalpojumi\\\/bistamo-kravu-parvadajumi-adr\\\/#primaryimage\"},\"image\":{\"@id\":\"https:\\\/\\\/miil.dev.almic.ee\\\/lv\\\/pakalpojumi\\\/bistamo-kravu-parvadajumi-adr\\\/#primaryimage\"},\"thumbnailUrl\":\"https:\\\/\\\/miil.dev.almic.ee\\\/wp-content\\\/uploads\\\/2024\\\/09\\\/f1-scaled.jpg\",\"datePublished\":\"2022-07-28T06:28:08+00:00\",\"dateModified\":\"2024-11-15T08:14:06+00:00\",\"description\":\"Dro\u0161i p\u0101rvad\u0101jam b\u012bst\u0101s kravas (ADR) vis\u0101s klas\u0113s. Apm\u0101c\u012bti vad\u012bt\u0101ji, atbilsto\u0161s apr\u012bkojums. Pas\u016bti ar\u012b b\u012bstamo konteineru mar\u0137\u0113\u0161anu.\",\"breadcrumb\":{\"@id\":\"https:\\\/\\\/miil.dev.almic.ee\\\/lv\\\/pakalpojumi\\\/bistamo-kravu-parvadajumi-adr\\\/#breadcrumb\"},\"inLanguage\":\"lv-LV\",\"potentialAction\":[{\"@type\":\"ReadAction\",\"target\":[\"https:\\\/\\\/miil.dev.almic.ee\\\/lv\\\/pakalpojumi\\\/bistamo-kravu-parvadajumi-adr\\\/\"]}]},{\"@type\":\"ImageObject\",\"inLanguage\":\"lv-LV\",\"@id\":\"https:\\\/\\\/miil.dev.almic.ee\\\/lv\\\/pakalpojumi\\\/bistamo-kravu-parvadajumi-adr\\\/#primaryimage\",\"url\":\"https:\\\/\\\/miil.dev.almic.ee\\\/wp-content\\\/uploads\\\/2024\\\/09\\\/f1-scaled.jpg\",\"contentUrl\":\"https:\\\/\\\/miil.dev.almic.ee\\\/wp-content\\\/uploads\\\/2024\\\/09\\\/f1-scaled.jpg\",\"width\":1900,\"height\":1425},{\"@type\":\"BreadcrumbList\",\"@id\":\"https:\\\/\\\/miil.dev.almic.ee\\\/lv\\\/pakalpojumi\\\/bistamo-kravu-parvadajumi-adr\\\/#breadcrumb\",\"itemListElement\":[{\"@type\":\"ListItem\",\"position\":1,\"name\":\"Home\",\"item\":\"https:\\\/\\\/miil.dev.almic.ee\\\/lv\\\/\"},{\"@type\":\"ListItem\",\"position\":2,\"name\":\"Pakalpojumi\",\"item\":\"https:\\\/\\\/miil.dev.almic.ee\\\/lv\\\/pakalpojumi\\\/\"},{\"@type\":\"ListItem\",\"position\":3,\"name\":\"B\u012bstamo kravu p\u0101rvad\u0101jumi (ADR)\"}]},{\"@type\":\"WebSite\",\"@id\":\"https:\\\/\\\/miil.dev.almic.ee\\\/#website\",\"url\":\"https:\\\/\\\/miil.dev.almic.ee\\\/\",\"name\":\"Miil O\u00dc\",\"description\":\"Konteinerveod\",\"publisher\":{\"@id\":\"https:\\\/\\\/miil.dev.almic.ee\\\/#organization\"},\"potentialAction\":[{\"@type\":\"SearchAction\",\"target\":{\"@type\":\"EntryPoint\",\"urlTemplate\":\"https:\\\/\\\/miil.dev.almic.ee\\\/?s={search_term_string}\"},\"query-input\":{\"@type\":\"PropertyValueSpecification\",\"valueRequired\":true,\"valueName\":\"search_term_string\"}}],\"inLanguage\":\"lv-LV\"},{\"@type\":\"Organization\",\"@id\":\"https:\\\/\\\/miil.dev.almic.ee\\\/#organization\",\"name\":\"Miil O\u00dc\",\"url\":\"https:\\\/\\\/miil.dev.almic.ee\\\/\",\"logo\":{\"@type\":\"ImageObject\",\"inLanguage\":\"lv-LV\",\"@id\":\"https:\\\/\\\/miil.dev.almic.ee\\\/#\\\/schema\\\/logo\\\/image\\\/\",\"url\":\"https:\\\/\\\/www.miil.ee\\\/wp-content\\\/uploads\\\/2022\\\/02\\\/Miil-logo.svg\",\"contentUrl\":\"https:\\\/\\\/www.miil.ee\\\/wp-content\\\/uploads\\\/2022\\\/02\\\/Miil-logo.svg\",\"width\":\"1024\",\"height\":\"1024\",\"caption\":\"Miil O\u00dc\"},\"image\":{\"@id\":\"https:\\\/\\\/miil.dev.almic.ee\\\/#\\\/schema\\\/logo\\\/image\\\/\"},\"sameAs\":[\"https:\\\/\\\/www.facebook.com\\\/konteinerveod\\\/\",\"https:\\\/\\\/www.instagram.com\\\/ou_miil\\\/\"]}]}<\/script>\n<!-- \/ Yoast SEO Premium plugin. -->","yoast_head_json":{"title":"B\u012bstamo kravu p\u0101rvad\u0101jumi (ADR) - Miil O\u00dc","description":"Dro\u0161i p\u0101rvad\u0101jam b\u012bst\u0101s kravas (ADR) vis\u0101s klas\u0113s. Apm\u0101c\u012bti vad\u012bt\u0101ji, atbilsto\u0161s apr\u012bkojums. Pas\u016bti ar\u012b b\u012bstamo konteineru mar\u0137\u0113\u0161anu.","robots":{"index":"index","follow":"follow","max-snippet":"max-snippet:-1","max-image-preview":"max-image-preview:large","max-video-preview":"max-video-preview:-1"},"canonical":"https:\/\/miil.dev.almic.ee\/lv\/pakalpojumi\/bistamo-kravu-parvadajumi-adr\/","og_locale":"lv_LV","og_type":"article","og_title":"B\u012bstamo kravu p\u0101rvad\u0101jumi (ADR)","og_description":"Dro\u0161i p\u0101rvad\u0101jam b\u012bst\u0101s kravas (ADR) vis\u0101s klas\u0113s. Apm\u0101c\u012bti vad\u012bt\u0101ji, atbilsto\u0161s apr\u012bkojums. Pas\u016bti ar\u012b b\u012bstamo konteineru mar\u0137\u0113\u0161anu.","og_url":"https:\/\/miil.dev.almic.ee\/lv\/pakalpojumi\/bistamo-kravu-parvadajumi-adr\/","og_site_name":"Miil O\u00dc","article_publisher":"https:\/\/www.facebook.com\/konteinerveod\/","article_modified_time":"2024-11-15T08:14:06+00:00","og_image":[{"width":1900,"height":1425,"url":"https:\/\/miil.dev.almic.ee\/wp-content\/uploads\/2024\/09\/f1-scaled.jpg","type":"image\/jpeg"}],"twitter_card":"summary_large_image","twitter_misc":{"Est. reading time":"2 minutes"},"schema":{"@context":"https:\/\/schema.org","@graph":[{"@type":"WebPage","@id":"https:\/\/miil.dev.almic.ee\/lv\/pakalpojumi\/bistamo-kravu-parvadajumi-adr\/","url":"https:\/\/miil.dev.almic.ee\/lv\/pakalpojumi\/bistamo-kravu-parvadajumi-adr\/","name":"B\u012bstamo kravu p\u0101rvad\u0101jumi (ADR) - Miil O\u00dc","isPartOf":{"@id":"https:\/\/miil.dev.almic.ee\/#website"},"primaryImageOfPage":{"@id":"https:\/\/miil.dev.almic.ee\/lv\/pakalpojumi\/bistamo-kravu-parvadajumi-adr\/#primaryimage"},"image":{"@id":"https:\/\/miil.dev.almic.ee\/lv\/pakalpojumi\/bistamo-kravu-parvadajumi-adr\/#primaryimage"},"thumbnailUrl":"https:\/\/miil.dev.almic.ee\/wp-content\/uploads\/2024\/09\/f1-scaled.jpg","datePublished":"2022-07-28T06:28:08+00:00","dateModified":"2024-11-15T08:14:06+00:00","description":"Dro\u0161i p\u0101rvad\u0101jam b\u012bst\u0101s kravas (ADR) vis\u0101s klas\u0113s. Apm\u0101c\u012bti vad\u012bt\u0101ji, atbilsto\u0161s apr\u012bkojums. Pas\u016bti ar\u012b b\u012bstamo konteineru mar\u0137\u0113\u0161anu.","breadcrumb":{"@id":"https:\/\/miil.dev.almic.ee\/lv\/pakalpojumi\/bistamo-kravu-parvadajumi-adr\/#breadcrumb"},"inLanguage":"lv-LV","potentialAction":[{"@type":"ReadAction","target":["https:\/\/miil.dev.almic.ee\/lv\/pakalpojumi\/bistamo-kravu-parvadajumi-adr\/"]}]},{"@type":"ImageObject","inLanguage":"lv-LV","@id":"https:\/\/miil.dev.almic.ee\/lv\/pakalpojumi\/bistamo-kravu-parvadajumi-adr\/#primaryimage","url":"https:\/\/miil.dev.almic.ee\/wp-content\/uploads\/2024\/09\/f1-scaled.jpg","contentUrl":"https:\/\/miil.dev.almic.ee\/wp-content\/uploads\/2024\/09\/f1-scaled.jpg","width":1900,"height":1425},{"@type":"BreadcrumbList","@id":"https:\/\/miil.dev.almic.ee\/lv\/pakalpojumi\/bistamo-kravu-parvadajumi-adr\/#breadcrumb","itemListElement":[{"@type":"ListItem","position":1,"name":"Home","item":"https:\/\/miil.dev.almic.ee\/lv\/"},{"@type":"ListItem","position":2,"name":"Pakalpojumi","item":"https:\/\/miil.dev.almic.ee\/lv\/pakalpojumi\/"},{"@type":"ListItem","position":3,"name":"B\u012bstamo kravu p\u0101rvad\u0101jumi (ADR)"}]},{"@type":"WebSite","@id":"https:\/\/miil.dev.almic.ee\/#website","url":"https:\/\/miil.dev.almic.ee\/","name":"Miil O\u00dc","description":"Konteinerveod","publisher":{"@id":"https:\/\/miil.dev.almic.ee\/#organization"},"potentialAction":[{"@type":"SearchAction","target":{"@type":"EntryPoint","urlTemplate":"https:\/\/miil.dev.almic.ee\/?s={search_term_string}"},"query-input":{"@type":"PropertyValueSpecification","valueRequired":true,"valueName":"search_term_string"}}],"inLanguage":"lv-LV"},{"@type":"Organization","@id":"https:\/\/miil.dev.almic.ee\/#organization","name":"Miil O\u00dc","url":"https:\/\/miil.dev.almic.ee\/","logo":{"@type":"ImageObject","inLanguage":"lv-LV","@id":"https:\/\/miil.dev.almic.ee\/#\/schema\/logo\/image\/","url":"https:\/\/www.miil.ee\/wp-content\/uploads\/2022\/02\/Miil-logo.svg","contentUrl":"https:\/\/www.miil.ee\/wp-content\/uploads\/2022\/02\/Miil-logo.svg","width":"1024","height":"1024","caption":"Miil O\u00dc"},"image":{"@id":"https:\/\/miil.dev.almic.ee\/#\/schema\/logo\/image\/"},"sameAs":["https:\/\/www.facebook.com\/konteinerveod\/","https:\/\/www.instagram.com\/ou_miil\/"]}]}},"_links":{"self":[{"href":"https:\/\/miil.dev.almic.ee\/lv\/wp-json\/wp\/v2\/pages\/12387","targetHints":{"allow":["GET"]}}],"collection":[{"href":"https:\/\/miil.dev.almic.ee\/lv\/wp-json\/wp\/v2\/pages"}],"about":[{"href":"https:\/\/miil.dev.almic.ee\/lv\/wp-json\/wp\/v2\/types\/page"}],"author":[{"embeddable":true,"href":"https:\/\/miil.dev.almic.ee\/lv\/wp-json\/wp\/v2\/users\/2"}],"replies":[{"embeddable":true,"href":"https:\/\/miil.dev.almic.ee\/lv\/wp-json\/wp\/v2\/comments?post=12387"}],"version-history":[{"count":0,"href":"https:\/\/miil.dev.almic.ee\/lv\/wp-json\/wp\/v2\/pages\/12387\/revisions"}],"up":[{"embeddable":true,"href":"https:\/\/miil.dev.almic.ee\/lv\/wp-json\/wp\/v2\/pages\/1589"}],"wp:featuredmedia":[{"embeddable":true,"href":"https:\/\/miil.dev.almic.ee\/lv\/wp-json\/wp\/v2\/media\/75589"}],"wp:attachment":[{"href":"https:\/\/miil.dev.almic.ee\/lv\/wp-json\/wp\/v2\/media?parent=12387"}],"curies":[{"name":"wp","href":"https:\/\/api.w.org\/{rel}","templated":true}]}}