{"id":12385,"date":"2022-07-28T09:28:06","date_gmt":"2022-07-28T06:28:06","guid":{"rendered":"https:\/\/www.miil.ee\/kravejs\/"},"modified":"2025-01-10T14:37:58","modified_gmt":"2025-01-10T12:37:58","slug":"kravejs","status":"publish","type":"page","link":"https:\/\/miil.dev.almic.ee\/lv\/kravejs\/","title":{"rendered":"Front\u0101lais iekr\u0101v\u0113js"},"content":{"rendered":"<section class=\"l-section wpb_row height_medium\"><div class=\"l-section-h i-cf\"><div class=\"g-cols vc_row via_flex valign_top type_default stacking_default\"><div class=\"vc_col-sm-12 wpb_column vc_column_container\"><div class=\"vc_column-inner\"><div class=\"wpb_wrapper\"><div class=\"g-cols wpb_row via_flex valign_top type_default stacking_default\"><div class=\"vc_col-sm-6 wpb_column vc_column_container\"><div class=\"vc_column-inner\"><div class=\"wpb_wrapper\"><div class=\"wpb_text_column\"><div class=\"wpb_wrapper\"><p>No 2022. gada m\u016bsu r\u012bc\u012bb\u0101 ir CAT950K <span>Front\u0101lais iekr\u0101v\u0113js<\/span>. T\u0101 ir jaud\u012bga ma\u0161\u012bna, ko vada pieredz\u0113jis autovad\u012bt\u0101js.<\/p>\n<p>*Sniega t\u012br\u012b\u0161ana<br \/>\n*Krau\u0161anas pakalpojums<br \/>\n*Laukumu izveide<br \/>\n*Augsnes sij\u0101\u0161ana<\/p>\n<p>Kr\u0101v\u0113ju var izmantot ar\u012b melior\u0101cijas darbos vai ce\u013cu b\u016bv\u0113. Kr\u0101v\u0113js p\u0101rvietojas starp objektiem kop\u0101 ar autovad\u012bt\u0101ju uz m\u016bsu zem\u0101s piekabes. Sa\u0146emt pied\u0101v\u0101jumu varat, rakstot uz e-pastu: info@miil.ee<\/p>\n<h2>Citi m\u016bsu sniegtie <a href=\"https:\/\/www.miil.ee\/lv\/pakalpojumi\/konteineru-parvadajumi\/\">pakalpojumi<\/a>:<\/h2>\n<p>Miil O\u00dc konteineru termin\u0101l\u012b m\u0113s pied\u0101v\u0101jam \u0161\u0101dus pakalpojumus:<\/p>\n<p>* Kravu konteineru iekrau\u0161ana un izkrau\u0161ana (ieskaitot transportl\u012bdzek\u013cu iekrau\u0161anu konteineros)<br \/>\n* Transport\u0113\u0161anas konteineru fumig\u0101cija<br \/>\n* Uzglab\u0101\u0161anas konteineru uzglab\u0101\u0161ana<br \/>\n* Kravas konteineru uzglab\u0101\u0161ana<br \/>\n* Konteineru t\u012br\u012b\u0161ana un remonts<br \/>\n* Transporta konteineru neitraliz\u0101cija<br \/>\n* Cisternu konteineru elektrisk\u0101 apkure<br \/>\n* Tvert\u0146u konteineru sild\u012b\u0161ana ar tvaiku<br \/>\n* Konteineru piekabju noma<br \/>\n* Konteineru p\u0101rb\u016bve<br \/>\n* Konteineru kr\u0101so\u0161ana<\/p>\n<\/div><\/div><\/div><\/div><\/div><div class=\"vc_col-sm-6 wpb_column vc_column_container\"><div class=\"vc_column-inner\"><div class=\"wpb_wrapper\"><div class=\"w-gallery fit_cover type_grid ratio_1x1 count_2\" style=\"--columns:1;--items-gap:10px;\"><div class=\"w-gallery-list\"><div class=\"w-gallery-item\"><div class=\"w-gallery-item-img\"><img loading=\"lazy\" decoding=\"async\" width=\"1024\" height=\"768\" src=\"https:\/\/miil.dev.almic.ee\/wp-content\/uploads\/2025\/01\/lumekoristusmasin-1024x768.jpg\" class=\"attachment-large size-large\" alt=\"snow removal\" srcset=\"https:\/\/miil.dev.almic.ee\/wp-content\/uploads\/2025\/01\/lumekoristusmasin-1024x768.jpg 1024w, https:\/\/miil.dev.almic.ee\/wp-content\/uploads\/2025\/01\/lumekoristusmasin-300x225.jpg 300w, https:\/\/miil.dev.almic.ee\/wp-content\/uploads\/2025\/01\/lumekoristusmasin-600x450.jpg 600w, https:\/\/miil.dev.almic.ee\/wp-content\/uploads\/2025\/01\/lumekoristusmasin-scaled.jpg 1900w\" sizes=\"auto, (max-width: 1024px) 100vw, 1024px\" \/><\/div><\/div><div class=\"w-gallery-item\"><div class=\"w-gallery-item-img\"><img loading=\"lazy\" decoding=\"async\" width=\"1024\" height=\"768\" src=\"https:\/\/miil.dev.almic.ee\/wp-content\/uploads\/2025\/01\/lumekoristus-1024x768.jpg\" class=\"attachment-large size-large\" alt=\"snow removal machine\" srcset=\"https:\/\/miil.dev.almic.ee\/wp-content\/uploads\/2025\/01\/lumekoristus-1024x768.jpg 1024w, https:\/\/miil.dev.almic.ee\/wp-content\/uploads\/2025\/01\/lumekoristus-300x225.jpg 300w, https:\/\/miil.dev.almic.ee\/wp-content\/uploads\/2025\/01\/lumekoristus-600x450.jpg 600w, https:\/\/miil.dev.almic.ee\/wp-content\/uploads\/2025\/01\/lumekoristus-scaled.jpg 1900w\" sizes=\"auto, (max-width: 1024px) 100vw, 1024px\" \/><\/div><\/div><\/div><\/div><\/div><\/div><\/div><\/div><div class=\"g-cols wpb_row via_flex valign_top type_default stacking_default\"><div class=\"vc_col-sm-12 wpb_column vc_column_container\"><div class=\"vc_column-inner\"><div class=\"wpb_wrapper\"><div class=\"wpb_text_column\"><div class=\"wpb_wrapper\"><p>Past\u0101stiet mums, kas jums nepiecie\u0161ams, un l\u016bdziet pied\u0101v\u0101jumu par front\u0101lo iekr\u0101v\u0113ju vai citiem pakalpojumiem <a href=\"mailto:info@miil.ee\">info@miil.ee<\/a>.<\/p>\n<p>Pateicoties m\u016bsu lielajai pieredzei un ikdienas darb\u012bbai konteineru p\u0101rvad\u0101jumu jom\u0101, m\u0113s esam eksperti vis\u0101s ar konteineriem saist\u012bt\u0101s liet\u0101s. Papildus iepriek\u0161min\u0113tajam m\u0113s p\u0101rdodam ar\u012b jaunus un lietotus p\u0101rvad\u0101\u0161anas konteinerus, uzglab\u0101\u0161anas konteinerus, p\u0101rvietojam\u0101s kaj\u012btes, p\u0101rvietojam\u0101s tualetes un dro\u0161\u012bbas \u017eogus. M\u016bsu izv\u0113l\u0113 ir \u013coti da\u017e\u0101di risin\u0101jumi, piem\u0113ram, ugunsdro\u0161ie konteineri. M\u016bsu pakalpojumu sarakst\u0101 ir ar\u012b konteineru p\u0101rb\u016bve un kr\u0101so\u0161ana, k\u0101 ar\u012b speci\u0101li konteineru risin\u0101jumi rekl\u0101mas nol\u016bkos un daudz kas cits. Mums noliktav\u0101 vienm\u0113r ir pieejami vair\u0101k nek\u0101 200 p\u0101rvad\u0101\u0161anas konteineri, un ir iesp\u0113ja tos apskat\u012bt kl\u0101tien\u0113. Ja piem\u0113rota prece \u0161obr\u012bd nav noliktav\u0101, varam pas\u016bt\u012bt no Eiropas (pieg\u0101de 2 l\u012bdz 3 ned\u0113\u013cas) vai \u0100zijas.<\/p>\n<p>Pied\u0101v\u0101jam ar\u012b (\u012bstermi\u0146a un ilgtermi\u0146a) kravas konteineru nomu un piekabju nomu konteineru p\u0101rvad\u0101\u0161anai.<\/p>\n<p>&nbsp;<\/p>\n<p>Sekojiet mums <a href=\"https:\/\/www.facebook.com\/konteinerveod\/\">Facebook<\/a> vai <a href=\"https:\/\/www.instagram.com\/ou_miil\/\">Instagram.<\/a><\/p>\n<\/div><\/div><div class=\"w-grid type_grid layout_212 cols_2\" id=\"us_grid_1\" style=\"--gap:0.5rem;\" data-filterable=\"true\"><style>@media (max-width:600px){#us_grid_1 .w-grid-list{margin:0}#us_grid_1 .w-grid-item{width:100%;padding:0;margin-bottom:var(--gap,0px)}}.layout_212 .w-grid-item-h{}<\/style><div class=\"w-grid-list\">\t<article class=\"w-grid-item size_1x1 post-84083 attachment type-attachment status-inherit hentry\" data-id=\"84083\">\r\n\t\t<div class=\"w-grid-item-h\">\r\n\t\t\t\t\t\t\t<a ref=\"magnificPopupGrid\" href=\"https:\/\/miil.dev.almic.ee\/wp-content\/uploads\/2025\/01\/lumekoristus-scaled.jpg\" class=\"w-grid-item-anchor\" aria-label=\"snow removal machine\"><\/a>\r\n\t\t\t\t\t\t<div class=\"w-post-elm post_image usg_post_image_1 stretched\"><a href=\"https:\/\/miil.dev.almic.ee\/lv\/kravejs\/lumekoristus-2\/\" aria-label=\"lumekoristus\"><img loading=\"lazy\" decoding=\"async\" width=\"1900\" height=\"1425\" src=\"https:\/\/miil.dev.almic.ee\/wp-content\/uploads\/2025\/01\/lumekoristus-scaled.jpg\" class=\"attachment-full size-full\" alt=\"snow removal machine\" srcset=\"https:\/\/miil.dev.almic.ee\/wp-content\/uploads\/2025\/01\/lumekoristus-scaled.jpg 1900w, https:\/\/miil.dev.almic.ee\/wp-content\/uploads\/2025\/01\/lumekoristus-300x225.jpg 300w, https:\/\/miil.dev.almic.ee\/wp-content\/uploads\/2025\/01\/lumekoristus-1024x768.jpg 1024w, https:\/\/miil.dev.almic.ee\/wp-content\/uploads\/2025\/01\/lumekoristus-600x450.jpg 600w\" sizes=\"auto, (max-width: 1900px) 100vw, 1900px\" \/><\/a><\/div>\t\t<\/div>\r\n\t\t\t<\/article>\r\n\t<article class=\"w-grid-item size_1x1 post-84088 attachment type-attachment status-inherit hentry\" data-id=\"84088\">\r\n\t\t<div class=\"w-grid-item-h\">\r\n\t\t\t\t\t\t\t<a ref=\"magnificPopupGrid\" href=\"https:\/\/miil.dev.almic.ee\/wp-content\/uploads\/2025\/01\/lumekoristusmasin-scaled.jpg\" class=\"w-grid-item-anchor\" aria-label=\"lumel\u00fckkamine, \u0443\u0431\u043e\u0440\u043a\u0430 \u0441\u043d\u0435\u0433\u0430\"><\/a>\r\n\t\t\t\t\t\t<div class=\"w-post-elm post_image usg_post_image_1 stretched\"><a href=\"https:\/\/miil.dev.almic.ee\/lv\/kravejs\/lumekoristusmasin-2\/\" aria-label=\"lumekoristusmasin\"><img loading=\"lazy\" decoding=\"async\" width=\"1900\" height=\"1425\" src=\"https:\/\/miil.dev.almic.ee\/wp-content\/uploads\/2025\/01\/lumekoristusmasin-scaled.jpg\" class=\"attachment-full size-full\" alt=\"snow removal\" srcset=\"https:\/\/miil.dev.almic.ee\/wp-content\/uploads\/2025\/01\/lumekoristusmasin-scaled.jpg 1900w, https:\/\/miil.dev.almic.ee\/wp-content\/uploads\/2025\/01\/lumekoristusmasin-300x225.jpg 300w, https:\/\/miil.dev.almic.ee\/wp-content\/uploads\/2025\/01\/lumekoristusmasin-1024x768.jpg 1024w, https:\/\/miil.dev.almic.ee\/wp-content\/uploads\/2025\/01\/lumekoristusmasin-600x450.jpg 600w\" sizes=\"auto, (max-width: 1900px) 100vw, 1900px\" \/><\/a><\/div>\t\t<\/div>\r\n\t\t\t<\/article>\r\n<\/div><div class=\"w-grid-preloader\">\t<div class=\"g-preloader type_1\">\r\n\t\t<div><\/div>\r\n\t<\/div>\r\n\t<\/div>\t<div class=\"w-grid-json hidden\" onclick='return {&quot;action&quot;:&quot;us_ajax_grid&quot;,&quot;infinite_scroll&quot;:0,&quot;max_num_pages&quot;:1,&quot;pagination&quot;:&quot;none&quot;,&quot;template_vars&quot;:{&quot;columns&quot;:&quot;2&quot;,&quot;exclude_items&quot;:&quot;none&quot;,&quot;img_size&quot;:&quot;full&quot;,&quot;ignore_items_size&quot;:0,&quot;items_layout&quot;:&quot;212&quot;,&quot;items_offset&quot;:&quot;1&quot;,&quot;load_animation&quot;:&quot;none&quot;,&quot;overriding_link&quot;:&quot;%7B%22type%22%3A%22popup_image%22%7D&quot;,&quot;post_id&quot;:0,&quot;query_args&quot;:{&quot;post_type&quot;:[&quot;attachment&quot;],&quot;post__in&quot;:[&quot;8187&quot;,&quot;8182&quot;,&quot;84083&quot;,&quot;84088&quot;],&quot;post_status&quot;:&quot;inherit&quot;,&quot;post_mime_type&quot;:&quot;image&quot;,&quot;posts_per_page&quot;:999},&quot;orderby_query_args&quot;:{&quot;orderby&quot;:{&quot;post__in&quot;:&quot;ASC&quot;},&quot;order&quot;:&quot;ASC&quot;},&quot;type&quot;:&quot;grid&quot;,&quot;us_grid_post_type&quot;:&quot;attachment&quot;,&quot;us_grid_ajax_index&quot;:1,&quot;us_grid_filter_query_string&quot;:null,&quot;us_grid_index&quot;:1,&quot;page_args&quot;:[],&quot;lang&quot;:&quot;lv&quot;}}'><\/div>\r\n\t<\/div><\/div><\/div><\/div><\/div><\/div><\/div><\/div><\/div><\/div><\/section>\n","protected":false},"excerpt":{"rendered":"lumel\u00fckkamine,","protected":false},"author":1,"featured_media":22626,"parent":0,"menu_order":0,"comment_status":"closed","ping_status":"closed","template":"","meta":{"_acf_changed":false,"footnotes":""},"class_list":["post-12385","page","type-page","status-publish","has-post-thumbnail","hentry"],"acf":[],"yoast_head":"<!-- This site is optimized with the Yoast SEO Premium plugin v23.9 (Yoast SEO v27.5) - https:\/\/yoast.com\/product\/yoast-seo-premium-wordpress\/ -->\n<title>Front\u0101lais iekr\u0101v\u0113js - Miil O\u00dc<\/title>\n<meta name=\"description\" content=\"Front\u0101lais iekr\u0101v\u0113js | Sniega t\u012br\u012b\u0161ana | Krau\u0161anas pakalpojums | Laukumu izveide | Augsnes sij\u0101\u0161ana | Juras konteiners transport |\" \/>\n<meta name=\"robots\" content=\"index, follow, max-snippet:-1, max-image-preview:large, max-video-preview:-1\" \/>\n<link rel=\"canonical\" href=\"https:\/\/miil.dev.almic.ee\/lv\/kravejs\/\" \/>\n<meta property=\"og:locale\" content=\"lv_LV\" \/>\n<meta property=\"og:type\" content=\"article\" \/>\n<meta property=\"og:title\" content=\"Front\u0101lais iekr\u0101v\u0113js\" \/>\n<meta property=\"og:description\" content=\"Front\u0101lais iekr\u0101v\u0113js | Sniega t\u012br\u012b\u0161ana | Krau\u0161anas pakalpojums | Laukumu izveide | Augsnes sij\u0101\u0161ana | Juras konteiners transport |\" \/>\n<meta property=\"og:url\" content=\"https:\/\/miil.dev.almic.ee\/lv\/kravejs\/\" \/>\n<meta property=\"og:site_name\" content=\"Miil O\u00dc\" \/>\n<meta property=\"article:publisher\" content=\"https:\/\/www.facebook.com\/konteinerveod\/\" \/>\n<meta property=\"article:modified_time\" content=\"2025-01-10T12:37:58+00:00\" \/>\n<meta property=\"og:image\" content=\"https:\/\/miil.dev.almic.ee\/wp-content\/uploads\/2022\/11\/222.jpg\" \/>\n\t<meta property=\"og:image:width\" content=\"1080\" \/>\n\t<meta property=\"og:image:height\" content=\"846\" \/>\n\t<meta property=\"og:image:type\" content=\"image\/jpeg\" \/>\n<meta name=\"twitter:card\" content=\"summary_large_image\" \/>\n<meta name=\"twitter:label1\" content=\"Est. reading time\" \/>\n\t<meta name=\"twitter:data1\" content=\"2 minutes\" \/>\n<script type=\"application\/ld+json\" class=\"yoast-schema-graph\">{\"@context\":\"https:\\\/\\\/schema.org\",\"@graph\":[{\"@type\":\"WebPage\",\"@id\":\"https:\\\/\\\/miil.dev.almic.ee\\\/lv\\\/kravejs\\\/\",\"url\":\"https:\\\/\\\/miil.dev.almic.ee\\\/lv\\\/kravejs\\\/\",\"name\":\"Front\u0101lais iekr\u0101v\u0113js - Miil O\u00dc\",\"isPartOf\":{\"@id\":\"https:\\\/\\\/miil.dev.almic.ee\\\/#website\"},\"primaryImageOfPage\":{\"@id\":\"https:\\\/\\\/miil.dev.almic.ee\\\/lv\\\/kravejs\\\/#primaryimage\"},\"image\":{\"@id\":\"https:\\\/\\\/miil.dev.almic.ee\\\/lv\\\/kravejs\\\/#primaryimage\"},\"thumbnailUrl\":\"https:\\\/\\\/miil.dev.almic.ee\\\/wp-content\\\/uploads\\\/2022\\\/11\\\/222.jpg\",\"datePublished\":\"2022-07-28T06:28:06+00:00\",\"dateModified\":\"2025-01-10T12:37:58+00:00\",\"description\":\"Front\u0101lais iekr\u0101v\u0113js | Sniega t\u012br\u012b\u0161ana | Krau\u0161anas pakalpojums | Laukumu izveide | Augsnes sij\u0101\u0161ana | Juras konteiners transport |\",\"breadcrumb\":{\"@id\":\"https:\\\/\\\/miil.dev.almic.ee\\\/lv\\\/kravejs\\\/#breadcrumb\"},\"inLanguage\":\"lv-LV\",\"potentialAction\":[{\"@type\":\"ReadAction\",\"target\":[\"https:\\\/\\\/miil.dev.almic.ee\\\/lv\\\/kravejs\\\/\"]}]},{\"@type\":\"ImageObject\",\"inLanguage\":\"lv-LV\",\"@id\":\"https:\\\/\\\/miil.dev.almic.ee\\\/lv\\\/kravejs\\\/#primaryimage\",\"url\":\"https:\\\/\\\/miil.dev.almic.ee\\\/wp-content\\\/uploads\\\/2022\\\/11\\\/222.jpg\",\"contentUrl\":\"https:\\\/\\\/miil.dev.almic.ee\\\/wp-content\\\/uploads\\\/2022\\\/11\\\/222.jpg\",\"width\":1080,\"height\":846,\"caption\":\"Lumekoristus\"},{\"@type\":\"BreadcrumbList\",\"@id\":\"https:\\\/\\\/miil.dev.almic.ee\\\/lv\\\/kravejs\\\/#breadcrumb\",\"itemListElement\":[{\"@type\":\"ListItem\",\"position\":1,\"name\":\"Home\",\"item\":\"https:\\\/\\\/miil.dev.almic.ee\\\/lv\\\/\"},{\"@type\":\"ListItem\",\"position\":2,\"name\":\"Front\u0101lais iekr\u0101v\u0113js\"}]},{\"@type\":\"WebSite\",\"@id\":\"https:\\\/\\\/miil.dev.almic.ee\\\/#website\",\"url\":\"https:\\\/\\\/miil.dev.almic.ee\\\/\",\"name\":\"Miil O\u00dc\",\"description\":\"Konteinerveod\",\"publisher\":{\"@id\":\"https:\\\/\\\/miil.dev.almic.ee\\\/#organization\"},\"potentialAction\":[{\"@type\":\"SearchAction\",\"target\":{\"@type\":\"EntryPoint\",\"urlTemplate\":\"https:\\\/\\\/miil.dev.almic.ee\\\/?s={search_term_string}\"},\"query-input\":{\"@type\":\"PropertyValueSpecification\",\"valueRequired\":true,\"valueName\":\"search_term_string\"}}],\"inLanguage\":\"lv-LV\"},{\"@type\":\"Organization\",\"@id\":\"https:\\\/\\\/miil.dev.almic.ee\\\/#organization\",\"name\":\"Miil O\u00dc\",\"url\":\"https:\\\/\\\/miil.dev.almic.ee\\\/\",\"logo\":{\"@type\":\"ImageObject\",\"inLanguage\":\"lv-LV\",\"@id\":\"https:\\\/\\\/miil.dev.almic.ee\\\/#\\\/schema\\\/logo\\\/image\\\/\",\"url\":\"https:\\\/\\\/www.miil.ee\\\/wp-content\\\/uploads\\\/2022\\\/02\\\/Miil-logo.svg\",\"contentUrl\":\"https:\\\/\\\/www.miil.ee\\\/wp-content\\\/uploads\\\/2022\\\/02\\\/Miil-logo.svg\",\"width\":\"1024\",\"height\":\"1024\",\"caption\":\"Miil O\u00dc\"},\"image\":{\"@id\":\"https:\\\/\\\/miil.dev.almic.ee\\\/#\\\/schema\\\/logo\\\/image\\\/\"},\"sameAs\":[\"https:\\\/\\\/www.facebook.com\\\/konteinerveod\\\/\",\"https:\\\/\\\/www.instagram.com\\\/ou_miil\\\/\"]}]}<\/script>\n<!-- \/ Yoast SEO Premium plugin. -->","yoast_head_json":{"title":"Front\u0101lais iekr\u0101v\u0113js - Miil O\u00dc","description":"Front\u0101lais iekr\u0101v\u0113js | Sniega t\u012br\u012b\u0161ana | Krau\u0161anas pakalpojums | Laukumu izveide | Augsnes sij\u0101\u0161ana | Juras konteiners transport |","robots":{"index":"index","follow":"follow","max-snippet":"max-snippet:-1","max-image-preview":"max-image-preview:large","max-video-preview":"max-video-preview:-1"},"canonical":"https:\/\/miil.dev.almic.ee\/lv\/kravejs\/","og_locale":"lv_LV","og_type":"article","og_title":"Front\u0101lais iekr\u0101v\u0113js","og_description":"Front\u0101lais iekr\u0101v\u0113js | Sniega t\u012br\u012b\u0161ana | Krau\u0161anas pakalpojums | Laukumu izveide | Augsnes sij\u0101\u0161ana | Juras konteiners transport |","og_url":"https:\/\/miil.dev.almic.ee\/lv\/kravejs\/","og_site_name":"Miil O\u00dc","article_publisher":"https:\/\/www.facebook.com\/konteinerveod\/","article_modified_time":"2025-01-10T12:37:58+00:00","og_image":[{"width":1080,"height":846,"url":"https:\/\/miil.dev.almic.ee\/wp-content\/uploads\/2022\/11\/222.jpg","type":"image\/jpeg"}],"twitter_card":"summary_large_image","twitter_misc":{"Est. reading time":"2 minutes"},"schema":{"@context":"https:\/\/schema.org","@graph":[{"@type":"WebPage","@id":"https:\/\/miil.dev.almic.ee\/lv\/kravejs\/","url":"https:\/\/miil.dev.almic.ee\/lv\/kravejs\/","name":"Front\u0101lais iekr\u0101v\u0113js - Miil O\u00dc","isPartOf":{"@id":"https:\/\/miil.dev.almic.ee\/#website"},"primaryImageOfPage":{"@id":"https:\/\/miil.dev.almic.ee\/lv\/kravejs\/#primaryimage"},"image":{"@id":"https:\/\/miil.dev.almic.ee\/lv\/kravejs\/#primaryimage"},"thumbnailUrl":"https:\/\/miil.dev.almic.ee\/wp-content\/uploads\/2022\/11\/222.jpg","datePublished":"2022-07-28T06:28:06+00:00","dateModified":"2025-01-10T12:37:58+00:00","description":"Front\u0101lais iekr\u0101v\u0113js | Sniega t\u012br\u012b\u0161ana | Krau\u0161anas pakalpojums | Laukumu izveide | Augsnes sij\u0101\u0161ana | Juras konteiners transport |","breadcrumb":{"@id":"https:\/\/miil.dev.almic.ee\/lv\/kravejs\/#breadcrumb"},"inLanguage":"lv-LV","potentialAction":[{"@type":"ReadAction","target":["https:\/\/miil.dev.almic.ee\/lv\/kravejs\/"]}]},{"@type":"ImageObject","inLanguage":"lv-LV","@id":"https:\/\/miil.dev.almic.ee\/lv\/kravejs\/#primaryimage","url":"https:\/\/miil.dev.almic.ee\/wp-content\/uploads\/2022\/11\/222.jpg","contentUrl":"https:\/\/miil.dev.almic.ee\/wp-content\/uploads\/2022\/11\/222.jpg","width":1080,"height":846,"caption":"Lumekoristus"},{"@type":"BreadcrumbList","@id":"https:\/\/miil.dev.almic.ee\/lv\/kravejs\/#breadcrumb","itemListElement":[{"@type":"ListItem","position":1,"name":"Home","item":"https:\/\/miil.dev.almic.ee\/lv\/"},{"@type":"ListItem","position":2,"name":"Front\u0101lais iekr\u0101v\u0113js"}]},{"@type":"WebSite","@id":"https:\/\/miil.dev.almic.ee\/#website","url":"https:\/\/miil.dev.almic.ee\/","name":"Miil O\u00dc","description":"Konteinerveod","publisher":{"@id":"https:\/\/miil.dev.almic.ee\/#organization"},"potentialAction":[{"@type":"SearchAction","target":{"@type":"EntryPoint","urlTemplate":"https:\/\/miil.dev.almic.ee\/?s={search_term_string}"},"query-input":{"@type":"PropertyValueSpecification","valueRequired":true,"valueName":"search_term_string"}}],"inLanguage":"lv-LV"},{"@type":"Organization","@id":"https:\/\/miil.dev.almic.ee\/#organization","name":"Miil O\u00dc","url":"https:\/\/miil.dev.almic.ee\/","logo":{"@type":"ImageObject","inLanguage":"lv-LV","@id":"https:\/\/miil.dev.almic.ee\/#\/schema\/logo\/image\/","url":"https:\/\/www.miil.ee\/wp-content\/uploads\/2022\/02\/Miil-logo.svg","contentUrl":"https:\/\/www.miil.ee\/wp-content\/uploads\/2022\/02\/Miil-logo.svg","width":"1024","height":"1024","caption":"Miil O\u00dc"},"image":{"@id":"https:\/\/miil.dev.almic.ee\/#\/schema\/logo\/image\/"},"sameAs":["https:\/\/www.facebook.com\/konteinerveod\/","https:\/\/www.instagram.com\/ou_miil\/"]}]}},"_links":{"self":[{"href":"https:\/\/miil.dev.almic.ee\/lv\/wp-json\/wp\/v2\/pages\/12385","targetHints":{"allow":["GET"]}}],"collection":[{"href":"https:\/\/miil.dev.almic.ee\/lv\/wp-json\/wp\/v2\/pages"}],"about":[{"href":"https:\/\/miil.dev.almic.ee\/lv\/wp-json\/wp\/v2\/types\/page"}],"author":[{"embeddable":true,"href":"https:\/\/miil.dev.almic.ee\/lv\/wp-json\/wp\/v2\/users\/1"}],"replies":[{"embeddable":true,"href":"https:\/\/miil.dev.almic.ee\/lv\/wp-json\/wp\/v2\/comments?post=12385"}],"version-history":[{"count":0,"href":"https:\/\/miil.dev.almic.ee\/lv\/wp-json\/wp\/v2\/pages\/12385\/revisions"}],"wp:featuredmedia":[{"embeddable":true,"href":"https:\/\/miil.dev.almic.ee\/lv\/wp-json\/wp\/v2\/media\/22626"}],"wp:attachment":[{"href":"https:\/\/miil.dev.almic.ee\/lv\/wp-json\/wp\/v2\/media?parent=12385"}],"curies":[{"name":"wp","href":"https:\/\/api.w.org\/{rel}","templated":true}]}}