{"id":12384,"date":"2022-07-28T09:28:05","date_gmt":"2022-07-28T06:28:05","guid":{"rendered":"https:\/\/www.miil.ee\/pakalpojumi\/ram-pasizgazejs\/"},"modified":"2024-11-15T15:42:44","modified_gmt":"2024-11-15T13:42:44","slug":"ram-pasizgazejs","status":"publish","type":"page","link":"https:\/\/miil.dev.almic.ee\/lv\/pakalpojumi\/ram-pasizgazejs\/","title":{"rendered":"RAM pa\u0161izg\u0101z\u0113js"},"content":{"rendered":"<section class=\"l-section wpb_row height_medium\"><div class=\"l-section-h i-cf\"><div class=\"g-cols vc_row via_flex valign_top type_default stacking_default\"><div class=\"vc_col-sm-12 wpb_column vc_column_container\"><div class=\"vc_column-inner\"><div class=\"wpb_wrapper\"><div class=\"g-cols wpb_row via_flex valign_top type_default stacking_default\"><div class=\"vc_col-sm-12 wpb_column vc_column_container\"><div class=\"vc_column-inner\"><div class=\"wpb_wrapper\"><div class=\"wpb_text_column\"><div class=\"wpb_wrapper\"><p>Uz\u0146\u0113mum\u0101 Miil m\u0113s lepojamies ar novatorisku un piel\u0101gotu risin\u0101jumu pieg\u0101di konteineru p\u0101rvad\u0101jumiem. M\u0113s saprotam, ka ne katra vieta vai situ\u0101cija \u013cauj \u0113rti piek\u013c\u016bt liel\u0101kiem konteineru kravas automobi\u013ciem. T\u0101p\u0113c m\u0113s esam izstr\u0101d\u0101ju\u0161i un izveidoju\u0161i piel\u0101gotu piekabi, kas \u012bpa\u0161i izstr\u0101d\u0101ta konteineru p\u0101rvad\u0101\u0161anai ar maksim\u0101lu efektivit\u0101ti un daudzpus\u012bbu.<\/p>\n<p>M\u016bsu RAM Backloader ir unik\u0101la piel\u0101gotas piekabes un uzticama Dodge RAM pikapa kombin\u0101cija. Ar \u0161o jaud\u012bgo duetu m\u0113s varam transport\u0113t da\u017e\u0101da veida konteinerus, tostarp uzglab\u0101\u0161anas konteinerus, transport\u0113\u0161anas konteinerus un lok\u0161\u0146u met\u0101la konteinerus l\u012bdz 6 metru garum\u0101.<\/p>\n<p>Viena no m\u016bsu RAM Backloader iez\u012bm\u0113m ir t\u0101 sp\u0113ja piek\u013c\u016bt pat gr\u016bti sasniedzam\u0101m viet\u0101m, kas nav pieejamas liel\u0101kiem vai lieljaudas konteineru kravas automobi\u013ciem. Neatkar\u012bgi no t\u0101, vai t\u0101 ir att\u0101la b\u016bvlaukums, ierobe\u017eota pils\u0113tas telpa vai gleznaina dabas ainava, m\u016bsu treileris var \u0113rti un prec\u012bzi p\u0101rvietoties.<\/p>\n<p>M\u016bsu piekabes sasv\u0113r\u0161an\u0101s sp\u0113ja ir patiesi iespaid\u012bga. Tas sp\u0113j apstr\u0101d\u0101t konteinerus, kas sver l\u012bdz 2500 kg, un viegli nolaist tos zem\u0113 aiz transportl\u012bdzek\u013ca. Pat uz sausa z\u0101liena m\u016bsu piekabe nodro\u0161ina vienm\u0113r\u012bgu un kontrol\u0113tu sasv\u0113r\u0161an\u0101s procesu, pateicoties dro\u0161ai konteinera novieto\u0161anai starp slied\u0113m. Varat b\u016bt dro\u0161s, ka j\u016bsu konteiners tiks aizsarg\u0101ts un netiks boj\u0101ts visas darb\u012bbas laik\u0101.<\/p>\n<h2>\u0160eit ir nor\u0101d\u012bti galvenie m\u016bsu piekabes iekrau\u0161anas laukuma izm\u0113ri:<\/h2>\n<ul>\n<li>Garums: 6 metri<\/li>\n<li>Platums: 2,5 metri<\/li>\n<li>Garums ar transportl\u012bdzekli: 15 metri<\/li>\n<\/ul>\n<p>Lai sniegtu jums lab\u0101ku priek\u0161statu par RAM Backloader iesp\u0113j\u0101m un veiktsp\u0113ju, m\u0113s aicin\u0101m j\u016bs apskat\u012bt pievienotos fotoatt\u0113lus un video. \u0160ie vizu\u0101lie resursi sniegs jums iesp\u0113ju tuv\u0101k apskat\u012bt piekabes dizainu, funkcionalit\u0101ti un nevainojamu integr\u0101ciju ar Dodge RAM pikapu.<\/p>\n<p>Uz\u0146\u0113mum\u0101 Miil m\u0113s esam ap\u0146\u0113mu\u0161ies nodro\u0161in\u0101t uzticamus, efekt\u012bvus un piel\u0101gotus konteineru transport\u0113\u0161anas risin\u0101jumus. Neatkar\u012bgi no t\u0101, vai jums ir \u012bpa\u0161as pras\u012bbas vai sare\u017e\u0123\u012btas transporta vajadz\u012bbas, m\u016bsu RAM Backloader ir gatavs uz\u0146emties uzdevumu, nodro\u0161inot, ka j\u016bsu konteineri \u0101tri un dro\u0161i sasniedz galam\u0113r\u0137i.<\/p>\n<p>Sazinieties ar mums jau \u0161odien, lai apspriestu savas konteineru p\u0101rvad\u0101jumu vajadz\u012bbas un izjustu RAM Backloader efektivit\u0101ti un daudzpus\u012bbu. Uzticiet mums, ka m\u0113s apstr\u0101d\u0101sim j\u016bsu konteinerus ar precizit\u0101ti, r\u016bp\u012bbu un nep\u0101rsp\u0113jamu pieredzi.<\/p>\n<blockquote>\n<p><span>Note: Please be advised that when placing an order for transport services, kindly specify the desired orientation of the container doors: doors to the cabin or doors to the rear. This information will help us ensure a smooth and seamless experience tailored to your specific needs.<\/span><\/p>\n<\/blockquote>\n<p><span>See photos and <a href=\"https:\/\/www.youtube.com\/watch?v=le7dMgYNDJ8\">video<\/a> for more information.<\/span><\/p>\n<\/div><\/div><\/div><\/div><\/div><\/div><div class=\"g-cols wpb_row via_flex valign_top type_default stacking_default\"><div class=\"vc_col-sm-12 wpb_column vc_column_container\"><div class=\"vc_column-inner\"><div class=\"wpb_wrapper\"><div class=\"w-grid type_grid layout_212 hidden cols_2\" id=\"us_grid_1\" style=\"--gap:0.5rem;\" data-filterable=\"true\"><style>@media (max-width:600px){#us_grid_1 .w-grid-list{margin:0}#us_grid_1 .w-grid-item{width:100%;padding:0;margin-bottom:var(--gap,0px)}}.layout_212 .w-grid-item-h{}<\/style><div class=\"w-grid-list\"><\/div><div class=\"w-grid-preloader\">\t<div class=\"g-preloader type_1\">\r\n\t\t<div><\/div>\r\n\t<\/div>\r\n\t<\/div>\t<div class=\"w-grid-json hidden\" onclick='return {&quot;action&quot;:&quot;us_ajax_grid&quot;,&quot;infinite_scroll&quot;:0,&quot;max_num_pages&quot;:0,&quot;pagination&quot;:&quot;none&quot;,&quot;template_vars&quot;:{&quot;columns&quot;:&quot;2&quot;,&quot;exclude_items&quot;:&quot;none&quot;,&quot;img_size&quot;:&quot;full&quot;,&quot;ignore_items_size&quot;:0,&quot;items_layout&quot;:&quot;212&quot;,&quot;items_offset&quot;:&quot;1&quot;,&quot;load_animation&quot;:&quot;none&quot;,&quot;overriding_link&quot;:&quot;%7B%22type%22%3A%22popup_image%22%7D&quot;,&quot;post_id&quot;:0,&quot;query_args&quot;:{&quot;post_type&quot;:[&quot;attachment&quot;],&quot;post__in&quot;:[&quot;8031&quot;,&quot;8036&quot;],&quot;post_status&quot;:&quot;inherit&quot;,&quot;post_mime_type&quot;:&quot;image&quot;,&quot;posts_per_page&quot;:999},&quot;orderby_query_args&quot;:{&quot;orderby&quot;:{&quot;post__in&quot;:&quot;ASC&quot;},&quot;order&quot;:&quot;ASC&quot;},&quot;type&quot;:&quot;grid&quot;,&quot;us_grid_post_type&quot;:&quot;attachment&quot;,&quot;us_grid_ajax_index&quot;:1,&quot;us_grid_filter_query_string&quot;:null,&quot;us_grid_index&quot;:1,&quot;page_args&quot;:[],&quot;lang&quot;:&quot;lv&quot;}}'><\/div>\r\n\t<\/div><div class=\"w-grid-none type_message\">No results found.<\/div><\/div><\/div><\/div><\/div><div class=\"w-video align_none ratio_16x9 has_iframe\"><div class=\"w-video-h\"><iframe title=\"Youtube video player\" src=\"\/\/www.youtube.com\/embed\/le7dMgYNDJ8?autoplay=0&controls=1&origin=https:\/\/miil.dev.almic.ee\/lv\/&loop=0&mute=0\" allowfullscreen=\"1\" loading=\"lazy\"><\/iframe><\/div><div class=\"w-video-icon\" style=\"font-size:1.5rem;background:rgba(0,0,0,0.5);color:#fff\"><\/div><\/div><\/div><\/div><\/div><\/div><\/div><\/section>\n","protected":false},"excerpt":{"rendered":"Uz\u0146\u0113mum\u0101 Miil m\u0113s lepojamies ar novatorisku un piel\u0101gotu risin\u0101jumu pieg\u0101di konteineru p\u0101rvad\u0101jumiem. M\u0113s saprotam, ka ne katra vieta vai situ\u0101cija \u013cauj \u0113rti piek\u013c\u016bt liel\u0101kiem konteineru kravas automobi\u013ciem. T\u0101p\u0113c m\u0113s esam izstr\u0101d\u0101ju\u0161i un izveidoju\u0161i piel\u0101gotu piekabi, kas \u012bpa\u0161i izstr\u0101d\u0101ta konteineru p\u0101rvad\u0101\u0161anai ar maksim\u0101lu efektivit\u0101ti un daudzpus\u012bbu. M\u016bsu RAM Backloader ir unik\u0101la piel\u0101gotas piekabes un uzticama Dodge...","protected":false},"author":1,"featured_media":75584,"parent":1589,"menu_order":0,"comment_status":"closed","ping_status":"closed","template":"","meta":{"_acf_changed":false,"footnotes":""},"class_list":["post-12384","page","type-page","status-publish","has-post-thumbnail","hentry"],"acf":[],"yoast_head":"<!-- This site is optimized with the Yoast SEO Premium plugin v23.9 (Yoast SEO v27.5) - https:\/\/yoast.com\/product\/yoast-seo-premium-wordpress\/ -->\n<title>RAM pa\u0161izg\u0101z\u0113js - Miil O\u00dc<\/title>\n<meta name=\"description\" content=\"RAM pa\u0161izg\u0101z\u0113js | Konteineru p\u0101rvad\u0101jumi | Dodge RAM | Backloader | 20DC konteineru p\u0101rvad\u0101jumi | Gr\u016bti sasniedzamas vietas\" \/>\n<meta name=\"robots\" content=\"index, follow, max-snippet:-1, max-image-preview:large, max-video-preview:-1\" \/>\n<link rel=\"canonical\" href=\"https:\/\/miil.dev.almic.ee\/lv\/pakalpojumi\/ram-pasizgazejs\/\" \/>\n<meta property=\"og:locale\" content=\"lv_LV\" \/>\n<meta property=\"og:type\" content=\"article\" \/>\n<meta property=\"og:title\" content=\"RAM pa\u0161izg\u0101z\u0113js\" \/>\n<meta property=\"og:description\" content=\"RAM pa\u0161izg\u0101z\u0113js | Konteineru p\u0101rvad\u0101jumi | Dodge RAM | Backloader | 20DC konteineru p\u0101rvad\u0101jumi | Gr\u016bti sasniedzamas vietas\" \/>\n<meta property=\"og:url\" content=\"https:\/\/miil.dev.almic.ee\/lv\/pakalpojumi\/ram-pasizgazejs\/\" \/>\n<meta property=\"og:site_name\" content=\"Miil O\u00dc\" \/>\n<meta property=\"article:publisher\" content=\"https:\/\/www.facebook.com\/konteinerveod\/\" \/>\n<meta property=\"article:modified_time\" content=\"2024-11-15T13:42:44+00:00\" \/>\n<meta property=\"og:image\" content=\"https:\/\/miil.dev.almic.ee\/wp-content\/uploads\/2024\/09\/RAM-kallutaja.jpg\" \/>\n\t<meta property=\"og:image:width\" content=\"1000\" \/>\n\t<meta property=\"og:image:height\" content=\"750\" \/>\n\t<meta property=\"og:image:type\" content=\"image\/jpeg\" \/>\n<meta name=\"twitter:card\" content=\"summary_large_image\" \/>\n<meta name=\"twitter:label1\" content=\"Est. reading time\" \/>\n\t<meta name=\"twitter:data1\" content=\"2 minutes\" \/>\n<script type=\"application\/ld+json\" class=\"yoast-schema-graph\">{\"@context\":\"https:\\\/\\\/schema.org\",\"@graph\":[{\"@type\":\"WebPage\",\"@id\":\"https:\\\/\\\/miil.dev.almic.ee\\\/lv\\\/pakalpojumi\\\/ram-pasizgazejs\\\/\",\"url\":\"https:\\\/\\\/miil.dev.almic.ee\\\/lv\\\/pakalpojumi\\\/ram-pasizgazejs\\\/\",\"name\":\"RAM pa\u0161izg\u0101z\u0113js - Miil O\u00dc\",\"isPartOf\":{\"@id\":\"https:\\\/\\\/miil.dev.almic.ee\\\/#website\"},\"primaryImageOfPage\":{\"@id\":\"https:\\\/\\\/miil.dev.almic.ee\\\/lv\\\/pakalpojumi\\\/ram-pasizgazejs\\\/#primaryimage\"},\"image\":{\"@id\":\"https:\\\/\\\/miil.dev.almic.ee\\\/lv\\\/pakalpojumi\\\/ram-pasizgazejs\\\/#primaryimage\"},\"thumbnailUrl\":\"https:\\\/\\\/miil.dev.almic.ee\\\/wp-content\\\/uploads\\\/2024\\\/09\\\/RAM-kallutaja.jpg\",\"datePublished\":\"2022-07-28T06:28:05+00:00\",\"dateModified\":\"2024-11-15T13:42:44+00:00\",\"description\":\"RAM pa\u0161izg\u0101z\u0113js | Konteineru p\u0101rvad\u0101jumi | Dodge RAM | Backloader | 20DC konteineru p\u0101rvad\u0101jumi | Gr\u016bti sasniedzamas vietas\",\"breadcrumb\":{\"@id\":\"https:\\\/\\\/miil.dev.almic.ee\\\/lv\\\/pakalpojumi\\\/ram-pasizgazejs\\\/#breadcrumb\"},\"inLanguage\":\"lv-LV\",\"potentialAction\":[{\"@type\":\"ReadAction\",\"target\":[\"https:\\\/\\\/miil.dev.almic.ee\\\/lv\\\/pakalpojumi\\\/ram-pasizgazejs\\\/\"]}]},{\"@type\":\"ImageObject\",\"inLanguage\":\"lv-LV\",\"@id\":\"https:\\\/\\\/miil.dev.almic.ee\\\/lv\\\/pakalpojumi\\\/ram-pasizgazejs\\\/#primaryimage\",\"url\":\"https:\\\/\\\/miil.dev.almic.ee\\\/wp-content\\\/uploads\\\/2024\\\/09\\\/RAM-kallutaja.jpg\",\"contentUrl\":\"https:\\\/\\\/miil.dev.almic.ee\\\/wp-content\\\/uploads\\\/2024\\\/09\\\/RAM-kallutaja.jpg\",\"width\":1000,\"height\":750},{\"@type\":\"BreadcrumbList\",\"@id\":\"https:\\\/\\\/miil.dev.almic.ee\\\/lv\\\/pakalpojumi\\\/ram-pasizgazejs\\\/#breadcrumb\",\"itemListElement\":[{\"@type\":\"ListItem\",\"position\":1,\"name\":\"Home\",\"item\":\"https:\\\/\\\/miil.dev.almic.ee\\\/lv\\\/\"},{\"@type\":\"ListItem\",\"position\":2,\"name\":\"Pakalpojumi\",\"item\":\"https:\\\/\\\/miil.dev.almic.ee\\\/lv\\\/pakalpojumi\\\/\"},{\"@type\":\"ListItem\",\"position\":3,\"name\":\"RAM pa\u0161izg\u0101z\u0113js\"}]},{\"@type\":\"WebSite\",\"@id\":\"https:\\\/\\\/miil.dev.almic.ee\\\/#website\",\"url\":\"https:\\\/\\\/miil.dev.almic.ee\\\/\",\"name\":\"Miil O\u00dc\",\"description\":\"Konteinerveod\",\"publisher\":{\"@id\":\"https:\\\/\\\/miil.dev.almic.ee\\\/#organization\"},\"potentialAction\":[{\"@type\":\"SearchAction\",\"target\":{\"@type\":\"EntryPoint\",\"urlTemplate\":\"https:\\\/\\\/miil.dev.almic.ee\\\/?s={search_term_string}\"},\"query-input\":{\"@type\":\"PropertyValueSpecification\",\"valueRequired\":true,\"valueName\":\"search_term_string\"}}],\"inLanguage\":\"lv-LV\"},{\"@type\":\"Organization\",\"@id\":\"https:\\\/\\\/miil.dev.almic.ee\\\/#organization\",\"name\":\"Miil O\u00dc\",\"url\":\"https:\\\/\\\/miil.dev.almic.ee\\\/\",\"logo\":{\"@type\":\"ImageObject\",\"inLanguage\":\"lv-LV\",\"@id\":\"https:\\\/\\\/miil.dev.almic.ee\\\/#\\\/schema\\\/logo\\\/image\\\/\",\"url\":\"https:\\\/\\\/www.miil.ee\\\/wp-content\\\/uploads\\\/2022\\\/02\\\/Miil-logo.svg\",\"contentUrl\":\"https:\\\/\\\/www.miil.ee\\\/wp-content\\\/uploads\\\/2022\\\/02\\\/Miil-logo.svg\",\"width\":\"1024\",\"height\":\"1024\",\"caption\":\"Miil O\u00dc\"},\"image\":{\"@id\":\"https:\\\/\\\/miil.dev.almic.ee\\\/#\\\/schema\\\/logo\\\/image\\\/\"},\"sameAs\":[\"https:\\\/\\\/www.facebook.com\\\/konteinerveod\\\/\",\"https:\\\/\\\/www.instagram.com\\\/ou_miil\\\/\"]}]}<\/script>\n<!-- \/ Yoast SEO Premium plugin. -->","yoast_head_json":{"title":"RAM pa\u0161izg\u0101z\u0113js - Miil O\u00dc","description":"RAM pa\u0161izg\u0101z\u0113js | Konteineru p\u0101rvad\u0101jumi | Dodge RAM | Backloader | 20DC konteineru p\u0101rvad\u0101jumi | Gr\u016bti sasniedzamas vietas","robots":{"index":"index","follow":"follow","max-snippet":"max-snippet:-1","max-image-preview":"max-image-preview:large","max-video-preview":"max-video-preview:-1"},"canonical":"https:\/\/miil.dev.almic.ee\/lv\/pakalpojumi\/ram-pasizgazejs\/","og_locale":"lv_LV","og_type":"article","og_title":"RAM pa\u0161izg\u0101z\u0113js","og_description":"RAM pa\u0161izg\u0101z\u0113js | Konteineru p\u0101rvad\u0101jumi | Dodge RAM | Backloader | 20DC konteineru p\u0101rvad\u0101jumi | Gr\u016bti sasniedzamas vietas","og_url":"https:\/\/miil.dev.almic.ee\/lv\/pakalpojumi\/ram-pasizgazejs\/","og_site_name":"Miil O\u00dc","article_publisher":"https:\/\/www.facebook.com\/konteinerveod\/","article_modified_time":"2024-11-15T13:42:44+00:00","og_image":[{"width":1000,"height":750,"url":"https:\/\/miil.dev.almic.ee\/wp-content\/uploads\/2024\/09\/RAM-kallutaja.jpg","type":"image\/jpeg"}],"twitter_card":"summary_large_image","twitter_misc":{"Est. reading time":"2 minutes"},"schema":{"@context":"https:\/\/schema.org","@graph":[{"@type":"WebPage","@id":"https:\/\/miil.dev.almic.ee\/lv\/pakalpojumi\/ram-pasizgazejs\/","url":"https:\/\/miil.dev.almic.ee\/lv\/pakalpojumi\/ram-pasizgazejs\/","name":"RAM pa\u0161izg\u0101z\u0113js - Miil O\u00dc","isPartOf":{"@id":"https:\/\/miil.dev.almic.ee\/#website"},"primaryImageOfPage":{"@id":"https:\/\/miil.dev.almic.ee\/lv\/pakalpojumi\/ram-pasizgazejs\/#primaryimage"},"image":{"@id":"https:\/\/miil.dev.almic.ee\/lv\/pakalpojumi\/ram-pasizgazejs\/#primaryimage"},"thumbnailUrl":"https:\/\/miil.dev.almic.ee\/wp-content\/uploads\/2024\/09\/RAM-kallutaja.jpg","datePublished":"2022-07-28T06:28:05+00:00","dateModified":"2024-11-15T13:42:44+00:00","description":"RAM pa\u0161izg\u0101z\u0113js | Konteineru p\u0101rvad\u0101jumi | Dodge RAM | Backloader | 20DC konteineru p\u0101rvad\u0101jumi | Gr\u016bti sasniedzamas vietas","breadcrumb":{"@id":"https:\/\/miil.dev.almic.ee\/lv\/pakalpojumi\/ram-pasizgazejs\/#breadcrumb"},"inLanguage":"lv-LV","potentialAction":[{"@type":"ReadAction","target":["https:\/\/miil.dev.almic.ee\/lv\/pakalpojumi\/ram-pasizgazejs\/"]}]},{"@type":"ImageObject","inLanguage":"lv-LV","@id":"https:\/\/miil.dev.almic.ee\/lv\/pakalpojumi\/ram-pasizgazejs\/#primaryimage","url":"https:\/\/miil.dev.almic.ee\/wp-content\/uploads\/2024\/09\/RAM-kallutaja.jpg","contentUrl":"https:\/\/miil.dev.almic.ee\/wp-content\/uploads\/2024\/09\/RAM-kallutaja.jpg","width":1000,"height":750},{"@type":"BreadcrumbList","@id":"https:\/\/miil.dev.almic.ee\/lv\/pakalpojumi\/ram-pasizgazejs\/#breadcrumb","itemListElement":[{"@type":"ListItem","position":1,"name":"Home","item":"https:\/\/miil.dev.almic.ee\/lv\/"},{"@type":"ListItem","position":2,"name":"Pakalpojumi","item":"https:\/\/miil.dev.almic.ee\/lv\/pakalpojumi\/"},{"@type":"ListItem","position":3,"name":"RAM pa\u0161izg\u0101z\u0113js"}]},{"@type":"WebSite","@id":"https:\/\/miil.dev.almic.ee\/#website","url":"https:\/\/miil.dev.almic.ee\/","name":"Miil O\u00dc","description":"Konteinerveod","publisher":{"@id":"https:\/\/miil.dev.almic.ee\/#organization"},"potentialAction":[{"@type":"SearchAction","target":{"@type":"EntryPoint","urlTemplate":"https:\/\/miil.dev.almic.ee\/?s={search_term_string}"},"query-input":{"@type":"PropertyValueSpecification","valueRequired":true,"valueName":"search_term_string"}}],"inLanguage":"lv-LV"},{"@type":"Organization","@id":"https:\/\/miil.dev.almic.ee\/#organization","name":"Miil O\u00dc","url":"https:\/\/miil.dev.almic.ee\/","logo":{"@type":"ImageObject","inLanguage":"lv-LV","@id":"https:\/\/miil.dev.almic.ee\/#\/schema\/logo\/image\/","url":"https:\/\/www.miil.ee\/wp-content\/uploads\/2022\/02\/Miil-logo.svg","contentUrl":"https:\/\/www.miil.ee\/wp-content\/uploads\/2022\/02\/Miil-logo.svg","width":"1024","height":"1024","caption":"Miil O\u00dc"},"image":{"@id":"https:\/\/miil.dev.almic.ee\/#\/schema\/logo\/image\/"},"sameAs":["https:\/\/www.facebook.com\/konteinerveod\/","https:\/\/www.instagram.com\/ou_miil\/"]}]}},"_links":{"self":[{"href":"https:\/\/miil.dev.almic.ee\/lv\/wp-json\/wp\/v2\/pages\/12384","targetHints":{"allow":["GET"]}}],"collection":[{"href":"https:\/\/miil.dev.almic.ee\/lv\/wp-json\/wp\/v2\/pages"}],"about":[{"href":"https:\/\/miil.dev.almic.ee\/lv\/wp-json\/wp\/v2\/types\/page"}],"author":[{"embeddable":true,"href":"https:\/\/miil.dev.almic.ee\/lv\/wp-json\/wp\/v2\/users\/1"}],"replies":[{"embeddable":true,"href":"https:\/\/miil.dev.almic.ee\/lv\/wp-json\/wp\/v2\/comments?post=12384"}],"version-history":[{"count":0,"href":"https:\/\/miil.dev.almic.ee\/lv\/wp-json\/wp\/v2\/pages\/12384\/revisions"}],"up":[{"embeddable":true,"href":"https:\/\/miil.dev.almic.ee\/lv\/wp-json\/wp\/v2\/pages\/1589"}],"wp:featuredmedia":[{"embeddable":true,"href":"https:\/\/miil.dev.almic.ee\/lv\/wp-json\/wp\/v2\/media\/75584"}],"wp:attachment":[{"href":"https:\/\/miil.dev.almic.ee\/lv\/wp-json\/wp\/v2\/media?parent=12384"}],"curies":[{"name":"wp","href":"https:\/\/api.w.org\/{rel}","templated":true}]}}