{"id":12383,"date":"2022-07-28T09:28:01","date_gmt":"2022-07-28T06:28:01","guid":{"rendered":"https:\/\/www.miil.ee\/pakalpojumi\/negabarita-kravas\/"},"modified":"2024-11-15T17:00:29","modified_gmt":"2024-11-15T15:00:29","slug":"negabarita-kravas","status":"publish","type":"page","link":"https:\/\/miil.dev.almic.ee\/lv\/pakalpojumi\/negabarita-kravas\/","title":{"rendered":"Negabar\u012bta kravas"},"content":{"rendered":"<section class=\"l-section wpb_row height_medium\"><div class=\"l-section-h i-cf\"><div class=\"g-cols vc_row via_flex valign_top type_default stacking_default\"><div class=\"vc_col-sm-12 wpb_column vc_column_container\"><div class=\"vc_column-inner\"><div class=\"wpb_wrapper\"><div class=\"g-cols wpb_row via_flex valign_top type_default stacking_default\"><div class=\"vc_col-sm-6 wpb_column vc_column_container\"><div class=\"vc_column-inner\"><div class=\"wpb_wrapper\"><div class=\"wpb_text_column\"><div class=\"wpb_wrapper\"><p>Negabar\u012bta kravas &#8211; Kop\u0161 2020. gada s\u0101kuma mums ir speci\u0101la zema profila piekabe negabar\u012bta kravu p\u0101rvad\u0101\u0161anai.<\/p>\n<h2>Piekabes izm\u0113ri<\/h2>\n<ul>\n<li>Platformas augstums 400 mm.<\/li>\n<li>Uzbraucam\u0101s da\u013cas garums ir 6750 mm.<\/li>\n<li>Pagarin\u0101m\u0101s da\u013cas garums 5500 mm.<\/li>\n<li>Platformas platums 2540 mm.<\/li>\n<li>Papla\u0161in\u0101ms l\u012bdz 3000 mm.<\/li>\n<\/ul>\n<\/div><\/div><\/div><\/div><\/div><div class=\"vc_col-sm-6 wpb_column vc_column_container\"><div class=\"vc_column-inner\"><div class=\"wpb_wrapper\"><div class=\"w-image align_none\"><a ref=\"magnificPopup\" href=\"https:\/\/miil.dev.almic.ee\/wp-content\/uploads\/2022\/04\/ylegabariit-miil-2-1024x371-1.jpg\" aria-label=\"ylegabariit-miil-2-1024x371\" class=\"w-image-h\"><img decoding=\"async\" width=\"752\" height=\"506\" src=\"https:\/\/miil.dev.almic.ee\/wp-content\/uploads\/2022\/04\/ylegabariit-miil-2-1024x371-1.jpg\" class=\"attachment-full size-full\" alt=\"\" loading=\"lazy\" srcset=\"https:\/\/miil.dev.almic.ee\/wp-content\/uploads\/2022\/04\/ylegabariit-miil-2-1024x371-1.jpg 752w, https:\/\/miil.dev.almic.ee\/wp-content\/uploads\/2022\/04\/ylegabariit-miil-2-1024x371-1-600x404.jpg 600w, https:\/\/miil.dev.almic.ee\/wp-content\/uploads\/2022\/04\/ylegabariit-miil-2-1024x371-1-300x202.jpg 300w\" sizes=\"auto, (max-width: 752px) 100vw, 752px\" \/><\/a><\/div><\/div><\/div><\/div><\/div><div class=\"g-cols wpb_row via_flex valign_top type_default stacking_default\"><div class=\"vc_col-sm-12 wpb_column vc_column_container\"><div class=\"vc_column-inner\"><div class=\"wpb_wrapper\"><div class=\"wpb_text_column\"><div class=\"wpb_wrapper\"><p>Zem\u0101 piekabe ir apr\u012bkota ar sl\u0113dzen\u0113m 20 p\u0113du un 40 p\u0113du p\u0101rvad\u0101\u0161anas konteineriem. Turkl\u0101t ar \u0161o piekabi iesp\u0113jams p\u0101rvad\u0101t ar\u012b cita veida kravas, piem. roll-on roll-off krava vai krava, ko var pacelt. Maksim\u0101l\u0101 pie\u013caujam\u0101 slodze \u0161ai piekabei ir 30 tonnas. Smag\u0101kas kravas gad\u012bjum\u0101 l\u016bdzam cenu pied\u0101v\u0101jumu info@miil.ee.<\/p>\n<h2>Da\u017e\u0101das iek\u0101rtas, da\u017e\u0101das preces.<br \/>\nNegabar\u012bta kravas vai ne?<\/h2>\n<p>Atkar\u012bb\u0101 no pre\u010du izm\u0113ra un specifikas m\u016bsu r\u012bc\u012bb\u0101 ir pla\u0161s apr\u012bkojuma kl\u0101sts, kas paredz\u0113ts j\u016bras konteineru p\u0101rvad\u0101\u0161anai.<br \/>\nM\u016bsu autopark\u0101 J\u016bs atrad\u012bsiet <a href=\"https:\/\/www.miil.ee\/lv\/pakalpojumi\/sanu-iekraveji-sideloader\/\">Sideloader<\/a>, kas pace\u013c merc konteineru uz automa\u0161\u012bnas s\u0101niem. <a href=\"https:\/\/www.miil.ee\/lv\/pakalpojumi\/backloaders\/\">Backloader<\/a>, kas noliec konteineru, lai to iztuk\u0161otu, vai \u013cauj iekraut konteineru vertik\u0101l\u0101 st\u0101vokl\u012b.<br \/>\nPapildus iepriek\u0161min\u0113tajam, mums ir standarta konteineru r\u0101mji, k\u0101 ar\u012b neliela piekabe, kas iet aiz viegl\u0101 auto un var p\u0101rvad\u0101t konteinerus l\u012bdz 6 metriem.<\/p>\n<p>Sekojiet mums <a href=\"https:\/\/www.facebook.com\/konteinerveod\/\">Facebook<\/a> vai <a href=\"https:\/\/www.instagram.com\/ou_miil\/\">Instagram.<\/a><\/p>\n<\/div><\/div><\/div><\/div><\/div><\/div><div class=\"g-cols wpb_row via_flex valign_top type_default stacking_default\"><div class=\"vc_col-sm-12 wpb_column vc_column_container\"><div class=\"vc_column-inner\"><div class=\"wpb_wrapper\"><div class=\"w-grid type_grid layout_212 hidden\" id=\"us_grid_1\" style=\"--gap:1rem;\" data-filterable=\"true\"><style>.layout_212 .w-grid-item-h{}<\/style><div class=\"w-grid-list\"><\/div><div class=\"w-grid-preloader\">\t<div class=\"g-preloader type_1\">\r\n\t\t<div><\/div>\r\n\t<\/div>\r\n\t<\/div>\t<div class=\"w-grid-json hidden\" onclick='return {&quot;action&quot;:&quot;us_ajax_grid&quot;,&quot;infinite_scroll&quot;:0,&quot;max_num_pages&quot;:0,&quot;pagination&quot;:&quot;none&quot;,&quot;template_vars&quot;:{&quot;columns&quot;:&quot;1&quot;,&quot;exclude_items&quot;:&quot;none&quot;,&quot;img_size&quot;:&quot;full&quot;,&quot;ignore_items_size&quot;:0,&quot;items_layout&quot;:&quot;212&quot;,&quot;items_offset&quot;:&quot;1&quot;,&quot;load_animation&quot;:&quot;none&quot;,&quot;overriding_link&quot;:&quot;%7B%22type%22%3A%22popup_image%22%7D&quot;,&quot;post_id&quot;:0,&quot;query_args&quot;:{&quot;post_type&quot;:[&quot;attachment&quot;],&quot;post__in&quot;:[&quot;1187&quot;,&quot;1192&quot;],&quot;post_status&quot;:&quot;inherit&quot;,&quot;post_mime_type&quot;:&quot;image&quot;,&quot;posts_per_page&quot;:&quot;10&quot;},&quot;orderby_query_args&quot;:{&quot;orderby&quot;:{&quot;post__in&quot;:&quot;ASC&quot;},&quot;order&quot;:&quot;ASC&quot;},&quot;type&quot;:&quot;grid&quot;,&quot;us_grid_post_type&quot;:&quot;attachment&quot;,&quot;us_grid_ajax_index&quot;:1,&quot;us_grid_filter_query_string&quot;:null,&quot;us_grid_index&quot;:1,&quot;page_args&quot;:[],&quot;lang&quot;:&quot;lv&quot;}}'><\/div>\r\n\t<\/div><div class=\"w-grid-none type_message\">No results found.<\/div><\/div><\/div><\/div><\/div><\/div><\/div><\/div><\/div><\/div><\/section>\n","protected":false},"excerpt":{"rendered":"Negabar\u012bta kravas &#8211; Kop\u0161 2020. gada s\u0101kuma mums ir speci\u0101la zema profila piekabe negabar\u012bta kravu p\u0101rvad\u0101\u0161anai. Piekabes izm\u0113ri Platformas augstums 400 mm. Uzbraucam\u0101s da\u013cas garums ir 6750 mm. Pagarin\u0101m\u0101s da\u013cas garums 5500 mm. Platformas platums 2540 mm. Papla\u0161in\u0101ms l\u012bdz 3000 mm. Zem\u0101 piekabe ir apr\u012bkota ar sl\u0113dzen\u0113m 20 p\u0113du un 40 p\u0113du p\u0101rvad\u0101\u0161anas konteineriem. Turkl\u0101t...","protected":false},"author":1,"featured_media":75594,"parent":1589,"menu_order":0,"comment_status":"closed","ping_status":"closed","template":"","meta":{"_acf_changed":false,"footnotes":""},"class_list":["post-12383","page","type-page","status-publish","has-post-thumbnail","hentry"],"acf":[],"yoast_head":"<!-- This site is optimized with the Yoast SEO Premium plugin v23.9 (Yoast SEO v27.5) - https:\/\/yoast.com\/product\/yoast-seo-premium-wordpress\/ -->\n<title>Negabar\u012bta kravas - Miil O\u00dc<\/title>\n<meta name=\"description\" content=\"Negabar\u012bta kravas | Zem\u0101 piekabe | Juras konteiners \u012br\u0113t | tiek p\u0101rdota biroja kab\u012bne | Juras konteiners transport |\" \/>\n<meta name=\"robots\" content=\"index, follow, max-snippet:-1, max-image-preview:large, max-video-preview:-1\" \/>\n<link rel=\"canonical\" href=\"https:\/\/miil.dev.almic.ee\/lv\/pakalpojumi\/negabarita-kravas\/\" \/>\n<meta property=\"og:locale\" content=\"lv_LV\" \/>\n<meta property=\"og:type\" content=\"article\" \/>\n<meta property=\"og:title\" content=\"Negabar\u012bta kravas\" \/>\n<meta property=\"og:description\" content=\"Negabar\u012bta kravas | Zem\u0101 piekabe | Juras konteiners \u012br\u0113t | tiek p\u0101rdota biroja kab\u012bne | Juras konteiners transport |\" \/>\n<meta property=\"og:url\" content=\"https:\/\/miil.dev.almic.ee\/lv\/pakalpojumi\/negabarita-kravas\/\" \/>\n<meta property=\"og:site_name\" content=\"Miil O\u00dc\" \/>\n<meta property=\"article:publisher\" content=\"https:\/\/www.facebook.com\/konteinerveod\/\" \/>\n<meta property=\"article:modified_time\" content=\"2024-11-15T15:00:29+00:00\" \/>\n<meta property=\"og:image\" content=\"https:\/\/miil.dev.almic.ee\/wp-content\/uploads\/2024\/09\/124659928_640410033322802_7049465830699341945_n.jpg\" \/>\n\t<meta property=\"og:image:width\" content=\"960\" \/>\n\t<meta property=\"og:image:height\" content=\"720\" \/>\n\t<meta property=\"og:image:type\" content=\"image\/jpeg\" \/>\n<meta name=\"twitter:card\" content=\"summary_large_image\" \/>\n<meta name=\"twitter:label1\" content=\"Est. reading time\" \/>\n\t<meta name=\"twitter:data1\" content=\"2 minutes\" \/>\n<script type=\"application\/ld+json\" class=\"yoast-schema-graph\">{\"@context\":\"https:\\\/\\\/schema.org\",\"@graph\":[{\"@type\":\"WebPage\",\"@id\":\"https:\\\/\\\/miil.dev.almic.ee\\\/lv\\\/pakalpojumi\\\/negabarita-kravas\\\/\",\"url\":\"https:\\\/\\\/miil.dev.almic.ee\\\/lv\\\/pakalpojumi\\\/negabarita-kravas\\\/\",\"name\":\"Negabar\u012bta kravas - Miil O\u00dc\",\"isPartOf\":{\"@id\":\"https:\\\/\\\/miil.dev.almic.ee\\\/#website\"},\"primaryImageOfPage\":{\"@id\":\"https:\\\/\\\/miil.dev.almic.ee\\\/lv\\\/pakalpojumi\\\/negabarita-kravas\\\/#primaryimage\"},\"image\":{\"@id\":\"https:\\\/\\\/miil.dev.almic.ee\\\/lv\\\/pakalpojumi\\\/negabarita-kravas\\\/#primaryimage\"},\"thumbnailUrl\":\"https:\\\/\\\/miil.dev.almic.ee\\\/wp-content\\\/uploads\\\/2024\\\/09\\\/124659928_640410033322802_7049465830699341945_n.jpg\",\"datePublished\":\"2022-07-28T06:28:01+00:00\",\"dateModified\":\"2024-11-15T15:00:29+00:00\",\"description\":\"Negabar\u012bta kravas | Zem\u0101 piekabe | Juras konteiners \u012br\u0113t | tiek p\u0101rdota biroja kab\u012bne | Juras konteiners transport |\",\"breadcrumb\":{\"@id\":\"https:\\\/\\\/miil.dev.almic.ee\\\/lv\\\/pakalpojumi\\\/negabarita-kravas\\\/#breadcrumb\"},\"inLanguage\":\"lv-LV\",\"potentialAction\":[{\"@type\":\"ReadAction\",\"target\":[\"https:\\\/\\\/miil.dev.almic.ee\\\/lv\\\/pakalpojumi\\\/negabarita-kravas\\\/\"]}]},{\"@type\":\"ImageObject\",\"inLanguage\":\"lv-LV\",\"@id\":\"https:\\\/\\\/miil.dev.almic.ee\\\/lv\\\/pakalpojumi\\\/negabarita-kravas\\\/#primaryimage\",\"url\":\"https:\\\/\\\/miil.dev.almic.ee\\\/wp-content\\\/uploads\\\/2024\\\/09\\\/124659928_640410033322802_7049465830699341945_n.jpg\",\"contentUrl\":\"https:\\\/\\\/miil.dev.almic.ee\\\/wp-content\\\/uploads\\\/2024\\\/09\\\/124659928_640410033322802_7049465830699341945_n.jpg\",\"width\":960,\"height\":720},{\"@type\":\"BreadcrumbList\",\"@id\":\"https:\\\/\\\/miil.dev.almic.ee\\\/lv\\\/pakalpojumi\\\/negabarita-kravas\\\/#breadcrumb\",\"itemListElement\":[{\"@type\":\"ListItem\",\"position\":1,\"name\":\"Home\",\"item\":\"https:\\\/\\\/miil.dev.almic.ee\\\/lv\\\/\"},{\"@type\":\"ListItem\",\"position\":2,\"name\":\"Pakalpojumi\",\"item\":\"https:\\\/\\\/miil.dev.almic.ee\\\/lv\\\/pakalpojumi\\\/\"},{\"@type\":\"ListItem\",\"position\":3,\"name\":\"Negabar\u012bta kravas\"}]},{\"@type\":\"WebSite\",\"@id\":\"https:\\\/\\\/miil.dev.almic.ee\\\/#website\",\"url\":\"https:\\\/\\\/miil.dev.almic.ee\\\/\",\"name\":\"Miil O\u00dc\",\"description\":\"Konteinerveod\",\"publisher\":{\"@id\":\"https:\\\/\\\/miil.dev.almic.ee\\\/#organization\"},\"potentialAction\":[{\"@type\":\"SearchAction\",\"target\":{\"@type\":\"EntryPoint\",\"urlTemplate\":\"https:\\\/\\\/miil.dev.almic.ee\\\/?s={search_term_string}\"},\"query-input\":{\"@type\":\"PropertyValueSpecification\",\"valueRequired\":true,\"valueName\":\"search_term_string\"}}],\"inLanguage\":\"lv-LV\"},{\"@type\":\"Organization\",\"@id\":\"https:\\\/\\\/miil.dev.almic.ee\\\/#organization\",\"name\":\"Miil O\u00dc\",\"url\":\"https:\\\/\\\/miil.dev.almic.ee\\\/\",\"logo\":{\"@type\":\"ImageObject\",\"inLanguage\":\"lv-LV\",\"@id\":\"https:\\\/\\\/miil.dev.almic.ee\\\/#\\\/schema\\\/logo\\\/image\\\/\",\"url\":\"https:\\\/\\\/www.miil.ee\\\/wp-content\\\/uploads\\\/2022\\\/02\\\/Miil-logo.svg\",\"contentUrl\":\"https:\\\/\\\/www.miil.ee\\\/wp-content\\\/uploads\\\/2022\\\/02\\\/Miil-logo.svg\",\"width\":\"1024\",\"height\":\"1024\",\"caption\":\"Miil O\u00dc\"},\"image\":{\"@id\":\"https:\\\/\\\/miil.dev.almic.ee\\\/#\\\/schema\\\/logo\\\/image\\\/\"},\"sameAs\":[\"https:\\\/\\\/www.facebook.com\\\/konteinerveod\\\/\",\"https:\\\/\\\/www.instagram.com\\\/ou_miil\\\/\"]}]}<\/script>\n<!-- \/ Yoast SEO Premium plugin. -->","yoast_head_json":{"title":"Negabar\u012bta kravas - Miil O\u00dc","description":"Negabar\u012bta kravas | Zem\u0101 piekabe | Juras konteiners \u012br\u0113t | tiek p\u0101rdota biroja kab\u012bne | Juras konteiners transport |","robots":{"index":"index","follow":"follow","max-snippet":"max-snippet:-1","max-image-preview":"max-image-preview:large","max-video-preview":"max-video-preview:-1"},"canonical":"https:\/\/miil.dev.almic.ee\/lv\/pakalpojumi\/negabarita-kravas\/","og_locale":"lv_LV","og_type":"article","og_title":"Negabar\u012bta kravas","og_description":"Negabar\u012bta kravas | Zem\u0101 piekabe | Juras konteiners \u012br\u0113t | tiek p\u0101rdota biroja kab\u012bne | Juras konteiners transport |","og_url":"https:\/\/miil.dev.almic.ee\/lv\/pakalpojumi\/negabarita-kravas\/","og_site_name":"Miil O\u00dc","article_publisher":"https:\/\/www.facebook.com\/konteinerveod\/","article_modified_time":"2024-11-15T15:00:29+00:00","og_image":[{"width":960,"height":720,"url":"https:\/\/miil.dev.almic.ee\/wp-content\/uploads\/2024\/09\/124659928_640410033322802_7049465830699341945_n.jpg","type":"image\/jpeg"}],"twitter_card":"summary_large_image","twitter_misc":{"Est. reading time":"2 minutes"},"schema":{"@context":"https:\/\/schema.org","@graph":[{"@type":"WebPage","@id":"https:\/\/miil.dev.almic.ee\/lv\/pakalpojumi\/negabarita-kravas\/","url":"https:\/\/miil.dev.almic.ee\/lv\/pakalpojumi\/negabarita-kravas\/","name":"Negabar\u012bta kravas - Miil O\u00dc","isPartOf":{"@id":"https:\/\/miil.dev.almic.ee\/#website"},"primaryImageOfPage":{"@id":"https:\/\/miil.dev.almic.ee\/lv\/pakalpojumi\/negabarita-kravas\/#primaryimage"},"image":{"@id":"https:\/\/miil.dev.almic.ee\/lv\/pakalpojumi\/negabarita-kravas\/#primaryimage"},"thumbnailUrl":"https:\/\/miil.dev.almic.ee\/wp-content\/uploads\/2024\/09\/124659928_640410033322802_7049465830699341945_n.jpg","datePublished":"2022-07-28T06:28:01+00:00","dateModified":"2024-11-15T15:00:29+00:00","description":"Negabar\u012bta kravas | Zem\u0101 piekabe | Juras konteiners \u012br\u0113t | tiek p\u0101rdota biroja kab\u012bne | Juras konteiners transport |","breadcrumb":{"@id":"https:\/\/miil.dev.almic.ee\/lv\/pakalpojumi\/negabarita-kravas\/#breadcrumb"},"inLanguage":"lv-LV","potentialAction":[{"@type":"ReadAction","target":["https:\/\/miil.dev.almic.ee\/lv\/pakalpojumi\/negabarita-kravas\/"]}]},{"@type":"ImageObject","inLanguage":"lv-LV","@id":"https:\/\/miil.dev.almic.ee\/lv\/pakalpojumi\/negabarita-kravas\/#primaryimage","url":"https:\/\/miil.dev.almic.ee\/wp-content\/uploads\/2024\/09\/124659928_640410033322802_7049465830699341945_n.jpg","contentUrl":"https:\/\/miil.dev.almic.ee\/wp-content\/uploads\/2024\/09\/124659928_640410033322802_7049465830699341945_n.jpg","width":960,"height":720},{"@type":"BreadcrumbList","@id":"https:\/\/miil.dev.almic.ee\/lv\/pakalpojumi\/negabarita-kravas\/#breadcrumb","itemListElement":[{"@type":"ListItem","position":1,"name":"Home","item":"https:\/\/miil.dev.almic.ee\/lv\/"},{"@type":"ListItem","position":2,"name":"Pakalpojumi","item":"https:\/\/miil.dev.almic.ee\/lv\/pakalpojumi\/"},{"@type":"ListItem","position":3,"name":"Negabar\u012bta kravas"}]},{"@type":"WebSite","@id":"https:\/\/miil.dev.almic.ee\/#website","url":"https:\/\/miil.dev.almic.ee\/","name":"Miil O\u00dc","description":"Konteinerveod","publisher":{"@id":"https:\/\/miil.dev.almic.ee\/#organization"},"potentialAction":[{"@type":"SearchAction","target":{"@type":"EntryPoint","urlTemplate":"https:\/\/miil.dev.almic.ee\/?s={search_term_string}"},"query-input":{"@type":"PropertyValueSpecification","valueRequired":true,"valueName":"search_term_string"}}],"inLanguage":"lv-LV"},{"@type":"Organization","@id":"https:\/\/miil.dev.almic.ee\/#organization","name":"Miil O\u00dc","url":"https:\/\/miil.dev.almic.ee\/","logo":{"@type":"ImageObject","inLanguage":"lv-LV","@id":"https:\/\/miil.dev.almic.ee\/#\/schema\/logo\/image\/","url":"https:\/\/www.miil.ee\/wp-content\/uploads\/2022\/02\/Miil-logo.svg","contentUrl":"https:\/\/www.miil.ee\/wp-content\/uploads\/2022\/02\/Miil-logo.svg","width":"1024","height":"1024","caption":"Miil O\u00dc"},"image":{"@id":"https:\/\/miil.dev.almic.ee\/#\/schema\/logo\/image\/"},"sameAs":["https:\/\/www.facebook.com\/konteinerveod\/","https:\/\/www.instagram.com\/ou_miil\/"]}]}},"_links":{"self":[{"href":"https:\/\/miil.dev.almic.ee\/lv\/wp-json\/wp\/v2\/pages\/12383","targetHints":{"allow":["GET"]}}],"collection":[{"href":"https:\/\/miil.dev.almic.ee\/lv\/wp-json\/wp\/v2\/pages"}],"about":[{"href":"https:\/\/miil.dev.almic.ee\/lv\/wp-json\/wp\/v2\/types\/page"}],"author":[{"embeddable":true,"href":"https:\/\/miil.dev.almic.ee\/lv\/wp-json\/wp\/v2\/users\/1"}],"replies":[{"embeddable":true,"href":"https:\/\/miil.dev.almic.ee\/lv\/wp-json\/wp\/v2\/comments?post=12383"}],"version-history":[{"count":0,"href":"https:\/\/miil.dev.almic.ee\/lv\/wp-json\/wp\/v2\/pages\/12383\/revisions"}],"up":[{"embeddable":true,"href":"https:\/\/miil.dev.almic.ee\/lv\/wp-json\/wp\/v2\/pages\/1589"}],"wp:featuredmedia":[{"embeddable":true,"href":"https:\/\/miil.dev.almic.ee\/lv\/wp-json\/wp\/v2\/media\/75594"}],"wp:attachment":[{"href":"https:\/\/miil.dev.almic.ee\/lv\/wp-json\/wp\/v2\/media?parent=12383"}],"curies":[{"name":"wp","href":"https:\/\/api.w.org\/{rel}","templated":true}]}}