{"id":12379,"date":"2022-07-28T09:27:37","date_gmt":"2022-07-28T06:27:37","guid":{"rendered":"https:\/\/www.miil.ee\/konteinera-parbaude\/"},"modified":"2022-07-28T09:27:46","modified_gmt":"2022-07-28T06:27:46","slug":"konteinera-parbaude","status":"publish","type":"page","link":"https:\/\/miil.dev.almic.ee\/lv\/konteinera-parbaude\/","title":{"rendered":"Konteinera p\u0101rbaude"},"content":{"rendered":"<section class=\"l-section wpb_row height_medium\"><div class=\"l-section-h i-cf\"><div class=\"g-cols vc_row via_flex valign_top type_default stacking_default\"><div class=\"vc_col-sm-12 wpb_column vc_column_container\"><div class=\"vc_column-inner\"><div class=\"wpb_wrapper\"><div class=\"wpb_text_column\"><div class=\"wpb_wrapper\"><p>J\u016bras konteiners p\u0113c b\u016bt\u012bbas ir standartiz\u0113ts kravas nodal\u012bjums, ko starptautiski izmanto pre\u010du p\u0101rvad\u0101\u0161anai vai uzglab\u0101\u0161anai un kas atbilst ISO pras\u012bb\u0101m (ISO 6346). J\u016bras konteineri popul\u0101ri k\u013cuva pag\u0101ju\u0161\u0101 gadsimta 50. un 60. gados. Malkolms Makleins (<i>Malcolm Mclean<\/i>), j\u016bras konteineru \u201ct\u0113vs\u201d, kuram pieder\u0113ja t\u0101 laika liel\u0101kais transporta uz\u0146\u0113mums, v\u0113l\u0113j\u0101s rad\u012bt viegl\u0101ku un \u0101tr\u0101ku p\u0101rvad\u0101jumu veidu. Vi\u0146\u0161 eksperiment\u0113ja ar da\u017e\u0101diem konteineru izm\u0113riem, l\u012bdz 1956. gad\u0101 tika izstr\u0101d\u0101ts pa\u0161reiz\u0113jais standarts. L\u012bdz ar j\u016bras konteineru ievie\u0161anu pre\u010du p\u0101rvad\u0101\u0161anas izmaksas samazin\u0101j\u0101s no aptuveni 6 dol\u0101riem l\u012bdz da\u017eiem desmitiem centu. T\u0101pat k\u0101 jebkuram standartam, ar\u012b konteineriem ir daudz iz\u0146\u0113mumu. Parasti tiek run\u0101ts par 20 vai 40 p\u0113du konteineriem, kuru \u0101r\u0113jie izm\u0113ri ir attiec\u012bgi 6 vai 12 metri. Vairum\u0101 gad\u012bjumu konteineri ir pieejami divos augstumos: zemais jeb DC konteiners ar 2,59 m augstumu un augstais jeb <em>High Cube<\/em> (HC) konteiners ar 2,9 m augstumu. Lietotu konteineru cenu at\u0161\u0137ir\u012bba parasti ir neliela un liel\u0101 m\u0113r\u0101 atkar\u012bga no konteinera st\u0101vok\u013ca. Papildus iepriek\u0161 min\u0113tajiem (20\u2032 un 40\u2032) ir izplat\u012bti ar\u012b konteineri, kuru garums ir:<\/p>\n<ul>\n<li>45 p\u0113das jeb 13,7 m;<\/li>\n<li>10 p\u0113das jeb 3 m;<\/li>\n<\/ul>\n<p>\u00a0<\/p>\n<p>Atkar\u012bb\u0101 no konteinera lieto\u0161anas m\u0113r\u0137a un p\u0101rvad\u0101jamo pre\u010du specifikas past\u0101v ar\u012b \u012bpa\u0161as alternat\u012bvas standarta un augstajiem konteineriem:<\/p>\n<ul>\n<li>no aug\u0161as atverams jeb <em><i>Open Top<\/i><\/em> (OT)<\/li>\n<li>ar dubultaj\u0101m durv\u012bm jeb<em><i>Double Door<\/i><\/em>(DD)<\/li>\n<li>cisternu konteiners;<\/li>\n<li>tikai pamatne ar div\u0101m gala sien\u0101m, ko izmanto liel\u0101ku kravu p\u0101rvad\u0101\u0161anai, jeb<em><i>Flat container<\/i><\/em><\/li>\n<li>u.c.<\/li>\n<\/ul>\n<p>S\u012bk\u0101ka inform\u0101cija par konteineru prec\u012bziem izm\u0113riem pieejama <a href=\"https:\/\/www.miil.ee\/lv\/konteinera-parbaude\/konteineru-izmeri\/\">\u0161eit<\/a>. Ja mekl\u0113jat 6 m, 12 m vai k\u0101da cita izm\u0113ra konteineru, apskatiet<a href=\"\/?product_cat=koik\" target=\"_blank\" rel=\"noreferrer noopener\" aria-label=\" m\u016bsu pied\u0101v\u0101tos konteinerus (atveras jaun\u0101 ciln\u0113)\"> un p\u0113c tam apskatiet m\u016bsu pied\u0101v\u0101jum\u0101 eso\u0161os konteinerus<\/a>.<\/p>\n<h2>Konteineru izgatavo\u0161ana<\/h2>\n<p>J\u016bras konteiners ir izgatavots no \u013coti iztur\u012bga materi\u0101la \u2013 laikapst\u0101k\u013ciem iztur\u012bga t\u0113rauda. \u201cCorten Steel\u201d ir iztur\u012bgs pret koroziju, un, ja tas nav p\u0101rkl\u0101ts, uz \u0101r\u0113j\u0101s virsmas veido aizsargk\u0101rtu, kas to pasarg\u0101 no sk\u0101bas vides. Tas ir \u012bpa\u0161i piem\u0113rots j\u016bras transportam vai uzglab\u0101\u0161anai noliktav\u0101. Veicot konteinera remontu, noteikti b\u016btu j\u0101izmanto t\u0101ds pats materi\u0101ls. Konteinera balsta punkti ir t\u0101 st\u016bri un pamatne. Konteinera apak\u0161da\u013ca ir izgatavota no iztur\u012bga koka, zem t\u0101s aptuveni ar 500 mm interv\u0101lu ir 150 mm met\u0101la sijas, kas sp\u0113j iztur\u0113t \u013coti lielu svaru. Pats konteiners var iztur\u0113t vid\u0113ji 25\u201328 tonnas pre\u010du, maz\u0101ks 3 m konteiners \u2013 10 tonnas. Piem\u0113ram, pilna izm\u0113ra apvidus automobilis \u0161\u0101dam konteineram ir dr\u012bz\u0101k viegla krava.<\/p>\n<h2>K\u0101p\u0113c ieg\u0101d\u0101ties konteineru uz\u0146\u0113mum\u0101 \u201cMiil\u201d O\u00dc<\/h2>\n<p>Ja savas m\u0101jas pagalm\u0101 v\u0113laties noliktavu, \u0161\u0137\u016bni vai gar\u0101\u017eu, \u013coti popul\u0101ra izv\u0113le ir tie\u0161i konteiners. Jaunajiem noliktavas konteineriem sal\u012bdzin\u0101jum\u0101 ar j\u016bras konteineriem ir nelielas priek\u0161roc\u012bbas, jo tie jau r\u016bpn\u012bc\u0101 ir apr\u012bkoti ar sl\u0113dzenes aizsardz\u012bbu, e\u0146\u0123es ir e\u013c\u013cojamas, tajos ir vair\u0101k ventil\u0101cijas atveru un galven\u0101s durvis var atv\u0113rt ar vienu kli\u0146\u0137i, lai pat pa\u0161i maz\u0101kie \u0123imenes locek\u013ci var\u0113tu viegli piek\u013c\u016bt uzglab\u0101\u0161anas telpai. \u201cMiil\u201d O\u00dc ir liel\u0101kais un lab\u0101kais konteineru tirdzniec\u012bbas un transporta uz\u0146\u0113mums Baltij\u0101. M\u0113s varam pied\u0101v\u0101t ar\u012b l\u0113t\u0101kus lietotus j\u016bras konteinerus, k\u0101 ar\u012b jaunus noliktavas konteinerus vai vagoni\u0146us. Noliktav\u0101 uz vietas ir vair\u0101k nek\u0101 150 da\u017e\u0101du konteineru, t\u0101p\u0113c nav nepiecie\u0161ams nedz veikt iepriek\u0161\u0113ju pas\u016bt\u012bjumu, nedz gaid\u012bt, jo konteinera esam\u012bba un pieg\u0101de l\u012bdz klientam ir garant\u0113ta! P\u0113c piem\u0113rota konteinera izv\u0113les un dar\u012bjuma noform\u0113\u0161anas m\u0113s to nog\u0101d\u0101sim jums nepiecie\u0161amaj\u0101 viet\u0101 un ar speci\u0101lu kravas automa\u0161\u012bnu nocelsim to zem\u0113. M\u016bsu automa\u0161\u012bnas ir \u012bpa\u0161i piel\u0101gotas j\u016bras konteineru p\u0101rvad\u0101\u0161anai, un tas l\u012bdz klientam non\u0101ks prec\u012bzi t\u0101d\u0101 pa\u0161\u0101 st\u0101vokl\u012b, k\u0101d\u0101 tas bija m\u016bsu termin\u0101l\u012b. Cenas ir skaidras, p\u0101rredzamas un nor\u0101d\u012btas m\u0101jaslap\u0101 kop\u0101 ar konteineru att\u0113liem un izm\u0113riem.<\/p>\n<\/div><\/div>[vc_raw_html][\/vc_raw_html]<\/div><\/div><\/div><\/div><\/div><\/section>\n","protected":false},"excerpt":{"rendered":"J\u016bras konteiners p\u0113c b\u016bt\u012bbas ir standartiz\u0113ts kravas nodal\u012bjums, ko starptautiski izmanto pre\u010du p\u0101rvad\u0101\u0161anai vai uzglab\u0101\u0161anai un kas atbilst ISO pras\u012bb\u0101m (ISO 6346). J\u016bras konteineri popul\u0101ri k\u013cuva pag\u0101ju\u0161\u0101 gadsimta 50. un 60. gados. Malkolms Makleins (Malcolm Mclean), j\u016bras konteineru \u201ct\u0113vs\u201d, kuram pieder\u0113ja t\u0101 laika liel\u0101kais transporta uz\u0146\u0113mums, v\u0113l\u0113j\u0101s rad\u012bt viegl\u0101ku un \u0101tr\u0101ku p\u0101rvad\u0101jumu veidu. Vi\u0146\u0161 eksperiment\u0113ja...","protected":false},"author":1,"featured_media":0,"parent":0,"menu_order":0,"comment_status":"closed","ping_status":"closed","template":"","meta":{"_acf_changed":false,"footnotes":""},"class_list":["post-12379","page","type-page","status-publish","hentry"],"acf":[],"yoast_head":"<!-- This site is optimized with the Yoast SEO Premium plugin v23.9 (Yoast SEO v27.5) - https:\/\/yoast.com\/product\/yoast-seo-premium-wordpress\/ -->\n<title>Konteinera p\u0101rbaude - Miil O\u00dc<\/title>\n<meta name=\"robots\" content=\"index, follow, max-snippet:-1, max-image-preview:large, max-video-preview:-1\" \/>\n<link rel=\"canonical\" href=\"https:\/\/miil.dev.almic.ee\/lv\/konteinera-parbaude\/\" \/>\n<meta property=\"og:locale\" content=\"lv_LV\" \/>\n<meta property=\"og:type\" content=\"article\" \/>\n<meta property=\"og:title\" content=\"Konteinera p\u0101rbaude\" \/>\n<meta property=\"og:url\" content=\"https:\/\/miil.dev.almic.ee\/lv\/konteinera-parbaude\/\" \/>\n<meta property=\"og:site_name\" content=\"Miil O\u00dc\" \/>\n<meta property=\"article:publisher\" content=\"https:\/\/www.facebook.com\/konteinerveod\/\" \/>\n<meta property=\"article:modified_time\" content=\"2022-07-28T06:27:46+00:00\" \/>\n<meta name=\"twitter:card\" content=\"summary_large_image\" \/>\n<meta name=\"twitter:label1\" content=\"Est. reading time\" \/>\n\t<meta name=\"twitter:data1\" content=\"4 minutes\" \/>\n<script type=\"application\/ld+json\" class=\"yoast-schema-graph\">{\"@context\":\"https:\\\/\\\/schema.org\",\"@graph\":[{\"@type\":\"WebPage\",\"@id\":\"https:\\\/\\\/miil.dev.almic.ee\\\/lv\\\/konteinera-parbaude\\\/\",\"url\":\"https:\\\/\\\/miil.dev.almic.ee\\\/lv\\\/konteinera-parbaude\\\/\",\"name\":\"Konteinera p\u0101rbaude - Miil O\u00dc\",\"isPartOf\":{\"@id\":\"https:\\\/\\\/miil.dev.almic.ee\\\/#website\"},\"datePublished\":\"2022-07-28T06:27:37+00:00\",\"dateModified\":\"2022-07-28T06:27:46+00:00\",\"breadcrumb\":{\"@id\":\"https:\\\/\\\/miil.dev.almic.ee\\\/lv\\\/konteinera-parbaude\\\/#breadcrumb\"},\"inLanguage\":\"lv-LV\",\"potentialAction\":[{\"@type\":\"ReadAction\",\"target\":[\"https:\\\/\\\/miil.dev.almic.ee\\\/lv\\\/konteinera-parbaude\\\/\"]}]},{\"@type\":\"BreadcrumbList\",\"@id\":\"https:\\\/\\\/miil.dev.almic.ee\\\/lv\\\/konteinera-parbaude\\\/#breadcrumb\",\"itemListElement\":[{\"@type\":\"ListItem\",\"position\":1,\"name\":\"Home\",\"item\":\"https:\\\/\\\/miil.dev.almic.ee\\\/lv\\\/\"},{\"@type\":\"ListItem\",\"position\":2,\"name\":\"Konteinera p\u0101rbaude\"}]},{\"@type\":\"WebSite\",\"@id\":\"https:\\\/\\\/miil.dev.almic.ee\\\/#website\",\"url\":\"https:\\\/\\\/miil.dev.almic.ee\\\/\",\"name\":\"Miil O\u00dc\",\"description\":\"Konteinerveod\",\"publisher\":{\"@id\":\"https:\\\/\\\/miil.dev.almic.ee\\\/#organization\"},\"potentialAction\":[{\"@type\":\"SearchAction\",\"target\":{\"@type\":\"EntryPoint\",\"urlTemplate\":\"https:\\\/\\\/miil.dev.almic.ee\\\/?s={search_term_string}\"},\"query-input\":{\"@type\":\"PropertyValueSpecification\",\"valueRequired\":true,\"valueName\":\"search_term_string\"}}],\"inLanguage\":\"lv-LV\"},{\"@type\":\"Organization\",\"@id\":\"https:\\\/\\\/miil.dev.almic.ee\\\/#organization\",\"name\":\"Miil O\u00dc\",\"url\":\"https:\\\/\\\/miil.dev.almic.ee\\\/\",\"logo\":{\"@type\":\"ImageObject\",\"inLanguage\":\"lv-LV\",\"@id\":\"https:\\\/\\\/miil.dev.almic.ee\\\/#\\\/schema\\\/logo\\\/image\\\/\",\"url\":\"https:\\\/\\\/www.miil.ee\\\/wp-content\\\/uploads\\\/2022\\\/02\\\/Miil-logo.svg\",\"contentUrl\":\"https:\\\/\\\/www.miil.ee\\\/wp-content\\\/uploads\\\/2022\\\/02\\\/Miil-logo.svg\",\"width\":\"1024\",\"height\":\"1024\",\"caption\":\"Miil O\u00dc\"},\"image\":{\"@id\":\"https:\\\/\\\/miil.dev.almic.ee\\\/#\\\/schema\\\/logo\\\/image\\\/\"},\"sameAs\":[\"https:\\\/\\\/www.facebook.com\\\/konteinerveod\\\/\",\"https:\\\/\\\/www.instagram.com\\\/ou_miil\\\/\"]}]}<\/script>\n<!-- \/ Yoast SEO Premium plugin. -->","yoast_head_json":{"title":"Konteinera p\u0101rbaude - Miil O\u00dc","robots":{"index":"index","follow":"follow","max-snippet":"max-snippet:-1","max-image-preview":"max-image-preview:large","max-video-preview":"max-video-preview:-1"},"canonical":"https:\/\/miil.dev.almic.ee\/lv\/konteinera-parbaude\/","og_locale":"lv_LV","og_type":"article","og_title":"Konteinera p\u0101rbaude","og_url":"https:\/\/miil.dev.almic.ee\/lv\/konteinera-parbaude\/","og_site_name":"Miil O\u00dc","article_publisher":"https:\/\/www.facebook.com\/konteinerveod\/","article_modified_time":"2022-07-28T06:27:46+00:00","twitter_card":"summary_large_image","twitter_misc":{"Est. reading time":"4 minutes"},"schema":{"@context":"https:\/\/schema.org","@graph":[{"@type":"WebPage","@id":"https:\/\/miil.dev.almic.ee\/lv\/konteinera-parbaude\/","url":"https:\/\/miil.dev.almic.ee\/lv\/konteinera-parbaude\/","name":"Konteinera p\u0101rbaude - Miil O\u00dc","isPartOf":{"@id":"https:\/\/miil.dev.almic.ee\/#website"},"datePublished":"2022-07-28T06:27:37+00:00","dateModified":"2022-07-28T06:27:46+00:00","breadcrumb":{"@id":"https:\/\/miil.dev.almic.ee\/lv\/konteinera-parbaude\/#breadcrumb"},"inLanguage":"lv-LV","potentialAction":[{"@type":"ReadAction","target":["https:\/\/miil.dev.almic.ee\/lv\/konteinera-parbaude\/"]}]},{"@type":"BreadcrumbList","@id":"https:\/\/miil.dev.almic.ee\/lv\/konteinera-parbaude\/#breadcrumb","itemListElement":[{"@type":"ListItem","position":1,"name":"Home","item":"https:\/\/miil.dev.almic.ee\/lv\/"},{"@type":"ListItem","position":2,"name":"Konteinera p\u0101rbaude"}]},{"@type":"WebSite","@id":"https:\/\/miil.dev.almic.ee\/#website","url":"https:\/\/miil.dev.almic.ee\/","name":"Miil O\u00dc","description":"Konteinerveod","publisher":{"@id":"https:\/\/miil.dev.almic.ee\/#organization"},"potentialAction":[{"@type":"SearchAction","target":{"@type":"EntryPoint","urlTemplate":"https:\/\/miil.dev.almic.ee\/?s={search_term_string}"},"query-input":{"@type":"PropertyValueSpecification","valueRequired":true,"valueName":"search_term_string"}}],"inLanguage":"lv-LV"},{"@type":"Organization","@id":"https:\/\/miil.dev.almic.ee\/#organization","name":"Miil O\u00dc","url":"https:\/\/miil.dev.almic.ee\/","logo":{"@type":"ImageObject","inLanguage":"lv-LV","@id":"https:\/\/miil.dev.almic.ee\/#\/schema\/logo\/image\/","url":"https:\/\/www.miil.ee\/wp-content\/uploads\/2022\/02\/Miil-logo.svg","contentUrl":"https:\/\/www.miil.ee\/wp-content\/uploads\/2022\/02\/Miil-logo.svg","width":"1024","height":"1024","caption":"Miil O\u00dc"},"image":{"@id":"https:\/\/miil.dev.almic.ee\/#\/schema\/logo\/image\/"},"sameAs":["https:\/\/www.facebook.com\/konteinerveod\/","https:\/\/www.instagram.com\/ou_miil\/"]}]}},"_links":{"self":[{"href":"https:\/\/miil.dev.almic.ee\/lv\/wp-json\/wp\/v2\/pages\/12379","targetHints":{"allow":["GET"]}}],"collection":[{"href":"https:\/\/miil.dev.almic.ee\/lv\/wp-json\/wp\/v2\/pages"}],"about":[{"href":"https:\/\/miil.dev.almic.ee\/lv\/wp-json\/wp\/v2\/types\/page"}],"author":[{"embeddable":true,"href":"https:\/\/miil.dev.almic.ee\/lv\/wp-json\/wp\/v2\/users\/1"}],"replies":[{"embeddable":true,"href":"https:\/\/miil.dev.almic.ee\/lv\/wp-json\/wp\/v2\/comments?post=12379"}],"version-history":[{"count":0,"href":"https:\/\/miil.dev.almic.ee\/lv\/wp-json\/wp\/v2\/pages\/12379\/revisions"}],"wp:attachment":[{"href":"https:\/\/miil.dev.almic.ee\/lv\/wp-json\/wp\/v2\/media?parent=12379"}],"curies":[{"name":"wp","href":"https:\/\/api.w.org\/{rel}","templated":true}]}}