{"id":97186,"date":"2025-05-13T08:11:53","date_gmt":"2025-05-13T05:11:53","guid":{"rendered":"https:\/\/www.miil.ee\/?post_type=product&#038;p=97186"},"modified":"2025-05-13T08:24:12","modified_gmt":"2025-05-13T05:24:12","slug":"kylma-kontti-carrier-naturaline-miiu1503841","status":"publish","type":"product","link":"https:\/\/miil.dev.almic.ee\/fi\/toode\/kylma-kontti-carrier-naturaline-miiu1503841\/","title":{"rendered":"20HC \/ REF kylm\u00e4 kontti Carrier NaturaLINE MIIU1503841"},"content":{"rendered":"<h1>kylm\u00e4 kontti Carrier NaturaLINE MIIU1503841 &#8211; laaja valikoima edullisilla hinnoilla<\/h1>\n<p>kylm\u00e4 kontti Carrier NaturaLINE MIIU1503841 &#8211; Varastossamme on laaja valikoima 20HC ja 40HC kylm\u00e4kontteja.<br \/>\nUusi kylm\u00e4kontti koneineen, ilman ovea 9900.- +alv.<br \/>\nUusi j\u00e4\u00e4kaappimoottori 7900.- +alv(kokonaan, runkoineen).<br \/>\nRakennamme tarpeisiisi sopivan ratkaisun, saatavilla on erilaisia \u200b\u200bkylm\u00e4varasto-ovia, nostoja ja eristysvaihtoehtoja.<\/p>\n<ul>\n<li>S\u00e4\u00e4nkest\u00e4vyyden takuu 50 vuotta.<\/li>\n<li>Kuvat vastaavat mainostettua pakkausta.<\/li>\n<li>S\u00e4ili\u00f6ss\u00e4 voi olla pieni\u00e4 kosmeettisia vikoja kuljetuksen aikana.<\/li>\n<li>Merikontissa on yhteens\u00e4 nelj\u00e4 lenkki\u00e4 ja siihen voidaan asentaa 3+ lukkoa.<\/li>\n<li>Varastikontissa on yhteens\u00e4 kolme lenkki\u00e4, jotka ovat korkeammalla kuin merikontin linkit.<\/li>\n<li>Lukkosuojus sijaitsee kahden oven keskell\u00e4.<\/li>\n<li>Lis\u00e4tuuletus sivuilla.<\/li>\n<li>Inbank.ee ja alennuskoodi \u201dKONTEINER\u201d tulevat per\u00e4ss\u00e4.<\/li>\n<li>Merikontin vuokraus on mahdollista sopimuksen mukaan.<\/li>\n<li>Parhaan hinnan takuu!<\/li>\n<\/ul>\n<p>Teemme aina parhaan tarjouksen vastaavasta astiasta tai m\u00f6kki.<\/p>\n<h2>Kylm\u00e4kontit &#8211; vuokraus<\/h2>\n<p>Vuokraamme erikokoisia merikonttij\u00e4\u00e4kaappeja.<br \/>\nJ\u00e4\u00e4kaapit pakasteovilla, j\u00e4\u00e4kaapit normaaliovilla, kylm\u00e4kontit ja paljon muuta ovat heti varastossa.<br \/>\nSaatavilla 10ft, 20ft, 40ft kontit eri varusteilla.<\/p>\n<h2>kylm\u00e4 kontti Carrier NaturaLINE MIIU1503841 \u2013 Kuljetus ja nosto?<\/h2>\n<p>Sopivan kontin valinnan j\u00e4lkeen voimme hoitaa pakkaamisen ja kuljetuksen.<br \/>\nK\u00e4yt\u00e4mme kuljetukseen\u00a0<a href=\"https:\/\/www.miil.ee\/fi\/palvelut\/nosturi\/\">nosturia<\/a>\u00a0tai\u00a0<a href=\"https:\/\/www.miil.ee\/fi\/palvelut\/sideloader\/\">sideloader<\/a><br \/>\nmonimutkaisempi kuljetus on mahdollista\u00a0<a href=\"https:\/\/www.miil.ee\/fi\/palvelut\/ram-kippauslaite\/\">RAM per\u00e4vaunulla<\/a>.<\/p>\n<p>Kun olet ostanut sen, s\u00e4ilyt\u00e4mme konttisi terminaalissamme maksutta jopa kuusi kuukautta<\/p>\n<p>Aina on mahdollista sopia pidemm\u00e4st\u00e4kin ajanjaksosta.<br \/>\nEsimerkiksi jos paikka ei ole viel\u00e4 valmis tai k\u00e4ytett\u00e4viss\u00e4 kontin toimittamiseksi.<br \/>\nT\u00e4ll\u00f6in kontin hinta ei muutu ja voit olla varma, ett\u00e4 saat valitun kontin sovittuna aikana.<\/p>\n<ul>\n<li>Parhaan hinnan takuu \u2013 teemme aina parhaan tarjouksen kontista.<\/li>\n<\/ul>\n<p>Seuraa meit\u00e4\u00a0<a href=\"https:\/\/www.facebook.com\/konteinerveod\/\">Facebook<\/a>\u00a0tai\u00a0<a href=\"https:\/\/www.instagram.com\/ou_miil\/\">Instagram<\/a><\/p>\n","protected":false},"excerpt":{"rendered":"<p>Kylm\u00e4kontit tarjoaa laajan valikoiman 20HC ja 40HC kylm\u00e4kontteja, jotka ovat saatavilla uusina, alkaen 9900 \u20ac +alv. Voimme tarjota my\u00f6s vuokrausmahdollisuuden, kuljetus- ja varastointipalvelut sek\u00e4 parhaan hinnan takuun.<\/p>\n","protected":false},"featured_media":97191,"comment_status":"closed","ping_status":"closed","template":"","meta":{"_acf_changed":false},"product_cat":[355,471],"product_tag":[],"class_list":{"0":"post-97186","1":"product","2":"type-product","3":"status-publish","4":"has-post-thumbnail","6":"product_cat-uudet-kontit","7":"product_cat-20-ref-kylmio","9":"first","10":"instock","11":"shipping-taxable","12":"purchasable","13":"product-type-simple"},"acf":[],"yoast_head":"<!-- This site is optimized with the Yoast SEO Premium plugin v23.9 (Yoast SEO v27.5) - https:\/\/yoast.com\/product\/yoast-seo-premium-wordpress\/ -->\n<title>kylm\u00e4 kontti Carrier NaturaLINE MIIU1503841<\/title>\n<meta name=\"description\" content=\"kylm\u00e4 kontti Carrier NaturaLINE MIIU1503841 | merikontti | merikontit myyt\u00e4v\u00e4n\u00e4 | kontteja vuokrattavana | J\u00e4\u00e4kaappikontit - vuokraus | Kylm\u00e4kontit\" \/>\n<meta name=\"robots\" content=\"index, follow, max-snippet:-1, max-image-preview:large, max-video-preview:-1\" \/>\n<link rel=\"canonical\" href=\"https:\/\/miil.dev.almic.ee\/fi\/toode\/kylma-kontti-carrier-naturaline-miiu1503841\/\" \/>\n<meta property=\"og:locale\" content=\"fi_FI\" \/>\n<meta property=\"og:type\" content=\"article\" \/>\n<meta property=\"og:title\" content=\"20HC \/ REF kylm\u00e4 kontti Carrier NaturaLINE MIIU1503841\" \/>\n<meta property=\"og:description\" content=\"kylm\u00e4 kontti Carrier NaturaLINE MIIU1503841 | merikontti | merikontit myyt\u00e4v\u00e4n\u00e4 | kontteja vuokrattavana | J\u00e4\u00e4kaappikontit - vuokraus | Kylm\u00e4kontit\" \/>\n<meta property=\"og:url\" content=\"https:\/\/miil.dev.almic.ee\/fi\/toode\/kylma-kontti-carrier-naturaline-miiu1503841\/\" \/>\n<meta property=\"og:site_name\" content=\"Miil O\u00dc\" \/>\n<meta property=\"article:publisher\" content=\"https:\/\/www.facebook.com\/konteinerveod\/\" \/>\n<meta property=\"article:modified_time\" content=\"2025-05-13T05:24:12+00:00\" \/>\n<meta property=\"og:image\" content=\"https:\/\/miil.dev.almic.ee\/wp-content\/uploads\/2025\/05\/Kulmik-konteiner-Carrier-NaturaLINE-MIIU1503841-1-scaled.jpg\" \/>\n\t<meta property=\"og:image:width\" content=\"1900\" \/>\n\t<meta property=\"og:image:height\" content=\"1425\" \/>\n\t<meta property=\"og:image:type\" content=\"image\/jpeg\" \/>\n<meta name=\"twitter:card\" content=\"summary_large_image\" \/>\n<meta name=\"twitter:label1\" content=\"Hinta\" \/>\n\t<meta name=\"twitter:data1\" content=\"14250,00&nbsp;&euro;\" \/>\n\t<meta name=\"twitter:label2\" content=\"Saatavuus\" \/>\n\t<meta name=\"twitter:data2\" content=\"Varastossa\" \/>\n<script type=\"application\/ld+json\" class=\"yoast-schema-graph\">{\"@context\":\"https:\\\/\\\/schema.org\",\"@graph\":[{\"@type\":\"WebPage\",\"@id\":\"https:\\\/\\\/miil.dev.almic.ee\\\/fi\\\/toode\\\/kylma-kontti-carrier-naturaline-miiu1503841\\\/\",\"url\":\"https:\\\/\\\/miil.dev.almic.ee\\\/fi\\\/toode\\\/kylma-kontti-carrier-naturaline-miiu1503841\\\/\",\"name\":\"kylm\u00e4 kontti Carrier NaturaLINE MIIU1503841\",\"isPartOf\":{\"@id\":\"https:\\\/\\\/miil.dev.almic.ee\\\/#website\"},\"primaryImageOfPage\":{\"@id\":\"https:\\\/\\\/miil.dev.almic.ee\\\/fi\\\/toode\\\/kylma-kontti-carrier-naturaline-miiu1503841\\\/#primaryimage\"},\"image\":{\"@id\":\"https:\\\/\\\/miil.dev.almic.ee\\\/fi\\\/toode\\\/kylma-kontti-carrier-naturaline-miiu1503841\\\/#primaryimage\"},\"thumbnailUrl\":\"https:\\\/\\\/miil.dev.almic.ee\\\/wp-content\\\/uploads\\\/2025\\\/05\\\/Kulmik-konteiner-Carrier-NaturaLINE-MIIU1503841-1-scaled.jpg\",\"datePublished\":\"2025-05-13T05:11:53+00:00\",\"dateModified\":\"2025-05-13T05:24:12+00:00\",\"description\":\"kylm\u00e4 kontti Carrier NaturaLINE MIIU1503841 | merikontti | merikontit myyt\u00e4v\u00e4n\u00e4 | kontteja vuokrattavana | J\u00e4\u00e4kaappikontit - vuokraus | Kylm\u00e4kontit\",\"breadcrumb\":{\"@id\":\"https:\\\/\\\/miil.dev.almic.ee\\\/fi\\\/toode\\\/kylma-kontti-carrier-naturaline-miiu1503841\\\/#breadcrumb\"},\"inLanguage\":\"fi\",\"potentialAction\":[{\"@type\":\"ReadAction\",\"target\":[\"https:\\\/\\\/miil.dev.almic.ee\\\/fi\\\/toode\\\/kylma-kontti-carrier-naturaline-miiu1503841\\\/\"]}]},{\"@type\":\"ImageObject\",\"inLanguage\":\"fi\",\"@id\":\"https:\\\/\\\/miil.dev.almic.ee\\\/fi\\\/toode\\\/kylma-kontti-carrier-naturaline-miiu1503841\\\/#primaryimage\",\"url\":\"https:\\\/\\\/miil.dev.almic.ee\\\/wp-content\\\/uploads\\\/2025\\\/05\\\/Kulmik-konteiner-Carrier-NaturaLINE-MIIU1503841-1-scaled.jpg\",\"contentUrl\":\"https:\\\/\\\/miil.dev.almic.ee\\\/wp-content\\\/uploads\\\/2025\\\/05\\\/Kulmik-konteiner-Carrier-NaturaLINE-MIIU1503841-1-scaled.jpg\",\"width\":1900,\"height\":1425},{\"@type\":\"BreadcrumbList\",\"@id\":\"https:\\\/\\\/miil.dev.almic.ee\\\/fi\\\/toode\\\/kylma-kontti-carrier-naturaline-miiu1503841\\\/#breadcrumb\",\"itemListElement\":[{\"@type\":\"ListItem\",\"position\":1,\"name\":\"Home\",\"item\":\"https:\\\/\\\/miil.dev.almic.ee\\\/fi\\\/\"},{\"@type\":\"ListItem\",\"position\":2,\"name\":\"Kauppa\",\"item\":\"https:\\\/\\\/miil.dev.almic.ee\\\/fi\\\/kauppa\\\/\"},{\"@type\":\"ListItem\",\"position\":3,\"name\":\"20HC \\\/ REF kylm\u00e4 kontti Carrier NaturaLINE MIIU1503841\"}]},{\"@type\":\"WebSite\",\"@id\":\"https:\\\/\\\/miil.dev.almic.ee\\\/#website\",\"url\":\"https:\\\/\\\/miil.dev.almic.ee\\\/\",\"name\":\"Miil O\u00dc\",\"description\":\"Konteinerveod\",\"publisher\":{\"@id\":\"https:\\\/\\\/miil.dev.almic.ee\\\/#organization\"},\"potentialAction\":[{\"@type\":\"SearchAction\",\"target\":{\"@type\":\"EntryPoint\",\"urlTemplate\":\"https:\\\/\\\/miil.dev.almic.ee\\\/?s={search_term_string}\"},\"query-input\":{\"@type\":\"PropertyValueSpecification\",\"valueRequired\":true,\"valueName\":\"search_term_string\"}}],\"inLanguage\":\"fi\"},{\"@type\":\"Organization\",\"@id\":\"https:\\\/\\\/miil.dev.almic.ee\\\/#organization\",\"name\":\"Miil O\u00dc\",\"url\":\"https:\\\/\\\/miil.dev.almic.ee\\\/\",\"logo\":{\"@type\":\"ImageObject\",\"inLanguage\":\"fi\",\"@id\":\"https:\\\/\\\/miil.dev.almic.ee\\\/#\\\/schema\\\/logo\\\/image\\\/\",\"url\":\"https:\\\/\\\/www.miil.ee\\\/wp-content\\\/uploads\\\/2022\\\/02\\\/Miil-logo.svg\",\"contentUrl\":\"https:\\\/\\\/www.miil.ee\\\/wp-content\\\/uploads\\\/2022\\\/02\\\/Miil-logo.svg\",\"width\":\"1024\",\"height\":\"1024\",\"caption\":\"Miil O\u00dc\"},\"image\":{\"@id\":\"https:\\\/\\\/miil.dev.almic.ee\\\/#\\\/schema\\\/logo\\\/image\\\/\"},\"sameAs\":[\"https:\\\/\\\/www.facebook.com\\\/konteinerveod\\\/\",\"https:\\\/\\\/www.instagram.com\\\/ou_miil\\\/\"]}]}<\/script>\n<meta property=\"product:price:amount\" content=\"14250.00\" \/>\n<meta property=\"product:price:currency\" content=\"EUR\" \/>\n<meta property=\"og:availability\" content=\"instock\" \/>\n<meta property=\"product:availability\" content=\"instock\" \/>\n<meta property=\"product:retailer_item_id\" content=\"MIIU1503841\" \/>\n<meta property=\"product:condition\" content=\"new\" \/>\n<!-- \/ Yoast SEO Premium plugin. -->","yoast_head_json":{"title":"kylm\u00e4 kontti Carrier NaturaLINE MIIU1503841","description":"kylm\u00e4 kontti Carrier NaturaLINE MIIU1503841 | merikontti | merikontit myyt\u00e4v\u00e4n\u00e4 | kontteja vuokrattavana | J\u00e4\u00e4kaappikontit - vuokraus | Kylm\u00e4kontit","robots":{"index":"index","follow":"follow","max-snippet":"max-snippet:-1","max-image-preview":"max-image-preview:large","max-video-preview":"max-video-preview:-1"},"canonical":"https:\/\/miil.dev.almic.ee\/fi\/toode\/kylma-kontti-carrier-naturaline-miiu1503841\/","og_locale":"fi_FI","og_type":"article","og_title":"20HC \/ REF kylm\u00e4 kontti Carrier NaturaLINE MIIU1503841","og_description":"kylm\u00e4 kontti Carrier NaturaLINE MIIU1503841 | merikontti | merikontit myyt\u00e4v\u00e4n\u00e4 | kontteja vuokrattavana | J\u00e4\u00e4kaappikontit - vuokraus | Kylm\u00e4kontit","og_url":"https:\/\/miil.dev.almic.ee\/fi\/toode\/kylma-kontti-carrier-naturaline-miiu1503841\/","og_site_name":"Miil O\u00dc","article_publisher":"https:\/\/www.facebook.com\/konteinerveod\/","article_modified_time":"2025-05-13T05:24:12+00:00","og_image":[{"width":1900,"height":1425,"url":"https:\/\/miil.dev.almic.ee\/wp-content\/uploads\/2025\/05\/Kulmik-konteiner-Carrier-NaturaLINE-MIIU1503841-1-scaled.jpg","type":"image\/jpeg"}],"twitter_card":"summary_large_image","twitter_misc":{"Hinta":"14250,00&nbsp;&euro;","Saatavuus":"Varastossa"},"schema":{"@context":"https:\/\/schema.org","@graph":[{"@type":"WebPage","@id":"https:\/\/miil.dev.almic.ee\/fi\/toode\/kylma-kontti-carrier-naturaline-miiu1503841\/","url":"https:\/\/miil.dev.almic.ee\/fi\/toode\/kylma-kontti-carrier-naturaline-miiu1503841\/","name":"kylm\u00e4 kontti Carrier NaturaLINE MIIU1503841","isPartOf":{"@id":"https:\/\/miil.dev.almic.ee\/#website"},"primaryImageOfPage":{"@id":"https:\/\/miil.dev.almic.ee\/fi\/toode\/kylma-kontti-carrier-naturaline-miiu1503841\/#primaryimage"},"image":{"@id":"https:\/\/miil.dev.almic.ee\/fi\/toode\/kylma-kontti-carrier-naturaline-miiu1503841\/#primaryimage"},"thumbnailUrl":"https:\/\/miil.dev.almic.ee\/wp-content\/uploads\/2025\/05\/Kulmik-konteiner-Carrier-NaturaLINE-MIIU1503841-1-scaled.jpg","datePublished":"2025-05-13T05:11:53+00:00","dateModified":"2025-05-13T05:24:12+00:00","description":"kylm\u00e4 kontti Carrier NaturaLINE MIIU1503841 | merikontti | merikontit myyt\u00e4v\u00e4n\u00e4 | kontteja vuokrattavana | J\u00e4\u00e4kaappikontit - vuokraus | Kylm\u00e4kontit","breadcrumb":{"@id":"https:\/\/miil.dev.almic.ee\/fi\/toode\/kylma-kontti-carrier-naturaline-miiu1503841\/#breadcrumb"},"inLanguage":"fi","potentialAction":[{"@type":"ReadAction","target":["https:\/\/miil.dev.almic.ee\/fi\/toode\/kylma-kontti-carrier-naturaline-miiu1503841\/"]}]},{"@type":"ImageObject","inLanguage":"fi","@id":"https:\/\/miil.dev.almic.ee\/fi\/toode\/kylma-kontti-carrier-naturaline-miiu1503841\/#primaryimage","url":"https:\/\/miil.dev.almic.ee\/wp-content\/uploads\/2025\/05\/Kulmik-konteiner-Carrier-NaturaLINE-MIIU1503841-1-scaled.jpg","contentUrl":"https:\/\/miil.dev.almic.ee\/wp-content\/uploads\/2025\/05\/Kulmik-konteiner-Carrier-NaturaLINE-MIIU1503841-1-scaled.jpg","width":1900,"height":1425},{"@type":"BreadcrumbList","@id":"https:\/\/miil.dev.almic.ee\/fi\/toode\/kylma-kontti-carrier-naturaline-miiu1503841\/#breadcrumb","itemListElement":[{"@type":"ListItem","position":1,"name":"Home","item":"https:\/\/miil.dev.almic.ee\/fi\/"},{"@type":"ListItem","position":2,"name":"Kauppa","item":"https:\/\/miil.dev.almic.ee\/fi\/kauppa\/"},{"@type":"ListItem","position":3,"name":"20HC \/ REF kylm\u00e4 kontti Carrier NaturaLINE MIIU1503841"}]},{"@type":"WebSite","@id":"https:\/\/miil.dev.almic.ee\/#website","url":"https:\/\/miil.dev.almic.ee\/","name":"Miil O\u00dc","description":"Konteinerveod","publisher":{"@id":"https:\/\/miil.dev.almic.ee\/#organization"},"potentialAction":[{"@type":"SearchAction","target":{"@type":"EntryPoint","urlTemplate":"https:\/\/miil.dev.almic.ee\/?s={search_term_string}"},"query-input":{"@type":"PropertyValueSpecification","valueRequired":true,"valueName":"search_term_string"}}],"inLanguage":"fi"},{"@type":"Organization","@id":"https:\/\/miil.dev.almic.ee\/#organization","name":"Miil O\u00dc","url":"https:\/\/miil.dev.almic.ee\/","logo":{"@type":"ImageObject","inLanguage":"fi","@id":"https:\/\/miil.dev.almic.ee\/#\/schema\/logo\/image\/","url":"https:\/\/www.miil.ee\/wp-content\/uploads\/2022\/02\/Miil-logo.svg","contentUrl":"https:\/\/www.miil.ee\/wp-content\/uploads\/2022\/02\/Miil-logo.svg","width":"1024","height":"1024","caption":"Miil O\u00dc"},"image":{"@id":"https:\/\/miil.dev.almic.ee\/#\/schema\/logo\/image\/"},"sameAs":["https:\/\/www.facebook.com\/konteinerveod\/","https:\/\/www.instagram.com\/ou_miil\/"]}]},"product_price_amount":"14250.00","product_price_currency":"EUR","og_availability":"instock","product_availability":"instock","product_retailer_item_id":"MIIU1503841","product_condition":"new"},"_links":{"self":[{"href":"https:\/\/miil.dev.almic.ee\/fi\/wp-json\/wp\/v2\/product\/97186","targetHints":{"allow":["GET"]}}],"collection":[{"href":"https:\/\/miil.dev.almic.ee\/fi\/wp-json\/wp\/v2\/product"}],"about":[{"href":"https:\/\/miil.dev.almic.ee\/fi\/wp-json\/wp\/v2\/types\/product"}],"replies":[{"embeddable":true,"href":"https:\/\/miil.dev.almic.ee\/fi\/wp-json\/wp\/v2\/comments?post=97186"}],"wp:featuredmedia":[{"embeddable":true,"href":"https:\/\/miil.dev.almic.ee\/fi\/wp-json\/wp\/v2\/media\/97191"}],"wp:attachment":[{"href":"https:\/\/miil.dev.almic.ee\/fi\/wp-json\/wp\/v2\/media?parent=97186"}],"wp:term":[{"taxonomy":"product_cat","embeddable":true,"href":"https:\/\/miil.dev.almic.ee\/fi\/wp-json\/wp\/v2\/product_cat?post=97186"},{"taxonomy":"product_tag","embeddable":true,"href":"https:\/\/miil.dev.almic.ee\/fi\/wp-json\/wp\/v2\/product_tag?post=97186"}],"curies":[{"name":"wp","href":"https:\/\/api.w.org\/{rel}","templated":true}]}}