{"id":96247,"date":"2025-05-12T12:57:30","date_gmt":"2025-05-12T09:57:31","guid":{"rendered":"https:\/\/www.miil.ee\/?post_type=product&#038;p=96247"},"modified":"2025-06-12T17:49:33","modified_gmt":"2025-06-12T14:49:33","slug":"kylmakontti-thermo-king-miiu5555680","status":"publish","type":"product","link":"https:\/\/miil.dev.almic.ee\/fi\/toode\/kylmakontti-thermo-king-miiu5555680\/","title":{"rendered":"20HC \/ REF kylm\u00e4kontti Thermo King MIIU5555680"},"content":{"rendered":"<h1><strong>Kylm\u00e4kontit \u2013 Laaja valikoima, huippuhinnat<\/strong><\/h1>\n<p>Kylm\u00e4kontti Thermo King MIIU5555680 &#8211; Meill\u00e4 on suuri valikoima 20HC ja 40HC kylm\u00e4kontteja varastossa.<br \/>\nUudet kylm\u00e4kontit laitteistolla, ilman ovia: 9900 \u20ac + alv.<br \/>\nUusi kylm\u00e4kone: 7900 \u20ac + alv (t\u00e4ydellinen, rungon kanssa).<br \/>\nRakennamme ratkaisuja juuri sinun tarpeidesi mukaan \u2013 saatavilla erilaisia kylm\u00e4huoneen ovia, nosto-ovia ja eristysvaihtoehtoja.<\/p>\n<p><strong>Osta nyt, maksa my\u00f6hemmin<\/strong> -vaihtoehto:<\/p>\n<ul>\n<li>Yksityisasiakkaille yhteisty\u00f6ss\u00e4 kumppanimme <a href=\"https:\/\/inbank.ee\/\">Inbank.ee<\/a> kanssa k\u00e4ytt\u00e4m\u00e4ll\u00e4 viitekoodia <strong>&#8221;KONTEINER&#8221;<\/strong>.<\/li>\n<li>Yritysasiakkaille yhteisty\u00f6ss\u00e4 kumppanimme <a href=\"https:\/\/tenor.ee\/\">Tenor.ee<\/a> kanssa.<\/li>\n<\/ul>\n<p>Teemme aina parhaan tarjouksen vastaavanlaiseen konttiin.<\/p>\n<h2><strong>Kylm\u00e4kontit \u2013 Vuokraus<\/strong><\/h2>\n<p>Vuokraamme eri kokoisia kylm\u00e4kontteja.<br \/>\nHeti saatavilla: kylm\u00e4kontteja kylm\u00e4huoneen ovilla, tavallisilla ovilla, j\u00e4\u00e4hdytyskontteja ja paljon muuta.<br \/>\nSaatavilla 10ft, 20ft ja 40ft kontteja erilaisilla laitteilla.<\/p>\n<h2>Miten k\u00e4ytetyn kontin hinta m\u00e4\u00e4r\u00e4ytyy?<\/h2>\n<p>Merekontin hinta riippuu monista tekij\u00f6ist\u00e4, mutta yleens\u00e4 se m\u00e4\u00e4r\u00e4ytyy suoraan kontin kunnon mukaan.<br \/>\nKunnon lis\u00e4ksi hintaan vaikuttavat hankintahinta, kuinka kontti saapuu terminaaliin, sen sijainti terminaalissa sek\u00e4 mahdolliset lis\u00e4kustannukset \u2013 kuten ulkopesu, sis\u00e4puolen puhdistus tai korjaukset.<\/p>\n<p>Asiakaspalvelun parantamiseksi meill\u00e4 on myyntikentti\u00e4 kaikissa suurimmissa kaupungeissa.<br \/>\nP\u00e4\u00e4kaupungin ulkopuolella konttien hintaan vaikuttaa my\u00f6s se, miten kontti siirtyy terminaalien v\u00e4lill\u00e4.<\/p>\n<h2>Kuljetus ja asennus<\/h2>\n<p>Kun sopiva kontti on valittu, voimme tarjota my\u00f6s kuljetuksen.<br \/>\n<span>K\u00e4yt\u00e4mme kuljetukseen\u00a0<\/span><a href=\"https:\/\/www.miil.ee\/fi\/palvelut\/nosturi\/\">nosturia<\/a><span>\u00a0tai\u00a0<\/span><a href=\"https:\/\/www.miil.ee\/fi\/palvelut\/sideloader\/\">sideloader<\/a><br \/>\n<span>monimutkaisempi kuljetus on mahdollista\u00a0<\/span><a href=\"https:\/\/www.miil.ee\/fi\/palvelut\/ram-kippauslaite\/\">RAM per\u00e4vaunulla<\/a><span>.<\/span><\/p>\n<p>Ostetut kontit voi s\u00e4ilytt\u00e4\u00e4 maksutta terminaalissamme jopa kuusi kuukautta.<br \/>\nPidemmist\u00e4 s\u00e4ilytysajoista voidaan aina sopia.<br \/>\nT\u00e4m\u00e4 on hy\u00f6dyllist\u00e4 esimerkiksi silloin, jos sijoituspaikka ei ole viel\u00e4 valmis tai saavutettavissa.<br \/>\nT\u00e4llaisessa tapauksessa kontin hinta pysyy ennallaan ja voit olla varma, ett\u00e4 saat valitsemasi kontin sovittuun aikaan.<\/p>\n<p>Parhaan hinnan takuu \u2013 Teemme aina parhaan tarjouksen vastaavalle kontille.<\/p>\n<p><span>Seuraa meit\u00e4\u00a0<\/span><a href=\"https:\/\/www.facebook.com\/konteinerveod\/\">Facebook<\/a><span>\u00a0tai\u00a0<\/span><a href=\"https:\/\/www.instagram.com\/ou_miil\/\">Instagram<\/a><\/p>\n","protected":false},"excerpt":{"rendered":"<p>Kylm\u00e4kontit tarjoaa laajan valikoiman 20HC ja 40HC kylm\u00e4kontteja, jotka ovat saatavilla uusina, alkaen 9900 \u20ac +alv. Voimme tarjota my\u00f6s vuokrausmahdollisuuden, kuljetus- ja varastointipalvelut sek\u00e4 parhaan hinnan takuun.<\/p>\n","protected":false},"featured_media":96322,"comment_status":"closed","ping_status":"closed","template":"","meta":{"_acf_changed":false},"product_cat":[355,471],"product_tag":[],"class_list":{"0":"post-96247","1":"product","2":"type-product","3":"status-publish","4":"has-post-thumbnail","6":"product_cat-uudet-kontit","7":"product_cat-20-ref-kylmio","9":"first","10":"instock","11":"shipping-taxable","12":"product-type-simple"},"acf":[],"yoast_head":"<!-- This site is optimized with the Yoast SEO Premium plugin v23.9 (Yoast SEO v27.5) - https:\/\/yoast.com\/product\/yoast-seo-premium-wordpress\/ -->\n<title>Kylm\u00e4kontti Thermo King MIIU5555680<\/title>\n<meta name=\"description\" content=\"Kylm\u00e4kontti Thermo King MIIU5555680 | merikontti | merikontit myyt\u00e4v\u00e4n\u00e4 | kontteja vuokrattavana | J\u00e4\u00e4kaappikontit - vuokraus | Kylm\u00e4kontit\" \/>\n<meta name=\"robots\" content=\"index, follow, max-snippet:-1, max-image-preview:large, max-video-preview:-1\" \/>\n<link rel=\"canonical\" href=\"https:\/\/miil.dev.almic.ee\/fi\/toode\/kylmakontti-thermo-king-miiu5555680\/\" \/>\n<meta property=\"og:locale\" content=\"fi_FI\" \/>\n<meta property=\"og:type\" content=\"article\" \/>\n<meta property=\"og:title\" content=\"20HC \/ REF kylm\u00e4kontti Thermo King MIIU5555680\" \/>\n<meta property=\"og:description\" content=\"Kylm\u00e4kontti Thermo King MIIU5555680 | merikontti | merikontit myyt\u00e4v\u00e4n\u00e4 | kontteja vuokrattavana | J\u00e4\u00e4kaappikontit - vuokraus | Kylm\u00e4kontit\" \/>\n<meta property=\"og:url\" content=\"https:\/\/miil.dev.almic.ee\/fi\/toode\/kylmakontti-thermo-king-miiu5555680\/\" \/>\n<meta property=\"og:site_name\" content=\"Miil O\u00dc\" \/>\n<meta property=\"article:publisher\" content=\"https:\/\/www.facebook.com\/konteinerveod\/\" \/>\n<meta property=\"article:modified_time\" content=\"2025-06-12T14:49:33+00:00\" \/>\n<meta property=\"og:image\" content=\"https:\/\/miil.dev.almic.ee\/wp-content\/uploads\/2025\/05\/20HC-REF-Kulmik-konteiner-Thermo-King-MIIU5555680-1-scaled.jpg\" \/>\n\t<meta property=\"og:image:width\" content=\"1900\" \/>\n\t<meta property=\"og:image:height\" content=\"1425\" \/>\n\t<meta property=\"og:image:type\" content=\"image\/jpeg\" \/>\n<meta name=\"twitter:card\" content=\"summary_large_image\" \/>\n<meta name=\"twitter:label1\" content=\"Hinta\" \/>\n\t<meta name=\"twitter:data1\" content=\"\" \/>\n\t<meta name=\"twitter:label2\" content=\"Saatavuus\" \/>\n\t<meta name=\"twitter:data2\" content=\"Varastossa\" \/>\n<script type=\"application\/ld+json\" class=\"yoast-schema-graph\">{\"@context\":\"https:\\\/\\\/schema.org\",\"@graph\":[{\"@type\":\"WebPage\",\"@id\":\"https:\\\/\\\/miil.dev.almic.ee\\\/fi\\\/toode\\\/kylmakontti-thermo-king-miiu5555680\\\/\",\"url\":\"https:\\\/\\\/miil.dev.almic.ee\\\/fi\\\/toode\\\/kylmakontti-thermo-king-miiu5555680\\\/\",\"name\":\"Kylm\u00e4kontti Thermo King MIIU5555680\",\"isPartOf\":{\"@id\":\"https:\\\/\\\/miil.dev.almic.ee\\\/#website\"},\"primaryImageOfPage\":{\"@id\":\"https:\\\/\\\/miil.dev.almic.ee\\\/fi\\\/toode\\\/kylmakontti-thermo-king-miiu5555680\\\/#primaryimage\"},\"image\":{\"@id\":\"https:\\\/\\\/miil.dev.almic.ee\\\/fi\\\/toode\\\/kylmakontti-thermo-king-miiu5555680\\\/#primaryimage\"},\"thumbnailUrl\":\"https:\\\/\\\/miil.dev.almic.ee\\\/wp-content\\\/uploads\\\/2025\\\/05\\\/20HC-REF-Kulmik-konteiner-Thermo-King-MIIU5555680-1-scaled.jpg\",\"datePublished\":\"2025-05-12T09:57:31+00:00\",\"dateModified\":\"2025-06-12T14:49:33+00:00\",\"description\":\"Kylm\u00e4kontti Thermo King MIIU5555680 | merikontti | merikontit myyt\u00e4v\u00e4n\u00e4 | kontteja vuokrattavana | J\u00e4\u00e4kaappikontit - vuokraus | Kylm\u00e4kontit\",\"breadcrumb\":{\"@id\":\"https:\\\/\\\/miil.dev.almic.ee\\\/fi\\\/toode\\\/kylmakontti-thermo-king-miiu5555680\\\/#breadcrumb\"},\"inLanguage\":\"fi\",\"potentialAction\":[{\"@type\":\"ReadAction\",\"target\":[\"https:\\\/\\\/miil.dev.almic.ee\\\/fi\\\/toode\\\/kylmakontti-thermo-king-miiu5555680\\\/\"]}]},{\"@type\":\"ImageObject\",\"inLanguage\":\"fi\",\"@id\":\"https:\\\/\\\/miil.dev.almic.ee\\\/fi\\\/toode\\\/kylmakontti-thermo-king-miiu5555680\\\/#primaryimage\",\"url\":\"https:\\\/\\\/miil.dev.almic.ee\\\/wp-content\\\/uploads\\\/2025\\\/05\\\/20HC-REF-Kulmik-konteiner-Thermo-King-MIIU5555680-1-scaled.jpg\",\"contentUrl\":\"https:\\\/\\\/miil.dev.almic.ee\\\/wp-content\\\/uploads\\\/2025\\\/05\\\/20HC-REF-Kulmik-konteiner-Thermo-King-MIIU5555680-1-scaled.jpg\",\"width\":1900,\"height\":1425},{\"@type\":\"BreadcrumbList\",\"@id\":\"https:\\\/\\\/miil.dev.almic.ee\\\/fi\\\/toode\\\/kylmakontti-thermo-king-miiu5555680\\\/#breadcrumb\",\"itemListElement\":[{\"@type\":\"ListItem\",\"position\":1,\"name\":\"Home\",\"item\":\"https:\\\/\\\/miil.dev.almic.ee\\\/fi\\\/\"},{\"@type\":\"ListItem\",\"position\":2,\"name\":\"Kauppa\",\"item\":\"https:\\\/\\\/miil.dev.almic.ee\\\/fi\\\/kauppa\\\/\"},{\"@type\":\"ListItem\",\"position\":3,\"name\":\"20HC \\\/ REF kylm\u00e4kontti Thermo King MIIU5555680\"}]},{\"@type\":\"WebSite\",\"@id\":\"https:\\\/\\\/miil.dev.almic.ee\\\/#website\",\"url\":\"https:\\\/\\\/miil.dev.almic.ee\\\/\",\"name\":\"Miil O\u00dc\",\"description\":\"Konteinerveod\",\"publisher\":{\"@id\":\"https:\\\/\\\/miil.dev.almic.ee\\\/#organization\"},\"potentialAction\":[{\"@type\":\"SearchAction\",\"target\":{\"@type\":\"EntryPoint\",\"urlTemplate\":\"https:\\\/\\\/miil.dev.almic.ee\\\/?s={search_term_string}\"},\"query-input\":{\"@type\":\"PropertyValueSpecification\",\"valueRequired\":true,\"valueName\":\"search_term_string\"}}],\"inLanguage\":\"fi\"},{\"@type\":\"Organization\",\"@id\":\"https:\\\/\\\/miil.dev.almic.ee\\\/#organization\",\"name\":\"Miil O\u00dc\",\"url\":\"https:\\\/\\\/miil.dev.almic.ee\\\/\",\"logo\":{\"@type\":\"ImageObject\",\"inLanguage\":\"fi\",\"@id\":\"https:\\\/\\\/miil.dev.almic.ee\\\/#\\\/schema\\\/logo\\\/image\\\/\",\"url\":\"https:\\\/\\\/www.miil.ee\\\/wp-content\\\/uploads\\\/2022\\\/02\\\/Miil-logo.svg\",\"contentUrl\":\"https:\\\/\\\/www.miil.ee\\\/wp-content\\\/uploads\\\/2022\\\/02\\\/Miil-logo.svg\",\"width\":\"1024\",\"height\":\"1024\",\"caption\":\"Miil O\u00dc\"},\"image\":{\"@id\":\"https:\\\/\\\/miil.dev.almic.ee\\\/#\\\/schema\\\/logo\\\/image\\\/\"},\"sameAs\":[\"https:\\\/\\\/www.facebook.com\\\/konteinerveod\\\/\",\"https:\\\/\\\/www.instagram.com\\\/ou_miil\\\/\"]}]}<\/script>\n<meta property=\"product:price:amount\" content=\"0.00\" \/>\n<meta property=\"product:price:currency\" content=\"EUR\" \/>\n<meta property=\"og:availability\" content=\"instock\" \/>\n<meta property=\"product:availability\" content=\"instock\" \/>\n<meta property=\"product:retailer_item_id\" content=\"MIIU5555680\" \/>\n<meta property=\"product:condition\" content=\"new\" \/>\n<!-- \/ Yoast SEO Premium plugin. -->","yoast_head_json":{"title":"Kylm\u00e4kontti Thermo King MIIU5555680","description":"Kylm\u00e4kontti Thermo King MIIU5555680 | merikontti | merikontit myyt\u00e4v\u00e4n\u00e4 | kontteja vuokrattavana | J\u00e4\u00e4kaappikontit - vuokraus | Kylm\u00e4kontit","robots":{"index":"index","follow":"follow","max-snippet":"max-snippet:-1","max-image-preview":"max-image-preview:large","max-video-preview":"max-video-preview:-1"},"canonical":"https:\/\/miil.dev.almic.ee\/fi\/toode\/kylmakontti-thermo-king-miiu5555680\/","og_locale":"fi_FI","og_type":"article","og_title":"20HC \/ REF kylm\u00e4kontti Thermo King MIIU5555680","og_description":"Kylm\u00e4kontti Thermo King MIIU5555680 | merikontti | merikontit myyt\u00e4v\u00e4n\u00e4 | kontteja vuokrattavana | J\u00e4\u00e4kaappikontit - vuokraus | Kylm\u00e4kontit","og_url":"https:\/\/miil.dev.almic.ee\/fi\/toode\/kylmakontti-thermo-king-miiu5555680\/","og_site_name":"Miil O\u00dc","article_publisher":"https:\/\/www.facebook.com\/konteinerveod\/","article_modified_time":"2025-06-12T14:49:33+00:00","og_image":[{"width":1900,"height":1425,"url":"https:\/\/miil.dev.almic.ee\/wp-content\/uploads\/2025\/05\/20HC-REF-Kulmik-konteiner-Thermo-King-MIIU5555680-1-scaled.jpg","type":"image\/jpeg"}],"twitter_card":"summary_large_image","twitter_misc":{"Hinta":"","Saatavuus":"Varastossa"},"schema":{"@context":"https:\/\/schema.org","@graph":[{"@type":"WebPage","@id":"https:\/\/miil.dev.almic.ee\/fi\/toode\/kylmakontti-thermo-king-miiu5555680\/","url":"https:\/\/miil.dev.almic.ee\/fi\/toode\/kylmakontti-thermo-king-miiu5555680\/","name":"Kylm\u00e4kontti Thermo King MIIU5555680","isPartOf":{"@id":"https:\/\/miil.dev.almic.ee\/#website"},"primaryImageOfPage":{"@id":"https:\/\/miil.dev.almic.ee\/fi\/toode\/kylmakontti-thermo-king-miiu5555680\/#primaryimage"},"image":{"@id":"https:\/\/miil.dev.almic.ee\/fi\/toode\/kylmakontti-thermo-king-miiu5555680\/#primaryimage"},"thumbnailUrl":"https:\/\/miil.dev.almic.ee\/wp-content\/uploads\/2025\/05\/20HC-REF-Kulmik-konteiner-Thermo-King-MIIU5555680-1-scaled.jpg","datePublished":"2025-05-12T09:57:31+00:00","dateModified":"2025-06-12T14:49:33+00:00","description":"Kylm\u00e4kontti Thermo King MIIU5555680 | merikontti | merikontit myyt\u00e4v\u00e4n\u00e4 | kontteja vuokrattavana | J\u00e4\u00e4kaappikontit - vuokraus | Kylm\u00e4kontit","breadcrumb":{"@id":"https:\/\/miil.dev.almic.ee\/fi\/toode\/kylmakontti-thermo-king-miiu5555680\/#breadcrumb"},"inLanguage":"fi","potentialAction":[{"@type":"ReadAction","target":["https:\/\/miil.dev.almic.ee\/fi\/toode\/kylmakontti-thermo-king-miiu5555680\/"]}]},{"@type":"ImageObject","inLanguage":"fi","@id":"https:\/\/miil.dev.almic.ee\/fi\/toode\/kylmakontti-thermo-king-miiu5555680\/#primaryimage","url":"https:\/\/miil.dev.almic.ee\/wp-content\/uploads\/2025\/05\/20HC-REF-Kulmik-konteiner-Thermo-King-MIIU5555680-1-scaled.jpg","contentUrl":"https:\/\/miil.dev.almic.ee\/wp-content\/uploads\/2025\/05\/20HC-REF-Kulmik-konteiner-Thermo-King-MIIU5555680-1-scaled.jpg","width":1900,"height":1425},{"@type":"BreadcrumbList","@id":"https:\/\/miil.dev.almic.ee\/fi\/toode\/kylmakontti-thermo-king-miiu5555680\/#breadcrumb","itemListElement":[{"@type":"ListItem","position":1,"name":"Home","item":"https:\/\/miil.dev.almic.ee\/fi\/"},{"@type":"ListItem","position":2,"name":"Kauppa","item":"https:\/\/miil.dev.almic.ee\/fi\/kauppa\/"},{"@type":"ListItem","position":3,"name":"20HC \/ REF kylm\u00e4kontti Thermo King MIIU5555680"}]},{"@type":"WebSite","@id":"https:\/\/miil.dev.almic.ee\/#website","url":"https:\/\/miil.dev.almic.ee\/","name":"Miil O\u00dc","description":"Konteinerveod","publisher":{"@id":"https:\/\/miil.dev.almic.ee\/#organization"},"potentialAction":[{"@type":"SearchAction","target":{"@type":"EntryPoint","urlTemplate":"https:\/\/miil.dev.almic.ee\/?s={search_term_string}"},"query-input":{"@type":"PropertyValueSpecification","valueRequired":true,"valueName":"search_term_string"}}],"inLanguage":"fi"},{"@type":"Organization","@id":"https:\/\/miil.dev.almic.ee\/#organization","name":"Miil O\u00dc","url":"https:\/\/miil.dev.almic.ee\/","logo":{"@type":"ImageObject","inLanguage":"fi","@id":"https:\/\/miil.dev.almic.ee\/#\/schema\/logo\/image\/","url":"https:\/\/www.miil.ee\/wp-content\/uploads\/2022\/02\/Miil-logo.svg","contentUrl":"https:\/\/www.miil.ee\/wp-content\/uploads\/2022\/02\/Miil-logo.svg","width":"1024","height":"1024","caption":"Miil O\u00dc"},"image":{"@id":"https:\/\/miil.dev.almic.ee\/#\/schema\/logo\/image\/"},"sameAs":["https:\/\/www.facebook.com\/konteinerveod\/","https:\/\/www.instagram.com\/ou_miil\/"]}]},"product_price_amount":"0.00","product_price_currency":"EUR","og_availability":"instock","product_availability":"instock","product_retailer_item_id":"MIIU5555680","product_condition":"new"},"_links":{"self":[{"href":"https:\/\/miil.dev.almic.ee\/fi\/wp-json\/wp\/v2\/product\/96247","targetHints":{"allow":["GET"]}}],"collection":[{"href":"https:\/\/miil.dev.almic.ee\/fi\/wp-json\/wp\/v2\/product"}],"about":[{"href":"https:\/\/miil.dev.almic.ee\/fi\/wp-json\/wp\/v2\/types\/product"}],"replies":[{"embeddable":true,"href":"https:\/\/miil.dev.almic.ee\/fi\/wp-json\/wp\/v2\/comments?post=96247"}],"wp:featuredmedia":[{"embeddable":true,"href":"https:\/\/miil.dev.almic.ee\/fi\/wp-json\/wp\/v2\/media\/96322"}],"wp:attachment":[{"href":"https:\/\/miil.dev.almic.ee\/fi\/wp-json\/wp\/v2\/media?parent=96247"}],"wp:term":[{"taxonomy":"product_cat","embeddable":true,"href":"https:\/\/miil.dev.almic.ee\/fi\/wp-json\/wp\/v2\/product_cat?post=96247"},{"taxonomy":"product_tag","embeddable":true,"href":"https:\/\/miil.dev.almic.ee\/fi\/wp-json\/wp\/v2\/product_tag?post=96247"}],"curies":[{"name":"wp","href":"https:\/\/api.w.org\/{rel}","templated":true}]}}