{"id":91941,"date":"2025-03-26T12:33:30","date_gmt":"2025-03-26T10:33:31","guid":{"rendered":"https:\/\/www.miil.ee\/?post_type=product&#038;p=91941"},"modified":"2025-04-08T12:36:19","modified_gmt":"2025-04-08T09:36:19","slug":"merikontin-muutos-luukkujen-ja-oven-lisaaminen","status":"publish","type":"product","link":"https:\/\/miil.dev.almic.ee\/fi\/toode\/merikontin-muutos-luukkujen-ja-oven-lisaaminen\/","title":{"rendered":"Merikontin muutos &#8211; Luukkujen ja oven lis\u00e4\u00e4minen"},"content":{"rendered":"<h1>Muokkaamalla 40DC-merikonttia: Luukkujen ja oven lis\u00e4\u00e4minen toimivaan tilaan<\/h1>\n<p>40 jalan (40DC) merikontti on erinomainen perusta monik\u00e4ytt\u00f6isen ulkotilan luomiseen. Olipa tarkoituksena muuttaa se siirrett\u00e4v\u00e4ksi kahvilaksi, ruokapalveluyksik\u00f6ksi, myyntikioskiksi tai vuokrauspisteeksi, strategiset muutokset, kuten luukkujen ja ovien lis\u00e4\u00e4minen, voivat maksimoida toiminnallisuuden s\u00e4ilytt\u00e4en samalla kest\u00e4vyyden ja turvallisuuden.<\/p>\n<p>N\u00e4ill\u00e4 muutoksilla 40DC-merikontista voi tulla t\u00e4ysin toimiva liikkuva liiketoimintaratkaisu, joka tarjoaa kest\u00e4v\u00e4n ja joustavan vaihtoehdon erilaisiin kaupallisiin tarpeisiin.<\/p>\n<p>Kerro meille toiveistasi ja pyyd\u00e4 tarjous: <a href=\"mailto:Info@miil.ee\">Info@miil.ee<\/a><\/p>\n<p>Tutustu muihin kontin muokkaukseen liittyviin palveluihimme <a href=\"https:\/\/www.miil.ee\/fi\/merekonteinerid\/tekniikka\/\">t\u00e4\u00e4ll\u00e4<\/a>!<\/p>\n<p>Seuraa meit\u00e4 <a href=\"https:\/\/www.facebook.com\/konteinerveod\/\">Facebookissa<\/a><span>\u00a0or\u00a0<\/span><a href=\"https:\/\/www.instagram.com\/ou_miil\/\">Instagramissa<\/a>!<\/p>\n","protected":false},"excerpt":{"rendered":"<p>40DC-merikontin muokkaaminen lis\u00e4\u00e4m\u00e4ll\u00e4 luukkuja ja ovia parantaa sen toimivuutta esimerkiksi kahvilana, myyntikioskina tai vuokram\u00f6kkin\u00e4. Muutoksiin kuuluu strateginen suunnittelu, rakenteellinen vahvistaminen sek\u00e4 eristys, ilmanvaihto ja s\u00e4hk\u00f6istys, jotta kontin k\u00e4ytett\u00e4vyys ja turvallisuus s\u00e4ilyv\u00e4t.<\/p>\n","protected":false},"featured_media":91966,"comment_status":"open","ping_status":"closed","template":"","meta":{"_acf_changed":false},"product_cat":[347],"product_tag":[],"class_list":{"0":"post-91941","1":"product","2":"type-product","3":"status-publish","4":"has-post-thumbnail","6":"product_cat-tekniikka","8":"first","9":"instock","10":"shipping-taxable","11":"product-type-simple"},"acf":[],"yoast_head":"<!-- This site is optimized with the Yoast SEO Premium plugin v23.9 (Yoast SEO v27.5) - https:\/\/yoast.com\/product\/yoast-seo-premium-wordpress\/ -->\n<title>Merikontin muutos - Luukkujen ja oven lis\u00e4\u00e4minen - Miil O\u00dc<\/title>\n<meta name=\"description\" content=\"Merikontin muutos - Luukkujen ja oven lis\u00e4\u00e4minen | S\u00e4ili\u00f6n muutos | Mukautettu merikontti | Merikonttien myynti | Merikontit vuokrattavana | \u2b50\ufe0f\u2b50\ufe0f\u2b50\ufe0f\u2b50\ufe0f\u2b50\ufe0f\" \/>\n<meta name=\"robots\" content=\"index, follow, max-snippet:-1, max-image-preview:large, max-video-preview:-1\" \/>\n<link rel=\"canonical\" href=\"https:\/\/miil.dev.almic.ee\/fi\/toode\/merikontin-muutos-luukkujen-ja-oven-lisaaminen\/\" \/>\n<meta property=\"og:locale\" content=\"fi_FI\" \/>\n<meta property=\"og:type\" content=\"article\" \/>\n<meta property=\"og:title\" content=\"Merikontin muutos - Luukkujen ja oven lis\u00e4\u00e4minen\" \/>\n<meta property=\"og:description\" content=\"Merikontin muutos - Luukkujen ja oven lis\u00e4\u00e4minen | S\u00e4ili\u00f6n muutos | Mukautettu merikontti | Merikonttien myynti | Merikontit vuokrattavana | \u2b50\ufe0f\u2b50\ufe0f\u2b50\ufe0f\u2b50\ufe0f\u2b50\ufe0f\" \/>\n<meta property=\"og:url\" content=\"https:\/\/miil.dev.almic.ee\/fi\/toode\/merikontin-muutos-luukkujen-ja-oven-lisaaminen\/\" \/>\n<meta property=\"og:site_name\" content=\"Miil O\u00dc\" \/>\n<meta property=\"article:publisher\" content=\"https:\/\/www.facebook.com\/konteinerveod\/\" \/>\n<meta property=\"article:modified_time\" content=\"2025-04-08T09:36:19+00:00\" \/>\n<meta property=\"og:image\" content=\"https:\/\/miil.dev.almic.ee\/wp-content\/uploads\/2025\/03\/40DC-Umberehitatud-konteiner-5-scaled.jpg\" \/>\n\t<meta property=\"og:image:width\" content=\"1900\" \/>\n\t<meta property=\"og:image:height\" content=\"1425\" \/>\n\t<meta property=\"og:image:type\" content=\"image\/jpeg\" \/>\n<meta name=\"twitter:card\" content=\"summary_large_image\" \/>\n<meta name=\"twitter:label1\" content=\"Hinta\" \/>\n\t<meta name=\"twitter:data1\" content=\"\" \/>\n\t<meta name=\"twitter:label2\" content=\"Saatavuus\" \/>\n\t<meta name=\"twitter:data2\" content=\"Varastossa\" \/>\n<script type=\"application\/ld+json\" class=\"yoast-schema-graph\">{\"@context\":\"https:\\\/\\\/schema.org\",\"@graph\":[{\"@type\":\"WebPage\",\"@id\":\"https:\\\/\\\/miil.dev.almic.ee\\\/fi\\\/toode\\\/merikontin-muutos-luukkujen-ja-oven-lisaaminen\\\/\",\"url\":\"https:\\\/\\\/miil.dev.almic.ee\\\/fi\\\/toode\\\/merikontin-muutos-luukkujen-ja-oven-lisaaminen\\\/\",\"name\":\"Merikontin muutos - Luukkujen ja oven lis\u00e4\u00e4minen - Miil O\u00dc\",\"isPartOf\":{\"@id\":\"https:\\\/\\\/miil.dev.almic.ee\\\/#website\"},\"primaryImageOfPage\":{\"@id\":\"https:\\\/\\\/miil.dev.almic.ee\\\/fi\\\/toode\\\/merikontin-muutos-luukkujen-ja-oven-lisaaminen\\\/#primaryimage\"},\"image\":{\"@id\":\"https:\\\/\\\/miil.dev.almic.ee\\\/fi\\\/toode\\\/merikontin-muutos-luukkujen-ja-oven-lisaaminen\\\/#primaryimage\"},\"thumbnailUrl\":\"https:\\\/\\\/miil.dev.almic.ee\\\/wp-content\\\/uploads\\\/2025\\\/03\\\/40DC-Umberehitatud-konteiner-5-scaled.jpg\",\"datePublished\":\"2025-03-26T10:33:31+00:00\",\"dateModified\":\"2025-04-08T09:36:19+00:00\",\"description\":\"Merikontin muutos - Luukkujen ja oven lis\u00e4\u00e4minen | S\u00e4ili\u00f6n muutos | Mukautettu merikontti | Merikonttien myynti | Merikontit vuokrattavana | \u2b50\ufe0f\u2b50\ufe0f\u2b50\ufe0f\u2b50\ufe0f\u2b50\ufe0f\",\"breadcrumb\":{\"@id\":\"https:\\\/\\\/miil.dev.almic.ee\\\/fi\\\/toode\\\/merikontin-muutos-luukkujen-ja-oven-lisaaminen\\\/#breadcrumb\"},\"inLanguage\":\"fi\",\"potentialAction\":[{\"@type\":\"ReadAction\",\"target\":[\"https:\\\/\\\/miil.dev.almic.ee\\\/fi\\\/toode\\\/merikontin-muutos-luukkujen-ja-oven-lisaaminen\\\/\"]}]},{\"@type\":\"ImageObject\",\"inLanguage\":\"fi\",\"@id\":\"https:\\\/\\\/miil.dev.almic.ee\\\/fi\\\/toode\\\/merikontin-muutos-luukkujen-ja-oven-lisaaminen\\\/#primaryimage\",\"url\":\"https:\\\/\\\/miil.dev.almic.ee\\\/wp-content\\\/uploads\\\/2025\\\/03\\\/40DC-Umberehitatud-konteiner-5-scaled.jpg\",\"contentUrl\":\"https:\\\/\\\/miil.dev.almic.ee\\\/wp-content\\\/uploads\\\/2025\\\/03\\\/40DC-Umberehitatud-konteiner-5-scaled.jpg\",\"width\":1900,\"height\":1425},{\"@type\":\"BreadcrumbList\",\"@id\":\"https:\\\/\\\/miil.dev.almic.ee\\\/fi\\\/toode\\\/merikontin-muutos-luukkujen-ja-oven-lisaaminen\\\/#breadcrumb\",\"itemListElement\":[{\"@type\":\"ListItem\",\"position\":1,\"name\":\"Home\",\"item\":\"https:\\\/\\\/miil.dev.almic.ee\\\/fi\\\/\"},{\"@type\":\"ListItem\",\"position\":2,\"name\":\"Kauppa\",\"item\":\"https:\\\/\\\/miil.dev.almic.ee\\\/fi\\\/kauppa\\\/\"},{\"@type\":\"ListItem\",\"position\":3,\"name\":\"Merikontin muutos &#8211; Luukkujen ja oven lis\u00e4\u00e4minen\"}]},{\"@type\":\"WebSite\",\"@id\":\"https:\\\/\\\/miil.dev.almic.ee\\\/#website\",\"url\":\"https:\\\/\\\/miil.dev.almic.ee\\\/\",\"name\":\"Miil O\u00dc\",\"description\":\"Konteinerveod\",\"publisher\":{\"@id\":\"https:\\\/\\\/miil.dev.almic.ee\\\/#organization\"},\"potentialAction\":[{\"@type\":\"SearchAction\",\"target\":{\"@type\":\"EntryPoint\",\"urlTemplate\":\"https:\\\/\\\/miil.dev.almic.ee\\\/?s={search_term_string}\"},\"query-input\":{\"@type\":\"PropertyValueSpecification\",\"valueRequired\":true,\"valueName\":\"search_term_string\"}}],\"inLanguage\":\"fi\"},{\"@type\":\"Organization\",\"@id\":\"https:\\\/\\\/miil.dev.almic.ee\\\/#organization\",\"name\":\"Miil O\u00dc\",\"url\":\"https:\\\/\\\/miil.dev.almic.ee\\\/\",\"logo\":{\"@type\":\"ImageObject\",\"inLanguage\":\"fi\",\"@id\":\"https:\\\/\\\/miil.dev.almic.ee\\\/#\\\/schema\\\/logo\\\/image\\\/\",\"url\":\"https:\\\/\\\/www.miil.ee\\\/wp-content\\\/uploads\\\/2022\\\/02\\\/Miil-logo.svg\",\"contentUrl\":\"https:\\\/\\\/www.miil.ee\\\/wp-content\\\/uploads\\\/2022\\\/02\\\/Miil-logo.svg\",\"width\":\"1024\",\"height\":\"1024\",\"caption\":\"Miil O\u00dc\"},\"image\":{\"@id\":\"https:\\\/\\\/miil.dev.almic.ee\\\/#\\\/schema\\\/logo\\\/image\\\/\"},\"sameAs\":[\"https:\\\/\\\/www.facebook.com\\\/konteinerveod\\\/\",\"https:\\\/\\\/www.instagram.com\\\/ou_miil\\\/\"]}]}<\/script>\n<meta property=\"product:price:amount\" content=\"0.00\" \/>\n<meta property=\"product:price:currency\" content=\"EUR\" \/>\n<meta property=\"og:availability\" content=\"instock\" \/>\n<meta property=\"product:availability\" content=\"instock\" \/>\n<meta property=\"product:retailer_item_id\" content=\"MIIU2271057-1\" \/>\n<meta property=\"product:condition\" content=\"new\" \/>\n<!-- \/ Yoast SEO Premium plugin. -->","yoast_head_json":{"title":"Merikontin muutos - Luukkujen ja oven lis\u00e4\u00e4minen - Miil O\u00dc","description":"Merikontin muutos - Luukkujen ja oven lis\u00e4\u00e4minen | S\u00e4ili\u00f6n muutos | Mukautettu merikontti | Merikonttien myynti | Merikontit vuokrattavana | \u2b50\ufe0f\u2b50\ufe0f\u2b50\ufe0f\u2b50\ufe0f\u2b50\ufe0f","robots":{"index":"index","follow":"follow","max-snippet":"max-snippet:-1","max-image-preview":"max-image-preview:large","max-video-preview":"max-video-preview:-1"},"canonical":"https:\/\/miil.dev.almic.ee\/fi\/toode\/merikontin-muutos-luukkujen-ja-oven-lisaaminen\/","og_locale":"fi_FI","og_type":"article","og_title":"Merikontin muutos - Luukkujen ja oven lis\u00e4\u00e4minen","og_description":"Merikontin muutos - Luukkujen ja oven lis\u00e4\u00e4minen | S\u00e4ili\u00f6n muutos | Mukautettu merikontti | Merikonttien myynti | Merikontit vuokrattavana | \u2b50\ufe0f\u2b50\ufe0f\u2b50\ufe0f\u2b50\ufe0f\u2b50\ufe0f","og_url":"https:\/\/miil.dev.almic.ee\/fi\/toode\/merikontin-muutos-luukkujen-ja-oven-lisaaminen\/","og_site_name":"Miil O\u00dc","article_publisher":"https:\/\/www.facebook.com\/konteinerveod\/","article_modified_time":"2025-04-08T09:36:19+00:00","og_image":[{"width":1900,"height":1425,"url":"https:\/\/miil.dev.almic.ee\/wp-content\/uploads\/2025\/03\/40DC-Umberehitatud-konteiner-5-scaled.jpg","type":"image\/jpeg"}],"twitter_card":"summary_large_image","twitter_misc":{"Hinta":"","Saatavuus":"Varastossa"},"schema":{"@context":"https:\/\/schema.org","@graph":[{"@type":"WebPage","@id":"https:\/\/miil.dev.almic.ee\/fi\/toode\/merikontin-muutos-luukkujen-ja-oven-lisaaminen\/","url":"https:\/\/miil.dev.almic.ee\/fi\/toode\/merikontin-muutos-luukkujen-ja-oven-lisaaminen\/","name":"Merikontin muutos - Luukkujen ja oven lis\u00e4\u00e4minen - Miil O\u00dc","isPartOf":{"@id":"https:\/\/miil.dev.almic.ee\/#website"},"primaryImageOfPage":{"@id":"https:\/\/miil.dev.almic.ee\/fi\/toode\/merikontin-muutos-luukkujen-ja-oven-lisaaminen\/#primaryimage"},"image":{"@id":"https:\/\/miil.dev.almic.ee\/fi\/toode\/merikontin-muutos-luukkujen-ja-oven-lisaaminen\/#primaryimage"},"thumbnailUrl":"https:\/\/miil.dev.almic.ee\/wp-content\/uploads\/2025\/03\/40DC-Umberehitatud-konteiner-5-scaled.jpg","datePublished":"2025-03-26T10:33:31+00:00","dateModified":"2025-04-08T09:36:19+00:00","description":"Merikontin muutos - Luukkujen ja oven lis\u00e4\u00e4minen | S\u00e4ili\u00f6n muutos | Mukautettu merikontti | Merikonttien myynti | Merikontit vuokrattavana | \u2b50\ufe0f\u2b50\ufe0f\u2b50\ufe0f\u2b50\ufe0f\u2b50\ufe0f","breadcrumb":{"@id":"https:\/\/miil.dev.almic.ee\/fi\/toode\/merikontin-muutos-luukkujen-ja-oven-lisaaminen\/#breadcrumb"},"inLanguage":"fi","potentialAction":[{"@type":"ReadAction","target":["https:\/\/miil.dev.almic.ee\/fi\/toode\/merikontin-muutos-luukkujen-ja-oven-lisaaminen\/"]}]},{"@type":"ImageObject","inLanguage":"fi","@id":"https:\/\/miil.dev.almic.ee\/fi\/toode\/merikontin-muutos-luukkujen-ja-oven-lisaaminen\/#primaryimage","url":"https:\/\/miil.dev.almic.ee\/wp-content\/uploads\/2025\/03\/40DC-Umberehitatud-konteiner-5-scaled.jpg","contentUrl":"https:\/\/miil.dev.almic.ee\/wp-content\/uploads\/2025\/03\/40DC-Umberehitatud-konteiner-5-scaled.jpg","width":1900,"height":1425},{"@type":"BreadcrumbList","@id":"https:\/\/miil.dev.almic.ee\/fi\/toode\/merikontin-muutos-luukkujen-ja-oven-lisaaminen\/#breadcrumb","itemListElement":[{"@type":"ListItem","position":1,"name":"Home","item":"https:\/\/miil.dev.almic.ee\/fi\/"},{"@type":"ListItem","position":2,"name":"Kauppa","item":"https:\/\/miil.dev.almic.ee\/fi\/kauppa\/"},{"@type":"ListItem","position":3,"name":"Merikontin muutos &#8211; Luukkujen ja oven lis\u00e4\u00e4minen"}]},{"@type":"WebSite","@id":"https:\/\/miil.dev.almic.ee\/#website","url":"https:\/\/miil.dev.almic.ee\/","name":"Miil O\u00dc","description":"Konteinerveod","publisher":{"@id":"https:\/\/miil.dev.almic.ee\/#organization"},"potentialAction":[{"@type":"SearchAction","target":{"@type":"EntryPoint","urlTemplate":"https:\/\/miil.dev.almic.ee\/?s={search_term_string}"},"query-input":{"@type":"PropertyValueSpecification","valueRequired":true,"valueName":"search_term_string"}}],"inLanguage":"fi"},{"@type":"Organization","@id":"https:\/\/miil.dev.almic.ee\/#organization","name":"Miil O\u00dc","url":"https:\/\/miil.dev.almic.ee\/","logo":{"@type":"ImageObject","inLanguage":"fi","@id":"https:\/\/miil.dev.almic.ee\/#\/schema\/logo\/image\/","url":"https:\/\/www.miil.ee\/wp-content\/uploads\/2022\/02\/Miil-logo.svg","contentUrl":"https:\/\/www.miil.ee\/wp-content\/uploads\/2022\/02\/Miil-logo.svg","width":"1024","height":"1024","caption":"Miil O\u00dc"},"image":{"@id":"https:\/\/miil.dev.almic.ee\/#\/schema\/logo\/image\/"},"sameAs":["https:\/\/www.facebook.com\/konteinerveod\/","https:\/\/www.instagram.com\/ou_miil\/"]}]},"product_price_amount":"0.00","product_price_currency":"EUR","og_availability":"instock","product_availability":"instock","product_retailer_item_id":"MIIU2271057-1","product_condition":"new"},"_links":{"self":[{"href":"https:\/\/miil.dev.almic.ee\/fi\/wp-json\/wp\/v2\/product\/91941","targetHints":{"allow":["GET"]}}],"collection":[{"href":"https:\/\/miil.dev.almic.ee\/fi\/wp-json\/wp\/v2\/product"}],"about":[{"href":"https:\/\/miil.dev.almic.ee\/fi\/wp-json\/wp\/v2\/types\/product"}],"replies":[{"embeddable":true,"href":"https:\/\/miil.dev.almic.ee\/fi\/wp-json\/wp\/v2\/comments?post=91941"}],"wp:featuredmedia":[{"embeddable":true,"href":"https:\/\/miil.dev.almic.ee\/fi\/wp-json\/wp\/v2\/media\/91966"}],"wp:attachment":[{"href":"https:\/\/miil.dev.almic.ee\/fi\/wp-json\/wp\/v2\/media?parent=91941"}],"wp:term":[{"taxonomy":"product_cat","embeddable":true,"href":"https:\/\/miil.dev.almic.ee\/fi\/wp-json\/wp\/v2\/product_cat?post=91941"},{"taxonomy":"product_tag","embeddable":true,"href":"https:\/\/miil.dev.almic.ee\/fi\/wp-json\/wp\/v2\/product_tag?post=91941"}],"curies":[{"name":"wp","href":"https:\/\/api.w.org\/{rel}","templated":true}]}}