{"id":88702,"date":"2025-02-26T17:14:55","date_gmt":"2025-02-26T15:14:56","guid":{"rendered":"https:\/\/www.miil.ee\/?post_type=product&#038;p=88702"},"modified":"2025-05-15T09:52:21","modified_gmt":"2025-05-15T06:52:21","slug":"siirrettava-esittelytila-containex-basic","status":"publish","type":"product","link":"https:\/\/miil.dev.almic.ee\/fi\/toode\/siirrettava-esittelytila-containex-basic\/","title":{"rendered":"K\u00e4ytetty siirrett\u00e4v\u00e4 esittelytila Containex Basic"},"content":{"rendered":"<h1><strong>Siirrett\u00e4v\u00e4 esittelytila Containex Basic<\/strong><\/h1>\n<p>K\u00e4ytetty Containex Basic -esittelytila on korkealaatuinen, eristetty moduuli, jossa on liukuovi, puuverhous, ilmal\u00e4mp\u00f6pumppu ja suuri ikkuna. T\u00e4ydellinen pieneksi toimistoksi, n\u00e4yttelytilaksi, infopisteeksi tai puutarham\u00f6kiksi. Liukuovi avautuu s\u00e4hk\u00f6isesti ja ilmastointi takaa juuri oikean sis\u00e4l\u00e4mp\u00f6tilan. Pakotetun ilmanvaihdon ansiosta tilassa riitt\u00e4\u00e4 aina raikasta ilmaa.<\/p>\n<p>Sopii esimerkiksi rakennusty\u00f6maille, kotipihaan, messuille tai n\u00e4yttelyihin.<br \/>\nKorkealaatuinen ja edustava ratkaisu tilap\u00e4iseen lis\u00e4tilaan.<\/p>\n<h2><strong>Siirrett\u00e4v\u00e4 esittelytila Containex Basic \u2013 kunto?<\/strong><\/h2>\n<p>K\u00e4ytetyt moduulit ovat hyv\u00e4kuntoisia ja kest\u00e4v\u00e4t vuosia uuden omistajan k\u00e4yt\u00f6ss\u00e4.<br \/>\nEdullisen hinnan ansiosta ostaminen on usein j\u00e4rkev\u00e4mp\u00e4\u00e4 kuin vuokraaminen.<br \/>\nModuuli on pitk\u00e4ik\u00e4inen, ja CE-merkityille tilaelementeille on olemassa vahvat j\u00e4lkimarkkinat.<br \/>\nKaikki vuokramme moduulit ovat siistej\u00e4, edustavia ja korkealaatuisia.<\/p>\n<p>Etsimme aina asiakkaalle sopivimman ratkaisun, ja kokemuksemme perusteella osaamme my\u00f6s suositella, miten moduuli kannattaa koota juuri sinun tarpeisiisi.<\/p>\n<h2><strong>Siirrett\u00e4v\u00e4 esittelytila Containex Basic &#8211; <\/strong><strong>Moduulin kuljetus<\/strong><\/h2>\n<p>Vuokrauksen tai myynnin yhteydess\u00e4 k\u00e4yt\u00e4mme nosturiautoa: yksi moduuli menee auton lavalle ja toinen per\u00e4vaunuun.<br \/>\nJos toimitamme kaksi moduulia, mukaan l\u00e4htee my\u00f6s asennustiimi, joka liitt\u00e4\u00e4 ne olemassa olevaan perustukseen.<\/p>\n<p>Meill\u00e4 on kaikki tarvittava kalusto \u2013 konttilukoista oikeisiin nostov\u00e4lineisiin.<br \/>\nVastaamme my\u00f6s itse kuljetuksen aikana mahdollisesti syntyvist\u00e4 vaurioista.<\/p>\n<p>Kaikki yhdest\u00e4 paikasta \u2013 moduulien vuokrausta hyvill\u00e4 ehdoilla ja korkealla laadulla.<\/p>\n<ul>\n<li>K\u00e4yt\u00e4mme kuljetukseen yleens\u00e4 <a href=\"https:\/\/www.miil.ee\/fi\/palvelut\/nosturi\/\">nosturia<\/a> tai <a href=\"https:\/\/www.miil.ee\/fi\/palvelut\/sideloader\/\">sivukuormaajaa.<\/a><\/li>\n<li>Ratkaisemme vaikeammat paikat auton <a href=\"https:\/\/www.miil.ee\/fi\/palvelut\/ram-kippauslaite\/\">per\u00e4vaunun avulla<\/a>.<\/li>\n<\/ul>\n<p>Seuraa meit\u00e4 <a href=\"https:\/\/www.facebook.com\/merekonteiner\/\">Facebookissa<\/a> tai <a href=\"https:\/\/www.instagram.com\/ou_miil\/\">Instagramissa<\/a><\/p>\n","protected":false},"excerpt":{"rendered":"<p>Siirrett\u00e4v\u00e4 esittelytila Containex Basic K\u00e4ytetty Containex Basic -esittelytila on korkealaatuinen, eristetty moduuli, jossa on liukuovi, puuverhous, ilmal\u00e4mp\u00f6pumppu ja suuri ikkuna. T\u00e4ydellinen pieneksi toimistoksi, n\u00e4yttelytilaksi, infopisteeksi tai puutarham\u00f6kiksi. Liukuovi avautuu s\u00e4hk\u00f6isesti ja ilmastointi takaa juuri oikean sis\u00e4l\u00e4mp\u00f6tilan. Pakotetun ilmanvaihdon ansiosta tilassa riitt\u00e4\u00e4 aina raikasta ilmaa. Sopii esimerkiksi rakennusty\u00f6maille, kotipihaan, messuille tai n\u00e4yttelyihin. Korkealaatuinen ja edustava ratkaisu&#8230;<\/p>\n","protected":false},"featured_media":98496,"comment_status":"closed","ping_status":"closed","template":"","meta":{"_acf_changed":false},"product_cat":[343],"product_tag":[],"class_list":{"0":"post-88702","1":"product","2":"type-product","3":"status-publish","4":"has-post-thumbnail","6":"product_cat-eristekontit","8":"first","9":"instock","10":"shipping-taxable","11":"purchasable","12":"product-type-simple"},"acf":[],"yoast_head":"<!-- This site is optimized with the Yoast SEO Premium plugin v23.9 (Yoast SEO v27.5) - https:\/\/yoast.com\/product\/yoast-seo-premium-wordpress\/ -->\n<title>Siirrett\u00e4v\u00e4 esittelytila Containex Basic<\/title>\n<meta name=\"description\" content=\"Siirrett\u00e4v\u00e4 esittelytila Containex Basic | Minitalot ja -m\u00f6kit | M\u00f6kkien vuokraus ja myynti | Kuljetus ja korjaukset | S\u00e4hk\u00f6ty\u00f6t ja l\u00e4mmitys\" \/>\n<meta name=\"robots\" content=\"index, follow, max-snippet:-1, max-image-preview:large, max-video-preview:-1\" \/>\n<link rel=\"canonical\" href=\"https:\/\/miil.dev.almic.ee\/fi\/toode\/siirrettava-esittelytila-containex-basic\/\" \/>\n<meta property=\"og:locale\" content=\"fi_FI\" \/>\n<meta property=\"og:type\" content=\"article\" \/>\n<meta property=\"og:title\" content=\"K\u00e4ytetty siirrett\u00e4v\u00e4 esittelytila Containex Basic\" \/>\n<meta property=\"og:description\" content=\"Siirrett\u00e4v\u00e4 esittelytila Containex Basic | Minitalot ja -m\u00f6kit | M\u00f6kkien vuokraus ja myynti | Kuljetus ja korjaukset | S\u00e4hk\u00f6ty\u00f6t ja l\u00e4mmitys\" \/>\n<meta property=\"og:url\" content=\"https:\/\/miil.dev.almic.ee\/fi\/toode\/siirrettava-esittelytila-containex-basic\/\" \/>\n<meta property=\"og:site_name\" content=\"Miil O\u00dc\" \/>\n<meta property=\"article:publisher\" content=\"https:\/\/www.facebook.com\/konteinerveod\/\" \/>\n<meta property=\"article:modified_time\" content=\"2025-05-15T06:52:21+00:00\" \/>\n<meta property=\"og:image\" content=\"https:\/\/miil.dev.almic.ee\/wp-content\/uploads\/2025\/02\/Kasutatud-muugisalong-Containex-Basic-2-scaled.jpg\" \/>\n\t<meta property=\"og:image:width\" content=\"1900\" \/>\n\t<meta property=\"og:image:height\" content=\"1425\" \/>\n\t<meta property=\"og:image:type\" content=\"image\/jpeg\" \/>\n<meta name=\"twitter:card\" content=\"summary_large_image\" \/>\n<meta name=\"twitter:label1\" content=\"Hinta\" \/>\n\t<meta name=\"twitter:data1\" content=\"9990,00&nbsp;&euro;\" \/>\n\t<meta name=\"twitter:label2\" content=\"Saatavuus\" \/>\n\t<meta name=\"twitter:data2\" content=\"Varastossa\" \/>\n<script type=\"application\/ld+json\" class=\"yoast-schema-graph\">{\"@context\":\"https:\\\/\\\/schema.org\",\"@graph\":[{\"@type\":\"WebPage\",\"@id\":\"https:\\\/\\\/miil.dev.almic.ee\\\/fi\\\/toode\\\/siirrettava-esittelytila-containex-basic\\\/\",\"url\":\"https:\\\/\\\/miil.dev.almic.ee\\\/fi\\\/toode\\\/siirrettava-esittelytila-containex-basic\\\/\",\"name\":\"Siirrett\u00e4v\u00e4 esittelytila Containex Basic\",\"isPartOf\":{\"@id\":\"https:\\\/\\\/miil.dev.almic.ee\\\/#website\"},\"primaryImageOfPage\":{\"@id\":\"https:\\\/\\\/miil.dev.almic.ee\\\/fi\\\/toode\\\/siirrettava-esittelytila-containex-basic\\\/#primaryimage\"},\"image\":{\"@id\":\"https:\\\/\\\/miil.dev.almic.ee\\\/fi\\\/toode\\\/siirrettava-esittelytila-containex-basic\\\/#primaryimage\"},\"thumbnailUrl\":\"https:\\\/\\\/miil.dev.almic.ee\\\/wp-content\\\/uploads\\\/2025\\\/02\\\/Kasutatud-muugisalong-Containex-Basic-2-scaled.jpg\",\"datePublished\":\"2025-02-26T15:14:56+00:00\",\"dateModified\":\"2025-05-15T06:52:21+00:00\",\"description\":\"Siirrett\u00e4v\u00e4 esittelytila Containex Basic | Minitalot ja -m\u00f6kit | M\u00f6kkien vuokraus ja myynti | Kuljetus ja korjaukset | S\u00e4hk\u00f6ty\u00f6t ja l\u00e4mmitys\",\"breadcrumb\":{\"@id\":\"https:\\\/\\\/miil.dev.almic.ee\\\/fi\\\/toode\\\/siirrettava-esittelytila-containex-basic\\\/#breadcrumb\"},\"inLanguage\":\"fi\",\"potentialAction\":[{\"@type\":\"ReadAction\",\"target\":[\"https:\\\/\\\/miil.dev.almic.ee\\\/fi\\\/toode\\\/siirrettava-esittelytila-containex-basic\\\/\"]}]},{\"@type\":\"ImageObject\",\"inLanguage\":\"fi\",\"@id\":\"https:\\\/\\\/miil.dev.almic.ee\\\/fi\\\/toode\\\/siirrettava-esittelytila-containex-basic\\\/#primaryimage\",\"url\":\"https:\\\/\\\/miil.dev.almic.ee\\\/wp-content\\\/uploads\\\/2025\\\/02\\\/Kasutatud-muugisalong-Containex-Basic-2-scaled.jpg\",\"contentUrl\":\"https:\\\/\\\/miil.dev.almic.ee\\\/wp-content\\\/uploads\\\/2025\\\/02\\\/Kasutatud-muugisalong-Containex-Basic-2-scaled.jpg\",\"width\":1900,\"height\":1425},{\"@type\":\"BreadcrumbList\",\"@id\":\"https:\\\/\\\/miil.dev.almic.ee\\\/fi\\\/toode\\\/siirrettava-esittelytila-containex-basic\\\/#breadcrumb\",\"itemListElement\":[{\"@type\":\"ListItem\",\"position\":1,\"name\":\"Home\",\"item\":\"https:\\\/\\\/miil.dev.almic.ee\\\/fi\\\/\"},{\"@type\":\"ListItem\",\"position\":2,\"name\":\"Kauppa\",\"item\":\"https:\\\/\\\/miil.dev.almic.ee\\\/fi\\\/kauppa\\\/\"},{\"@type\":\"ListItem\",\"position\":3,\"name\":\"K\u00e4ytetty siirrett\u00e4v\u00e4 esittelytila Containex Basic\"}]},{\"@type\":\"WebSite\",\"@id\":\"https:\\\/\\\/miil.dev.almic.ee\\\/#website\",\"url\":\"https:\\\/\\\/miil.dev.almic.ee\\\/\",\"name\":\"Miil O\u00dc\",\"description\":\"Konteinerveod\",\"publisher\":{\"@id\":\"https:\\\/\\\/miil.dev.almic.ee\\\/#organization\"},\"potentialAction\":[{\"@type\":\"SearchAction\",\"target\":{\"@type\":\"EntryPoint\",\"urlTemplate\":\"https:\\\/\\\/miil.dev.almic.ee\\\/?s={search_term_string}\"},\"query-input\":{\"@type\":\"PropertyValueSpecification\",\"valueRequired\":true,\"valueName\":\"search_term_string\"}}],\"inLanguage\":\"fi\"},{\"@type\":\"Organization\",\"@id\":\"https:\\\/\\\/miil.dev.almic.ee\\\/#organization\",\"name\":\"Miil O\u00dc\",\"url\":\"https:\\\/\\\/miil.dev.almic.ee\\\/\",\"logo\":{\"@type\":\"ImageObject\",\"inLanguage\":\"fi\",\"@id\":\"https:\\\/\\\/miil.dev.almic.ee\\\/#\\\/schema\\\/logo\\\/image\\\/\",\"url\":\"https:\\\/\\\/www.miil.ee\\\/wp-content\\\/uploads\\\/2022\\\/02\\\/Miil-logo.svg\",\"contentUrl\":\"https:\\\/\\\/www.miil.ee\\\/wp-content\\\/uploads\\\/2022\\\/02\\\/Miil-logo.svg\",\"width\":\"1024\",\"height\":\"1024\",\"caption\":\"Miil O\u00dc\"},\"image\":{\"@id\":\"https:\\\/\\\/miil.dev.almic.ee\\\/#\\\/schema\\\/logo\\\/image\\\/\"},\"sameAs\":[\"https:\\\/\\\/www.facebook.com\\\/konteinerveod\\\/\",\"https:\\\/\\\/www.instagram.com\\\/ou_miil\\\/\"]}]}<\/script>\n<meta property=\"product:price:amount\" content=\"9990.00\" \/>\n<meta property=\"product:price:currency\" content=\"EUR\" \/>\n<meta property=\"og:availability\" content=\"instock\" \/>\n<meta property=\"product:availability\" content=\"instock\" \/>\n<meta property=\"product:condition\" content=\"new\" \/>\n<!-- \/ Yoast SEO Premium plugin. -->","yoast_head_json":{"title":"Siirrett\u00e4v\u00e4 esittelytila Containex Basic","description":"Siirrett\u00e4v\u00e4 esittelytila Containex Basic | Minitalot ja -m\u00f6kit | M\u00f6kkien vuokraus ja myynti | Kuljetus ja korjaukset | S\u00e4hk\u00f6ty\u00f6t ja l\u00e4mmitys","robots":{"index":"index","follow":"follow","max-snippet":"max-snippet:-1","max-image-preview":"max-image-preview:large","max-video-preview":"max-video-preview:-1"},"canonical":"https:\/\/miil.dev.almic.ee\/fi\/toode\/siirrettava-esittelytila-containex-basic\/","og_locale":"fi_FI","og_type":"article","og_title":"K\u00e4ytetty siirrett\u00e4v\u00e4 esittelytila Containex Basic","og_description":"Siirrett\u00e4v\u00e4 esittelytila Containex Basic | Minitalot ja -m\u00f6kit | M\u00f6kkien vuokraus ja myynti | Kuljetus ja korjaukset | S\u00e4hk\u00f6ty\u00f6t ja l\u00e4mmitys","og_url":"https:\/\/miil.dev.almic.ee\/fi\/toode\/siirrettava-esittelytila-containex-basic\/","og_site_name":"Miil O\u00dc","article_publisher":"https:\/\/www.facebook.com\/konteinerveod\/","article_modified_time":"2025-05-15T06:52:21+00:00","og_image":[{"width":1900,"height":1425,"url":"https:\/\/miil.dev.almic.ee\/wp-content\/uploads\/2025\/02\/Kasutatud-muugisalong-Containex-Basic-2-scaled.jpg","type":"image\/jpeg"}],"twitter_card":"summary_large_image","twitter_misc":{"Hinta":"9990,00&nbsp;&euro;","Saatavuus":"Varastossa"},"schema":{"@context":"https:\/\/schema.org","@graph":[{"@type":"WebPage","@id":"https:\/\/miil.dev.almic.ee\/fi\/toode\/siirrettava-esittelytila-containex-basic\/","url":"https:\/\/miil.dev.almic.ee\/fi\/toode\/siirrettava-esittelytila-containex-basic\/","name":"Siirrett\u00e4v\u00e4 esittelytila Containex Basic","isPartOf":{"@id":"https:\/\/miil.dev.almic.ee\/#website"},"primaryImageOfPage":{"@id":"https:\/\/miil.dev.almic.ee\/fi\/toode\/siirrettava-esittelytila-containex-basic\/#primaryimage"},"image":{"@id":"https:\/\/miil.dev.almic.ee\/fi\/toode\/siirrettava-esittelytila-containex-basic\/#primaryimage"},"thumbnailUrl":"https:\/\/miil.dev.almic.ee\/wp-content\/uploads\/2025\/02\/Kasutatud-muugisalong-Containex-Basic-2-scaled.jpg","datePublished":"2025-02-26T15:14:56+00:00","dateModified":"2025-05-15T06:52:21+00:00","description":"Siirrett\u00e4v\u00e4 esittelytila Containex Basic | Minitalot ja -m\u00f6kit | M\u00f6kkien vuokraus ja myynti | Kuljetus ja korjaukset | S\u00e4hk\u00f6ty\u00f6t ja l\u00e4mmitys","breadcrumb":{"@id":"https:\/\/miil.dev.almic.ee\/fi\/toode\/siirrettava-esittelytila-containex-basic\/#breadcrumb"},"inLanguage":"fi","potentialAction":[{"@type":"ReadAction","target":["https:\/\/miil.dev.almic.ee\/fi\/toode\/siirrettava-esittelytila-containex-basic\/"]}]},{"@type":"ImageObject","inLanguage":"fi","@id":"https:\/\/miil.dev.almic.ee\/fi\/toode\/siirrettava-esittelytila-containex-basic\/#primaryimage","url":"https:\/\/miil.dev.almic.ee\/wp-content\/uploads\/2025\/02\/Kasutatud-muugisalong-Containex-Basic-2-scaled.jpg","contentUrl":"https:\/\/miil.dev.almic.ee\/wp-content\/uploads\/2025\/02\/Kasutatud-muugisalong-Containex-Basic-2-scaled.jpg","width":1900,"height":1425},{"@type":"BreadcrumbList","@id":"https:\/\/miil.dev.almic.ee\/fi\/toode\/siirrettava-esittelytila-containex-basic\/#breadcrumb","itemListElement":[{"@type":"ListItem","position":1,"name":"Home","item":"https:\/\/miil.dev.almic.ee\/fi\/"},{"@type":"ListItem","position":2,"name":"Kauppa","item":"https:\/\/miil.dev.almic.ee\/fi\/kauppa\/"},{"@type":"ListItem","position":3,"name":"K\u00e4ytetty siirrett\u00e4v\u00e4 esittelytila Containex Basic"}]},{"@type":"WebSite","@id":"https:\/\/miil.dev.almic.ee\/#website","url":"https:\/\/miil.dev.almic.ee\/","name":"Miil O\u00dc","description":"Konteinerveod","publisher":{"@id":"https:\/\/miil.dev.almic.ee\/#organization"},"potentialAction":[{"@type":"SearchAction","target":{"@type":"EntryPoint","urlTemplate":"https:\/\/miil.dev.almic.ee\/?s={search_term_string}"},"query-input":{"@type":"PropertyValueSpecification","valueRequired":true,"valueName":"search_term_string"}}],"inLanguage":"fi"},{"@type":"Organization","@id":"https:\/\/miil.dev.almic.ee\/#organization","name":"Miil O\u00dc","url":"https:\/\/miil.dev.almic.ee\/","logo":{"@type":"ImageObject","inLanguage":"fi","@id":"https:\/\/miil.dev.almic.ee\/#\/schema\/logo\/image\/","url":"https:\/\/www.miil.ee\/wp-content\/uploads\/2022\/02\/Miil-logo.svg","contentUrl":"https:\/\/www.miil.ee\/wp-content\/uploads\/2022\/02\/Miil-logo.svg","width":"1024","height":"1024","caption":"Miil O\u00dc"},"image":{"@id":"https:\/\/miil.dev.almic.ee\/#\/schema\/logo\/image\/"},"sameAs":["https:\/\/www.facebook.com\/konteinerveod\/","https:\/\/www.instagram.com\/ou_miil\/"]}]},"product_price_amount":"9990.00","product_price_currency":"EUR","og_availability":"instock","product_availability":"instock","product_condition":"new"},"_links":{"self":[{"href":"https:\/\/miil.dev.almic.ee\/fi\/wp-json\/wp\/v2\/product\/88702","targetHints":{"allow":["GET"]}}],"collection":[{"href":"https:\/\/miil.dev.almic.ee\/fi\/wp-json\/wp\/v2\/product"}],"about":[{"href":"https:\/\/miil.dev.almic.ee\/fi\/wp-json\/wp\/v2\/types\/product"}],"replies":[{"embeddable":true,"href":"https:\/\/miil.dev.almic.ee\/fi\/wp-json\/wp\/v2\/comments?post=88702"}],"wp:featuredmedia":[{"embeddable":true,"href":"https:\/\/miil.dev.almic.ee\/fi\/wp-json\/wp\/v2\/media\/98496"}],"wp:attachment":[{"href":"https:\/\/miil.dev.almic.ee\/fi\/wp-json\/wp\/v2\/media?parent=88702"}],"wp:term":[{"taxonomy":"product_cat","embeddable":true,"href":"https:\/\/miil.dev.almic.ee\/fi\/wp-json\/wp\/v2\/product_cat?post=88702"},{"taxonomy":"product_tag","embeddable":true,"href":"https:\/\/miil.dev.almic.ee\/fi\/wp-json\/wp\/v2\/product_tag?post=88702"}],"curies":[{"name":"wp","href":"https:\/\/api.w.org\/{rel}","templated":true}]}}