{"id":88033,"date":"2025-02-21T10:16:09","date_gmt":"2025-02-21T08:16:09","guid":{"rendered":"https:\/\/www.miil.ee\/?post_type=product&#038;p=88033"},"modified":"2025-03-18T11:08:27","modified_gmt":"2025-03-18T09:08:27","slug":"isot-pyorat-merikonttiin","status":"publish","type":"product","link":"https:\/\/miil.dev.almic.ee\/fi\/toode\/isot-pyorat-merikonttiin\/","title":{"rendered":"Isot py\u00f6r\u00e4t merikonttiin (13&#8243;)"},"content":{"rendered":"<p>Isot py\u00f6r\u00e4t merikonttiin &#8211; 13 tuuman suuret kuljetuskontin py\u00f6r\u00e4t on suunniteltu konttien kuljettamiseen. Ne ovat k\u00e4yt\u00e4nn\u00f6llinen ratkaisu raskaiden konttien siirt\u00e4miseen vaivattomasti. Varsinkin tilanteissa, joissa perinteisi\u00e4 laitteita, kuten nostureita tai erikoiskuljetusajoneuvoja, ei ole saatavilla.<\/p>\n<p>N\u00e4m\u00e4 py\u00f6r\u00e4t voidaan kiinnitt\u00e4\u00e4 turvallisesti s\u00e4ili\u00f6n toisessa p\u00e4\u00e4ss\u00e4 oleviin lukitusreikiin. T\u00e4m\u00e4 mahdollistaa helpon liikkuvuuden k\u00e4ytt\u00e4m\u00e4ll\u00e4 laitteita, kuten trukkia tai kuormaajaa, nostamiseen ja ohjaamiseen vastakkaiseen p\u00e4\u00e4h\u00e4n.<\/p>\n<p>Sarja sis\u00e4lt\u00e4\u00e4 2 py\u00f6r\u00e4\u00e4.<\/p>\n<h2>Isot py\u00f6r\u00e4t merikonttiin &#8211; Prosessi on yksinkertainen:<\/h2>\n<ol>\n<li><strong>Kiinnit\u00e4 py\u00f6r\u00e4t. <\/strong>Kiinnit\u00e4 13 tuuman py\u00f6r\u00e4t s\u00e4ili\u00f6n toisella sivulla oleviin lukitusreikiin. N\u00e4m\u00e4 py\u00f6r\u00e4t on tyypillisesti suunniteltu sopimaan t\u00e4ydellisesti kuljetuskonttien vakiolukkoreikiin varmistaen vakaan liitoksen.<\/li>\n<li><strong>Nosta toinen p\u00e4\u00e4.<\/strong> Kun py\u00f6r\u00e4t ovat paikoillaan, nosta s\u00e4ili\u00f6n vastakkainen p\u00e4\u00e4 trukilla tai kuormaimella. N\u00e4m\u00e4 koneet voivat helposti nostaa ja tukea konttia, jolloin py\u00f6r\u00e4t voivat kantaa painon toisessa p\u00e4\u00e4ss\u00e4.<\/li>\n<li><strong>Siirr\u00e4 s\u00e4il\u00f6\u00e4.<\/strong> Kun py\u00f6r\u00e4t ovat paikoillaan ja vastakkainen p\u00e4\u00e4 nostettuna, voit alkaa siirt\u00e4\u00e4 kuljetuskonttia maan poikki. Py\u00f6r\u00e4t tarjoavat tarvittavan liikkuvuuden, jolloin konttia voidaan ohjata ahtaissa tiloissa tai kuorma-autoihin kuljetusta varten.<\/li>\n<\/ol>\n<p>T\u00e4m\u00e4 menetelm\u00e4 tehostaa konttien siirtoa ja voi v\u00e4hent\u00e4\u00e4 suurten erikoiskuljetusv\u00e4lineiden tarvetta. Se on monipuolinen ratkaisu, joka on erityisen hy\u00f6dyllinen varastoissa, telakoissa ja rakennusty\u00f6mailla. Paikoissa, joissa astiat on siirrett\u00e4v\u00e4 nopeasti ja helposti.<\/p>\n<p>Seuraa meit\u00e4 <a href=\"https:\/\/www.facebook.com\/konteinerveod\/\">Facebookissa<\/a> tai <a href=\"https:\/\/www.instagram.com\/ou_miil\/\">Instagramissa<\/a><\/p>\n","protected":false},"excerpt":{"rendered":"<p>13 tuuman py\u00f6rien k\u00e4ytt\u00f6 merikonttiin kiinnitt\u00e4miseen tarjoaa helpon ja tehokkaan tavan siirt\u00e4\u00e4 sit\u00e4 perusvarusteilla, kuten trukilla tai kuormaimella. T\u00e4m\u00e4 ratkaisu yksinkertaistaa konttien kuljetusta ahtaissa tiloissa, jolloin raskaita erikoiskoneita ei tarvita.<\/p>\n","protected":false},"featured_media":88038,"comment_status":"open","ping_status":"closed","template":"","meta":{"_acf_changed":false},"product_cat":[335],"product_tag":[],"class_list":{"0":"post-88033","1":"product","2":"type-product","3":"status-publish","4":"has-post-thumbnail","6":"product_cat-lisavarusteet","8":"first","9":"instock","10":"shipping-taxable","11":"purchasable","12":"product-type-simple"},"acf":[],"yoast_head":"<!-- This site is optimized with the Yoast SEO Premium plugin v23.9 (Yoast SEO v27.5) - https:\/\/yoast.com\/product\/yoast-seo-premium-wordpress\/ -->\n<title>Isot py\u00f6r\u00e4t merikonttiin - Miil O\u00dc<\/title>\n<meta name=\"description\" content=\"Isot py\u00f6r\u00e4t merikonttiin | Konttirullat | Merikontin siirt\u00e4minen | Kontin tarvikkeet | Telat | Konttikuljetus | O\u00dc MIIL \u2b50\ufe0f\u2b50\ufe0f\u2b50\ufe0f\u2b50\ufe0f\u2b50\" \/>\n<meta name=\"robots\" content=\"index, follow, max-snippet:-1, max-image-preview:large, max-video-preview:-1\" \/>\n<link rel=\"canonical\" href=\"https:\/\/miil.dev.almic.ee\/fi\/toode\/isot-pyorat-merikonttiin\/\" \/>\n<meta property=\"og:locale\" content=\"fi_FI\" \/>\n<meta property=\"og:type\" content=\"article\" \/>\n<meta property=\"og:title\" content=\"Isot py\u00f6r\u00e4t merikonttiin (13&quot;)\" \/>\n<meta property=\"og:description\" content=\"Isot py\u00f6r\u00e4t merikonttiin | Konttirullat | Merikontin siirt\u00e4minen | Kontin tarvikkeet | Telat | Konttikuljetus | O\u00dc MIIL \u2b50\ufe0f\u2b50\ufe0f\u2b50\ufe0f\u2b50\ufe0f\u2b50\" \/>\n<meta property=\"og:url\" content=\"https:\/\/miil.dev.almic.ee\/fi\/toode\/isot-pyorat-merikonttiin\/\" \/>\n<meta property=\"og:site_name\" content=\"Miil O\u00dc\" \/>\n<meta property=\"article:publisher\" content=\"https:\/\/www.facebook.com\/konteinerveod\/\" \/>\n<meta property=\"article:modified_time\" content=\"2025-03-18T09:08:27+00:00\" \/>\n<meta property=\"og:image\" content=\"https:\/\/miil.dev.almic.ee\/wp-content\/uploads\/2025\/02\/Suured-merekonteineri-rattad-1-scaled.jpg\" \/>\n\t<meta property=\"og:image:width\" content=\"1431\" \/>\n\t<meta property=\"og:image:height\" content=\"1900\" \/>\n\t<meta property=\"og:image:type\" content=\"image\/jpeg\" \/>\n<meta name=\"twitter:card\" content=\"summary_large_image\" \/>\n<meta name=\"twitter:label1\" content=\"Hinta\" \/>\n\t<meta name=\"twitter:data1\" content=\"950,00&nbsp;&euro;\" \/>\n\t<meta name=\"twitter:label2\" content=\"Saatavuus\" \/>\n\t<meta name=\"twitter:data2\" content=\"Varastossa\" \/>\n<script type=\"application\/ld+json\" class=\"yoast-schema-graph\">{\"@context\":\"https:\\\/\\\/schema.org\",\"@graph\":[{\"@type\":\"WebPage\",\"@id\":\"https:\\\/\\\/miil.dev.almic.ee\\\/fi\\\/toode\\\/isot-pyorat-merikonttiin\\\/\",\"url\":\"https:\\\/\\\/miil.dev.almic.ee\\\/fi\\\/toode\\\/isot-pyorat-merikonttiin\\\/\",\"name\":\"Isot py\u00f6r\u00e4t merikonttiin - Miil O\u00dc\",\"isPartOf\":{\"@id\":\"https:\\\/\\\/miil.dev.almic.ee\\\/#website\"},\"primaryImageOfPage\":{\"@id\":\"https:\\\/\\\/miil.dev.almic.ee\\\/fi\\\/toode\\\/isot-pyorat-merikonttiin\\\/#primaryimage\"},\"image\":{\"@id\":\"https:\\\/\\\/miil.dev.almic.ee\\\/fi\\\/toode\\\/isot-pyorat-merikonttiin\\\/#primaryimage\"},\"thumbnailUrl\":\"https:\\\/\\\/miil.dev.almic.ee\\\/wp-content\\\/uploads\\\/2025\\\/02\\\/Suured-merekonteineri-rattad-1-scaled.jpg\",\"datePublished\":\"2025-02-21T08:16:09+00:00\",\"dateModified\":\"2025-03-18T09:08:27+00:00\",\"description\":\"Isot py\u00f6r\u00e4t merikonttiin | Konttirullat | Merikontin siirt\u00e4minen | Kontin tarvikkeet | Telat | Konttikuljetus | O\u00dc MIIL \u2b50\ufe0f\u2b50\ufe0f\u2b50\ufe0f\u2b50\ufe0f\u2b50\",\"breadcrumb\":{\"@id\":\"https:\\\/\\\/miil.dev.almic.ee\\\/fi\\\/toode\\\/isot-pyorat-merikonttiin\\\/#breadcrumb\"},\"inLanguage\":\"fi\",\"potentialAction\":[{\"@type\":\"ReadAction\",\"target\":[\"https:\\\/\\\/miil.dev.almic.ee\\\/fi\\\/toode\\\/isot-pyorat-merikonttiin\\\/\"]}]},{\"@type\":\"ImageObject\",\"inLanguage\":\"fi\",\"@id\":\"https:\\\/\\\/miil.dev.almic.ee\\\/fi\\\/toode\\\/isot-pyorat-merikonttiin\\\/#primaryimage\",\"url\":\"https:\\\/\\\/miil.dev.almic.ee\\\/wp-content\\\/uploads\\\/2025\\\/02\\\/Suured-merekonteineri-rattad-1-scaled.jpg\",\"contentUrl\":\"https:\\\/\\\/miil.dev.almic.ee\\\/wp-content\\\/uploads\\\/2025\\\/02\\\/Suured-merekonteineri-rattad-1-scaled.jpg\",\"width\":1431,\"height\":1900},{\"@type\":\"BreadcrumbList\",\"@id\":\"https:\\\/\\\/miil.dev.almic.ee\\\/fi\\\/toode\\\/isot-pyorat-merikonttiin\\\/#breadcrumb\",\"itemListElement\":[{\"@type\":\"ListItem\",\"position\":1,\"name\":\"Home\",\"item\":\"https:\\\/\\\/miil.dev.almic.ee\\\/fi\\\/\"},{\"@type\":\"ListItem\",\"position\":2,\"name\":\"Kauppa\",\"item\":\"https:\\\/\\\/miil.dev.almic.ee\\\/fi\\\/kauppa\\\/\"},{\"@type\":\"ListItem\",\"position\":3,\"name\":\"Isot py\u00f6r\u00e4t merikonttiin (13&#8243;)\"}]},{\"@type\":\"WebSite\",\"@id\":\"https:\\\/\\\/miil.dev.almic.ee\\\/#website\",\"url\":\"https:\\\/\\\/miil.dev.almic.ee\\\/\",\"name\":\"Miil O\u00dc\",\"description\":\"Konteinerveod\",\"publisher\":{\"@id\":\"https:\\\/\\\/miil.dev.almic.ee\\\/#organization\"},\"potentialAction\":[{\"@type\":\"SearchAction\",\"target\":{\"@type\":\"EntryPoint\",\"urlTemplate\":\"https:\\\/\\\/miil.dev.almic.ee\\\/?s={search_term_string}\"},\"query-input\":{\"@type\":\"PropertyValueSpecification\",\"valueRequired\":true,\"valueName\":\"search_term_string\"}}],\"inLanguage\":\"fi\"},{\"@type\":\"Organization\",\"@id\":\"https:\\\/\\\/miil.dev.almic.ee\\\/#organization\",\"name\":\"Miil O\u00dc\",\"url\":\"https:\\\/\\\/miil.dev.almic.ee\\\/\",\"logo\":{\"@type\":\"ImageObject\",\"inLanguage\":\"fi\",\"@id\":\"https:\\\/\\\/miil.dev.almic.ee\\\/#\\\/schema\\\/logo\\\/image\\\/\",\"url\":\"https:\\\/\\\/www.miil.ee\\\/wp-content\\\/uploads\\\/2022\\\/02\\\/Miil-logo.svg\",\"contentUrl\":\"https:\\\/\\\/www.miil.ee\\\/wp-content\\\/uploads\\\/2022\\\/02\\\/Miil-logo.svg\",\"width\":\"1024\",\"height\":\"1024\",\"caption\":\"Miil O\u00dc\"},\"image\":{\"@id\":\"https:\\\/\\\/miil.dev.almic.ee\\\/#\\\/schema\\\/logo\\\/image\\\/\"},\"sameAs\":[\"https:\\\/\\\/www.facebook.com\\\/konteinerveod\\\/\",\"https:\\\/\\\/www.instagram.com\\\/ou_miil\\\/\"]}]}<\/script>\n<meta property=\"product:price:amount\" content=\"950.00\" \/>\n<meta property=\"product:price:currency\" content=\"EUR\" \/>\n<meta property=\"og:availability\" content=\"instock\" \/>\n<meta property=\"product:availability\" content=\"instock\" \/>\n<meta property=\"product:condition\" content=\"new\" \/>\n<!-- \/ Yoast SEO Premium plugin. -->","yoast_head_json":{"title":"Isot py\u00f6r\u00e4t merikonttiin - Miil O\u00dc","description":"Isot py\u00f6r\u00e4t merikonttiin | Konttirullat | Merikontin siirt\u00e4minen | Kontin tarvikkeet | Telat | Konttikuljetus | O\u00dc MIIL \u2b50\ufe0f\u2b50\ufe0f\u2b50\ufe0f\u2b50\ufe0f\u2b50","robots":{"index":"index","follow":"follow","max-snippet":"max-snippet:-1","max-image-preview":"max-image-preview:large","max-video-preview":"max-video-preview:-1"},"canonical":"https:\/\/miil.dev.almic.ee\/fi\/toode\/isot-pyorat-merikonttiin\/","og_locale":"fi_FI","og_type":"article","og_title":"Isot py\u00f6r\u00e4t merikonttiin (13\")","og_description":"Isot py\u00f6r\u00e4t merikonttiin | Konttirullat | Merikontin siirt\u00e4minen | Kontin tarvikkeet | Telat | Konttikuljetus | O\u00dc MIIL \u2b50\ufe0f\u2b50\ufe0f\u2b50\ufe0f\u2b50\ufe0f\u2b50","og_url":"https:\/\/miil.dev.almic.ee\/fi\/toode\/isot-pyorat-merikonttiin\/","og_site_name":"Miil O\u00dc","article_publisher":"https:\/\/www.facebook.com\/konteinerveod\/","article_modified_time":"2025-03-18T09:08:27+00:00","og_image":[{"width":1431,"height":1900,"url":"https:\/\/miil.dev.almic.ee\/wp-content\/uploads\/2025\/02\/Suured-merekonteineri-rattad-1-scaled.jpg","type":"image\/jpeg"}],"twitter_card":"summary_large_image","twitter_misc":{"Hinta":"950,00&nbsp;&euro;","Saatavuus":"Varastossa"},"schema":{"@context":"https:\/\/schema.org","@graph":[{"@type":"WebPage","@id":"https:\/\/miil.dev.almic.ee\/fi\/toode\/isot-pyorat-merikonttiin\/","url":"https:\/\/miil.dev.almic.ee\/fi\/toode\/isot-pyorat-merikonttiin\/","name":"Isot py\u00f6r\u00e4t merikonttiin - Miil O\u00dc","isPartOf":{"@id":"https:\/\/miil.dev.almic.ee\/#website"},"primaryImageOfPage":{"@id":"https:\/\/miil.dev.almic.ee\/fi\/toode\/isot-pyorat-merikonttiin\/#primaryimage"},"image":{"@id":"https:\/\/miil.dev.almic.ee\/fi\/toode\/isot-pyorat-merikonttiin\/#primaryimage"},"thumbnailUrl":"https:\/\/miil.dev.almic.ee\/wp-content\/uploads\/2025\/02\/Suured-merekonteineri-rattad-1-scaled.jpg","datePublished":"2025-02-21T08:16:09+00:00","dateModified":"2025-03-18T09:08:27+00:00","description":"Isot py\u00f6r\u00e4t merikonttiin | Konttirullat | Merikontin siirt\u00e4minen | Kontin tarvikkeet | Telat | Konttikuljetus | O\u00dc MIIL \u2b50\ufe0f\u2b50\ufe0f\u2b50\ufe0f\u2b50\ufe0f\u2b50","breadcrumb":{"@id":"https:\/\/miil.dev.almic.ee\/fi\/toode\/isot-pyorat-merikonttiin\/#breadcrumb"},"inLanguage":"fi","potentialAction":[{"@type":"ReadAction","target":["https:\/\/miil.dev.almic.ee\/fi\/toode\/isot-pyorat-merikonttiin\/"]}]},{"@type":"ImageObject","inLanguage":"fi","@id":"https:\/\/miil.dev.almic.ee\/fi\/toode\/isot-pyorat-merikonttiin\/#primaryimage","url":"https:\/\/miil.dev.almic.ee\/wp-content\/uploads\/2025\/02\/Suured-merekonteineri-rattad-1-scaled.jpg","contentUrl":"https:\/\/miil.dev.almic.ee\/wp-content\/uploads\/2025\/02\/Suured-merekonteineri-rattad-1-scaled.jpg","width":1431,"height":1900},{"@type":"BreadcrumbList","@id":"https:\/\/miil.dev.almic.ee\/fi\/toode\/isot-pyorat-merikonttiin\/#breadcrumb","itemListElement":[{"@type":"ListItem","position":1,"name":"Home","item":"https:\/\/miil.dev.almic.ee\/fi\/"},{"@type":"ListItem","position":2,"name":"Kauppa","item":"https:\/\/miil.dev.almic.ee\/fi\/kauppa\/"},{"@type":"ListItem","position":3,"name":"Isot py\u00f6r\u00e4t merikonttiin (13&#8243;)"}]},{"@type":"WebSite","@id":"https:\/\/miil.dev.almic.ee\/#website","url":"https:\/\/miil.dev.almic.ee\/","name":"Miil O\u00dc","description":"Konteinerveod","publisher":{"@id":"https:\/\/miil.dev.almic.ee\/#organization"},"potentialAction":[{"@type":"SearchAction","target":{"@type":"EntryPoint","urlTemplate":"https:\/\/miil.dev.almic.ee\/?s={search_term_string}"},"query-input":{"@type":"PropertyValueSpecification","valueRequired":true,"valueName":"search_term_string"}}],"inLanguage":"fi"},{"@type":"Organization","@id":"https:\/\/miil.dev.almic.ee\/#organization","name":"Miil O\u00dc","url":"https:\/\/miil.dev.almic.ee\/","logo":{"@type":"ImageObject","inLanguage":"fi","@id":"https:\/\/miil.dev.almic.ee\/#\/schema\/logo\/image\/","url":"https:\/\/www.miil.ee\/wp-content\/uploads\/2022\/02\/Miil-logo.svg","contentUrl":"https:\/\/www.miil.ee\/wp-content\/uploads\/2022\/02\/Miil-logo.svg","width":"1024","height":"1024","caption":"Miil O\u00dc"},"image":{"@id":"https:\/\/miil.dev.almic.ee\/#\/schema\/logo\/image\/"},"sameAs":["https:\/\/www.facebook.com\/konteinerveod\/","https:\/\/www.instagram.com\/ou_miil\/"]}]},"product_price_amount":"950.00","product_price_currency":"EUR","og_availability":"instock","product_availability":"instock","product_condition":"new"},"_links":{"self":[{"href":"https:\/\/miil.dev.almic.ee\/fi\/wp-json\/wp\/v2\/product\/88033","targetHints":{"allow":["GET"]}}],"collection":[{"href":"https:\/\/miil.dev.almic.ee\/fi\/wp-json\/wp\/v2\/product"}],"about":[{"href":"https:\/\/miil.dev.almic.ee\/fi\/wp-json\/wp\/v2\/types\/product"}],"replies":[{"embeddable":true,"href":"https:\/\/miil.dev.almic.ee\/fi\/wp-json\/wp\/v2\/comments?post=88033"}],"wp:featuredmedia":[{"embeddable":true,"href":"https:\/\/miil.dev.almic.ee\/fi\/wp-json\/wp\/v2\/media\/88038"}],"wp:attachment":[{"href":"https:\/\/miil.dev.almic.ee\/fi\/wp-json\/wp\/v2\/media?parent=88033"}],"wp:term":[{"taxonomy":"product_cat","embeddable":true,"href":"https:\/\/miil.dev.almic.ee\/fi\/wp-json\/wp\/v2\/product_cat?post=88033"},{"taxonomy":"product_tag","embeddable":true,"href":"https:\/\/miil.dev.almic.ee\/fi\/wp-json\/wp\/v2\/product_tag?post=88033"}],"curies":[{"name":"wp","href":"https:\/\/api.w.org\/{rel}","templated":true}]}}