{"id":87787,"date":"2025-02-17T09:17:29","date_gmt":"2025-02-17T07:17:29","guid":{"rendered":"https:\/\/www.miil.ee\/?post_type=product&#038;p=87787"},"modified":"2025-02-25T16:09:26","modified_gmt":"2025-02-25T14:09:26","slug":"eristetyn-toimistomokin-siivouspalvelu","status":"publish","type":"product","link":"https:\/\/miil.dev.almic.ee\/fi\/toode\/eristetyn-toimistomokin-siivouspalvelu\/","title":{"rendered":"Eristetyn toimistom\u00f6kin siivouspalvelu"},"content":{"rendered":"<h1>Eristetyn toimistom\u00f6kin siivouspalvelu<\/h1>\n<p>Tarjoamme ammattimaisia \u200b\u200bsiivouspalveluita eristettyihin toimistom\u00f6kkeihin ja varmistamme tahrattoman, organisoidun ja terveellisen ty\u00f6tilan. Tiimimme k\u00e4ytt\u00e4\u00e4 korkealaatuisia puhdistusaineita ja tehokkaita menetelmi\u00e4 puhtauden yll\u00e4pit\u00e4miseksi. N\u00e4in parannat tuottavuutta ja luot vieraanvaraisen ymp\u00e4rist\u00f6n ty\u00f6ntekij\u00f6ille ja asiakkaille.<\/p>\n<p>Olipa kyseess\u00e4 p\u00e4ivitt\u00e4inen huolto tai perusteellinen siivous, vastaamme erityistarpeisiisi tarjoamalla r\u00e4\u00e4t\u00e4l\u00f6ity\u00e4 palvelua, joka sopii saumattomasti toimistosi rutiiniin. Anna meid\u00e4n auttaa sinua yll\u00e4pit\u00e4m\u00e4\u00e4n puhdasta ja ammattimaista ilmapiiri\u00e4 luotettavilla ja perusteellisilla puhdistusratkaisuillamme.<\/p>\n<h2>Hinnat<\/h2>\n<p>Hinta on 29.- +alv per eristetty toimistokalustemoduuli.<br \/>\nMinimitilaus on kolme toimistohuoneistoa tai 87.- +km (Tallinnassa)<br \/>\nTallinnan ulkopuolella 0,7- +alv\/km.<\/p>\n<h2>Eristetyn toimistom\u00f6kin siivouspalvelu &#8211; Palvelu sis\u00e4lt\u00e4\u00e4<\/h2>\n<ul>\n<li>Vaakapintojen puhdistus p\u00f6lyst\u00e4<\/li>\n<li>Saniteettitilojen kostea puhdistus<\/li>\n<li>Lattioiden v\u00e4h\u00e4kosteuspuhdistus<\/li>\n<li>Huonekalujen siivous (tarvittaessa)<\/li>\n<\/ul>\n<h2>Palvelun tarjoamisen edellytykset:<\/h2>\n<p>Palvelun tilaaja toimittaa Toimeksisaajan edustajalle ja kaikille urakoitsijan paikan p\u00e4\u00e4ll\u00e4 oleville ty\u00f6ntekij\u00f6ille palvelun suorittamiseen tarvittavat avaimet tai kulkukortit. Tilaajan on lis\u00e4ksi toimitettava Urakoitsijalle tarvittavat asiakirjat ja tiedot tilaajan tiloissa voimassa olevista yleisist\u00e4 ty\u00f6- ja paloturvallisuusm\u00e4\u00e4r\u00e4yksist\u00e4.<\/p>\n<p><span>Seuraa meit\u00e4<\/span><span>\u00a0<\/span><a href=\"https:\/\/www.facebook.com\/konteinerveod\/\">Facebook<\/a><span>\u00a0<\/span><span>tai<\/span><span>\u00a0<\/span><a href=\"https:\/\/www.instagram.com\/ou_miil\/\">Instagram<\/a><\/p>\n","protected":false},"excerpt":{"rendered":"<p>Tarjoamme ammattitaitoisia siivouspalveluita tarpeidesi mukaan varmistaen siistin ja j\u00e4rjestetyn ty\u00f6tilan. Tiimimme k\u00e4ytt\u00e4\u00e4 korkealaatuisia tuotteita ja tehokkaita menetelmi\u00e4 puhtauden yll\u00e4pit\u00e4miseksi, mik\u00e4 luo viihtyis\u00e4n ymp\u00e4rist\u00f6n ty\u00f6ntekij\u00f6ille ja asiakkaille.<\/p>\n","protected":false},"featured_media":88469,"comment_status":"closed","ping_status":"closed","template":"","meta":{"_acf_changed":false},"product_cat":[335,343,407],"product_tag":[],"class_list":{"0":"post-87787","1":"product","2":"type-product","3":"status-publish","4":"has-post-thumbnail","6":"product_cat-lisavarusteet","7":"product_cat-eristekontit","8":"product_cat-uudet-toimistokontit","10":"first","11":"instock","12":"shipping-taxable","13":"purchasable","14":"product-type-simple"},"acf":[],"yoast_head":"<!-- This site is optimized with the Yoast SEO Premium plugin v23.9 (Yoast SEO v27.5) - https:\/\/yoast.com\/product\/yoast-seo-premium-wordpress\/ -->\n<title>Eristetyn toimistom\u00f6kin siivouspalvelu - Miil O\u00dc - Containex, ModulX<\/title>\n<meta name=\"description\" content=\"Eristetyn toimistom\u00f6kin siivouspalvelu | M\u00f6kin siivous | Toimistom\u00f6kin portaat | Siivouspalvelu | merikonttitarvikkeet | Kuljetuskonttitarvikkeet\" \/>\n<meta name=\"robots\" content=\"index, follow, max-snippet:-1, max-image-preview:large, max-video-preview:-1\" \/>\n<link rel=\"canonical\" href=\"https:\/\/miil.dev.almic.ee\/fi\/toode\/eristetyn-toimistomokin-siivouspalvelu\/\" \/>\n<meta property=\"og:locale\" content=\"fi_FI\" \/>\n<meta property=\"og:type\" content=\"article\" \/>\n<meta property=\"og:title\" content=\"Eristetyn toimistom\u00f6kin siivouspalvelu\" \/>\n<meta property=\"og:description\" content=\"Eristetyn toimistom\u00f6kin siivouspalvelu | M\u00f6kin siivous | Toimistom\u00f6kin portaat | Siivouspalvelu | merikonttitarvikkeet | Kuljetuskonttitarvikkeet\" \/>\n<meta property=\"og:url\" content=\"https:\/\/miil.dev.almic.ee\/fi\/toode\/eristetyn-toimistomokin-siivouspalvelu\/\" \/>\n<meta property=\"og:site_name\" content=\"Miil O\u00dc\" \/>\n<meta property=\"article:publisher\" content=\"https:\/\/www.facebook.com\/konteinerveod\/\" \/>\n<meta property=\"article:modified_time\" content=\"2025-02-25T14:09:26+00:00\" \/>\n<meta property=\"og:image\" content=\"https:\/\/miil.dev.almic.ee\/wp-content\/uploads\/2025\/02\/Soojakute-koristusteenus-scaled.jpg\" \/>\n\t<meta property=\"og:image:width\" content=\"1431\" \/>\n\t<meta property=\"og:image:height\" content=\"1900\" \/>\n\t<meta property=\"og:image:type\" content=\"image\/jpeg\" \/>\n<meta name=\"twitter:card\" content=\"summary_large_image\" \/>\n<meta name=\"twitter:label1\" content=\"Hinta\" \/>\n\t<meta name=\"twitter:data1\" content=\"87,00&nbsp;&euro;\" \/>\n\t<meta name=\"twitter:label2\" content=\"Saatavuus\" \/>\n\t<meta name=\"twitter:data2\" content=\"Varastossa\" \/>\n<script type=\"application\/ld+json\" class=\"yoast-schema-graph\">{\"@context\":\"https:\\\/\\\/schema.org\",\"@graph\":[{\"@type\":\"WebPage\",\"@id\":\"https:\\\/\\\/miil.dev.almic.ee\\\/fi\\\/toode\\\/eristetyn-toimistomokin-siivouspalvelu\\\/\",\"url\":\"https:\\\/\\\/miil.dev.almic.ee\\\/fi\\\/toode\\\/eristetyn-toimistomokin-siivouspalvelu\\\/\",\"name\":\"Eristetyn toimistom\u00f6kin siivouspalvelu - Miil O\u00dc - Containex, ModulX\",\"isPartOf\":{\"@id\":\"https:\\\/\\\/miil.dev.almic.ee\\\/#website\"},\"primaryImageOfPage\":{\"@id\":\"https:\\\/\\\/miil.dev.almic.ee\\\/fi\\\/toode\\\/eristetyn-toimistomokin-siivouspalvelu\\\/#primaryimage\"},\"image\":{\"@id\":\"https:\\\/\\\/miil.dev.almic.ee\\\/fi\\\/toode\\\/eristetyn-toimistomokin-siivouspalvelu\\\/#primaryimage\"},\"thumbnailUrl\":\"https:\\\/\\\/miil.dev.almic.ee\\\/wp-content\\\/uploads\\\/2025\\\/02\\\/Soojakute-koristusteenus-scaled.jpg\",\"datePublished\":\"2025-02-17T07:17:29+00:00\",\"dateModified\":\"2025-02-25T14:09:26+00:00\",\"description\":\"Eristetyn toimistom\u00f6kin siivouspalvelu | M\u00f6kin siivous | Toimistom\u00f6kin portaat | Siivouspalvelu | merikonttitarvikkeet | Kuljetuskonttitarvikkeet\",\"breadcrumb\":{\"@id\":\"https:\\\/\\\/miil.dev.almic.ee\\\/fi\\\/toode\\\/eristetyn-toimistomokin-siivouspalvelu\\\/#breadcrumb\"},\"inLanguage\":\"fi\",\"potentialAction\":[{\"@type\":\"ReadAction\",\"target\":[\"https:\\\/\\\/miil.dev.almic.ee\\\/fi\\\/toode\\\/eristetyn-toimistomokin-siivouspalvelu\\\/\"]}]},{\"@type\":\"ImageObject\",\"inLanguage\":\"fi\",\"@id\":\"https:\\\/\\\/miil.dev.almic.ee\\\/fi\\\/toode\\\/eristetyn-toimistomokin-siivouspalvelu\\\/#primaryimage\",\"url\":\"https:\\\/\\\/miil.dev.almic.ee\\\/wp-content\\\/uploads\\\/2025\\\/02\\\/Soojakute-koristusteenus-scaled.jpg\",\"contentUrl\":\"https:\\\/\\\/miil.dev.almic.ee\\\/wp-content\\\/uploads\\\/2025\\\/02\\\/Soojakute-koristusteenus-scaled.jpg\",\"width\":1431,\"height\":1900},{\"@type\":\"BreadcrumbList\",\"@id\":\"https:\\\/\\\/miil.dev.almic.ee\\\/fi\\\/toode\\\/eristetyn-toimistomokin-siivouspalvelu\\\/#breadcrumb\",\"itemListElement\":[{\"@type\":\"ListItem\",\"position\":1,\"name\":\"Home\",\"item\":\"https:\\\/\\\/miil.dev.almic.ee\\\/fi\\\/\"},{\"@type\":\"ListItem\",\"position\":2,\"name\":\"Kauppa\",\"item\":\"https:\\\/\\\/miil.dev.almic.ee\\\/fi\\\/kauppa\\\/\"},{\"@type\":\"ListItem\",\"position\":3,\"name\":\"Eristetyn toimistom\u00f6kin siivouspalvelu\"}]},{\"@type\":\"WebSite\",\"@id\":\"https:\\\/\\\/miil.dev.almic.ee\\\/#website\",\"url\":\"https:\\\/\\\/miil.dev.almic.ee\\\/\",\"name\":\"Miil O\u00dc\",\"description\":\"Konteinerveod\",\"publisher\":{\"@id\":\"https:\\\/\\\/miil.dev.almic.ee\\\/#organization\"},\"potentialAction\":[{\"@type\":\"SearchAction\",\"target\":{\"@type\":\"EntryPoint\",\"urlTemplate\":\"https:\\\/\\\/miil.dev.almic.ee\\\/?s={search_term_string}\"},\"query-input\":{\"@type\":\"PropertyValueSpecification\",\"valueRequired\":true,\"valueName\":\"search_term_string\"}}],\"inLanguage\":\"fi\"},{\"@type\":\"Organization\",\"@id\":\"https:\\\/\\\/miil.dev.almic.ee\\\/#organization\",\"name\":\"Miil O\u00dc\",\"url\":\"https:\\\/\\\/miil.dev.almic.ee\\\/\",\"logo\":{\"@type\":\"ImageObject\",\"inLanguage\":\"fi\",\"@id\":\"https:\\\/\\\/miil.dev.almic.ee\\\/#\\\/schema\\\/logo\\\/image\\\/\",\"url\":\"https:\\\/\\\/www.miil.ee\\\/wp-content\\\/uploads\\\/2022\\\/02\\\/Miil-logo.svg\",\"contentUrl\":\"https:\\\/\\\/www.miil.ee\\\/wp-content\\\/uploads\\\/2022\\\/02\\\/Miil-logo.svg\",\"width\":\"1024\",\"height\":\"1024\",\"caption\":\"Miil O\u00dc\"},\"image\":{\"@id\":\"https:\\\/\\\/miil.dev.almic.ee\\\/#\\\/schema\\\/logo\\\/image\\\/\"},\"sameAs\":[\"https:\\\/\\\/www.facebook.com\\\/konteinerveod\\\/\",\"https:\\\/\\\/www.instagram.com\\\/ou_miil\\\/\"]}]}<\/script>\n<meta property=\"product:price:amount\" content=\"87.00\" \/>\n<meta property=\"product:price:currency\" content=\"EUR\" \/>\n<meta property=\"og:availability\" content=\"instock\" \/>\n<meta property=\"product:availability\" content=\"instock\" \/>\n<meta property=\"product:retailer_item_id\" content=\"Koristusteenus\" \/>\n<meta property=\"product:condition\" content=\"new\" \/>\n<!-- \/ Yoast SEO Premium plugin. -->","yoast_head_json":{"title":"Eristetyn toimistom\u00f6kin siivouspalvelu - Miil O\u00dc - Containex, ModulX","description":"Eristetyn toimistom\u00f6kin siivouspalvelu | M\u00f6kin siivous | Toimistom\u00f6kin portaat | Siivouspalvelu | merikonttitarvikkeet | Kuljetuskonttitarvikkeet","robots":{"index":"index","follow":"follow","max-snippet":"max-snippet:-1","max-image-preview":"max-image-preview:large","max-video-preview":"max-video-preview:-1"},"canonical":"https:\/\/miil.dev.almic.ee\/fi\/toode\/eristetyn-toimistomokin-siivouspalvelu\/","og_locale":"fi_FI","og_type":"article","og_title":"Eristetyn toimistom\u00f6kin siivouspalvelu","og_description":"Eristetyn toimistom\u00f6kin siivouspalvelu | M\u00f6kin siivous | Toimistom\u00f6kin portaat | Siivouspalvelu | merikonttitarvikkeet | Kuljetuskonttitarvikkeet","og_url":"https:\/\/miil.dev.almic.ee\/fi\/toode\/eristetyn-toimistomokin-siivouspalvelu\/","og_site_name":"Miil O\u00dc","article_publisher":"https:\/\/www.facebook.com\/konteinerveod\/","article_modified_time":"2025-02-25T14:09:26+00:00","og_image":[{"width":1431,"height":1900,"url":"https:\/\/miil.dev.almic.ee\/wp-content\/uploads\/2025\/02\/Soojakute-koristusteenus-scaled.jpg","type":"image\/jpeg"}],"twitter_card":"summary_large_image","twitter_misc":{"Hinta":"87,00&nbsp;&euro;","Saatavuus":"Varastossa"},"schema":{"@context":"https:\/\/schema.org","@graph":[{"@type":"WebPage","@id":"https:\/\/miil.dev.almic.ee\/fi\/toode\/eristetyn-toimistomokin-siivouspalvelu\/","url":"https:\/\/miil.dev.almic.ee\/fi\/toode\/eristetyn-toimistomokin-siivouspalvelu\/","name":"Eristetyn toimistom\u00f6kin siivouspalvelu - Miil O\u00dc - Containex, ModulX","isPartOf":{"@id":"https:\/\/miil.dev.almic.ee\/#website"},"primaryImageOfPage":{"@id":"https:\/\/miil.dev.almic.ee\/fi\/toode\/eristetyn-toimistomokin-siivouspalvelu\/#primaryimage"},"image":{"@id":"https:\/\/miil.dev.almic.ee\/fi\/toode\/eristetyn-toimistomokin-siivouspalvelu\/#primaryimage"},"thumbnailUrl":"https:\/\/miil.dev.almic.ee\/wp-content\/uploads\/2025\/02\/Soojakute-koristusteenus-scaled.jpg","datePublished":"2025-02-17T07:17:29+00:00","dateModified":"2025-02-25T14:09:26+00:00","description":"Eristetyn toimistom\u00f6kin siivouspalvelu | M\u00f6kin siivous | Toimistom\u00f6kin portaat | Siivouspalvelu | merikonttitarvikkeet | Kuljetuskonttitarvikkeet","breadcrumb":{"@id":"https:\/\/miil.dev.almic.ee\/fi\/toode\/eristetyn-toimistomokin-siivouspalvelu\/#breadcrumb"},"inLanguage":"fi","potentialAction":[{"@type":"ReadAction","target":["https:\/\/miil.dev.almic.ee\/fi\/toode\/eristetyn-toimistomokin-siivouspalvelu\/"]}]},{"@type":"ImageObject","inLanguage":"fi","@id":"https:\/\/miil.dev.almic.ee\/fi\/toode\/eristetyn-toimistomokin-siivouspalvelu\/#primaryimage","url":"https:\/\/miil.dev.almic.ee\/wp-content\/uploads\/2025\/02\/Soojakute-koristusteenus-scaled.jpg","contentUrl":"https:\/\/miil.dev.almic.ee\/wp-content\/uploads\/2025\/02\/Soojakute-koristusteenus-scaled.jpg","width":1431,"height":1900},{"@type":"BreadcrumbList","@id":"https:\/\/miil.dev.almic.ee\/fi\/toode\/eristetyn-toimistomokin-siivouspalvelu\/#breadcrumb","itemListElement":[{"@type":"ListItem","position":1,"name":"Home","item":"https:\/\/miil.dev.almic.ee\/fi\/"},{"@type":"ListItem","position":2,"name":"Kauppa","item":"https:\/\/miil.dev.almic.ee\/fi\/kauppa\/"},{"@type":"ListItem","position":3,"name":"Eristetyn toimistom\u00f6kin siivouspalvelu"}]},{"@type":"WebSite","@id":"https:\/\/miil.dev.almic.ee\/#website","url":"https:\/\/miil.dev.almic.ee\/","name":"Miil O\u00dc","description":"Konteinerveod","publisher":{"@id":"https:\/\/miil.dev.almic.ee\/#organization"},"potentialAction":[{"@type":"SearchAction","target":{"@type":"EntryPoint","urlTemplate":"https:\/\/miil.dev.almic.ee\/?s={search_term_string}"},"query-input":{"@type":"PropertyValueSpecification","valueRequired":true,"valueName":"search_term_string"}}],"inLanguage":"fi"},{"@type":"Organization","@id":"https:\/\/miil.dev.almic.ee\/#organization","name":"Miil O\u00dc","url":"https:\/\/miil.dev.almic.ee\/","logo":{"@type":"ImageObject","inLanguage":"fi","@id":"https:\/\/miil.dev.almic.ee\/#\/schema\/logo\/image\/","url":"https:\/\/www.miil.ee\/wp-content\/uploads\/2022\/02\/Miil-logo.svg","contentUrl":"https:\/\/www.miil.ee\/wp-content\/uploads\/2022\/02\/Miil-logo.svg","width":"1024","height":"1024","caption":"Miil O\u00dc"},"image":{"@id":"https:\/\/miil.dev.almic.ee\/#\/schema\/logo\/image\/"},"sameAs":["https:\/\/www.facebook.com\/konteinerveod\/","https:\/\/www.instagram.com\/ou_miil\/"]}]},"product_price_amount":"87.00","product_price_currency":"EUR","og_availability":"instock","product_availability":"instock","product_retailer_item_id":"Koristusteenus","product_condition":"new"},"_links":{"self":[{"href":"https:\/\/miil.dev.almic.ee\/fi\/wp-json\/wp\/v2\/product\/87787","targetHints":{"allow":["GET"]}}],"collection":[{"href":"https:\/\/miil.dev.almic.ee\/fi\/wp-json\/wp\/v2\/product"}],"about":[{"href":"https:\/\/miil.dev.almic.ee\/fi\/wp-json\/wp\/v2\/types\/product"}],"replies":[{"embeddable":true,"href":"https:\/\/miil.dev.almic.ee\/fi\/wp-json\/wp\/v2\/comments?post=87787"}],"wp:featuredmedia":[{"embeddable":true,"href":"https:\/\/miil.dev.almic.ee\/fi\/wp-json\/wp\/v2\/media\/88469"}],"wp:attachment":[{"href":"https:\/\/miil.dev.almic.ee\/fi\/wp-json\/wp\/v2\/media?parent=87787"}],"wp:term":[{"taxonomy":"product_cat","embeddable":true,"href":"https:\/\/miil.dev.almic.ee\/fi\/wp-json\/wp\/v2\/product_cat?post=87787"},{"taxonomy":"product_tag","embeddable":true,"href":"https:\/\/miil.dev.almic.ee\/fi\/wp-json\/wp\/v2\/product_tag?post=87787"}],"curies":[{"name":"wp","href":"https:\/\/api.w.org\/{rel}","templated":true}]}}