{"id":85924,"date":"2025-01-28T13:08:43","date_gmt":"2025-01-28T11:08:43","guid":{"rendered":"https:\/\/www.miil.ee\/?post_type=product&#038;p=85924"},"modified":"2025-01-28T13:44:15","modified_gmt":"2025-01-28T11:44:15","slug":"taitettava-tyopoyta-tyokaluseinalla","status":"publish","type":"product","link":"https:\/\/miil.dev.almic.ee\/fi\/toode\/taitettava-tyopoyta-tyokaluseinalla\/","title":{"rendered":"Taitettava ty\u00f6p\u00f6yt\u00e4 ty\u00f6kalusein\u00e4ll\u00e4"},"content":{"rendered":"<p>Taitettava ty\u00f6p\u00f6yt\u00e4 ty\u00f6kalusein\u00e4ll\u00e4\u00a0&#8211; Ty\u00f6p\u00f6yt\u00e4 vahvasta neli\u00f6m\u00e4isest\u00e4 profiilista. P\u00e4\u00e4llystetty lakatulla vanerilla, paksuus 25 mm. Ty\u00f6p\u00f6yt\u00e4 on varustettu my\u00f6s rei&#8217;itetyll\u00e4 sein\u00e4ll\u00e4, johon voidaan ripustaa erilaisia \u200b\u200bty\u00f6kaluja ja tarvikkeita (10&#215;10 mm rei&#8217;itetty).<\/p>\n<p>Ty\u00f6p\u00f6yt\u00e4 on taitettava, mik\u00e4 on k\u00e4yt\u00e4nn\u00f6llinen ominaisuus kapeissa astioissa. Taitettuna paksuus on vain 120 mm! Ty\u00f6p\u00f6yt\u00e4 on maalattu erityisell\u00e4 rakennemaalilla, joka on kemikaaleja ja \u00f6ljy\u00e4 kest\u00e4v\u00e4.<\/p>\n<p>Ty\u00f6p\u00f6yd\u00e4n leveys 1200 mm, syvyys 640 mm, vanerin korkeus lattiasta 800 mm. Ty\u00f6p\u00f6yd\u00e4n kokonaiskorkeus rei&#8217;itetyll\u00e4 sein\u00e4ll\u00e4 1440 mm. P\u00f6yd\u00e4n kantavuus 150 kg. P\u00f6yd\u00e4n paino 30 kg.<\/p>\n<p>Taitettava ty\u00f6p\u00f6yt\u00e4 ty\u00f6kalusein\u00e4ll\u00e4 erittely:<\/p>\n<ul>\n<li>1200x640mm,<\/li>\n<li>H = 1440 mm,<\/li>\n<li>KANNATTAVUUS 150kg<\/li>\n<\/ul>\n<p><strong>Osta nyt, maksa my\u00f6hemmin<\/strong> -vaihtoehto saatavilla:<br \/>\nYksityisasiakkaille kumppanimme <a href=\"https:\/\/inbank.ee\/laen\/vaikelaen\">Inbank.ee<\/a> kautta viitekoodilla &#8221;KONTEINER&#8221;.<br \/>\nYritysasiakkaille yhteisty\u00f6kumppanimme <span><a href=\"https:\/\/tenor.my.canva.site\/tenor-miil\">Tenor.ee<\/a><\/span> kautta.<\/p>\n<p>&nbsp;<\/p>\n<p>MIIL.ee &#8211; Luotettava kumppanisi kalusteille, merikonteille ja tarvikkeille. Tutustu laajaan tuotevalikoimaamme ja l\u00f6yd\u00e4 parhaat ratkaisut tarpeisiisi. Tiimimme on aina valmis auttamaan sinua ja tarjoamaan ammattitaitoista apua ja neuvoja ostoksesi suhteen.<\/p>\n<p>Katso muut saatavilla olevat lis\u00e4varusteet <a href=\"https:\/\/www.miil.ee\/fi\/merekonteinerid\/lisavarusteet\/\">t\u00e4\u00e4lt\u00e4!<\/a><\/p>\n<p>Seuraa meit\u00e4\u00a0<a href=\"https:\/\/www.facebook.com\/konteinerveod\/\">Facebook<\/a>\u00a0tai\u00a0<a href=\"https:\/\/www.instagram.com\/ou_miil\/\">Instagram<\/a><\/p>\n","protected":false},"excerpt":{"rendered":"<p>Taitettava ty\u00f6p\u00f6yt\u00e4 s\u00e4ili\u00f6ss\u00e4 on k\u00e4tev\u00e4 ja kompakti ratkaisu ty\u00f6skentelyyn ahtaissa tiloissa. Esitaittolevy helpottaa tarvittavien ty\u00f6kalujen s\u00e4ilytt\u00e4mist\u00e4. V\u00e4lineet ovat aina k\u00e4den ulottuvilla ja valmiina k\u00e4ytt\u00f6\u00f6n heti, kun tarvetta ilmenee.<\/p>\n","protected":false},"featured_media":85939,"comment_status":"closed","ping_status":"closed","template":"","meta":{"_acf_changed":false},"product_cat":[335],"product_tag":[],"class_list":{"0":"post-85924","1":"product","2":"type-product","3":"status-publish","4":"has-post-thumbnail","6":"product_cat-lisavarusteet","8":"first","9":"instock","10":"shipping-taxable","11":"purchasable","12":"product-type-simple"},"acf":[],"yoast_head":"<!-- This site is optimized with the Yoast SEO Premium plugin v23.9 (Yoast SEO v27.5) - https:\/\/yoast.com\/product\/yoast-seo-premium-wordpress\/ -->\n<title>Taitettava ty\u00f6p\u00f6yt\u00e4 ty\u00f6kalusein\u00e4ll\u00e4 - Miil O\u00dc<\/title>\n<meta name=\"description\" content=\"Taitettava ty\u00f6p\u00f6yt\u00e4 ty\u00f6kalusein\u00e4ll\u00e4 | Konttihuonekalut | varastointiratkaisut | Konttien vuokraus ja kuljetus | kuljetuskontin myynti |\" \/>\n<meta name=\"robots\" content=\"index, follow, max-snippet:-1, max-image-preview:large, max-video-preview:-1\" \/>\n<link rel=\"canonical\" href=\"https:\/\/miil.dev.almic.ee\/fi\/toode\/taitettava-tyopoyta-tyokaluseinalla\/\" \/>\n<meta property=\"og:locale\" content=\"fi_FI\" \/>\n<meta property=\"og:type\" content=\"article\" \/>\n<meta property=\"og:title\" content=\"Taitettava ty\u00f6p\u00f6yt\u00e4 ty\u00f6kalusein\u00e4ll\u00e4\" \/>\n<meta property=\"og:description\" content=\"Taitettava ty\u00f6p\u00f6yt\u00e4 ty\u00f6kalusein\u00e4ll\u00e4 | Konttihuonekalut | varastointiratkaisut | Konttien vuokraus ja kuljetus | kuljetuskontin myynti |\" \/>\n<meta property=\"og:url\" content=\"https:\/\/miil.dev.almic.ee\/fi\/toode\/taitettava-tyopoyta-tyokaluseinalla\/\" \/>\n<meta property=\"og:site_name\" content=\"Miil O\u00dc\" \/>\n<meta property=\"article:publisher\" content=\"https:\/\/www.facebook.com\/konteinerveod\/\" \/>\n<meta property=\"article:modified_time\" content=\"2025-01-28T11:44:15+00:00\" \/>\n<meta property=\"og:image\" content=\"https:\/\/miil.dev.almic.ee\/wp-content\/uploads\/2025\/01\/Kokkuklapitav-toolaud-konteinerisse-3.jpg\" \/>\n\t<meta property=\"og:image:width\" content=\"1000\" \/>\n\t<meta property=\"og:image:height\" content=\"1000\" \/>\n\t<meta property=\"og:image:type\" content=\"image\/jpeg\" \/>\n<meta name=\"twitter:card\" content=\"summary_large_image\" \/>\n<meta name=\"twitter:label1\" content=\"Hinta\" \/>\n\t<meta name=\"twitter:data1\" content=\"245,00&nbsp;&euro;\" \/>\n\t<meta name=\"twitter:label2\" content=\"Saatavuus\" \/>\n\t<meta name=\"twitter:data2\" content=\"Varastossa\" \/>\n<script type=\"application\/ld+json\" class=\"yoast-schema-graph\">{\"@context\":\"https:\\\/\\\/schema.org\",\"@graph\":[{\"@type\":\"WebPage\",\"@id\":\"https:\\\/\\\/miil.dev.almic.ee\\\/fi\\\/toode\\\/taitettava-tyopoyta-tyokaluseinalla\\\/\",\"url\":\"https:\\\/\\\/miil.dev.almic.ee\\\/fi\\\/toode\\\/taitettava-tyopoyta-tyokaluseinalla\\\/\",\"name\":\"Taitettava ty\u00f6p\u00f6yt\u00e4 ty\u00f6kalusein\u00e4ll\u00e4 - Miil O\u00dc\",\"isPartOf\":{\"@id\":\"https:\\\/\\\/miil.dev.almic.ee\\\/#website\"},\"primaryImageOfPage\":{\"@id\":\"https:\\\/\\\/miil.dev.almic.ee\\\/fi\\\/toode\\\/taitettava-tyopoyta-tyokaluseinalla\\\/#primaryimage\"},\"image\":{\"@id\":\"https:\\\/\\\/miil.dev.almic.ee\\\/fi\\\/toode\\\/taitettava-tyopoyta-tyokaluseinalla\\\/#primaryimage\"},\"thumbnailUrl\":\"https:\\\/\\\/miil.dev.almic.ee\\\/wp-content\\\/uploads\\\/2025\\\/01\\\/Kokkuklapitav-toolaud-konteinerisse-3.jpg\",\"datePublished\":\"2025-01-28T11:08:43+00:00\",\"dateModified\":\"2025-01-28T11:44:15+00:00\",\"description\":\"Taitettava ty\u00f6p\u00f6yt\u00e4 ty\u00f6kalusein\u00e4ll\u00e4 | Konttihuonekalut | varastointiratkaisut | Konttien vuokraus ja kuljetus | kuljetuskontin myynti |\",\"breadcrumb\":{\"@id\":\"https:\\\/\\\/miil.dev.almic.ee\\\/fi\\\/toode\\\/taitettava-tyopoyta-tyokaluseinalla\\\/#breadcrumb\"},\"inLanguage\":\"fi\",\"potentialAction\":[{\"@type\":\"ReadAction\",\"target\":[\"https:\\\/\\\/miil.dev.almic.ee\\\/fi\\\/toode\\\/taitettava-tyopoyta-tyokaluseinalla\\\/\"]}]},{\"@type\":\"ImageObject\",\"inLanguage\":\"fi\",\"@id\":\"https:\\\/\\\/miil.dev.almic.ee\\\/fi\\\/toode\\\/taitettava-tyopoyta-tyokaluseinalla\\\/#primaryimage\",\"url\":\"https:\\\/\\\/miil.dev.almic.ee\\\/wp-content\\\/uploads\\\/2025\\\/01\\\/Kokkuklapitav-toolaud-konteinerisse-3.jpg\",\"contentUrl\":\"https:\\\/\\\/miil.dev.almic.ee\\\/wp-content\\\/uploads\\\/2025\\\/01\\\/Kokkuklapitav-toolaud-konteinerisse-3.jpg\",\"width\":1000,\"height\":1000},{\"@type\":\"BreadcrumbList\",\"@id\":\"https:\\\/\\\/miil.dev.almic.ee\\\/fi\\\/toode\\\/taitettava-tyopoyta-tyokaluseinalla\\\/#breadcrumb\",\"itemListElement\":[{\"@type\":\"ListItem\",\"position\":1,\"name\":\"Home\",\"item\":\"https:\\\/\\\/miil.dev.almic.ee\\\/fi\\\/\"},{\"@type\":\"ListItem\",\"position\":2,\"name\":\"Kauppa\",\"item\":\"https:\\\/\\\/miil.dev.almic.ee\\\/fi\\\/kauppa\\\/\"},{\"@type\":\"ListItem\",\"position\":3,\"name\":\"Taitettava ty\u00f6p\u00f6yt\u00e4 ty\u00f6kalusein\u00e4ll\u00e4\"}]},{\"@type\":\"WebSite\",\"@id\":\"https:\\\/\\\/miil.dev.almic.ee\\\/#website\",\"url\":\"https:\\\/\\\/miil.dev.almic.ee\\\/\",\"name\":\"Miil O\u00dc\",\"description\":\"Konteinerveod\",\"publisher\":{\"@id\":\"https:\\\/\\\/miil.dev.almic.ee\\\/#organization\"},\"potentialAction\":[{\"@type\":\"SearchAction\",\"target\":{\"@type\":\"EntryPoint\",\"urlTemplate\":\"https:\\\/\\\/miil.dev.almic.ee\\\/?s={search_term_string}\"},\"query-input\":{\"@type\":\"PropertyValueSpecification\",\"valueRequired\":true,\"valueName\":\"search_term_string\"}}],\"inLanguage\":\"fi\"},{\"@type\":\"Organization\",\"@id\":\"https:\\\/\\\/miil.dev.almic.ee\\\/#organization\",\"name\":\"Miil O\u00dc\",\"url\":\"https:\\\/\\\/miil.dev.almic.ee\\\/\",\"logo\":{\"@type\":\"ImageObject\",\"inLanguage\":\"fi\",\"@id\":\"https:\\\/\\\/miil.dev.almic.ee\\\/#\\\/schema\\\/logo\\\/image\\\/\",\"url\":\"https:\\\/\\\/www.miil.ee\\\/wp-content\\\/uploads\\\/2022\\\/02\\\/Miil-logo.svg\",\"contentUrl\":\"https:\\\/\\\/www.miil.ee\\\/wp-content\\\/uploads\\\/2022\\\/02\\\/Miil-logo.svg\",\"width\":\"1024\",\"height\":\"1024\",\"caption\":\"Miil O\u00dc\"},\"image\":{\"@id\":\"https:\\\/\\\/miil.dev.almic.ee\\\/#\\\/schema\\\/logo\\\/image\\\/\"},\"sameAs\":[\"https:\\\/\\\/www.facebook.com\\\/konteinerveod\\\/\",\"https:\\\/\\\/www.instagram.com\\\/ou_miil\\\/\"]}]}<\/script>\n<meta property=\"product:price:amount\" content=\"245.00\" \/>\n<meta property=\"product:price:currency\" content=\"EUR\" \/>\n<meta property=\"og:availability\" content=\"instock\" \/>\n<meta property=\"product:availability\" content=\"instock\" \/>\n<meta property=\"product:condition\" content=\"new\" \/>\n<!-- \/ Yoast SEO Premium plugin. -->","yoast_head_json":{"title":"Taitettava ty\u00f6p\u00f6yt\u00e4 ty\u00f6kalusein\u00e4ll\u00e4 - Miil O\u00dc","description":"Taitettava ty\u00f6p\u00f6yt\u00e4 ty\u00f6kalusein\u00e4ll\u00e4 | Konttihuonekalut | varastointiratkaisut | Konttien vuokraus ja kuljetus | kuljetuskontin myynti |","robots":{"index":"index","follow":"follow","max-snippet":"max-snippet:-1","max-image-preview":"max-image-preview:large","max-video-preview":"max-video-preview:-1"},"canonical":"https:\/\/miil.dev.almic.ee\/fi\/toode\/taitettava-tyopoyta-tyokaluseinalla\/","og_locale":"fi_FI","og_type":"article","og_title":"Taitettava ty\u00f6p\u00f6yt\u00e4 ty\u00f6kalusein\u00e4ll\u00e4","og_description":"Taitettava ty\u00f6p\u00f6yt\u00e4 ty\u00f6kalusein\u00e4ll\u00e4 | Konttihuonekalut | varastointiratkaisut | Konttien vuokraus ja kuljetus | kuljetuskontin myynti |","og_url":"https:\/\/miil.dev.almic.ee\/fi\/toode\/taitettava-tyopoyta-tyokaluseinalla\/","og_site_name":"Miil O\u00dc","article_publisher":"https:\/\/www.facebook.com\/konteinerveod\/","article_modified_time":"2025-01-28T11:44:15+00:00","og_image":[{"width":1000,"height":1000,"url":"https:\/\/miil.dev.almic.ee\/wp-content\/uploads\/2025\/01\/Kokkuklapitav-toolaud-konteinerisse-3.jpg","type":"image\/jpeg"}],"twitter_card":"summary_large_image","twitter_misc":{"Hinta":"245,00&nbsp;&euro;","Saatavuus":"Varastossa"},"schema":{"@context":"https:\/\/schema.org","@graph":[{"@type":"WebPage","@id":"https:\/\/miil.dev.almic.ee\/fi\/toode\/taitettava-tyopoyta-tyokaluseinalla\/","url":"https:\/\/miil.dev.almic.ee\/fi\/toode\/taitettava-tyopoyta-tyokaluseinalla\/","name":"Taitettava ty\u00f6p\u00f6yt\u00e4 ty\u00f6kalusein\u00e4ll\u00e4 - Miil O\u00dc","isPartOf":{"@id":"https:\/\/miil.dev.almic.ee\/#website"},"primaryImageOfPage":{"@id":"https:\/\/miil.dev.almic.ee\/fi\/toode\/taitettava-tyopoyta-tyokaluseinalla\/#primaryimage"},"image":{"@id":"https:\/\/miil.dev.almic.ee\/fi\/toode\/taitettava-tyopoyta-tyokaluseinalla\/#primaryimage"},"thumbnailUrl":"https:\/\/miil.dev.almic.ee\/wp-content\/uploads\/2025\/01\/Kokkuklapitav-toolaud-konteinerisse-3.jpg","datePublished":"2025-01-28T11:08:43+00:00","dateModified":"2025-01-28T11:44:15+00:00","description":"Taitettava ty\u00f6p\u00f6yt\u00e4 ty\u00f6kalusein\u00e4ll\u00e4 | Konttihuonekalut | varastointiratkaisut | Konttien vuokraus ja kuljetus | kuljetuskontin myynti |","breadcrumb":{"@id":"https:\/\/miil.dev.almic.ee\/fi\/toode\/taitettava-tyopoyta-tyokaluseinalla\/#breadcrumb"},"inLanguage":"fi","potentialAction":[{"@type":"ReadAction","target":["https:\/\/miil.dev.almic.ee\/fi\/toode\/taitettava-tyopoyta-tyokaluseinalla\/"]}]},{"@type":"ImageObject","inLanguage":"fi","@id":"https:\/\/miil.dev.almic.ee\/fi\/toode\/taitettava-tyopoyta-tyokaluseinalla\/#primaryimage","url":"https:\/\/miil.dev.almic.ee\/wp-content\/uploads\/2025\/01\/Kokkuklapitav-toolaud-konteinerisse-3.jpg","contentUrl":"https:\/\/miil.dev.almic.ee\/wp-content\/uploads\/2025\/01\/Kokkuklapitav-toolaud-konteinerisse-3.jpg","width":1000,"height":1000},{"@type":"BreadcrumbList","@id":"https:\/\/miil.dev.almic.ee\/fi\/toode\/taitettava-tyopoyta-tyokaluseinalla\/#breadcrumb","itemListElement":[{"@type":"ListItem","position":1,"name":"Home","item":"https:\/\/miil.dev.almic.ee\/fi\/"},{"@type":"ListItem","position":2,"name":"Kauppa","item":"https:\/\/miil.dev.almic.ee\/fi\/kauppa\/"},{"@type":"ListItem","position":3,"name":"Taitettava ty\u00f6p\u00f6yt\u00e4 ty\u00f6kalusein\u00e4ll\u00e4"}]},{"@type":"WebSite","@id":"https:\/\/miil.dev.almic.ee\/#website","url":"https:\/\/miil.dev.almic.ee\/","name":"Miil O\u00dc","description":"Konteinerveod","publisher":{"@id":"https:\/\/miil.dev.almic.ee\/#organization"},"potentialAction":[{"@type":"SearchAction","target":{"@type":"EntryPoint","urlTemplate":"https:\/\/miil.dev.almic.ee\/?s={search_term_string}"},"query-input":{"@type":"PropertyValueSpecification","valueRequired":true,"valueName":"search_term_string"}}],"inLanguage":"fi"},{"@type":"Organization","@id":"https:\/\/miil.dev.almic.ee\/#organization","name":"Miil O\u00dc","url":"https:\/\/miil.dev.almic.ee\/","logo":{"@type":"ImageObject","inLanguage":"fi","@id":"https:\/\/miil.dev.almic.ee\/#\/schema\/logo\/image\/","url":"https:\/\/www.miil.ee\/wp-content\/uploads\/2022\/02\/Miil-logo.svg","contentUrl":"https:\/\/www.miil.ee\/wp-content\/uploads\/2022\/02\/Miil-logo.svg","width":"1024","height":"1024","caption":"Miil O\u00dc"},"image":{"@id":"https:\/\/miil.dev.almic.ee\/#\/schema\/logo\/image\/"},"sameAs":["https:\/\/www.facebook.com\/konteinerveod\/","https:\/\/www.instagram.com\/ou_miil\/"]}]},"product_price_amount":"245.00","product_price_currency":"EUR","og_availability":"instock","product_availability":"instock","product_condition":"new"},"_links":{"self":[{"href":"https:\/\/miil.dev.almic.ee\/fi\/wp-json\/wp\/v2\/product\/85924","targetHints":{"allow":["GET"]}}],"collection":[{"href":"https:\/\/miil.dev.almic.ee\/fi\/wp-json\/wp\/v2\/product"}],"about":[{"href":"https:\/\/miil.dev.almic.ee\/fi\/wp-json\/wp\/v2\/types\/product"}],"replies":[{"embeddable":true,"href":"https:\/\/miil.dev.almic.ee\/fi\/wp-json\/wp\/v2\/comments?post=85924"}],"wp:featuredmedia":[{"embeddable":true,"href":"https:\/\/miil.dev.almic.ee\/fi\/wp-json\/wp\/v2\/media\/85939"}],"wp:attachment":[{"href":"https:\/\/miil.dev.almic.ee\/fi\/wp-json\/wp\/v2\/media?parent=85924"}],"wp:term":[{"taxonomy":"product_cat","embeddable":true,"href":"https:\/\/miil.dev.almic.ee\/fi\/wp-json\/wp\/v2\/product_cat?post=85924"},{"taxonomy":"product_tag","embeddable":true,"href":"https:\/\/miil.dev.almic.ee\/fi\/wp-json\/wp\/v2\/product_tag?post=85924"}],"curies":[{"name":"wp","href":"https:\/\/api.w.org\/{rel}","templated":true}]}}