{"id":85888,"date":"2025-01-28T10:53:05","date_gmt":"2025-01-28T08:53:05","guid":{"rendered":"https:\/\/www.miil.ee\/?post_type=product&#038;p=85888"},"modified":"2025-01-28T15:00:23","modified_gmt":"2025-01-28T13:00:23","slug":"toimistomokki-panoraamaikkunoilla","status":"publish","type":"product","link":"https:\/\/miil.dev.almic.ee\/fi\/toode\/toimistomokki-panoraamaikkunoilla\/","title":{"rendered":"Containex Standard panoraamaikkunoilla MIIU2335681"},"content":{"rendered":"<h1>Containex Standard panoraamaikkunoilla MIIU2335681<\/h1>\n<p>Toimistom\u00f6kki panoraamaikkunoilla &#8211; T\u00e4m\u00e4n tyyppisess\u00e4 panoraamaikkunoilla varustetussa Office-m\u00f6kiss\u00e4 on yksi sein\u00e4 t\u00e4ynn\u00e4 lasia ja se sopii erinomaisesti v\u00e4liaikaiseen kes\u00e4m\u00f6kkiin tai toimistoon, joka on helppo koota, purkaa, uudelleenkonfiguroida ja kuljettaa. T\u00e4m\u00e4ntyyppinen toimisto on kustannustehokas ja liikkuva ratkaisu, jonka avulla yritykset voivat mukauttaa toimiston ulkoasun tarpeisiinsa.<\/p>\n<p>Modulaariset toimistot, joissa on erilaisia \u200b\u200bsuunnittelu- ja kokoonpanoratkaisuja, ovat ihanteellisia kasvaville yrityksille tai niille, jotka etsiv\u00e4t tehokasta ja mukautuvaa ymp\u00e4rist\u00f6\u00e4.<\/p>\n<p>T\u00e4ss\u00e4 toimistom\u00f6kiss\u00e4 on yksi kokonainen lasisein\u00e4, joten lasia voidaan lis\u00e4t\u00e4 v\u00e4hemm\u00e4n.<\/p>\n<p>Huone koostuu moduuleista, joista viisi moduulia on pidemm\u00e4ll\u00e4 puolella ja kaksi moduulia lyhyemm\u00e4ll\u00e4 puolella.<br \/>\nIkkunoiden ja ovien sijainti on vapaasti valittavissa, kuvassa valmis n\u00e4yte.<\/p>\n<h2>Containex Standard panoraamaikkunoilla MIIU2335681 &#8211; Tekninen kuvaus:<\/h2>\n<p><strong>Modulaarinen toimisto Containex Standard Panorama -eristys:<\/strong><\/p>\n<ul>\n<li>Sein\u00e4t 60mm PU-vaahtoa<\/li>\n<li>Katto 100mm mineraalivilla<\/li>\n<li>Lattia 100mm mineraalivilla<\/li>\n<\/ul>\n<p><strong>Containexin vakiomitat:<\/strong><\/p>\n<ul>\n<li>Ulkomitat 2.435 leveys x 6.055 pituus x 2.591 korkeus.<\/li>\n<li>Sis\u00e4mitat 2,24 leveys x 5,86 pituus x 2,34 korkeus.<\/li>\n<li>Paino: CA 2000 KG<\/li>\n<\/ul>\n<p><strong>Ulkoinen v\u00e4ri ja tarvikkeet:<\/strong><\/p>\n<ul>\n<li>Ulkov\u00e4ri antrasiitin tummanharmaa RAL7016.<\/li>\n<li>Ulkopinta sinkitty pelti.<\/li>\n<li>Yksi pieni ikkuna ja 4 panoraamaikkunaa<\/li>\n<li>Turvaverhot.<\/li>\n<li>Yksi metalliovi.<\/li>\n<li>Kattovalssattua sinkkipelti\u00e4.<\/li>\n<li>Sis\u00e4sein\u00e4t lastulevy\u00e4.<\/li>\n<li>Kaksi LED-valoa.<\/li>\n<li>J\u00e4\u00e4hdytin.<\/li>\n<li>Pistorasiat pienemm\u00e4n ikkunan alla<\/li>\n<li>Ulkos\u00e4hk\u00f6 32A pistoke katon reunassa, voidaan jatkaa ulkoisen virtal\u00e4hteen k\u00e4ytt\u00f6\u00e4 tai kytke\u00e4 toiseen toimistom\u00f6kkiin.<\/li>\n<\/ul>\n<h2>Toimistom\u00f6kki panoraamaikkunoilla &#8211; Vuokra ja myynti<\/h2>\n<p>Toimistom\u00f6kkien vuokraus ja myynti Virossa suoraan edustajalta.<br \/>\nContainex Premium Panorama on uusi tuote, jossa on tummanharmaa RAL7016 antrasiittiviimeistely.<\/p>\n<p>T\u00e4m\u00e4 ohjaamo erottuu tavallisesta Containex Standardista sein\u00e4materiaalin ja ulkov\u00e4rin ansiosta.<br \/>\nOhjaamon sein\u00e4t on eristetty 60mm PU-vaahdolla, joka on l\u00e4mp\u00f6eristykselt\u00e4\u00e4n samanlainen kuin 100mm villa.<\/p>\n<p>Toimiston pohja ja katto on eristetty 100mm mineraalivillalla.<br \/>\nKaikissa myymiss\u00e4mme hytiss\u00e4 on CE-merkint\u00e4, mik\u00e4 tarkoittaa, ett\u00e4 ohjaamo t\u00e4ytt\u00e4\u00e4 eurooppalaiset laatuvaatimukset, on valmistettu laadukkaasta ja turvallinen k\u00e4ytt\u00e4\u00e4.<\/p>\n<p>Containex- ja ModulX-toimistom\u00f6kit on helppo yhdist\u00e4\u00e4 isommiksi huoneiksi.<br \/>\nKasvihuoneita k\u00e4ytet\u00e4\u00e4n laajalti esimerkiksi lastentarhojen rakentamisessa, rakennusty\u00f6mailla, kes\u00e4m\u00f6kkein\u00e4, liiketiloina, v\u00e4liaikaisina koulutiloina tai sairaaloissa.<\/p>\n<p><strong>Vuokraehdot:<\/strong><\/p>\n<p>Vuokratarjouksen tekemiseksi meid\u00e4n tulee tiet\u00e4\u00e4 kasvihuoneen sijainti vuokra-aikana, ajanjakson pituus, luottotarkastuksen henkil\u00f6- tai rekisteritunnus sek\u00e4 kasvihuoneen k\u00e4ytt\u00f6tarkoitus.<\/p>\n<p>&nbsp;<\/p>\n<p>Yksityisasiakkaille osamaksua tarjoaa yhteisty\u00f6kumppanimme <a href=\"https:\/\/inbank.ee\/laen\/vaikelaen\">Inbank.ee<\/a>, alennuskoodi \u201cKONTEINER\u201d.<br \/>\nYritysasiakkaille osamaksua tarjoaa yhteisty\u00f6kumppanimme <a href=\"http:\/\/Tenor.ee\">Tenor.ee<\/a><\/p>\n<p>K\u00e4yt\u00e4mme kuljetukseen <a href=\"https:\/\/www.miil.ee\/fi\/palvelut\/nosturi\/\">nosturia<\/a> tai <a href=\"https:\/\/www.miil.ee\/fi\/palvelut\/sideloader\/\">sideloader<\/a><br \/>\nmonimutkaisempi kuljetus on mahdollista <a href=\"https:\/\/www.miil.ee\/fi\/palvelut\/ram-kippauslaite\/\">RAM per\u00e4vaunulla<\/a>.<\/p>\n<p>Seuraa meit\u00e4 <a href=\"https:\/\/www.facebook.com\/konteinerveod\/\">Facebook<\/a> tai <a href=\"https:\/\/www.instagram.com\/ou_miil\/\">Instagram<\/a><\/p>\n","protected":false},"excerpt":{"rendered":"<p>Toimistom\u00f6kki upealla n\u00e4k\u00f6alalla ulkoymp\u00e4rist\u00f6\u00f6n on t\u00e4ydellinen pieni huone toimistoksi tai kes\u00e4m\u00f6kiksi. Muuta sein\u00e4paneelien asentoa haluamallasi tavalla tai jopa yhdist\u00e4 se toiseen hyttiin luodaksesi suuremman asuintilan.<\/p>\n","protected":false},"featured_media":85893,"comment_status":"closed","ping_status":"closed","template":"","meta":{"_acf_changed":false},"product_cat":[343,407],"product_tag":[],"class_list":{"0":"post-85888","1":"product","2":"type-product","3":"status-publish","4":"has-post-thumbnail","6":"product_cat-eristekontit","7":"product_cat-uudet-toimistokontit","9":"first","10":"instock","11":"shipping-taxable","12":"purchasable","13":"product-type-simple"},"acf":[],"yoast_head":"<!-- This site is optimized with the Yoast SEO Premium plugin v23.9 (Yoast SEO v27.5) - https:\/\/yoast.com\/product\/yoast-seo-premium-wordpress\/ -->\n<title>Toimistom\u00f6kki panoraamaikkunoilla - Miil O\u00dc<\/title>\n<meta name=\"description\" content=\"Toimistom\u00f6kki panoraamaikkunoilla | Minitalot ja -m\u00f6kit | M\u00f6kkien vuokraus ja myynti | Kuljetus ja korjaukset | S\u00e4hk\u00f6ty\u00f6t ja l\u00e4mmitys\" \/>\n<meta name=\"robots\" content=\"index, follow, max-snippet:-1, max-image-preview:large, max-video-preview:-1\" \/>\n<link rel=\"canonical\" href=\"https:\/\/miil.dev.almic.ee\/fi\/toode\/toimistomokki-panoraamaikkunoilla\/\" \/>\n<meta property=\"og:locale\" content=\"fi_FI\" \/>\n<meta property=\"og:type\" content=\"article\" \/>\n<meta property=\"og:title\" content=\"Containex Standard panoraamaikkunoilla MIIU2335681\" \/>\n<meta property=\"og:description\" content=\"Toimistom\u00f6kki panoraamaikkunoilla | Minitalot ja -m\u00f6kit | M\u00f6kkien vuokraus ja myynti | Kuljetus ja korjaukset | S\u00e4hk\u00f6ty\u00f6t ja l\u00e4mmitys\" \/>\n<meta property=\"og:url\" content=\"https:\/\/miil.dev.almic.ee\/fi\/toode\/toimistomokki-panoraamaikkunoilla\/\" \/>\n<meta property=\"og:site_name\" content=\"Miil O\u00dc\" \/>\n<meta property=\"article:publisher\" content=\"https:\/\/www.facebook.com\/konteinerveod\/\" \/>\n<meta property=\"article:modified_time\" content=\"2025-01-28T13:00:23+00:00\" \/>\n<meta property=\"og:image\" content=\"https:\/\/miil.dev.almic.ee\/wp-content\/uploads\/2025\/01\/Containex-Panorama-MIIU2335681-2-scaled.jpg\" \/>\n\t<meta property=\"og:image:width\" content=\"1900\" \/>\n\t<meta property=\"og:image:height\" content=\"1425\" \/>\n\t<meta property=\"og:image:type\" content=\"image\/jpeg\" \/>\n<meta name=\"twitter:card\" content=\"summary_large_image\" \/>\n<meta name=\"twitter:label1\" content=\"Hinta\" \/>\n\t<meta name=\"twitter:data1\" content=\"7750,00&nbsp;&euro;\" \/>\n\t<meta name=\"twitter:label2\" content=\"Saatavuus\" \/>\n\t<meta name=\"twitter:data2\" content=\"Varastossa\" \/>\n<script type=\"application\/ld+json\" class=\"yoast-schema-graph\">{\"@context\":\"https:\\\/\\\/schema.org\",\"@graph\":[{\"@type\":\"WebPage\",\"@id\":\"https:\\\/\\\/miil.dev.almic.ee\\\/fi\\\/toode\\\/toimistomokki-panoraamaikkunoilla\\\/\",\"url\":\"https:\\\/\\\/miil.dev.almic.ee\\\/fi\\\/toode\\\/toimistomokki-panoraamaikkunoilla\\\/\",\"name\":\"Toimistom\u00f6kki panoraamaikkunoilla - Miil O\u00dc\",\"isPartOf\":{\"@id\":\"https:\\\/\\\/miil.dev.almic.ee\\\/#website\"},\"primaryImageOfPage\":{\"@id\":\"https:\\\/\\\/miil.dev.almic.ee\\\/fi\\\/toode\\\/toimistomokki-panoraamaikkunoilla\\\/#primaryimage\"},\"image\":{\"@id\":\"https:\\\/\\\/miil.dev.almic.ee\\\/fi\\\/toode\\\/toimistomokki-panoraamaikkunoilla\\\/#primaryimage\"},\"thumbnailUrl\":\"https:\\\/\\\/miil.dev.almic.ee\\\/wp-content\\\/uploads\\\/2025\\\/01\\\/Containex-Panorama-MIIU2335681-2-scaled.jpg\",\"datePublished\":\"2025-01-28T08:53:05+00:00\",\"dateModified\":\"2025-01-28T13:00:23+00:00\",\"description\":\"Toimistom\u00f6kki panoraamaikkunoilla | Minitalot ja -m\u00f6kit | M\u00f6kkien vuokraus ja myynti | Kuljetus ja korjaukset | S\u00e4hk\u00f6ty\u00f6t ja l\u00e4mmitys\",\"breadcrumb\":{\"@id\":\"https:\\\/\\\/miil.dev.almic.ee\\\/fi\\\/toode\\\/toimistomokki-panoraamaikkunoilla\\\/#breadcrumb\"},\"inLanguage\":\"fi\",\"potentialAction\":[{\"@type\":\"ReadAction\",\"target\":[\"https:\\\/\\\/miil.dev.almic.ee\\\/fi\\\/toode\\\/toimistomokki-panoraamaikkunoilla\\\/\"]}]},{\"@type\":\"ImageObject\",\"inLanguage\":\"fi\",\"@id\":\"https:\\\/\\\/miil.dev.almic.ee\\\/fi\\\/toode\\\/toimistomokki-panoraamaikkunoilla\\\/#primaryimage\",\"url\":\"https:\\\/\\\/miil.dev.almic.ee\\\/wp-content\\\/uploads\\\/2025\\\/01\\\/Containex-Panorama-MIIU2335681-2-scaled.jpg\",\"contentUrl\":\"https:\\\/\\\/miil.dev.almic.ee\\\/wp-content\\\/uploads\\\/2025\\\/01\\\/Containex-Panorama-MIIU2335681-2-scaled.jpg\",\"width\":1900,\"height\":1425},{\"@type\":\"BreadcrumbList\",\"@id\":\"https:\\\/\\\/miil.dev.almic.ee\\\/fi\\\/toode\\\/toimistomokki-panoraamaikkunoilla\\\/#breadcrumb\",\"itemListElement\":[{\"@type\":\"ListItem\",\"position\":1,\"name\":\"Home\",\"item\":\"https:\\\/\\\/miil.dev.almic.ee\\\/fi\\\/\"},{\"@type\":\"ListItem\",\"position\":2,\"name\":\"Kauppa\",\"item\":\"https:\\\/\\\/miil.dev.almic.ee\\\/fi\\\/kauppa\\\/\"},{\"@type\":\"ListItem\",\"position\":3,\"name\":\"Containex Standard panoraamaikkunoilla MIIU2335681\"}]},{\"@type\":\"WebSite\",\"@id\":\"https:\\\/\\\/miil.dev.almic.ee\\\/#website\",\"url\":\"https:\\\/\\\/miil.dev.almic.ee\\\/\",\"name\":\"Miil O\u00dc\",\"description\":\"Konteinerveod\",\"publisher\":{\"@id\":\"https:\\\/\\\/miil.dev.almic.ee\\\/#organization\"},\"potentialAction\":[{\"@type\":\"SearchAction\",\"target\":{\"@type\":\"EntryPoint\",\"urlTemplate\":\"https:\\\/\\\/miil.dev.almic.ee\\\/?s={search_term_string}\"},\"query-input\":{\"@type\":\"PropertyValueSpecification\",\"valueRequired\":true,\"valueName\":\"search_term_string\"}}],\"inLanguage\":\"fi\"},{\"@type\":\"Organization\",\"@id\":\"https:\\\/\\\/miil.dev.almic.ee\\\/#organization\",\"name\":\"Miil O\u00dc\",\"url\":\"https:\\\/\\\/miil.dev.almic.ee\\\/\",\"logo\":{\"@type\":\"ImageObject\",\"inLanguage\":\"fi\",\"@id\":\"https:\\\/\\\/miil.dev.almic.ee\\\/#\\\/schema\\\/logo\\\/image\\\/\",\"url\":\"https:\\\/\\\/www.miil.ee\\\/wp-content\\\/uploads\\\/2022\\\/02\\\/Miil-logo.svg\",\"contentUrl\":\"https:\\\/\\\/www.miil.ee\\\/wp-content\\\/uploads\\\/2022\\\/02\\\/Miil-logo.svg\",\"width\":\"1024\",\"height\":\"1024\",\"caption\":\"Miil O\u00dc\"},\"image\":{\"@id\":\"https:\\\/\\\/miil.dev.almic.ee\\\/#\\\/schema\\\/logo\\\/image\\\/\"},\"sameAs\":[\"https:\\\/\\\/www.facebook.com\\\/konteinerveod\\\/\",\"https:\\\/\\\/www.instagram.com\\\/ou_miil\\\/\"]}]}<\/script>\n<meta property=\"product:price:amount\" content=\"7750.00\" \/>\n<meta property=\"product:price:currency\" content=\"EUR\" \/>\n<meta property=\"og:availability\" content=\"instock\" \/>\n<meta property=\"product:availability\" content=\"instock\" \/>\n<meta property=\"product:retailer_item_id\" content=\"MIIU2335681\" \/>\n<meta property=\"product:condition\" content=\"new\" \/>\n<!-- \/ Yoast SEO Premium plugin. -->","yoast_head_json":{"title":"Toimistom\u00f6kki panoraamaikkunoilla - Miil O\u00dc","description":"Toimistom\u00f6kki panoraamaikkunoilla | Minitalot ja -m\u00f6kit | M\u00f6kkien vuokraus ja myynti | Kuljetus ja korjaukset | S\u00e4hk\u00f6ty\u00f6t ja l\u00e4mmitys","robots":{"index":"index","follow":"follow","max-snippet":"max-snippet:-1","max-image-preview":"max-image-preview:large","max-video-preview":"max-video-preview:-1"},"canonical":"https:\/\/miil.dev.almic.ee\/fi\/toode\/toimistomokki-panoraamaikkunoilla\/","og_locale":"fi_FI","og_type":"article","og_title":"Containex Standard panoraamaikkunoilla MIIU2335681","og_description":"Toimistom\u00f6kki panoraamaikkunoilla | Minitalot ja -m\u00f6kit | M\u00f6kkien vuokraus ja myynti | Kuljetus ja korjaukset | S\u00e4hk\u00f6ty\u00f6t ja l\u00e4mmitys","og_url":"https:\/\/miil.dev.almic.ee\/fi\/toode\/toimistomokki-panoraamaikkunoilla\/","og_site_name":"Miil O\u00dc","article_publisher":"https:\/\/www.facebook.com\/konteinerveod\/","article_modified_time":"2025-01-28T13:00:23+00:00","og_image":[{"width":1900,"height":1425,"url":"https:\/\/miil.dev.almic.ee\/wp-content\/uploads\/2025\/01\/Containex-Panorama-MIIU2335681-2-scaled.jpg","type":"image\/jpeg"}],"twitter_card":"summary_large_image","twitter_misc":{"Hinta":"7750,00&nbsp;&euro;","Saatavuus":"Varastossa"},"schema":{"@context":"https:\/\/schema.org","@graph":[{"@type":"WebPage","@id":"https:\/\/miil.dev.almic.ee\/fi\/toode\/toimistomokki-panoraamaikkunoilla\/","url":"https:\/\/miil.dev.almic.ee\/fi\/toode\/toimistomokki-panoraamaikkunoilla\/","name":"Toimistom\u00f6kki panoraamaikkunoilla - Miil O\u00dc","isPartOf":{"@id":"https:\/\/miil.dev.almic.ee\/#website"},"primaryImageOfPage":{"@id":"https:\/\/miil.dev.almic.ee\/fi\/toode\/toimistomokki-panoraamaikkunoilla\/#primaryimage"},"image":{"@id":"https:\/\/miil.dev.almic.ee\/fi\/toode\/toimistomokki-panoraamaikkunoilla\/#primaryimage"},"thumbnailUrl":"https:\/\/miil.dev.almic.ee\/wp-content\/uploads\/2025\/01\/Containex-Panorama-MIIU2335681-2-scaled.jpg","datePublished":"2025-01-28T08:53:05+00:00","dateModified":"2025-01-28T13:00:23+00:00","description":"Toimistom\u00f6kki panoraamaikkunoilla | Minitalot ja -m\u00f6kit | M\u00f6kkien vuokraus ja myynti | Kuljetus ja korjaukset | S\u00e4hk\u00f6ty\u00f6t ja l\u00e4mmitys","breadcrumb":{"@id":"https:\/\/miil.dev.almic.ee\/fi\/toode\/toimistomokki-panoraamaikkunoilla\/#breadcrumb"},"inLanguage":"fi","potentialAction":[{"@type":"ReadAction","target":["https:\/\/miil.dev.almic.ee\/fi\/toode\/toimistomokki-panoraamaikkunoilla\/"]}]},{"@type":"ImageObject","inLanguage":"fi","@id":"https:\/\/miil.dev.almic.ee\/fi\/toode\/toimistomokki-panoraamaikkunoilla\/#primaryimage","url":"https:\/\/miil.dev.almic.ee\/wp-content\/uploads\/2025\/01\/Containex-Panorama-MIIU2335681-2-scaled.jpg","contentUrl":"https:\/\/miil.dev.almic.ee\/wp-content\/uploads\/2025\/01\/Containex-Panorama-MIIU2335681-2-scaled.jpg","width":1900,"height":1425},{"@type":"BreadcrumbList","@id":"https:\/\/miil.dev.almic.ee\/fi\/toode\/toimistomokki-panoraamaikkunoilla\/#breadcrumb","itemListElement":[{"@type":"ListItem","position":1,"name":"Home","item":"https:\/\/miil.dev.almic.ee\/fi\/"},{"@type":"ListItem","position":2,"name":"Kauppa","item":"https:\/\/miil.dev.almic.ee\/fi\/kauppa\/"},{"@type":"ListItem","position":3,"name":"Containex Standard panoraamaikkunoilla MIIU2335681"}]},{"@type":"WebSite","@id":"https:\/\/miil.dev.almic.ee\/#website","url":"https:\/\/miil.dev.almic.ee\/","name":"Miil O\u00dc","description":"Konteinerveod","publisher":{"@id":"https:\/\/miil.dev.almic.ee\/#organization"},"potentialAction":[{"@type":"SearchAction","target":{"@type":"EntryPoint","urlTemplate":"https:\/\/miil.dev.almic.ee\/?s={search_term_string}"},"query-input":{"@type":"PropertyValueSpecification","valueRequired":true,"valueName":"search_term_string"}}],"inLanguage":"fi"},{"@type":"Organization","@id":"https:\/\/miil.dev.almic.ee\/#organization","name":"Miil O\u00dc","url":"https:\/\/miil.dev.almic.ee\/","logo":{"@type":"ImageObject","inLanguage":"fi","@id":"https:\/\/miil.dev.almic.ee\/#\/schema\/logo\/image\/","url":"https:\/\/www.miil.ee\/wp-content\/uploads\/2022\/02\/Miil-logo.svg","contentUrl":"https:\/\/www.miil.ee\/wp-content\/uploads\/2022\/02\/Miil-logo.svg","width":"1024","height":"1024","caption":"Miil O\u00dc"},"image":{"@id":"https:\/\/miil.dev.almic.ee\/#\/schema\/logo\/image\/"},"sameAs":["https:\/\/www.facebook.com\/konteinerveod\/","https:\/\/www.instagram.com\/ou_miil\/"]}]},"product_price_amount":"7750.00","product_price_currency":"EUR","og_availability":"instock","product_availability":"instock","product_retailer_item_id":"MIIU2335681","product_condition":"new"},"_links":{"self":[{"href":"https:\/\/miil.dev.almic.ee\/fi\/wp-json\/wp\/v2\/product\/85888","targetHints":{"allow":["GET"]}}],"collection":[{"href":"https:\/\/miil.dev.almic.ee\/fi\/wp-json\/wp\/v2\/product"}],"about":[{"href":"https:\/\/miil.dev.almic.ee\/fi\/wp-json\/wp\/v2\/types\/product"}],"replies":[{"embeddable":true,"href":"https:\/\/miil.dev.almic.ee\/fi\/wp-json\/wp\/v2\/comments?post=85888"}],"wp:featuredmedia":[{"embeddable":true,"href":"https:\/\/miil.dev.almic.ee\/fi\/wp-json\/wp\/v2\/media\/85893"}],"wp:attachment":[{"href":"https:\/\/miil.dev.almic.ee\/fi\/wp-json\/wp\/v2\/media?parent=85888"}],"wp:term":[{"taxonomy":"product_cat","embeddable":true,"href":"https:\/\/miil.dev.almic.ee\/fi\/wp-json\/wp\/v2\/product_cat?post=85888"},{"taxonomy":"product_tag","embeddable":true,"href":"https:\/\/miil.dev.almic.ee\/fi\/wp-json\/wp\/v2\/product_tag?post=85888"}],"curies":[{"name":"wp","href":"https:\/\/api.w.org\/{rel}","templated":true}]}}