{"id":85847,"date":"2025-01-28T09:48:56","date_gmt":"2025-01-28T07:48:56","guid":{"rendered":"https:\/\/www.miil.ee\/?post_type=product&#038;p=85847"},"modified":"2025-02-06T16:55:18","modified_gmt":"2025-02-06T14:55:18","slug":"containex-standard-panoraamaikkunoilla-miiu2409764","status":"publish","type":"product","link":"https:\/\/miil.dev.almic.ee\/fi\/toode\/containex-standard-panoraamaikkunoilla-miiu2409764\/","title":{"rendered":"Containex Standard panoraamaikkunoilla MIIU2409764"},"content":{"rendered":"<h1>Toimistom\u00f6kki panoraamaikkunoilla<\/h1>\n<p>Containex Standard panoraamaikkunoilla MIIU2409764 &#8211; T\u00e4m\u00e4ntyyppinen panoraamaikkunoilla varustettu Office-m\u00f6kki on ihanteellinen tilap\u00e4iseen kes\u00e4m\u00f6kkiin tai toimistoon, joka on helposti koottavissa, purettavissa, uudelleenkonfiguroitavissa ja kuljetettavissa. T\u00e4m\u00e4ntyyppinen toimisto on kustannustehokas ja liikkuva ratkaisu, jonka avulla yritykset voivat mukauttaa toimiston ulkoasun tarpeisiinsa. Modulaariset toimistot, joissa on erilaisia \u200b\u200bsuunnittelu- ja kokoonpanoratkaisuja, ovat ihanteellisia kasvaville yrityksille tai niille, jotka etsiv\u00e4t tehokasta ja mukautuvaa ymp\u00e4rist\u00f6\u00e4.<\/p>\n<p>T\u00e4ss\u00e4 toimistom\u00f6kki on yksi kokonainen lasisein\u00e4, joten lasia voidaan lis\u00e4t\u00e4 v\u00e4hemm\u00e4n.<br \/>\nLasit ja ikkunakehykset on s\u00e4vytetty samanv\u00e4riseksi kuin l\u00e4mmitin.<\/p>\n<p>Huone koostuu moduuleista, joista viisi moduulia pitk\u00e4ll\u00e4 puolella ja kaksi moduulia lyhyell\u00e4 puolella.<br \/>\nIkkunoiden ja ovien sijainti on vapaasti valittavissa, kuvassa valmis n\u00e4yte.<\/p>\n<p>Tekninen kuvaus:<\/p>\n<p><strong>Containex Standard panoraamaikkunoilla MIIU2409764 -eristys:<\/strong><\/p>\n<ul>\n<li>Sein\u00e4t 60mm PU-vaahtoa<\/li>\n<li>Katto 100mm mineraalivilla<\/li>\n<li>Lattia 100mm mineraalivilla<\/li>\n<\/ul>\n<p><strong>Containex Standard panoraamaikkunoilla:<\/strong><\/p>\n<ul>\n<li>Ulkomitat 2.435 leveys x 6.055 pituus x 2.591 korkeus.<\/li>\n<li>Sis\u00e4mitat 2,24 leveys x 5,86 pituus x 2,34 korkeus.<\/li>\n<li>Paino: CA 2000 KG<\/li>\n<\/ul>\n<p><strong>Ulkoinen v\u00e4ri ja tarvikkeet:<\/strong><\/p>\n<ul>\n<li>Ulkov\u00e4ri antrasiitin tummanharmaa RAL7016.<\/li>\n<li>Ulkopinta sinkitty pelti.<\/li>\n<li>Yksi pieni ikkuna ja 4 panoraamaikkunaa<\/li>\n<li>Turvaverhot.<\/li>\n<li>Yksi metalliovi.<\/li>\n<li>Kattovalssattua sinkkipelti\u00e4.<\/li>\n<li>Sis\u00e4sein\u00e4t lastulevy\u00e4.<\/li>\n<li>Kaksi LED-valoa.<\/li>\n<li>J\u00e4\u00e4hdytin.<\/li>\n<li>Pistorasiat pienemm\u00e4n ikkunan alla<\/li>\n<li>Ulkoinen s\u00e4hk\u00f6 32A pistoke katon reunassa, voidaan jatkaa ulkoisen virtal\u00e4hteen k\u00e4ytt\u00f6\u00e4 tai kytke\u00e4 toiseen toimistom\u00f6kkiin<\/li>\n<\/ul>\n<h2>Containex Standard panoraamaikkunoilla MIIU2409764 &#8211; Vuokra ja myynti<\/h2>\n<p>Toimistom\u00f6kkien vuokraus ja myynti Virossa suoraan edustajalta.<br \/>\nContainex Premium Panorama on uusi tuote, jossa on tummanharmaa RAL7016 antrasiittiviimeistely.<\/p>\n<p>T\u00e4m\u00e4 toimistom\u00f6kki erottuu tavallisesta Containex Standardista sein\u00e4materiaalin ja ulkov\u00e4rin ansiosta.<br \/>\nToimistom\u00f6kkien sein\u00e4t on eristetty 60mm PU-vaahdolla, joka on l\u00e4mp\u00f6eristykselt\u00e4\u00e4n samanlainen kuin 100mm villa.<\/p>\n<p>Ohjaamon pohja ja katto on eristetty 100mm mineraalivillalla.<br \/>\nKaikissa myymiss\u00e4mme toimistom\u00f6keiss\u00e4 on CE-merkint\u00e4, mik\u00e4 tarkoittaa, ett\u00e4 m\u00f6kit t\u00e4ytt\u00e4v\u00e4t eurooppalaiset laatuvaatimukset, ovat laadukkaita ja turvallisia k\u00e4ytt\u00e4\u00e4.<\/p>\n<p>Containex- ja ModulX-m\u00f6kit voidaan helposti yhdist\u00e4\u00e4 suurempiin huoneisiin.<br \/>\nKasvihuoneita k\u00e4ytet\u00e4\u00e4n laajalti esimerkiksi lastentarhojen rakentamisessa, rakennusty\u00f6mailla, kes\u00e4m\u00f6kkein\u00e4, liiketiloina, v\u00e4liaikaisina koulutiloina tai sairaaloissa.<\/p>\n<h2><strong>Vuokraehdot:<\/strong><\/h2>\n<p>Vuokratarjouksen tekemiseksi meid\u00e4n tulee tiet\u00e4\u00e4 kasvihuoneen sijainti vuokra-aikana, ajanjakson pituus, luottotarkastuksen henkil\u00f6- tai rekisteritunnus sek\u00e4 kasvihuoneen k\u00e4ytt\u00f6tarkoitus.<\/p>\n<p>Yksityisasiakkaille osamaksua tarjoaa yhteisty\u00f6kumppanimme <a href=\"https:\/\/inbank.ee\/laen\/vaikelaen\">Inbank.ee<\/a>, alennuskoodi \u201cKONTEINER\u201d.<br \/>\nYritysasiakkaille osamaksua tarjoaa yhteisty\u00f6kumppanimme <a href=\"https:\/\/tenor.my.canva.site\/tenor-miil\">Tenor.ee<\/a><\/p>\n<p>Kuljetuksissa k\u00e4yt\u00e4mme yleens\u00e4 nosturiautoa kasvihuoneiden kuljettamiseen.<\/p>\n<p>Merikonteissa k\u00e4yt\u00e4mme laajalti sivukuormaajaa.<\/p>\n<p>Vaikeampiin paikkoihin meill\u00e4 on my\u00f6s erikoisper\u00e4vaunu, joka kulkee henkil\u00f6auton taakse.<\/p>\n<p>Seuraa meit\u00e4 <a href=\"https:\/\/www.instagram.com\/ou_miil\/\">Instagram<\/a> tai <a href=\"https:\/\/www.facebook.com\/merekonteiner\">Facebook.<\/a><\/p>\n","protected":false},"excerpt":{"rendered":"<p>Toimistom\u00f6kki panoraamaikkunoilla Containex Standard panoraamaikkunoilla MIIU2409764 &#8211; T\u00e4m\u00e4ntyyppinen panoraamaikkunoilla varustettu Office-m\u00f6kki on ihanteellinen tilap\u00e4iseen kes\u00e4m\u00f6kkiin tai toimistoon, joka on helposti koottavissa, purettavissa, uudelleenkonfiguroitavissa ja kuljetettavissa. T\u00e4m\u00e4ntyyppinen toimisto on kustannustehokas ja liikkuva ratkaisu, jonka avulla yritykset voivat mukauttaa toimiston ulkoasun tarpeisiinsa. Modulaariset toimistot, joissa on erilaisia \u200b\u200bsuunnittelu- ja kokoonpanoratkaisuja, ovat ihanteellisia kasvaville yrityksille tai niille, jotka&#8230;<\/p>\n","protected":false},"featured_media":85882,"comment_status":"closed","ping_status":"closed","template":"","meta":{"_acf_changed":false},"product_cat":[343,407],"product_tag":[],"class_list":{"0":"post-85847","1":"product","2":"type-product","3":"status-publish","4":"has-post-thumbnail","6":"product_cat-eristekontit","7":"product_cat-uudet-toimistokontit","9":"first","10":"instock","11":"shipping-taxable","12":"purchasable","13":"product-type-simple"},"acf":[],"yoast_head":"<!-- This site is optimized with the Yoast SEO Premium plugin v23.9 (Yoast SEO v27.5) - https:\/\/yoast.com\/product\/yoast-seo-premium-wordpress\/ -->\n<title>Containex Standard panoraamaikkunoilla MIIU2409764 - Miil O\u00dc<\/title>\n<meta name=\"description\" content=\"Containex Standard panoraamaikkunoilla MIIU2409764 | M\u00f6kit vuokralle ja myyntiin | Minitalot ja -m\u00f6kit | M\u00f6kkien vuokraus ja myynti | Kuljetus ja korjaukset\" \/>\n<meta name=\"robots\" content=\"index, follow, max-snippet:-1, max-image-preview:large, max-video-preview:-1\" \/>\n<link rel=\"canonical\" href=\"https:\/\/miil.dev.almic.ee\/fi\/toode\/containex-standard-panoraamaikkunoilla-miiu2409764\/\" \/>\n<meta property=\"og:locale\" content=\"fi_FI\" \/>\n<meta property=\"og:type\" content=\"article\" \/>\n<meta property=\"og:title\" content=\"Containex Standard panoraamaikkunoilla MIIU2409764\" \/>\n<meta property=\"og:description\" content=\"Containex Standard panoraamaikkunoilla MIIU2409764 | M\u00f6kit vuokralle ja myyntiin | Minitalot ja -m\u00f6kit | M\u00f6kkien vuokraus ja myynti | Kuljetus ja korjaukset\" \/>\n<meta property=\"og:url\" content=\"https:\/\/miil.dev.almic.ee\/fi\/toode\/containex-standard-panoraamaikkunoilla-miiu2409764\/\" \/>\n<meta property=\"og:site_name\" content=\"Miil O\u00dc\" \/>\n<meta property=\"article:publisher\" content=\"https:\/\/www.facebook.com\/konteinerveod\/\" \/>\n<meta property=\"article:modified_time\" content=\"2025-02-06T14:55:18+00:00\" \/>\n<meta property=\"og:image\" content=\"https:\/\/miil.dev.almic.ee\/wp-content\/uploads\/2025\/01\/Panoraamaknaga-Soojak-scaled.jpg\" \/>\n\t<meta property=\"og:image:width\" content=\"1900\" \/>\n\t<meta property=\"og:image:height\" content=\"1425\" \/>\n\t<meta property=\"og:image:type\" content=\"image\/jpeg\" \/>\n<meta name=\"twitter:card\" content=\"summary_large_image\" \/>\n<meta name=\"twitter:label1\" content=\"Hinta\" \/>\n\t<meta name=\"twitter:data1\" content=\"9450,00&nbsp;&euro;\" \/>\n\t<meta name=\"twitter:label2\" content=\"Saatavuus\" \/>\n\t<meta name=\"twitter:data2\" content=\"Varastossa\" \/>\n<script type=\"application\/ld+json\" class=\"yoast-schema-graph\">{\"@context\":\"https:\\\/\\\/schema.org\",\"@graph\":[{\"@type\":\"WebPage\",\"@id\":\"https:\\\/\\\/miil.dev.almic.ee\\\/fi\\\/toode\\\/containex-standard-panoraamaikkunoilla-miiu2409764\\\/\",\"url\":\"https:\\\/\\\/miil.dev.almic.ee\\\/fi\\\/toode\\\/containex-standard-panoraamaikkunoilla-miiu2409764\\\/\",\"name\":\"Containex Standard panoraamaikkunoilla MIIU2409764 - Miil O\u00dc\",\"isPartOf\":{\"@id\":\"https:\\\/\\\/miil.dev.almic.ee\\\/#website\"},\"primaryImageOfPage\":{\"@id\":\"https:\\\/\\\/miil.dev.almic.ee\\\/fi\\\/toode\\\/containex-standard-panoraamaikkunoilla-miiu2409764\\\/#primaryimage\"},\"image\":{\"@id\":\"https:\\\/\\\/miil.dev.almic.ee\\\/fi\\\/toode\\\/containex-standard-panoraamaikkunoilla-miiu2409764\\\/#primaryimage\"},\"thumbnailUrl\":\"https:\\\/\\\/miil.dev.almic.ee\\\/wp-content\\\/uploads\\\/2025\\\/01\\\/Panoraamaknaga-Soojak-scaled.jpg\",\"datePublished\":\"2025-01-28T07:48:56+00:00\",\"dateModified\":\"2025-02-06T14:55:18+00:00\",\"description\":\"Containex Standard panoraamaikkunoilla MIIU2409764 | M\u00f6kit vuokralle ja myyntiin | Minitalot ja -m\u00f6kit | M\u00f6kkien vuokraus ja myynti | Kuljetus ja korjaukset\",\"breadcrumb\":{\"@id\":\"https:\\\/\\\/miil.dev.almic.ee\\\/fi\\\/toode\\\/containex-standard-panoraamaikkunoilla-miiu2409764\\\/#breadcrumb\"},\"inLanguage\":\"fi\",\"potentialAction\":[{\"@type\":\"ReadAction\",\"target\":[\"https:\\\/\\\/miil.dev.almic.ee\\\/fi\\\/toode\\\/containex-standard-panoraamaikkunoilla-miiu2409764\\\/\"]}]},{\"@type\":\"ImageObject\",\"inLanguage\":\"fi\",\"@id\":\"https:\\\/\\\/miil.dev.almic.ee\\\/fi\\\/toode\\\/containex-standard-panoraamaikkunoilla-miiu2409764\\\/#primaryimage\",\"url\":\"https:\\\/\\\/miil.dev.almic.ee\\\/wp-content\\\/uploads\\\/2025\\\/01\\\/Panoraamaknaga-Soojak-scaled.jpg\",\"contentUrl\":\"https:\\\/\\\/miil.dev.almic.ee\\\/wp-content\\\/uploads\\\/2025\\\/01\\\/Panoraamaknaga-Soojak-scaled.jpg\",\"width\":1900,\"height\":1425},{\"@type\":\"BreadcrumbList\",\"@id\":\"https:\\\/\\\/miil.dev.almic.ee\\\/fi\\\/toode\\\/containex-standard-panoraamaikkunoilla-miiu2409764\\\/#breadcrumb\",\"itemListElement\":[{\"@type\":\"ListItem\",\"position\":1,\"name\":\"Home\",\"item\":\"https:\\\/\\\/miil.dev.almic.ee\\\/fi\\\/\"},{\"@type\":\"ListItem\",\"position\":2,\"name\":\"Kauppa\",\"item\":\"https:\\\/\\\/miil.dev.almic.ee\\\/fi\\\/kauppa\\\/\"},{\"@type\":\"ListItem\",\"position\":3,\"name\":\"Containex Standard panoraamaikkunoilla MIIU2409764\"}]},{\"@type\":\"WebSite\",\"@id\":\"https:\\\/\\\/miil.dev.almic.ee\\\/#website\",\"url\":\"https:\\\/\\\/miil.dev.almic.ee\\\/\",\"name\":\"Miil O\u00dc\",\"description\":\"Konteinerveod\",\"publisher\":{\"@id\":\"https:\\\/\\\/miil.dev.almic.ee\\\/#organization\"},\"potentialAction\":[{\"@type\":\"SearchAction\",\"target\":{\"@type\":\"EntryPoint\",\"urlTemplate\":\"https:\\\/\\\/miil.dev.almic.ee\\\/?s={search_term_string}\"},\"query-input\":{\"@type\":\"PropertyValueSpecification\",\"valueRequired\":true,\"valueName\":\"search_term_string\"}}],\"inLanguage\":\"fi\"},{\"@type\":\"Organization\",\"@id\":\"https:\\\/\\\/miil.dev.almic.ee\\\/#organization\",\"name\":\"Miil O\u00dc\",\"url\":\"https:\\\/\\\/miil.dev.almic.ee\\\/\",\"logo\":{\"@type\":\"ImageObject\",\"inLanguage\":\"fi\",\"@id\":\"https:\\\/\\\/miil.dev.almic.ee\\\/#\\\/schema\\\/logo\\\/image\\\/\",\"url\":\"https:\\\/\\\/www.miil.ee\\\/wp-content\\\/uploads\\\/2022\\\/02\\\/Miil-logo.svg\",\"contentUrl\":\"https:\\\/\\\/www.miil.ee\\\/wp-content\\\/uploads\\\/2022\\\/02\\\/Miil-logo.svg\",\"width\":\"1024\",\"height\":\"1024\",\"caption\":\"Miil O\u00dc\"},\"image\":{\"@id\":\"https:\\\/\\\/miil.dev.almic.ee\\\/#\\\/schema\\\/logo\\\/image\\\/\"},\"sameAs\":[\"https:\\\/\\\/www.facebook.com\\\/konteinerveod\\\/\",\"https:\\\/\\\/www.instagram.com\\\/ou_miil\\\/\"]}]}<\/script>\n<meta property=\"product:price:amount\" content=\"9450.00\" \/>\n<meta property=\"product:price:currency\" content=\"EUR\" \/>\n<meta property=\"og:availability\" content=\"instock\" \/>\n<meta property=\"product:availability\" content=\"instock\" \/>\n<meta property=\"product:retailer_item_id\" content=\"MIIU2409764\" \/>\n<meta property=\"product:condition\" content=\"new\" \/>\n<!-- \/ Yoast SEO Premium plugin. -->","yoast_head_json":{"title":"Containex Standard panoraamaikkunoilla MIIU2409764 - Miil O\u00dc","description":"Containex Standard panoraamaikkunoilla MIIU2409764 | M\u00f6kit vuokralle ja myyntiin | Minitalot ja -m\u00f6kit | M\u00f6kkien vuokraus ja myynti | Kuljetus ja korjaukset","robots":{"index":"index","follow":"follow","max-snippet":"max-snippet:-1","max-image-preview":"max-image-preview:large","max-video-preview":"max-video-preview:-1"},"canonical":"https:\/\/miil.dev.almic.ee\/fi\/toode\/containex-standard-panoraamaikkunoilla-miiu2409764\/","og_locale":"fi_FI","og_type":"article","og_title":"Containex Standard panoraamaikkunoilla MIIU2409764","og_description":"Containex Standard panoraamaikkunoilla MIIU2409764 | M\u00f6kit vuokralle ja myyntiin | Minitalot ja -m\u00f6kit | M\u00f6kkien vuokraus ja myynti | Kuljetus ja korjaukset","og_url":"https:\/\/miil.dev.almic.ee\/fi\/toode\/containex-standard-panoraamaikkunoilla-miiu2409764\/","og_site_name":"Miil O\u00dc","article_publisher":"https:\/\/www.facebook.com\/konteinerveod\/","article_modified_time":"2025-02-06T14:55:18+00:00","og_image":[{"width":1900,"height":1425,"url":"https:\/\/miil.dev.almic.ee\/wp-content\/uploads\/2025\/01\/Panoraamaknaga-Soojak-scaled.jpg","type":"image\/jpeg"}],"twitter_card":"summary_large_image","twitter_misc":{"Hinta":"9450,00&nbsp;&euro;","Saatavuus":"Varastossa"},"schema":{"@context":"https:\/\/schema.org","@graph":[{"@type":"WebPage","@id":"https:\/\/miil.dev.almic.ee\/fi\/toode\/containex-standard-panoraamaikkunoilla-miiu2409764\/","url":"https:\/\/miil.dev.almic.ee\/fi\/toode\/containex-standard-panoraamaikkunoilla-miiu2409764\/","name":"Containex Standard panoraamaikkunoilla MIIU2409764 - Miil O\u00dc","isPartOf":{"@id":"https:\/\/miil.dev.almic.ee\/#website"},"primaryImageOfPage":{"@id":"https:\/\/miil.dev.almic.ee\/fi\/toode\/containex-standard-panoraamaikkunoilla-miiu2409764\/#primaryimage"},"image":{"@id":"https:\/\/miil.dev.almic.ee\/fi\/toode\/containex-standard-panoraamaikkunoilla-miiu2409764\/#primaryimage"},"thumbnailUrl":"https:\/\/miil.dev.almic.ee\/wp-content\/uploads\/2025\/01\/Panoraamaknaga-Soojak-scaled.jpg","datePublished":"2025-01-28T07:48:56+00:00","dateModified":"2025-02-06T14:55:18+00:00","description":"Containex Standard panoraamaikkunoilla MIIU2409764 | M\u00f6kit vuokralle ja myyntiin | Minitalot ja -m\u00f6kit | M\u00f6kkien vuokraus ja myynti | Kuljetus ja korjaukset","breadcrumb":{"@id":"https:\/\/miil.dev.almic.ee\/fi\/toode\/containex-standard-panoraamaikkunoilla-miiu2409764\/#breadcrumb"},"inLanguage":"fi","potentialAction":[{"@type":"ReadAction","target":["https:\/\/miil.dev.almic.ee\/fi\/toode\/containex-standard-panoraamaikkunoilla-miiu2409764\/"]}]},{"@type":"ImageObject","inLanguage":"fi","@id":"https:\/\/miil.dev.almic.ee\/fi\/toode\/containex-standard-panoraamaikkunoilla-miiu2409764\/#primaryimage","url":"https:\/\/miil.dev.almic.ee\/wp-content\/uploads\/2025\/01\/Panoraamaknaga-Soojak-scaled.jpg","contentUrl":"https:\/\/miil.dev.almic.ee\/wp-content\/uploads\/2025\/01\/Panoraamaknaga-Soojak-scaled.jpg","width":1900,"height":1425},{"@type":"BreadcrumbList","@id":"https:\/\/miil.dev.almic.ee\/fi\/toode\/containex-standard-panoraamaikkunoilla-miiu2409764\/#breadcrumb","itemListElement":[{"@type":"ListItem","position":1,"name":"Home","item":"https:\/\/miil.dev.almic.ee\/fi\/"},{"@type":"ListItem","position":2,"name":"Kauppa","item":"https:\/\/miil.dev.almic.ee\/fi\/kauppa\/"},{"@type":"ListItem","position":3,"name":"Containex Standard panoraamaikkunoilla MIIU2409764"}]},{"@type":"WebSite","@id":"https:\/\/miil.dev.almic.ee\/#website","url":"https:\/\/miil.dev.almic.ee\/","name":"Miil O\u00dc","description":"Konteinerveod","publisher":{"@id":"https:\/\/miil.dev.almic.ee\/#organization"},"potentialAction":[{"@type":"SearchAction","target":{"@type":"EntryPoint","urlTemplate":"https:\/\/miil.dev.almic.ee\/?s={search_term_string}"},"query-input":{"@type":"PropertyValueSpecification","valueRequired":true,"valueName":"search_term_string"}}],"inLanguage":"fi"},{"@type":"Organization","@id":"https:\/\/miil.dev.almic.ee\/#organization","name":"Miil O\u00dc","url":"https:\/\/miil.dev.almic.ee\/","logo":{"@type":"ImageObject","inLanguage":"fi","@id":"https:\/\/miil.dev.almic.ee\/#\/schema\/logo\/image\/","url":"https:\/\/www.miil.ee\/wp-content\/uploads\/2022\/02\/Miil-logo.svg","contentUrl":"https:\/\/www.miil.ee\/wp-content\/uploads\/2022\/02\/Miil-logo.svg","width":"1024","height":"1024","caption":"Miil O\u00dc"},"image":{"@id":"https:\/\/miil.dev.almic.ee\/#\/schema\/logo\/image\/"},"sameAs":["https:\/\/www.facebook.com\/konteinerveod\/","https:\/\/www.instagram.com\/ou_miil\/"]}]},"product_price_amount":"9450.00","product_price_currency":"EUR","og_availability":"instock","product_availability":"instock","product_retailer_item_id":"MIIU2409764","product_condition":"new"},"_links":{"self":[{"href":"https:\/\/miil.dev.almic.ee\/fi\/wp-json\/wp\/v2\/product\/85847","targetHints":{"allow":["GET"]}}],"collection":[{"href":"https:\/\/miil.dev.almic.ee\/fi\/wp-json\/wp\/v2\/product"}],"about":[{"href":"https:\/\/miil.dev.almic.ee\/fi\/wp-json\/wp\/v2\/types\/product"}],"replies":[{"embeddable":true,"href":"https:\/\/miil.dev.almic.ee\/fi\/wp-json\/wp\/v2\/comments?post=85847"}],"wp:featuredmedia":[{"embeddable":true,"href":"https:\/\/miil.dev.almic.ee\/fi\/wp-json\/wp\/v2\/media\/85882"}],"wp:attachment":[{"href":"https:\/\/miil.dev.almic.ee\/fi\/wp-json\/wp\/v2\/media?parent=85847"}],"wp:term":[{"taxonomy":"product_cat","embeddable":true,"href":"https:\/\/miil.dev.almic.ee\/fi\/wp-json\/wp\/v2\/product_cat?post=85847"},{"taxonomy":"product_tag","embeddable":true,"href":"https:\/\/miil.dev.almic.ee\/fi\/wp-json\/wp\/v2\/product_tag?post=85847"}],"curies":[{"name":"wp","href":"https:\/\/api.w.org\/{rel}","templated":true}]}}