{"id":85841,"date":"2025-01-27T17:37:05","date_gmt":"2025-01-27T15:37:06","guid":{"rendered":"https:\/\/www.miil.ee\/?post_type=product&#038;p=85841"},"modified":"2025-01-28T15:20:57","modified_gmt":"2025-01-28T13:20:57","slug":"multilift-konttirullat","status":"publish","type":"product","link":"https:\/\/miil.dev.almic.ee\/fi\/toode\/multilift-konttirullat\/","title":{"rendered":"Multilift-konttirullat"},"content":{"rendered":"<h1>Multilift-konttirullat<\/h1>\n<p>Multilift-konttirullat ovat raskaita py\u00f6ri\u00e4, jotka on suunniteltu k\u00e4ytett\u00e4viksi Multilift-j\u00e4rjestelmien kanssa, joita k\u00e4ytet\u00e4\u00e4n konttien nostamiseen ja kuljettamiseen. N\u00e4m\u00e4 py\u00f6r\u00e4t on rakennettu kest\u00e4m\u00e4\u00e4n huomattavaa painoa ja toistuvia liikkeit\u00e4, mik\u00e4 takaa sujuvan liikkuvuuden eri pinnoilla. Valmistettu kest\u00e4v\u00e4st\u00e4 materiaalista, kuten ter\u00e4ksest\u00e4, ne tarjoavat vakautta ja luotettavuutta vaativissa ymp\u00e4rist\u00f6iss\u00e4, kuten rakennusty\u00f6mailla, varastoissa ja teollisuusalueilla.<\/p>\n<p>Asenna rullat vapaasti multilift-kontin tai tavallisen kuljetuskontin alle.<\/p>\n<ul>\n<li>Rullan halkaisija 159 mm.<\/li>\n<li>Rullan leveys 305mm.<\/li>\n<li>Rullan leveys akselin holkeista mitattuna 340mm.<\/li>\n<li>Akselin pituus 370mm.<\/li>\n<li>Akselin halkaisija 40 mm.<\/li>\n<\/ul>\n<p><strong>190\u20ac<\/strong>\/kpl, <strong>380\u20ac<\/strong>\/setti<\/p>\n<p><strong>Osta nyt, maksa my\u00f6hemmin<\/strong> -vaihtoehto saatavilla:<br \/>\nYksityisasiakkaille kumppanimme <a href=\"http:\/\/Inbank.ee\">Inbank.ee<\/a> kautta viitekoodilla &#8221;KONTEINER&#8221;.<br \/>\nYritysasiakkaille yhteisty\u00f6kumppanimme <span><a href=\"https:\/\/tenor.my.canva.site\/tenor-miil\">Tenor.ee<\/a><\/span> kautta<\/p>\n<h2>Multilift-konttirullat vai jotain muuta?<\/h2>\n<p>Huomaa, ett\u00e4 meill\u00e4 on kaikenlaisia \u200b\u200bhy\u00f6dyllisi\u00e4 varaosia kontteihin. Py\u00f6rist\u00e4 oviin, lukoista hyllyihin. T\u00e4ysi valikoima tarvikkeita l\u00f6ytyy <a href=\"https:\/\/www.miil.ee\/fi\/merekonteinerid\/lisavarusteet\/\">t\u00e4\u00e4lt\u00e4<\/a>!<\/p>\n<p>Kuljetuskonttikulmavalujen lis\u00e4ksi Meilt\u00e4 l\u00f6yd\u00e4t my\u00f6s erilaisia \u200b\u200bhyllyj\u00e4, aitoja, toimistom\u00f6kkej\u00e4, merikontteja ja ulkok\u00e4ym\u00e4l\u00e4t.<br \/>\nLevyhylly on ihanteellinen lis\u00e4tilan luomiseen autotalliin, ty\u00f6huoneeseen tai kellariin.<br \/>\nRengasteline soveltuu renkaiden s\u00e4ilytykseen sek\u00e4 ammattik\u00e4ytt\u00f6\u00f6n ett\u00e4 kotik\u00e4ytt\u00f6\u00f6n.<br \/>\nKaiken meilt\u00e4 ostetun tavaran tai tilap\u00e4isen rakentamisen ymp\u00e4rille voidaan vet\u00e4\u00e4 aita.<\/p>\n<p>Seuraa meit\u00e4 <a href=\"https:\/\/www.facebook.com\/konteinerveod\/\">Facebookissa<\/a> tai <a href=\"https:\/\/www.instagram.com\/ou_miil\/\">Instagramissa<\/a><\/p>\n","protected":false},"excerpt":{"rendered":"<p>Multilift-konttirullat ovat raskaita py\u00f6ri\u00e4, jotka on suunniteltu k\u00e4ytett\u00e4viksi Multilift-j\u00e4rjestelmien kanssa, joita k\u00e4ytet\u00e4\u00e4n konttien nostamiseen ja kuljettamiseen. N\u00e4m\u00e4 py\u00f6r\u00e4t on rakennettu kest\u00e4m\u00e4\u00e4n huomattavaa painoa ja toistuvia liikkeit\u00e4, mik\u00e4 takaa sujuvan liikkuvuuden eri pinnoilla.<\/p>\n","protected":false},"featured_media":85829,"comment_status":"open","ping_status":"closed","template":"","meta":{"_acf_changed":false},"product_cat":[335],"product_tag":[],"class_list":{"0":"post-85841","1":"product","2":"type-product","3":"status-publish","4":"has-post-thumbnail","6":"product_cat-lisavarusteet","8":"first","9":"instock","10":"sale","11":"shipping-taxable","12":"purchasable","13":"product-type-simple"},"acf":[],"yoast_head":"<!-- This site is optimized with the Yoast SEO Premium plugin v23.9 (Yoast SEO v27.5) - https:\/\/yoast.com\/product\/yoast-seo-premium-wordpress\/ -->\n<title>Multilift-konttirullat - Miil O\u00dc<\/title>\n<meta name=\"description\" content=\"Multilift-konttirullat | Lukittavat konttipy\u00f6r\u00e4t | Merikontin siirto | S\u00e4ili\u00f6n tarvikkeet | Py\u00f6r\u00e4t | Konttikuljetus | O\u00dc MIIL \u2b50\ufe0f\u2b50\ufe0f\u2b50\ufe0f\u2b50\ufe0f\u2b50\" \/>\n<meta name=\"robots\" content=\"index, follow, max-snippet:-1, max-image-preview:large, max-video-preview:-1\" \/>\n<link rel=\"canonical\" href=\"https:\/\/miil.dev.almic.ee\/fi\/toode\/multilift-konttirullat\/\" \/>\n<meta property=\"og:locale\" content=\"fi_FI\" \/>\n<meta property=\"og:type\" content=\"article\" \/>\n<meta property=\"og:title\" content=\"Multilift-konttirullat\" \/>\n<meta property=\"og:description\" content=\"Multilift-konttirullat | Lukittavat konttipy\u00f6r\u00e4t | Merikontin siirto | S\u00e4ili\u00f6n tarvikkeet | Py\u00f6r\u00e4t | Konttikuljetus | O\u00dc MIIL \u2b50\ufe0f\u2b50\ufe0f\u2b50\ufe0f\u2b50\ufe0f\u2b50\" \/>\n<meta property=\"og:url\" content=\"https:\/\/miil.dev.almic.ee\/fi\/toode\/multilift-konttirullat\/\" \/>\n<meta property=\"og:site_name\" content=\"Miil O\u00dc\" \/>\n<meta property=\"article:publisher\" content=\"https:\/\/www.facebook.com\/konteinerveod\/\" \/>\n<meta property=\"article:modified_time\" content=\"2025-01-28T13:20:57+00:00\" \/>\n<meta property=\"og:image\" content=\"https:\/\/miil.dev.almic.ee\/wp-content\/uploads\/2025\/01\/Rullikud-scaled.jpg\" \/>\n\t<meta property=\"og:image:width\" content=\"1900\" \/>\n\t<meta property=\"og:image:height\" content=\"1431\" \/>\n\t<meta property=\"og:image:type\" content=\"image\/jpeg\" \/>\n<meta name=\"twitter:card\" content=\"summary_large_image\" \/>\n<meta name=\"twitter:label1\" content=\"Hinta\" \/>\n\t<meta name=\"twitter:data1\" content=\"190,00&nbsp;&euro;\" \/>\n\t<meta name=\"twitter:label2\" content=\"Saatavuus\" \/>\n\t<meta name=\"twitter:data2\" content=\"Varastossa\" \/>\n<script type=\"application\/ld+json\" class=\"yoast-schema-graph\">{\"@context\":\"https:\\\/\\\/schema.org\",\"@graph\":[{\"@type\":\"WebPage\",\"@id\":\"https:\\\/\\\/miil.dev.almic.ee\\\/fi\\\/toode\\\/multilift-konttirullat\\\/\",\"url\":\"https:\\\/\\\/miil.dev.almic.ee\\\/fi\\\/toode\\\/multilift-konttirullat\\\/\",\"name\":\"Multilift-konttirullat - Miil O\u00dc\",\"isPartOf\":{\"@id\":\"https:\\\/\\\/miil.dev.almic.ee\\\/#website\"},\"primaryImageOfPage\":{\"@id\":\"https:\\\/\\\/miil.dev.almic.ee\\\/fi\\\/toode\\\/multilift-konttirullat\\\/#primaryimage\"},\"image\":{\"@id\":\"https:\\\/\\\/miil.dev.almic.ee\\\/fi\\\/toode\\\/multilift-konttirullat\\\/#primaryimage\"},\"thumbnailUrl\":\"https:\\\/\\\/miil.dev.almic.ee\\\/wp-content\\\/uploads\\\/2025\\\/01\\\/Rullikud-scaled.jpg\",\"datePublished\":\"2025-01-27T15:37:06+00:00\",\"dateModified\":\"2025-01-28T13:20:57+00:00\",\"description\":\"Multilift-konttirullat | Lukittavat konttipy\u00f6r\u00e4t | Merikontin siirto | S\u00e4ili\u00f6n tarvikkeet | Py\u00f6r\u00e4t | Konttikuljetus | O\u00dc MIIL \u2b50\ufe0f\u2b50\ufe0f\u2b50\ufe0f\u2b50\ufe0f\u2b50\",\"breadcrumb\":{\"@id\":\"https:\\\/\\\/miil.dev.almic.ee\\\/fi\\\/toode\\\/multilift-konttirullat\\\/#breadcrumb\"},\"inLanguage\":\"fi\",\"potentialAction\":[{\"@type\":\"ReadAction\",\"target\":[\"https:\\\/\\\/miil.dev.almic.ee\\\/fi\\\/toode\\\/multilift-konttirullat\\\/\"]}]},{\"@type\":\"ImageObject\",\"inLanguage\":\"fi\",\"@id\":\"https:\\\/\\\/miil.dev.almic.ee\\\/fi\\\/toode\\\/multilift-konttirullat\\\/#primaryimage\",\"url\":\"https:\\\/\\\/miil.dev.almic.ee\\\/wp-content\\\/uploads\\\/2025\\\/01\\\/Rullikud-scaled.jpg\",\"contentUrl\":\"https:\\\/\\\/miil.dev.almic.ee\\\/wp-content\\\/uploads\\\/2025\\\/01\\\/Rullikud-scaled.jpg\",\"width\":1900,\"height\":1431},{\"@type\":\"BreadcrumbList\",\"@id\":\"https:\\\/\\\/miil.dev.almic.ee\\\/fi\\\/toode\\\/multilift-konttirullat\\\/#breadcrumb\",\"itemListElement\":[{\"@type\":\"ListItem\",\"position\":1,\"name\":\"Home\",\"item\":\"https:\\\/\\\/miil.dev.almic.ee\\\/fi\\\/\"},{\"@type\":\"ListItem\",\"position\":2,\"name\":\"Kauppa\",\"item\":\"https:\\\/\\\/miil.dev.almic.ee\\\/fi\\\/kauppa\\\/\"},{\"@type\":\"ListItem\",\"position\":3,\"name\":\"Multilift-konttirullat\"}]},{\"@type\":\"WebSite\",\"@id\":\"https:\\\/\\\/miil.dev.almic.ee\\\/#website\",\"url\":\"https:\\\/\\\/miil.dev.almic.ee\\\/\",\"name\":\"Miil O\u00dc\",\"description\":\"Konteinerveod\",\"publisher\":{\"@id\":\"https:\\\/\\\/miil.dev.almic.ee\\\/#organization\"},\"potentialAction\":[{\"@type\":\"SearchAction\",\"target\":{\"@type\":\"EntryPoint\",\"urlTemplate\":\"https:\\\/\\\/miil.dev.almic.ee\\\/?s={search_term_string}\"},\"query-input\":{\"@type\":\"PropertyValueSpecification\",\"valueRequired\":true,\"valueName\":\"search_term_string\"}}],\"inLanguage\":\"fi\"},{\"@type\":\"Organization\",\"@id\":\"https:\\\/\\\/miil.dev.almic.ee\\\/#organization\",\"name\":\"Miil O\u00dc\",\"url\":\"https:\\\/\\\/miil.dev.almic.ee\\\/\",\"logo\":{\"@type\":\"ImageObject\",\"inLanguage\":\"fi\",\"@id\":\"https:\\\/\\\/miil.dev.almic.ee\\\/#\\\/schema\\\/logo\\\/image\\\/\",\"url\":\"https:\\\/\\\/www.miil.ee\\\/wp-content\\\/uploads\\\/2022\\\/02\\\/Miil-logo.svg\",\"contentUrl\":\"https:\\\/\\\/www.miil.ee\\\/wp-content\\\/uploads\\\/2022\\\/02\\\/Miil-logo.svg\",\"width\":\"1024\",\"height\":\"1024\",\"caption\":\"Miil O\u00dc\"},\"image\":{\"@id\":\"https:\\\/\\\/miil.dev.almic.ee\\\/#\\\/schema\\\/logo\\\/image\\\/\"},\"sameAs\":[\"https:\\\/\\\/www.facebook.com\\\/konteinerveod\\\/\",\"https:\\\/\\\/www.instagram.com\\\/ou_miil\\\/\"]}]}<\/script>\n<meta property=\"product:price:amount\" content=\"190.00\" \/>\n<meta property=\"product:price:currency\" content=\"EUR\" \/>\n<meta property=\"og:availability\" content=\"instock\" \/>\n<meta property=\"product:availability\" content=\"instock\" \/>\n<meta property=\"product:retailer_item_id\" content=\"MIIU3602200-1\" \/>\n<meta property=\"product:condition\" content=\"new\" \/>\n<!-- \/ Yoast SEO Premium plugin. -->","yoast_head_json":{"title":"Multilift-konttirullat - Miil O\u00dc","description":"Multilift-konttirullat | Lukittavat konttipy\u00f6r\u00e4t | Merikontin siirto | S\u00e4ili\u00f6n tarvikkeet | Py\u00f6r\u00e4t | Konttikuljetus | O\u00dc MIIL \u2b50\ufe0f\u2b50\ufe0f\u2b50\ufe0f\u2b50\ufe0f\u2b50","robots":{"index":"index","follow":"follow","max-snippet":"max-snippet:-1","max-image-preview":"max-image-preview:large","max-video-preview":"max-video-preview:-1"},"canonical":"https:\/\/miil.dev.almic.ee\/fi\/toode\/multilift-konttirullat\/","og_locale":"fi_FI","og_type":"article","og_title":"Multilift-konttirullat","og_description":"Multilift-konttirullat | Lukittavat konttipy\u00f6r\u00e4t | Merikontin siirto | S\u00e4ili\u00f6n tarvikkeet | Py\u00f6r\u00e4t | Konttikuljetus | O\u00dc MIIL \u2b50\ufe0f\u2b50\ufe0f\u2b50\ufe0f\u2b50\ufe0f\u2b50","og_url":"https:\/\/miil.dev.almic.ee\/fi\/toode\/multilift-konttirullat\/","og_site_name":"Miil O\u00dc","article_publisher":"https:\/\/www.facebook.com\/konteinerveod\/","article_modified_time":"2025-01-28T13:20:57+00:00","og_image":[{"width":1900,"height":1431,"url":"https:\/\/miil.dev.almic.ee\/wp-content\/uploads\/2025\/01\/Rullikud-scaled.jpg","type":"image\/jpeg"}],"twitter_card":"summary_large_image","twitter_misc":{"Hinta":"190,00&nbsp;&euro;","Saatavuus":"Varastossa"},"schema":{"@context":"https:\/\/schema.org","@graph":[{"@type":"WebPage","@id":"https:\/\/miil.dev.almic.ee\/fi\/toode\/multilift-konttirullat\/","url":"https:\/\/miil.dev.almic.ee\/fi\/toode\/multilift-konttirullat\/","name":"Multilift-konttirullat - Miil O\u00dc","isPartOf":{"@id":"https:\/\/miil.dev.almic.ee\/#website"},"primaryImageOfPage":{"@id":"https:\/\/miil.dev.almic.ee\/fi\/toode\/multilift-konttirullat\/#primaryimage"},"image":{"@id":"https:\/\/miil.dev.almic.ee\/fi\/toode\/multilift-konttirullat\/#primaryimage"},"thumbnailUrl":"https:\/\/miil.dev.almic.ee\/wp-content\/uploads\/2025\/01\/Rullikud-scaled.jpg","datePublished":"2025-01-27T15:37:06+00:00","dateModified":"2025-01-28T13:20:57+00:00","description":"Multilift-konttirullat | Lukittavat konttipy\u00f6r\u00e4t | Merikontin siirto | S\u00e4ili\u00f6n tarvikkeet | Py\u00f6r\u00e4t | Konttikuljetus | O\u00dc MIIL \u2b50\ufe0f\u2b50\ufe0f\u2b50\ufe0f\u2b50\ufe0f\u2b50","breadcrumb":{"@id":"https:\/\/miil.dev.almic.ee\/fi\/toode\/multilift-konttirullat\/#breadcrumb"},"inLanguage":"fi","potentialAction":[{"@type":"ReadAction","target":["https:\/\/miil.dev.almic.ee\/fi\/toode\/multilift-konttirullat\/"]}]},{"@type":"ImageObject","inLanguage":"fi","@id":"https:\/\/miil.dev.almic.ee\/fi\/toode\/multilift-konttirullat\/#primaryimage","url":"https:\/\/miil.dev.almic.ee\/wp-content\/uploads\/2025\/01\/Rullikud-scaled.jpg","contentUrl":"https:\/\/miil.dev.almic.ee\/wp-content\/uploads\/2025\/01\/Rullikud-scaled.jpg","width":1900,"height":1431},{"@type":"BreadcrumbList","@id":"https:\/\/miil.dev.almic.ee\/fi\/toode\/multilift-konttirullat\/#breadcrumb","itemListElement":[{"@type":"ListItem","position":1,"name":"Home","item":"https:\/\/miil.dev.almic.ee\/fi\/"},{"@type":"ListItem","position":2,"name":"Kauppa","item":"https:\/\/miil.dev.almic.ee\/fi\/kauppa\/"},{"@type":"ListItem","position":3,"name":"Multilift-konttirullat"}]},{"@type":"WebSite","@id":"https:\/\/miil.dev.almic.ee\/#website","url":"https:\/\/miil.dev.almic.ee\/","name":"Miil O\u00dc","description":"Konteinerveod","publisher":{"@id":"https:\/\/miil.dev.almic.ee\/#organization"},"potentialAction":[{"@type":"SearchAction","target":{"@type":"EntryPoint","urlTemplate":"https:\/\/miil.dev.almic.ee\/?s={search_term_string}"},"query-input":{"@type":"PropertyValueSpecification","valueRequired":true,"valueName":"search_term_string"}}],"inLanguage":"fi"},{"@type":"Organization","@id":"https:\/\/miil.dev.almic.ee\/#organization","name":"Miil O\u00dc","url":"https:\/\/miil.dev.almic.ee\/","logo":{"@type":"ImageObject","inLanguage":"fi","@id":"https:\/\/miil.dev.almic.ee\/#\/schema\/logo\/image\/","url":"https:\/\/www.miil.ee\/wp-content\/uploads\/2022\/02\/Miil-logo.svg","contentUrl":"https:\/\/www.miil.ee\/wp-content\/uploads\/2022\/02\/Miil-logo.svg","width":"1024","height":"1024","caption":"Miil O\u00dc"},"image":{"@id":"https:\/\/miil.dev.almic.ee\/#\/schema\/logo\/image\/"},"sameAs":["https:\/\/www.facebook.com\/konteinerveod\/","https:\/\/www.instagram.com\/ou_miil\/"]}]},"product_price_amount":"190.00","product_price_currency":"EUR","og_availability":"instock","product_availability":"instock","product_retailer_item_id":"MIIU3602200-1","product_condition":"new"},"_links":{"self":[{"href":"https:\/\/miil.dev.almic.ee\/fi\/wp-json\/wp\/v2\/product\/85841","targetHints":{"allow":["GET"]}}],"collection":[{"href":"https:\/\/miil.dev.almic.ee\/fi\/wp-json\/wp\/v2\/product"}],"about":[{"href":"https:\/\/miil.dev.almic.ee\/fi\/wp-json\/wp\/v2\/types\/product"}],"replies":[{"embeddable":true,"href":"https:\/\/miil.dev.almic.ee\/fi\/wp-json\/wp\/v2\/comments?post=85841"}],"wp:featuredmedia":[{"embeddable":true,"href":"https:\/\/miil.dev.almic.ee\/fi\/wp-json\/wp\/v2\/media\/85829"}],"wp:attachment":[{"href":"https:\/\/miil.dev.almic.ee\/fi\/wp-json\/wp\/v2\/media?parent=85841"}],"wp:term":[{"taxonomy":"product_cat","embeddable":true,"href":"https:\/\/miil.dev.almic.ee\/fi\/wp-json\/wp\/v2\/product_cat?post=85841"},{"taxonomy":"product_tag","embeddable":true,"href":"https:\/\/miil.dev.almic.ee\/fi\/wp-json\/wp\/v2\/product_tag?post=85841"}],"curies":[{"name":"wp","href":"https:\/\/api.w.org\/{rel}","templated":true}]}}