{"id":85294,"date":"2025-01-24T14:55:58","date_gmt":"2025-01-24T12:55:58","guid":{"rendered":"https:\/\/www.miil.ee\/?post_type=product&#038;p=85294"},"modified":"2025-06-20T12:44:29","modified_gmt":"2025-06-20T09:44:29","slug":"eristetty-20dc-sailytysastia","status":"publish","type":"product","link":"https:\/\/miil.dev.almic.ee\/fi\/toode\/eristetty-20dc-sailytysastia\/","title":{"rendered":"Eristetty 20DC s\u00e4ilytysastia (tilauksesta)"},"content":{"rendered":"<h1>Eristetty pieni s\u00e4ilytysastia.<\/h1>\n<p>Eristetty 20DC s\u00e4ilytysastia on tarkoitettu akkujen s\u00e4ilytykseen aurinkopuiston viereen.<br \/>\nSein\u00e4eristys 60mm PIR, pohja 120mm PU, lis\u00e4tty tuuletusaukot ja viimeistelylistat.<br \/>\nUusi ja edustava ratkaisu, joka sopii my\u00f6s kotipihalle tai liiketilaan.<\/p>\n<p><strong>Kontti<\/strong>: 2690.- + ALV<br \/>\n<strong>Eristys<\/strong>: 2990.- + ALV<br \/>\n(*voi tehd\u00e4 my\u00f6s lattian lis\u00e4eristyksen PU:lla: 975,- + ALV)<\/p>\n<ul>\n<li>S\u00e4\u00e4nkest\u00e4v\u00e4 takuu 50 vuotta.<\/li>\n<li>Kuvat vastaavat mainostettua konttia.<\/li>\n<li>S\u00e4ili\u00f6t on valmistettu s\u00e4\u00e4nkest\u00e4v\u00e4st\u00e4 ter\u00e4ksest\u00e4.<\/li>\n<li>Varastokontissa on yhteens\u00e4 kaksi lenkki\u00e4, jotka sijaitsevat korkeammalla kuin merikontin lenkit.<\/li>\n<li>Kahden oven keskell\u00e4 on lukkosuoja.<\/li>\n<li>Lis\u00e4tuuletus.<\/li>\n<li>Merikontin vuokraus on mahdollista sopimuksen mukaan.<\/li>\n<li>Kaikki kontit valmistetaan Aasiassa.<\/li>\n<li>Parhaan hinnan takuu!<\/li>\n<\/ul>\n<p><strong>Osta nyt, maksa my\u00f6hemmin<\/strong> -vaihtoehto saatavilla:<br \/>\nYksityisasiakkaille kumppanimme <a href=\"https:\/\/inbank.ee\/laen\/vaikelaen\">Inbank.ee<\/a> kautta viitekoodilla &#8221;KONTEINER&#8221;.<br \/>\nYritysasiakkaille yhteisty\u00f6kumppanimme <a href=\"https:\/\/tenor.my.canva.site\/tenor-miil\">Tenor.ee<\/a> kautta.<\/p>\n<h2>Miksi on tarpeen lis\u00e4t\u00e4 eristyst\u00e4 akkuja varastoitaessa?<\/h2>\n<p>Eristys on t\u00e4rke\u00e4\u00e4 akkuja s\u00e4ilytett\u00e4ess\u00e4, koska se auttaa s\u00e4\u00e4telem\u00e4\u00e4n l\u00e4mp\u00f6tilaa, est\u00e4en akkujen kuumenemisen tai liian kylm\u00e4n, mik\u00e4 voi lyhent\u00e4\u00e4 niiden k\u00e4ytt\u00f6ik\u00e4\u00e4 tai jopa aiheuttaa vahinkoja. \u00c4\u00e4rimm\u00e4iset l\u00e4mp\u00f6tilat, joko liian kuumat tai liian kylm\u00e4t, voivat saada akun heikkenem\u00e4\u00e4n nopeammin, menett\u00e4\u00e4 kapasiteettia tai mahdollisesti ep\u00e4onnistua. Eristys auttaa yll\u00e4pit\u00e4m\u00e4\u00e4n tasaisen l\u00e4mp\u00f6tilan ja pit\u00e4m\u00e4\u00e4n akut toiminnassa pidemp\u00e4\u00e4n.<\/p>\n<h2>Miten kontin hinta lasketaan?<\/h2>\n<p>Merikontin hinta riippuu monesta asiasta, mutta myyntihinta liittyy yleens\u00e4 kontin kuntoon.<br \/>\nHintaan vaikuttavat my\u00f6s kontin hankintahinta, kontin saapumistapa terminaaliin, kontin sijainti terminaalissa ja onko kontista loppuneet lis\u00e4kulut, kuten v\u00e4lisiivous, sis\u00e4siivous tai remontti. . Jotta voimme palvella asiakkaitamme paremmin, myyntipisteemme sijaitsevat eri puolilla Viroa. P\u00e4\u00e4kaupungin ulkopuolella olevan kontin hinta riippuu my\u00f6s siit\u00e4, miten se kuljetetaan terminaalien v\u00e4lill\u00e4.<\/p>\n<h2>Eristetty 20DC s\u00e4ilytysastia \u2013 Kuljetus ja nosto?<\/h2>\n<p>Sopivan kontin valinnan j\u00e4lkeen voimme hoitaa pakkaamisen ja kuljetuksen.<br \/>\nK\u00e4yt\u00e4mme kuljetukseen\u00a0<a href=\"https:\/\/www.miil.ee\/fi\/palvelut\/nosturi\/\">nosturia<\/a>\u00a0tai\u00a0<a href=\"https:\/\/www.miil.ee\/fi\/palvelut\/sideloader\/\">sideloader<\/a><br \/>\nmonimutkaisempi kuljetus on mahdollista\u00a0<a href=\"https:\/\/www.miil.ee\/fi\/palvelut\/ram-kippauslaite\/\">RAM per\u00e4vaunulla<\/a>.<br \/>\nKun olet ostanut sen, s\u00e4ilyt\u00e4mme konttisi terminaalissamme maksutta jopa kuusi kuukautta.<br \/>\nAina on mahdollista sopia pidemm\u00e4st\u00e4kin ajanjaksosta.<br \/>\nEsimerkiksi jos paikka ei ole viel\u00e4 valmis tai k\u00e4ytett\u00e4viss\u00e4 kontin toimittamiseksi.<br \/>\nT\u00e4ll\u00f6in kontin hinta ei muutu ja voit olla varma, ett\u00e4 saat valitun kontin sovittuna aikana.<\/p>\n<ul>\n<li>Parhaan hinnan takuu \u2013 teemme aina parhaan tarjouksen kontista.<\/li>\n<\/ul>\n<p>Seuraa meit\u00e4\u00a0<a href=\"https:\/\/www.facebook.com\/konteinerveod\/\">Facebook<\/a>\u00a0tai\u00a0<a href=\"https:\/\/www.instagram.com\/ou_miil\/\">Instagram<\/a><\/p>\n","protected":false},"excerpt":{"rendered":"<p>Akkujen s\u00e4ilytysastian erist\u00e4minen on loistava tapa luoda energiatehokas s\u00e4ilytysratkaisu. Lis\u00e4\u00e4m\u00e4ll\u00e4 eristyst\u00e4 seiniin, lattiaan ja kattoon autat yll\u00e4pit\u00e4m\u00e4\u00e4n tasaista sis\u00e4l\u00e4mp\u00f6tilaa, mik\u00e4 on t\u00e4rke\u00e4\u00e4 akkujen k\u00e4ytt\u00f6i\u00e4n ja suorituskyvyn pident\u00e4miseksi.<\/p>\n","protected":false},"featured_media":85309,"comment_status":"closed","ping_status":"closed","template":"","meta":{"_acf_changed":false},"product_cat":[355,451,455,347],"product_tag":[],"class_list":{"0":"post-85294","1":"product","2":"type-product","3":"status-publish","4":"has-post-thumbnail","6":"product_cat-uudet-kontit","7":"product_cat-20-6-metria-fi","8":"product_cat-20-dc-vakio-fi","9":"product_cat-tekniikka","11":"first","12":"instock","13":"shipping-taxable","14":"purchasable","15":"product-type-simple"},"acf":[],"yoast_head":"<!-- This site is optimized with the Yoast SEO Premium plugin v23.9 (Yoast SEO v27.5) - https:\/\/yoast.com\/product\/yoast-seo-premium-wordpress\/ -->\n<title>Eristetty 20DC s\u00e4ilytysastia - Miil O\u00dc - The Best in Finland!<\/title>\n<meta name=\"description\" content=\"Eristetty 20DC s\u00e4ilytysastia | Konttien muuntaminen | Konttien myynti | Eristetyt konttien | Konttikuljetukset | Tuuletuss\u00e4ili\u00f6 | The best in Finland!\" \/>\n<meta name=\"robots\" content=\"index, follow, max-snippet:-1, max-image-preview:large, max-video-preview:-1\" \/>\n<link rel=\"canonical\" href=\"https:\/\/miil.dev.almic.ee\/fi\/toode\/eristetty-20dc-sailytysastia\/\" \/>\n<meta property=\"og:locale\" content=\"fi_FI\" \/>\n<meta property=\"og:type\" content=\"article\" \/>\n<meta property=\"og:title\" content=\"Eristetty 20DC s\u00e4ilytysastia (tilauksesta)\" \/>\n<meta property=\"og:description\" content=\"Eristetty 20DC s\u00e4ilytysastia | Konttien muuntaminen | Konttien myynti | Eristetyt konttien | Konttikuljetukset | Tuuletuss\u00e4ili\u00f6 | The best in Finland!\" \/>\n<meta property=\"og:url\" content=\"https:\/\/miil.dev.almic.ee\/fi\/toode\/eristetty-20dc-sailytysastia\/\" \/>\n<meta property=\"og:site_name\" content=\"Miil O\u00dc\" \/>\n<meta property=\"article:publisher\" content=\"https:\/\/www.facebook.com\/konteinerveod\/\" \/>\n<meta property=\"article:modified_time\" content=\"2025-06-20T09:44:29+00:00\" \/>\n<meta property=\"og:image\" content=\"https:\/\/miil.dev.almic.ee\/wp-content\/uploads\/2025\/01\/3c16a1b9-5461-4ebc-89b0-6943d948aa7d-scaled.jpg\" \/>\n\t<meta property=\"og:image:width\" content=\"1900\" \/>\n\t<meta property=\"og:image:height\" content=\"1425\" \/>\n\t<meta property=\"og:image:type\" content=\"image\/jpeg\" \/>\n<meta name=\"twitter:card\" content=\"summary_large_image\" \/>\n<meta name=\"twitter:label1\" content=\"Hinta\" \/>\n\t<meta name=\"twitter:data1\" content=\"7490,00&nbsp;&euro;\" \/>\n\t<meta name=\"twitter:label2\" content=\"Saatavuus\" \/>\n\t<meta name=\"twitter:data2\" content=\"Varastossa\" \/>\n<script type=\"application\/ld+json\" class=\"yoast-schema-graph\">{\"@context\":\"https:\\\/\\\/schema.org\",\"@graph\":[{\"@type\":\"WebPage\",\"@id\":\"https:\\\/\\\/miil.dev.almic.ee\\\/fi\\\/toode\\\/eristetty-20dc-sailytysastia\\\/\",\"url\":\"https:\\\/\\\/miil.dev.almic.ee\\\/fi\\\/toode\\\/eristetty-20dc-sailytysastia\\\/\",\"name\":\"Eristetty 20DC s\u00e4ilytysastia - Miil O\u00dc - The Best in Finland!\",\"isPartOf\":{\"@id\":\"https:\\\/\\\/miil.dev.almic.ee\\\/#website\"},\"primaryImageOfPage\":{\"@id\":\"https:\\\/\\\/miil.dev.almic.ee\\\/fi\\\/toode\\\/eristetty-20dc-sailytysastia\\\/#primaryimage\"},\"image\":{\"@id\":\"https:\\\/\\\/miil.dev.almic.ee\\\/fi\\\/toode\\\/eristetty-20dc-sailytysastia\\\/#primaryimage\"},\"thumbnailUrl\":\"https:\\\/\\\/miil.dev.almic.ee\\\/wp-content\\\/uploads\\\/2025\\\/01\\\/3c16a1b9-5461-4ebc-89b0-6943d948aa7d-scaled.jpg\",\"datePublished\":\"2025-01-24T12:55:58+00:00\",\"dateModified\":\"2025-06-20T09:44:29+00:00\",\"description\":\"Eristetty 20DC s\u00e4ilytysastia | Konttien muuntaminen | Konttien myynti | Eristetyt konttien | Konttikuljetukset | Tuuletuss\u00e4ili\u00f6 | The best in Finland!\",\"breadcrumb\":{\"@id\":\"https:\\\/\\\/miil.dev.almic.ee\\\/fi\\\/toode\\\/eristetty-20dc-sailytysastia\\\/#breadcrumb\"},\"inLanguage\":\"fi\",\"potentialAction\":[{\"@type\":\"ReadAction\",\"target\":[\"https:\\\/\\\/miil.dev.almic.ee\\\/fi\\\/toode\\\/eristetty-20dc-sailytysastia\\\/\"]}]},{\"@type\":\"ImageObject\",\"inLanguage\":\"fi\",\"@id\":\"https:\\\/\\\/miil.dev.almic.ee\\\/fi\\\/toode\\\/eristetty-20dc-sailytysastia\\\/#primaryimage\",\"url\":\"https:\\\/\\\/miil.dev.almic.ee\\\/wp-content\\\/uploads\\\/2025\\\/01\\\/3c16a1b9-5461-4ebc-89b0-6943d948aa7d-scaled.jpg\",\"contentUrl\":\"https:\\\/\\\/miil.dev.almic.ee\\\/wp-content\\\/uploads\\\/2025\\\/01\\\/3c16a1b9-5461-4ebc-89b0-6943d948aa7d-scaled.jpg\",\"width\":1900,\"height\":1425},{\"@type\":\"BreadcrumbList\",\"@id\":\"https:\\\/\\\/miil.dev.almic.ee\\\/fi\\\/toode\\\/eristetty-20dc-sailytysastia\\\/#breadcrumb\",\"itemListElement\":[{\"@type\":\"ListItem\",\"position\":1,\"name\":\"Home\",\"item\":\"https:\\\/\\\/miil.dev.almic.ee\\\/fi\\\/\"},{\"@type\":\"ListItem\",\"position\":2,\"name\":\"Kauppa\",\"item\":\"https:\\\/\\\/miil.dev.almic.ee\\\/fi\\\/kauppa\\\/\"},{\"@type\":\"ListItem\",\"position\":3,\"name\":\"Eristetty 20DC s\u00e4ilytysastia (tilauksesta)\"}]},{\"@type\":\"WebSite\",\"@id\":\"https:\\\/\\\/miil.dev.almic.ee\\\/#website\",\"url\":\"https:\\\/\\\/miil.dev.almic.ee\\\/\",\"name\":\"Miil O\u00dc\",\"description\":\"Konteinerveod\",\"publisher\":{\"@id\":\"https:\\\/\\\/miil.dev.almic.ee\\\/#organization\"},\"potentialAction\":[{\"@type\":\"SearchAction\",\"target\":{\"@type\":\"EntryPoint\",\"urlTemplate\":\"https:\\\/\\\/miil.dev.almic.ee\\\/?s={search_term_string}\"},\"query-input\":{\"@type\":\"PropertyValueSpecification\",\"valueRequired\":true,\"valueName\":\"search_term_string\"}}],\"inLanguage\":\"fi\"},{\"@type\":\"Organization\",\"@id\":\"https:\\\/\\\/miil.dev.almic.ee\\\/#organization\",\"name\":\"Miil O\u00dc\",\"url\":\"https:\\\/\\\/miil.dev.almic.ee\\\/\",\"logo\":{\"@type\":\"ImageObject\",\"inLanguage\":\"fi\",\"@id\":\"https:\\\/\\\/miil.dev.almic.ee\\\/#\\\/schema\\\/logo\\\/image\\\/\",\"url\":\"https:\\\/\\\/www.miil.ee\\\/wp-content\\\/uploads\\\/2022\\\/02\\\/Miil-logo.svg\",\"contentUrl\":\"https:\\\/\\\/www.miil.ee\\\/wp-content\\\/uploads\\\/2022\\\/02\\\/Miil-logo.svg\",\"width\":\"1024\",\"height\":\"1024\",\"caption\":\"Miil O\u00dc\"},\"image\":{\"@id\":\"https:\\\/\\\/miil.dev.almic.ee\\\/#\\\/schema\\\/logo\\\/image\\\/\"},\"sameAs\":[\"https:\\\/\\\/www.facebook.com\\\/konteinerveod\\\/\",\"https:\\\/\\\/www.instagram.com\\\/ou_miil\\\/\"]}]}<\/script>\n<meta property=\"product:price:amount\" content=\"7490.00\" \/>\n<meta property=\"product:price:currency\" content=\"EUR\" \/>\n<meta property=\"og:availability\" content=\"instock\" \/>\n<meta property=\"product:availability\" content=\"instock\" \/>\n<meta property=\"product:retailer_item_id\" content=\"MIIU8893103\" \/>\n<meta property=\"product:condition\" content=\"new\" \/>\n<!-- \/ Yoast SEO Premium plugin. -->","yoast_head_json":{"title":"Eristetty 20DC s\u00e4ilytysastia - Miil O\u00dc - The Best in Finland!","description":"Eristetty 20DC s\u00e4ilytysastia | Konttien muuntaminen | Konttien myynti | Eristetyt konttien | Konttikuljetukset | Tuuletuss\u00e4ili\u00f6 | The best in Finland!","robots":{"index":"index","follow":"follow","max-snippet":"max-snippet:-1","max-image-preview":"max-image-preview:large","max-video-preview":"max-video-preview:-1"},"canonical":"https:\/\/miil.dev.almic.ee\/fi\/toode\/eristetty-20dc-sailytysastia\/","og_locale":"fi_FI","og_type":"article","og_title":"Eristetty 20DC s\u00e4ilytysastia (tilauksesta)","og_description":"Eristetty 20DC s\u00e4ilytysastia | Konttien muuntaminen | Konttien myynti | Eristetyt konttien | Konttikuljetukset | Tuuletuss\u00e4ili\u00f6 | The best in Finland!","og_url":"https:\/\/miil.dev.almic.ee\/fi\/toode\/eristetty-20dc-sailytysastia\/","og_site_name":"Miil O\u00dc","article_publisher":"https:\/\/www.facebook.com\/konteinerveod\/","article_modified_time":"2025-06-20T09:44:29+00:00","og_image":[{"width":1900,"height":1425,"url":"https:\/\/miil.dev.almic.ee\/wp-content\/uploads\/2025\/01\/3c16a1b9-5461-4ebc-89b0-6943d948aa7d-scaled.jpg","type":"image\/jpeg"}],"twitter_card":"summary_large_image","twitter_misc":{"Hinta":"7490,00&nbsp;&euro;","Saatavuus":"Varastossa"},"schema":{"@context":"https:\/\/schema.org","@graph":[{"@type":"WebPage","@id":"https:\/\/miil.dev.almic.ee\/fi\/toode\/eristetty-20dc-sailytysastia\/","url":"https:\/\/miil.dev.almic.ee\/fi\/toode\/eristetty-20dc-sailytysastia\/","name":"Eristetty 20DC s\u00e4ilytysastia - Miil O\u00dc - The Best in Finland!","isPartOf":{"@id":"https:\/\/miil.dev.almic.ee\/#website"},"primaryImageOfPage":{"@id":"https:\/\/miil.dev.almic.ee\/fi\/toode\/eristetty-20dc-sailytysastia\/#primaryimage"},"image":{"@id":"https:\/\/miil.dev.almic.ee\/fi\/toode\/eristetty-20dc-sailytysastia\/#primaryimage"},"thumbnailUrl":"https:\/\/miil.dev.almic.ee\/wp-content\/uploads\/2025\/01\/3c16a1b9-5461-4ebc-89b0-6943d948aa7d-scaled.jpg","datePublished":"2025-01-24T12:55:58+00:00","dateModified":"2025-06-20T09:44:29+00:00","description":"Eristetty 20DC s\u00e4ilytysastia | Konttien muuntaminen | Konttien myynti | Eristetyt konttien | Konttikuljetukset | Tuuletuss\u00e4ili\u00f6 | The best in Finland!","breadcrumb":{"@id":"https:\/\/miil.dev.almic.ee\/fi\/toode\/eristetty-20dc-sailytysastia\/#breadcrumb"},"inLanguage":"fi","potentialAction":[{"@type":"ReadAction","target":["https:\/\/miil.dev.almic.ee\/fi\/toode\/eristetty-20dc-sailytysastia\/"]}]},{"@type":"ImageObject","inLanguage":"fi","@id":"https:\/\/miil.dev.almic.ee\/fi\/toode\/eristetty-20dc-sailytysastia\/#primaryimage","url":"https:\/\/miil.dev.almic.ee\/wp-content\/uploads\/2025\/01\/3c16a1b9-5461-4ebc-89b0-6943d948aa7d-scaled.jpg","contentUrl":"https:\/\/miil.dev.almic.ee\/wp-content\/uploads\/2025\/01\/3c16a1b9-5461-4ebc-89b0-6943d948aa7d-scaled.jpg","width":1900,"height":1425},{"@type":"BreadcrumbList","@id":"https:\/\/miil.dev.almic.ee\/fi\/toode\/eristetty-20dc-sailytysastia\/#breadcrumb","itemListElement":[{"@type":"ListItem","position":1,"name":"Home","item":"https:\/\/miil.dev.almic.ee\/fi\/"},{"@type":"ListItem","position":2,"name":"Kauppa","item":"https:\/\/miil.dev.almic.ee\/fi\/kauppa\/"},{"@type":"ListItem","position":3,"name":"Eristetty 20DC s\u00e4ilytysastia (tilauksesta)"}]},{"@type":"WebSite","@id":"https:\/\/miil.dev.almic.ee\/#website","url":"https:\/\/miil.dev.almic.ee\/","name":"Miil O\u00dc","description":"Konteinerveod","publisher":{"@id":"https:\/\/miil.dev.almic.ee\/#organization"},"potentialAction":[{"@type":"SearchAction","target":{"@type":"EntryPoint","urlTemplate":"https:\/\/miil.dev.almic.ee\/?s={search_term_string}"},"query-input":{"@type":"PropertyValueSpecification","valueRequired":true,"valueName":"search_term_string"}}],"inLanguage":"fi"},{"@type":"Organization","@id":"https:\/\/miil.dev.almic.ee\/#organization","name":"Miil O\u00dc","url":"https:\/\/miil.dev.almic.ee\/","logo":{"@type":"ImageObject","inLanguage":"fi","@id":"https:\/\/miil.dev.almic.ee\/#\/schema\/logo\/image\/","url":"https:\/\/www.miil.ee\/wp-content\/uploads\/2022\/02\/Miil-logo.svg","contentUrl":"https:\/\/www.miil.ee\/wp-content\/uploads\/2022\/02\/Miil-logo.svg","width":"1024","height":"1024","caption":"Miil O\u00dc"},"image":{"@id":"https:\/\/miil.dev.almic.ee\/#\/schema\/logo\/image\/"},"sameAs":["https:\/\/www.facebook.com\/konteinerveod\/","https:\/\/www.instagram.com\/ou_miil\/"]}]},"product_price_amount":"7490.00","product_price_currency":"EUR","og_availability":"instock","product_availability":"instock","product_retailer_item_id":"MIIU8893103","product_condition":"new"},"_links":{"self":[{"href":"https:\/\/miil.dev.almic.ee\/fi\/wp-json\/wp\/v2\/product\/85294","targetHints":{"allow":["GET"]}}],"collection":[{"href":"https:\/\/miil.dev.almic.ee\/fi\/wp-json\/wp\/v2\/product"}],"about":[{"href":"https:\/\/miil.dev.almic.ee\/fi\/wp-json\/wp\/v2\/types\/product"}],"replies":[{"embeddable":true,"href":"https:\/\/miil.dev.almic.ee\/fi\/wp-json\/wp\/v2\/comments?post=85294"}],"wp:featuredmedia":[{"embeddable":true,"href":"https:\/\/miil.dev.almic.ee\/fi\/wp-json\/wp\/v2\/media\/85309"}],"wp:attachment":[{"href":"https:\/\/miil.dev.almic.ee\/fi\/wp-json\/wp\/v2\/media?parent=85294"}],"wp:term":[{"taxonomy":"product_cat","embeddable":true,"href":"https:\/\/miil.dev.almic.ee\/fi\/wp-json\/wp\/v2\/product_cat?post=85294"},{"taxonomy":"product_tag","embeddable":true,"href":"https:\/\/miil.dev.almic.ee\/fi\/wp-json\/wp\/v2\/product_tag?post=85294"}],"curies":[{"name":"wp","href":"https:\/\/api.w.org\/{rel}","templated":true}]}}