{"id":84441,"date":"2025-01-14T17:45:00","date_gmt":"2025-01-14T15:45:01","guid":{"rendered":"https:\/\/www.miil.ee\/?post_type=product&#038;p=84441"},"modified":"2025-01-15T11:19:59","modified_gmt":"2025-01-15T09:19:59","slug":"suuri-metallinen-tyokalulaatikko","status":"publish","type":"product","link":"https:\/\/miil.dev.almic.ee\/fi\/toode\/suuri-metallinen-tyokalulaatikko\/","title":{"rendered":"Suuri metallinen ty\u00f6kalulaatikko"},"content":{"rendered":"<p>Suuri metallinen ty\u00f6kalulaatikko on tukeva ja luotettava s\u00e4ili\u00f6, joka on suunniteltu ty\u00f6kalujen s\u00e4ilytt\u00e4miseen ja j\u00e4rjest\u00e4miseen. Valmistettu alumiinista, se tarjoaa kest\u00e4vyytt\u00e4 ja suojaa kulumiselta ja vaurioilta. Runsaasti tilan ansiosta se auttaa pit\u00e4m\u00e4\u00e4n kaikki ty\u00f6kalut j\u00e4rjestyksess\u00e4 ja helposti saatavilla. Ammattilaiset ja tee-se-itse-harrastajat k\u00e4ytt\u00e4v\u00e4t yleisesti metallisia ty\u00f6kalulaatikoita niiden lujuuden, kannettavuuden ja pitk\u00e4kestoisen suorituskyvyn vuoksi. Laatikon voi lukita riippulukolla. K\u00e4yt\u00e4 sit\u00e4 aitassa tai kiinnit\u00e4 se kuorma-autosi takaosaan. Vankka ulkon\u00e4k\u00f6 ja hyv\u00e4 laatu eiv\u00e4t pet\u00e4 sinua.<\/p>\n<ul>\n<li>Lukittava riippulukolla (Mukana)<\/li>\n<li>Kansi avautuu helposti ylh\u00e4\u00e4lt\u00e4<\/li>\n<li>Sis\u00e4ll\u00e4 runsaasti tilaa kaikkien ty\u00f6kalujen pit\u00e4miseen yhdess\u00e4<\/li>\n<li>Siin\u00e4 on sivukahvat, jotka helpottavat nostoa ja parempaa kannettavuutta.<\/li>\n<\/ul>\n<h2>Suuri metallinen ty\u00f6kalulaatikko vai jotain muuta?<\/h2>\n<p>Meilt\u00e4 l\u00f6yd\u00e4t my\u00f6s erilaisia \u200b\u200bhyllyj\u00e4, aitoja, toimistom\u00f6kkej\u00e4, merikontteja ja ulkok\u00e4ym\u00e4l\u00e4t.<br \/>\nLevyhylly on ihanteellinen lis\u00e4tilan luomiseen autotalliin, ty\u00f6huoneeseen tai kellariin.<br \/>\nRengasteline soveltuu renkaiden s\u00e4ilytykseen sek\u00e4 ammattik\u00e4ytt\u00f6\u00f6n ett\u00e4 kotik\u00e4ytt\u00f6\u00f6n.<br \/>\nKaiken meilt\u00e4 ostetun tavaran tai tilap\u00e4isen rakentamisen ymp\u00e4rille voidaan vet\u00e4\u00e4 aita.<br \/>\nValikoima tuotteita t\u00e4\u00e4lt\u00e4.<\/p>\n<p><strong>Osta nyt, maksa my\u00f6hemmin<\/strong> -vaihtoehto saatavilla:<br \/>\nYksityisasiakkaille kumppanimme <a href=\"https:\/\/inbank.ee\/laen\/vaikelaen\">Inbank.ee<\/a> kautta viitekoodilla &#8221;KONTEINER&#8221;.<br \/>\nYritysasiakkaille yhteisty\u00f6kumppanimme <span><a href=\"https:\/\/tenor.my.canva.site\/tenor-miil\">Tenor.ee<\/a><\/span> kautta<\/p>\n<p>Seuraa meit\u00e4 <a href=\"https:\/\/www.facebook.com\/konteinerveod\/\">Facebookissa<\/a> tai <a href=\"https:\/\/www.instagram.com\/ou_miil\/\">Instagramissa<\/a>.<\/p>\n","protected":false},"excerpt":{"rendered":"<p>Suuri metallinen ty\u00f6kalulaatikko on tukeva ja luotettava s\u00e4ili\u00f6, joka on suunniteltu ty\u00f6kalujen s\u00e4ilytt\u00e4miseen ja j\u00e4rjest\u00e4miseen. Valmistettu alumiinista, se tarjoaa kest\u00e4vyytt\u00e4 ja suojaa kulumiselta ja vaurioilta. Runsaasti tilan ansiosta se auttaa pit\u00e4m\u00e4\u00e4n kaikki ty\u00f6kalut j\u00e4rjestyksess\u00e4 ja helposti saatavilla. Ammattilaiset ja tee-se-itse-harrastajat k\u00e4ytt\u00e4v\u00e4t yleisesti metallisia ty\u00f6kalulaatikoita niiden lujuuden, kannettavuuden ja pitk\u00e4kestoisen suorituskyvyn vuoksi. Laatikon voi lukita riippulukolla&#8230;.<\/p>\n","protected":false},"featured_media":84446,"comment_status":"open","ping_status":"closed","template":"","meta":{"_acf_changed":false},"product_cat":[335],"product_tag":[],"class_list":{"0":"post-84441","1":"product","2":"type-product","3":"status-publish","4":"has-post-thumbnail","6":"product_cat-lisavarusteet","8":"first","9":"instock","10":"shipping-taxable","11":"purchasable","12":"product-type-simple"},"acf":[],"yoast_head":"<!-- This site is optimized with the Yoast SEO Premium plugin v23.9 (Yoast SEO v27.5) - https:\/\/yoast.com\/product\/yoast-seo-premium-wordpress\/ -->\n<title>Suuri metallinen ty\u00f6kalulaatikko - Miil O\u00dc<\/title>\n<meta name=\"description\" content=\"Suuri metallinen ty\u00f6kalulaatikko | Ty\u00f6kalulaatikko | S\u00e4ilytysarkku | Laatikko ty\u00f6kaluille | J\u00e4rjestetty ty\u00f6tila | Turvallinen s\u00e4ilytys ty\u00f6kaluille\" \/>\n<meta name=\"robots\" content=\"index, follow, max-snippet:-1, max-image-preview:large, max-video-preview:-1\" \/>\n<link rel=\"canonical\" href=\"https:\/\/miil.dev.almic.ee\/fi\/toode\/suuri-metallinen-tyokalulaatikko\/\" \/>\n<meta property=\"og:locale\" content=\"fi_FI\" \/>\n<meta property=\"og:type\" content=\"article\" \/>\n<meta property=\"og:title\" content=\"Suuri metallinen ty\u00f6kalulaatikko\" \/>\n<meta property=\"og:description\" content=\"Suuri metallinen ty\u00f6kalulaatikko | Ty\u00f6kalulaatikko | S\u00e4ilytysarkku | Laatikko ty\u00f6kaluille | J\u00e4rjestetty ty\u00f6tila | Turvallinen s\u00e4ilytys ty\u00f6kaluille\" \/>\n<meta property=\"og:url\" content=\"https:\/\/miil.dev.almic.ee\/fi\/toode\/suuri-metallinen-tyokalulaatikko\/\" \/>\n<meta property=\"og:site_name\" content=\"Miil O\u00dc\" \/>\n<meta property=\"article:publisher\" content=\"https:\/\/www.facebook.com\/konteinerveod\/\" \/>\n<meta property=\"article:modified_time\" content=\"2025-01-15T09:19:59+00:00\" \/>\n<meta property=\"og:image\" content=\"https:\/\/miil.dev.almic.ee\/wp-content\/uploads\/2025\/01\/PXL_20250113_113911814-scaled.jpg\" \/>\n\t<meta property=\"og:image:width\" content=\"1900\" \/>\n\t<meta property=\"og:image:height\" content=\"1431\" \/>\n\t<meta property=\"og:image:type\" content=\"image\/jpeg\" \/>\n<meta name=\"twitter:card\" content=\"summary_large_image\" \/>\n<meta name=\"twitter:label1\" content=\"Hinta\" \/>\n\t<meta name=\"twitter:data1\" content=\"335,00&nbsp;&euro;\" \/>\n\t<meta name=\"twitter:label2\" content=\"Saatavuus\" \/>\n\t<meta name=\"twitter:data2\" content=\"Varastossa\" \/>\n<script type=\"application\/ld+json\" class=\"yoast-schema-graph\">{\"@context\":\"https:\\\/\\\/schema.org\",\"@graph\":[{\"@type\":\"WebPage\",\"@id\":\"https:\\\/\\\/miil.dev.almic.ee\\\/fi\\\/toode\\\/suuri-metallinen-tyokalulaatikko\\\/\",\"url\":\"https:\\\/\\\/miil.dev.almic.ee\\\/fi\\\/toode\\\/suuri-metallinen-tyokalulaatikko\\\/\",\"name\":\"Suuri metallinen ty\u00f6kalulaatikko - Miil O\u00dc\",\"isPartOf\":{\"@id\":\"https:\\\/\\\/miil.dev.almic.ee\\\/#website\"},\"primaryImageOfPage\":{\"@id\":\"https:\\\/\\\/miil.dev.almic.ee\\\/fi\\\/toode\\\/suuri-metallinen-tyokalulaatikko\\\/#primaryimage\"},\"image\":{\"@id\":\"https:\\\/\\\/miil.dev.almic.ee\\\/fi\\\/toode\\\/suuri-metallinen-tyokalulaatikko\\\/#primaryimage\"},\"thumbnailUrl\":\"https:\\\/\\\/miil.dev.almic.ee\\\/wp-content\\\/uploads\\\/2025\\\/01\\\/PXL_20250113_113911814-scaled.jpg\",\"datePublished\":\"2025-01-14T15:45:01+00:00\",\"dateModified\":\"2025-01-15T09:19:59+00:00\",\"description\":\"Suuri metallinen ty\u00f6kalulaatikko | Ty\u00f6kalulaatikko | S\u00e4ilytysarkku | Laatikko ty\u00f6kaluille | J\u00e4rjestetty ty\u00f6tila | Turvallinen s\u00e4ilytys ty\u00f6kaluille\",\"breadcrumb\":{\"@id\":\"https:\\\/\\\/miil.dev.almic.ee\\\/fi\\\/toode\\\/suuri-metallinen-tyokalulaatikko\\\/#breadcrumb\"},\"inLanguage\":\"fi\",\"potentialAction\":[{\"@type\":\"ReadAction\",\"target\":[\"https:\\\/\\\/miil.dev.almic.ee\\\/fi\\\/toode\\\/suuri-metallinen-tyokalulaatikko\\\/\"]}]},{\"@type\":\"ImageObject\",\"inLanguage\":\"fi\",\"@id\":\"https:\\\/\\\/miil.dev.almic.ee\\\/fi\\\/toode\\\/suuri-metallinen-tyokalulaatikko\\\/#primaryimage\",\"url\":\"https:\\\/\\\/miil.dev.almic.ee\\\/wp-content\\\/uploads\\\/2025\\\/01\\\/PXL_20250113_113911814-scaled.jpg\",\"contentUrl\":\"https:\\\/\\\/miil.dev.almic.ee\\\/wp-content\\\/uploads\\\/2025\\\/01\\\/PXL_20250113_113911814-scaled.jpg\",\"width\":1900,\"height\":1431,\"caption\":\"\u042f\u0449\u0438\u043a \u0434\u043b\u044f \u0438\u043d\u0441\u0442\u0440\u0443\u043c\u0435\u043d\u0442\u043e\u0432 \u0434\u043b\u044f \u0433\u0430\u0440\u0430\u0436\u0430\"},{\"@type\":\"BreadcrumbList\",\"@id\":\"https:\\\/\\\/miil.dev.almic.ee\\\/fi\\\/toode\\\/suuri-metallinen-tyokalulaatikko\\\/#breadcrumb\",\"itemListElement\":[{\"@type\":\"ListItem\",\"position\":1,\"name\":\"Home\",\"item\":\"https:\\\/\\\/miil.dev.almic.ee\\\/fi\\\/\"},{\"@type\":\"ListItem\",\"position\":2,\"name\":\"Kauppa\",\"item\":\"https:\\\/\\\/miil.dev.almic.ee\\\/fi\\\/kauppa\\\/\"},{\"@type\":\"ListItem\",\"position\":3,\"name\":\"Suuri metallinen ty\u00f6kalulaatikko\"}]},{\"@type\":\"WebSite\",\"@id\":\"https:\\\/\\\/miil.dev.almic.ee\\\/#website\",\"url\":\"https:\\\/\\\/miil.dev.almic.ee\\\/\",\"name\":\"Miil O\u00dc\",\"description\":\"Konteinerveod\",\"publisher\":{\"@id\":\"https:\\\/\\\/miil.dev.almic.ee\\\/#organization\"},\"potentialAction\":[{\"@type\":\"SearchAction\",\"target\":{\"@type\":\"EntryPoint\",\"urlTemplate\":\"https:\\\/\\\/miil.dev.almic.ee\\\/?s={search_term_string}\"},\"query-input\":{\"@type\":\"PropertyValueSpecification\",\"valueRequired\":true,\"valueName\":\"search_term_string\"}}],\"inLanguage\":\"fi\"},{\"@type\":\"Organization\",\"@id\":\"https:\\\/\\\/miil.dev.almic.ee\\\/#organization\",\"name\":\"Miil O\u00dc\",\"url\":\"https:\\\/\\\/miil.dev.almic.ee\\\/\",\"logo\":{\"@type\":\"ImageObject\",\"inLanguage\":\"fi\",\"@id\":\"https:\\\/\\\/miil.dev.almic.ee\\\/#\\\/schema\\\/logo\\\/image\\\/\",\"url\":\"https:\\\/\\\/www.miil.ee\\\/wp-content\\\/uploads\\\/2022\\\/02\\\/Miil-logo.svg\",\"contentUrl\":\"https:\\\/\\\/www.miil.ee\\\/wp-content\\\/uploads\\\/2022\\\/02\\\/Miil-logo.svg\",\"width\":\"1024\",\"height\":\"1024\",\"caption\":\"Miil O\u00dc\"},\"image\":{\"@id\":\"https:\\\/\\\/miil.dev.almic.ee\\\/#\\\/schema\\\/logo\\\/image\\\/\"},\"sameAs\":[\"https:\\\/\\\/www.facebook.com\\\/konteinerveod\\\/\",\"https:\\\/\\\/www.instagram.com\\\/ou_miil\\\/\"]}]}<\/script>\n<meta property=\"product:price:amount\" content=\"335.00\" \/>\n<meta property=\"product:price:currency\" content=\"EUR\" \/>\n<meta property=\"og:availability\" content=\"instock\" \/>\n<meta property=\"product:availability\" content=\"instock\" \/>\n<meta property=\"product:condition\" content=\"new\" \/>\n<!-- \/ Yoast SEO Premium plugin. -->","yoast_head_json":{"title":"Suuri metallinen ty\u00f6kalulaatikko - Miil O\u00dc","description":"Suuri metallinen ty\u00f6kalulaatikko | Ty\u00f6kalulaatikko | S\u00e4ilytysarkku | Laatikko ty\u00f6kaluille | J\u00e4rjestetty ty\u00f6tila | Turvallinen s\u00e4ilytys ty\u00f6kaluille","robots":{"index":"index","follow":"follow","max-snippet":"max-snippet:-1","max-image-preview":"max-image-preview:large","max-video-preview":"max-video-preview:-1"},"canonical":"https:\/\/miil.dev.almic.ee\/fi\/toode\/suuri-metallinen-tyokalulaatikko\/","og_locale":"fi_FI","og_type":"article","og_title":"Suuri metallinen ty\u00f6kalulaatikko","og_description":"Suuri metallinen ty\u00f6kalulaatikko | Ty\u00f6kalulaatikko | S\u00e4ilytysarkku | Laatikko ty\u00f6kaluille | J\u00e4rjestetty ty\u00f6tila | Turvallinen s\u00e4ilytys ty\u00f6kaluille","og_url":"https:\/\/miil.dev.almic.ee\/fi\/toode\/suuri-metallinen-tyokalulaatikko\/","og_site_name":"Miil O\u00dc","article_publisher":"https:\/\/www.facebook.com\/konteinerveod\/","article_modified_time":"2025-01-15T09:19:59+00:00","og_image":[{"width":1900,"height":1431,"url":"https:\/\/miil.dev.almic.ee\/wp-content\/uploads\/2025\/01\/PXL_20250113_113911814-scaled.jpg","type":"image\/jpeg"}],"twitter_card":"summary_large_image","twitter_misc":{"Hinta":"335,00&nbsp;&euro;","Saatavuus":"Varastossa"},"schema":{"@context":"https:\/\/schema.org","@graph":[{"@type":"WebPage","@id":"https:\/\/miil.dev.almic.ee\/fi\/toode\/suuri-metallinen-tyokalulaatikko\/","url":"https:\/\/miil.dev.almic.ee\/fi\/toode\/suuri-metallinen-tyokalulaatikko\/","name":"Suuri metallinen ty\u00f6kalulaatikko - Miil O\u00dc","isPartOf":{"@id":"https:\/\/miil.dev.almic.ee\/#website"},"primaryImageOfPage":{"@id":"https:\/\/miil.dev.almic.ee\/fi\/toode\/suuri-metallinen-tyokalulaatikko\/#primaryimage"},"image":{"@id":"https:\/\/miil.dev.almic.ee\/fi\/toode\/suuri-metallinen-tyokalulaatikko\/#primaryimage"},"thumbnailUrl":"https:\/\/miil.dev.almic.ee\/wp-content\/uploads\/2025\/01\/PXL_20250113_113911814-scaled.jpg","datePublished":"2025-01-14T15:45:01+00:00","dateModified":"2025-01-15T09:19:59+00:00","description":"Suuri metallinen ty\u00f6kalulaatikko | Ty\u00f6kalulaatikko | S\u00e4ilytysarkku | Laatikko ty\u00f6kaluille | J\u00e4rjestetty ty\u00f6tila | Turvallinen s\u00e4ilytys ty\u00f6kaluille","breadcrumb":{"@id":"https:\/\/miil.dev.almic.ee\/fi\/toode\/suuri-metallinen-tyokalulaatikko\/#breadcrumb"},"inLanguage":"fi","potentialAction":[{"@type":"ReadAction","target":["https:\/\/miil.dev.almic.ee\/fi\/toode\/suuri-metallinen-tyokalulaatikko\/"]}]},{"@type":"ImageObject","inLanguage":"fi","@id":"https:\/\/miil.dev.almic.ee\/fi\/toode\/suuri-metallinen-tyokalulaatikko\/#primaryimage","url":"https:\/\/miil.dev.almic.ee\/wp-content\/uploads\/2025\/01\/PXL_20250113_113911814-scaled.jpg","contentUrl":"https:\/\/miil.dev.almic.ee\/wp-content\/uploads\/2025\/01\/PXL_20250113_113911814-scaled.jpg","width":1900,"height":1431,"caption":"\u042f\u0449\u0438\u043a \u0434\u043b\u044f \u0438\u043d\u0441\u0442\u0440\u0443\u043c\u0435\u043d\u0442\u043e\u0432 \u0434\u043b\u044f \u0433\u0430\u0440\u0430\u0436\u0430"},{"@type":"BreadcrumbList","@id":"https:\/\/miil.dev.almic.ee\/fi\/toode\/suuri-metallinen-tyokalulaatikko\/#breadcrumb","itemListElement":[{"@type":"ListItem","position":1,"name":"Home","item":"https:\/\/miil.dev.almic.ee\/fi\/"},{"@type":"ListItem","position":2,"name":"Kauppa","item":"https:\/\/miil.dev.almic.ee\/fi\/kauppa\/"},{"@type":"ListItem","position":3,"name":"Suuri metallinen ty\u00f6kalulaatikko"}]},{"@type":"WebSite","@id":"https:\/\/miil.dev.almic.ee\/#website","url":"https:\/\/miil.dev.almic.ee\/","name":"Miil O\u00dc","description":"Konteinerveod","publisher":{"@id":"https:\/\/miil.dev.almic.ee\/#organization"},"potentialAction":[{"@type":"SearchAction","target":{"@type":"EntryPoint","urlTemplate":"https:\/\/miil.dev.almic.ee\/?s={search_term_string}"},"query-input":{"@type":"PropertyValueSpecification","valueRequired":true,"valueName":"search_term_string"}}],"inLanguage":"fi"},{"@type":"Organization","@id":"https:\/\/miil.dev.almic.ee\/#organization","name":"Miil O\u00dc","url":"https:\/\/miil.dev.almic.ee\/","logo":{"@type":"ImageObject","inLanguage":"fi","@id":"https:\/\/miil.dev.almic.ee\/#\/schema\/logo\/image\/","url":"https:\/\/www.miil.ee\/wp-content\/uploads\/2022\/02\/Miil-logo.svg","contentUrl":"https:\/\/www.miil.ee\/wp-content\/uploads\/2022\/02\/Miil-logo.svg","width":"1024","height":"1024","caption":"Miil O\u00dc"},"image":{"@id":"https:\/\/miil.dev.almic.ee\/#\/schema\/logo\/image\/"},"sameAs":["https:\/\/www.facebook.com\/konteinerveod\/","https:\/\/www.instagram.com\/ou_miil\/"]}]},"product_price_amount":"335.00","product_price_currency":"EUR","og_availability":"instock","product_availability":"instock","product_condition":"new"},"_links":{"self":[{"href":"https:\/\/miil.dev.almic.ee\/fi\/wp-json\/wp\/v2\/product\/84441","targetHints":{"allow":["GET"]}}],"collection":[{"href":"https:\/\/miil.dev.almic.ee\/fi\/wp-json\/wp\/v2\/product"}],"about":[{"href":"https:\/\/miil.dev.almic.ee\/fi\/wp-json\/wp\/v2\/types\/product"}],"replies":[{"embeddable":true,"href":"https:\/\/miil.dev.almic.ee\/fi\/wp-json\/wp\/v2\/comments?post=84441"}],"wp:featuredmedia":[{"embeddable":true,"href":"https:\/\/miil.dev.almic.ee\/fi\/wp-json\/wp\/v2\/media\/84446"}],"wp:attachment":[{"href":"https:\/\/miil.dev.almic.ee\/fi\/wp-json\/wp\/v2\/media?parent=84441"}],"wp:term":[{"taxonomy":"product_cat","embeddable":true,"href":"https:\/\/miil.dev.almic.ee\/fi\/wp-json\/wp\/v2\/product_cat?post=84441"},{"taxonomy":"product_tag","embeddable":true,"href":"https:\/\/miil.dev.almic.ee\/fi\/wp-json\/wp\/v2\/product_tag?post=84441"}],"curies":[{"name":"wp","href":"https:\/\/api.w.org\/{rel}","templated":true}]}}