{"id":84354,"date":"2025-01-14T08:18:38","date_gmt":"2025-01-14T06:18:38","guid":{"rendered":"https:\/\/www.miil.ee\/?post_type=product&#038;p=84354"},"modified":"2025-01-14T12:16:05","modified_gmt":"2025-01-14T10:16:05","slug":"merikonttien-kulmat","status":"publish","type":"product","link":"https:\/\/miil.dev.almic.ee\/fi\/toode\/merikonttien-kulmat\/","title":{"rendered":"Merikonttien Kulmat"},"content":{"rendered":"<p>Merikonttien Kulmat ovat vahvistetut metalliosat rahtikonttien yl\u00e4- ja alaosassa. Ne on suunniteltu tarjoamaan rakenteellista eheytt\u00e4, jolloin kontit voidaan pinota turvallisesti ja nostaa nostureilla. N\u00e4iss\u00e4 kulmissa on tyypillisesti kierrelukot tai muut mekanismit, jotka auttavat yhdist\u00e4m\u00e4\u00e4n kontit toisiinsa kuljetuksen aikana varmistaen vakauden ja turvallisuuden varastoinnin ja kuljetuksen aikana.<\/p>\n<ul>\n<li>Valmistettu kansainv\u00e4listen ISO 1161:2016 standardien mukaisesti<\/li>\n<li>Sopii kuljetuskontin kulmiin tai vastaaviin rakenteisiin<\/li>\n<li>Saatavana 4 kappaleen sarjana tai yksitt\u00e4isin\u00e4 kappaleina<\/li>\n<li>Valmistettu valuter\u00e4ksest\u00e4 ja pohjamaalattu<\/li>\n<\/ul>\n<h2>Merikonttien Kulmat &#8211; Miss\u00e4 ja milloin niit\u00e4 k\u00e4ytet\u00e4\u00e4n?<\/h2>\n<p>Merikonttien Kulmat k\u00e4ytet\u00e4\u00e4n rahtikonttien rakentamiseen, kuljetukseen tai kiinnitt\u00e4miseen. Niill\u00e4 on useita keskeisi\u00e4 tarkoituksia:<\/p>\n<ol>\n<li><strong>Pinoaminen<\/strong>: Merikonttien Kulmat mahdollistavat konttien pinoamisen turvallisesti p\u00e4\u00e4llekk\u00e4in kuljetuksen ja varastoinnin aikana. Valukappaleet on suunniteltu sopimaan yhteen kierrelukkojen kanssa, mik\u00e4 takaa vakauden ja est\u00e4\u00e4 siirtymisen.<\/li>\n<li><strong>Nosto ja k\u00e4sittely<\/strong>: Merikonttien Kulmat ovat v\u00e4ltt\u00e4m\u00e4tt\u00f6mi\u00e4 konttien nostamiseen nostureilla tai muilla raskaalla kalustolla. Ne tarjoavat kiinnityspisteet nostokoukkuja tai levitystankoja varten, mik\u00e4 varmistaa kontin turvallisen liikkumisen.<\/li>\n<li><strong>Yhteys<\/strong>: Intermodaalisissa kuljetuksissa kontit on usein yhdistett\u00e4v\u00e4 toisiinsa. Kulmavalut helpottavat t\u00e4t\u00e4 tarjoamalla liit\u00e4nt\u00e4pisteit\u00e4 konttien kiinnitt\u00e4miseksi toisiinsa tai kuljetusajoneuvoihin.<\/li>\n<li><strong>Rakennetuki<\/strong>: Valukappaleet lis\u00e4\u00e4v\u00e4t s\u00e4ili\u00f6n yleist\u00e4 lujuutta ja eheytt\u00e4 varmistaen, ett\u00e4 se kest\u00e4\u00e4 raskaiden kuormien ja ankarat olosuhteet kuljetuksen aikana.<\/li>\n<\/ol>\n<p>Meill\u00e4 on paikan p\u00e4\u00e4ll\u00e4 erilaisia \u200b\u200b<a href=\"https:\/\/www.miil.ee\/fi\/merekonteinerid\/lisavarusteet\/\">lis\u00e4varusteita<\/a> meri- ja l\u00e4mp\u00f6kontteihin.<\/p>\n<h2>Tavarat jokaiseen toiveeseen!<\/h2>\n<p>Merikonttien Kulmatin lis\u00e4ksi Meilt\u00e4 l\u00f6yd\u00e4t my\u00f6s erilaisia \u200b\u200bhyllyj\u00e4, aitoja, toimistom\u00f6kkej\u00e4, merikontteja ja ulkok\u00e4ym\u00e4l\u00e4t.<br \/>\nLevyhylly on ihanteellinen lis\u00e4tilan luomiseen autotalliin, ty\u00f6huoneeseen tai kellariin.<br \/>\nRengasteline soveltuu renkaiden s\u00e4ilytykseen sek\u00e4 ammattik\u00e4ytt\u00f6\u00f6n ett\u00e4 kotik\u00e4ytt\u00f6\u00f6n.<br \/>\nKaiken meilt\u00e4 ostetun tavaran tai tilap\u00e4isen rakentamisen ymp\u00e4rille voidaan vet\u00e4\u00e4 aita.<br \/>\nValikoima tuotteita t\u00e4\u00e4lt\u00e4.<\/p>\n<p>Voit pysy\u00e4 ajan tasalla toiminnastamme seuraamalla meit\u00e4 <a href=\"https:\/\/www.facebook.com\/merekonteiner\/\">Facebook<\/a><span> <\/span>tai <a href=\"https:\/\/www.instagram.com\/ou_miil\/\">Instagram<\/a>.<\/p>\n<p>&nbsp;<\/p>\n","protected":false},"excerpt":{"rendered":"<p>Merikontin ovi<\/p>\n","protected":false},"featured_media":84365,"comment_status":"closed","ping_status":"closed","template":"","meta":{"_acf_changed":false},"product_cat":[335],"product_tag":[],"class_list":{"0":"post-84354","1":"product","2":"type-product","3":"status-publish","4":"has-post-thumbnail","6":"product_cat-lisavarusteet","8":"first","9":"instock","10":"shipping-taxable","11":"purchasable","12":"product-type-simple"},"acf":[],"yoast_head":"<!-- This site is optimized with the Yoast SEO Premium plugin v23.9 (Yoast SEO v27.5) - https:\/\/yoast.com\/product\/yoast-seo-premium-wordpress\/ -->\n<title>Merikonttien Kulmat - Miil O\u00dc<\/title>\n<meta name=\"description\" content=\"Merikonttien Kulmat | Laivakontin korjaus | Merikonttien myynti ja vuokraus | Konttikuljetus | Laadukkaat palvelut \u2b50\ufe0f\u2b50\ufe0f\u2b50\ufe0f\u2b50\ufe0f\u2b50\" \/>\n<meta name=\"robots\" content=\"index, follow, max-snippet:-1, max-image-preview:large, max-video-preview:-1\" \/>\n<link rel=\"canonical\" href=\"https:\/\/miil.dev.almic.ee\/fi\/toode\/merikonttien-kulmat\/\" \/>\n<meta property=\"og:locale\" content=\"fi_FI\" \/>\n<meta property=\"og:type\" content=\"article\" \/>\n<meta property=\"og:title\" content=\"Merikonttien Kulmat\" \/>\n<meta property=\"og:description\" content=\"Merikonttien Kulmat | Laivakontin korjaus | Merikonttien myynti ja vuokraus | Konttikuljetus | Laadukkaat palvelut \u2b50\ufe0f\u2b50\ufe0f\u2b50\ufe0f\u2b50\ufe0f\u2b50\" \/>\n<meta property=\"og:url\" content=\"https:\/\/miil.dev.almic.ee\/fi\/toode\/merikonttien-kulmat\/\" \/>\n<meta property=\"og:site_name\" content=\"Miil O\u00dc\" \/>\n<meta property=\"article:publisher\" content=\"https:\/\/www.facebook.com\/konteinerveod\/\" \/>\n<meta property=\"article:modified_time\" content=\"2025-01-14T10:16:05+00:00\" \/>\n<meta property=\"og:image\" content=\"https:\/\/miil.dev.almic.ee\/wp-content\/uploads\/2025\/01\/PXL_20250113_1121174692-scaled.jpg\" \/>\n\t<meta property=\"og:image:width\" content=\"1431\" \/>\n\t<meta property=\"og:image:height\" content=\"1900\" \/>\n\t<meta property=\"og:image:type\" content=\"image\/jpeg\" \/>\n<meta name=\"twitter:card\" content=\"summary_large_image\" \/>\n<meta name=\"twitter:label1\" content=\"Hinta\" \/>\n\t<meta name=\"twitter:data1\" content=\"65,00&nbsp;&euro;\" \/>\n\t<meta name=\"twitter:label2\" content=\"Saatavuus\" \/>\n\t<meta name=\"twitter:data2\" content=\"Varastossa\" \/>\n<script type=\"application\/ld+json\" class=\"yoast-schema-graph\">{\"@context\":\"https:\\\/\\\/schema.org\",\"@graph\":[{\"@type\":\"WebPage\",\"@id\":\"https:\\\/\\\/miil.dev.almic.ee\\\/fi\\\/toode\\\/merikonttien-kulmat\\\/\",\"url\":\"https:\\\/\\\/miil.dev.almic.ee\\\/fi\\\/toode\\\/merikonttien-kulmat\\\/\",\"name\":\"Merikonttien Kulmat - Miil O\u00dc\",\"isPartOf\":{\"@id\":\"https:\\\/\\\/miil.dev.almic.ee\\\/#website\"},\"primaryImageOfPage\":{\"@id\":\"https:\\\/\\\/miil.dev.almic.ee\\\/fi\\\/toode\\\/merikonttien-kulmat\\\/#primaryimage\"},\"image\":{\"@id\":\"https:\\\/\\\/miil.dev.almic.ee\\\/fi\\\/toode\\\/merikonttien-kulmat\\\/#primaryimage\"},\"thumbnailUrl\":\"https:\\\/\\\/miil.dev.almic.ee\\\/wp-content\\\/uploads\\\/2025\\\/01\\\/PXL_20250113_1121174692-scaled.jpg\",\"datePublished\":\"2025-01-14T06:18:38+00:00\",\"dateModified\":\"2025-01-14T10:16:05+00:00\",\"description\":\"Merikonttien Kulmat | Laivakontin korjaus | Merikonttien myynti ja vuokraus | Konttikuljetus | Laadukkaat palvelut \u2b50\ufe0f\u2b50\ufe0f\u2b50\ufe0f\u2b50\ufe0f\u2b50\",\"breadcrumb\":{\"@id\":\"https:\\\/\\\/miil.dev.almic.ee\\\/fi\\\/toode\\\/merikonttien-kulmat\\\/#breadcrumb\"},\"inLanguage\":\"fi\",\"potentialAction\":[{\"@type\":\"ReadAction\",\"target\":[\"https:\\\/\\\/miil.dev.almic.ee\\\/fi\\\/toode\\\/merikonttien-kulmat\\\/\"]}]},{\"@type\":\"ImageObject\",\"inLanguage\":\"fi\",\"@id\":\"https:\\\/\\\/miil.dev.almic.ee\\\/fi\\\/toode\\\/merikonttien-kulmat\\\/#primaryimage\",\"url\":\"https:\\\/\\\/miil.dev.almic.ee\\\/wp-content\\\/uploads\\\/2025\\\/01\\\/PXL_20250113_1121174692-scaled.jpg\",\"contentUrl\":\"https:\\\/\\\/miil.dev.almic.ee\\\/wp-content\\\/uploads\\\/2025\\\/01\\\/PXL_20250113_1121174692-scaled.jpg\",\"width\":1431,\"height\":1900},{\"@type\":\"BreadcrumbList\",\"@id\":\"https:\\\/\\\/miil.dev.almic.ee\\\/fi\\\/toode\\\/merikonttien-kulmat\\\/#breadcrumb\",\"itemListElement\":[{\"@type\":\"ListItem\",\"position\":1,\"name\":\"Home\",\"item\":\"https:\\\/\\\/miil.dev.almic.ee\\\/fi\\\/\"},{\"@type\":\"ListItem\",\"position\":2,\"name\":\"Kauppa\",\"item\":\"https:\\\/\\\/miil.dev.almic.ee\\\/fi\\\/kauppa\\\/\"},{\"@type\":\"ListItem\",\"position\":3,\"name\":\"Merikonttien Kulmat\"}]},{\"@type\":\"WebSite\",\"@id\":\"https:\\\/\\\/miil.dev.almic.ee\\\/#website\",\"url\":\"https:\\\/\\\/miil.dev.almic.ee\\\/\",\"name\":\"Miil O\u00dc\",\"description\":\"Konteinerveod\",\"publisher\":{\"@id\":\"https:\\\/\\\/miil.dev.almic.ee\\\/#organization\"},\"potentialAction\":[{\"@type\":\"SearchAction\",\"target\":{\"@type\":\"EntryPoint\",\"urlTemplate\":\"https:\\\/\\\/miil.dev.almic.ee\\\/?s={search_term_string}\"},\"query-input\":{\"@type\":\"PropertyValueSpecification\",\"valueRequired\":true,\"valueName\":\"search_term_string\"}}],\"inLanguage\":\"fi\"},{\"@type\":\"Organization\",\"@id\":\"https:\\\/\\\/miil.dev.almic.ee\\\/#organization\",\"name\":\"Miil O\u00dc\",\"url\":\"https:\\\/\\\/miil.dev.almic.ee\\\/\",\"logo\":{\"@type\":\"ImageObject\",\"inLanguage\":\"fi\",\"@id\":\"https:\\\/\\\/miil.dev.almic.ee\\\/#\\\/schema\\\/logo\\\/image\\\/\",\"url\":\"https:\\\/\\\/www.miil.ee\\\/wp-content\\\/uploads\\\/2022\\\/02\\\/Miil-logo.svg\",\"contentUrl\":\"https:\\\/\\\/www.miil.ee\\\/wp-content\\\/uploads\\\/2022\\\/02\\\/Miil-logo.svg\",\"width\":\"1024\",\"height\":\"1024\",\"caption\":\"Miil O\u00dc\"},\"image\":{\"@id\":\"https:\\\/\\\/miil.dev.almic.ee\\\/#\\\/schema\\\/logo\\\/image\\\/\"},\"sameAs\":[\"https:\\\/\\\/www.facebook.com\\\/konteinerveod\\\/\",\"https:\\\/\\\/www.instagram.com\\\/ou_miil\\\/\"]}]}<\/script>\n<meta property=\"product:price:amount\" content=\"65.00\" \/>\n<meta property=\"product:price:currency\" content=\"EUR\" \/>\n<meta property=\"og:availability\" content=\"instock\" \/>\n<meta property=\"product:availability\" content=\"instock\" \/>\n<meta property=\"product:condition\" content=\"new\" \/>\n<!-- \/ Yoast SEO Premium plugin. -->","yoast_head_json":{"title":"Merikonttien Kulmat - Miil O\u00dc","description":"Merikonttien Kulmat | Laivakontin korjaus | Merikonttien myynti ja vuokraus | Konttikuljetus | Laadukkaat palvelut \u2b50\ufe0f\u2b50\ufe0f\u2b50\ufe0f\u2b50\ufe0f\u2b50","robots":{"index":"index","follow":"follow","max-snippet":"max-snippet:-1","max-image-preview":"max-image-preview:large","max-video-preview":"max-video-preview:-1"},"canonical":"https:\/\/miil.dev.almic.ee\/fi\/toode\/merikonttien-kulmat\/","og_locale":"fi_FI","og_type":"article","og_title":"Merikonttien Kulmat","og_description":"Merikonttien Kulmat | Laivakontin korjaus | Merikonttien myynti ja vuokraus | Konttikuljetus | Laadukkaat palvelut \u2b50\ufe0f\u2b50\ufe0f\u2b50\ufe0f\u2b50\ufe0f\u2b50","og_url":"https:\/\/miil.dev.almic.ee\/fi\/toode\/merikonttien-kulmat\/","og_site_name":"Miil O\u00dc","article_publisher":"https:\/\/www.facebook.com\/konteinerveod\/","article_modified_time":"2025-01-14T10:16:05+00:00","og_image":[{"width":1431,"height":1900,"url":"https:\/\/miil.dev.almic.ee\/wp-content\/uploads\/2025\/01\/PXL_20250113_1121174692-scaled.jpg","type":"image\/jpeg"}],"twitter_card":"summary_large_image","twitter_misc":{"Hinta":"65,00&nbsp;&euro;","Saatavuus":"Varastossa"},"schema":{"@context":"https:\/\/schema.org","@graph":[{"@type":"WebPage","@id":"https:\/\/miil.dev.almic.ee\/fi\/toode\/merikonttien-kulmat\/","url":"https:\/\/miil.dev.almic.ee\/fi\/toode\/merikonttien-kulmat\/","name":"Merikonttien Kulmat - Miil O\u00dc","isPartOf":{"@id":"https:\/\/miil.dev.almic.ee\/#website"},"primaryImageOfPage":{"@id":"https:\/\/miil.dev.almic.ee\/fi\/toode\/merikonttien-kulmat\/#primaryimage"},"image":{"@id":"https:\/\/miil.dev.almic.ee\/fi\/toode\/merikonttien-kulmat\/#primaryimage"},"thumbnailUrl":"https:\/\/miil.dev.almic.ee\/wp-content\/uploads\/2025\/01\/PXL_20250113_1121174692-scaled.jpg","datePublished":"2025-01-14T06:18:38+00:00","dateModified":"2025-01-14T10:16:05+00:00","description":"Merikonttien Kulmat | Laivakontin korjaus | Merikonttien myynti ja vuokraus | Konttikuljetus | Laadukkaat palvelut \u2b50\ufe0f\u2b50\ufe0f\u2b50\ufe0f\u2b50\ufe0f\u2b50","breadcrumb":{"@id":"https:\/\/miil.dev.almic.ee\/fi\/toode\/merikonttien-kulmat\/#breadcrumb"},"inLanguage":"fi","potentialAction":[{"@type":"ReadAction","target":["https:\/\/miil.dev.almic.ee\/fi\/toode\/merikonttien-kulmat\/"]}]},{"@type":"ImageObject","inLanguage":"fi","@id":"https:\/\/miil.dev.almic.ee\/fi\/toode\/merikonttien-kulmat\/#primaryimage","url":"https:\/\/miil.dev.almic.ee\/wp-content\/uploads\/2025\/01\/PXL_20250113_1121174692-scaled.jpg","contentUrl":"https:\/\/miil.dev.almic.ee\/wp-content\/uploads\/2025\/01\/PXL_20250113_1121174692-scaled.jpg","width":1431,"height":1900},{"@type":"BreadcrumbList","@id":"https:\/\/miil.dev.almic.ee\/fi\/toode\/merikonttien-kulmat\/#breadcrumb","itemListElement":[{"@type":"ListItem","position":1,"name":"Home","item":"https:\/\/miil.dev.almic.ee\/fi\/"},{"@type":"ListItem","position":2,"name":"Kauppa","item":"https:\/\/miil.dev.almic.ee\/fi\/kauppa\/"},{"@type":"ListItem","position":3,"name":"Merikonttien Kulmat"}]},{"@type":"WebSite","@id":"https:\/\/miil.dev.almic.ee\/#website","url":"https:\/\/miil.dev.almic.ee\/","name":"Miil O\u00dc","description":"Konteinerveod","publisher":{"@id":"https:\/\/miil.dev.almic.ee\/#organization"},"potentialAction":[{"@type":"SearchAction","target":{"@type":"EntryPoint","urlTemplate":"https:\/\/miil.dev.almic.ee\/?s={search_term_string}"},"query-input":{"@type":"PropertyValueSpecification","valueRequired":true,"valueName":"search_term_string"}}],"inLanguage":"fi"},{"@type":"Organization","@id":"https:\/\/miil.dev.almic.ee\/#organization","name":"Miil O\u00dc","url":"https:\/\/miil.dev.almic.ee\/","logo":{"@type":"ImageObject","inLanguage":"fi","@id":"https:\/\/miil.dev.almic.ee\/#\/schema\/logo\/image\/","url":"https:\/\/www.miil.ee\/wp-content\/uploads\/2022\/02\/Miil-logo.svg","contentUrl":"https:\/\/www.miil.ee\/wp-content\/uploads\/2022\/02\/Miil-logo.svg","width":"1024","height":"1024","caption":"Miil O\u00dc"},"image":{"@id":"https:\/\/miil.dev.almic.ee\/#\/schema\/logo\/image\/"},"sameAs":["https:\/\/www.facebook.com\/konteinerveod\/","https:\/\/www.instagram.com\/ou_miil\/"]}]},"product_price_amount":"65.00","product_price_currency":"EUR","og_availability":"instock","product_availability":"instock","product_condition":"new"},"_links":{"self":[{"href":"https:\/\/miil.dev.almic.ee\/fi\/wp-json\/wp\/v2\/product\/84354","targetHints":{"allow":["GET"]}}],"collection":[{"href":"https:\/\/miil.dev.almic.ee\/fi\/wp-json\/wp\/v2\/product"}],"about":[{"href":"https:\/\/miil.dev.almic.ee\/fi\/wp-json\/wp\/v2\/types\/product"}],"replies":[{"embeddable":true,"href":"https:\/\/miil.dev.almic.ee\/fi\/wp-json\/wp\/v2\/comments?post=84354"}],"wp:featuredmedia":[{"embeddable":true,"href":"https:\/\/miil.dev.almic.ee\/fi\/wp-json\/wp\/v2\/media\/84365"}],"wp:attachment":[{"href":"https:\/\/miil.dev.almic.ee\/fi\/wp-json\/wp\/v2\/media?parent=84354"}],"wp:term":[{"taxonomy":"product_cat","embeddable":true,"href":"https:\/\/miil.dev.almic.ee\/fi\/wp-json\/wp\/v2\/product_cat?post=84354"},{"taxonomy":"product_tag","embeddable":true,"href":"https:\/\/miil.dev.almic.ee\/fi\/wp-json\/wp\/v2\/product_tag?post=84354"}],"curies":[{"name":"wp","href":"https:\/\/api.w.org\/{rel}","templated":true}]}}