{"id":84073,"date":"2025-01-10T10:49:45","date_gmt":"2025-01-10T08:49:45","guid":{"rendered":"https:\/\/www.miil.ee\/toode\/containerx-monimutkainen\/"},"modified":"2025-01-10T13:45:27","modified_gmt":"2025-01-10T11:45:27","slug":"containerx-monimutkainen","status":"publish","type":"product","link":"https:\/\/miil.dev.almic.ee\/fi\/toode\/containerx-monimutkainen\/","title":{"rendered":"Containerx monimutkainen"},"content":{"rendered":"<p>Containex on moduulirakennuksiin erikoistunut yritys, jota k\u00e4ytet\u00e4\u00e4n usein toimistotiloihin, asuintiloihin tai muihin tilap\u00e4isiin tai pysyviin rakennuksiin. Containerx monimutkainen on valmistettu konttipohjaisista modulaarisista yksik\u00f6ist\u00e4, ja ne voidaan konfiguroida sopimaan erilaisiin tarkoituksiin, mukaan lukien toimistot, varastot, luokkahuoneet ja paljon muuta.<\/p>\n<p>Eristetyt toimistom\u00f6kit pit\u00e4v\u00e4t tasaisen l\u00e4mp\u00f6tilan ymp\u00e4ri vuoden laadukkaalla eristeell\u00e4 seiniss\u00e4, lattioissa ja katossa. Kest\u00e4v\u00e4t, kustannustehokkaat ja muokattavissa olevat ne tarjoavat joustavan ratkaisun sek\u00e4 tilap\u00e4isiin ett\u00e4 vakituisiin toimistotiloihin, ja niiss\u00e4 on tarvittavat mukavuudet, kuten s\u00e4hk\u00f6johdot, l\u00e4mmitys ja ilmanvaihto.<\/p>\n<p>T\u00e4t\u00e4 varten tehtiin 5 moduulista koostuva Containex-eristetty toimistom\u00f6kkikompleksi. Asunnossa on keitti\u00f6tila, jossa kaikki tarvittavat laitteet, eteinen, makuuhuoneet, 2 wc:t\u00e4 ja suihku &#8211; kaikki mit\u00e4 tarvitset ihmisten mukavaan majoittumiseen. Panoraamaikkuna asennettiin maksimoimaan luonnonvaloa ja luomaan keitti\u00f6\u00f6n avoimen ja ilmavan tunnelman.<\/p>\n<p>Containexin moduulitalot ja muut tuotteet valmistetaan EU:ssa ja niill\u00e4 on CE-sertifikaatti. N\u00e4in voit olla varma, ett\u00e4 tuotteet vastaavat laatustandardeja.<\/p>\n<h2>Containerx monimutkainen \u2013 Kuljetus ja nosto?<\/h2>\n<p>Sopivan kontin valinnan j\u00e4lkeen voimme hoitaa pakkaamisen ja kuljetuksen.<br \/>\nK\u00e4yt\u00e4mme kuljetukseen\u00a0<a href=\"https:\/\/www.miil.ee\/fi\/palvelut\/nosturi\/\">nosturia<\/a>\u00a0tai\u00a0<a href=\"https:\/\/www.miil.ee\/fi\/palvelut\/sideloader\/\">sideloader<\/a><br \/>\nmonimutkaisempi kuljetus on mahdollista\u00a0<a href=\"https:\/\/www.miil.ee\/fi\/palvelut\/ram-kippauslaite\/\">RAM per\u00e4vaunulla<\/a>.<br \/>\nKun olet ostanut sen, s\u00e4ilyt\u00e4mme konttisi terminaalissamme maksutta jopa kuusi kuukautta.<br \/>\nAina on mahdollista sopia pidemm\u00e4st\u00e4kin ajanjaksosta.<br \/>\nEsimerkiksi jos paikka ei ole viel\u00e4 valmis tai k\u00e4ytett\u00e4viss\u00e4 kontin toimittamiseksi.<br \/>\nT\u00e4ll\u00f6in kontin hinta ei muutu ja voit olla varma, ett\u00e4 saat valitun kontin sovittuna aikana.<\/p>\n<ul>\n<li>Parhaan hinnan takuu \u2013 teemme aina parhaan tarjouksen kontista.<\/li>\n<\/ul>\n<p>&nbsp;<\/p>\n<p><strong>Osta nyt, maksa my\u00f6hemmin<\/strong> -vaihtoehto saatavilla:<\/p>\n<p>Yksityisasiakkaille kumppanimme <a href=\"https:\/\/inbank.ee\/laen\/vaikelaen\">Inbank.ee<\/a> kautta viitekoodilla &#8221;KONTEINER&#8221;.<br \/>\nYritysasiakkaille yhteisty\u00f6kumppanimme <a href=\"https:\/\/tenor.my.canva.site\/tenor-miil\">Tenor.ee<\/a> kautta<\/p>\n<p>Seuraa meit\u00e4\u00a0<a href=\"https:\/\/www.facebook.com\/konteinerveod\/\">Facebook<\/a>\u00a0tai\u00a0<a href=\"https:\/\/www.instagram.com\/ou_miil\/\">Instagram<\/a><\/p>\n","protected":false},"excerpt":{"rendered":"<p>Minitalo ja moduulitalo asiakkaan pyynn\u00f6st\u00e4.<br \/>\nHinta koskee kuvan ratkaisua.<br \/>\nVoimme tarjota erikoisratkaisuja ja hinta riippuu lis\u00e4varusteista, asiakkaan toiveista, sijainnista ja viimeistelyst\u00e4.<br \/>\nMinitalomme on helppo kuljettaa ja l\u00e4mpim\u00e4mpi, se ei vaadi perustusta.<br \/>\nVoidaan k\u00e4ytt\u00e4\u00e4 esimerkiksi rakentamisessa, kotipihalla, messuilla tai n\u00e4yttelyiss\u00e4.<br \/>\nContainex Standard on laadukas ja edustava ratkaisu tilap\u00e4isiin tai pysyviin rakennuksiin.<\/p>\n","protected":false},"featured_media":83953,"comment_status":"open","ping_status":"closed","template":"","meta":{"_acf_changed":false},"product_cat":[343,407],"product_tag":[],"class_list":{"0":"post-84073","1":"product","2":"type-product","3":"status-publish","4":"has-post-thumbnail","6":"product_cat-eristekontit","7":"product_cat-uudet-toimistokontit","9":"first","10":"instock","11":"shipping-taxable","12":"purchasable","13":"product-type-simple"},"acf":[],"yoast_head":"<!-- This site is optimized with the Yoast SEO Premium plugin v23.9 (Yoast SEO v27.5) - https:\/\/yoast.com\/product\/yoast-seo-premium-wordpress\/ -->\n<title>Containerx monimutkainen - Miil O\u00dc<\/title>\n<meta name=\"description\" content=\"Containerx monimutkainen | Moduulitalo | Elementtitalo | Siirrett\u00e4v\u00e4 toimisto | Mini talo | Pieni talo | Eristetyt hytit | \u2b50\ufe0f\u2b50\ufe0f\u2b50\ufe0f\u2b50\ufe0f\u2b50\ufe0f\" \/>\n<meta name=\"robots\" content=\"index, follow, max-snippet:-1, max-image-preview:large, max-video-preview:-1\" \/>\n<link rel=\"canonical\" href=\"https:\/\/miil.dev.almic.ee\/fi\/toode\/containerx-monimutkainen\/\" \/>\n<meta property=\"og:locale\" content=\"fi_FI\" \/>\n<meta property=\"og:type\" content=\"article\" \/>\n<meta property=\"og:title\" content=\"Containerx monimutkainen\" \/>\n<meta property=\"og:description\" content=\"Containerx monimutkainen | Moduulitalo | Elementtitalo | Siirrett\u00e4v\u00e4 toimisto | Mini talo | Pieni talo | Eristetyt hytit | \u2b50\ufe0f\u2b50\ufe0f\u2b50\ufe0f\u2b50\ufe0f\u2b50\ufe0f\" \/>\n<meta property=\"og:url\" content=\"https:\/\/miil.dev.almic.ee\/fi\/toode\/containerx-monimutkainen\/\" \/>\n<meta property=\"og:site_name\" content=\"Miil O\u00dc\" \/>\n<meta property=\"article:publisher\" content=\"https:\/\/www.facebook.com\/konteinerveod\/\" \/>\n<meta property=\"article:modified_time\" content=\"2025-01-10T11:45:27+00:00\" \/>\n<meta property=\"og:image\" content=\"https:\/\/miil.dev.almic.ee\/wp-content\/uploads\/2025\/01\/3457c30d-6269-41cb-a2de-9da259873782-scaled.jpg\" \/>\n\t<meta property=\"og:image:width\" content=\"1900\" \/>\n\t<meta property=\"og:image:height\" content=\"1425\" \/>\n\t<meta property=\"og:image:type\" content=\"image\/jpeg\" \/>\n<meta name=\"twitter:card\" content=\"summary_large_image\" \/>\n<meta name=\"twitter:label1\" content=\"Hinta\" \/>\n\t<meta name=\"twitter:data1\" content=\"49500,00&nbsp;&euro;\" \/>\n\t<meta name=\"twitter:label2\" content=\"Saatavuus\" \/>\n\t<meta name=\"twitter:data2\" content=\"Varastossa\" \/>\n<script type=\"application\/ld+json\" class=\"yoast-schema-graph\">{\"@context\":\"https:\\\/\\\/schema.org\",\"@graph\":[{\"@type\":\"WebPage\",\"@id\":\"https:\\\/\\\/miil.dev.almic.ee\\\/fi\\\/toode\\\/containerx-monimutkainen\\\/\",\"url\":\"https:\\\/\\\/miil.dev.almic.ee\\\/fi\\\/toode\\\/containerx-monimutkainen\\\/\",\"name\":\"Containerx monimutkainen - Miil O\u00dc\",\"isPartOf\":{\"@id\":\"https:\\\/\\\/miil.dev.almic.ee\\\/#website\"},\"primaryImageOfPage\":{\"@id\":\"https:\\\/\\\/miil.dev.almic.ee\\\/fi\\\/toode\\\/containerx-monimutkainen\\\/#primaryimage\"},\"image\":{\"@id\":\"https:\\\/\\\/miil.dev.almic.ee\\\/fi\\\/toode\\\/containerx-monimutkainen\\\/#primaryimage\"},\"thumbnailUrl\":\"https:\\\/\\\/miil.dev.almic.ee\\\/wp-content\\\/uploads\\\/2025\\\/01\\\/3457c30d-6269-41cb-a2de-9da259873782-scaled.jpg\",\"datePublished\":\"2025-01-10T08:49:45+00:00\",\"dateModified\":\"2025-01-10T11:45:27+00:00\",\"description\":\"Containerx monimutkainen | Moduulitalo | Elementtitalo | Siirrett\u00e4v\u00e4 toimisto | Mini talo | Pieni talo | Eristetyt hytit | \u2b50\ufe0f\u2b50\ufe0f\u2b50\ufe0f\u2b50\ufe0f\u2b50\ufe0f\",\"breadcrumb\":{\"@id\":\"https:\\\/\\\/miil.dev.almic.ee\\\/fi\\\/toode\\\/containerx-monimutkainen\\\/#breadcrumb\"},\"inLanguage\":\"fi\",\"potentialAction\":[{\"@type\":\"ReadAction\",\"target\":[\"https:\\\/\\\/miil.dev.almic.ee\\\/fi\\\/toode\\\/containerx-monimutkainen\\\/\"]}]},{\"@type\":\"ImageObject\",\"inLanguage\":\"fi\",\"@id\":\"https:\\\/\\\/miil.dev.almic.ee\\\/fi\\\/toode\\\/containerx-monimutkainen\\\/#primaryimage\",\"url\":\"https:\\\/\\\/miil.dev.almic.ee\\\/wp-content\\\/uploads\\\/2025\\\/01\\\/3457c30d-6269-41cb-a2de-9da259873782-scaled.jpg\",\"contentUrl\":\"https:\\\/\\\/miil.dev.almic.ee\\\/wp-content\\\/uploads\\\/2025\\\/01\\\/3457c30d-6269-41cb-a2de-9da259873782-scaled.jpg\",\"width\":1900,\"height\":1425,\"caption\":\"Small office building\"},{\"@type\":\"BreadcrumbList\",\"@id\":\"https:\\\/\\\/miil.dev.almic.ee\\\/fi\\\/toode\\\/containerx-monimutkainen\\\/#breadcrumb\",\"itemListElement\":[{\"@type\":\"ListItem\",\"position\":1,\"name\":\"Home\",\"item\":\"https:\\\/\\\/miil.dev.almic.ee\\\/fi\\\/\"},{\"@type\":\"ListItem\",\"position\":2,\"name\":\"Kauppa\",\"item\":\"https:\\\/\\\/miil.dev.almic.ee\\\/fi\\\/kauppa\\\/\"},{\"@type\":\"ListItem\",\"position\":3,\"name\":\"Containerx monimutkainen\"}]},{\"@type\":\"WebSite\",\"@id\":\"https:\\\/\\\/miil.dev.almic.ee\\\/#website\",\"url\":\"https:\\\/\\\/miil.dev.almic.ee\\\/\",\"name\":\"Miil O\u00dc\",\"description\":\"Konteinerveod\",\"publisher\":{\"@id\":\"https:\\\/\\\/miil.dev.almic.ee\\\/#organization\"},\"potentialAction\":[{\"@type\":\"SearchAction\",\"target\":{\"@type\":\"EntryPoint\",\"urlTemplate\":\"https:\\\/\\\/miil.dev.almic.ee\\\/?s={search_term_string}\"},\"query-input\":{\"@type\":\"PropertyValueSpecification\",\"valueRequired\":true,\"valueName\":\"search_term_string\"}}],\"inLanguage\":\"fi\"},{\"@type\":\"Organization\",\"@id\":\"https:\\\/\\\/miil.dev.almic.ee\\\/#organization\",\"name\":\"Miil O\u00dc\",\"url\":\"https:\\\/\\\/miil.dev.almic.ee\\\/\",\"logo\":{\"@type\":\"ImageObject\",\"inLanguage\":\"fi\",\"@id\":\"https:\\\/\\\/miil.dev.almic.ee\\\/#\\\/schema\\\/logo\\\/image\\\/\",\"url\":\"https:\\\/\\\/www.miil.ee\\\/wp-content\\\/uploads\\\/2022\\\/02\\\/Miil-logo.svg\",\"contentUrl\":\"https:\\\/\\\/www.miil.ee\\\/wp-content\\\/uploads\\\/2022\\\/02\\\/Miil-logo.svg\",\"width\":\"1024\",\"height\":\"1024\",\"caption\":\"Miil O\u00dc\"},\"image\":{\"@id\":\"https:\\\/\\\/miil.dev.almic.ee\\\/#\\\/schema\\\/logo\\\/image\\\/\"},\"sameAs\":[\"https:\\\/\\\/www.facebook.com\\\/konteinerveod\\\/\",\"https:\\\/\\\/www.instagram.com\\\/ou_miil\\\/\"]}]}<\/script>\n<meta property=\"product:price:amount\" content=\"49500.00\" \/>\n<meta property=\"product:price:currency\" content=\"EUR\" \/>\n<meta property=\"og:availability\" content=\"instock\" \/>\n<meta property=\"product:availability\" content=\"instock\" \/>\n<meta property=\"product:retailer_item_id\" content=\"022409765\" \/>\n<meta property=\"product:condition\" content=\"new\" \/>\n<!-- \/ Yoast SEO Premium plugin. -->","yoast_head_json":{"title":"Containerx monimutkainen - Miil O\u00dc","description":"Containerx monimutkainen | Moduulitalo | Elementtitalo | Siirrett\u00e4v\u00e4 toimisto | Mini talo | Pieni talo | Eristetyt hytit | \u2b50\ufe0f\u2b50\ufe0f\u2b50\ufe0f\u2b50\ufe0f\u2b50\ufe0f","robots":{"index":"index","follow":"follow","max-snippet":"max-snippet:-1","max-image-preview":"max-image-preview:large","max-video-preview":"max-video-preview:-1"},"canonical":"https:\/\/miil.dev.almic.ee\/fi\/toode\/containerx-monimutkainen\/","og_locale":"fi_FI","og_type":"article","og_title":"Containerx monimutkainen","og_description":"Containerx monimutkainen | Moduulitalo | Elementtitalo | Siirrett\u00e4v\u00e4 toimisto | Mini talo | Pieni talo | Eristetyt hytit | \u2b50\ufe0f\u2b50\ufe0f\u2b50\ufe0f\u2b50\ufe0f\u2b50\ufe0f","og_url":"https:\/\/miil.dev.almic.ee\/fi\/toode\/containerx-monimutkainen\/","og_site_name":"Miil O\u00dc","article_publisher":"https:\/\/www.facebook.com\/konteinerveod\/","article_modified_time":"2025-01-10T11:45:27+00:00","og_image":[{"width":1900,"height":1425,"url":"https:\/\/miil.dev.almic.ee\/wp-content\/uploads\/2025\/01\/3457c30d-6269-41cb-a2de-9da259873782-scaled.jpg","type":"image\/jpeg"}],"twitter_card":"summary_large_image","twitter_misc":{"Hinta":"49500,00&nbsp;&euro;","Saatavuus":"Varastossa"},"schema":{"@context":"https:\/\/schema.org","@graph":[{"@type":"WebPage","@id":"https:\/\/miil.dev.almic.ee\/fi\/toode\/containerx-monimutkainen\/","url":"https:\/\/miil.dev.almic.ee\/fi\/toode\/containerx-monimutkainen\/","name":"Containerx monimutkainen - Miil O\u00dc","isPartOf":{"@id":"https:\/\/miil.dev.almic.ee\/#website"},"primaryImageOfPage":{"@id":"https:\/\/miil.dev.almic.ee\/fi\/toode\/containerx-monimutkainen\/#primaryimage"},"image":{"@id":"https:\/\/miil.dev.almic.ee\/fi\/toode\/containerx-monimutkainen\/#primaryimage"},"thumbnailUrl":"https:\/\/miil.dev.almic.ee\/wp-content\/uploads\/2025\/01\/3457c30d-6269-41cb-a2de-9da259873782-scaled.jpg","datePublished":"2025-01-10T08:49:45+00:00","dateModified":"2025-01-10T11:45:27+00:00","description":"Containerx monimutkainen | Moduulitalo | Elementtitalo | Siirrett\u00e4v\u00e4 toimisto | Mini talo | Pieni talo | Eristetyt hytit | \u2b50\ufe0f\u2b50\ufe0f\u2b50\ufe0f\u2b50\ufe0f\u2b50\ufe0f","breadcrumb":{"@id":"https:\/\/miil.dev.almic.ee\/fi\/toode\/containerx-monimutkainen\/#breadcrumb"},"inLanguage":"fi","potentialAction":[{"@type":"ReadAction","target":["https:\/\/miil.dev.almic.ee\/fi\/toode\/containerx-monimutkainen\/"]}]},{"@type":"ImageObject","inLanguage":"fi","@id":"https:\/\/miil.dev.almic.ee\/fi\/toode\/containerx-monimutkainen\/#primaryimage","url":"https:\/\/miil.dev.almic.ee\/wp-content\/uploads\/2025\/01\/3457c30d-6269-41cb-a2de-9da259873782-scaled.jpg","contentUrl":"https:\/\/miil.dev.almic.ee\/wp-content\/uploads\/2025\/01\/3457c30d-6269-41cb-a2de-9da259873782-scaled.jpg","width":1900,"height":1425,"caption":"Small office building"},{"@type":"BreadcrumbList","@id":"https:\/\/miil.dev.almic.ee\/fi\/toode\/containerx-monimutkainen\/#breadcrumb","itemListElement":[{"@type":"ListItem","position":1,"name":"Home","item":"https:\/\/miil.dev.almic.ee\/fi\/"},{"@type":"ListItem","position":2,"name":"Kauppa","item":"https:\/\/miil.dev.almic.ee\/fi\/kauppa\/"},{"@type":"ListItem","position":3,"name":"Containerx monimutkainen"}]},{"@type":"WebSite","@id":"https:\/\/miil.dev.almic.ee\/#website","url":"https:\/\/miil.dev.almic.ee\/","name":"Miil O\u00dc","description":"Konteinerveod","publisher":{"@id":"https:\/\/miil.dev.almic.ee\/#organization"},"potentialAction":[{"@type":"SearchAction","target":{"@type":"EntryPoint","urlTemplate":"https:\/\/miil.dev.almic.ee\/?s={search_term_string}"},"query-input":{"@type":"PropertyValueSpecification","valueRequired":true,"valueName":"search_term_string"}}],"inLanguage":"fi"},{"@type":"Organization","@id":"https:\/\/miil.dev.almic.ee\/#organization","name":"Miil O\u00dc","url":"https:\/\/miil.dev.almic.ee\/","logo":{"@type":"ImageObject","inLanguage":"fi","@id":"https:\/\/miil.dev.almic.ee\/#\/schema\/logo\/image\/","url":"https:\/\/www.miil.ee\/wp-content\/uploads\/2022\/02\/Miil-logo.svg","contentUrl":"https:\/\/www.miil.ee\/wp-content\/uploads\/2022\/02\/Miil-logo.svg","width":"1024","height":"1024","caption":"Miil O\u00dc"},"image":{"@id":"https:\/\/miil.dev.almic.ee\/#\/schema\/logo\/image\/"},"sameAs":["https:\/\/www.facebook.com\/konteinerveod\/","https:\/\/www.instagram.com\/ou_miil\/"]}]},"product_price_amount":"49500.00","product_price_currency":"EUR","og_availability":"instock","product_availability":"instock","product_retailer_item_id":"022409765","product_condition":"new"},"_links":{"self":[{"href":"https:\/\/miil.dev.almic.ee\/fi\/wp-json\/wp\/v2\/product\/84073","targetHints":{"allow":["GET"]}}],"collection":[{"href":"https:\/\/miil.dev.almic.ee\/fi\/wp-json\/wp\/v2\/product"}],"about":[{"href":"https:\/\/miil.dev.almic.ee\/fi\/wp-json\/wp\/v2\/types\/product"}],"replies":[{"embeddable":true,"href":"https:\/\/miil.dev.almic.ee\/fi\/wp-json\/wp\/v2\/comments?post=84073"}],"wp:featuredmedia":[{"embeddable":true,"href":"https:\/\/miil.dev.almic.ee\/fi\/wp-json\/wp\/v2\/media\/83953"}],"wp:attachment":[{"href":"https:\/\/miil.dev.almic.ee\/fi\/wp-json\/wp\/v2\/media?parent=84073"}],"wp:term":[{"taxonomy":"product_cat","embeddable":true,"href":"https:\/\/miil.dev.almic.ee\/fi\/wp-json\/wp\/v2\/product_cat?post=84073"},{"taxonomy":"product_tag","embeddable":true,"href":"https:\/\/miil.dev.almic.ee\/fi\/wp-json\/wp\/v2\/product_tag?post=84073"}],"curies":[{"name":"wp","href":"https:\/\/api.w.org\/{rel}","templated":true}]}}