{"id":83576,"date":"2025-01-08T15:30:28","date_gmt":"2025-01-08T15:47:54","guid":{"rendered":"https:\/\/www.miil.ee\/?post_type=product&#038;p=83576"},"modified":"2025-01-09T08:18:07","modified_gmt":"2025-01-09T06:18:07","slug":"konttien-siirtopyorastot-360","status":"publish","type":"product","link":"https:\/\/miil.dev.almic.ee\/fi\/toode\/konttien-siirtopyorastot-360\/","title":{"rendered":"Konttien Siirtopy\u00f6r\u00e4st\u00f6t 360\u00b0"},"content":{"rendered":"<h1>Konttien Siirtopy\u00f6r\u00e4st\u00f6t 360\u00b0<\/h1>\n<p>Konttien Siirtopy\u00f6r\u00e4st\u00f6t 360\u00b0 on suunniteltu lis\u00e4\u00e4m\u00e4\u00e4n ohjattavuutta mahdollistamalla kontin helpon k\u00e4\u00e4nt\u00e4misen ja siirt\u00e4misen mihin tahansa suuntaan. N\u00e4m\u00e4 Konttien Siirtopy\u00f6r\u00e4st\u00f6t on varustettu k\u00e4\u00e4nt\u00f6mekanismilla, joka mahdollistaa 360 asteen ohjattavuuden. T\u00e4m\u00e4 ominaisuus helpottaa navigointia ahtaissa tiloissa, mik\u00e4 parantaa varastojen, satamien ja varastopihojen tehokkuutta. Konttien Siirtopy\u00f6r\u00e4st\u00f6t est\u00e4v\u00e4t kontin vaurioitumisen sit\u00e4 siirrett\u00e4ess\u00e4 ja tarjoavat paremman hallinnan liikkeen aikana. T\u00e4ydellinen k\u00e4ytett\u00e4v\u00e4ksi, kun trukkia tai nosturia ei ole saatavilla.<\/p>\n<p>Nosta kontti tunkilla, nosturilla tai trukilla ja kiinnit\u00e4 sitten py\u00f6r\u00e4t py\u00f6r\u00e4sarjaan jo kiinnitetyll\u00e4 lukolla. Kun s\u00e4ili\u00f6 on kiinnitetty, se on valmis siirrett\u00e4v\u00e4ksi.<\/p>\n<ul>\n<li>Maksimikuormitus on 1800 kg per py\u00f6r\u00e4.<\/li>\n<li>4 py\u00f6r\u00e4\u00e4 sis\u00e4ltyy sarjaan.<\/li>\n<li>Valmistettu korkealaatuisista komponenteista pitk\u00e4n aikav\u00e4lin luotettavuuden varmistamiseksi.<\/li>\n<li>Vuokrattavissa sopimuksen mukaan.<\/li>\n<\/ul>\n<p>Seuraa meit\u00e4 <a href=\"https:\/\/www.facebook.com\/konteinerveod\/\">Facebookissa<\/a> tai <a href=\"https:\/\/www.instagram.com\/ou_miil\/\">Instagramissa<\/a><\/p>\n","protected":false},"excerpt":{"rendered":"<p>Konttien Siirtopy\u00f6r\u00e4st\u00f6t 360\u00b0 Konttien Siirtopy\u00f6r\u00e4st\u00f6t 360\u00b0 on suunniteltu lis\u00e4\u00e4m\u00e4\u00e4n ohjattavuutta mahdollistamalla kontin helpon k\u00e4\u00e4nt\u00e4misen ja siirt\u00e4misen mihin tahansa suuntaan. N\u00e4m\u00e4 Konttien Siirtopy\u00f6r\u00e4st\u00f6t on varustettu k\u00e4\u00e4nt\u00f6mekanismilla, joka mahdollistaa 360 asteen ohjattavuuden. T\u00e4m\u00e4 ominaisuus helpottaa navigointia ahtaissa tiloissa, mik\u00e4 parantaa varastojen, satamien ja varastopihojen tehokkuutta. Konttien Siirtopy\u00f6r\u00e4st\u00f6t est\u00e4v\u00e4t kontin vaurioitumisen sit\u00e4 siirrett\u00e4ess\u00e4 ja tarjoavat paremman hallinnan liikkeen&#8230;<\/p>\n","protected":false},"featured_media":83589,"comment_status":"open","ping_status":"closed","template":"","meta":{"_acf_changed":false},"product_cat":[335],"product_tag":[],"class_list":{"0":"post-83576","1":"product","2":"type-product","3":"status-publish","4":"has-post-thumbnail","6":"product_cat-lisavarusteet","8":"first","9":"instock","10":"shipping-taxable","11":"purchasable","12":"product-type-simple"},"acf":[],"yoast_head":"<!-- This site is optimized with the Yoast SEO Premium plugin v23.9 (Yoast SEO v27.5) - https:\/\/yoast.com\/product\/yoast-seo-premium-wordpress\/ -->\n<title>Konttien Siirtopy\u00f6r\u00e4st\u00f6t 360\u00b0 - Miil O\u00dc<\/title>\n<meta name=\"description\" content=\"Konttien Siirtopy\u00f6r\u00e4st\u00f6t 360\u00b0 | Lukittavat konttipy\u00f6r\u00e4t | Merikontin siirto | S\u00e4ili\u00f6n tarvikkeet | Py\u00f6r\u00e4t | Konttikuljetus | O\u00dc MIIL \u2b50\ufe0f\u2b50\ufe0f\u2b50\ufe0f\u2b50\ufe0f\u2b50\" \/>\n<meta name=\"robots\" content=\"index, follow, max-snippet:-1, max-image-preview:large, max-video-preview:-1\" \/>\n<link rel=\"canonical\" href=\"https:\/\/miil.dev.almic.ee\/fi\/toode\/konttien-siirtopyorastot-360\/\" \/>\n<meta property=\"og:locale\" content=\"fi_FI\" \/>\n<meta property=\"og:type\" content=\"article\" \/>\n<meta property=\"og:title\" content=\"Konttien Siirtopy\u00f6r\u00e4st\u00f6t 360\u00b0\" \/>\n<meta property=\"og:description\" content=\"Konttien Siirtopy\u00f6r\u00e4st\u00f6t 360\u00b0 | Lukittavat konttipy\u00f6r\u00e4t | Merikontin siirto | S\u00e4ili\u00f6n tarvikkeet | Py\u00f6r\u00e4t | Konttikuljetus | O\u00dc MIIL \u2b50\ufe0f\u2b50\ufe0f\u2b50\ufe0f\u2b50\ufe0f\u2b50\" \/>\n<meta property=\"og:url\" content=\"https:\/\/miil.dev.almic.ee\/fi\/toode\/konttien-siirtopyorastot-360\/\" \/>\n<meta property=\"og:site_name\" content=\"Miil O\u00dc\" \/>\n<meta property=\"article:publisher\" content=\"https:\/\/www.facebook.com\/konteinerveod\/\" \/>\n<meta property=\"article:modified_time\" content=\"2025-01-09T06:18:07+00:00\" \/>\n<meta property=\"og:image\" content=\"https:\/\/miil.dev.almic.ee\/wp-content\/uploads\/2025\/01\/Konteineri-ratas-scaled.jpg\" \/>\n\t<meta property=\"og:image:width\" content=\"1431\" \/>\n\t<meta property=\"og:image:height\" content=\"1900\" \/>\n\t<meta property=\"og:image:type\" content=\"image\/jpeg\" \/>\n<meta name=\"twitter:card\" content=\"summary_large_image\" \/>\n<meta name=\"twitter:label1\" content=\"Hinta\" \/>\n\t<meta name=\"twitter:data1\" content=\"1790,00&nbsp;&euro;\" \/>\n\t<meta name=\"twitter:label2\" content=\"Saatavuus\" \/>\n\t<meta name=\"twitter:data2\" content=\"Varastossa\" \/>\n<script type=\"application\/ld+json\" class=\"yoast-schema-graph\">{\"@context\":\"https:\\\/\\\/schema.org\",\"@graph\":[{\"@type\":\"WebPage\",\"@id\":\"https:\\\/\\\/miil.dev.almic.ee\\\/fi\\\/toode\\\/konttien-siirtopyorastot-360\\\/\",\"url\":\"https:\\\/\\\/miil.dev.almic.ee\\\/fi\\\/toode\\\/konttien-siirtopyorastot-360\\\/\",\"name\":\"Konttien Siirtopy\u00f6r\u00e4st\u00f6t 360\u00b0 - Miil O\u00dc\",\"isPartOf\":{\"@id\":\"https:\\\/\\\/miil.dev.almic.ee\\\/#website\"},\"primaryImageOfPage\":{\"@id\":\"https:\\\/\\\/miil.dev.almic.ee\\\/fi\\\/toode\\\/konttien-siirtopyorastot-360\\\/#primaryimage\"},\"image\":{\"@id\":\"https:\\\/\\\/miil.dev.almic.ee\\\/fi\\\/toode\\\/konttien-siirtopyorastot-360\\\/#primaryimage\"},\"thumbnailUrl\":\"https:\\\/\\\/miil.dev.almic.ee\\\/wp-content\\\/uploads\\\/2025\\\/01\\\/Konteineri-ratas-scaled.jpg\",\"datePublished\":\"2025-01-08T15:47:54+00:00\",\"dateModified\":\"2025-01-09T06:18:07+00:00\",\"description\":\"Konttien Siirtopy\u00f6r\u00e4st\u00f6t 360\u00b0 | Lukittavat konttipy\u00f6r\u00e4t | Merikontin siirto | S\u00e4ili\u00f6n tarvikkeet | Py\u00f6r\u00e4t | Konttikuljetus | O\u00dc MIIL \u2b50\ufe0f\u2b50\ufe0f\u2b50\ufe0f\u2b50\ufe0f\u2b50\",\"breadcrumb\":{\"@id\":\"https:\\\/\\\/miil.dev.almic.ee\\\/fi\\\/toode\\\/konttien-siirtopyorastot-360\\\/#breadcrumb\"},\"inLanguage\":\"fi\",\"potentialAction\":[{\"@type\":\"ReadAction\",\"target\":[\"https:\\\/\\\/miil.dev.almic.ee\\\/fi\\\/toode\\\/konttien-siirtopyorastot-360\\\/\"]}]},{\"@type\":\"ImageObject\",\"inLanguage\":\"fi\",\"@id\":\"https:\\\/\\\/miil.dev.almic.ee\\\/fi\\\/toode\\\/konttien-siirtopyorastot-360\\\/#primaryimage\",\"url\":\"https:\\\/\\\/miil.dev.almic.ee\\\/wp-content\\\/uploads\\\/2025\\\/01\\\/Konteineri-ratas-scaled.jpg\",\"contentUrl\":\"https:\\\/\\\/miil.dev.almic.ee\\\/wp-content\\\/uploads\\\/2025\\\/01\\\/Konteineri-ratas-scaled.jpg\",\"width\":1431,\"height\":1900},{\"@type\":\"BreadcrumbList\",\"@id\":\"https:\\\/\\\/miil.dev.almic.ee\\\/fi\\\/toode\\\/konttien-siirtopyorastot-360\\\/#breadcrumb\",\"itemListElement\":[{\"@type\":\"ListItem\",\"position\":1,\"name\":\"Home\",\"item\":\"https:\\\/\\\/miil.dev.almic.ee\\\/fi\\\/\"},{\"@type\":\"ListItem\",\"position\":2,\"name\":\"Kauppa\",\"item\":\"https:\\\/\\\/miil.dev.almic.ee\\\/fi\\\/kauppa\\\/\"},{\"@type\":\"ListItem\",\"position\":3,\"name\":\"Konttien Siirtopy\u00f6r\u00e4st\u00f6t 360\u00b0\"}]},{\"@type\":\"WebSite\",\"@id\":\"https:\\\/\\\/miil.dev.almic.ee\\\/#website\",\"url\":\"https:\\\/\\\/miil.dev.almic.ee\\\/\",\"name\":\"Miil O\u00dc\",\"description\":\"Konteinerveod\",\"publisher\":{\"@id\":\"https:\\\/\\\/miil.dev.almic.ee\\\/#organization\"},\"potentialAction\":[{\"@type\":\"SearchAction\",\"target\":{\"@type\":\"EntryPoint\",\"urlTemplate\":\"https:\\\/\\\/miil.dev.almic.ee\\\/?s={search_term_string}\"},\"query-input\":{\"@type\":\"PropertyValueSpecification\",\"valueRequired\":true,\"valueName\":\"search_term_string\"}}],\"inLanguage\":\"fi\"},{\"@type\":\"Organization\",\"@id\":\"https:\\\/\\\/miil.dev.almic.ee\\\/#organization\",\"name\":\"Miil O\u00dc\",\"url\":\"https:\\\/\\\/miil.dev.almic.ee\\\/\",\"logo\":{\"@type\":\"ImageObject\",\"inLanguage\":\"fi\",\"@id\":\"https:\\\/\\\/miil.dev.almic.ee\\\/#\\\/schema\\\/logo\\\/image\\\/\",\"url\":\"https:\\\/\\\/www.miil.ee\\\/wp-content\\\/uploads\\\/2022\\\/02\\\/Miil-logo.svg\",\"contentUrl\":\"https:\\\/\\\/www.miil.ee\\\/wp-content\\\/uploads\\\/2022\\\/02\\\/Miil-logo.svg\",\"width\":\"1024\",\"height\":\"1024\",\"caption\":\"Miil O\u00dc\"},\"image\":{\"@id\":\"https:\\\/\\\/miil.dev.almic.ee\\\/#\\\/schema\\\/logo\\\/image\\\/\"},\"sameAs\":[\"https:\\\/\\\/www.facebook.com\\\/konteinerveod\\\/\",\"https:\\\/\\\/www.instagram.com\\\/ou_miil\\\/\"]}]}<\/script>\n<meta property=\"product:price:amount\" content=\"1790.00\" \/>\n<meta property=\"product:price:currency\" content=\"EUR\" \/>\n<meta property=\"og:availability\" content=\"instock\" \/>\n<meta property=\"product:availability\" content=\"instock\" \/>\n<meta property=\"product:retailer_item_id\" content=\"MIIU3602200\" \/>\n<meta property=\"product:condition\" content=\"new\" \/>\n<!-- \/ Yoast SEO Premium plugin. -->","yoast_head_json":{"title":"Konttien Siirtopy\u00f6r\u00e4st\u00f6t 360\u00b0 - Miil O\u00dc","description":"Konttien Siirtopy\u00f6r\u00e4st\u00f6t 360\u00b0 | Lukittavat konttipy\u00f6r\u00e4t | Merikontin siirto | S\u00e4ili\u00f6n tarvikkeet | Py\u00f6r\u00e4t | Konttikuljetus | O\u00dc MIIL \u2b50\ufe0f\u2b50\ufe0f\u2b50\ufe0f\u2b50\ufe0f\u2b50","robots":{"index":"index","follow":"follow","max-snippet":"max-snippet:-1","max-image-preview":"max-image-preview:large","max-video-preview":"max-video-preview:-1"},"canonical":"https:\/\/miil.dev.almic.ee\/fi\/toode\/konttien-siirtopyorastot-360\/","og_locale":"fi_FI","og_type":"article","og_title":"Konttien Siirtopy\u00f6r\u00e4st\u00f6t 360\u00b0","og_description":"Konttien Siirtopy\u00f6r\u00e4st\u00f6t 360\u00b0 | Lukittavat konttipy\u00f6r\u00e4t | Merikontin siirto | S\u00e4ili\u00f6n tarvikkeet | Py\u00f6r\u00e4t | Konttikuljetus | O\u00dc MIIL \u2b50\ufe0f\u2b50\ufe0f\u2b50\ufe0f\u2b50\ufe0f\u2b50","og_url":"https:\/\/miil.dev.almic.ee\/fi\/toode\/konttien-siirtopyorastot-360\/","og_site_name":"Miil O\u00dc","article_publisher":"https:\/\/www.facebook.com\/konteinerveod\/","article_modified_time":"2025-01-09T06:18:07+00:00","og_image":[{"width":1431,"height":1900,"url":"https:\/\/miil.dev.almic.ee\/wp-content\/uploads\/2025\/01\/Konteineri-ratas-scaled.jpg","type":"image\/jpeg"}],"twitter_card":"summary_large_image","twitter_misc":{"Hinta":"1790,00&nbsp;&euro;","Saatavuus":"Varastossa"},"schema":{"@context":"https:\/\/schema.org","@graph":[{"@type":"WebPage","@id":"https:\/\/miil.dev.almic.ee\/fi\/toode\/konttien-siirtopyorastot-360\/","url":"https:\/\/miil.dev.almic.ee\/fi\/toode\/konttien-siirtopyorastot-360\/","name":"Konttien Siirtopy\u00f6r\u00e4st\u00f6t 360\u00b0 - Miil O\u00dc","isPartOf":{"@id":"https:\/\/miil.dev.almic.ee\/#website"},"primaryImageOfPage":{"@id":"https:\/\/miil.dev.almic.ee\/fi\/toode\/konttien-siirtopyorastot-360\/#primaryimage"},"image":{"@id":"https:\/\/miil.dev.almic.ee\/fi\/toode\/konttien-siirtopyorastot-360\/#primaryimage"},"thumbnailUrl":"https:\/\/miil.dev.almic.ee\/wp-content\/uploads\/2025\/01\/Konteineri-ratas-scaled.jpg","datePublished":"2025-01-08T15:47:54+00:00","dateModified":"2025-01-09T06:18:07+00:00","description":"Konttien Siirtopy\u00f6r\u00e4st\u00f6t 360\u00b0 | Lukittavat konttipy\u00f6r\u00e4t | Merikontin siirto | S\u00e4ili\u00f6n tarvikkeet | Py\u00f6r\u00e4t | Konttikuljetus | O\u00dc MIIL \u2b50\ufe0f\u2b50\ufe0f\u2b50\ufe0f\u2b50\ufe0f\u2b50","breadcrumb":{"@id":"https:\/\/miil.dev.almic.ee\/fi\/toode\/konttien-siirtopyorastot-360\/#breadcrumb"},"inLanguage":"fi","potentialAction":[{"@type":"ReadAction","target":["https:\/\/miil.dev.almic.ee\/fi\/toode\/konttien-siirtopyorastot-360\/"]}]},{"@type":"ImageObject","inLanguage":"fi","@id":"https:\/\/miil.dev.almic.ee\/fi\/toode\/konttien-siirtopyorastot-360\/#primaryimage","url":"https:\/\/miil.dev.almic.ee\/wp-content\/uploads\/2025\/01\/Konteineri-ratas-scaled.jpg","contentUrl":"https:\/\/miil.dev.almic.ee\/wp-content\/uploads\/2025\/01\/Konteineri-ratas-scaled.jpg","width":1431,"height":1900},{"@type":"BreadcrumbList","@id":"https:\/\/miil.dev.almic.ee\/fi\/toode\/konttien-siirtopyorastot-360\/#breadcrumb","itemListElement":[{"@type":"ListItem","position":1,"name":"Home","item":"https:\/\/miil.dev.almic.ee\/fi\/"},{"@type":"ListItem","position":2,"name":"Kauppa","item":"https:\/\/miil.dev.almic.ee\/fi\/kauppa\/"},{"@type":"ListItem","position":3,"name":"Konttien Siirtopy\u00f6r\u00e4st\u00f6t 360\u00b0"}]},{"@type":"WebSite","@id":"https:\/\/miil.dev.almic.ee\/#website","url":"https:\/\/miil.dev.almic.ee\/","name":"Miil O\u00dc","description":"Konteinerveod","publisher":{"@id":"https:\/\/miil.dev.almic.ee\/#organization"},"potentialAction":[{"@type":"SearchAction","target":{"@type":"EntryPoint","urlTemplate":"https:\/\/miil.dev.almic.ee\/?s={search_term_string}"},"query-input":{"@type":"PropertyValueSpecification","valueRequired":true,"valueName":"search_term_string"}}],"inLanguage":"fi"},{"@type":"Organization","@id":"https:\/\/miil.dev.almic.ee\/#organization","name":"Miil O\u00dc","url":"https:\/\/miil.dev.almic.ee\/","logo":{"@type":"ImageObject","inLanguage":"fi","@id":"https:\/\/miil.dev.almic.ee\/#\/schema\/logo\/image\/","url":"https:\/\/www.miil.ee\/wp-content\/uploads\/2022\/02\/Miil-logo.svg","contentUrl":"https:\/\/www.miil.ee\/wp-content\/uploads\/2022\/02\/Miil-logo.svg","width":"1024","height":"1024","caption":"Miil O\u00dc"},"image":{"@id":"https:\/\/miil.dev.almic.ee\/#\/schema\/logo\/image\/"},"sameAs":["https:\/\/www.facebook.com\/konteinerveod\/","https:\/\/www.instagram.com\/ou_miil\/"]}]},"product_price_amount":"1790.00","product_price_currency":"EUR","og_availability":"instock","product_availability":"instock","product_retailer_item_id":"MIIU3602200","product_condition":"new"},"_links":{"self":[{"href":"https:\/\/miil.dev.almic.ee\/fi\/wp-json\/wp\/v2\/product\/83576","targetHints":{"allow":["GET"]}}],"collection":[{"href":"https:\/\/miil.dev.almic.ee\/fi\/wp-json\/wp\/v2\/product"}],"about":[{"href":"https:\/\/miil.dev.almic.ee\/fi\/wp-json\/wp\/v2\/types\/product"}],"replies":[{"embeddable":true,"href":"https:\/\/miil.dev.almic.ee\/fi\/wp-json\/wp\/v2\/comments?post=83576"}],"wp:featuredmedia":[{"embeddable":true,"href":"https:\/\/miil.dev.almic.ee\/fi\/wp-json\/wp\/v2\/media\/83589"}],"wp:attachment":[{"href":"https:\/\/miil.dev.almic.ee\/fi\/wp-json\/wp\/v2\/media?parent=83576"}],"wp:term":[{"taxonomy":"product_cat","embeddable":true,"href":"https:\/\/miil.dev.almic.ee\/fi\/wp-json\/wp\/v2\/product_cat?post=83576"},{"taxonomy":"product_tag","embeddable":true,"href":"https:\/\/miil.dev.almic.ee\/fi\/wp-json\/wp\/v2\/product_tag?post=83576"}],"curies":[{"name":"wp","href":"https:\/\/api.w.org\/{rel}","templated":true}]}}