{"id":81761,"date":"2024-12-13T18:22:22","date_gmt":"2024-12-13T16:22:22","guid":{"rendered":"https:\/\/www.miil.ee\/?post_type=product&#038;p=81761"},"modified":"2025-03-11T09:25:19","modified_gmt":"2025-03-11T07:25:19","slug":"20hcos-korkea-kuutio-avoimen-puolen-merikontti-miiu2301819","status":"publish","type":"product","link":"https:\/\/miil.dev.almic.ee\/fi\/toode\/20hcos-korkea-kuutio-avoimen-puolen-merikontti-miiu2301819\/","title":{"rendered":"20HCOS korkea kuutio avoimen puolen merikontti MIIU2301819"},"content":{"rendered":"<h1>20HCOS korkea kuutio avoimen puolen merikontti MIIU2301819 \u201cUUSI\u201d YKSI SUUNTAINEN.<\/h1>\n<p>20HCOS korkea kuutio avoimen puolen merikontti MIIU2301819 &#8211; korkea kuutio avoimen puolen merikontti. T\u00e4m\u00e4 on melko harvinainen 20HCOS merikontti, joka voidaan avata kokonaan yhdelt\u00e4 sivulta, korkea kuutio variantti.<br \/>\nSe on v\u00e4rilt\u00e4\u00e4n tummanvihre\u00e4 RAL7016.<br \/>\nKaikki kontit valmistetaan Aasiassa.<br \/>\nUudet kontit siirtyv\u00e4t terminaaliimme yksisuuntaisella lastilla v\u00e4ltt\u00e4\u00e4kseen kuljetuskustannuksia, jotka muuten lis\u00e4isiv\u00e4t kontin hintaan.<\/p>\n<ul>\n<li>S\u00e4\u00e4nkest\u00e4vyystakuu 50 vuotta.<\/li>\n<li>Kuvat vastaavat mainostettua konttia.<\/li>\n<li>S\u00e4ili\u00f6ss\u00e4 saattaa olla pieni\u00e4 kosmeettisia vikoja, jotka ovat ilmenneet kuljetuksen aikana.<\/li>\n<li>Merikontissa on yhteens\u00e4 nelj\u00e4 ovenkahvaa ja se voidaan asentaa 3+ lukolla.<\/li>\n<li>S\u00e4ilytyskontin ovissa on yhteens\u00e4 kolme kahvaa, jotka sijaitsevat korkeammalla kuin merikontin lenkit.<\/li>\n<li>Kahden oven keskell\u00e4 on lukkosuoja.<\/li>\n<li>Lis\u00e4tuuletus sivuilla.<\/li>\n<li>Merikontin vuokraus on mahdollista sopimuksen mukaan.<\/li>\n<li>Parhaan hinnan takuu!<\/li>\n<\/ul>\n<p><strong>Osta nyt, maksa my\u00f6hemmin<\/strong> -vaihtoehto saatavilla:<br \/>\nYksityisasiakkaille kumppanimme <a href=\"https:\/\/inbank.ee\/laen\/vaikelaen\">Inbank.ee<\/a> kautta viitekoodilla &#8221;KONTEINER&#8221;.<br \/>\nYritysasiakkaille yhteisty\u00f6kumppanimme <a href=\"https:\/\/tenor.my.canva.site\/tenor-miil\">Tenor.ee<\/a> kautta<\/p>\n<h2>High Cube Open Side Sea Container<\/h2>\n<p><a href=\"https:\/\/www.tiktok.com\/@merekonteiner\/video\/7385505214930963744\">VIDEO<\/a> t\u00e4m\u00e4n tyyppisest\u00e4 s\u00e4ili\u00f6st\u00e4.<br \/>\n&#8221;Yksisuuntainen&#8221; sivulle avautuva merikontti on uudenlainen ja edustava ratkaisu kotipihalle tai liiketilaan.<br \/>\nKaikki kontit valmistetaan Aasiassa.<br \/>\nT\u00e4m\u00e4 s\u00e4ili\u00f6 avautuu koko sivulta + toisesta p\u00e4\u00e4st\u00e4.<br \/>\nUudet kontit siirtyv\u00e4t terminaaliimme yksisuuntaisilla tavaroilla, jotta v\u00e4ltyt\u00e4\u00e4n kuljetuskustannuksilta, jotka muuten lis\u00e4isiv\u00e4t kontin hintaan.<br \/>\nT\u00e4st\u00e4 tulee englanninkielinen nimi &#8221;one-way&#8221; container.<\/p>\n<h2>Miten kontin hinta lasketaan?<\/h2>\n<p>Merikontin hinta riippuu monesta asiasta, mutta myyntihinta liittyy yleens\u00e4 kontin kuntoon.<br \/>\nHintaan vaikuttavat my\u00f6s kontin hankintahinta, kontin saapumistapa terminaaliin, kontin sijainti terminaalissa ja onko kontista loppuneet lis\u00e4kulut, kuten v\u00e4lisiivous, sis\u00e4siivous tai remontti.<\/p>\n<p>Jotta voimme palvella asiakkaitamme paremmin, myyntipisteemme sijaitsevat eri puolilla Viroa. P\u00e4\u00e4kaupungin ulkopuolella olevan kontin hinta riippuu my\u00f6s siit\u00e4, miten se kuljetetaan terminaalien v\u00e4lill\u00e4.<\/p>\n<h2>20HCOS korkea kuutio avoimen puolen merikontti MIIU2301819 \u2013 Kuljetus ja nosto?<\/h2>\n<p>Sopivan kontin valinnan j\u00e4lkeen voimme hoitaa pakkaamisen ja kuljetuksen.<br \/>\nK\u00e4yt\u00e4mme kuljetukseen<span>\u00a0<\/span><a href=\"https:\/\/www.miil.ee\/fi\/palvelut\/nosturi\/\">nosturia<\/a><span>\u00a0<\/span>tai<span>\u00a0<\/span><a href=\"https:\/\/www.miil.ee\/fi\/palvelut\/sideloader\/\">sideloader<\/a><br \/>\nmonimutkaisempi kuljetus on mahdollista<span>\u00a0<\/span><a href=\"https:\/\/www.miil.ee\/fi\/palvelut\/ram-kippauslaite\/\">RAM per\u00e4vaunulla<\/a>.<\/p>\n<p>Kun olet ostanut sen, s\u00e4ilyt\u00e4mme konttisi terminaalissamme maksutta jopa kuusi kuukautta.<\/p>\n<p>Aina on mahdollista sopia pidemm\u00e4st\u00e4kin ajanjaksosta.<br \/>\nEsimerkiksi jos paikka ei ole viel\u00e4 valmis tai k\u00e4ytett\u00e4viss\u00e4 kontin toimittamiseksi.<br \/>\nT\u00e4ll\u00f6in kontin hinta ei muutu ja voit olla varma, ett\u00e4 saat valitun kontin sovittuna aikana.<\/p>\n<ul>\n<li>Parhaan hinnan takuu \u2013 teemme aina parhaan tarjouksen kontista.<\/li>\n<\/ul>\n<p>Seuraa meit\u00e4<span>\u00a0<\/span><a href=\"https:\/\/www.facebook.com\/konteinerveod\/\">Facebook<\/a><span>\u00a0<\/span>tai<span>\u00a0<\/span><a href=\"https:\/\/www.instagram.com\/ou_miil\/\">Instagram<\/a><\/p>\n","protected":false},"excerpt":{"rendered":"<p>20HCOS korkea kuutio avoimen puolen merikontti on harvinainen kontti, joka avautuu kokonaan yhdelt\u00e4 sivulta ja tarjoaa erinomaisen s\u00e4ilytysratkaisun. Kontin hinta m\u00e4\u00e4r\u00e4ytyy sen kunnon ja kuljetuskustannusten mukaan, ja se voidaan toimittaa, asentaa ja varastoida ilmaiseksi jopa kuuden kuukauden ajan.<\/p>\n","protected":false},"featured_media":81776,"comment_status":"closed","ping_status":"closed","template":"","meta":{"_acf_changed":false},"product_cat":[355,451,467],"product_tag":[],"class_list":{"0":"post-81761","1":"product","2":"type-product","3":"status-publish","4":"has-post-thumbnail","6":"product_cat-uudet-kontit","7":"product_cat-20-6-metria-fi","8":"product_cat-20os-avattava-sivu","10":"first","11":"instock","12":"shipping-taxable","13":"purchasable","14":"product-type-simple"},"acf":[],"yoast_head":"<!-- This site is optimized with the Yoast SEO Premium plugin v23.9 (Yoast SEO v27.5) - https:\/\/yoast.com\/product\/yoast-seo-premium-wordpress\/ -->\n<title>20HCOS korkea kuutio avoimen puolen merikontti MIIU2301819 - Miil O\u00dc<\/title>\n<meta name=\"description\" content=\"20HCOS korkea kuutio avoimen puolen merikontti MIIU2301819 | 20 avoin puoli kontti | 20 avoin merikontti | sivulle avautuva merikontti | 20 jalan kontti\" \/>\n<meta name=\"robots\" content=\"index, follow, max-snippet:-1, max-image-preview:large, max-video-preview:-1\" \/>\n<link rel=\"canonical\" href=\"https:\/\/miil.dev.almic.ee\/fi\/toode\/20hcos-korkea-kuutio-avoimen-puolen-merikontti-miiu2301819\/\" \/>\n<meta property=\"og:locale\" content=\"fi_FI\" \/>\n<meta property=\"og:type\" content=\"article\" \/>\n<meta property=\"og:title\" content=\"20HCOS korkea kuutio avoimen puolen merikontti MIIU2301819\" \/>\n<meta property=\"og:description\" content=\"20HCOS korkea kuutio avoimen puolen merikontti MIIU2301819 | 20 avoin puoli kontti | 20 avoin merikontti | sivulle avautuva merikontti | 20 jalan kontti\" \/>\n<meta property=\"og:url\" content=\"https:\/\/miil.dev.almic.ee\/fi\/toode\/20hcos-korkea-kuutio-avoimen-puolen-merikontti-miiu2301819\/\" \/>\n<meta property=\"og:site_name\" content=\"Miil O\u00dc\" \/>\n<meta property=\"article:publisher\" content=\"https:\/\/www.facebook.com\/konteinerveod\/\" \/>\n<meta property=\"article:modified_time\" content=\"2025-03-11T07:25:19+00:00\" \/>\n<meta property=\"og:image\" content=\"https:\/\/miil.dev.almic.ee\/wp-content\/uploads\/2024\/12\/20HCOS-korge-kulg-avatav-merekonteiner-muuk-4-scaled.jpg\" \/>\n\t<meta property=\"og:image:width\" content=\"1900\" \/>\n\t<meta property=\"og:image:height\" content=\"1425\" \/>\n\t<meta property=\"og:image:type\" content=\"image\/jpeg\" \/>\n<meta name=\"twitter:card\" content=\"summary_large_image\" \/>\n<meta name=\"twitter:label1\" content=\"Hinta\" \/>\n\t<meta name=\"twitter:data1\" content=\"7290,00&nbsp;&euro;\" \/>\n\t<meta name=\"twitter:label2\" content=\"Saatavuus\" \/>\n\t<meta name=\"twitter:data2\" content=\"Varastossa\" \/>\n<script type=\"application\/ld+json\" class=\"yoast-schema-graph\">{\"@context\":\"https:\\\/\\\/schema.org\",\"@graph\":[{\"@type\":\"WebPage\",\"@id\":\"https:\\\/\\\/miil.dev.almic.ee\\\/fi\\\/toode\\\/20hcos-korkea-kuutio-avoimen-puolen-merikontti-miiu2301819\\\/\",\"url\":\"https:\\\/\\\/miil.dev.almic.ee\\\/fi\\\/toode\\\/20hcos-korkea-kuutio-avoimen-puolen-merikontti-miiu2301819\\\/\",\"name\":\"20HCOS korkea kuutio avoimen puolen merikontti MIIU2301819 - Miil O\u00dc\",\"isPartOf\":{\"@id\":\"https:\\\/\\\/miil.dev.almic.ee\\\/#website\"},\"primaryImageOfPage\":{\"@id\":\"https:\\\/\\\/miil.dev.almic.ee\\\/fi\\\/toode\\\/20hcos-korkea-kuutio-avoimen-puolen-merikontti-miiu2301819\\\/#primaryimage\"},\"image\":{\"@id\":\"https:\\\/\\\/miil.dev.almic.ee\\\/fi\\\/toode\\\/20hcos-korkea-kuutio-avoimen-puolen-merikontti-miiu2301819\\\/#primaryimage\"},\"thumbnailUrl\":\"https:\\\/\\\/miil.dev.almic.ee\\\/wp-content\\\/uploads\\\/2024\\\/12\\\/20HCOS-korge-kulg-avatav-merekonteiner-muuk-4-scaled.jpg\",\"datePublished\":\"2024-12-13T16:22:22+00:00\",\"dateModified\":\"2025-03-11T07:25:19+00:00\",\"description\":\"20HCOS korkea kuutio avoimen puolen merikontti MIIU2301819 | 20 avoin puoli kontti | 20 avoin merikontti | sivulle avautuva merikontti | 20 jalan kontti\",\"breadcrumb\":{\"@id\":\"https:\\\/\\\/miil.dev.almic.ee\\\/fi\\\/toode\\\/20hcos-korkea-kuutio-avoimen-puolen-merikontti-miiu2301819\\\/#breadcrumb\"},\"inLanguage\":\"fi\",\"potentialAction\":[{\"@type\":\"ReadAction\",\"target\":[\"https:\\\/\\\/miil.dev.almic.ee\\\/fi\\\/toode\\\/20hcos-korkea-kuutio-avoimen-puolen-merikontti-miiu2301819\\\/\"]}]},{\"@type\":\"ImageObject\",\"inLanguage\":\"fi\",\"@id\":\"https:\\\/\\\/miil.dev.almic.ee\\\/fi\\\/toode\\\/20hcos-korkea-kuutio-avoimen-puolen-merikontti-miiu2301819\\\/#primaryimage\",\"url\":\"https:\\\/\\\/miil.dev.almic.ee\\\/wp-content\\\/uploads\\\/2024\\\/12\\\/20HCOS-korge-kulg-avatav-merekonteiner-muuk-4-scaled.jpg\",\"contentUrl\":\"https:\\\/\\\/miil.dev.almic.ee\\\/wp-content\\\/uploads\\\/2024\\\/12\\\/20HCOS-korge-kulg-avatav-merekonteiner-muuk-4-scaled.jpg\",\"width\":1900,\"height\":1425},{\"@type\":\"BreadcrumbList\",\"@id\":\"https:\\\/\\\/miil.dev.almic.ee\\\/fi\\\/toode\\\/20hcos-korkea-kuutio-avoimen-puolen-merikontti-miiu2301819\\\/#breadcrumb\",\"itemListElement\":[{\"@type\":\"ListItem\",\"position\":1,\"name\":\"Home\",\"item\":\"https:\\\/\\\/miil.dev.almic.ee\\\/fi\\\/\"},{\"@type\":\"ListItem\",\"position\":2,\"name\":\"Kauppa\",\"item\":\"https:\\\/\\\/miil.dev.almic.ee\\\/fi\\\/kauppa\\\/\"},{\"@type\":\"ListItem\",\"position\":3,\"name\":\"20HCOS korkea kuutio avoimen puolen merikontti MIIU2301819\"}]},{\"@type\":\"WebSite\",\"@id\":\"https:\\\/\\\/miil.dev.almic.ee\\\/#website\",\"url\":\"https:\\\/\\\/miil.dev.almic.ee\\\/\",\"name\":\"Miil O\u00dc\",\"description\":\"Konteinerveod\",\"publisher\":{\"@id\":\"https:\\\/\\\/miil.dev.almic.ee\\\/#organization\"},\"potentialAction\":[{\"@type\":\"SearchAction\",\"target\":{\"@type\":\"EntryPoint\",\"urlTemplate\":\"https:\\\/\\\/miil.dev.almic.ee\\\/?s={search_term_string}\"},\"query-input\":{\"@type\":\"PropertyValueSpecification\",\"valueRequired\":true,\"valueName\":\"search_term_string\"}}],\"inLanguage\":\"fi\"},{\"@type\":\"Organization\",\"@id\":\"https:\\\/\\\/miil.dev.almic.ee\\\/#organization\",\"name\":\"Miil O\u00dc\",\"url\":\"https:\\\/\\\/miil.dev.almic.ee\\\/\",\"logo\":{\"@type\":\"ImageObject\",\"inLanguage\":\"fi\",\"@id\":\"https:\\\/\\\/miil.dev.almic.ee\\\/#\\\/schema\\\/logo\\\/image\\\/\",\"url\":\"https:\\\/\\\/www.miil.ee\\\/wp-content\\\/uploads\\\/2022\\\/02\\\/Miil-logo.svg\",\"contentUrl\":\"https:\\\/\\\/www.miil.ee\\\/wp-content\\\/uploads\\\/2022\\\/02\\\/Miil-logo.svg\",\"width\":\"1024\",\"height\":\"1024\",\"caption\":\"Miil O\u00dc\"},\"image\":{\"@id\":\"https:\\\/\\\/miil.dev.almic.ee\\\/#\\\/schema\\\/logo\\\/image\\\/\"},\"sameAs\":[\"https:\\\/\\\/www.facebook.com\\\/konteinerveod\\\/\",\"https:\\\/\\\/www.instagram.com\\\/ou_miil\\\/\"]}]}<\/script>\n<meta property=\"product:price:amount\" content=\"7290.00\" \/>\n<meta property=\"product:price:currency\" content=\"EUR\" \/>\n<meta property=\"og:availability\" content=\"instock\" \/>\n<meta property=\"product:availability\" content=\"instock\" \/>\n<meta property=\"product:retailer_item_id\" content=\"MIIU2301819\" \/>\n<meta property=\"product:condition\" content=\"new\" \/>\n<!-- \/ Yoast SEO Premium plugin. -->","yoast_head_json":{"title":"20HCOS korkea kuutio avoimen puolen merikontti MIIU2301819 - Miil O\u00dc","description":"20HCOS korkea kuutio avoimen puolen merikontti MIIU2301819 | 20 avoin puoli kontti | 20 avoin merikontti | sivulle avautuva merikontti | 20 jalan kontti","robots":{"index":"index","follow":"follow","max-snippet":"max-snippet:-1","max-image-preview":"max-image-preview:large","max-video-preview":"max-video-preview:-1"},"canonical":"https:\/\/miil.dev.almic.ee\/fi\/toode\/20hcos-korkea-kuutio-avoimen-puolen-merikontti-miiu2301819\/","og_locale":"fi_FI","og_type":"article","og_title":"20HCOS korkea kuutio avoimen puolen merikontti MIIU2301819","og_description":"20HCOS korkea kuutio avoimen puolen merikontti MIIU2301819 | 20 avoin puoli kontti | 20 avoin merikontti | sivulle avautuva merikontti | 20 jalan kontti","og_url":"https:\/\/miil.dev.almic.ee\/fi\/toode\/20hcos-korkea-kuutio-avoimen-puolen-merikontti-miiu2301819\/","og_site_name":"Miil O\u00dc","article_publisher":"https:\/\/www.facebook.com\/konteinerveod\/","article_modified_time":"2025-03-11T07:25:19+00:00","og_image":[{"width":1900,"height":1425,"url":"https:\/\/miil.dev.almic.ee\/wp-content\/uploads\/2024\/12\/20HCOS-korge-kulg-avatav-merekonteiner-muuk-4-scaled.jpg","type":"image\/jpeg"}],"twitter_card":"summary_large_image","twitter_misc":{"Hinta":"7290,00&nbsp;&euro;","Saatavuus":"Varastossa"},"schema":{"@context":"https:\/\/schema.org","@graph":[{"@type":"WebPage","@id":"https:\/\/miil.dev.almic.ee\/fi\/toode\/20hcos-korkea-kuutio-avoimen-puolen-merikontti-miiu2301819\/","url":"https:\/\/miil.dev.almic.ee\/fi\/toode\/20hcos-korkea-kuutio-avoimen-puolen-merikontti-miiu2301819\/","name":"20HCOS korkea kuutio avoimen puolen merikontti MIIU2301819 - Miil O\u00dc","isPartOf":{"@id":"https:\/\/miil.dev.almic.ee\/#website"},"primaryImageOfPage":{"@id":"https:\/\/miil.dev.almic.ee\/fi\/toode\/20hcos-korkea-kuutio-avoimen-puolen-merikontti-miiu2301819\/#primaryimage"},"image":{"@id":"https:\/\/miil.dev.almic.ee\/fi\/toode\/20hcos-korkea-kuutio-avoimen-puolen-merikontti-miiu2301819\/#primaryimage"},"thumbnailUrl":"https:\/\/miil.dev.almic.ee\/wp-content\/uploads\/2024\/12\/20HCOS-korge-kulg-avatav-merekonteiner-muuk-4-scaled.jpg","datePublished":"2024-12-13T16:22:22+00:00","dateModified":"2025-03-11T07:25:19+00:00","description":"20HCOS korkea kuutio avoimen puolen merikontti MIIU2301819 | 20 avoin puoli kontti | 20 avoin merikontti | sivulle avautuva merikontti | 20 jalan kontti","breadcrumb":{"@id":"https:\/\/miil.dev.almic.ee\/fi\/toode\/20hcos-korkea-kuutio-avoimen-puolen-merikontti-miiu2301819\/#breadcrumb"},"inLanguage":"fi","potentialAction":[{"@type":"ReadAction","target":["https:\/\/miil.dev.almic.ee\/fi\/toode\/20hcos-korkea-kuutio-avoimen-puolen-merikontti-miiu2301819\/"]}]},{"@type":"ImageObject","inLanguage":"fi","@id":"https:\/\/miil.dev.almic.ee\/fi\/toode\/20hcos-korkea-kuutio-avoimen-puolen-merikontti-miiu2301819\/#primaryimage","url":"https:\/\/miil.dev.almic.ee\/wp-content\/uploads\/2024\/12\/20HCOS-korge-kulg-avatav-merekonteiner-muuk-4-scaled.jpg","contentUrl":"https:\/\/miil.dev.almic.ee\/wp-content\/uploads\/2024\/12\/20HCOS-korge-kulg-avatav-merekonteiner-muuk-4-scaled.jpg","width":1900,"height":1425},{"@type":"BreadcrumbList","@id":"https:\/\/miil.dev.almic.ee\/fi\/toode\/20hcos-korkea-kuutio-avoimen-puolen-merikontti-miiu2301819\/#breadcrumb","itemListElement":[{"@type":"ListItem","position":1,"name":"Home","item":"https:\/\/miil.dev.almic.ee\/fi\/"},{"@type":"ListItem","position":2,"name":"Kauppa","item":"https:\/\/miil.dev.almic.ee\/fi\/kauppa\/"},{"@type":"ListItem","position":3,"name":"20HCOS korkea kuutio avoimen puolen merikontti MIIU2301819"}]},{"@type":"WebSite","@id":"https:\/\/miil.dev.almic.ee\/#website","url":"https:\/\/miil.dev.almic.ee\/","name":"Miil O\u00dc","description":"Konteinerveod","publisher":{"@id":"https:\/\/miil.dev.almic.ee\/#organization"},"potentialAction":[{"@type":"SearchAction","target":{"@type":"EntryPoint","urlTemplate":"https:\/\/miil.dev.almic.ee\/?s={search_term_string}"},"query-input":{"@type":"PropertyValueSpecification","valueRequired":true,"valueName":"search_term_string"}}],"inLanguage":"fi"},{"@type":"Organization","@id":"https:\/\/miil.dev.almic.ee\/#organization","name":"Miil O\u00dc","url":"https:\/\/miil.dev.almic.ee\/","logo":{"@type":"ImageObject","inLanguage":"fi","@id":"https:\/\/miil.dev.almic.ee\/#\/schema\/logo\/image\/","url":"https:\/\/www.miil.ee\/wp-content\/uploads\/2022\/02\/Miil-logo.svg","contentUrl":"https:\/\/www.miil.ee\/wp-content\/uploads\/2022\/02\/Miil-logo.svg","width":"1024","height":"1024","caption":"Miil O\u00dc"},"image":{"@id":"https:\/\/miil.dev.almic.ee\/#\/schema\/logo\/image\/"},"sameAs":["https:\/\/www.facebook.com\/konteinerveod\/","https:\/\/www.instagram.com\/ou_miil\/"]}]},"product_price_amount":"7290.00","product_price_currency":"EUR","og_availability":"instock","product_availability":"instock","product_retailer_item_id":"MIIU2301819","product_condition":"new"},"_links":{"self":[{"href":"https:\/\/miil.dev.almic.ee\/fi\/wp-json\/wp\/v2\/product\/81761","targetHints":{"allow":["GET"]}}],"collection":[{"href":"https:\/\/miil.dev.almic.ee\/fi\/wp-json\/wp\/v2\/product"}],"about":[{"href":"https:\/\/miil.dev.almic.ee\/fi\/wp-json\/wp\/v2\/types\/product"}],"replies":[{"embeddable":true,"href":"https:\/\/miil.dev.almic.ee\/fi\/wp-json\/wp\/v2\/comments?post=81761"}],"wp:featuredmedia":[{"embeddable":true,"href":"https:\/\/miil.dev.almic.ee\/fi\/wp-json\/wp\/v2\/media\/81776"}],"wp:attachment":[{"href":"https:\/\/miil.dev.almic.ee\/fi\/wp-json\/wp\/v2\/media?parent=81761"}],"wp:term":[{"taxonomy":"product_cat","embeddable":true,"href":"https:\/\/miil.dev.almic.ee\/fi\/wp-json\/wp\/v2\/product_cat?post=81761"},{"taxonomy":"product_tag","embeddable":true,"href":"https:\/\/miil.dev.almic.ee\/fi\/wp-json\/wp\/v2\/product_tag?post=81761"}],"curies":[{"name":"wp","href":"https:\/\/api.w.org\/{rel}","templated":true}]}}