{"id":81221,"date":"2024-12-11T13:53:18","date_gmt":"2024-12-11T11:58:21","guid":{"rendered":"https:\/\/www.miil.ee\/?post_type=product&#038;p=81221"},"modified":"2024-12-11T14:25:06","modified_gmt":"2024-12-11T12:25:06","slug":"merikontin-jakaminen-kahtia","status":"publish","type":"product","link":"https:\/\/miil.dev.almic.ee\/fi\/toode\/merikontin-jakaminen-kahtia\/","title":{"rendered":"Merikontin muutos &#8211; Halkaisu puoliksi"},"content":{"rendered":"<h1>Kontin jakaminen kahtia<\/h1>\n<p>Merikontin jakaminen kahtia on monimutkainen teht\u00e4v\u00e4, joka sis\u00e4lt\u00e4\u00e4 ter\u00e4srakenteen leikkaamisen. T\u00e4m\u00e4 vaatii erikoisty\u00f6kaluja, suunnittelua ja turvatoimia. T\u00e4m\u00e4 saattaa olla tarpeen tilarajoitusten vuoksi \u2013 saatat tarvita s\u00e4ili\u00f6n koko pituuden, mutta ei koko leveytt\u00e4. Mit\u00e4 ikin\u00e4 haluatkaan, me voimme toteuttaa sen!<\/p>\n<p>T\u00e4ss\u00e4 nimenomaisessa tapauksessa asiakas tarvitsi avoimen sivukontin, jossa oli puolet leve\u00e4 ja lis\u00e4tuuletus takana.<\/p>\n<h2>Merikontin jakaminen kahtia &#8211; Suunnittelu ja valmistelu<\/h2>\n<p>Jakamisen tarkoitus: Ensinn\u00e4kin meid\u00e4n on ymm\u00e4rrett\u00e4v\u00e4, miksi jaat konttia (esim. rakentamista varten, pienemm\u00e4n tilan luomiseksi jne.) m\u00e4\u00e4ritt\u00e4\u00e4ksemme, kuinka suuri osa s\u00e4ili\u00f6st\u00e4 on leikattava ja kuinka k\u00e4sitell\u00e4 j\u00e4ljell\u00e4 olevaa rakennetta.<\/p>\n<h2>Ty\u00f6kalut ja varusteet:<\/h2>\n<p><strong>Leikkausty\u00f6kalut:<\/strong><\/p>\n<ul>\n<li>Plasmaleikkuri (paras puhtaaseen ja tehokkaaseen ter\u00e4ksen leikkaukseen)<\/li>\n<li>Happiasetyleenipoltin (jos plasmaleikkuria ei ole saatavilla)<\/li>\n<li>Kulmahiomakone (pienempiin tai tarkempiin leikkauksiin)<\/li>\n<li>Saha (valinnainen yksityiskohtaiseen leikkaamiseen)<\/li>\n<\/ul>\n<p><strong>Mittausty\u00f6kalut:<\/strong> Mittanauha, vaaka, laser, liitu tai tussi leikkausviivojen merkitsemiseen.<\/p>\n<p><strong>Hitsaus- tai pulttilaitteet<\/strong> (jos aiot koota kappaleet uudelleen tai vahvistaa leikattuja reunoja).<\/p>\n<h2>Merikontin jakaminen kahtia &#8211; Vahvistus ja loppus\u00e4\u00e4d\u00f6t<\/h2>\n<ul>\n<li><strong>Reunojen valmistelu:<\/strong> Leikkauksen j\u00e4lkeen kuljetuskontin reunat voivat olla ter\u00e4vi\u00e4 tai rosoisia. Tasoita ne hiomakoneella.<\/li>\n<li><strong>Vahvistus tarvittaessa:<\/strong> Jaetun s\u00e4ili\u00f6n k\u00e4ytt\u00f6tarkoituksesta riippuen meid\u00e4n on todenn\u00e4k\u00f6isesti vahvistettava s\u00e4ili\u00f6t\u00e4, joka on . T\u00e4m\u00e4 voidaan tehd\u00e4 metallipalkeilla tai hitsaamalla reunat vahvemman rakenteen luomiseksi.<\/li>\n<li><strong>Maalausty\u00f6t:\u00a0<\/strong>Kuljetuskontin maalaaminen on loistava tapa suojata sit\u00e4 ruosteelta ja s\u00e4\u00e4lt\u00e4 ja antaa sille raikkaan ja puhtaan ilmeen.<\/li>\n<\/ul>\n<p>&nbsp;<\/p>\n<p>Tutustu muihin tarjoamiimme konttien muokkauksiin liittyviin palveluihimme <a href=\"https:\/\/www.miil.ee\/fi\/merekonteinerid\/tekniikka\/\">t\u00e4\u00e4ll\u00e4<\/a>!<\/p>\n<p><span>Seuraa meit\u00e4\u00a0<\/span><a href=\"https:\/\/www.facebook.com\/konteinerveod\/\">Facebook<\/a><span>\u00a0tai\u00a0<\/span><a href=\"https:\/\/www.instagram.com\/ou_miil\/\">Instagram<\/a><\/p>\n","protected":false},"excerpt":{"rendered":"<p>Kontin jakaminen kahtia Merikontin jakaminen kahtia on monimutkainen teht\u00e4v\u00e4, joka sis\u00e4lt\u00e4\u00e4 ter\u00e4srakenteen leikkaamisen. T\u00e4m\u00e4 vaatii erikoisty\u00f6kaluja, suunnittelua ja turvatoimia. T\u00e4m\u00e4 saattaa olla tarpeen tilarajoitusten vuoksi \u2013 saatat tarvita s\u00e4ili\u00f6n koko pituuden, mutta ei koko leveytt\u00e4. Mit\u00e4 ikin\u00e4 haluatkaan, me voimme toteuttaa sen! T\u00e4ss\u00e4 nimenomaisessa tapauksessa asiakas tarvitsi avoimen sivukontin, jossa oli puolet leve\u00e4 ja lis\u00e4tuuletus&#8230;<\/p>\n","protected":false},"featured_media":81176,"comment_status":"open","ping_status":"closed","template":"","meta":{"_acf_changed":false},"product_cat":[347],"product_tag":[],"class_list":{"0":"post-81221","1":"product","2":"type-product","3":"status-publish","4":"has-post-thumbnail","6":"product_cat-tekniikka","8":"first","9":"instock","10":"shipping-taxable","11":"purchasable","12":"product-type-simple"},"acf":[],"yoast_head":"<!-- This site is optimized with the Yoast SEO Premium plugin v23.9 (Yoast SEO v27.5) - https:\/\/yoast.com\/product\/yoast-seo-premium-wordpress\/ -->\n<title>Merikontin jakaminen kahtia - Miil O\u00dc<\/title>\n<meta name=\"description\" content=\"Merikontin jakaminen kahtia | S\u00e4ili\u00f6n muutos | Mukautettu merikontti | Merikonttien myynti | Merikontit vuokrattavana | \u2b50\ufe0f\u2b50\ufe0f\u2b50\ufe0f\u2b50\ufe0f\u2b50\ufe0f\" \/>\n<meta name=\"robots\" content=\"index, follow, max-snippet:-1, max-image-preview:large, max-video-preview:-1\" \/>\n<link rel=\"canonical\" href=\"https:\/\/miil.dev.almic.ee\/fi\/toode\/merikontin-jakaminen-kahtia\/\" \/>\n<meta property=\"og:locale\" content=\"fi_FI\" \/>\n<meta property=\"og:type\" content=\"article\" \/>\n<meta property=\"og:title\" content=\"Merikontin muutos - Halkaisu puoliksi\" \/>\n<meta property=\"og:description\" content=\"Merikontin jakaminen kahtia | S\u00e4ili\u00f6n muutos | Mukautettu merikontti | Merikonttien myynti | Merikontit vuokrattavana | \u2b50\ufe0f\u2b50\ufe0f\u2b50\ufe0f\u2b50\ufe0f\u2b50\ufe0f\" \/>\n<meta property=\"og:url\" content=\"https:\/\/miil.dev.almic.ee\/fi\/toode\/merikontin-jakaminen-kahtia\/\" \/>\n<meta property=\"og:site_name\" content=\"Miil O\u00dc\" \/>\n<meta property=\"article:publisher\" content=\"https:\/\/www.facebook.com\/konteinerveod\/\" \/>\n<meta property=\"article:modified_time\" content=\"2024-12-11T12:25:06+00:00\" \/>\n<meta property=\"og:image\" content=\"https:\/\/miil.dev.almic.ee\/wp-content\/uploads\/2024\/12\/592fb97c-31b8-465f-9cf9-f61ce7088354-scaled.jpg\" \/>\n\t<meta property=\"og:image:width\" content=\"1900\" \/>\n\t<meta property=\"og:image:height\" content=\"1425\" \/>\n\t<meta property=\"og:image:type\" content=\"image\/jpeg\" \/>\n<meta name=\"twitter:card\" content=\"summary_large_image\" \/>\n<meta name=\"twitter:label1\" content=\"Hinta\" \/>\n\t<meta name=\"twitter:data1\" content=\"14500,00&nbsp;&euro;\" \/>\n\t<meta name=\"twitter:label2\" content=\"Saatavuus\" \/>\n\t<meta name=\"twitter:data2\" content=\"Varastossa\" \/>\n<script type=\"application\/ld+json\" class=\"yoast-schema-graph\">{\"@context\":\"https:\\\/\\\/schema.org\",\"@graph\":[{\"@type\":\"WebPage\",\"@id\":\"https:\\\/\\\/miil.dev.almic.ee\\\/fi\\\/toode\\\/merikontin-jakaminen-kahtia\\\/\",\"url\":\"https:\\\/\\\/miil.dev.almic.ee\\\/fi\\\/toode\\\/merikontin-jakaminen-kahtia\\\/\",\"name\":\"Merikontin jakaminen kahtia - Miil O\u00dc\",\"isPartOf\":{\"@id\":\"https:\\\/\\\/miil.dev.almic.ee\\\/#website\"},\"primaryImageOfPage\":{\"@id\":\"https:\\\/\\\/miil.dev.almic.ee\\\/fi\\\/toode\\\/merikontin-jakaminen-kahtia\\\/#primaryimage\"},\"image\":{\"@id\":\"https:\\\/\\\/miil.dev.almic.ee\\\/fi\\\/toode\\\/merikontin-jakaminen-kahtia\\\/#primaryimage\"},\"thumbnailUrl\":\"https:\\\/\\\/miil.dev.almic.ee\\\/wp-content\\\/uploads\\\/2024\\\/12\\\/592fb97c-31b8-465f-9cf9-f61ce7088354-scaled.jpg\",\"datePublished\":\"2024-12-11T11:58:21+00:00\",\"dateModified\":\"2024-12-11T12:25:06+00:00\",\"description\":\"Merikontin jakaminen kahtia | S\u00e4ili\u00f6n muutos | Mukautettu merikontti | Merikonttien myynti | Merikontit vuokrattavana | \u2b50\ufe0f\u2b50\ufe0f\u2b50\ufe0f\u2b50\ufe0f\u2b50\ufe0f\",\"breadcrumb\":{\"@id\":\"https:\\\/\\\/miil.dev.almic.ee\\\/fi\\\/toode\\\/merikontin-jakaminen-kahtia\\\/#breadcrumb\"},\"inLanguage\":\"fi\",\"potentialAction\":[{\"@type\":\"ReadAction\",\"target\":[\"https:\\\/\\\/miil.dev.almic.ee\\\/fi\\\/toode\\\/merikontin-jakaminen-kahtia\\\/\"]}]},{\"@type\":\"ImageObject\",\"inLanguage\":\"fi\",\"@id\":\"https:\\\/\\\/miil.dev.almic.ee\\\/fi\\\/toode\\\/merikontin-jakaminen-kahtia\\\/#primaryimage\",\"url\":\"https:\\\/\\\/miil.dev.almic.ee\\\/wp-content\\\/uploads\\\/2024\\\/12\\\/592fb97c-31b8-465f-9cf9-f61ce7088354-scaled.jpg\",\"contentUrl\":\"https:\\\/\\\/miil.dev.almic.ee\\\/wp-content\\\/uploads\\\/2024\\\/12\\\/592fb97c-31b8-465f-9cf9-f61ce7088354-scaled.jpg\",\"width\":1900,\"height\":1425},{\"@type\":\"BreadcrumbList\",\"@id\":\"https:\\\/\\\/miil.dev.almic.ee\\\/fi\\\/toode\\\/merikontin-jakaminen-kahtia\\\/#breadcrumb\",\"itemListElement\":[{\"@type\":\"ListItem\",\"position\":1,\"name\":\"Home\",\"item\":\"https:\\\/\\\/miil.dev.almic.ee\\\/fi\\\/\"},{\"@type\":\"ListItem\",\"position\":2,\"name\":\"Kauppa\",\"item\":\"https:\\\/\\\/miil.dev.almic.ee\\\/fi\\\/kauppa\\\/\"},{\"@type\":\"ListItem\",\"position\":3,\"name\":\"Merikontin muutos &#8211; Halkaisu puoliksi\"}]},{\"@type\":\"WebSite\",\"@id\":\"https:\\\/\\\/miil.dev.almic.ee\\\/#website\",\"url\":\"https:\\\/\\\/miil.dev.almic.ee\\\/\",\"name\":\"Miil O\u00dc\",\"description\":\"Konteinerveod\",\"publisher\":{\"@id\":\"https:\\\/\\\/miil.dev.almic.ee\\\/#organization\"},\"potentialAction\":[{\"@type\":\"SearchAction\",\"target\":{\"@type\":\"EntryPoint\",\"urlTemplate\":\"https:\\\/\\\/miil.dev.almic.ee\\\/?s={search_term_string}\"},\"query-input\":{\"@type\":\"PropertyValueSpecification\",\"valueRequired\":true,\"valueName\":\"search_term_string\"}}],\"inLanguage\":\"fi\"},{\"@type\":\"Organization\",\"@id\":\"https:\\\/\\\/miil.dev.almic.ee\\\/#organization\",\"name\":\"Miil O\u00dc\",\"url\":\"https:\\\/\\\/miil.dev.almic.ee\\\/\",\"logo\":{\"@type\":\"ImageObject\",\"inLanguage\":\"fi\",\"@id\":\"https:\\\/\\\/miil.dev.almic.ee\\\/#\\\/schema\\\/logo\\\/image\\\/\",\"url\":\"https:\\\/\\\/www.miil.ee\\\/wp-content\\\/uploads\\\/2022\\\/02\\\/Miil-logo.svg\",\"contentUrl\":\"https:\\\/\\\/www.miil.ee\\\/wp-content\\\/uploads\\\/2022\\\/02\\\/Miil-logo.svg\",\"width\":\"1024\",\"height\":\"1024\",\"caption\":\"Miil O\u00dc\"},\"image\":{\"@id\":\"https:\\\/\\\/miil.dev.almic.ee\\\/#\\\/schema\\\/logo\\\/image\\\/\"},\"sameAs\":[\"https:\\\/\\\/www.facebook.com\\\/konteinerveod\\\/\",\"https:\\\/\\\/www.instagram.com\\\/ou_miil\\\/\"]}]}<\/script>\n<meta property=\"product:price:amount\" content=\"14500.00\" \/>\n<meta property=\"product:price:currency\" content=\"EUR\" \/>\n<meta property=\"og:availability\" content=\"instock\" \/>\n<meta property=\"product:availability\" content=\"instock\" \/>\n<meta property=\"product:retailer_item_id\" content=\"MIIU2271057\" \/>\n<meta property=\"product:condition\" content=\"new\" \/>\n<!-- \/ Yoast SEO Premium plugin. -->","yoast_head_json":{"title":"Merikontin jakaminen kahtia - Miil O\u00dc","description":"Merikontin jakaminen kahtia | S\u00e4ili\u00f6n muutos | Mukautettu merikontti | Merikonttien myynti | Merikontit vuokrattavana | \u2b50\ufe0f\u2b50\ufe0f\u2b50\ufe0f\u2b50\ufe0f\u2b50\ufe0f","robots":{"index":"index","follow":"follow","max-snippet":"max-snippet:-1","max-image-preview":"max-image-preview:large","max-video-preview":"max-video-preview:-1"},"canonical":"https:\/\/miil.dev.almic.ee\/fi\/toode\/merikontin-jakaminen-kahtia\/","og_locale":"fi_FI","og_type":"article","og_title":"Merikontin muutos - Halkaisu puoliksi","og_description":"Merikontin jakaminen kahtia | S\u00e4ili\u00f6n muutos | Mukautettu merikontti | Merikonttien myynti | Merikontit vuokrattavana | \u2b50\ufe0f\u2b50\ufe0f\u2b50\ufe0f\u2b50\ufe0f\u2b50\ufe0f","og_url":"https:\/\/miil.dev.almic.ee\/fi\/toode\/merikontin-jakaminen-kahtia\/","og_site_name":"Miil O\u00dc","article_publisher":"https:\/\/www.facebook.com\/konteinerveod\/","article_modified_time":"2024-12-11T12:25:06+00:00","og_image":[{"width":1900,"height":1425,"url":"https:\/\/miil.dev.almic.ee\/wp-content\/uploads\/2024\/12\/592fb97c-31b8-465f-9cf9-f61ce7088354-scaled.jpg","type":"image\/jpeg"}],"twitter_card":"summary_large_image","twitter_misc":{"Hinta":"14500,00&nbsp;&euro;","Saatavuus":"Varastossa"},"schema":{"@context":"https:\/\/schema.org","@graph":[{"@type":"WebPage","@id":"https:\/\/miil.dev.almic.ee\/fi\/toode\/merikontin-jakaminen-kahtia\/","url":"https:\/\/miil.dev.almic.ee\/fi\/toode\/merikontin-jakaminen-kahtia\/","name":"Merikontin jakaminen kahtia - Miil O\u00dc","isPartOf":{"@id":"https:\/\/miil.dev.almic.ee\/#website"},"primaryImageOfPage":{"@id":"https:\/\/miil.dev.almic.ee\/fi\/toode\/merikontin-jakaminen-kahtia\/#primaryimage"},"image":{"@id":"https:\/\/miil.dev.almic.ee\/fi\/toode\/merikontin-jakaminen-kahtia\/#primaryimage"},"thumbnailUrl":"https:\/\/miil.dev.almic.ee\/wp-content\/uploads\/2024\/12\/592fb97c-31b8-465f-9cf9-f61ce7088354-scaled.jpg","datePublished":"2024-12-11T11:58:21+00:00","dateModified":"2024-12-11T12:25:06+00:00","description":"Merikontin jakaminen kahtia | S\u00e4ili\u00f6n muutos | Mukautettu merikontti | Merikonttien myynti | Merikontit vuokrattavana | \u2b50\ufe0f\u2b50\ufe0f\u2b50\ufe0f\u2b50\ufe0f\u2b50\ufe0f","breadcrumb":{"@id":"https:\/\/miil.dev.almic.ee\/fi\/toode\/merikontin-jakaminen-kahtia\/#breadcrumb"},"inLanguage":"fi","potentialAction":[{"@type":"ReadAction","target":["https:\/\/miil.dev.almic.ee\/fi\/toode\/merikontin-jakaminen-kahtia\/"]}]},{"@type":"ImageObject","inLanguage":"fi","@id":"https:\/\/miil.dev.almic.ee\/fi\/toode\/merikontin-jakaminen-kahtia\/#primaryimage","url":"https:\/\/miil.dev.almic.ee\/wp-content\/uploads\/2024\/12\/592fb97c-31b8-465f-9cf9-f61ce7088354-scaled.jpg","contentUrl":"https:\/\/miil.dev.almic.ee\/wp-content\/uploads\/2024\/12\/592fb97c-31b8-465f-9cf9-f61ce7088354-scaled.jpg","width":1900,"height":1425},{"@type":"BreadcrumbList","@id":"https:\/\/miil.dev.almic.ee\/fi\/toode\/merikontin-jakaminen-kahtia\/#breadcrumb","itemListElement":[{"@type":"ListItem","position":1,"name":"Home","item":"https:\/\/miil.dev.almic.ee\/fi\/"},{"@type":"ListItem","position":2,"name":"Kauppa","item":"https:\/\/miil.dev.almic.ee\/fi\/kauppa\/"},{"@type":"ListItem","position":3,"name":"Merikontin muutos &#8211; Halkaisu puoliksi"}]},{"@type":"WebSite","@id":"https:\/\/miil.dev.almic.ee\/#website","url":"https:\/\/miil.dev.almic.ee\/","name":"Miil O\u00dc","description":"Konteinerveod","publisher":{"@id":"https:\/\/miil.dev.almic.ee\/#organization"},"potentialAction":[{"@type":"SearchAction","target":{"@type":"EntryPoint","urlTemplate":"https:\/\/miil.dev.almic.ee\/?s={search_term_string}"},"query-input":{"@type":"PropertyValueSpecification","valueRequired":true,"valueName":"search_term_string"}}],"inLanguage":"fi"},{"@type":"Organization","@id":"https:\/\/miil.dev.almic.ee\/#organization","name":"Miil O\u00dc","url":"https:\/\/miil.dev.almic.ee\/","logo":{"@type":"ImageObject","inLanguage":"fi","@id":"https:\/\/miil.dev.almic.ee\/#\/schema\/logo\/image\/","url":"https:\/\/www.miil.ee\/wp-content\/uploads\/2022\/02\/Miil-logo.svg","contentUrl":"https:\/\/www.miil.ee\/wp-content\/uploads\/2022\/02\/Miil-logo.svg","width":"1024","height":"1024","caption":"Miil O\u00dc"},"image":{"@id":"https:\/\/miil.dev.almic.ee\/#\/schema\/logo\/image\/"},"sameAs":["https:\/\/www.facebook.com\/konteinerveod\/","https:\/\/www.instagram.com\/ou_miil\/"]}]},"product_price_amount":"14500.00","product_price_currency":"EUR","og_availability":"instock","product_availability":"instock","product_retailer_item_id":"MIIU2271057","product_condition":"new"},"_links":{"self":[{"href":"https:\/\/miil.dev.almic.ee\/fi\/wp-json\/wp\/v2\/product\/81221","targetHints":{"allow":["GET"]}}],"collection":[{"href":"https:\/\/miil.dev.almic.ee\/fi\/wp-json\/wp\/v2\/product"}],"about":[{"href":"https:\/\/miil.dev.almic.ee\/fi\/wp-json\/wp\/v2\/types\/product"}],"replies":[{"embeddable":true,"href":"https:\/\/miil.dev.almic.ee\/fi\/wp-json\/wp\/v2\/comments?post=81221"}],"wp:featuredmedia":[{"embeddable":true,"href":"https:\/\/miil.dev.almic.ee\/fi\/wp-json\/wp\/v2\/media\/81176"}],"wp:attachment":[{"href":"https:\/\/miil.dev.almic.ee\/fi\/wp-json\/wp\/v2\/media?parent=81221"}],"wp:term":[{"taxonomy":"product_cat","embeddable":true,"href":"https:\/\/miil.dev.almic.ee\/fi\/wp-json\/wp\/v2\/product_cat?post=81221"},{"taxonomy":"product_tag","embeddable":true,"href":"https:\/\/miil.dev.almic.ee\/fi\/wp-json\/wp\/v2\/product_tag?post=81221"}],"curies":[{"name":"wp","href":"https:\/\/api.w.org\/{rel}","templated":true}]}}