{"id":79474,"date":"2024-11-15T13:00:27","date_gmt":"2024-11-15T11:00:28","guid":{"rendered":"https:\/\/www.miil.ee\/?post_type=product&#038;p=79474"},"modified":"2024-11-15T13:29:16","modified_gmt":"2024-11-15T11:29:16","slug":"moverbox-kontti-maalaus","status":"publish","type":"product","link":"https:\/\/miil.dev.almic.ee\/fi\/toode\/moverbox-kontti-maalaus\/","title":{"rendered":"Moverbox kontti maalaus ruiskupistoolilla + hiekkapuhallus"},"content":{"rendered":"<h1>Moverbox kontti maalaus + hiekkapuhallus<\/h1>\n<p>Moverbox kontti maalaus ja puhdistus hiekkapuhalluksella. T\u00e4m\u00e4 n\u00e4yte maalattiin valkoiseksi RAL9010 asiakkaan pyynn\u00f6st\u00e4.<\/p>\n<p>Moverbox maalaus alkaen 1290.- +km<\/p>\n<p>Voimme tarjota Moverboxille tilausmaalauksen asiakkaan toiveiden mukaan.<br \/>\nYleens\u00e4 s\u00e4ili\u00f6t puhdistetaan kokonaan vanhasta maalista, pohjamaalataan ja maalataan haluttuun v\u00e4riin.<br \/>\nMaalaus on yleens\u00e4 tarpeen s\u00e4ili\u00f6n muuttamisen yhteydess\u00e4, kun siihen lis\u00e4t\u00e4\u00e4n ovia, ikkunoita tai muita l\u00e4pivientej\u00e4.<br \/>\nMaalattuja kontteja k\u00e4ytet\u00e4\u00e4n minitalon rakentamisesta teollisiin ratkaisuihin.<br \/>\nOn eritt\u00e4in suosittua maalata merikontti samanv\u00e4riseksi kuin olemassa oleva rakennus.<br \/>\nMerikontin pohja on eritt\u00e4in vahva ja kontti on materiaalinsa ansiosta melko tulenkest\u00e4v\u00e4.<br \/>\nTeemme yhteisty\u00f6t\u00e4 kaikkien korkealaatuista konttivarastointia tarjoavien yritysten kanssa ja he saavat meilt\u00e4 konttinsa eritt\u00e4in hyvill\u00e4 ehdoilla.<\/p>\n<h2>Merikonttimaali + hiekkapuhallus viimeistelyratkaisuilla<\/h2>\n<p>Maalauksen lis\u00e4ksi rakennamme tarvittaessa v\u00e4lisein\u00e4t, asennamme rullaovet, hitsaamme tai suunnittelemme sinulle sopivan mainoss\u00e4ili\u00f6n.<br \/>\nMeill\u00e4 on mahdollisuus valmistaa muunnettuja ISO-merikontteja voimassa olevalla CSC-kilvell\u00e4 ilman erillist\u00e4 sertifiointia.<br \/>\nJos kontti rakennetaan uudelleen Virossa, CSC-sertifikaatti menett\u00e4\u00e4 automaattisesti voimassaolonsa ulkomuotoa muuttamalla.<br \/>\nSill\u00e4 ei ole v\u00e4li\u00e4, k\u00e4ytet\u00e4\u00e4nk\u00f6 konttia paikallisesti vai kuljetetaanko se maalla.<br \/>\nVoimassa oleva CSC-sertifikaatti on t\u00e4rke\u00e4 merikuljetuksissa, ja my\u00f6s tarkastus vaaditaan.<br \/>\nMerikuljetuksessa muunnetun kontin on t\u00e4ytett\u00e4v\u00e4 erityisvaatimukset.<br \/>\nKontin uudelleensertifiointi Euroopassa maksaa viisinumeroisen summan, joka sis\u00e4lt\u00e4\u00e4 lis\u00e4kulut ja toimituskulut.<\/p>\n<h2>Merikontit suoraan tehtaalta<\/h2>\n<p>Suuremmille l\u00e4hetyksille toimitamme merikontit suoraan tehtaalta asiakkaalle maailmanlaajuisesti.<br \/>\nVoit ostaa meilt\u00e4 kontin Virosta, Australiasta tai Espanjasta.<br \/>\nTuotevalikoimaamme kuuluvat vakiokonttien lis\u00e4ksi ISO tankkontit, kylm\u00e4kontit, multilift-runkokontit, varastokontit, ty\u00f6kalukontit ja paljon muuta.<\/p>\n<h2>Miksi k\u00e4\u00e4nty\u00e4 konttiratkaisujen puoleen?<\/h2>\n<p>Merikonttien osalta laatu on aina t\u00e4rke\u00e4\u00e4. Laadukkaan tuotteen lis\u00e4ksi meill\u00e4 on eritt\u00e4in pitk\u00e4 ja oikea historia, joka takaa asiakkaalle tuotteen saapumisen luvatussa muodossa, sovittuna aikana ja suunnitellussa paikassa.<br \/>\nToimipisteemme sijaitsevat kaikkialla Virossa ja toimitusmahdollisuus on kaikkialla maailmassa.<br \/>\nP\u00e4\u00e4konttori suurimmalla valikoimalla Tallinnan vieress\u00e4 osoitteessa Valtsi 1, Lagedi ja pienemm\u00e4t terminaalit eri puolilla Viroa.<br \/>\nMerikonttien muuntamisen lis\u00e4ksi l\u00f6yd\u00e4t eristetyt toimistom\u00f6kit, portaat, merikontit, aidat ja paljon muuta.<br \/>\nHinnat kuvineen n\u00e4kyv\u00e4t verkkokaupassamme ja lis\u00e4tietoa nettisivuiltamme.<\/p>\n<p>K\u00e4yt\u00e4mme kuljetukseen <a href=\"https:\/\/www.miil.ee\/fi\/palvelut\/nosturi\/\">nosturia<\/a> tai <a href=\"https:\/\/www.miil.ee\/fi\/palvelut\/sideloader\/\">sideloader<\/a><br \/>\nmonimutkaisempi kuljetus on mahdollista <a href=\"https:\/\/www.miil.ee\/fi\/palvelut\/ram-kippauslaite\/\">RAM per\u00e4vaunulla<\/a>.<\/p>\n<p>Seuraa meit\u00e4 <a href=\"https:\/\/www.facebook.com\/konteinerveod\/\">Facebook<\/a> tai <a href=\"https:\/\/www.instagram.com\/ou_miil\/\">Instagram<\/a><\/p>\n","protected":false},"excerpt":{"rendered":"<p>Moverbox kontti maalaus + hiekkapuhallus Moverbox kontti maalaus ja puhdistus hiekkapuhalluksella. T\u00e4m\u00e4 n\u00e4yte maalattiin valkoiseksi RAL9010 asiakkaan pyynn\u00f6st\u00e4. Moverbox maalaus alkaen 1290.- +km Voimme tarjota Moverboxille tilausmaalauksen asiakkaan toiveiden mukaan. Yleens\u00e4 s\u00e4ili\u00f6t puhdistetaan kokonaan vanhasta maalista, pohjamaalataan ja maalataan haluttuun v\u00e4riin. Maalaus on yleens\u00e4 tarpeen s\u00e4ili\u00f6n muuttamisen yhteydess\u00e4, kun siihen lis\u00e4t\u00e4\u00e4n ovia, ikkunoita tai muita&#8230;<\/p>\n","protected":false},"featured_media":79489,"comment_status":"closed","ping_status":"closed","template":"","meta":{"_acf_changed":false},"product_cat":[347],"product_tag":[],"class_list":{"0":"post-79474","1":"product","2":"type-product","3":"status-publish","4":"has-post-thumbnail","6":"product_cat-tekniikka","8":"first","9":"instock","10":"shipping-taxable","11":"purchasable","12":"product-type-simple"},"acf":[],"yoast_head":"<!-- This site is optimized with the Yoast SEO Premium plugin v23.9 (Yoast SEO v27.5) - https:\/\/yoast.com\/product\/yoast-seo-premium-wordpress\/ -->\n<title>Moverbox kontti maalaus ruiskupistoolilla + hiekkapuhallus - Miil O\u00dc<\/title>\n<meta name=\"description\" content=\"Moverbox kontti maalaus | Merikontin eristys | PUR-vaahto | Varastos\u00e4ili\u00f6 | Konttien muuntaminen | Konttien myynti | Kontin korjaus\" \/>\n<meta name=\"robots\" content=\"index, follow, max-snippet:-1, max-image-preview:large, max-video-preview:-1\" \/>\n<link rel=\"canonical\" href=\"https:\/\/miil.dev.almic.ee\/fi\/toode\/moverbox-kontti-maalaus\/\" \/>\n<meta property=\"og:locale\" content=\"fi_FI\" \/>\n<meta property=\"og:type\" content=\"article\" \/>\n<meta property=\"og:title\" content=\"Moverbox kontti maalaus ruiskupistoolilla + hiekkapuhallus\" \/>\n<meta property=\"og:description\" content=\"Moverbox kontti maalaus | Merikontin eristys | PUR-vaahto | Varastos\u00e4ili\u00f6 | Konttien muuntaminen | Konttien myynti | Kontin korjaus\" \/>\n<meta property=\"og:url\" content=\"https:\/\/miil.dev.almic.ee\/fi\/toode\/moverbox-kontti-maalaus\/\" \/>\n<meta property=\"og:site_name\" content=\"Miil O\u00dc\" \/>\n<meta property=\"article:publisher\" content=\"https:\/\/www.facebook.com\/konteinerveod\/\" \/>\n<meta property=\"article:modified_time\" content=\"2024-11-15T11:29:16+00:00\" \/>\n<meta property=\"og:image\" content=\"https:\/\/miil.dev.almic.ee\/wp-content\/uploads\/2024\/11\/39abf8db-3a16-494e-9da8-acd209bede01-scaled.jpg\" \/>\n\t<meta property=\"og:image:width\" content=\"1900\" \/>\n\t<meta property=\"og:image:height\" content=\"1425\" \/>\n\t<meta property=\"og:image:type\" content=\"image\/jpeg\" \/>\n<meta name=\"twitter:card\" content=\"summary_large_image\" \/>\n<meta name=\"twitter:label1\" content=\"Hinta\" \/>\n\t<meta name=\"twitter:data1\" content=\"1290,00&nbsp;&euro;\" \/>\n\t<meta name=\"twitter:label2\" content=\"Saatavuus\" \/>\n\t<meta name=\"twitter:data2\" content=\"Varastossa\" \/>\n<script type=\"application\/ld+json\" class=\"yoast-schema-graph\">{\"@context\":\"https:\\\/\\\/schema.org\",\"@graph\":[{\"@type\":\"WebPage\",\"@id\":\"https:\\\/\\\/miil.dev.almic.ee\\\/fi\\\/toode\\\/moverbox-kontti-maalaus\\\/\",\"url\":\"https:\\\/\\\/miil.dev.almic.ee\\\/fi\\\/toode\\\/moverbox-kontti-maalaus\\\/\",\"name\":\"Moverbox kontti maalaus ruiskupistoolilla + hiekkapuhallus - Miil O\u00dc\",\"isPartOf\":{\"@id\":\"https:\\\/\\\/miil.dev.almic.ee\\\/#website\"},\"primaryImageOfPage\":{\"@id\":\"https:\\\/\\\/miil.dev.almic.ee\\\/fi\\\/toode\\\/moverbox-kontti-maalaus\\\/#primaryimage\"},\"image\":{\"@id\":\"https:\\\/\\\/miil.dev.almic.ee\\\/fi\\\/toode\\\/moverbox-kontti-maalaus\\\/#primaryimage\"},\"thumbnailUrl\":\"https:\\\/\\\/miil.dev.almic.ee\\\/wp-content\\\/uploads\\\/2024\\\/11\\\/39abf8db-3a16-494e-9da8-acd209bede01-scaled.jpg\",\"datePublished\":\"2024-11-15T11:00:28+00:00\",\"dateModified\":\"2024-11-15T11:29:16+00:00\",\"description\":\"Moverbox kontti maalaus | Merikontin eristys | PUR-vaahto | Varastos\u00e4ili\u00f6 | Konttien muuntaminen | Konttien myynti | Kontin korjaus\",\"breadcrumb\":{\"@id\":\"https:\\\/\\\/miil.dev.almic.ee\\\/fi\\\/toode\\\/moverbox-kontti-maalaus\\\/#breadcrumb\"},\"inLanguage\":\"fi\",\"potentialAction\":[{\"@type\":\"ReadAction\",\"target\":[\"https:\\\/\\\/miil.dev.almic.ee\\\/fi\\\/toode\\\/moverbox-kontti-maalaus\\\/\"]}]},{\"@type\":\"ImageObject\",\"inLanguage\":\"fi\",\"@id\":\"https:\\\/\\\/miil.dev.almic.ee\\\/fi\\\/toode\\\/moverbox-kontti-maalaus\\\/#primaryimage\",\"url\":\"https:\\\/\\\/miil.dev.almic.ee\\\/wp-content\\\/uploads\\\/2024\\\/11\\\/39abf8db-3a16-494e-9da8-acd209bede01-scaled.jpg\",\"contentUrl\":\"https:\\\/\\\/miil.dev.almic.ee\\\/wp-content\\\/uploads\\\/2024\\\/11\\\/39abf8db-3a16-494e-9da8-acd209bede01-scaled.jpg\",\"width\":1900,\"height\":1425},{\"@type\":\"BreadcrumbList\",\"@id\":\"https:\\\/\\\/miil.dev.almic.ee\\\/fi\\\/toode\\\/moverbox-kontti-maalaus\\\/#breadcrumb\",\"itemListElement\":[{\"@type\":\"ListItem\",\"position\":1,\"name\":\"Home\",\"item\":\"https:\\\/\\\/miil.dev.almic.ee\\\/fi\\\/\"},{\"@type\":\"ListItem\",\"position\":2,\"name\":\"Kauppa\",\"item\":\"https:\\\/\\\/miil.dev.almic.ee\\\/fi\\\/kauppa\\\/\"},{\"@type\":\"ListItem\",\"position\":3,\"name\":\"Moverbox kontti maalaus ruiskupistoolilla + hiekkapuhallus\"}]},{\"@type\":\"WebSite\",\"@id\":\"https:\\\/\\\/miil.dev.almic.ee\\\/#website\",\"url\":\"https:\\\/\\\/miil.dev.almic.ee\\\/\",\"name\":\"Miil O\u00dc\",\"description\":\"Konteinerveod\",\"publisher\":{\"@id\":\"https:\\\/\\\/miil.dev.almic.ee\\\/#organization\"},\"potentialAction\":[{\"@type\":\"SearchAction\",\"target\":{\"@type\":\"EntryPoint\",\"urlTemplate\":\"https:\\\/\\\/miil.dev.almic.ee\\\/?s={search_term_string}\"},\"query-input\":{\"@type\":\"PropertyValueSpecification\",\"valueRequired\":true,\"valueName\":\"search_term_string\"}}],\"inLanguage\":\"fi\"},{\"@type\":\"Organization\",\"@id\":\"https:\\\/\\\/miil.dev.almic.ee\\\/#organization\",\"name\":\"Miil O\u00dc\",\"url\":\"https:\\\/\\\/miil.dev.almic.ee\\\/\",\"logo\":{\"@type\":\"ImageObject\",\"inLanguage\":\"fi\",\"@id\":\"https:\\\/\\\/miil.dev.almic.ee\\\/#\\\/schema\\\/logo\\\/image\\\/\",\"url\":\"https:\\\/\\\/www.miil.ee\\\/wp-content\\\/uploads\\\/2022\\\/02\\\/Miil-logo.svg\",\"contentUrl\":\"https:\\\/\\\/www.miil.ee\\\/wp-content\\\/uploads\\\/2022\\\/02\\\/Miil-logo.svg\",\"width\":\"1024\",\"height\":\"1024\",\"caption\":\"Miil O\u00dc\"},\"image\":{\"@id\":\"https:\\\/\\\/miil.dev.almic.ee\\\/#\\\/schema\\\/logo\\\/image\\\/\"},\"sameAs\":[\"https:\\\/\\\/www.facebook.com\\\/konteinerveod\\\/\",\"https:\\\/\\\/www.instagram.com\\\/ou_miil\\\/\"]}]}<\/script>\n<meta property=\"product:price:amount\" content=\"1290.00\" \/>\n<meta property=\"product:price:currency\" content=\"EUR\" \/>\n<meta property=\"og:availability\" content=\"instock\" \/>\n<meta property=\"product:availability\" content=\"instock\" \/>\n<meta property=\"product:condition\" content=\"new\" \/>\n<!-- \/ Yoast SEO Premium plugin. -->","yoast_head_json":{"title":"Moverbox kontti maalaus ruiskupistoolilla + hiekkapuhallus - Miil O\u00dc","description":"Moverbox kontti maalaus | Merikontin eristys | PUR-vaahto | Varastos\u00e4ili\u00f6 | Konttien muuntaminen | Konttien myynti | Kontin korjaus","robots":{"index":"index","follow":"follow","max-snippet":"max-snippet:-1","max-image-preview":"max-image-preview:large","max-video-preview":"max-video-preview:-1"},"canonical":"https:\/\/miil.dev.almic.ee\/fi\/toode\/moverbox-kontti-maalaus\/","og_locale":"fi_FI","og_type":"article","og_title":"Moverbox kontti maalaus ruiskupistoolilla + hiekkapuhallus","og_description":"Moverbox kontti maalaus | Merikontin eristys | PUR-vaahto | Varastos\u00e4ili\u00f6 | Konttien muuntaminen | Konttien myynti | Kontin korjaus","og_url":"https:\/\/miil.dev.almic.ee\/fi\/toode\/moverbox-kontti-maalaus\/","og_site_name":"Miil O\u00dc","article_publisher":"https:\/\/www.facebook.com\/konteinerveod\/","article_modified_time":"2024-11-15T11:29:16+00:00","og_image":[{"width":1900,"height":1425,"url":"https:\/\/miil.dev.almic.ee\/wp-content\/uploads\/2024\/11\/39abf8db-3a16-494e-9da8-acd209bede01-scaled.jpg","type":"image\/jpeg"}],"twitter_card":"summary_large_image","twitter_misc":{"Hinta":"1290,00&nbsp;&euro;","Saatavuus":"Varastossa"},"schema":{"@context":"https:\/\/schema.org","@graph":[{"@type":"WebPage","@id":"https:\/\/miil.dev.almic.ee\/fi\/toode\/moverbox-kontti-maalaus\/","url":"https:\/\/miil.dev.almic.ee\/fi\/toode\/moverbox-kontti-maalaus\/","name":"Moverbox kontti maalaus ruiskupistoolilla + hiekkapuhallus - Miil O\u00dc","isPartOf":{"@id":"https:\/\/miil.dev.almic.ee\/#website"},"primaryImageOfPage":{"@id":"https:\/\/miil.dev.almic.ee\/fi\/toode\/moverbox-kontti-maalaus\/#primaryimage"},"image":{"@id":"https:\/\/miil.dev.almic.ee\/fi\/toode\/moverbox-kontti-maalaus\/#primaryimage"},"thumbnailUrl":"https:\/\/miil.dev.almic.ee\/wp-content\/uploads\/2024\/11\/39abf8db-3a16-494e-9da8-acd209bede01-scaled.jpg","datePublished":"2024-11-15T11:00:28+00:00","dateModified":"2024-11-15T11:29:16+00:00","description":"Moverbox kontti maalaus | Merikontin eristys | PUR-vaahto | Varastos\u00e4ili\u00f6 | Konttien muuntaminen | Konttien myynti | Kontin korjaus","breadcrumb":{"@id":"https:\/\/miil.dev.almic.ee\/fi\/toode\/moverbox-kontti-maalaus\/#breadcrumb"},"inLanguage":"fi","potentialAction":[{"@type":"ReadAction","target":["https:\/\/miil.dev.almic.ee\/fi\/toode\/moverbox-kontti-maalaus\/"]}]},{"@type":"ImageObject","inLanguage":"fi","@id":"https:\/\/miil.dev.almic.ee\/fi\/toode\/moverbox-kontti-maalaus\/#primaryimage","url":"https:\/\/miil.dev.almic.ee\/wp-content\/uploads\/2024\/11\/39abf8db-3a16-494e-9da8-acd209bede01-scaled.jpg","contentUrl":"https:\/\/miil.dev.almic.ee\/wp-content\/uploads\/2024\/11\/39abf8db-3a16-494e-9da8-acd209bede01-scaled.jpg","width":1900,"height":1425},{"@type":"BreadcrumbList","@id":"https:\/\/miil.dev.almic.ee\/fi\/toode\/moverbox-kontti-maalaus\/#breadcrumb","itemListElement":[{"@type":"ListItem","position":1,"name":"Home","item":"https:\/\/miil.dev.almic.ee\/fi\/"},{"@type":"ListItem","position":2,"name":"Kauppa","item":"https:\/\/miil.dev.almic.ee\/fi\/kauppa\/"},{"@type":"ListItem","position":3,"name":"Moverbox kontti maalaus ruiskupistoolilla + hiekkapuhallus"}]},{"@type":"WebSite","@id":"https:\/\/miil.dev.almic.ee\/#website","url":"https:\/\/miil.dev.almic.ee\/","name":"Miil O\u00dc","description":"Konteinerveod","publisher":{"@id":"https:\/\/miil.dev.almic.ee\/#organization"},"potentialAction":[{"@type":"SearchAction","target":{"@type":"EntryPoint","urlTemplate":"https:\/\/miil.dev.almic.ee\/?s={search_term_string}"},"query-input":{"@type":"PropertyValueSpecification","valueRequired":true,"valueName":"search_term_string"}}],"inLanguage":"fi"},{"@type":"Organization","@id":"https:\/\/miil.dev.almic.ee\/#organization","name":"Miil O\u00dc","url":"https:\/\/miil.dev.almic.ee\/","logo":{"@type":"ImageObject","inLanguage":"fi","@id":"https:\/\/miil.dev.almic.ee\/#\/schema\/logo\/image\/","url":"https:\/\/www.miil.ee\/wp-content\/uploads\/2022\/02\/Miil-logo.svg","contentUrl":"https:\/\/www.miil.ee\/wp-content\/uploads\/2022\/02\/Miil-logo.svg","width":"1024","height":"1024","caption":"Miil O\u00dc"},"image":{"@id":"https:\/\/miil.dev.almic.ee\/#\/schema\/logo\/image\/"},"sameAs":["https:\/\/www.facebook.com\/konteinerveod\/","https:\/\/www.instagram.com\/ou_miil\/"]}]},"product_price_amount":"1290.00","product_price_currency":"EUR","og_availability":"instock","product_availability":"instock","product_condition":"new"},"_links":{"self":[{"href":"https:\/\/miil.dev.almic.ee\/fi\/wp-json\/wp\/v2\/product\/79474","targetHints":{"allow":["GET"]}}],"collection":[{"href":"https:\/\/miil.dev.almic.ee\/fi\/wp-json\/wp\/v2\/product"}],"about":[{"href":"https:\/\/miil.dev.almic.ee\/fi\/wp-json\/wp\/v2\/types\/product"}],"replies":[{"embeddable":true,"href":"https:\/\/miil.dev.almic.ee\/fi\/wp-json\/wp\/v2\/comments?post=79474"}],"wp:featuredmedia":[{"embeddable":true,"href":"https:\/\/miil.dev.almic.ee\/fi\/wp-json\/wp\/v2\/media\/79489"}],"wp:attachment":[{"href":"https:\/\/miil.dev.almic.ee\/fi\/wp-json\/wp\/v2\/media?parent=79474"}],"wp:term":[{"taxonomy":"product_cat","embeddable":true,"href":"https:\/\/miil.dev.almic.ee\/fi\/wp-json\/wp\/v2\/product_cat?post=79474"},{"taxonomy":"product_tag","embeddable":true,"href":"https:\/\/miil.dev.almic.ee\/fi\/wp-json\/wp\/v2\/product_tag?post=79474"}],"curies":[{"name":"wp","href":"https:\/\/api.w.org\/{rel}","templated":true}]}}