{"id":79444,"date":"2024-11-15T11:18:15","date_gmt":"2024-11-15T09:18:15","guid":{"rendered":"https:\/\/www.miil.ee\/?post_type=product&#038;p=79444"},"modified":"2025-01-14T09:56:26","modified_gmt":"2025-01-14T07:56:26","slug":"riippulukon-vartija","status":"publish","type":"product","link":"https:\/\/miil.dev.almic.ee\/fi\/toode\/riippulukon-vartija\/","title":{"rendered":"Riippulukon vartija"},"content":{"rendered":"<p>Kontit ovat monipuolisia ja turvallisia ratkaisuja tavaroiden kuljetukseen ja varastointiin. Yksi t\u00e4rke\u00e4 n\u00e4k\u00f6kohta konttien k\u00e4yt\u00f6ss\u00e4 on niiden turvallisuus, ja <a href=\"https:\/\/www.miil.ee\/fi\/toode\/merikontti-riippulukko\/\">riippulukot<\/a> ovat v\u00e4ltt\u00e4m\u00e4tt\u00f6mi\u00e4 t\u00e4m\u00e4n varmistamiseksi. Mutta kuinka suojata itse riippulukko? Yksi tapa tehd\u00e4 t\u00e4m\u00e4 on k\u00e4ytt\u00e4\u00e4 Riippulukon vartija.<\/p>\n<p>Lukkosuojus koostuu kahdesta osasta \u2013 kumpikin on asennettu yhteen oveen. T\u00e4m\u00e4 vaikeuttaa lukkotankoon p\u00e4\u00e4sy\u00e4 ja suojaa lukkoa sateelta, mik\u00e4 varmistaa <a href=\"https:\/\/www.miil.ee\/fi\/toode\/merikontti-riippulukko\/\">lukon<\/a> pidemm\u00e4n k\u00e4ytt\u00f6i\u00e4n.<\/p>\n<p>MIIL.ee on tietoinen konttiturvallisuuden t\u00e4rkeydest\u00e4 ja siksi tarjoamme sopivia ratkaisuja.<\/p>\n<h2>Riippulukon vartija \u2013 Riippulukon merkitys kontin turvassa:<\/h2>\n<p>Riippulukot ovat t\u00e4rke\u00e4 osa kontin turvallisuuden varmistamista. Ne varmistavat, ett\u00e4 kontin ovet ovat kunnolla kiinni ja ett\u00e4 asiattomat henkil\u00f6t eiv\u00e4t p\u00e4\u00e4se k\u00e4siksi konttiin. Riippulukkojen k\u00e4ytt\u00f6 auttaa est\u00e4m\u00e4\u00e4n varkaudet, murrot ja luvattoman p\u00e4\u00e4syn kontin sis\u00e4lt\u00f6\u00f6n. Lis\u00e4ksi riippulukot antavat asiakkaille luottamusta ja luottamusta siihen, ett\u00e4 heid\u00e4n tavaransa ovat hyvin suojattuja.<\/p>\n<h2>MIIL.ee:lle sopivat riippulukot:<\/h2>\n<p>MIIL.ee tarjoaa valikoiman riippulukkoja, jotka on sovitettu erityisesti myymiimme kontteihin. Valikoimastamme l\u00f6ytyy erilaisia \u200b\u200btyyppej\u00e4 ja malleja, jotka sopivat erikokoisiin kontteihin ja t\u00e4ytt\u00e4v\u00e4t korkeat turvallisuusvaatimukset. Olipa kyseess\u00e4 perinteinen avainriippulukko tai modernimpi digitaalinen lukko, MIIL.ee tarjoaa valikoiman, joka vastaa eri asiakkaiden tarpeita.<\/p>\n<h2>Riippulukkojen laatu ja kest\u00e4vyys:<\/h2>\n<p>MIIL.ee tarjoaa vain korkealaatuisia riippulukkoja, jotka takaavat pitk\u00e4n k\u00e4ytt\u00f6i\u00e4n ja kest\u00e4vyyden. Riippulukkomme on valmistettu kest\u00e4vist\u00e4 materiaaleista, jotka kest\u00e4v\u00e4t erilaisia \u200b\u200bs\u00e4\u00e4olosuhteita ja haasteita. Ne on my\u00f6s helppo asentaa ja k\u00e4ytt\u00e4\u00e4, mik\u00e4 takaa mukavuuden ja luotettavuuden asiakkaille.<\/p>\n<p>Riippulukkojen k\u00e4ytt\u00f6 on t\u00e4rke\u00e4 osa konttien turvallisuuden varmistamista. MIIL.ee tarjoaa laajan valikoiman sopivia riippulukkoja, jotka sopivat myymiimme konteihin. Laadukkaat ja kest\u00e4v\u00e4t riippulukot varmistavat asiakkaiden tavaroiden suojan ja luovat luottamusta. Jos etsit luotettavia riippulukkoja kontteihisi, tutustu MIIL.ee:n valikoimaan ja l\u00f6yd\u00e4 oikeat ratkaisut tarpeisiisi.<\/p>\n<p><strong>Osta nyt, maksa my\u00f6hemmin<\/strong> -vaihtoehto saatavilla:<\/p>\n<ul>\n<li>Yksityisasiakkaille yhteisty\u00f6kumppanimme <a href=\"https:\/\/inbank.ee\/laen\/vaikelaen\">Inbank.ee<\/a>\u00a0kautta viitekoodilla \u201cKONTEINER\u201d.<\/li>\n<li>Yritysasiakkaille yhteisty\u00f6kumppanimme <a href=\"https:\/\/tenor.my.canva.site\/tenor-miil\">Tenor.ee<\/a> kautta.<\/li>\n<\/ul>\n<p>Seuraa meit\u00e4 <a href=\"https:\/\/www.facebook.com\/konteinerveod\/\">Facebook<\/a> tai <a href=\"https:\/\/www.instagram.com\/ou_miil\/\">Instagram<\/a><\/p>\n","protected":false},"excerpt":{"rendered":"<p>Merikontti riippulukko<\/p>\n","protected":false},"featured_media":79449,"comment_status":"closed","ping_status":"closed","template":"","meta":{"_acf_changed":false},"product_cat":[335],"product_tag":[],"class_list":{"0":"post-79444","1":"product","2":"type-product","3":"status-publish","4":"has-post-thumbnail","6":"product_cat-lisavarusteet","8":"first","9":"instock","10":"sale","11":"shipping-taxable","12":"purchasable","13":"product-type-simple"},"acf":[],"yoast_head":"<!-- This site is optimized with the Yoast SEO Premium plugin v23.9 (Yoast SEO v27.5) - https:\/\/yoast.com\/product\/yoast-seo-premium-wordpress\/ -->\n<title>Riippulukon vartija - Miil O\u00dc<\/title>\n<meta name=\"description\" content=\"Riippulukon vartija | Konttihuonekalut | varastointiratkaisut | Konttien vuokraus ja kuljetus | kuljetuskontin myynti | Toimistom\u00f6kit ja ulkok\u00e4ym\u00e4l\u00e4t\" \/>\n<meta name=\"robots\" content=\"index, follow, max-snippet:-1, max-image-preview:large, max-video-preview:-1\" \/>\n<link rel=\"canonical\" href=\"https:\/\/miil.dev.almic.ee\/fi\/toode\/riippulukon-vartija\/\" \/>\n<meta property=\"og:locale\" content=\"fi_FI\" \/>\n<meta property=\"og:type\" content=\"article\" \/>\n<meta property=\"og:title\" content=\"Riippulukon vartija\" \/>\n<meta property=\"og:description\" content=\"Riippulukon vartija | Konttihuonekalut | varastointiratkaisut | Konttien vuokraus ja kuljetus | kuljetuskontin myynti | Toimistom\u00f6kit ja ulkok\u00e4ym\u00e4l\u00e4t\" \/>\n<meta property=\"og:url\" content=\"https:\/\/miil.dev.almic.ee\/fi\/toode\/riippulukon-vartija\/\" \/>\n<meta property=\"og:site_name\" content=\"Miil O\u00dc\" \/>\n<meta property=\"article:publisher\" content=\"https:\/\/www.facebook.com\/konteinerveod\/\" \/>\n<meta property=\"article:modified_time\" content=\"2025-01-14T07:56:26+00:00\" \/>\n<meta property=\"og:image\" content=\"https:\/\/miil.dev.almic.ee\/wp-content\/uploads\/2024\/11\/609be331-5f86-4d11-848b-f1e2942ba729-scaled.jpg\" \/>\n\t<meta property=\"og:image:width\" content=\"1900\" \/>\n\t<meta property=\"og:image:height\" content=\"1425\" \/>\n\t<meta property=\"og:image:type\" content=\"image\/jpeg\" \/>\n<meta name=\"twitter:card\" content=\"summary_large_image\" \/>\n<meta name=\"twitter:label1\" content=\"Hinta\" \/>\n\t<meta name=\"twitter:data1\" content=\"75,00&nbsp;&euro;\" \/>\n\t<meta name=\"twitter:label2\" content=\"Saatavuus\" \/>\n\t<meta name=\"twitter:data2\" content=\"Varastossa\" \/>\n<script type=\"application\/ld+json\" class=\"yoast-schema-graph\">{\"@context\":\"https:\\\/\\\/schema.org\",\"@graph\":[{\"@type\":\"WebPage\",\"@id\":\"https:\\\/\\\/miil.dev.almic.ee\\\/fi\\\/toode\\\/riippulukon-vartija\\\/\",\"url\":\"https:\\\/\\\/miil.dev.almic.ee\\\/fi\\\/toode\\\/riippulukon-vartija\\\/\",\"name\":\"Riippulukon vartija - Miil O\u00dc\",\"isPartOf\":{\"@id\":\"https:\\\/\\\/miil.dev.almic.ee\\\/#website\"},\"primaryImageOfPage\":{\"@id\":\"https:\\\/\\\/miil.dev.almic.ee\\\/fi\\\/toode\\\/riippulukon-vartija\\\/#primaryimage\"},\"image\":{\"@id\":\"https:\\\/\\\/miil.dev.almic.ee\\\/fi\\\/toode\\\/riippulukon-vartija\\\/#primaryimage\"},\"thumbnailUrl\":\"https:\\\/\\\/miil.dev.almic.ee\\\/wp-content\\\/uploads\\\/2024\\\/11\\\/609be331-5f86-4d11-848b-f1e2942ba729-scaled.jpg\",\"datePublished\":\"2024-11-15T09:18:15+00:00\",\"dateModified\":\"2025-01-14T07:56:26+00:00\",\"description\":\"Riippulukon vartija | Konttihuonekalut | varastointiratkaisut | Konttien vuokraus ja kuljetus | kuljetuskontin myynti | Toimistom\u00f6kit ja ulkok\u00e4ym\u00e4l\u00e4t\",\"breadcrumb\":{\"@id\":\"https:\\\/\\\/miil.dev.almic.ee\\\/fi\\\/toode\\\/riippulukon-vartija\\\/#breadcrumb\"},\"inLanguage\":\"fi\",\"potentialAction\":[{\"@type\":\"ReadAction\",\"target\":[\"https:\\\/\\\/miil.dev.almic.ee\\\/fi\\\/toode\\\/riippulukon-vartija\\\/\"]}]},{\"@type\":\"ImageObject\",\"inLanguage\":\"fi\",\"@id\":\"https:\\\/\\\/miil.dev.almic.ee\\\/fi\\\/toode\\\/riippulukon-vartija\\\/#primaryimage\",\"url\":\"https:\\\/\\\/miil.dev.almic.ee\\\/wp-content\\\/uploads\\\/2024\\\/11\\\/609be331-5f86-4d11-848b-f1e2942ba729-scaled.jpg\",\"contentUrl\":\"https:\\\/\\\/miil.dev.almic.ee\\\/wp-content\\\/uploads\\\/2024\\\/11\\\/609be331-5f86-4d11-848b-f1e2942ba729-scaled.jpg\",\"width\":1900,\"height\":1425},{\"@type\":\"BreadcrumbList\",\"@id\":\"https:\\\/\\\/miil.dev.almic.ee\\\/fi\\\/toode\\\/riippulukon-vartija\\\/#breadcrumb\",\"itemListElement\":[{\"@type\":\"ListItem\",\"position\":1,\"name\":\"Home\",\"item\":\"https:\\\/\\\/miil.dev.almic.ee\\\/fi\\\/\"},{\"@type\":\"ListItem\",\"position\":2,\"name\":\"Kauppa\",\"item\":\"https:\\\/\\\/miil.dev.almic.ee\\\/fi\\\/kauppa\\\/\"},{\"@type\":\"ListItem\",\"position\":3,\"name\":\"Riippulukon vartija\"}]},{\"@type\":\"WebSite\",\"@id\":\"https:\\\/\\\/miil.dev.almic.ee\\\/#website\",\"url\":\"https:\\\/\\\/miil.dev.almic.ee\\\/\",\"name\":\"Miil O\u00dc\",\"description\":\"Konteinerveod\",\"publisher\":{\"@id\":\"https:\\\/\\\/miil.dev.almic.ee\\\/#organization\"},\"potentialAction\":[{\"@type\":\"SearchAction\",\"target\":{\"@type\":\"EntryPoint\",\"urlTemplate\":\"https:\\\/\\\/miil.dev.almic.ee\\\/?s={search_term_string}\"},\"query-input\":{\"@type\":\"PropertyValueSpecification\",\"valueRequired\":true,\"valueName\":\"search_term_string\"}}],\"inLanguage\":\"fi\"},{\"@type\":\"Organization\",\"@id\":\"https:\\\/\\\/miil.dev.almic.ee\\\/#organization\",\"name\":\"Miil O\u00dc\",\"url\":\"https:\\\/\\\/miil.dev.almic.ee\\\/\",\"logo\":{\"@type\":\"ImageObject\",\"inLanguage\":\"fi\",\"@id\":\"https:\\\/\\\/miil.dev.almic.ee\\\/#\\\/schema\\\/logo\\\/image\\\/\",\"url\":\"https:\\\/\\\/www.miil.ee\\\/wp-content\\\/uploads\\\/2022\\\/02\\\/Miil-logo.svg\",\"contentUrl\":\"https:\\\/\\\/www.miil.ee\\\/wp-content\\\/uploads\\\/2022\\\/02\\\/Miil-logo.svg\",\"width\":\"1024\",\"height\":\"1024\",\"caption\":\"Miil O\u00dc\"},\"image\":{\"@id\":\"https:\\\/\\\/miil.dev.almic.ee\\\/#\\\/schema\\\/logo\\\/image\\\/\"},\"sameAs\":[\"https:\\\/\\\/www.facebook.com\\\/konteinerveod\\\/\",\"https:\\\/\\\/www.instagram.com\\\/ou_miil\\\/\"]}]}<\/script>\n<meta property=\"product:price:amount\" content=\"75.00\" \/>\n<meta property=\"product:price:currency\" content=\"EUR\" \/>\n<meta property=\"og:availability\" content=\"instock\" \/>\n<meta property=\"product:availability\" content=\"instock\" \/>\n<meta property=\"product:condition\" content=\"new\" \/>\n<!-- \/ Yoast SEO Premium plugin. -->","yoast_head_json":{"title":"Riippulukon vartija - Miil O\u00dc","description":"Riippulukon vartija | Konttihuonekalut | varastointiratkaisut | Konttien vuokraus ja kuljetus | kuljetuskontin myynti | Toimistom\u00f6kit ja ulkok\u00e4ym\u00e4l\u00e4t","robots":{"index":"index","follow":"follow","max-snippet":"max-snippet:-1","max-image-preview":"max-image-preview:large","max-video-preview":"max-video-preview:-1"},"canonical":"https:\/\/miil.dev.almic.ee\/fi\/toode\/riippulukon-vartija\/","og_locale":"fi_FI","og_type":"article","og_title":"Riippulukon vartija","og_description":"Riippulukon vartija | Konttihuonekalut | varastointiratkaisut | Konttien vuokraus ja kuljetus | kuljetuskontin myynti | Toimistom\u00f6kit ja ulkok\u00e4ym\u00e4l\u00e4t","og_url":"https:\/\/miil.dev.almic.ee\/fi\/toode\/riippulukon-vartija\/","og_site_name":"Miil O\u00dc","article_publisher":"https:\/\/www.facebook.com\/konteinerveod\/","article_modified_time":"2025-01-14T07:56:26+00:00","og_image":[{"width":1900,"height":1425,"url":"https:\/\/miil.dev.almic.ee\/wp-content\/uploads\/2024\/11\/609be331-5f86-4d11-848b-f1e2942ba729-scaled.jpg","type":"image\/jpeg"}],"twitter_card":"summary_large_image","twitter_misc":{"Hinta":"75,00&nbsp;&euro;","Saatavuus":"Varastossa"},"schema":{"@context":"https:\/\/schema.org","@graph":[{"@type":"WebPage","@id":"https:\/\/miil.dev.almic.ee\/fi\/toode\/riippulukon-vartija\/","url":"https:\/\/miil.dev.almic.ee\/fi\/toode\/riippulukon-vartija\/","name":"Riippulukon vartija - Miil O\u00dc","isPartOf":{"@id":"https:\/\/miil.dev.almic.ee\/#website"},"primaryImageOfPage":{"@id":"https:\/\/miil.dev.almic.ee\/fi\/toode\/riippulukon-vartija\/#primaryimage"},"image":{"@id":"https:\/\/miil.dev.almic.ee\/fi\/toode\/riippulukon-vartija\/#primaryimage"},"thumbnailUrl":"https:\/\/miil.dev.almic.ee\/wp-content\/uploads\/2024\/11\/609be331-5f86-4d11-848b-f1e2942ba729-scaled.jpg","datePublished":"2024-11-15T09:18:15+00:00","dateModified":"2025-01-14T07:56:26+00:00","description":"Riippulukon vartija | Konttihuonekalut | varastointiratkaisut | Konttien vuokraus ja kuljetus | kuljetuskontin myynti | Toimistom\u00f6kit ja ulkok\u00e4ym\u00e4l\u00e4t","breadcrumb":{"@id":"https:\/\/miil.dev.almic.ee\/fi\/toode\/riippulukon-vartija\/#breadcrumb"},"inLanguage":"fi","potentialAction":[{"@type":"ReadAction","target":["https:\/\/miil.dev.almic.ee\/fi\/toode\/riippulukon-vartija\/"]}]},{"@type":"ImageObject","inLanguage":"fi","@id":"https:\/\/miil.dev.almic.ee\/fi\/toode\/riippulukon-vartija\/#primaryimage","url":"https:\/\/miil.dev.almic.ee\/wp-content\/uploads\/2024\/11\/609be331-5f86-4d11-848b-f1e2942ba729-scaled.jpg","contentUrl":"https:\/\/miil.dev.almic.ee\/wp-content\/uploads\/2024\/11\/609be331-5f86-4d11-848b-f1e2942ba729-scaled.jpg","width":1900,"height":1425},{"@type":"BreadcrumbList","@id":"https:\/\/miil.dev.almic.ee\/fi\/toode\/riippulukon-vartija\/#breadcrumb","itemListElement":[{"@type":"ListItem","position":1,"name":"Home","item":"https:\/\/miil.dev.almic.ee\/fi\/"},{"@type":"ListItem","position":2,"name":"Kauppa","item":"https:\/\/miil.dev.almic.ee\/fi\/kauppa\/"},{"@type":"ListItem","position":3,"name":"Riippulukon vartija"}]},{"@type":"WebSite","@id":"https:\/\/miil.dev.almic.ee\/#website","url":"https:\/\/miil.dev.almic.ee\/","name":"Miil O\u00dc","description":"Konteinerveod","publisher":{"@id":"https:\/\/miil.dev.almic.ee\/#organization"},"potentialAction":[{"@type":"SearchAction","target":{"@type":"EntryPoint","urlTemplate":"https:\/\/miil.dev.almic.ee\/?s={search_term_string}"},"query-input":{"@type":"PropertyValueSpecification","valueRequired":true,"valueName":"search_term_string"}}],"inLanguage":"fi"},{"@type":"Organization","@id":"https:\/\/miil.dev.almic.ee\/#organization","name":"Miil O\u00dc","url":"https:\/\/miil.dev.almic.ee\/","logo":{"@type":"ImageObject","inLanguage":"fi","@id":"https:\/\/miil.dev.almic.ee\/#\/schema\/logo\/image\/","url":"https:\/\/www.miil.ee\/wp-content\/uploads\/2022\/02\/Miil-logo.svg","contentUrl":"https:\/\/www.miil.ee\/wp-content\/uploads\/2022\/02\/Miil-logo.svg","width":"1024","height":"1024","caption":"Miil O\u00dc"},"image":{"@id":"https:\/\/miil.dev.almic.ee\/#\/schema\/logo\/image\/"},"sameAs":["https:\/\/www.facebook.com\/konteinerveod\/","https:\/\/www.instagram.com\/ou_miil\/"]}]},"product_price_amount":"75.00","product_price_currency":"EUR","og_availability":"instock","product_availability":"instock","product_condition":"new"},"_links":{"self":[{"href":"https:\/\/miil.dev.almic.ee\/fi\/wp-json\/wp\/v2\/product\/79444","targetHints":{"allow":["GET"]}}],"collection":[{"href":"https:\/\/miil.dev.almic.ee\/fi\/wp-json\/wp\/v2\/product"}],"about":[{"href":"https:\/\/miil.dev.almic.ee\/fi\/wp-json\/wp\/v2\/types\/product"}],"replies":[{"embeddable":true,"href":"https:\/\/miil.dev.almic.ee\/fi\/wp-json\/wp\/v2\/comments?post=79444"}],"wp:featuredmedia":[{"embeddable":true,"href":"https:\/\/miil.dev.almic.ee\/fi\/wp-json\/wp\/v2\/media\/79449"}],"wp:attachment":[{"href":"https:\/\/miil.dev.almic.ee\/fi\/wp-json\/wp\/v2\/media?parent=79444"}],"wp:term":[{"taxonomy":"product_cat","embeddable":true,"href":"https:\/\/miil.dev.almic.ee\/fi\/wp-json\/wp\/v2\/product_cat?post=79444"},{"taxonomy":"product_tag","embeddable":true,"href":"https:\/\/miil.dev.almic.ee\/fi\/wp-json\/wp\/v2\/product_tag?post=79444"}],"curies":[{"name":"wp","href":"https:\/\/api.w.org\/{rel}","templated":true}]}}