{"id":79208,"date":"2024-11-14T12:01:27","date_gmt":"2024-11-14T10:01:27","guid":{"rendered":"https:\/\/www.miil.ee\/toode\/kontti-tuuletuskansi\/"},"modified":"2025-03-21T12:14:30","modified_gmt":"2025-03-21T10:14:30","slug":"kontti-tuuletuskansi","status":"publish","type":"product","link":"https:\/\/miil.dev.almic.ee\/fi\/toode\/kontti-tuuletuskansi\/","title":{"rendered":"Kontti tuuletuskansi"},"content":{"rendered":"<h1>Tuuletuskansien merkitys kontin ilmanvaihdossa:<\/h1>\n<p>Konttien tuuletuskansien merkitys &#8211; Kontit ovat monipuolisia ja turvallisia ratkaisuja tavaroiden kuljetukseen ja varastointiin. Yksi t\u00e4rke\u00e4 n\u00e4k\u00f6kohta s\u00e4ili\u00f6iden k\u00e4yt\u00f6ss\u00e4 on niiden tuuletus ja ilman p\u00e4\u00e4sy. MIIL.ee on tietoinen konttituuletuksen t\u00e4rkeydest\u00e4 ja siksi tarjoamme sopivia ratkaisuja, jotka sopivat myymiimme konteihin. T\u00e4ss\u00e4 artikkelissa esittelemme tarkemmin ilmanvaihdon t\u00e4rkeytt\u00e4 ja MIIL.ee:n valikoimaa. Tuuletusaukon kannet ovat t\u00e4rke\u00e4 osa kontin ilmanvaihdon varmistamista. Ne varmistavat, ett\u00e4 s\u00e4ili\u00f6 tuuletetaan ilman, ett\u00e4 sadevesi p\u00e4\u00e4see sis\u00e4\u00e4n.<\/p>\n<p>Saatavilla olevat v\u00e4rit:<br \/>\n* Punainen<br \/>\n* Sininen<br \/>\n* Vihre\u00e4<br \/>\n* Harmaa<br \/>\n* Tummanruskea<br \/>\n* Keltainen<\/p>\n<h2>Kontti tuuletuskansi &#8211; Tarvitseeko s\u00e4ili\u00f6 tuuletuksen?<\/h2>\n<p>Kun etsit kuljetuskonttia, sinun on otettava huomioon ilmanvaihto. Rahtikontti voi olla loistava tila, mutta sen on oltava riitt\u00e4v\u00e4n tuuletettu, jotta voit hengitt\u00e4\u00e4 helposti. Ilman kunnollista ilmanvaihtoa tunnet olosi tukkoiseksi ja ep\u00e4mukavaksi astiassa. Miil huolehtii hyv\u00e4st\u00e4 ilmanvaihdosta konttipalveluita tarjoaessaan.<\/p>\n<h2>Riitt\u00e4m\u00e4t\u00f6n ilmanvaihto lis\u00e4\u00e4 tulipalojen ja r\u00e4j\u00e4hdysten riski\u00e4.<\/h2>\n<p>Tuuletuskansien puute &#8211; Jos et ole varovainen, kuljetuskontti ilman asianmukaista ilmanvaihtoa voi nopeasti muuttua vaaralliseksi. Olet vaarassa saada l\u00e4mp\u00f6halvauksen ja ilmanpuutteen lis\u00e4ksi my\u00f6s tulipalon tai r\u00e4j\u00e4hdyksen.<\/p>\n<p>On olemassa tulipalo- ja r\u00e4j\u00e4hdysvaara, koska s\u00e4ili\u00f6t on suunniteltu ilmatiiviiksi. My\u00f6s vuotavat syttyv\u00e4t materiaalit tai kemikaalit voivat aiheuttaa r\u00e4j\u00e4hdyksen s\u00e4ili\u00f6ss\u00e4. Varmista, ett\u00e4 s\u00e4ili\u00f6ss\u00e4si on asianmukainen tuuletus, muuten saatat vaarantaa henkesi.<\/p>\n<h2>S\u00e4ilytett\u00e4v\u00e4t tavarat voivat vaurioitua kosteuden vaikutuksesta.<\/h2>\n<p>S\u00e4ili\u00f6 tarvitsee asianmukaisen ilmanvaihdon kansilla suojaamaan tavaraa kosteusvaurioilta. Elektroniikkaa ei saa s\u00e4ilytt\u00e4\u00e4 huonosti tuuletetussa astiassa, jossa on korkea kosteus, koska se voi aiheuttaa korroosiota tai oikosulkuja.<br \/>\nKosteus voi kuitenkin vahingoittaa muutakin kuin elektroniikkaa. Kaikkien kuljetuskontissa s\u00e4ilytett\u00e4vien tavaroiden kosteusalttius ja kosteusvauriot tulee ottaa huomioon. Siksi kunnollinen ilmanvaihtoj\u00e4rjestelm\u00e4 on eritt\u00e4in t\u00e4rke\u00e4 \u2013 se auttaa luomaan kuivan ymp\u00e4rist\u00f6n, joka on v\u00e4hemm\u00e4n suotuisa vaurioille.<\/p>\n<h2>Kontti tuuletuskansi &#8211; Ilmanvaihdon merkitys.<\/h2>\n<p>Ilmanvaihto ja ilmanvaihto ovat ep\u00e4ilem\u00e4tt\u00e4 t\u00e4rkeit\u00e4! T\u00e4m\u00e4 on yksi t\u00e4rkeimmist\u00e4 tavoista saada raitista ilmaa s\u00e4ili\u00f6\u00f6n ja pit\u00e4\u00e4 l\u00e4mp\u00f6tila neutraalina. Ilmanvaihto on v\u00e4ltt\u00e4m\u00e4t\u00f6nt\u00e4 s\u00e4ili\u00f6n l\u00e4mp\u00f6tilan s\u00e4\u00e4telemiseksi. Ilman kunnollista ilmanvaihtoa s\u00e4ili\u00f6n l\u00e4mp\u00f6tila voi nousta \u00e4\u00e4rimm\u00e4iseksi, jolloin siell\u00e4 on siet\u00e4m\u00e4t\u00f6nt\u00e4 pysy\u00e4 l\u00e4mpim\u00e4n\u00e4 kes\u00e4p\u00e4iv\u00e4n\u00e4. Siksi on t\u00e4rke\u00e4\u00e4 ottaa huomioon ilmanvaihto rahtikonttia ostettaessa. S\u00e4ili\u00f6ratkaisut helpottavat tavaroiden s\u00e4ilytt\u00e4mist\u00e4 ja p\u00e4\u00e4sy\u00e4 niihin!<\/p>\n<h2>Kuljetus ja nosto?<\/h2>\n<p>Sopivan kontin valinnan j\u00e4lkeen voimme hoitaa pakkaamisen ja kuljetuksen.<br \/>\nK\u00e4yt\u00e4mme kuljetukseen<span>\u00a0<\/span><a href=\"https:\/\/www.miil.ee\/fi\/palvelut\/nosturi\/\">nosturia<\/a><span>\u00a0<\/span>tai<span>\u00a0<\/span><a href=\"https:\/\/www.miil.ee\/fi\/palvelut\/sideloader\/\">sideloader<\/a><br \/>\nmonimutkaisempi kuljetus on mahdollista<span>\u00a0<\/span><a href=\"https:\/\/www.miil.ee\/fi\/palvelut\/ram-kippauslaite\/\">RAM per\u00e4vaunulla<\/a>.<br \/>\nKun olet ostanut sen, s\u00e4ilyt\u00e4mme konttisi terminaalissamme maksutta jopa kuusi kuukautta.<br \/>\nAina on mahdollista sopia pidemm\u00e4st\u00e4kin ajanjaksosta.<br \/>\nEsimerkiksi jos paikka ei ole viel\u00e4 valmis tai k\u00e4ytett\u00e4viss\u00e4 kontin toimittamiseksi.<br \/>\nT\u00e4ll\u00f6in kontin hinta ei muutu ja voit olla varma, ett\u00e4 saat valitun kontin sovittuna aikana.<\/p>\n<ul>\n<li>Parhaan hinnan takuu \u2013 teemme aina parhaan tarjouksen kontista.<br \/>\n<span><\/span><\/li>\n<\/ul>\n<p><span>Seuraa meit\u00e4<\/span><span>\u00a0<\/span><a href=\"https:\/\/www.facebook.com\/konteinerveod\/\">Facebook<\/a><span>\u00a0<\/span><span>tai<\/span><span>\u00a0<\/span><a href=\"https:\/\/www.instagram.com\/ou_miil\/\">Instagram<\/a><\/p>\n","protected":false},"excerpt":{"rendered":"<p>Tuuletuskansien merkitys kontin ilmanvaihdossa on t\u00e4rke\u00e4, koska ne est\u00e4v\u00e4t kosteuden ja vahingollisten olosuhteiden syntymisen s\u00e4ili\u00f6iss\u00e4, mik\u00e4 voi vahingoittaa tavaroita tai aiheuttaa tulipalon tai r\u00e4j\u00e4hdyksen riskin. MIIL.ee tarjoaa oikeat ilmanvaihtoratkaisut konttien k\u00e4ytt\u00f6\u00f6n, varmistaen turvallisen ja kuivemman ymp\u00e4rist\u00f6n s\u00e4ilytett\u00e4ville tavaroille.<\/p>\n","protected":false},"featured_media":79182,"comment_status":"open","ping_status":"closed","template":"","meta":{"_acf_changed":false},"product_cat":[335],"product_tag":[],"class_list":{"0":"post-79208","1":"product","2":"type-product","3":"status-publish","4":"has-post-thumbnail","6":"product_cat-lisavarusteet","8":"first","9":"instock","10":"sale","11":"shipping-taxable","12":"purchasable","13":"product-type-simple"},"acf":[],"yoast_head":"<!-- This site is optimized with the Yoast SEO Premium plugin v23.9 (Yoast SEO v27.5) - https:\/\/yoast.com\/product\/yoast-seo-premium-wordpress\/ -->\n<title>Kontti tuuletuskansi - Miil O\u00dc<\/title>\n<meta name=\"description\" content=\"Kontti tuuletuskansi | K\u00e4ytettyjen merikonttien myynti | Kontti myynti | Containex myynti | Merikontti myynti | Merikontti vuokrata |\" \/>\n<meta name=\"robots\" content=\"index, follow, max-snippet:-1, max-image-preview:large, max-video-preview:-1\" \/>\n<link rel=\"canonical\" href=\"https:\/\/miil.dev.almic.ee\/fi\/toode\/kontti-tuuletuskansi\/\" \/>\n<meta property=\"og:locale\" content=\"fi_FI\" \/>\n<meta property=\"og:type\" content=\"article\" \/>\n<meta property=\"og:title\" content=\"Kontti tuuletuskansi\" \/>\n<meta property=\"og:description\" content=\"Kontti tuuletuskansi | K\u00e4ytettyjen merikonttien myynti | Kontti myynti | Containex myynti | Merikontti myynti | Merikontti vuokrata |\" \/>\n<meta property=\"og:url\" content=\"https:\/\/miil.dev.almic.ee\/fi\/toode\/kontti-tuuletuskansi\/\" \/>\n<meta property=\"og:site_name\" content=\"Miil O\u00dc\" \/>\n<meta property=\"article:publisher\" content=\"https:\/\/www.facebook.com\/konteinerveod\/\" \/>\n<meta property=\"article:modified_time\" content=\"2025-03-21T10:14:30+00:00\" \/>\n<meta property=\"og:image\" content=\"https:\/\/miil.dev.almic.ee\/wp-content\/uploads\/2024\/11\/PXL_20241114_085638597.PORTRAIT-scaled.jpg\" \/>\n\t<meta property=\"og:image:width\" content=\"1900\" \/>\n\t<meta property=\"og:image:height\" content=\"1431\" \/>\n\t<meta property=\"og:image:type\" content=\"image\/jpeg\" \/>\n<meta name=\"twitter:card\" content=\"summary_large_image\" \/>\n<meta name=\"twitter:label1\" content=\"Hinta\" \/>\n\t<meta name=\"twitter:data1\" content=\"14,00&nbsp;&euro;\" \/>\n\t<meta name=\"twitter:label2\" content=\"Saatavuus\" \/>\n\t<meta name=\"twitter:data2\" content=\"Varastossa\" \/>\n<script type=\"application\/ld+json\" class=\"yoast-schema-graph\">{\"@context\":\"https:\\\/\\\/schema.org\",\"@graph\":[{\"@type\":\"WebPage\",\"@id\":\"https:\\\/\\\/miil.dev.almic.ee\\\/fi\\\/toode\\\/kontti-tuuletuskansi\\\/\",\"url\":\"https:\\\/\\\/miil.dev.almic.ee\\\/fi\\\/toode\\\/kontti-tuuletuskansi\\\/\",\"name\":\"Kontti tuuletuskansi - Miil O\u00dc\",\"isPartOf\":{\"@id\":\"https:\\\/\\\/miil.dev.almic.ee\\\/#website\"},\"primaryImageOfPage\":{\"@id\":\"https:\\\/\\\/miil.dev.almic.ee\\\/fi\\\/toode\\\/kontti-tuuletuskansi\\\/#primaryimage\"},\"image\":{\"@id\":\"https:\\\/\\\/miil.dev.almic.ee\\\/fi\\\/toode\\\/kontti-tuuletuskansi\\\/#primaryimage\"},\"thumbnailUrl\":\"https:\\\/\\\/miil.dev.almic.ee\\\/wp-content\\\/uploads\\\/2024\\\/11\\\/PXL_20241114_085638597.PORTRAIT-scaled.jpg\",\"datePublished\":\"2024-11-14T10:01:27+00:00\",\"dateModified\":\"2025-03-21T10:14:30+00:00\",\"description\":\"Kontti tuuletuskansi | K\u00e4ytettyjen merikonttien myynti | Kontti myynti | Containex myynti | Merikontti myynti | Merikontti vuokrata |\",\"breadcrumb\":{\"@id\":\"https:\\\/\\\/miil.dev.almic.ee\\\/fi\\\/toode\\\/kontti-tuuletuskansi\\\/#breadcrumb\"},\"inLanguage\":\"fi\",\"potentialAction\":[{\"@type\":\"ReadAction\",\"target\":[\"https:\\\/\\\/miil.dev.almic.ee\\\/fi\\\/toode\\\/kontti-tuuletuskansi\\\/\"]}]},{\"@type\":\"ImageObject\",\"inLanguage\":\"fi\",\"@id\":\"https:\\\/\\\/miil.dev.almic.ee\\\/fi\\\/toode\\\/kontti-tuuletuskansi\\\/#primaryimage\",\"url\":\"https:\\\/\\\/miil.dev.almic.ee\\\/wp-content\\\/uploads\\\/2024\\\/11\\\/PXL_20241114_085638597.PORTRAIT-scaled.jpg\",\"contentUrl\":\"https:\\\/\\\/miil.dev.almic.ee\\\/wp-content\\\/uploads\\\/2024\\\/11\\\/PXL_20241114_085638597.PORTRAIT-scaled.jpg\",\"width\":1900,\"height\":1431},{\"@type\":\"BreadcrumbList\",\"@id\":\"https:\\\/\\\/miil.dev.almic.ee\\\/fi\\\/toode\\\/kontti-tuuletuskansi\\\/#breadcrumb\",\"itemListElement\":[{\"@type\":\"ListItem\",\"position\":1,\"name\":\"Home\",\"item\":\"https:\\\/\\\/miil.dev.almic.ee\\\/fi\\\/\"},{\"@type\":\"ListItem\",\"position\":2,\"name\":\"Kauppa\",\"item\":\"https:\\\/\\\/miil.dev.almic.ee\\\/fi\\\/kauppa\\\/\"},{\"@type\":\"ListItem\",\"position\":3,\"name\":\"Kontti tuuletuskansi\"}]},{\"@type\":\"WebSite\",\"@id\":\"https:\\\/\\\/miil.dev.almic.ee\\\/#website\",\"url\":\"https:\\\/\\\/miil.dev.almic.ee\\\/\",\"name\":\"Miil O\u00dc\",\"description\":\"Konteinerveod\",\"publisher\":{\"@id\":\"https:\\\/\\\/miil.dev.almic.ee\\\/#organization\"},\"potentialAction\":[{\"@type\":\"SearchAction\",\"target\":{\"@type\":\"EntryPoint\",\"urlTemplate\":\"https:\\\/\\\/miil.dev.almic.ee\\\/?s={search_term_string}\"},\"query-input\":{\"@type\":\"PropertyValueSpecification\",\"valueRequired\":true,\"valueName\":\"search_term_string\"}}],\"inLanguage\":\"fi\"},{\"@type\":\"Organization\",\"@id\":\"https:\\\/\\\/miil.dev.almic.ee\\\/#organization\",\"name\":\"Miil O\u00dc\",\"url\":\"https:\\\/\\\/miil.dev.almic.ee\\\/\",\"logo\":{\"@type\":\"ImageObject\",\"inLanguage\":\"fi\",\"@id\":\"https:\\\/\\\/miil.dev.almic.ee\\\/#\\\/schema\\\/logo\\\/image\\\/\",\"url\":\"https:\\\/\\\/www.miil.ee\\\/wp-content\\\/uploads\\\/2022\\\/02\\\/Miil-logo.svg\",\"contentUrl\":\"https:\\\/\\\/www.miil.ee\\\/wp-content\\\/uploads\\\/2022\\\/02\\\/Miil-logo.svg\",\"width\":\"1024\",\"height\":\"1024\",\"caption\":\"Miil O\u00dc\"},\"image\":{\"@id\":\"https:\\\/\\\/miil.dev.almic.ee\\\/#\\\/schema\\\/logo\\\/image\\\/\"},\"sameAs\":[\"https:\\\/\\\/www.facebook.com\\\/konteinerveod\\\/\",\"https:\\\/\\\/www.instagram.com\\\/ou_miil\\\/\"]}]}<\/script>\n<meta property=\"product:price:amount\" content=\"14.00\" \/>\n<meta property=\"product:price:currency\" content=\"EUR\" \/>\n<meta property=\"og:availability\" content=\"instock\" \/>\n<meta property=\"product:availability\" content=\"instock\" \/>\n<meta property=\"product:condition\" content=\"new\" \/>\n<!-- \/ Yoast SEO Premium plugin. -->","yoast_head_json":{"title":"Kontti tuuletuskansi - Miil O\u00dc","description":"Kontti tuuletuskansi | K\u00e4ytettyjen merikonttien myynti | Kontti myynti | Containex myynti | Merikontti myynti | Merikontti vuokrata |","robots":{"index":"index","follow":"follow","max-snippet":"max-snippet:-1","max-image-preview":"max-image-preview:large","max-video-preview":"max-video-preview:-1"},"canonical":"https:\/\/miil.dev.almic.ee\/fi\/toode\/kontti-tuuletuskansi\/","og_locale":"fi_FI","og_type":"article","og_title":"Kontti tuuletuskansi","og_description":"Kontti tuuletuskansi | K\u00e4ytettyjen merikonttien myynti | Kontti myynti | Containex myynti | Merikontti myynti | Merikontti vuokrata |","og_url":"https:\/\/miil.dev.almic.ee\/fi\/toode\/kontti-tuuletuskansi\/","og_site_name":"Miil O\u00dc","article_publisher":"https:\/\/www.facebook.com\/konteinerveod\/","article_modified_time":"2025-03-21T10:14:30+00:00","og_image":[{"width":1900,"height":1431,"url":"https:\/\/miil.dev.almic.ee\/wp-content\/uploads\/2024\/11\/PXL_20241114_085638597.PORTRAIT-scaled.jpg","type":"image\/jpeg"}],"twitter_card":"summary_large_image","twitter_misc":{"Hinta":"14,00&nbsp;&euro;","Saatavuus":"Varastossa"},"schema":{"@context":"https:\/\/schema.org","@graph":[{"@type":"WebPage","@id":"https:\/\/miil.dev.almic.ee\/fi\/toode\/kontti-tuuletuskansi\/","url":"https:\/\/miil.dev.almic.ee\/fi\/toode\/kontti-tuuletuskansi\/","name":"Kontti tuuletuskansi - Miil O\u00dc","isPartOf":{"@id":"https:\/\/miil.dev.almic.ee\/#website"},"primaryImageOfPage":{"@id":"https:\/\/miil.dev.almic.ee\/fi\/toode\/kontti-tuuletuskansi\/#primaryimage"},"image":{"@id":"https:\/\/miil.dev.almic.ee\/fi\/toode\/kontti-tuuletuskansi\/#primaryimage"},"thumbnailUrl":"https:\/\/miil.dev.almic.ee\/wp-content\/uploads\/2024\/11\/PXL_20241114_085638597.PORTRAIT-scaled.jpg","datePublished":"2024-11-14T10:01:27+00:00","dateModified":"2025-03-21T10:14:30+00:00","description":"Kontti tuuletuskansi | K\u00e4ytettyjen merikonttien myynti | Kontti myynti | Containex myynti | Merikontti myynti | Merikontti vuokrata |","breadcrumb":{"@id":"https:\/\/miil.dev.almic.ee\/fi\/toode\/kontti-tuuletuskansi\/#breadcrumb"},"inLanguage":"fi","potentialAction":[{"@type":"ReadAction","target":["https:\/\/miil.dev.almic.ee\/fi\/toode\/kontti-tuuletuskansi\/"]}]},{"@type":"ImageObject","inLanguage":"fi","@id":"https:\/\/miil.dev.almic.ee\/fi\/toode\/kontti-tuuletuskansi\/#primaryimage","url":"https:\/\/miil.dev.almic.ee\/wp-content\/uploads\/2024\/11\/PXL_20241114_085638597.PORTRAIT-scaled.jpg","contentUrl":"https:\/\/miil.dev.almic.ee\/wp-content\/uploads\/2024\/11\/PXL_20241114_085638597.PORTRAIT-scaled.jpg","width":1900,"height":1431},{"@type":"BreadcrumbList","@id":"https:\/\/miil.dev.almic.ee\/fi\/toode\/kontti-tuuletuskansi\/#breadcrumb","itemListElement":[{"@type":"ListItem","position":1,"name":"Home","item":"https:\/\/miil.dev.almic.ee\/fi\/"},{"@type":"ListItem","position":2,"name":"Kauppa","item":"https:\/\/miil.dev.almic.ee\/fi\/kauppa\/"},{"@type":"ListItem","position":3,"name":"Kontti tuuletuskansi"}]},{"@type":"WebSite","@id":"https:\/\/miil.dev.almic.ee\/#website","url":"https:\/\/miil.dev.almic.ee\/","name":"Miil O\u00dc","description":"Konteinerveod","publisher":{"@id":"https:\/\/miil.dev.almic.ee\/#organization"},"potentialAction":[{"@type":"SearchAction","target":{"@type":"EntryPoint","urlTemplate":"https:\/\/miil.dev.almic.ee\/?s={search_term_string}"},"query-input":{"@type":"PropertyValueSpecification","valueRequired":true,"valueName":"search_term_string"}}],"inLanguage":"fi"},{"@type":"Organization","@id":"https:\/\/miil.dev.almic.ee\/#organization","name":"Miil O\u00dc","url":"https:\/\/miil.dev.almic.ee\/","logo":{"@type":"ImageObject","inLanguage":"fi","@id":"https:\/\/miil.dev.almic.ee\/#\/schema\/logo\/image\/","url":"https:\/\/www.miil.ee\/wp-content\/uploads\/2022\/02\/Miil-logo.svg","contentUrl":"https:\/\/www.miil.ee\/wp-content\/uploads\/2022\/02\/Miil-logo.svg","width":"1024","height":"1024","caption":"Miil O\u00dc"},"image":{"@id":"https:\/\/miil.dev.almic.ee\/#\/schema\/logo\/image\/"},"sameAs":["https:\/\/www.facebook.com\/konteinerveod\/","https:\/\/www.instagram.com\/ou_miil\/"]}]},"product_price_amount":"14.00","product_price_currency":"EUR","og_availability":"instock","product_availability":"instock","product_condition":"new"},"_links":{"self":[{"href":"https:\/\/miil.dev.almic.ee\/fi\/wp-json\/wp\/v2\/product\/79208","targetHints":{"allow":["GET"]}}],"collection":[{"href":"https:\/\/miil.dev.almic.ee\/fi\/wp-json\/wp\/v2\/product"}],"about":[{"href":"https:\/\/miil.dev.almic.ee\/fi\/wp-json\/wp\/v2\/types\/product"}],"replies":[{"embeddable":true,"href":"https:\/\/miil.dev.almic.ee\/fi\/wp-json\/wp\/v2\/comments?post=79208"}],"wp:featuredmedia":[{"embeddable":true,"href":"https:\/\/miil.dev.almic.ee\/fi\/wp-json\/wp\/v2\/media\/79182"}],"wp:attachment":[{"href":"https:\/\/miil.dev.almic.ee\/fi\/wp-json\/wp\/v2\/media?parent=79208"}],"wp:term":[{"taxonomy":"product_cat","embeddable":true,"href":"https:\/\/miil.dev.almic.ee\/fi\/wp-json\/wp\/v2\/product_cat?post=79208"},{"taxonomy":"product_tag","embeddable":true,"href":"https:\/\/miil.dev.almic.ee\/fi\/wp-json\/wp\/v2\/product_tag?post=79208"}],"curies":[{"name":"wp","href":"https:\/\/api.w.org\/{rel}","templated":true}]}}