{"id":78343,"date":"2022-08-09T12:16:11","date_gmt":"2022-08-09T09:16:11","guid":{"rendered":"https:\/\/www.miil.ee\/toode\/valikaimla-soojustatud-duss-1200x-2400\/"},"modified":"2024-12-12T10:26:46","modified_gmt":"2024-12-12T08:26:46","slug":"valikaimla-soojustatud-duss-1200x-2400","status":"publish","type":"product","link":"https:\/\/miil.dev.almic.ee\/fi\/toode\/valikaimla-soojustatud-duss-1200x-2400\/","title":{"rendered":"V\u00e4lik\u00e4imla soojustatud + du\u0161\u0161 1200x 2400"},"content":{"rendered":"<h1>V\u00e4lik\u00e4imla soojustatud + du\u0161\u0161 2,88 m2<\/h1>\n<p>Lukustatava uksega v\u00e4lik\u00e4imla on soojavee boileri, wc-poti, pesemisv\u00f5imaluste ja radiaatoriga. Lisaks on WCs nagi, elektrikilp ja korralik valgus.<br \/>\nV\u00e4lik\u00e4imla liigutamise muudavad lihtsaks spetsiaalsed avad, mis on loodud t\u00f5stuki k\u00e4ppade jaoks.<\/p>\n<h2>V\u00e4lik\u00e4imla soojustatud + du\u0161\u0161 &#8211; Transport ja paigaldus?<\/h2>\n<p>Peale sobiva konteineri v\u00e4ljavalimist saame teha pakkumise ka transpordile.<br \/>\nTranspordiks kasutame tavaliselt\u00a0<a href=\"https:\/\/www.miil.ee\/teenused\/kraana\/\">kraanat<\/a>\u00a0v\u00f5i\u00a0<a href=\"https:\/\/www.miil.ee\/teenused\/sideloaders\/\">sideloaderit.<\/a><br \/>\nKeerulisemad kohad lahendame s\u00f5iduauto\u00a0<a href=\"https:\/\/www.miil.ee\/teenused\/sideloaders\/\">j\u00e4relhaagise<\/a>\u00a0abil.<br \/>\nSoetatud konteinereid saate meie terminalis tasuta hoida kuni kuus kuud.<br \/>\nAlati on v\u00f5imalik kokku leppida pikem periood.<br \/>\nSee on kasulik n\u00e4iteks juhul kui asukoht ei ole veel valmis v\u00f5i ligip\u00e4\u00e4setav.<br \/>\nSellisel juhul konteineri hind ei muutu ja v\u00f5ite kindel olla, et saate valitud konteineri kokkulepitud ajal k\u00e4tte.<\/p>\n<ul>\n<li>Parima hinna garantii \u2013 Samav\u00e4\u00e4rsele konteinerile teeme alati parima pakkumise.<\/li>\n<\/ul>\n<p><span>Eraklientide j\u00e4relmaksu pakub meie partner\u00a0<\/span><a href=\"https:\/\/inbank.ee\/laen\/vaikelaen\">Inbank.ee<\/a><span>, sooduskood \u201cKONTEINER\u201d.<\/span><br \/>\n<span>\u00c4riklientide j\u00e4relmaksu pakub meie partner\u00a0<\/span><a href=\"https:\/\/tenor.my.canva.site\/tenor-miil\">Tenor.ee<\/a><\/p>\n<h2>Suvila ja minimaja<\/h2>\n<p>Soojak ei ole enam ainult ehitusplatsi ajutiseks hooneks, t\u00e4nap\u00e4evased polt \u00fchendustega kvaliteetsed soojakud sobivad suurep\u00e4raselt suvilaks v\u00f5i \u00e4ripinnaks.<br \/>\nValmis minimaja ei vaja vundamenti ega ehitajat \u2013 telli ja naudi?<br \/>\nPaigaldus v\u00f5tab alla 30 minuti ja maja v\u00f5ime m\u00fc\u00fca juba valmis lahenduse, mis t\u00e4hendab, et see on v\u00f5imalik k\u00e4tte saada samal p\u00e4eval.<br \/>\nKui soovite akna v\u00f5i ukse asukohta valida, siis kulub maksimaalselt n\u00e4dal.<br \/>\nLisat\u00f6\u00f6d nagu roovitus ja suured aknad v\u00f5tavad ca neli n\u00e4dalat.<\/p>\n<h2>Containex Soojak &#8211; osta v\u00f5i rentida?<\/h2>\n<p>Lisaks m\u00fc\u00fcgile anname soojakuid rendile.<br \/>\nSee lahendus on ideaalne, kui soojakut on tarvis l\u00fchiajaliseks kasutamiseks ehitusel v\u00f5i miks mitte hooajalise suvila, kontori v\u00f5i m\u00fc\u00fcgipunktina.<br \/>\nSoojakute rent on pandlik ja leiame igale kliendile sobiva lahenduse.<br \/>\nMeilt saab rentida ka panoraam akendega, laudisega v\u00f5i tavalisi soojakuid ja minimaju.<br \/>\nSoojaku toome kohale ja paigaldame vastavalt kliendi soovidele.<br \/>\nPakume laialdaselt koost\u00f6\u00f6v\u00f5imalusi n\u00e4iteks hooajav\u00e4liseks ladustamiseks erinevates linnades ja j\u00e4relmaksu Inbank.ee abil.<br \/>\nKui vajate \u00fchte, kahte v\u00f5i mitmekorruselist lahendust, siis olete \u00f5iges kohas!<br \/>\n\u00dckski projekt ei ole meile liialt suur v\u00f5i v\u00e4ike, k\u00fcsige julgelt ja leiame koost\u00f6\u00f6s k\u00f5ige parema lahenduse.<\/p>\n<p>J\u00e4lgi meid\u00a0<a href=\"https:\/\/www.facebook.com\/konteinerveod\/\">Facebookis<\/a>\u00a0v\u00f5i\u00a0<a href=\"https:\/\/www.instagram.com\/ou_miil\/\">Instagramis<\/a><\/p>\n","protected":false},"excerpt":{"rendered":"<p>V\u00e4lik\u00e4imla soojustatud + du\u0161\u0161 2,88 m2 Lukustatava uksega v\u00e4lik\u00e4imla on soojavee boileri, wc-poti, pesemisv\u00f5imaluste ja radiaatoriga. Lisaks on WCs nagi, elektrikilp ja korralik valgus. V\u00e4lik\u00e4imla liigutamise muudavad lihtsaks spetsiaalsed avad, mis on loodud t\u00f5stuki k\u00e4ppade jaoks. V\u00e4lik\u00e4imla soojustatud + du\u0161\u0161 &#8211; Transport ja paigaldus? Peale sobiva konteineri v\u00e4ljavalimist saame teha pakkumise ka transpordile. Transpordiks kasutame&#8230;<\/p>\n","protected":false},"featured_media":13568,"comment_status":"closed","ping_status":"closed","template":"","meta":{"_acf_changed":false},"product_cat":[127,135],"product_tag":[],"class_list":{"0":"post-78343","1":"product","2":"type-product","3":"status-publish","4":"has-post-thumbnail","6":"product_cat-soojakute-muuk","7":"product_cat-valikaimla-muuk","9":"first","10":"instock","11":"shipping-taxable","12":"product-type-simple"},"acf":[],"yoast_head":"<!-- This site is optimized with the Yoast SEO Premium plugin v23.9 (Yoast SEO v27.5) - https:\/\/yoast.com\/product\/yoast-seo-premium-wordpress\/ -->\n<title>V\u00e4lik\u00e4imla soojustatud + du\u0161\u0161 1200x 2400 - Miil O\u00dc<\/title>\n<meta name=\"description\" content=\"V\u00e4lik\u00e4imla soojustatud + du\u0161\u0161 | teisaldatav WC | Ajutine tualett | Tualett | WC | Soojakute m\u00fc\u00fck | Soojakute rent | Soojakute transport\" \/>\n<meta name=\"robots\" content=\"index, follow, max-snippet:-1, max-image-preview:large, max-video-preview:-1\" \/>\n<link rel=\"canonical\" href=\"https:\/\/miil.dev.almic.ee\/toode\/valikaimla-soojustatud-duss-1200x-2400\/\" \/>\n<meta property=\"og:locale\" content=\"fi_FI\" \/>\n<meta property=\"og:type\" content=\"article\" \/>\n<meta property=\"og:title\" content=\"V\u00e4lik\u00e4imla soojustatud + du\u0161\u0161 1200x 2400\" \/>\n<meta property=\"og:description\" content=\"V\u00e4lik\u00e4imla soojustatud + du\u0161\u0161 | teisaldatav WC | Ajutine tualett | Tualett | WC | Soojakute m\u00fc\u00fck | Soojakute rent | Soojakute transport\" \/>\n<meta property=\"og:url\" content=\"https:\/\/miil.dev.almic.ee\/toode\/valikaimla-soojustatud-duss-1200x-2400\/\" \/>\n<meta property=\"og:site_name\" content=\"Miil O\u00dc\" \/>\n<meta property=\"article:publisher\" content=\"https:\/\/www.facebook.com\/konteinerveod\/\" \/>\n<meta property=\"article:modified_time\" content=\"2024-12-12T08:26:46+00:00\" \/>\n<meta property=\"og:image\" content=\"https:\/\/miil.dev.almic.ee\/wp-content\/uploads\/2022\/08\/1400x2400-8dc.jpg\" \/>\n\t<meta property=\"og:image:width\" content=\"455\" \/>\n\t<meta property=\"og:image:height\" content=\"455\" \/>\n\t<meta property=\"og:image:type\" content=\"image\/jpeg\" \/>\n<meta name=\"twitter:card\" content=\"summary_large_image\" \/>\n<meta name=\"twitter:label1\" content=\"Hinta\" \/>\n\t<meta name=\"twitter:data1\" content=\"\" \/>\n\t<meta name=\"twitter:label2\" content=\"Saatavuus\" \/>\n\t<meta name=\"twitter:data2\" content=\"Varastossa\" \/>\n<script type=\"application\/ld+json\" class=\"yoast-schema-graph\">{\"@context\":\"https:\\\/\\\/schema.org\",\"@graph\":[{\"@type\":\"WebPage\",\"@id\":\"https:\\\/\\\/miil.dev.almic.ee\\\/toode\\\/valikaimla-soojustatud-duss-1200x-2400\\\/\",\"url\":\"https:\\\/\\\/miil.dev.almic.ee\\\/toode\\\/valikaimla-soojustatud-duss-1200x-2400\\\/\",\"name\":\"V\u00e4lik\u00e4imla soojustatud + du\u0161\u0161 1200x 2400 - Miil O\u00dc\",\"isPartOf\":{\"@id\":\"https:\\\/\\\/miil.dev.almic.ee\\\/#website\"},\"primaryImageOfPage\":{\"@id\":\"https:\\\/\\\/miil.dev.almic.ee\\\/toode\\\/valikaimla-soojustatud-duss-1200x-2400\\\/#primaryimage\"},\"image\":{\"@id\":\"https:\\\/\\\/miil.dev.almic.ee\\\/toode\\\/valikaimla-soojustatud-duss-1200x-2400\\\/#primaryimage\"},\"thumbnailUrl\":\"https:\\\/\\\/miil.dev.almic.ee\\\/wp-content\\\/uploads\\\/2022\\\/08\\\/1400x2400-8dc.jpg\",\"datePublished\":\"2022-08-09T09:16:11+00:00\",\"dateModified\":\"2024-12-12T08:26:46+00:00\",\"description\":\"V\u00e4lik\u00e4imla soojustatud + du\u0161\u0161 | teisaldatav WC | Ajutine tualett | Tualett | WC | Soojakute m\u00fc\u00fck | Soojakute rent | Soojakute transport\",\"breadcrumb\":{\"@id\":\"https:\\\/\\\/miil.dev.almic.ee\\\/toode\\\/valikaimla-soojustatud-duss-1200x-2400\\\/#breadcrumb\"},\"inLanguage\":\"fi\",\"potentialAction\":[{\"@type\":\"ReadAction\",\"target\":[\"https:\\\/\\\/miil.dev.almic.ee\\\/toode\\\/valikaimla-soojustatud-duss-1200x-2400\\\/\"]}]},{\"@type\":\"ImageObject\",\"inLanguage\":\"fi\",\"@id\":\"https:\\\/\\\/miil.dev.almic.ee\\\/toode\\\/valikaimla-soojustatud-duss-1200x-2400\\\/#primaryimage\",\"url\":\"https:\\\/\\\/miil.dev.almic.ee\\\/wp-content\\\/uploads\\\/2022\\\/08\\\/1400x2400-8dc.jpg\",\"contentUrl\":\"https:\\\/\\\/miil.dev.almic.ee\\\/wp-content\\\/uploads\\\/2022\\\/08\\\/1400x2400-8dc.jpg\",\"width\":455,\"height\":455},{\"@type\":\"BreadcrumbList\",\"@id\":\"https:\\\/\\\/miil.dev.almic.ee\\\/toode\\\/valikaimla-soojustatud-duss-1200x-2400\\\/#breadcrumb\",\"itemListElement\":[{\"@type\":\"ListItem\",\"position\":1,\"name\":\"Home\",\"item\":\"https:\\\/\\\/miil.dev.almic.ee\\\/fi\\\/\"},{\"@type\":\"ListItem\",\"position\":2,\"name\":\"Kauppa\",\"item\":\"https:\\\/\\\/miil.dev.almic.ee\\\/fi\\\/kauppa\\\/\"},{\"@type\":\"ListItem\",\"position\":3,\"name\":\"V\u00e4lik\u00e4imla soojustatud + du\u0161\u0161 1200x 2400\"}]},{\"@type\":\"WebSite\",\"@id\":\"https:\\\/\\\/miil.dev.almic.ee\\\/#website\",\"url\":\"https:\\\/\\\/miil.dev.almic.ee\\\/\",\"name\":\"Miil O\u00dc\",\"description\":\"Konteinerveod\",\"publisher\":{\"@id\":\"https:\\\/\\\/miil.dev.almic.ee\\\/#organization\"},\"potentialAction\":[{\"@type\":\"SearchAction\",\"target\":{\"@type\":\"EntryPoint\",\"urlTemplate\":\"https:\\\/\\\/miil.dev.almic.ee\\\/?s={search_term_string}\"},\"query-input\":{\"@type\":\"PropertyValueSpecification\",\"valueRequired\":true,\"valueName\":\"search_term_string\"}}],\"inLanguage\":\"fi\"},{\"@type\":\"Organization\",\"@id\":\"https:\\\/\\\/miil.dev.almic.ee\\\/#organization\",\"name\":\"Miil O\u00dc\",\"url\":\"https:\\\/\\\/miil.dev.almic.ee\\\/\",\"logo\":{\"@type\":\"ImageObject\",\"inLanguage\":\"fi\",\"@id\":\"https:\\\/\\\/miil.dev.almic.ee\\\/#\\\/schema\\\/logo\\\/image\\\/\",\"url\":\"https:\\\/\\\/www.miil.ee\\\/wp-content\\\/uploads\\\/2022\\\/02\\\/Miil-logo.svg\",\"contentUrl\":\"https:\\\/\\\/www.miil.ee\\\/wp-content\\\/uploads\\\/2022\\\/02\\\/Miil-logo.svg\",\"width\":\"1024\",\"height\":\"1024\",\"caption\":\"Miil O\u00dc\"},\"image\":{\"@id\":\"https:\\\/\\\/miil.dev.almic.ee\\\/#\\\/schema\\\/logo\\\/image\\\/\"},\"sameAs\":[\"https:\\\/\\\/www.facebook.com\\\/konteinerveod\\\/\",\"https:\\\/\\\/www.instagram.com\\\/ou_miil\\\/\"]}]}<\/script>\n<meta property=\"product:price:amount\" content=\"0.00\" \/>\n<meta property=\"product:price:currency\" content=\"EUR\" \/>\n<meta property=\"og:availability\" content=\"instock\" \/>\n<meta property=\"product:availability\" content=\"instock\" \/>\n<meta property=\"product:condition\" content=\"new\" \/>\n<!-- \/ Yoast SEO Premium plugin. -->","yoast_head_json":{"title":"V\u00e4lik\u00e4imla soojustatud + du\u0161\u0161 1200x 2400 - Miil O\u00dc","description":"V\u00e4lik\u00e4imla soojustatud + du\u0161\u0161 | teisaldatav WC | Ajutine tualett | Tualett | WC | Soojakute m\u00fc\u00fck | Soojakute rent | Soojakute transport","robots":{"index":"index","follow":"follow","max-snippet":"max-snippet:-1","max-image-preview":"max-image-preview:large","max-video-preview":"max-video-preview:-1"},"canonical":"https:\/\/miil.dev.almic.ee\/toode\/valikaimla-soojustatud-duss-1200x-2400\/","og_locale":"fi_FI","og_type":"article","og_title":"V\u00e4lik\u00e4imla soojustatud + du\u0161\u0161 1200x 2400","og_description":"V\u00e4lik\u00e4imla soojustatud + du\u0161\u0161 | teisaldatav WC | Ajutine tualett | Tualett | WC | Soojakute m\u00fc\u00fck | Soojakute rent | Soojakute transport","og_url":"https:\/\/miil.dev.almic.ee\/toode\/valikaimla-soojustatud-duss-1200x-2400\/","og_site_name":"Miil O\u00dc","article_publisher":"https:\/\/www.facebook.com\/konteinerveod\/","article_modified_time":"2024-12-12T08:26:46+00:00","og_image":[{"width":455,"height":455,"url":"https:\/\/miil.dev.almic.ee\/wp-content\/uploads\/2022\/08\/1400x2400-8dc.jpg","type":"image\/jpeg"}],"twitter_card":"summary_large_image","twitter_misc":{"Hinta":"","Saatavuus":"Varastossa"},"schema":{"@context":"https:\/\/schema.org","@graph":[{"@type":"WebPage","@id":"https:\/\/miil.dev.almic.ee\/toode\/valikaimla-soojustatud-duss-1200x-2400\/","url":"https:\/\/miil.dev.almic.ee\/toode\/valikaimla-soojustatud-duss-1200x-2400\/","name":"V\u00e4lik\u00e4imla soojustatud + du\u0161\u0161 1200x 2400 - Miil O\u00dc","isPartOf":{"@id":"https:\/\/miil.dev.almic.ee\/#website"},"primaryImageOfPage":{"@id":"https:\/\/miil.dev.almic.ee\/toode\/valikaimla-soojustatud-duss-1200x-2400\/#primaryimage"},"image":{"@id":"https:\/\/miil.dev.almic.ee\/toode\/valikaimla-soojustatud-duss-1200x-2400\/#primaryimage"},"thumbnailUrl":"https:\/\/miil.dev.almic.ee\/wp-content\/uploads\/2022\/08\/1400x2400-8dc.jpg","datePublished":"2022-08-09T09:16:11+00:00","dateModified":"2024-12-12T08:26:46+00:00","description":"V\u00e4lik\u00e4imla soojustatud + du\u0161\u0161 | teisaldatav WC | Ajutine tualett | Tualett | WC | Soojakute m\u00fc\u00fck | Soojakute rent | Soojakute transport","breadcrumb":{"@id":"https:\/\/miil.dev.almic.ee\/toode\/valikaimla-soojustatud-duss-1200x-2400\/#breadcrumb"},"inLanguage":"fi","potentialAction":[{"@type":"ReadAction","target":["https:\/\/miil.dev.almic.ee\/toode\/valikaimla-soojustatud-duss-1200x-2400\/"]}]},{"@type":"ImageObject","inLanguage":"fi","@id":"https:\/\/miil.dev.almic.ee\/toode\/valikaimla-soojustatud-duss-1200x-2400\/#primaryimage","url":"https:\/\/miil.dev.almic.ee\/wp-content\/uploads\/2022\/08\/1400x2400-8dc.jpg","contentUrl":"https:\/\/miil.dev.almic.ee\/wp-content\/uploads\/2022\/08\/1400x2400-8dc.jpg","width":455,"height":455},{"@type":"BreadcrumbList","@id":"https:\/\/miil.dev.almic.ee\/toode\/valikaimla-soojustatud-duss-1200x-2400\/#breadcrumb","itemListElement":[{"@type":"ListItem","position":1,"name":"Home","item":"https:\/\/miil.dev.almic.ee\/fi\/"},{"@type":"ListItem","position":2,"name":"Kauppa","item":"https:\/\/miil.dev.almic.ee\/fi\/kauppa\/"},{"@type":"ListItem","position":3,"name":"V\u00e4lik\u00e4imla soojustatud + du\u0161\u0161 1200x 2400"}]},{"@type":"WebSite","@id":"https:\/\/miil.dev.almic.ee\/#website","url":"https:\/\/miil.dev.almic.ee\/","name":"Miil O\u00dc","description":"Konteinerveod","publisher":{"@id":"https:\/\/miil.dev.almic.ee\/#organization"},"potentialAction":[{"@type":"SearchAction","target":{"@type":"EntryPoint","urlTemplate":"https:\/\/miil.dev.almic.ee\/?s={search_term_string}"},"query-input":{"@type":"PropertyValueSpecification","valueRequired":true,"valueName":"search_term_string"}}],"inLanguage":"fi"},{"@type":"Organization","@id":"https:\/\/miil.dev.almic.ee\/#organization","name":"Miil O\u00dc","url":"https:\/\/miil.dev.almic.ee\/","logo":{"@type":"ImageObject","inLanguage":"fi","@id":"https:\/\/miil.dev.almic.ee\/#\/schema\/logo\/image\/","url":"https:\/\/www.miil.ee\/wp-content\/uploads\/2022\/02\/Miil-logo.svg","contentUrl":"https:\/\/www.miil.ee\/wp-content\/uploads\/2022\/02\/Miil-logo.svg","width":"1024","height":"1024","caption":"Miil O\u00dc"},"image":{"@id":"https:\/\/miil.dev.almic.ee\/#\/schema\/logo\/image\/"},"sameAs":["https:\/\/www.facebook.com\/konteinerveod\/","https:\/\/www.instagram.com\/ou_miil\/"]}]},"product_price_amount":"0.00","product_price_currency":"EUR","og_availability":"instock","product_availability":"instock","product_condition":"new"},"_links":{"self":[{"href":"https:\/\/miil.dev.almic.ee\/fi\/wp-json\/wp\/v2\/product\/78343","targetHints":{"allow":["GET"]}}],"collection":[{"href":"https:\/\/miil.dev.almic.ee\/fi\/wp-json\/wp\/v2\/product"}],"about":[{"href":"https:\/\/miil.dev.almic.ee\/fi\/wp-json\/wp\/v2\/types\/product"}],"replies":[{"embeddable":true,"href":"https:\/\/miil.dev.almic.ee\/fi\/wp-json\/wp\/v2\/comments?post=78343"}],"wp:featuredmedia":[{"embeddable":true,"href":"https:\/\/miil.dev.almic.ee\/fi\/wp-json\/wp\/v2\/media\/13568"}],"wp:attachment":[{"href":"https:\/\/miil.dev.almic.ee\/fi\/wp-json\/wp\/v2\/media?parent=78343"}],"wp:term":[{"taxonomy":"product_cat","embeddable":true,"href":"https:\/\/miil.dev.almic.ee\/fi\/wp-json\/wp\/v2\/product_cat?post=78343"},{"taxonomy":"product_tag","embeddable":true,"href":"https:\/\/miil.dev.almic.ee\/fi\/wp-json\/wp\/v2\/product_tag?post=78343"}],"curies":[{"name":"wp","href":"https:\/\/api.w.org\/{rel}","templated":true}]}}