{"id":76831,"date":"2024-10-07T19:15:59","date_gmt":"2024-10-07T16:15:59","guid":{"rendered":"https:\/\/www.miil.ee\/?post_type=product&#038;p=76831"},"modified":"2024-11-12T08:25:25","modified_gmt":"2024-11-12T06:25:25","slug":"containex-toimisto-ja-tyomaakontti-miiu0301","status":"publish","type":"product","link":"https:\/\/miil.dev.almic.ee\/fi\/toode\/containex-toimisto-ja-tyomaakontti-miiu0301\/","title":{"rendered":"Containex toimisto- ja ty\u00f6maakontti MIIU0767 kivi viimeistely"},"content":{"rendered":"<h1>Toimistokontit &#8211; Viimeistely<\/h1>\n<p>Toimistokontit &#8211; Viimeistely. m\u00f6kkien muuttaminen maalaismaiseksi ulkorakennukseksi.<br \/>\nYhden hytin vakiokoko on 6 metri\u00e4 pitk\u00e4, 2,44 metri\u00e4 leve\u00e4 ja 2,6 metri\u00e4 korkea.<br \/>\nhyttej\u00e4 voidaan yhdist\u00e4\u00e4 suuremmiksi huoneiksi.<\/p>\n<p>Kivij\u00e4ljitelm\u00e4n lis\u00e4ksi voimme asentaa ilmal\u00e4mp\u00f6pumpun, toisen kerroksen, portaat, terassimoduulin m\u00f6kin katolle tai sen eteen maahan.<\/p>\n<p>m\u00f6kit ovat nopein ja edullisin rakennus m\u00f6kille, esimerkiksi hyttej\u00e4 tai perustuksia ei tarvita.<\/p>\n<p>m\u00f6kkien viimeistely eri materiaaleilla on yleistym\u00e4ss\u00e4 ja puulevyn s\u00e4vy voidaan sovittaa yhteen olemassa olevan talon tai rakennuksen kanssa.<br \/>\nTarvittaessa asennamme my\u00f6s lis\u00e4valaistuksen ulos tai kalustehuoneeseen.<\/p>\n<h2>Toimistokontit &#8211; Viimeistely &#8211; hyttien kuljetus ja asennus<\/h2>\n<p>M\u00f6kkien viimeistely, kuljetus ja asennus ovat meille jokap\u00e4iv\u00e4ist\u00e4 toimintaa. Kova pinta, kuten asfaltti, kivimurska tai betoni, ei tarvitse muuta kuin muutaman kiven. hytit voivat j\u00e4\u00e4d\u00e4 n. 15-25 cm maasta asennuksen aikana. m\u00f6kit on usein eristetty pohjasta villalla, jonka alla on pelti.<br \/>\nKaikki m\u00f6kit ovat jyrsij\u00e4suojattuja ja niiss\u00e4 on Ce-merkit.<\/p>\n<p>CE-merkinn\u00e4t ja vaatimustenmukaisuus ovat m\u00f6kkien t\u00e4rkein osa!<br \/>\nCE-merkki takaa, ett\u00e4 socabins jak t\u00e4ytt\u00e4\u00e4 eurooppalaiset vaatimukset ja on turvallista k\u00e4ytt\u00e4\u00e4. Kotimaassa, Ukrainassa tai Valko-Ven\u00e4j\u00e4ll\u00e4 rakennetuissa m\u00f6keiss\u00e4 ei ole n\u00e4it\u00e4 merkkej\u00e4, eik\u00e4 kukaan takaa, ett\u00e4 m\u00f6kit eiv\u00e4t aiheuta vahinkoja rakennusvirheiden vuoksi.<\/p>\n<h2>M\u00f6kit &#8211; viimeistely vai tehdasversio?<\/h2>\n<p>Riippumatta siit\u00e4, tilaatko meilt\u00e4 hyttej\u00e4 lis\u00e4varusteineen vai tehdasversioina, molemmissa tapauksissa kyseess\u00e4 on k\u00e4ytt\u00f6valmis ratkaisu.<br \/>\nAlla on listattu lis\u00e4tarvikkeiden hintoja.<\/p>\n<p>Ilmal\u00e4mp\u00f6pumppu 4,7kw \u2013 990.- + alv<br \/>\nPuupinta &#8211; 2990.- + alv<br \/>\nLis\u00e4\u00e4 ikkuna \u2013 590.- + alv<br \/>\nRullaovi &#8211; 1950.- + alv<\/p>\n<p>K\u00e4yt\u00e4mme kuljetukseen <a href=\"https:\/\/www.miil.ee\/fi\/palvelut\/nosturi\/\">nosturia<\/a> tai <a href=\"https:\/\/www.miil.ee\/fi\/palvelut\/sideloader\/\">sideloader<\/a><br \/>\nmonimutkaisempi kuljetus on mahdollista <a href=\"https:\/\/www.miil.ee\/fi\/palvelut\/ram-kippauslaite\/\">RAM per\u00e4vaunulla<\/a>.<\/p>\n<p>Seuraa meit\u00e4 <a href=\"https:\/\/www.facebook.com\/konteinerveod\/\">Facebook<\/a> tai <a href=\"https:\/\/www.instagram.com\/ou_miil\/\">Instagram<\/a><\/p>\n","protected":false},"excerpt":{"rendered":"<p>Toimistokontit &#8211; Viimeistely Toimistokontit &#8211; Viimeistely. m\u00f6kkien muuttaminen maalaismaiseksi ulkorakennukseksi. Yhden hytin vakiokoko on 6 metri\u00e4 pitk\u00e4, 2,44 metri\u00e4 leve\u00e4 ja 2,6 metri\u00e4 korkea. hyttej\u00e4 voidaan yhdist\u00e4\u00e4 suuremmiksi huoneiksi. Kivij\u00e4ljitelm\u00e4n lis\u00e4ksi voimme asentaa ilmal\u00e4mp\u00f6pumpun, toisen kerroksen, portaat, terassimoduulin m\u00f6kin katolle tai sen eteen maahan. m\u00f6kit ovat nopein ja edullisin rakennus m\u00f6kille, esimerkiksi hyttej\u00e4 tai perustuksia&#8230;<\/p>\n","protected":false},"featured_media":76836,"comment_status":"closed","ping_status":"closed","template":"","meta":{"_acf_changed":false},"product_cat":[343,407],"product_tag":[],"class_list":{"0":"post-76831","1":"product","2":"type-product","3":"status-publish","4":"has-post-thumbnail","6":"product_cat-eristekontit","7":"product_cat-uudet-toimistokontit","9":"first","10":"instock","11":"shipping-taxable","12":"purchasable","13":"product-type-simple"},"acf":[],"yoast_head":"<!-- This site is optimized with the Yoast SEO Premium plugin v23.9 (Yoast SEO v27.5) - https:\/\/yoast.com\/product\/yoast-seo-premium-wordpress\/ -->\n<title>Toimistokontit - Viimeistely - Miil O\u00dc<\/title>\n<meta name=\"description\" content=\"Toimistokontit - Viimeistely | Minitalot ja -m\u00f6kit | M\u00f6kkien vuokraus ja myynti | Kuljetus ja korjaukset | S\u00e4hk\u00f6ty\u00f6t ja l\u00e4mmitys\" \/>\n<meta name=\"robots\" content=\"index, follow, max-snippet:-1, max-image-preview:large, max-video-preview:-1\" \/>\n<link rel=\"canonical\" href=\"https:\/\/miil.dev.almic.ee\/fi\/toode\/containex-toimisto-ja-tyomaakontti-miiu0301\/\" \/>\n<meta property=\"og:locale\" content=\"fi_FI\" \/>\n<meta property=\"og:type\" content=\"article\" \/>\n<meta property=\"og:title\" content=\"Containex toimisto- ja ty\u00f6maakontti MIIU0767 kivi viimeistely\" \/>\n<meta property=\"og:description\" content=\"Toimistokontit - Viimeistely | Minitalot ja -m\u00f6kit | M\u00f6kkien vuokraus ja myynti | Kuljetus ja korjaukset | S\u00e4hk\u00f6ty\u00f6t ja l\u00e4mmitys\" \/>\n<meta property=\"og:url\" content=\"https:\/\/miil.dev.almic.ee\/fi\/toode\/containex-toimisto-ja-tyomaakontti-miiu0301\/\" \/>\n<meta property=\"og:site_name\" content=\"Miil O\u00dc\" \/>\n<meta property=\"article:publisher\" content=\"https:\/\/www.facebook.com\/konteinerveod\/\" \/>\n<meta property=\"article:modified_time\" content=\"2024-11-12T06:25:25+00:00\" \/>\n<meta property=\"og:image\" content=\"https:\/\/miil.dev.almic.ee\/wp-content\/uploads\/2024\/10\/Kivi-soojak-2-scaled.jpg\" \/>\n\t<meta property=\"og:image:width\" content=\"1900\" \/>\n\t<meta property=\"og:image:height\" content=\"1425\" \/>\n\t<meta property=\"og:image:type\" content=\"image\/jpeg\" \/>\n<meta name=\"twitter:card\" content=\"summary_large_image\" \/>\n<meta name=\"twitter:label1\" content=\"Hinta\" \/>\n\t<meta name=\"twitter:data1\" content=\"8250,00&nbsp;&euro;\" \/>\n\t<meta name=\"twitter:label2\" content=\"Saatavuus\" \/>\n\t<meta name=\"twitter:data2\" content=\"Varastossa\" \/>\n<script type=\"application\/ld+json\" class=\"yoast-schema-graph\">{\"@context\":\"https:\\\/\\\/schema.org\",\"@graph\":[{\"@type\":\"WebPage\",\"@id\":\"https:\\\/\\\/miil.dev.almic.ee\\\/fi\\\/toode\\\/containex-toimisto-ja-tyomaakontti-miiu0301\\\/\",\"url\":\"https:\\\/\\\/miil.dev.almic.ee\\\/fi\\\/toode\\\/containex-toimisto-ja-tyomaakontti-miiu0301\\\/\",\"name\":\"Toimistokontit - Viimeistely - Miil O\u00dc\",\"isPartOf\":{\"@id\":\"https:\\\/\\\/miil.dev.almic.ee\\\/#website\"},\"primaryImageOfPage\":{\"@id\":\"https:\\\/\\\/miil.dev.almic.ee\\\/fi\\\/toode\\\/containex-toimisto-ja-tyomaakontti-miiu0301\\\/#primaryimage\"},\"image\":{\"@id\":\"https:\\\/\\\/miil.dev.almic.ee\\\/fi\\\/toode\\\/containex-toimisto-ja-tyomaakontti-miiu0301\\\/#primaryimage\"},\"thumbnailUrl\":\"https:\\\/\\\/miil.dev.almic.ee\\\/wp-content\\\/uploads\\\/2024\\\/10\\\/Kivi-soojak-2-scaled.jpg\",\"datePublished\":\"2024-10-07T16:15:59+00:00\",\"dateModified\":\"2024-11-12T06:25:25+00:00\",\"description\":\"Toimistokontit - Viimeistely | Minitalot ja -m\u00f6kit | M\u00f6kkien vuokraus ja myynti | Kuljetus ja korjaukset | S\u00e4hk\u00f6ty\u00f6t ja l\u00e4mmitys\",\"breadcrumb\":{\"@id\":\"https:\\\/\\\/miil.dev.almic.ee\\\/fi\\\/toode\\\/containex-toimisto-ja-tyomaakontti-miiu0301\\\/#breadcrumb\"},\"inLanguage\":\"fi\",\"potentialAction\":[{\"@type\":\"ReadAction\",\"target\":[\"https:\\\/\\\/miil.dev.almic.ee\\\/fi\\\/toode\\\/containex-toimisto-ja-tyomaakontti-miiu0301\\\/\"]}]},{\"@type\":\"ImageObject\",\"inLanguage\":\"fi\",\"@id\":\"https:\\\/\\\/miil.dev.almic.ee\\\/fi\\\/toode\\\/containex-toimisto-ja-tyomaakontti-miiu0301\\\/#primaryimage\",\"url\":\"https:\\\/\\\/miil.dev.almic.ee\\\/wp-content\\\/uploads\\\/2024\\\/10\\\/Kivi-soojak-2-scaled.jpg\",\"contentUrl\":\"https:\\\/\\\/miil.dev.almic.ee\\\/wp-content\\\/uploads\\\/2024\\\/10\\\/Kivi-soojak-2-scaled.jpg\",\"width\":1900,\"height\":1425,\"caption\":\"Soojakute viimistlemine\"},{\"@type\":\"BreadcrumbList\",\"@id\":\"https:\\\/\\\/miil.dev.almic.ee\\\/fi\\\/toode\\\/containex-toimisto-ja-tyomaakontti-miiu0301\\\/#breadcrumb\",\"itemListElement\":[{\"@type\":\"ListItem\",\"position\":1,\"name\":\"Home\",\"item\":\"https:\\\/\\\/miil.dev.almic.ee\\\/fi\\\/\"},{\"@type\":\"ListItem\",\"position\":2,\"name\":\"Kauppa\",\"item\":\"https:\\\/\\\/miil.dev.almic.ee\\\/fi\\\/kauppa\\\/\"},{\"@type\":\"ListItem\",\"position\":3,\"name\":\"Containex toimisto- ja ty\u00f6maakontti MIIU0767 kivi viimeistely\"}]},{\"@type\":\"WebSite\",\"@id\":\"https:\\\/\\\/miil.dev.almic.ee\\\/#website\",\"url\":\"https:\\\/\\\/miil.dev.almic.ee\\\/\",\"name\":\"Miil O\u00dc\",\"description\":\"Konteinerveod\",\"publisher\":{\"@id\":\"https:\\\/\\\/miil.dev.almic.ee\\\/#organization\"},\"potentialAction\":[{\"@type\":\"SearchAction\",\"target\":{\"@type\":\"EntryPoint\",\"urlTemplate\":\"https:\\\/\\\/miil.dev.almic.ee\\\/?s={search_term_string}\"},\"query-input\":{\"@type\":\"PropertyValueSpecification\",\"valueRequired\":true,\"valueName\":\"search_term_string\"}}],\"inLanguage\":\"fi\"},{\"@type\":\"Organization\",\"@id\":\"https:\\\/\\\/miil.dev.almic.ee\\\/#organization\",\"name\":\"Miil O\u00dc\",\"url\":\"https:\\\/\\\/miil.dev.almic.ee\\\/\",\"logo\":{\"@type\":\"ImageObject\",\"inLanguage\":\"fi\",\"@id\":\"https:\\\/\\\/miil.dev.almic.ee\\\/#\\\/schema\\\/logo\\\/image\\\/\",\"url\":\"https:\\\/\\\/www.miil.ee\\\/wp-content\\\/uploads\\\/2022\\\/02\\\/Miil-logo.svg\",\"contentUrl\":\"https:\\\/\\\/www.miil.ee\\\/wp-content\\\/uploads\\\/2022\\\/02\\\/Miil-logo.svg\",\"width\":\"1024\",\"height\":\"1024\",\"caption\":\"Miil O\u00dc\"},\"image\":{\"@id\":\"https:\\\/\\\/miil.dev.almic.ee\\\/#\\\/schema\\\/logo\\\/image\\\/\"},\"sameAs\":[\"https:\\\/\\\/www.facebook.com\\\/konteinerveod\\\/\",\"https:\\\/\\\/www.instagram.com\\\/ou_miil\\\/\"]}]}<\/script>\n<meta property=\"product:price:amount\" content=\"8250.00\" \/>\n<meta property=\"product:price:currency\" content=\"EUR\" \/>\n<meta property=\"og:availability\" content=\"instock\" \/>\n<meta property=\"product:availability\" content=\"instock\" \/>\n<meta property=\"product:retailer_item_id\" content=\"MIIU1250\" \/>\n<meta property=\"product:condition\" content=\"new\" \/>\n<!-- \/ Yoast SEO Premium plugin. -->","yoast_head_json":{"title":"Toimistokontit - Viimeistely - Miil O\u00dc","description":"Toimistokontit - Viimeistely | Minitalot ja -m\u00f6kit | M\u00f6kkien vuokraus ja myynti | Kuljetus ja korjaukset | S\u00e4hk\u00f6ty\u00f6t ja l\u00e4mmitys","robots":{"index":"index","follow":"follow","max-snippet":"max-snippet:-1","max-image-preview":"max-image-preview:large","max-video-preview":"max-video-preview:-1"},"canonical":"https:\/\/miil.dev.almic.ee\/fi\/toode\/containex-toimisto-ja-tyomaakontti-miiu0301\/","og_locale":"fi_FI","og_type":"article","og_title":"Containex toimisto- ja ty\u00f6maakontti MIIU0767 kivi viimeistely","og_description":"Toimistokontit - Viimeistely | Minitalot ja -m\u00f6kit | M\u00f6kkien vuokraus ja myynti | Kuljetus ja korjaukset | S\u00e4hk\u00f6ty\u00f6t ja l\u00e4mmitys","og_url":"https:\/\/miil.dev.almic.ee\/fi\/toode\/containex-toimisto-ja-tyomaakontti-miiu0301\/","og_site_name":"Miil O\u00dc","article_publisher":"https:\/\/www.facebook.com\/konteinerveod\/","article_modified_time":"2024-11-12T06:25:25+00:00","og_image":[{"width":1900,"height":1425,"url":"https:\/\/miil.dev.almic.ee\/wp-content\/uploads\/2024\/10\/Kivi-soojak-2-scaled.jpg","type":"image\/jpeg"}],"twitter_card":"summary_large_image","twitter_misc":{"Hinta":"8250,00&nbsp;&euro;","Saatavuus":"Varastossa"},"schema":{"@context":"https:\/\/schema.org","@graph":[{"@type":"WebPage","@id":"https:\/\/miil.dev.almic.ee\/fi\/toode\/containex-toimisto-ja-tyomaakontti-miiu0301\/","url":"https:\/\/miil.dev.almic.ee\/fi\/toode\/containex-toimisto-ja-tyomaakontti-miiu0301\/","name":"Toimistokontit - Viimeistely - Miil O\u00dc","isPartOf":{"@id":"https:\/\/miil.dev.almic.ee\/#website"},"primaryImageOfPage":{"@id":"https:\/\/miil.dev.almic.ee\/fi\/toode\/containex-toimisto-ja-tyomaakontti-miiu0301\/#primaryimage"},"image":{"@id":"https:\/\/miil.dev.almic.ee\/fi\/toode\/containex-toimisto-ja-tyomaakontti-miiu0301\/#primaryimage"},"thumbnailUrl":"https:\/\/miil.dev.almic.ee\/wp-content\/uploads\/2024\/10\/Kivi-soojak-2-scaled.jpg","datePublished":"2024-10-07T16:15:59+00:00","dateModified":"2024-11-12T06:25:25+00:00","description":"Toimistokontit - Viimeistely | Minitalot ja -m\u00f6kit | M\u00f6kkien vuokraus ja myynti | Kuljetus ja korjaukset | S\u00e4hk\u00f6ty\u00f6t ja l\u00e4mmitys","breadcrumb":{"@id":"https:\/\/miil.dev.almic.ee\/fi\/toode\/containex-toimisto-ja-tyomaakontti-miiu0301\/#breadcrumb"},"inLanguage":"fi","potentialAction":[{"@type":"ReadAction","target":["https:\/\/miil.dev.almic.ee\/fi\/toode\/containex-toimisto-ja-tyomaakontti-miiu0301\/"]}]},{"@type":"ImageObject","inLanguage":"fi","@id":"https:\/\/miil.dev.almic.ee\/fi\/toode\/containex-toimisto-ja-tyomaakontti-miiu0301\/#primaryimage","url":"https:\/\/miil.dev.almic.ee\/wp-content\/uploads\/2024\/10\/Kivi-soojak-2-scaled.jpg","contentUrl":"https:\/\/miil.dev.almic.ee\/wp-content\/uploads\/2024\/10\/Kivi-soojak-2-scaled.jpg","width":1900,"height":1425,"caption":"Soojakute viimistlemine"},{"@type":"BreadcrumbList","@id":"https:\/\/miil.dev.almic.ee\/fi\/toode\/containex-toimisto-ja-tyomaakontti-miiu0301\/#breadcrumb","itemListElement":[{"@type":"ListItem","position":1,"name":"Home","item":"https:\/\/miil.dev.almic.ee\/fi\/"},{"@type":"ListItem","position":2,"name":"Kauppa","item":"https:\/\/miil.dev.almic.ee\/fi\/kauppa\/"},{"@type":"ListItem","position":3,"name":"Containex toimisto- ja ty\u00f6maakontti MIIU0767 kivi viimeistely"}]},{"@type":"WebSite","@id":"https:\/\/miil.dev.almic.ee\/#website","url":"https:\/\/miil.dev.almic.ee\/","name":"Miil O\u00dc","description":"Konteinerveod","publisher":{"@id":"https:\/\/miil.dev.almic.ee\/#organization"},"potentialAction":[{"@type":"SearchAction","target":{"@type":"EntryPoint","urlTemplate":"https:\/\/miil.dev.almic.ee\/?s={search_term_string}"},"query-input":{"@type":"PropertyValueSpecification","valueRequired":true,"valueName":"search_term_string"}}],"inLanguage":"fi"},{"@type":"Organization","@id":"https:\/\/miil.dev.almic.ee\/#organization","name":"Miil O\u00dc","url":"https:\/\/miil.dev.almic.ee\/","logo":{"@type":"ImageObject","inLanguage":"fi","@id":"https:\/\/miil.dev.almic.ee\/#\/schema\/logo\/image\/","url":"https:\/\/www.miil.ee\/wp-content\/uploads\/2022\/02\/Miil-logo.svg","contentUrl":"https:\/\/www.miil.ee\/wp-content\/uploads\/2022\/02\/Miil-logo.svg","width":"1024","height":"1024","caption":"Miil O\u00dc"},"image":{"@id":"https:\/\/miil.dev.almic.ee\/#\/schema\/logo\/image\/"},"sameAs":["https:\/\/www.facebook.com\/konteinerveod\/","https:\/\/www.instagram.com\/ou_miil\/"]}]},"product_price_amount":"8250.00","product_price_currency":"EUR","og_availability":"instock","product_availability":"instock","product_retailer_item_id":"MIIU1250","product_condition":"new"},"_links":{"self":[{"href":"https:\/\/miil.dev.almic.ee\/fi\/wp-json\/wp\/v2\/product\/76831","targetHints":{"allow":["GET"]}}],"collection":[{"href":"https:\/\/miil.dev.almic.ee\/fi\/wp-json\/wp\/v2\/product"}],"about":[{"href":"https:\/\/miil.dev.almic.ee\/fi\/wp-json\/wp\/v2\/types\/product"}],"replies":[{"embeddable":true,"href":"https:\/\/miil.dev.almic.ee\/fi\/wp-json\/wp\/v2\/comments?post=76831"}],"wp:featuredmedia":[{"embeddable":true,"href":"https:\/\/miil.dev.almic.ee\/fi\/wp-json\/wp\/v2\/media\/76836"}],"wp:attachment":[{"href":"https:\/\/miil.dev.almic.ee\/fi\/wp-json\/wp\/v2\/media?parent=76831"}],"wp:term":[{"taxonomy":"product_cat","embeddable":true,"href":"https:\/\/miil.dev.almic.ee\/fi\/wp-json\/wp\/v2\/product_cat?post=76831"},{"taxonomy":"product_tag","embeddable":true,"href":"https:\/\/miil.dev.almic.ee\/fi\/wp-json\/wp\/v2\/product_tag?post=76831"}],"curies":[{"name":"wp","href":"https:\/\/api.w.org\/{rel}","templated":true}]}}