{"id":76707,"date":"2024-10-07T18:03:21","date_gmt":"2024-10-07T15:03:22","guid":{"rendered":"https:\/\/www.miil.ee\/?post_type=product&#038;p=76707"},"modified":"2024-11-08T11:20:57","modified_gmt":"2024-11-08T09:20:57","slug":"merikontin-muunnos-miiu7654322","status":"publish","type":"product","link":"https:\/\/miil.dev.almic.ee\/fi\/toode\/merikontin-muunnos-miiu7654322\/","title":{"rendered":"Merikontin muunnos MIIU7654322"},"content":{"rendered":"<h1>Merikonttien muutosty\u00f6t<\/h1>\n<p>Merikonttien muutosty\u00f6t.<br \/>\nT\u00e4m\u00e4n kontin osalta olemme tarjonneet asiakkaan toiveiden mukaisia \u200b\u200bratkaisuja eristyksest\u00e4 s\u00e4hk\u00f6t\u00f6ihin.<br \/>\nEnsin k\u00e4\u00e4nsimme s\u00e4ili\u00f6n yl\u00f6salaisin ja eristimme s\u00e4ili\u00f6n pohjan umpihuokoisella PU-vaahdolla.<br \/>\nLis\u00e4simme sitten vahvistetun hitsin s\u00e4ili\u00f6n sis\u00e4\u00e4n. Konttiin lis\u00e4t\u00e4\u00e4n merikontin runko ilman l\u00e4pimenevi\u00e4 reiki\u00e4.<br \/>\nLis\u00e4ksi vuoraus on vahvistettava, jotta vaahto ei irrota mit\u00e4\u00e4n.<br \/>\nAsiakkaan toiveiden ja piirustusten mukaan leikkasimme konttiin tarvittavat aukot, hitsimme aukkoihin vahvikkeet ja asensimme laitteet.<br \/>\nViimeistelimme koko s\u00e4ili\u00f6n sis\u00e4lt\u00e4 vesitiiviill\u00e4 vanerilla, jotta lopputulos olisi t\u00e4ydellinen, s\u00e4ili\u00f6n muunnos on mietitty tummiin ruuvinp\u00e4ihin asti.<\/p>\n<p>Meilt\u00e4 voit my\u00f6s tilata s\u00e4hk\u00f6ty\u00f6t valoista kilpeihin ja pistokkeisiin.<\/p>\n<h2>Merikonttien muutosty\u00f6t &#8211; kaikki yhdess\u00e4 paikassa.<\/h2>\n<p>Eristyksen lis\u00e4ksi rakennamme tarvittaessa v\u00e4lisein\u00e4t, asennamme hissit, hitsaamme tai suunnittelemme sinulle sopivan mainoskontin.<br \/>\nMeill\u00e4 on mahdollisuus valmistaa muunnettuja ISO-merikontteja voimassa olevalla CSC-kilvell\u00e4 ilman erillist\u00e4 sertifiointia.<br \/>\nJos kontti rakennetaan uudelleen Virossa, CSC-sertifikaatti menett\u00e4\u00e4 automaattisesti voimassaolonsa ulkomuotoa muuttamalla.<br \/>\nSill\u00e4 ei ole v\u00e4li\u00e4, k\u00e4ytet\u00e4\u00e4nk\u00f6 konttia paikallisesti vai kuljetetaanko se maalla.<br \/>\nVoimassa oleva CSC-sertifikaatti on t\u00e4rke\u00e4 merikuljetuksissa, ja my\u00f6s tarkastus vaaditaan.<br \/>\nMerikuljetuksessa muunnetun kontin on t\u00e4ytett\u00e4v\u00e4 erityisvaatimukset.<br \/>\nKontin uudelleensertifiointi Euroopassa maksaa viisinumeroisen summan, joka sis\u00e4lt\u00e4\u00e4 lis\u00e4kulut ja toimituskulut.<\/p>\n<h2>Merikontit suoraan tehtaalta<\/h2>\n<p>Suuremmille l\u00e4hetyksille toimitamme merikontit suoraan tehtaalta asiakkaalle maailmanlaajuisesti.<br \/>\nVoit ostaa meilt\u00e4 kontin Virosta, Australiasta tai Espanjasta.<br \/>\nTuotevalikoimaamme kuuluvat standardikonttien lis\u00e4ksi ISO-s\u00e4ili\u00f6kontit, j\u00e4\u00e4kaappikontit, multilift-runkokontit, s\u00e4ilytyskontit, ty\u00f6kalukontit ja paljon muuta.<\/p>\n<h2>Miksi k\u00e4\u00e4nty\u00e4 konttiratkaisujen puoleen?<\/h2>\n<p>Merikonttien muutosty\u00f6 on vastuullista ja laatu on aina t\u00e4rke\u00e4\u00e4. Laadukkaan tuotteen lis\u00e4ksi meill\u00e4 on eritt\u00e4in pitk\u00e4 ja oikea historia, joka takaa asiakkaalle tuotteen saapumisen luvatussa muodossa, luvattuun aikaan ja luvattuun paikkaan.<br \/>\nToimipisteemme sijaitsevat kaikkialla Virossa.<br \/>\nP\u00e4\u00e4konttori suurimmalla valikoimalla Tallinnan vieress\u00e4 osoitteessa Valtsi 1, Lagedi ja pienemm\u00e4t ole Eestin terminaalit.<br \/>\nMerikonttien muuntamisen lis\u00e4ksi l\u00f6yd\u00e4t eristetyt toimistom\u00f6kit, portaat, merikontit, aidat ja paljon muuta.<br \/>\nHinnat kuvilla verkkokaupastamme ja lis\u00e4tietoa nettisivuiltamme.<\/p>\n<p>Merikonttien eristys<br \/>\nMerikonttien viimeistely<br \/>\nMerikonttien muuntaminen<br \/>\nMerikonttien myynti<br \/>\nL\u00e4mmittimien myynti<\/p>\n<p>K\u00e4yt\u00e4mme kuljetukseen <a href=\"https:\/\/www.miil.ee\/fi\/palvelut\/nosturi\/\">nosturia<\/a> tai <a href=\"https:\/\/www.miil.ee\/fi\/palvelut\/sideloader\/\">sideloader<\/a><br \/>\nmonimutkaisempi kuljetus on mahdollista <a href=\"https:\/\/www.miil.ee\/fi\/palvelut\/ram-kippauslaite\/\">RAM per\u00e4vaunulla<\/a>.<\/p>\n<p>Seuraa meit\u00e4 <a href=\"https:\/\/www.facebook.com\/konteinerveod\/\">Facebook<\/a> tai <a href=\"https:\/\/www.instagram.com\/ou_miil\/\">Instagram<\/a><\/p>\n","protected":false},"excerpt":{"rendered":"<p>Merikonttien muutosty\u00f6t Merikonttien muutosty\u00f6t. T\u00e4m\u00e4n kontin osalta olemme tarjonneet asiakkaan toiveiden mukaisia \u200b\u200bratkaisuja eristyksest\u00e4 s\u00e4hk\u00f6t\u00f6ihin. Ensin k\u00e4\u00e4nsimme s\u00e4ili\u00f6n yl\u00f6salaisin ja eristimme s\u00e4ili\u00f6n pohjan umpihuokoisella PU-vaahdolla. Lis\u00e4simme sitten vahvistetun hitsin s\u00e4ili\u00f6n sis\u00e4\u00e4n. Konttiin lis\u00e4t\u00e4\u00e4n merikontin runko ilman l\u00e4pimenevi\u00e4 reiki\u00e4. Lis\u00e4ksi vuoraus on vahvistettava, jotta vaahto ei irrota mit\u00e4\u00e4n. Asiakkaan toiveiden ja piirustusten mukaan leikkasimme konttiin tarvittavat&#8230;<\/p>\n","protected":false},"featured_media":76722,"comment_status":"closed","ping_status":"closed","template":"","meta":{"_acf_changed":false},"product_cat":[347],"product_tag":[],"class_list":{"0":"post-76707","1":"product","2":"type-product","3":"status-publish","4":"has-post-thumbnail","6":"product_cat-tekniikka","8":"first","9":"instock","10":"shipping-taxable","11":"purchasable","12":"product-type-simple"},"acf":[],"yoast_head":"<!-- This site is optimized with the Yoast SEO Premium plugin v23.9 (Yoast SEO v27.5) - https:\/\/yoast.com\/product\/yoast-seo-premium-wordpress\/ -->\n<title>Merikonttien muutosty\u00f6t - Miil O\u00dc<\/title>\n<meta name=\"description\" content=\"Merikonttien muuntaminen | Laivojen konttien eristys | PUR-vaahto | Varastos\u00e4ili\u00f6 | Konttien muuntaminen | Konttien myynti | Kontin korjaus\" \/>\n<meta name=\"robots\" content=\"index, follow, max-snippet:-1, max-image-preview:large, max-video-preview:-1\" \/>\n<link rel=\"canonical\" href=\"https:\/\/miil.dev.almic.ee\/fi\/toode\/merikontin-muunnos-miiu7654322\/\" \/>\n<meta property=\"og:locale\" content=\"fi_FI\" \/>\n<meta property=\"og:type\" content=\"article\" \/>\n<meta property=\"og:title\" content=\"Merikontin muunnos MIIU7654322\" \/>\n<meta property=\"og:description\" content=\"Merikonttien muuntaminen | Laivojen konttien eristys | PUR-vaahto | Varastos\u00e4ili\u00f6 | Konttien muuntaminen | Konttien myynti | Kontin korjaus\" \/>\n<meta property=\"og:url\" content=\"https:\/\/miil.dev.almic.ee\/fi\/toode\/merikontin-muunnos-miiu7654322\/\" \/>\n<meta property=\"og:site_name\" content=\"Miil O\u00dc\" \/>\n<meta property=\"article:publisher\" content=\"https:\/\/www.facebook.com\/konteinerveod\/\" \/>\n<meta property=\"article:modified_time\" content=\"2024-11-08T09:20:57+00:00\" \/>\n<meta property=\"og:image\" content=\"https:\/\/miil.dev.almic.ee\/wp-content\/uploads\/2024\/10\/20OS-ventilatsioon-4-scaled.jpg\" \/>\n\t<meta property=\"og:image:width\" content=\"1900\" \/>\n\t<meta property=\"og:image:height\" content=\"1425\" \/>\n\t<meta property=\"og:image:type\" content=\"image\/jpeg\" \/>\n<meta name=\"twitter:card\" content=\"summary_large_image\" \/>\n<meta name=\"twitter:label1\" content=\"Hinta\" \/>\n\t<meta name=\"twitter:data1\" content=\"24900,00&nbsp;&euro;\" \/>\n\t<meta name=\"twitter:label2\" content=\"Saatavuus\" \/>\n\t<meta name=\"twitter:data2\" content=\"Varastossa\" \/>\n<script type=\"application\/ld+json\" class=\"yoast-schema-graph\">{\"@context\":\"https:\\\/\\\/schema.org\",\"@graph\":[{\"@type\":\"WebPage\",\"@id\":\"https:\\\/\\\/miil.dev.almic.ee\\\/fi\\\/toode\\\/merikontin-muunnos-miiu7654322\\\/\",\"url\":\"https:\\\/\\\/miil.dev.almic.ee\\\/fi\\\/toode\\\/merikontin-muunnos-miiu7654322\\\/\",\"name\":\"Merikonttien muutosty\u00f6t - Miil O\u00dc\",\"isPartOf\":{\"@id\":\"https:\\\/\\\/miil.dev.almic.ee\\\/#website\"},\"primaryImageOfPage\":{\"@id\":\"https:\\\/\\\/miil.dev.almic.ee\\\/fi\\\/toode\\\/merikontin-muunnos-miiu7654322\\\/#primaryimage\"},\"image\":{\"@id\":\"https:\\\/\\\/miil.dev.almic.ee\\\/fi\\\/toode\\\/merikontin-muunnos-miiu7654322\\\/#primaryimage\"},\"thumbnailUrl\":\"https:\\\/\\\/miil.dev.almic.ee\\\/wp-content\\\/uploads\\\/2024\\\/10\\\/20OS-ventilatsioon-4-scaled.jpg\",\"datePublished\":\"2024-10-07T15:03:22+00:00\",\"dateModified\":\"2024-11-08T09:20:57+00:00\",\"description\":\"Merikonttien muuntaminen | Laivojen konttien eristys | PUR-vaahto | Varastos\u00e4ili\u00f6 | Konttien muuntaminen | Konttien myynti | Kontin korjaus\",\"breadcrumb\":{\"@id\":\"https:\\\/\\\/miil.dev.almic.ee\\\/fi\\\/toode\\\/merikontin-muunnos-miiu7654322\\\/#breadcrumb\"},\"inLanguage\":\"fi\",\"potentialAction\":[{\"@type\":\"ReadAction\",\"target\":[\"https:\\\/\\\/miil.dev.almic.ee\\\/fi\\\/toode\\\/merikontin-muunnos-miiu7654322\\\/\"]}]},{\"@type\":\"ImageObject\",\"inLanguage\":\"fi\",\"@id\":\"https:\\\/\\\/miil.dev.almic.ee\\\/fi\\\/toode\\\/merikontin-muunnos-miiu7654322\\\/#primaryimage\",\"url\":\"https:\\\/\\\/miil.dev.almic.ee\\\/wp-content\\\/uploads\\\/2024\\\/10\\\/20OS-ventilatsioon-4-scaled.jpg\",\"contentUrl\":\"https:\\\/\\\/miil.dev.almic.ee\\\/wp-content\\\/uploads\\\/2024\\\/10\\\/20OS-ventilatsioon-4-scaled.jpg\",\"width\":1900,\"height\":1425},{\"@type\":\"BreadcrumbList\",\"@id\":\"https:\\\/\\\/miil.dev.almic.ee\\\/fi\\\/toode\\\/merikontin-muunnos-miiu7654322\\\/#breadcrumb\",\"itemListElement\":[{\"@type\":\"ListItem\",\"position\":1,\"name\":\"Home\",\"item\":\"https:\\\/\\\/miil.dev.almic.ee\\\/fi\\\/\"},{\"@type\":\"ListItem\",\"position\":2,\"name\":\"Kauppa\",\"item\":\"https:\\\/\\\/miil.dev.almic.ee\\\/fi\\\/kauppa\\\/\"},{\"@type\":\"ListItem\",\"position\":3,\"name\":\"Merikontin muunnos MIIU7654322\"}]},{\"@type\":\"WebSite\",\"@id\":\"https:\\\/\\\/miil.dev.almic.ee\\\/#website\",\"url\":\"https:\\\/\\\/miil.dev.almic.ee\\\/\",\"name\":\"Miil O\u00dc\",\"description\":\"Konteinerveod\",\"publisher\":{\"@id\":\"https:\\\/\\\/miil.dev.almic.ee\\\/#organization\"},\"potentialAction\":[{\"@type\":\"SearchAction\",\"target\":{\"@type\":\"EntryPoint\",\"urlTemplate\":\"https:\\\/\\\/miil.dev.almic.ee\\\/?s={search_term_string}\"},\"query-input\":{\"@type\":\"PropertyValueSpecification\",\"valueRequired\":true,\"valueName\":\"search_term_string\"}}],\"inLanguage\":\"fi\"},{\"@type\":\"Organization\",\"@id\":\"https:\\\/\\\/miil.dev.almic.ee\\\/#organization\",\"name\":\"Miil O\u00dc\",\"url\":\"https:\\\/\\\/miil.dev.almic.ee\\\/\",\"logo\":{\"@type\":\"ImageObject\",\"inLanguage\":\"fi\",\"@id\":\"https:\\\/\\\/miil.dev.almic.ee\\\/#\\\/schema\\\/logo\\\/image\\\/\",\"url\":\"https:\\\/\\\/www.miil.ee\\\/wp-content\\\/uploads\\\/2022\\\/02\\\/Miil-logo.svg\",\"contentUrl\":\"https:\\\/\\\/www.miil.ee\\\/wp-content\\\/uploads\\\/2022\\\/02\\\/Miil-logo.svg\",\"width\":\"1024\",\"height\":\"1024\",\"caption\":\"Miil O\u00dc\"},\"image\":{\"@id\":\"https:\\\/\\\/miil.dev.almic.ee\\\/#\\\/schema\\\/logo\\\/image\\\/\"},\"sameAs\":[\"https:\\\/\\\/www.facebook.com\\\/konteinerveod\\\/\",\"https:\\\/\\\/www.instagram.com\\\/ou_miil\\\/\"]}]}<\/script>\n<meta property=\"product:price:amount\" content=\"24900.00\" \/>\n<meta property=\"product:price:currency\" content=\"EUR\" \/>\n<meta property=\"og:availability\" content=\"instock\" \/>\n<meta property=\"product:availability\" content=\"instock\" \/>\n<meta property=\"product:condition\" content=\"new\" \/>\n<!-- \/ Yoast SEO Premium plugin. -->","yoast_head_json":{"title":"Merikonttien muutosty\u00f6t - Miil O\u00dc","description":"Merikonttien muuntaminen | Laivojen konttien eristys | PUR-vaahto | Varastos\u00e4ili\u00f6 | Konttien muuntaminen | Konttien myynti | Kontin korjaus","robots":{"index":"index","follow":"follow","max-snippet":"max-snippet:-1","max-image-preview":"max-image-preview:large","max-video-preview":"max-video-preview:-1"},"canonical":"https:\/\/miil.dev.almic.ee\/fi\/toode\/merikontin-muunnos-miiu7654322\/","og_locale":"fi_FI","og_type":"article","og_title":"Merikontin muunnos MIIU7654322","og_description":"Merikonttien muuntaminen | Laivojen konttien eristys | PUR-vaahto | Varastos\u00e4ili\u00f6 | Konttien muuntaminen | Konttien myynti | Kontin korjaus","og_url":"https:\/\/miil.dev.almic.ee\/fi\/toode\/merikontin-muunnos-miiu7654322\/","og_site_name":"Miil O\u00dc","article_publisher":"https:\/\/www.facebook.com\/konteinerveod\/","article_modified_time":"2024-11-08T09:20:57+00:00","og_image":[{"width":1900,"height":1425,"url":"https:\/\/miil.dev.almic.ee\/wp-content\/uploads\/2024\/10\/20OS-ventilatsioon-4-scaled.jpg","type":"image\/jpeg"}],"twitter_card":"summary_large_image","twitter_misc":{"Hinta":"24900,00&nbsp;&euro;","Saatavuus":"Varastossa"},"schema":{"@context":"https:\/\/schema.org","@graph":[{"@type":"WebPage","@id":"https:\/\/miil.dev.almic.ee\/fi\/toode\/merikontin-muunnos-miiu7654322\/","url":"https:\/\/miil.dev.almic.ee\/fi\/toode\/merikontin-muunnos-miiu7654322\/","name":"Merikonttien muutosty\u00f6t - Miil O\u00dc","isPartOf":{"@id":"https:\/\/miil.dev.almic.ee\/#website"},"primaryImageOfPage":{"@id":"https:\/\/miil.dev.almic.ee\/fi\/toode\/merikontin-muunnos-miiu7654322\/#primaryimage"},"image":{"@id":"https:\/\/miil.dev.almic.ee\/fi\/toode\/merikontin-muunnos-miiu7654322\/#primaryimage"},"thumbnailUrl":"https:\/\/miil.dev.almic.ee\/wp-content\/uploads\/2024\/10\/20OS-ventilatsioon-4-scaled.jpg","datePublished":"2024-10-07T15:03:22+00:00","dateModified":"2024-11-08T09:20:57+00:00","description":"Merikonttien muuntaminen | Laivojen konttien eristys | PUR-vaahto | Varastos\u00e4ili\u00f6 | Konttien muuntaminen | Konttien myynti | Kontin korjaus","breadcrumb":{"@id":"https:\/\/miil.dev.almic.ee\/fi\/toode\/merikontin-muunnos-miiu7654322\/#breadcrumb"},"inLanguage":"fi","potentialAction":[{"@type":"ReadAction","target":["https:\/\/miil.dev.almic.ee\/fi\/toode\/merikontin-muunnos-miiu7654322\/"]}]},{"@type":"ImageObject","inLanguage":"fi","@id":"https:\/\/miil.dev.almic.ee\/fi\/toode\/merikontin-muunnos-miiu7654322\/#primaryimage","url":"https:\/\/miil.dev.almic.ee\/wp-content\/uploads\/2024\/10\/20OS-ventilatsioon-4-scaled.jpg","contentUrl":"https:\/\/miil.dev.almic.ee\/wp-content\/uploads\/2024\/10\/20OS-ventilatsioon-4-scaled.jpg","width":1900,"height":1425},{"@type":"BreadcrumbList","@id":"https:\/\/miil.dev.almic.ee\/fi\/toode\/merikontin-muunnos-miiu7654322\/#breadcrumb","itemListElement":[{"@type":"ListItem","position":1,"name":"Home","item":"https:\/\/miil.dev.almic.ee\/fi\/"},{"@type":"ListItem","position":2,"name":"Kauppa","item":"https:\/\/miil.dev.almic.ee\/fi\/kauppa\/"},{"@type":"ListItem","position":3,"name":"Merikontin muunnos MIIU7654322"}]},{"@type":"WebSite","@id":"https:\/\/miil.dev.almic.ee\/#website","url":"https:\/\/miil.dev.almic.ee\/","name":"Miil O\u00dc","description":"Konteinerveod","publisher":{"@id":"https:\/\/miil.dev.almic.ee\/#organization"},"potentialAction":[{"@type":"SearchAction","target":{"@type":"EntryPoint","urlTemplate":"https:\/\/miil.dev.almic.ee\/?s={search_term_string}"},"query-input":{"@type":"PropertyValueSpecification","valueRequired":true,"valueName":"search_term_string"}}],"inLanguage":"fi"},{"@type":"Organization","@id":"https:\/\/miil.dev.almic.ee\/#organization","name":"Miil O\u00dc","url":"https:\/\/miil.dev.almic.ee\/","logo":{"@type":"ImageObject","inLanguage":"fi","@id":"https:\/\/miil.dev.almic.ee\/#\/schema\/logo\/image\/","url":"https:\/\/www.miil.ee\/wp-content\/uploads\/2022\/02\/Miil-logo.svg","contentUrl":"https:\/\/www.miil.ee\/wp-content\/uploads\/2022\/02\/Miil-logo.svg","width":"1024","height":"1024","caption":"Miil O\u00dc"},"image":{"@id":"https:\/\/miil.dev.almic.ee\/#\/schema\/logo\/image\/"},"sameAs":["https:\/\/www.facebook.com\/konteinerveod\/","https:\/\/www.instagram.com\/ou_miil\/"]}]},"product_price_amount":"24900.00","product_price_currency":"EUR","og_availability":"instock","product_availability":"instock","product_condition":"new"},"_links":{"self":[{"href":"https:\/\/miil.dev.almic.ee\/fi\/wp-json\/wp\/v2\/product\/76707","targetHints":{"allow":["GET"]}}],"collection":[{"href":"https:\/\/miil.dev.almic.ee\/fi\/wp-json\/wp\/v2\/product"}],"about":[{"href":"https:\/\/miil.dev.almic.ee\/fi\/wp-json\/wp\/v2\/types\/product"}],"replies":[{"embeddable":true,"href":"https:\/\/miil.dev.almic.ee\/fi\/wp-json\/wp\/v2\/comments?post=76707"}],"wp:featuredmedia":[{"embeddable":true,"href":"https:\/\/miil.dev.almic.ee\/fi\/wp-json\/wp\/v2\/media\/76722"}],"wp:attachment":[{"href":"https:\/\/miil.dev.almic.ee\/fi\/wp-json\/wp\/v2\/media?parent=76707"}],"wp:term":[{"taxonomy":"product_cat","embeddable":true,"href":"https:\/\/miil.dev.almic.ee\/fi\/wp-json\/wp\/v2\/product_cat?post=76707"},{"taxonomy":"product_tag","embeddable":true,"href":"https:\/\/miil.dev.almic.ee\/fi\/wp-json\/wp\/v2\/product_tag?post=76707"}],"curies":[{"name":"wp","href":"https:\/\/api.w.org\/{rel}","templated":true}]}}