{"id":75110,"date":"2024-09-19T12:30:48","date_gmt":"2024-09-19T09:30:48","guid":{"rendered":"https:\/\/www.miil.ee\/?post_type=product&#038;p=75110"},"modified":"2025-01-22T12:54:19","modified_gmt":"2025-01-22T10:54:19","slug":"konttivarasto-tallinn","status":"publish","type":"product","link":"https:\/\/miil.dev.almic.ee\/fi\/toode\/konttivarasto-tallinn\/","title":{"rendered":"Mini varasto TALLINN &#8211; Peterburi mnt 15"},"content":{"rendered":"<h1>Konttivarasto TALLINN &#8211; Turvallinen ja k\u00e4tev\u00e4 varastointiratkaisu<\/h1>\n<p>Konttivarasto TALLINN tarjoaa sinulle ihanteellisen tilaratkaisun, jos tarvitset turvallisen ja k\u00e4tev\u00e4n paikan tavaroillesi ja omaisuudellesi. T\u00e4m\u00e4 6 metrin konttivarasto on varustettu kaikilla tarvittavilla ominaisuuksilla, jotka varmistavat tavaroidesi suojan ja helpon p\u00e4\u00e4syn niihin.<\/p>\n<p>Omavarastokonttivarastomme on varustettu laadukkaasta materiaalista valmistetuilla konteilla, mik\u00e4 varmistaa kest\u00e4vyyden ja luotettavuuden. Varasto on tilava ja tarjoaa riitt\u00e4v\u00e4sti tilaa erilaisille tavaroille ja omaisuudelle. Ovi on helppo avata, mik\u00e4 mahdollistaa k\u00e4tev\u00e4n sis\u00e4\u00e4n- ja poistumisen.<\/p>\n<p>Lis\u00e4ksi t\u00e4ss\u00e4 konttivarastossa on ylim\u00e4\u00e4r\u00e4inen ilmanvaihtoj\u00e4rjestelm\u00e4, joka varmistaa hyv\u00e4n ilmanvaihdon ja ilmankierron pit\u00e4en varastoidut tavarasi tuoreina. Lis\u00e4ksi lukkovartija ja lukittava ovi lis\u00e4\u00e4v\u00e4t turvallisuutta ja suojaa omaisuudellesi.<\/p>\n<p>Konttivarastomme sijaitsee k\u00e4tev\u00e4sti Tallinnan alueella ja tarjoaa helpon p\u00e4\u00e4syn ja nopeat kulkuyhteydet. Hinta vain 90 \u20ac +alv\/kk, joten se on edullinen vaihtoehto s\u00e4ilytystarpeisiisi.<\/p>\n<p>Konttivarasto TALLINN on luotettava ja ammattimainen ratkaisu varastointitarpeisiisi. Olemme tunnettuja korkealaatuisista ja kest\u00e4vist\u00e4 konteistamme ja tarjoamme kilpailukykyiset hinnat ja joustavat vuokraehdot.<\/p>\n<p>Lis\u00e4ksi tarjoamme my\u00f6s lis\u00e4palveluita, jotka tekev\u00e4t kokemuksestasi entist\u00e4 paremman. Ammattitaitoinen tiimimme on valmis auttamaan sinua varastointisi suunnittelussa ja neuvomaan parhaissa ratkaisuissa. Tarjoamme my\u00f6s kuljetuspalvelun, jonka avulla voit helposti ja k\u00e4tev\u00e4sti toimittaa tavarasi konttivarastoon. Olemme ylpeit\u00e4 asiakasl\u00e4ht\u00f6isest\u00e4 l\u00e4hestymistavastamme ja olemme sitoutuneet tyytyv\u00e4isyyteenne.<\/p>\n<p>Valitse konttivarasto TALLINN ja anna varastointitarpeesi meille. Ota yhteytt\u00e4 jo t\u00e4n\u00e4\u00e4n ja katso, kuinka voimme auttaa sinua!<\/p>\n<h2>Konttivarasto asiakkaan pihalla?<\/h2>\n<p>Konttivaraston l\u00f6yd\u00e4t pihaltasi eritt\u00e4in edulliseen hintaan.<br \/>\nVuokraamme kontin, tuomme sen asiakkaalle ja asennamme &#8211; Minivarasto aivan pihallesi.<br \/>\nS\u00e4ili\u00f6 ei tarvitse perustaa tai eritt\u00e4in vahvaa pintaa. Voidaan asentaa vapaasti nurmikolle.<br \/>\nS\u00e4ili\u00f6 on turvallinen, s\u00e4\u00e4nkest\u00e4v\u00e4, vahva ja laadukas.<br \/>\nVoit olla varma, ett\u00e4 l\u00f6yd\u00e4t joustavat vuokraehdot ja kunnolliset minivarastot jokaiseen tarpeeseen.<\/p>\n<ul>\n<li>K\u00e4yt\u00e4mme kuljetukseen <a href=\"https:\/\/www.miil.ee\/fi\/palvelut\/nosturi\/\">nosturia<\/a> tai <a href=\"https:\/\/www.miil.ee\/fi\/palvelut\/sideloader\/\">sideloader<\/a><\/li>\n<li>Monimutkaisempi kuljetus on mahdollista <a href=\"https:\/\/www.miil.ee\/fi\/palvelut\/ram-kippauslaite\/\">RAM per\u00e4vaunulla<\/a>.<\/li>\n<\/ul>\n<p>Seuraa meit\u00e4 <a href=\"https:\/\/www.facebook.com\/konteinerveod\/\">Facebook<\/a> tai <a href=\"https:\/\/www.instagram.com\/ou_miil\/\">Instagram<\/a><\/p>\n","protected":false},"excerpt":{"rendered":"<p>Konttivarasto TALLINN &#8211; Turvallinen ja k\u00e4tev\u00e4 varastointiratkaisu Konttivarasto TALLINN tarjoaa sinulle ihanteellisen tilaratkaisun, jos tarvitset turvallisen ja k\u00e4tev\u00e4n paikan tavaroillesi ja omaisuudellesi. T\u00e4m\u00e4 6 metrin konttivarasto on varustettu kaikilla tarvittavilla ominaisuuksilla, jotka varmistavat tavaroidesi suojan ja helpon p\u00e4\u00e4syn niihin. Omavarastokonttivarastomme on varustettu laadukkaasta materiaalista valmistetuilla konteilla, mik\u00e4 varmistaa kest\u00e4vyyden ja luotettavuuden. Varasto on tilava ja&#8230;<\/p>\n","protected":false},"featured_media":75115,"comment_status":"open","ping_status":"closed","template":"","meta":{"_acf_changed":false},"product_cat":[339,1039],"product_tag":[],"class_list":{"0":"post-75110","1":"product","2":"type-product","3":"status-publish","4":"has-post-thumbnail","6":"product_cat-vuokrakontit","7":"product_cat-minivarasto","9":"first","10":"instock","11":"shipping-taxable","12":"purchasable","13":"product-type-simple"},"acf":[],"yoast_head":"<!-- This site is optimized with the Yoast SEO Premium plugin v23.9 (Yoast SEO v27.5) - https:\/\/yoast.com\/product\/yoast-seo-premium-wordpress\/ -->\n<title>Konttivarasto TALLINN - Miil O\u00dc<\/title>\n<meta name=\"description\" content=\"Konttivarasto TALLINN | Konttivarasto | Kontti myynti | Containex myynti | Merikontti myynti | Merikontti vuokrata | Terminaalipalvelut\" \/>\n<meta name=\"robots\" content=\"index, follow, max-snippet:-1, max-image-preview:large, max-video-preview:-1\" \/>\n<link rel=\"canonical\" href=\"https:\/\/miil.dev.almic.ee\/fi\/toode\/konttivarasto-tallinn\/\" \/>\n<meta property=\"og:locale\" content=\"fi_FI\" \/>\n<meta property=\"og:type\" content=\"article\" \/>\n<meta property=\"og:title\" content=\"Mini varasto TALLINN - Peterburi mnt 15\" \/>\n<meta property=\"og:description\" content=\"Konttivarasto TALLINN | Konttivarasto | Kontti myynti | Containex myynti | Merikontti myynti | Merikontti vuokrata | Terminaalipalvelut\" \/>\n<meta property=\"og:url\" content=\"https:\/\/miil.dev.almic.ee\/fi\/toode\/konttivarasto-tallinn\/\" \/>\n<meta property=\"og:site_name\" content=\"Miil O\u00dc\" \/>\n<meta property=\"article:publisher\" content=\"https:\/\/www.facebook.com\/konteinerveod\/\" \/>\n<meta property=\"article:modified_time\" content=\"2025-01-22T10:54:19+00:00\" \/>\n<meta property=\"og:image\" content=\"https:\/\/miil.dev.almic.ee\/wp-content\/uploads\/2024\/09\/kurna-10-uus-scaled.jpg\" \/>\n\t<meta property=\"og:image:width\" content=\"1900\" \/>\n\t<meta property=\"og:image:height\" content=\"1425\" \/>\n\t<meta property=\"og:image:type\" content=\"image\/jpeg\" \/>\n<meta name=\"twitter:card\" content=\"summary_large_image\" \/>\n<meta name=\"twitter:label1\" content=\"Hinta\" \/>\n\t<meta name=\"twitter:data1\" content=\"90,00&nbsp;&euro;\" \/>\n\t<meta name=\"twitter:label2\" content=\"Saatavuus\" \/>\n\t<meta name=\"twitter:data2\" content=\"Varastossa\" \/>\n<script type=\"application\/ld+json\" class=\"yoast-schema-graph\">{\"@context\":\"https:\\\/\\\/schema.org\",\"@graph\":[{\"@type\":\"WebPage\",\"@id\":\"https:\\\/\\\/miil.dev.almic.ee\\\/fi\\\/toode\\\/konttivarasto-tallinn\\\/\",\"url\":\"https:\\\/\\\/miil.dev.almic.ee\\\/fi\\\/toode\\\/konttivarasto-tallinn\\\/\",\"name\":\"Konttivarasto TALLINN - Miil O\u00dc\",\"isPartOf\":{\"@id\":\"https:\\\/\\\/miil.dev.almic.ee\\\/#website\"},\"primaryImageOfPage\":{\"@id\":\"https:\\\/\\\/miil.dev.almic.ee\\\/fi\\\/toode\\\/konttivarasto-tallinn\\\/#primaryimage\"},\"image\":{\"@id\":\"https:\\\/\\\/miil.dev.almic.ee\\\/fi\\\/toode\\\/konttivarasto-tallinn\\\/#primaryimage\"},\"thumbnailUrl\":\"https:\\\/\\\/miil.dev.almic.ee\\\/wp-content\\\/uploads\\\/2024\\\/09\\\/kurna-10-uus-scaled.jpg\",\"datePublished\":\"2024-09-19T09:30:48+00:00\",\"dateModified\":\"2025-01-22T10:54:19+00:00\",\"description\":\"Konttivarasto TALLINN | Konttivarasto | Kontti myynti | Containex myynti | Merikontti myynti | Merikontti vuokrata | Terminaalipalvelut\",\"breadcrumb\":{\"@id\":\"https:\\\/\\\/miil.dev.almic.ee\\\/fi\\\/toode\\\/konttivarasto-tallinn\\\/#breadcrumb\"},\"inLanguage\":\"fi\",\"potentialAction\":[{\"@type\":\"ReadAction\",\"target\":[\"https:\\\/\\\/miil.dev.almic.ee\\\/fi\\\/toode\\\/konttivarasto-tallinn\\\/\"]}]},{\"@type\":\"ImageObject\",\"inLanguage\":\"fi\",\"@id\":\"https:\\\/\\\/miil.dev.almic.ee\\\/fi\\\/toode\\\/konttivarasto-tallinn\\\/#primaryimage\",\"url\":\"https:\\\/\\\/miil.dev.almic.ee\\\/wp-content\\\/uploads\\\/2024\\\/09\\\/kurna-10-uus-scaled.jpg\",\"contentUrl\":\"https:\\\/\\\/miil.dev.almic.ee\\\/wp-content\\\/uploads\\\/2024\\\/09\\\/kurna-10-uus-scaled.jpg\",\"width\":1900,\"height\":1425,\"caption\":\"Miniladu Tallinnas\"},{\"@type\":\"BreadcrumbList\",\"@id\":\"https:\\\/\\\/miil.dev.almic.ee\\\/fi\\\/toode\\\/konttivarasto-tallinn\\\/#breadcrumb\",\"itemListElement\":[{\"@type\":\"ListItem\",\"position\":1,\"name\":\"Home\",\"item\":\"https:\\\/\\\/miil.dev.almic.ee\\\/fi\\\/\"},{\"@type\":\"ListItem\",\"position\":2,\"name\":\"Kauppa\",\"item\":\"https:\\\/\\\/miil.dev.almic.ee\\\/fi\\\/kauppa\\\/\"},{\"@type\":\"ListItem\",\"position\":3,\"name\":\"Mini varasto TALLINN &#8211; Peterburi mnt 15\"}]},{\"@type\":\"WebSite\",\"@id\":\"https:\\\/\\\/miil.dev.almic.ee\\\/#website\",\"url\":\"https:\\\/\\\/miil.dev.almic.ee\\\/\",\"name\":\"Miil O\u00dc\",\"description\":\"Konteinerveod\",\"publisher\":{\"@id\":\"https:\\\/\\\/miil.dev.almic.ee\\\/#organization\"},\"potentialAction\":[{\"@type\":\"SearchAction\",\"target\":{\"@type\":\"EntryPoint\",\"urlTemplate\":\"https:\\\/\\\/miil.dev.almic.ee\\\/?s={search_term_string}\"},\"query-input\":{\"@type\":\"PropertyValueSpecification\",\"valueRequired\":true,\"valueName\":\"search_term_string\"}}],\"inLanguage\":\"fi\"},{\"@type\":\"Organization\",\"@id\":\"https:\\\/\\\/miil.dev.almic.ee\\\/#organization\",\"name\":\"Miil O\u00dc\",\"url\":\"https:\\\/\\\/miil.dev.almic.ee\\\/\",\"logo\":{\"@type\":\"ImageObject\",\"inLanguage\":\"fi\",\"@id\":\"https:\\\/\\\/miil.dev.almic.ee\\\/#\\\/schema\\\/logo\\\/image\\\/\",\"url\":\"https:\\\/\\\/www.miil.ee\\\/wp-content\\\/uploads\\\/2022\\\/02\\\/Miil-logo.svg\",\"contentUrl\":\"https:\\\/\\\/www.miil.ee\\\/wp-content\\\/uploads\\\/2022\\\/02\\\/Miil-logo.svg\",\"width\":\"1024\",\"height\":\"1024\",\"caption\":\"Miil O\u00dc\"},\"image\":{\"@id\":\"https:\\\/\\\/miil.dev.almic.ee\\\/#\\\/schema\\\/logo\\\/image\\\/\"},\"sameAs\":[\"https:\\\/\\\/www.facebook.com\\\/konteinerveod\\\/\",\"https:\\\/\\\/www.instagram.com\\\/ou_miil\\\/\"]}]}<\/script>\n<meta property=\"product:price:amount\" content=\"90.00\" \/>\n<meta property=\"product:price:currency\" content=\"EUR\" \/>\n<meta property=\"og:availability\" content=\"instock\" \/>\n<meta property=\"product:availability\" content=\"instock\" \/>\n<meta property=\"product:retailer_item_id\" content=\"MiniladuTallinn\" \/>\n<meta property=\"product:condition\" content=\"new\" \/>\n<!-- \/ Yoast SEO Premium plugin. -->","yoast_head_json":{"title":"Konttivarasto TALLINN - Miil O\u00dc","description":"Konttivarasto TALLINN | Konttivarasto | Kontti myynti | Containex myynti | Merikontti myynti | Merikontti vuokrata | Terminaalipalvelut","robots":{"index":"index","follow":"follow","max-snippet":"max-snippet:-1","max-image-preview":"max-image-preview:large","max-video-preview":"max-video-preview:-1"},"canonical":"https:\/\/miil.dev.almic.ee\/fi\/toode\/konttivarasto-tallinn\/","og_locale":"fi_FI","og_type":"article","og_title":"Mini varasto TALLINN - Peterburi mnt 15","og_description":"Konttivarasto TALLINN | Konttivarasto | Kontti myynti | Containex myynti | Merikontti myynti | Merikontti vuokrata | Terminaalipalvelut","og_url":"https:\/\/miil.dev.almic.ee\/fi\/toode\/konttivarasto-tallinn\/","og_site_name":"Miil O\u00dc","article_publisher":"https:\/\/www.facebook.com\/konteinerveod\/","article_modified_time":"2025-01-22T10:54:19+00:00","og_image":[{"width":1900,"height":1425,"url":"https:\/\/miil.dev.almic.ee\/wp-content\/uploads\/2024\/09\/kurna-10-uus-scaled.jpg","type":"image\/jpeg"}],"twitter_card":"summary_large_image","twitter_misc":{"Hinta":"90,00&nbsp;&euro;","Saatavuus":"Varastossa"},"schema":{"@context":"https:\/\/schema.org","@graph":[{"@type":"WebPage","@id":"https:\/\/miil.dev.almic.ee\/fi\/toode\/konttivarasto-tallinn\/","url":"https:\/\/miil.dev.almic.ee\/fi\/toode\/konttivarasto-tallinn\/","name":"Konttivarasto TALLINN - Miil O\u00dc","isPartOf":{"@id":"https:\/\/miil.dev.almic.ee\/#website"},"primaryImageOfPage":{"@id":"https:\/\/miil.dev.almic.ee\/fi\/toode\/konttivarasto-tallinn\/#primaryimage"},"image":{"@id":"https:\/\/miil.dev.almic.ee\/fi\/toode\/konttivarasto-tallinn\/#primaryimage"},"thumbnailUrl":"https:\/\/miil.dev.almic.ee\/wp-content\/uploads\/2024\/09\/kurna-10-uus-scaled.jpg","datePublished":"2024-09-19T09:30:48+00:00","dateModified":"2025-01-22T10:54:19+00:00","description":"Konttivarasto TALLINN | Konttivarasto | Kontti myynti | Containex myynti | Merikontti myynti | Merikontti vuokrata | Terminaalipalvelut","breadcrumb":{"@id":"https:\/\/miil.dev.almic.ee\/fi\/toode\/konttivarasto-tallinn\/#breadcrumb"},"inLanguage":"fi","potentialAction":[{"@type":"ReadAction","target":["https:\/\/miil.dev.almic.ee\/fi\/toode\/konttivarasto-tallinn\/"]}]},{"@type":"ImageObject","inLanguage":"fi","@id":"https:\/\/miil.dev.almic.ee\/fi\/toode\/konttivarasto-tallinn\/#primaryimage","url":"https:\/\/miil.dev.almic.ee\/wp-content\/uploads\/2024\/09\/kurna-10-uus-scaled.jpg","contentUrl":"https:\/\/miil.dev.almic.ee\/wp-content\/uploads\/2024\/09\/kurna-10-uus-scaled.jpg","width":1900,"height":1425,"caption":"Miniladu Tallinnas"},{"@type":"BreadcrumbList","@id":"https:\/\/miil.dev.almic.ee\/fi\/toode\/konttivarasto-tallinn\/#breadcrumb","itemListElement":[{"@type":"ListItem","position":1,"name":"Home","item":"https:\/\/miil.dev.almic.ee\/fi\/"},{"@type":"ListItem","position":2,"name":"Kauppa","item":"https:\/\/miil.dev.almic.ee\/fi\/kauppa\/"},{"@type":"ListItem","position":3,"name":"Mini varasto TALLINN &#8211; Peterburi mnt 15"}]},{"@type":"WebSite","@id":"https:\/\/miil.dev.almic.ee\/#website","url":"https:\/\/miil.dev.almic.ee\/","name":"Miil O\u00dc","description":"Konteinerveod","publisher":{"@id":"https:\/\/miil.dev.almic.ee\/#organization"},"potentialAction":[{"@type":"SearchAction","target":{"@type":"EntryPoint","urlTemplate":"https:\/\/miil.dev.almic.ee\/?s={search_term_string}"},"query-input":{"@type":"PropertyValueSpecification","valueRequired":true,"valueName":"search_term_string"}}],"inLanguage":"fi"},{"@type":"Organization","@id":"https:\/\/miil.dev.almic.ee\/#organization","name":"Miil O\u00dc","url":"https:\/\/miil.dev.almic.ee\/","logo":{"@type":"ImageObject","inLanguage":"fi","@id":"https:\/\/miil.dev.almic.ee\/#\/schema\/logo\/image\/","url":"https:\/\/www.miil.ee\/wp-content\/uploads\/2022\/02\/Miil-logo.svg","contentUrl":"https:\/\/www.miil.ee\/wp-content\/uploads\/2022\/02\/Miil-logo.svg","width":"1024","height":"1024","caption":"Miil O\u00dc"},"image":{"@id":"https:\/\/miil.dev.almic.ee\/#\/schema\/logo\/image\/"},"sameAs":["https:\/\/www.facebook.com\/konteinerveod\/","https:\/\/www.instagram.com\/ou_miil\/"]}]},"product_price_amount":"90.00","product_price_currency":"EUR","og_availability":"instock","product_availability":"instock","product_retailer_item_id":"MiniladuTallinn","product_condition":"new"},"_links":{"self":[{"href":"https:\/\/miil.dev.almic.ee\/fi\/wp-json\/wp\/v2\/product\/75110","targetHints":{"allow":["GET"]}}],"collection":[{"href":"https:\/\/miil.dev.almic.ee\/fi\/wp-json\/wp\/v2\/product"}],"about":[{"href":"https:\/\/miil.dev.almic.ee\/fi\/wp-json\/wp\/v2\/types\/product"}],"replies":[{"embeddable":true,"href":"https:\/\/miil.dev.almic.ee\/fi\/wp-json\/wp\/v2\/comments?post=75110"}],"wp:featuredmedia":[{"embeddable":true,"href":"https:\/\/miil.dev.almic.ee\/fi\/wp-json\/wp\/v2\/media\/75115"}],"wp:attachment":[{"href":"https:\/\/miil.dev.almic.ee\/fi\/wp-json\/wp\/v2\/media?parent=75110"}],"wp:term":[{"taxonomy":"product_cat","embeddable":true,"href":"https:\/\/miil.dev.almic.ee\/fi\/wp-json\/wp\/v2\/product_cat?post=75110"},{"taxonomy":"product_tag","embeddable":true,"href":"https:\/\/miil.dev.almic.ee\/fi\/wp-json\/wp\/v2\/product_tag?post=75110"}],"curies":[{"name":"wp","href":"https:\/\/api.w.org\/{rel}","templated":true}]}}