{"id":74808,"date":"2024-09-16T15:18:43","date_gmt":"2024-09-16T12:18:43","guid":{"rendered":"https:\/\/www.miil.ee\/?post_type=product&#038;p=74808"},"modified":"2025-03-18T11:10:22","modified_gmt":"2025-03-18T09:10:22","slug":"tyokaluvaunu-metallityopenkki","status":"publish","type":"product","link":"https:\/\/miil.dev.almic.ee\/fi\/toode\/tyokaluvaunu-metallityopenkki\/","title":{"rendered":"Ty\u00f6kaluvaunu + Metallity\u00f6penkki"},"content":{"rendered":"<h1>Ty\u00f6kaluvaunu + Metallity\u00f6penkki &#8211; kest\u00e4v\u00e4 ja t\u00e4ydellinen ratkaisu jokaiseen huoneeseen.<\/h1>\n<p>Ty\u00f6kaluvaunu + Metallinen ty\u00f6penkki, joka sopii mainiosti merikonttiin ja my\u00f6s eri tiloihin. Esittelemme sinulle uuden tuotteen, joka on laadukas, kest\u00e4v\u00e4 ja edullinen.<\/p>\n<p>Vahva metallirakenne takaa vakauden ja vankan pohjan jokap\u00e4iv\u00e4iseen k\u00e4ytt\u00f6\u00f6n.<br \/>\nTy\u00f6kaluvaunu koostuu kest\u00e4vist\u00e4 ja laadukkaista tuotteista.<\/p>\n<p>Myym\u00e4mme sarja sopii t\u00e4ydellisesti konttiin, ty\u00f6pajaan, autotalliin, studioon tai liiketilaan. Penkill\u00e4 on tyylik\u00e4s ja ajaton muotoilu, joka lis\u00e4\u00e4 modernia ja teollista ilmett\u00e4 huoneeseen.<\/p>\n<p>Ty\u00f6kaluvaunu + Metallity\u00f6penkki on k\u00e4yt\u00e4nn\u00f6llisyytens\u00e4 ansiosta monipuolinen huonekalu.<\/p>\n<h2>Ty\u00f6kaluvaunu + Metallity\u00f6penkki sis\u00e4lt\u00e4\u00e4:<\/h2>\n<p>1\/4&#8243; istukka, lyhyt 4-4,5-5-5,5-6-7-8-9-10-11-12-13-14 mm<br \/>\n1\/4&#8243; istukka, pitk\u00e4 6-7-8-9-10-11-12-13 mm<br \/>\n1\/4&#8243; Torx-istukka E4-E5-E6-E7-E8<br \/>\n1\/4&#8243; litte\u00e4 istukan k\u00e4rki 4-5,5-6,5 mm<br \/>\n1\/4&#8243; ristiistukka PH1-PH2-PZ1-PZ2<br \/>\n1\/4&#8243; kuusikulmainen kantap\u00e4\u00e4 3-4-5-6 mm<br \/>\n1\/4&#8243; Torx-istukka T8-T10-T15-T20-T25-T27-T30<br \/>\n1\/4&#8243; hylsyavain, offset, 72 hammasta, istukan lukko<br \/>\n1\/4&#8243; jatkoakseli 50-100 mm<br \/>\n1\/4&#8243; T-kahva<br \/>\n1\/4\u201d ruuvimeisselin kahva<br \/>\n1\/4&#8243; gimbal<br \/>\nristik\u00e4rki PH3-PH4-PZ3-PZ4<br \/>\nPatch punos SL8-SL10-SL12 mm<br \/>\nkuusikulmainen k\u00e4rki 7-8-10-12-14 mm<br \/>\nTorx-ter\u00e4 T40-T45-T50-T55-T60<br \/>\nIstukka 1\/2&#8243; terien k\u00e4\u00e4nt\u00e4miseen<br \/>\n1\/2&#8243; lyhyt istukka 10-11-12-13-14-15-16-17-18-19-21-22-23-24-27-30-32 mm<br \/>\n1\/2&#8243; pitk\u00e4 istukka 14-15-17-19-22 mm<br \/>\n1\/2&#8243; kynttil\u00e4njalka 16-21 mm<br \/>\n1\/2&#8243; jatkovarsi 125-250 mm<br \/>\n1\/2&#8243; T-kahvan sovitin<br \/>\n1\/2&#8243; gimbal<br \/>\n1\/2&#8243; hylsyavain, offset, 72 hammasta, patruunalukko<br \/>\nhylsyavain offset 6&#215;7-8&#215;9-10&#215;11-12&#215;13-14&#215;15-16&#215;17-18&#215;19-20&#215;22 mm<br \/>\nkiintoavain, taivutettu 6-7-8-9-10-11-12-13-14-15-16-17-18-19-20-21-21-22-24 mm<br \/>\nruuvimeisseli litte\u00e4 SL 6&#215;38-3&#215;100-5&#215;75-6&#215;100-8&#215;150-10&#215;200 mm<br \/>\nruuvimeisselin risti PH PH2x38-PH0x75-PH1x100-PH2x100-PH3X150-PH4X200 mm<br \/>\nmini L-kuusikulmio, 5-osainen<br \/>\nL-kuusikulmio, pidempi pallop\u00e4\u00e4 9-osainen<br \/>\nL-Torx, 9-osainen<br \/>\nhaukan nokat, lukituspainikkeella 250 mm<br \/>\nleikkauspihdit 150 mm<br \/>\nter\u00e4v\u00e4k\u00e4rkiset pihdit 200 mm<br \/>\nlukitusrengaspihdit sis\u00e4lt\u00e4-ulkoa ja suorat<br \/>\nlukittavat peltipihdit 250 mm<br \/>\nmittanauha 3 m<br \/>\nmuovivasara 340 mm puukahvalla<br \/>\nkuulak\u00e4rkivasara kuituvarrella 310 mm<\/p>\n<p>&nbsp;<\/p>\n<p><strong>Kokonaismitat:<\/strong><\/p>\n<p>Korkeus: 195 cm<br \/>\nLeveys: 264 cm<br \/>\nSyvyys: 52,5 cm<br \/>\nP\u00f6yd\u00e4n pinnan korkeus: 93,5 cm<\/p>\n<p>T\u00e4ydellinen ratkaisu ty\u00f6tilallesi!<\/p>\n<p>Seuraa meit\u00e4 <a href=\"https:\/\/www.facebook.com\/konteinerveod\/\">Facebook<\/a> tai <a href=\"https:\/\/www.instagram.com\/ou_miil\/\">Instagram<\/a><\/p>\n","protected":false},"excerpt":{"rendered":"<p>Metallity\u00f6penkki<\/p>\n","protected":false},"featured_media":74813,"comment_status":"closed","ping_status":"closed","template":"","meta":{"_acf_changed":false},"product_cat":[335],"product_tag":[],"class_list":{"0":"post-74808","1":"product","2":"type-product","3":"status-publish","4":"has-post-thumbnail","6":"product_cat-lisavarusteet","8":"first","9":"instock","10":"sale","11":"shipping-taxable","12":"purchasable","13":"product-type-simple"},"acf":[],"yoast_head":"<!-- This site is optimized with the Yoast SEO Premium plugin v23.9 (Yoast SEO v27.5) - https:\/\/yoast.com\/product\/yoast-seo-premium-wordpress\/ -->\n<title>Ty\u00f6kaluvaunu + Metallity\u00f6penkki - Miil O\u00dc<\/title>\n<meta name=\"description\" content=\"Ty\u00f6kaluvaunu + Metallity\u00f6penkki | Kontti myynti | Containex myynti | Merikontti myynti | Merikontti vuokrata | Terminaalipalvelut\" \/>\n<meta name=\"robots\" content=\"index, follow, max-snippet:-1, max-image-preview:large, max-video-preview:-1\" \/>\n<link rel=\"canonical\" href=\"https:\/\/miil.dev.almic.ee\/fi\/toode\/tyokaluvaunu-metallityopenkki\/\" \/>\n<meta property=\"og:locale\" content=\"fi_FI\" \/>\n<meta property=\"og:type\" content=\"article\" \/>\n<meta property=\"og:title\" content=\"Ty\u00f6kaluvaunu + Metallity\u00f6penkki\" \/>\n<meta property=\"og:description\" content=\"Ty\u00f6kaluvaunu + Metallity\u00f6penkki | Kontti myynti | Containex myynti | Merikontti myynti | Merikontti vuokrata | Terminaalipalvelut\" \/>\n<meta property=\"og:url\" content=\"https:\/\/miil.dev.almic.ee\/fi\/toode\/tyokaluvaunu-metallityopenkki\/\" \/>\n<meta property=\"og:site_name\" content=\"Miil O\u00dc\" \/>\n<meta property=\"article:publisher\" content=\"https:\/\/www.facebook.com\/konteinerveod\/\" \/>\n<meta property=\"article:modified_time\" content=\"2025-03-18T09:10:22+00:00\" \/>\n<meta property=\"og:image\" content=\"https:\/\/miil.dev.almic.ee\/wp-content\/uploads\/2024\/09\/Tookoha-moodul2.jpg\" \/>\n\t<meta property=\"og:image:width\" content=\"986\" \/>\n\t<meta property=\"og:image:height\" content=\"818\" \/>\n\t<meta property=\"og:image:type\" content=\"image\/jpeg\" \/>\n<meta name=\"twitter:card\" content=\"summary_large_image\" \/>\n<meta name=\"twitter:label1\" content=\"Hinta\" \/>\n\t<meta name=\"twitter:data1\" content=\"1990,00&nbsp;&euro;\" \/>\n\t<meta name=\"twitter:label2\" content=\"Saatavuus\" \/>\n\t<meta name=\"twitter:data2\" content=\"Varastossa\" \/>\n<script type=\"application\/ld+json\" class=\"yoast-schema-graph\">{\"@context\":\"https:\\\/\\\/schema.org\",\"@graph\":[{\"@type\":\"WebPage\",\"@id\":\"https:\\\/\\\/miil.dev.almic.ee\\\/fi\\\/toode\\\/tyokaluvaunu-metallityopenkki\\\/\",\"url\":\"https:\\\/\\\/miil.dev.almic.ee\\\/fi\\\/toode\\\/tyokaluvaunu-metallityopenkki\\\/\",\"name\":\"Ty\u00f6kaluvaunu + Metallity\u00f6penkki - Miil O\u00dc\",\"isPartOf\":{\"@id\":\"https:\\\/\\\/miil.dev.almic.ee\\\/#website\"},\"primaryImageOfPage\":{\"@id\":\"https:\\\/\\\/miil.dev.almic.ee\\\/fi\\\/toode\\\/tyokaluvaunu-metallityopenkki\\\/#primaryimage\"},\"image\":{\"@id\":\"https:\\\/\\\/miil.dev.almic.ee\\\/fi\\\/toode\\\/tyokaluvaunu-metallityopenkki\\\/#primaryimage\"},\"thumbnailUrl\":\"https:\\\/\\\/miil.dev.almic.ee\\\/wp-content\\\/uploads\\\/2024\\\/09\\\/Tookoha-moodul2.jpg\",\"datePublished\":\"2024-09-16T12:18:43+00:00\",\"dateModified\":\"2025-03-18T09:10:22+00:00\",\"description\":\"Ty\u00f6kaluvaunu + Metallity\u00f6penkki | Kontti myynti | Containex myynti | Merikontti myynti | Merikontti vuokrata | Terminaalipalvelut\",\"breadcrumb\":{\"@id\":\"https:\\\/\\\/miil.dev.almic.ee\\\/fi\\\/toode\\\/tyokaluvaunu-metallityopenkki\\\/#breadcrumb\"},\"inLanguage\":\"fi\",\"potentialAction\":[{\"@type\":\"ReadAction\",\"target\":[\"https:\\\/\\\/miil.dev.almic.ee\\\/fi\\\/toode\\\/tyokaluvaunu-metallityopenkki\\\/\"]}]},{\"@type\":\"ImageObject\",\"inLanguage\":\"fi\",\"@id\":\"https:\\\/\\\/miil.dev.almic.ee\\\/fi\\\/toode\\\/tyokaluvaunu-metallityopenkki\\\/#primaryimage\",\"url\":\"https:\\\/\\\/miil.dev.almic.ee\\\/wp-content\\\/uploads\\\/2024\\\/09\\\/Tookoha-moodul2.jpg\",\"contentUrl\":\"https:\\\/\\\/miil.dev.almic.ee\\\/wp-content\\\/uploads\\\/2024\\\/09\\\/Tookoha-moodul2.jpg\",\"width\":986,\"height\":818,\"caption\":\"T\u00f6\u00f6riistak\u00e4ru + t\u00f6\u00f6riistalaud\"},{\"@type\":\"BreadcrumbList\",\"@id\":\"https:\\\/\\\/miil.dev.almic.ee\\\/fi\\\/toode\\\/tyokaluvaunu-metallityopenkki\\\/#breadcrumb\",\"itemListElement\":[{\"@type\":\"ListItem\",\"position\":1,\"name\":\"Home\",\"item\":\"https:\\\/\\\/miil.dev.almic.ee\\\/fi\\\/\"},{\"@type\":\"ListItem\",\"position\":2,\"name\":\"Kauppa\",\"item\":\"https:\\\/\\\/miil.dev.almic.ee\\\/fi\\\/kauppa\\\/\"},{\"@type\":\"ListItem\",\"position\":3,\"name\":\"Ty\u00f6kaluvaunu + Metallity\u00f6penkki\"}]},{\"@type\":\"WebSite\",\"@id\":\"https:\\\/\\\/miil.dev.almic.ee\\\/#website\",\"url\":\"https:\\\/\\\/miil.dev.almic.ee\\\/\",\"name\":\"Miil O\u00dc\",\"description\":\"Konteinerveod\",\"publisher\":{\"@id\":\"https:\\\/\\\/miil.dev.almic.ee\\\/#organization\"},\"potentialAction\":[{\"@type\":\"SearchAction\",\"target\":{\"@type\":\"EntryPoint\",\"urlTemplate\":\"https:\\\/\\\/miil.dev.almic.ee\\\/?s={search_term_string}\"},\"query-input\":{\"@type\":\"PropertyValueSpecification\",\"valueRequired\":true,\"valueName\":\"search_term_string\"}}],\"inLanguage\":\"fi\"},{\"@type\":\"Organization\",\"@id\":\"https:\\\/\\\/miil.dev.almic.ee\\\/#organization\",\"name\":\"Miil O\u00dc\",\"url\":\"https:\\\/\\\/miil.dev.almic.ee\\\/\",\"logo\":{\"@type\":\"ImageObject\",\"inLanguage\":\"fi\",\"@id\":\"https:\\\/\\\/miil.dev.almic.ee\\\/#\\\/schema\\\/logo\\\/image\\\/\",\"url\":\"https:\\\/\\\/www.miil.ee\\\/wp-content\\\/uploads\\\/2022\\\/02\\\/Miil-logo.svg\",\"contentUrl\":\"https:\\\/\\\/www.miil.ee\\\/wp-content\\\/uploads\\\/2022\\\/02\\\/Miil-logo.svg\",\"width\":\"1024\",\"height\":\"1024\",\"caption\":\"Miil O\u00dc\"},\"image\":{\"@id\":\"https:\\\/\\\/miil.dev.almic.ee\\\/#\\\/schema\\\/logo\\\/image\\\/\"},\"sameAs\":[\"https:\\\/\\\/www.facebook.com\\\/konteinerveod\\\/\",\"https:\\\/\\\/www.instagram.com\\\/ou_miil\\\/\"]}]}<\/script>\n<meta property=\"product:price:amount\" content=\"1990.00\" \/>\n<meta property=\"product:price:currency\" content=\"EUR\" \/>\n<meta property=\"og:availability\" content=\"instock\" \/>\n<meta property=\"product:availability\" content=\"instock\" \/>\n<meta property=\"product:condition\" content=\"new\" \/>\n<!-- \/ Yoast SEO Premium plugin. -->","yoast_head_json":{"title":"Ty\u00f6kaluvaunu + Metallity\u00f6penkki - Miil O\u00dc","description":"Ty\u00f6kaluvaunu + Metallity\u00f6penkki | Kontti myynti | Containex myynti | Merikontti myynti | Merikontti vuokrata | Terminaalipalvelut","robots":{"index":"index","follow":"follow","max-snippet":"max-snippet:-1","max-image-preview":"max-image-preview:large","max-video-preview":"max-video-preview:-1"},"canonical":"https:\/\/miil.dev.almic.ee\/fi\/toode\/tyokaluvaunu-metallityopenkki\/","og_locale":"fi_FI","og_type":"article","og_title":"Ty\u00f6kaluvaunu + Metallity\u00f6penkki","og_description":"Ty\u00f6kaluvaunu + Metallity\u00f6penkki | Kontti myynti | Containex myynti | Merikontti myynti | Merikontti vuokrata | Terminaalipalvelut","og_url":"https:\/\/miil.dev.almic.ee\/fi\/toode\/tyokaluvaunu-metallityopenkki\/","og_site_name":"Miil O\u00dc","article_publisher":"https:\/\/www.facebook.com\/konteinerveod\/","article_modified_time":"2025-03-18T09:10:22+00:00","og_image":[{"width":986,"height":818,"url":"https:\/\/miil.dev.almic.ee\/wp-content\/uploads\/2024\/09\/Tookoha-moodul2.jpg","type":"image\/jpeg"}],"twitter_card":"summary_large_image","twitter_misc":{"Hinta":"1990,00&nbsp;&euro;","Saatavuus":"Varastossa"},"schema":{"@context":"https:\/\/schema.org","@graph":[{"@type":"WebPage","@id":"https:\/\/miil.dev.almic.ee\/fi\/toode\/tyokaluvaunu-metallityopenkki\/","url":"https:\/\/miil.dev.almic.ee\/fi\/toode\/tyokaluvaunu-metallityopenkki\/","name":"Ty\u00f6kaluvaunu + Metallity\u00f6penkki - Miil O\u00dc","isPartOf":{"@id":"https:\/\/miil.dev.almic.ee\/#website"},"primaryImageOfPage":{"@id":"https:\/\/miil.dev.almic.ee\/fi\/toode\/tyokaluvaunu-metallityopenkki\/#primaryimage"},"image":{"@id":"https:\/\/miil.dev.almic.ee\/fi\/toode\/tyokaluvaunu-metallityopenkki\/#primaryimage"},"thumbnailUrl":"https:\/\/miil.dev.almic.ee\/wp-content\/uploads\/2024\/09\/Tookoha-moodul2.jpg","datePublished":"2024-09-16T12:18:43+00:00","dateModified":"2025-03-18T09:10:22+00:00","description":"Ty\u00f6kaluvaunu + Metallity\u00f6penkki | Kontti myynti | Containex myynti | Merikontti myynti | Merikontti vuokrata | Terminaalipalvelut","breadcrumb":{"@id":"https:\/\/miil.dev.almic.ee\/fi\/toode\/tyokaluvaunu-metallityopenkki\/#breadcrumb"},"inLanguage":"fi","potentialAction":[{"@type":"ReadAction","target":["https:\/\/miil.dev.almic.ee\/fi\/toode\/tyokaluvaunu-metallityopenkki\/"]}]},{"@type":"ImageObject","inLanguage":"fi","@id":"https:\/\/miil.dev.almic.ee\/fi\/toode\/tyokaluvaunu-metallityopenkki\/#primaryimage","url":"https:\/\/miil.dev.almic.ee\/wp-content\/uploads\/2024\/09\/Tookoha-moodul2.jpg","contentUrl":"https:\/\/miil.dev.almic.ee\/wp-content\/uploads\/2024\/09\/Tookoha-moodul2.jpg","width":986,"height":818,"caption":"T\u00f6\u00f6riistak\u00e4ru + t\u00f6\u00f6riistalaud"},{"@type":"BreadcrumbList","@id":"https:\/\/miil.dev.almic.ee\/fi\/toode\/tyokaluvaunu-metallityopenkki\/#breadcrumb","itemListElement":[{"@type":"ListItem","position":1,"name":"Home","item":"https:\/\/miil.dev.almic.ee\/fi\/"},{"@type":"ListItem","position":2,"name":"Kauppa","item":"https:\/\/miil.dev.almic.ee\/fi\/kauppa\/"},{"@type":"ListItem","position":3,"name":"Ty\u00f6kaluvaunu + Metallity\u00f6penkki"}]},{"@type":"WebSite","@id":"https:\/\/miil.dev.almic.ee\/#website","url":"https:\/\/miil.dev.almic.ee\/","name":"Miil O\u00dc","description":"Konteinerveod","publisher":{"@id":"https:\/\/miil.dev.almic.ee\/#organization"},"potentialAction":[{"@type":"SearchAction","target":{"@type":"EntryPoint","urlTemplate":"https:\/\/miil.dev.almic.ee\/?s={search_term_string}"},"query-input":{"@type":"PropertyValueSpecification","valueRequired":true,"valueName":"search_term_string"}}],"inLanguage":"fi"},{"@type":"Organization","@id":"https:\/\/miil.dev.almic.ee\/#organization","name":"Miil O\u00dc","url":"https:\/\/miil.dev.almic.ee\/","logo":{"@type":"ImageObject","inLanguage":"fi","@id":"https:\/\/miil.dev.almic.ee\/#\/schema\/logo\/image\/","url":"https:\/\/www.miil.ee\/wp-content\/uploads\/2022\/02\/Miil-logo.svg","contentUrl":"https:\/\/www.miil.ee\/wp-content\/uploads\/2022\/02\/Miil-logo.svg","width":"1024","height":"1024","caption":"Miil O\u00dc"},"image":{"@id":"https:\/\/miil.dev.almic.ee\/#\/schema\/logo\/image\/"},"sameAs":["https:\/\/www.facebook.com\/konteinerveod\/","https:\/\/www.instagram.com\/ou_miil\/"]}]},"product_price_amount":"1990.00","product_price_currency":"EUR","og_availability":"instock","product_availability":"instock","product_condition":"new"},"_links":{"self":[{"href":"https:\/\/miil.dev.almic.ee\/fi\/wp-json\/wp\/v2\/product\/74808","targetHints":{"allow":["GET"]}}],"collection":[{"href":"https:\/\/miil.dev.almic.ee\/fi\/wp-json\/wp\/v2\/product"}],"about":[{"href":"https:\/\/miil.dev.almic.ee\/fi\/wp-json\/wp\/v2\/types\/product"}],"replies":[{"embeddable":true,"href":"https:\/\/miil.dev.almic.ee\/fi\/wp-json\/wp\/v2\/comments?post=74808"}],"wp:featuredmedia":[{"embeddable":true,"href":"https:\/\/miil.dev.almic.ee\/fi\/wp-json\/wp\/v2\/media\/74813"}],"wp:attachment":[{"href":"https:\/\/miil.dev.almic.ee\/fi\/wp-json\/wp\/v2\/media?parent=74808"}],"wp:term":[{"taxonomy":"product_cat","embeddable":true,"href":"https:\/\/miil.dev.almic.ee\/fi\/wp-json\/wp\/v2\/product_cat?post=74808"},{"taxonomy":"product_tag","embeddable":true,"href":"https:\/\/miil.dev.almic.ee\/fi\/wp-json\/wp\/v2\/product_tag?post=74808"}],"curies":[{"name":"wp","href":"https:\/\/api.w.org\/{rel}","templated":true}]}}