{"id":72789,"date":"2024-08-21T09:52:57","date_gmt":"2024-08-21T06:52:58","guid":{"rendered":"https:\/\/www.miil.ee\/?post_type=product&#038;p=72789"},"modified":"2025-03-10T16:56:16","modified_gmt":"2025-03-10T14:56:16","slug":"20dc-iso-tank-kontti-toimitusaika-21-paivaa","status":"publish","type":"product","link":"https:\/\/miil.dev.almic.ee\/fi\/toode\/20dc-iso-tank-kontti-toimitusaika-21-paivaa\/","title":{"rendered":"20DC ISO tank kontti &#8211; MIIU0000004 &#8211; UUSI"},"content":{"rendered":"<h1>20DC ISO tank kontti<\/h1>\n<p>20DC ISO tank kontti &#8211; Myyd\u00e4\u00e4n s\u00e4ili\u00f6kontti\/nestes\u00e4ili\u00f6, t\u00e4m\u00e4 kontti on uusi, valmistettu Aasiassamme 08.2024.<br \/>\nS\u00e4ili\u00f6s\u00e4ili\u00f6 soveltuu erilaisten nesteiden s\u00e4ilytykseen tai kuljetukseen.<br \/>\nT\u00e4m\u00e4 kontti on kooltaan 20DC merikonttia, sit\u00e4 voidaan nostaa ja siirt\u00e4\u00e4 merikonttikuljetukseen tarkoitetuilla kuljetusv\u00e4lineill\u00e4.<br \/>\nS\u00e4ili\u00f6kontilla on tarvittavat sertifikaatit merikuljetukseen k\u00e4ytett\u00e4v\u00e4ksi.<\/p>\n<h2>20DC ISO tank kontti &#8211; S\u00e4ili\u00f6kontti varastona ja vuokrana<\/h2>\n<p>T\u00e4llainen s\u00e4ili\u00f6 soveltuu my\u00f6s paikan p\u00e4\u00e4ll\u00e4 olevaan varastointiin tai l\u00e4mm\u00f6n varastointiin.<br \/>\nT\u00e4llaista astiaa k\u00e4ytet\u00e4\u00e4n esimerkiksi elintarvikkeiden, liimojen, parafiinien tai jonkin muun kuljettamiseen.<br \/>\nS\u00e4ili\u00f6 voidaan l\u00e4mmitt\u00e4\u00e4 h\u00f6yryll\u00e4.<br \/>\nVuokrata tilalle? Pyyd\u00e4 tarjous my\u00f6s pitk\u00e4aikaiseen vuokraukseen <a href=\"mailto:info@miil.ee\">info@miil.ee<\/a><\/p>\n<h2>L\u00e4mmityss\u00e4ili\u00f6kontit<\/h2>\n<p>Meill\u00e4 on kaksi erityisesti rakennettua kattilataloa Iso-s\u00e4ili\u00f6konttien l\u00e4mmitykseen.<br \/>\nVoimme s\u00e4\u00e4t\u00e4\u00e4 l\u00e4mp\u00f6tilaa asiakkaan tarpeiden mukaan ja l\u00e4mmitt\u00e4\u00e4 s\u00e4ili\u00f6it\u00e4 ymp\u00e4ri vuoden.<br \/>\nOn mahdollista l\u00e4mmitt\u00e4\u00e4 jopa 6 nestes\u00e4ili\u00f6t\u00e4 kerralla.<br \/>\nKattilatalon lis\u00e4ksi meill\u00e4 on my\u00f6s tarvittavat laitteet ja osaaminen, kuten per\u00e4vaunut tynnyrien, letkujen ja ADR-koulutuksen kuljettamiseen.<\/p>\n<h2>Teknologiamme on modernia ja kuljettajamme ovat korkeasti koulutettuja.<\/h2>\n<ul>\n<li>Merikonttien myynti<\/li>\n<li>Merikontin vuokraus<\/li>\n<li>Merikonttien talteenotto<\/li>\n<li>Merikonttien korjaus<\/li>\n<li>Merikonttien varastointi<\/li>\n<li>L\u00e4mmitysakkujen myynti<\/li>\n<li>L\u00e4mmittimien vuokra<\/li>\n<li>Pienitalojen myynti<\/li>\n<li>Vuokraa minitaloja<\/li>\n<li>Kuljetus<\/li>\n<li>Varastopalvelu<\/li>\n<\/ul>\n<h2>Kuljetus ja nosto?<\/h2>\n<p>Sopivan kontin valinnan j\u00e4lkeen voimme hoitaa pakkaamisen ja kuljetuksen.<br \/>\nK\u00e4yt\u00e4mme kuljetukseen\u00a0<a href=\"https:\/\/www.miil.ee\/fi\/palvelut\/nosturi\/\">nosturia<\/a>\u00a0tai\u00a0<a href=\"https:\/\/www.miil.ee\/fi\/palvelut\/sideloader\/\">sideloader<\/a><br \/>\nmonimutkaisempi kuljetus on mahdollista\u00a0<a href=\"https:\/\/www.miil.ee\/fi\/palvelut\/ram-kippauslaite\/\">RAM per\u00e4vaunulla<\/a>.<\/p>\n<p>Kun olet ostanut sen, s\u00e4ilyt\u00e4mme konttisi terminaalissamme maksutta jopa kuusi kuukautta.<\/p>\n<p>Aina on mahdollista sopia pidemm\u00e4st\u00e4kin ajanjaksosta.<br \/>\nEsimerkiksi jos paikka ei ole viel\u00e4 valmis tai k\u00e4ytett\u00e4viss\u00e4 kontin toimittamiseksi.<br \/>\nT\u00e4ll\u00f6in kontin hinta ei muutu ja voit olla varma, ett\u00e4 saat valitun kontin sovittuna aikana.<\/p>\n<ul>\n<li>Parhaan hinnan takuu \u2013 teemme aina parhaan tarjouksen kontista.<\/li>\n<\/ul>\n<p>Seuraa meit\u00e4\u00a0<a href=\"https:\/\/www.facebook.com\/konteinerveod\/\">Facebook<\/a>\u00a0tai\u00a0<a href=\"https:\/\/www.instagram.com\/ou_miil\/\">Instagram<\/a><\/p>\n","protected":false},"excerpt":{"rendered":"<p>20DC ISO s\u00e4ili\u00f6kontti on uusi nestes\u00e4ili\u00f6, joka soveltuu erilaisten nesteiden s\u00e4ilytykseen ja kuljetukseen, ja sill\u00e4 on tarvittavat sertifikaatit merikuljetuksiin. Konttia voi my\u00f6s k\u00e4ytt\u00e4\u00e4 varastointiin tai l\u00e4mm\u00f6n varastointiin, ja sen voi l\u00e4mmitt\u00e4\u00e4 h\u00f6yryll\u00e4, ja pitk\u00e4aikaista vuokrausta voi tiedustella.<\/p>\n","protected":false},"featured_media":79554,"comment_status":"closed","ping_status":"closed","template":"","meta":{"_acf_changed":false},"product_cat":[355,451],"product_tag":[],"class_list":{"0":"post-72789","1":"product","2":"type-product","3":"status-publish","4":"has-post-thumbnail","6":"product_cat-uudet-kontit","7":"product_cat-20-6-metria-fi","9":"first","10":"instock","11":"sale","12":"shipping-taxable","13":"purchasable","14":"product-type-simple"},"acf":[],"yoast_head":"<!-- This site is optimized with the Yoast SEO Premium plugin v23.9 (Yoast SEO v27.5) - https:\/\/yoast.com\/product\/yoast-seo-premium-wordpress\/ -->\n<title>20DC ISO tank kontti - MIIU0000004 - UUSI - Miil O\u00dc<\/title>\n<meta name=\"description\" content=\"20DC ISO tank kontti, t\u00e4m\u00e4 kontti on uusi | S\u00e4ili\u00f6kontti varastona ja vuokrana | *Merikonttien myynti | Merikontin vuokraus\" \/>\n<meta name=\"robots\" content=\"index, follow, max-snippet:-1, max-image-preview:large, max-video-preview:-1\" \/>\n<link rel=\"canonical\" href=\"https:\/\/miil.dev.almic.ee\/fi\/toode\/20dc-iso-tank-kontti-toimitusaika-21-paivaa\/\" \/>\n<meta property=\"og:locale\" content=\"fi_FI\" \/>\n<meta property=\"og:type\" content=\"article\" \/>\n<meta property=\"og:title\" content=\"20DC ISO tank kontti - MIIU0000004 - UUSI\" \/>\n<meta property=\"og:description\" content=\"20DC ISO tank kontti, t\u00e4m\u00e4 kontti on uusi | S\u00e4ili\u00f6kontti varastona ja vuokrana | *Merikonttien myynti | Merikontin vuokraus\" \/>\n<meta property=\"og:url\" content=\"https:\/\/miil.dev.almic.ee\/fi\/toode\/20dc-iso-tank-kontti-toimitusaika-21-paivaa\/\" \/>\n<meta property=\"og:site_name\" content=\"Miil O\u00dc\" \/>\n<meta property=\"article:publisher\" content=\"https:\/\/www.facebook.com\/konteinerveod\/\" \/>\n<meta property=\"article:modified_time\" content=\"2025-03-10T14:56:16+00:00\" \/>\n<meta property=\"og:image\" content=\"https:\/\/miil.dev.almic.ee\/wp-content\/uploads\/2024\/08\/fd3f951f-a5fc-4646-9576-df994136ead2-scaled.jpg\" \/>\n\t<meta property=\"og:image:width\" content=\"1900\" \/>\n\t<meta property=\"og:image:height\" content=\"1425\" \/>\n\t<meta property=\"og:image:type\" content=\"image\/jpeg\" \/>\n<meta name=\"twitter:card\" content=\"summary_large_image\" \/>\n<meta name=\"twitter:label1\" content=\"Hinta\" \/>\n\t<meta name=\"twitter:data1\" content=\"19990,00&nbsp;&euro;\" \/>\n\t<meta name=\"twitter:label2\" content=\"Saatavuus\" \/>\n\t<meta name=\"twitter:data2\" content=\"Varastossa\" \/>\n<script type=\"application\/ld+json\" class=\"yoast-schema-graph\">{\"@context\":\"https:\\\/\\\/schema.org\",\"@graph\":[{\"@type\":\"WebPage\",\"@id\":\"https:\\\/\\\/miil.dev.almic.ee\\\/fi\\\/toode\\\/20dc-iso-tank-kontti-toimitusaika-21-paivaa\\\/\",\"url\":\"https:\\\/\\\/miil.dev.almic.ee\\\/fi\\\/toode\\\/20dc-iso-tank-kontti-toimitusaika-21-paivaa\\\/\",\"name\":\"20DC ISO tank kontti - MIIU0000004 - UUSI - Miil O\u00dc\",\"isPartOf\":{\"@id\":\"https:\\\/\\\/miil.dev.almic.ee\\\/#website\"},\"primaryImageOfPage\":{\"@id\":\"https:\\\/\\\/miil.dev.almic.ee\\\/fi\\\/toode\\\/20dc-iso-tank-kontti-toimitusaika-21-paivaa\\\/#primaryimage\"},\"image\":{\"@id\":\"https:\\\/\\\/miil.dev.almic.ee\\\/fi\\\/toode\\\/20dc-iso-tank-kontti-toimitusaika-21-paivaa\\\/#primaryimage\"},\"thumbnailUrl\":\"https:\\\/\\\/miil.dev.almic.ee\\\/wp-content\\\/uploads\\\/2024\\\/08\\\/fd3f951f-a5fc-4646-9576-df994136ead2-scaled.jpg\",\"datePublished\":\"2024-08-21T06:52:58+00:00\",\"dateModified\":\"2025-03-10T14:56:16+00:00\",\"description\":\"20DC ISO tank kontti, t\u00e4m\u00e4 kontti on uusi | S\u00e4ili\u00f6kontti varastona ja vuokrana | *Merikonttien myynti | Merikontin vuokraus\",\"breadcrumb\":{\"@id\":\"https:\\\/\\\/miil.dev.almic.ee\\\/fi\\\/toode\\\/20dc-iso-tank-kontti-toimitusaika-21-paivaa\\\/#breadcrumb\"},\"inLanguage\":\"fi\",\"potentialAction\":[{\"@type\":\"ReadAction\",\"target\":[\"https:\\\/\\\/miil.dev.almic.ee\\\/fi\\\/toode\\\/20dc-iso-tank-kontti-toimitusaika-21-paivaa\\\/\"]}]},{\"@type\":\"ImageObject\",\"inLanguage\":\"fi\",\"@id\":\"https:\\\/\\\/miil.dev.almic.ee\\\/fi\\\/toode\\\/20dc-iso-tank-kontti-toimitusaika-21-paivaa\\\/#primaryimage\",\"url\":\"https:\\\/\\\/miil.dev.almic.ee\\\/wp-content\\\/uploads\\\/2024\\\/08\\\/fd3f951f-a5fc-4646-9576-df994136ead2-scaled.jpg\",\"contentUrl\":\"https:\\\/\\\/miil.dev.almic.ee\\\/wp-content\\\/uploads\\\/2024\\\/08\\\/fd3f951f-a5fc-4646-9576-df994136ead2-scaled.jpg\",\"width\":1900,\"height\":1425},{\"@type\":\"BreadcrumbList\",\"@id\":\"https:\\\/\\\/miil.dev.almic.ee\\\/fi\\\/toode\\\/20dc-iso-tank-kontti-toimitusaika-21-paivaa\\\/#breadcrumb\",\"itemListElement\":[{\"@type\":\"ListItem\",\"position\":1,\"name\":\"Home\",\"item\":\"https:\\\/\\\/miil.dev.almic.ee\\\/fi\\\/\"},{\"@type\":\"ListItem\",\"position\":2,\"name\":\"Kauppa\",\"item\":\"https:\\\/\\\/miil.dev.almic.ee\\\/fi\\\/kauppa\\\/\"},{\"@type\":\"ListItem\",\"position\":3,\"name\":\"20DC ISO tank kontti &#8211; MIIU0000004 &#8211; UUSI\"}]},{\"@type\":\"WebSite\",\"@id\":\"https:\\\/\\\/miil.dev.almic.ee\\\/#website\",\"url\":\"https:\\\/\\\/miil.dev.almic.ee\\\/\",\"name\":\"Miil O\u00dc\",\"description\":\"Konteinerveod\",\"publisher\":{\"@id\":\"https:\\\/\\\/miil.dev.almic.ee\\\/#organization\"},\"potentialAction\":[{\"@type\":\"SearchAction\",\"target\":{\"@type\":\"EntryPoint\",\"urlTemplate\":\"https:\\\/\\\/miil.dev.almic.ee\\\/?s={search_term_string}\"},\"query-input\":{\"@type\":\"PropertyValueSpecification\",\"valueRequired\":true,\"valueName\":\"search_term_string\"}}],\"inLanguage\":\"fi\"},{\"@type\":\"Organization\",\"@id\":\"https:\\\/\\\/miil.dev.almic.ee\\\/#organization\",\"name\":\"Miil O\u00dc\",\"url\":\"https:\\\/\\\/miil.dev.almic.ee\\\/\",\"logo\":{\"@type\":\"ImageObject\",\"inLanguage\":\"fi\",\"@id\":\"https:\\\/\\\/miil.dev.almic.ee\\\/#\\\/schema\\\/logo\\\/image\\\/\",\"url\":\"https:\\\/\\\/www.miil.ee\\\/wp-content\\\/uploads\\\/2022\\\/02\\\/Miil-logo.svg\",\"contentUrl\":\"https:\\\/\\\/www.miil.ee\\\/wp-content\\\/uploads\\\/2022\\\/02\\\/Miil-logo.svg\",\"width\":\"1024\",\"height\":\"1024\",\"caption\":\"Miil O\u00dc\"},\"image\":{\"@id\":\"https:\\\/\\\/miil.dev.almic.ee\\\/#\\\/schema\\\/logo\\\/image\\\/\"},\"sameAs\":[\"https:\\\/\\\/www.facebook.com\\\/konteinerveod\\\/\",\"https:\\\/\\\/www.instagram.com\\\/ou_miil\\\/\"]}]}<\/script>\n<meta property=\"product:price:amount\" content=\"19990.00\" \/>\n<meta property=\"product:price:currency\" content=\"EUR\" \/>\n<meta property=\"og:availability\" content=\"instock\" \/>\n<meta property=\"product:availability\" content=\"instock\" \/>\n<meta property=\"product:retailer_item_id\" content=\"MIIU0000004\" \/>\n<meta property=\"product:condition\" content=\"new\" \/>\n<!-- \/ Yoast SEO Premium plugin. -->","yoast_head_json":{"title":"20DC ISO tank kontti - MIIU0000004 - UUSI - Miil O\u00dc","description":"20DC ISO tank kontti, t\u00e4m\u00e4 kontti on uusi | S\u00e4ili\u00f6kontti varastona ja vuokrana | *Merikonttien myynti | Merikontin vuokraus","robots":{"index":"index","follow":"follow","max-snippet":"max-snippet:-1","max-image-preview":"max-image-preview:large","max-video-preview":"max-video-preview:-1"},"canonical":"https:\/\/miil.dev.almic.ee\/fi\/toode\/20dc-iso-tank-kontti-toimitusaika-21-paivaa\/","og_locale":"fi_FI","og_type":"article","og_title":"20DC ISO tank kontti - MIIU0000004 - UUSI","og_description":"20DC ISO tank kontti, t\u00e4m\u00e4 kontti on uusi | S\u00e4ili\u00f6kontti varastona ja vuokrana | *Merikonttien myynti | Merikontin vuokraus","og_url":"https:\/\/miil.dev.almic.ee\/fi\/toode\/20dc-iso-tank-kontti-toimitusaika-21-paivaa\/","og_site_name":"Miil O\u00dc","article_publisher":"https:\/\/www.facebook.com\/konteinerveod\/","article_modified_time":"2025-03-10T14:56:16+00:00","og_image":[{"width":1900,"height":1425,"url":"https:\/\/miil.dev.almic.ee\/wp-content\/uploads\/2024\/08\/fd3f951f-a5fc-4646-9576-df994136ead2-scaled.jpg","type":"image\/jpeg"}],"twitter_card":"summary_large_image","twitter_misc":{"Hinta":"19990,00&nbsp;&euro;","Saatavuus":"Varastossa"},"schema":{"@context":"https:\/\/schema.org","@graph":[{"@type":"WebPage","@id":"https:\/\/miil.dev.almic.ee\/fi\/toode\/20dc-iso-tank-kontti-toimitusaika-21-paivaa\/","url":"https:\/\/miil.dev.almic.ee\/fi\/toode\/20dc-iso-tank-kontti-toimitusaika-21-paivaa\/","name":"20DC ISO tank kontti - MIIU0000004 - UUSI - Miil O\u00dc","isPartOf":{"@id":"https:\/\/miil.dev.almic.ee\/#website"},"primaryImageOfPage":{"@id":"https:\/\/miil.dev.almic.ee\/fi\/toode\/20dc-iso-tank-kontti-toimitusaika-21-paivaa\/#primaryimage"},"image":{"@id":"https:\/\/miil.dev.almic.ee\/fi\/toode\/20dc-iso-tank-kontti-toimitusaika-21-paivaa\/#primaryimage"},"thumbnailUrl":"https:\/\/miil.dev.almic.ee\/wp-content\/uploads\/2024\/08\/fd3f951f-a5fc-4646-9576-df994136ead2-scaled.jpg","datePublished":"2024-08-21T06:52:58+00:00","dateModified":"2025-03-10T14:56:16+00:00","description":"20DC ISO tank kontti, t\u00e4m\u00e4 kontti on uusi | S\u00e4ili\u00f6kontti varastona ja vuokrana | *Merikonttien myynti | Merikontin vuokraus","breadcrumb":{"@id":"https:\/\/miil.dev.almic.ee\/fi\/toode\/20dc-iso-tank-kontti-toimitusaika-21-paivaa\/#breadcrumb"},"inLanguage":"fi","potentialAction":[{"@type":"ReadAction","target":["https:\/\/miil.dev.almic.ee\/fi\/toode\/20dc-iso-tank-kontti-toimitusaika-21-paivaa\/"]}]},{"@type":"ImageObject","inLanguage":"fi","@id":"https:\/\/miil.dev.almic.ee\/fi\/toode\/20dc-iso-tank-kontti-toimitusaika-21-paivaa\/#primaryimage","url":"https:\/\/miil.dev.almic.ee\/wp-content\/uploads\/2024\/08\/fd3f951f-a5fc-4646-9576-df994136ead2-scaled.jpg","contentUrl":"https:\/\/miil.dev.almic.ee\/wp-content\/uploads\/2024\/08\/fd3f951f-a5fc-4646-9576-df994136ead2-scaled.jpg","width":1900,"height":1425},{"@type":"BreadcrumbList","@id":"https:\/\/miil.dev.almic.ee\/fi\/toode\/20dc-iso-tank-kontti-toimitusaika-21-paivaa\/#breadcrumb","itemListElement":[{"@type":"ListItem","position":1,"name":"Home","item":"https:\/\/miil.dev.almic.ee\/fi\/"},{"@type":"ListItem","position":2,"name":"Kauppa","item":"https:\/\/miil.dev.almic.ee\/fi\/kauppa\/"},{"@type":"ListItem","position":3,"name":"20DC ISO tank kontti &#8211; MIIU0000004 &#8211; UUSI"}]},{"@type":"WebSite","@id":"https:\/\/miil.dev.almic.ee\/#website","url":"https:\/\/miil.dev.almic.ee\/","name":"Miil O\u00dc","description":"Konteinerveod","publisher":{"@id":"https:\/\/miil.dev.almic.ee\/#organization"},"potentialAction":[{"@type":"SearchAction","target":{"@type":"EntryPoint","urlTemplate":"https:\/\/miil.dev.almic.ee\/?s={search_term_string}"},"query-input":{"@type":"PropertyValueSpecification","valueRequired":true,"valueName":"search_term_string"}}],"inLanguage":"fi"},{"@type":"Organization","@id":"https:\/\/miil.dev.almic.ee\/#organization","name":"Miil O\u00dc","url":"https:\/\/miil.dev.almic.ee\/","logo":{"@type":"ImageObject","inLanguage":"fi","@id":"https:\/\/miil.dev.almic.ee\/#\/schema\/logo\/image\/","url":"https:\/\/www.miil.ee\/wp-content\/uploads\/2022\/02\/Miil-logo.svg","contentUrl":"https:\/\/www.miil.ee\/wp-content\/uploads\/2022\/02\/Miil-logo.svg","width":"1024","height":"1024","caption":"Miil O\u00dc"},"image":{"@id":"https:\/\/miil.dev.almic.ee\/#\/schema\/logo\/image\/"},"sameAs":["https:\/\/www.facebook.com\/konteinerveod\/","https:\/\/www.instagram.com\/ou_miil\/"]}]},"product_price_amount":"19990.00","product_price_currency":"EUR","og_availability":"instock","product_availability":"instock","product_retailer_item_id":"MIIU0000004","product_condition":"new"},"_links":{"self":[{"href":"https:\/\/miil.dev.almic.ee\/fi\/wp-json\/wp\/v2\/product\/72789","targetHints":{"allow":["GET"]}}],"collection":[{"href":"https:\/\/miil.dev.almic.ee\/fi\/wp-json\/wp\/v2\/product"}],"about":[{"href":"https:\/\/miil.dev.almic.ee\/fi\/wp-json\/wp\/v2\/types\/product"}],"replies":[{"embeddable":true,"href":"https:\/\/miil.dev.almic.ee\/fi\/wp-json\/wp\/v2\/comments?post=72789"}],"wp:featuredmedia":[{"embeddable":true,"href":"https:\/\/miil.dev.almic.ee\/fi\/wp-json\/wp\/v2\/media\/79554"}],"wp:attachment":[{"href":"https:\/\/miil.dev.almic.ee\/fi\/wp-json\/wp\/v2\/media?parent=72789"}],"wp:term":[{"taxonomy":"product_cat","embeddable":true,"href":"https:\/\/miil.dev.almic.ee\/fi\/wp-json\/wp\/v2\/product_cat?post=72789"},{"taxonomy":"product_tag","embeddable":true,"href":"https:\/\/miil.dev.almic.ee\/fi\/wp-json\/wp\/v2\/product_tag?post=72789"}],"curies":[{"name":"wp","href":"https:\/\/api.w.org\/{rel}","templated":true}]}}