{"id":69788,"date":"2024-07-19T08:48:00","date_gmt":"2024-07-19T05:48:01","guid":{"rendered":"https:\/\/www.miil.ee\/?post_type=product&#038;p=69788"},"modified":"2025-03-07T12:50:02","modified_gmt":"2025-03-07T10:50:02","slug":"20dd-merikontti-miiu3396486-tallinn","status":"publish","type":"product","link":"https:\/\/miil.dev.almic.ee\/fi\/toode\/20dd-merikontti-miiu3396486-tallinn\/","title":{"rendered":"20DD Merikontti MIIU3396486 &#8211; TALLINN (kaksi ovea)"},"content":{"rendered":"<h1>K\u00e4ytettyjen merikonttien myynti MIIU3396486.<\/h1>\n<p>K\u00e4ytettyjen merikonttien myynti MIIU3396486 on merikelpoisessa kunnossa, ellei kuvassa tai tekstiss\u00e4 toisin mainita;<br \/>\n*Merikontti vastaa kuvia.<br \/>\n*Kontin ovet voi avata ja sulkea henkil\u00f6.<br \/>\n* S\u00e4ili\u00f6n kansi on ehj\u00e4 eik\u00e4 vuoda vett\u00e4.<br \/>\n*Kontin pohja on ehj\u00e4 ja siin\u00e4 on mahdollista k\u00e4ytt\u00e4\u00e4 trukkia tai k\u00e4sikuormaajaa.<br \/>\n* S\u00e4ili\u00f6ss\u00e4 ei ole rakenteellisia vaurioita.<br \/>\n*Inbank.ee &#8211; tarjoaa talletuksen t\u00e4lle yksik\u00f6lle ja alennuskoodi on &#8221;KONTEINER&#8221;<br \/>\n*12 metrin merikontin vuokra: 99.- +alv\/kk<br \/>\n*6 metrin merikontin vuokra: 50.- +alv\/kk<\/p>\n<h2>K\u00e4ytettyjen merikonttien myynti MIIU3396486 &#8211; Miten kontin hinta lasketaan?<\/h2>\n<p>Merikontin hinta riippuu monesta asiasta, mutta myyntihinta liittyy yleens\u00e4 kontin kuntoon.<br \/>\nHintaan vaikuttavat my\u00f6s kontin hankintahinta, kontin saapumistapa terminaaliin, kontin sijainti terminaalissa ja onko kontista loppuneet lis\u00e4kulut, kuten v\u00e4lisiivous, sis\u00e4siivous tai remontti. . Jotta voimme palvella asiakkaitamme paremmin, myyntipisteemme sijaitsevat eri puolilla Viroa. P\u00e4\u00e4kaupungin ulkopuolella olevan kontin hinta riippuu my\u00f6s siit\u00e4, miten se kuljetetaan terminaalien v\u00e4lill\u00e4.<\/p>\n<h2>K\u00e4ytetty merikontti myyti MIIU3396486 &#8211; Kuljetus ja nosto?<\/h2>\n<p>Sopivan kontin valinnan j\u00e4lkeen voimme hoitaa pakkaamisen ja kuljetuksen.<br \/>\nK\u00e4yt\u00e4mme kuljetukseen <a href=\"https:\/\/www.miil.ee\/fi\/palvelut\/nosturi\/\">nosturia<\/a> tai <a href=\"https:\/\/www.miil.ee\/fi\/palvelut\/sideloader\/\">sideloader<\/a><br \/>\nmonimutkaisempi kuljetus on mahdollista <a href=\"https:\/\/www.miil.ee\/fi\/palvelut\/ram-kippauslaite\/\">RAM per\u00e4vaunulla<\/a>.<br \/>\nKun olet ostanut sen, s\u00e4ilyt\u00e4mme konttisi terminaalissamme maksutta jopa kuusi kuukautta.<br \/>\nAina on mahdollista sopia pidemm\u00e4st\u00e4kin ajanjaksosta.<br \/>\nEsimerkiksi jos paikka ei ole viel\u00e4 valmis tai k\u00e4ytett\u00e4viss\u00e4 kontin toimittamiseksi.<br \/>\nT\u00e4ll\u00f6in kontin hinta ei muutu ja voit olla varma, ett\u00e4 saat valitun kontin sovittuna aikana.<\/p>\n<ul>\n<li>Parhaan hinnan takuu &#8211; teemme aina parhaan tarjouksen kontista.<\/li>\n<\/ul>\n<p>Seuraa meit\u00e4 <a href=\"https:\/\/www.facebook.com\/konteinerveod\/\">Facebook<\/a> tai <a href=\"https:\/\/www.instagram.com\/ou_miil\/\">Instagram<\/a><\/p>\n","protected":false},"excerpt":{"rendered":"<p>K\u00e4ytetty merikontti on merikelpoisessa kunnossa ilman rakenteellisia vaurioita, ja se on saatavilla myyntiin tai vuokralle. Tarjoamme joustavaa kuljetusta, ilmaisen varastoinnin jopa kuuden kuukauden ajan sek\u00e4 parhaan hinnan takuun, ja mahdollisuuden ostaa nyt ja maksaa my\u00f6hemmin rahoituskumppaneidemme kautta.<\/p>\n","protected":false},"featured_media":69808,"comment_status":"closed","ping_status":"closed","template":"","meta":{"_acf_changed":false},"product_cat":[331,363,367,371],"product_tag":[905],"class_list":{"0":"post-69788","1":"product","2":"type-product","3":"status-publish","4":"has-post-thumbnail","6":"product_cat-kaytetyt-kontit","7":"product_cat-20-6-metria","8":"product_cat-20-dc-vakio","9":"product_cat-20-dd-pariovilla","10":"product_tag-v-fi","12":"first","13":"instock","14":"shipping-taxable","15":"purchasable","16":"product-type-simple"},"acf":[],"yoast_head":"<!-- This site is optimized with the Yoast SEO Premium plugin v23.9 (Yoast SEO v27.5) - https:\/\/yoast.com\/product\/yoast-seo-premium-wordpress\/ -->\n<title>K\u00e4ytettyjen merikonttien myynti MIIU3396486 - Miil O\u00dc<\/title>\n<meta name=\"description\" content=\"K\u00e4ytettyjen merikonttien myynti MIIU3396486 | Kontti myynti | Containex myynti | Merikontti myynti | Merikontti vuokrata | Terminaalipalvelut\" \/>\n<meta name=\"robots\" content=\"index, follow, max-snippet:-1, max-image-preview:large, max-video-preview:-1\" \/>\n<link rel=\"canonical\" href=\"https:\/\/miil.dev.almic.ee\/fi\/toode\/20dd-merikontti-miiu3396486-tallinn\/\" \/>\n<meta property=\"og:locale\" content=\"fi_FI\" \/>\n<meta property=\"og:type\" content=\"article\" \/>\n<meta property=\"og:title\" content=\"20DD Merikontti MIIU3396486 - TALLINN (kaksi ovea)\" \/>\n<meta property=\"og:description\" content=\"K\u00e4ytettyjen merikonttien myynti MIIU3396486 | Kontti myynti | Containex myynti | Merikontti myynti | Merikontti vuokrata | Terminaalipalvelut\" \/>\n<meta property=\"og:url\" content=\"https:\/\/miil.dev.almic.ee\/fi\/toode\/20dd-merikontti-miiu3396486-tallinn\/\" \/>\n<meta property=\"og:site_name\" content=\"Miil O\u00dc\" \/>\n<meta property=\"article:publisher\" content=\"https:\/\/www.facebook.com\/konteinerveod\/\" \/>\n<meta property=\"article:modified_time\" content=\"2025-03-07T10:50:02+00:00\" \/>\n<meta property=\"og:image\" content=\"https:\/\/miil.dev.almic.ee\/wp-content\/uploads\/2024\/07\/4-scaled.jpg\" \/>\n\t<meta property=\"og:image:width\" content=\"1900\" \/>\n\t<meta property=\"og:image:height\" content=\"1425\" \/>\n\t<meta property=\"og:image:type\" content=\"image\/jpeg\" \/>\n<meta name=\"twitter:card\" content=\"summary_large_image\" \/>\n<meta name=\"twitter:label1\" content=\"Hinta\" \/>\n\t<meta name=\"twitter:data1\" content=\"3650,00&nbsp;&euro;\" \/>\n\t<meta name=\"twitter:label2\" content=\"Saatavuus\" \/>\n\t<meta name=\"twitter:data2\" content=\"Varastossa\" \/>\n<script type=\"application\/ld+json\" class=\"yoast-schema-graph\">{\"@context\":\"https:\\\/\\\/schema.org\",\"@graph\":[{\"@type\":\"WebPage\",\"@id\":\"https:\\\/\\\/miil.dev.almic.ee\\\/fi\\\/toode\\\/20dd-merikontti-miiu3396486-tallinn\\\/\",\"url\":\"https:\\\/\\\/miil.dev.almic.ee\\\/fi\\\/toode\\\/20dd-merikontti-miiu3396486-tallinn\\\/\",\"name\":\"K\u00e4ytettyjen merikonttien myynti MIIU3396486 - Miil O\u00dc\",\"isPartOf\":{\"@id\":\"https:\\\/\\\/miil.dev.almic.ee\\\/#website\"},\"primaryImageOfPage\":{\"@id\":\"https:\\\/\\\/miil.dev.almic.ee\\\/fi\\\/toode\\\/20dd-merikontti-miiu3396486-tallinn\\\/#primaryimage\"},\"image\":{\"@id\":\"https:\\\/\\\/miil.dev.almic.ee\\\/fi\\\/toode\\\/20dd-merikontti-miiu3396486-tallinn\\\/#primaryimage\"},\"thumbnailUrl\":\"https:\\\/\\\/miil.dev.almic.ee\\\/wp-content\\\/uploads\\\/2024\\\/07\\\/4-scaled.jpg\",\"datePublished\":\"2024-07-19T05:48:01+00:00\",\"dateModified\":\"2025-03-07T10:50:02+00:00\",\"description\":\"K\u00e4ytettyjen merikonttien myynti MIIU3396486 | Kontti myynti | Containex myynti | Merikontti myynti | Merikontti vuokrata | Terminaalipalvelut\",\"breadcrumb\":{\"@id\":\"https:\\\/\\\/miil.dev.almic.ee\\\/fi\\\/toode\\\/20dd-merikontti-miiu3396486-tallinn\\\/#breadcrumb\"},\"inLanguage\":\"fi\",\"potentialAction\":[{\"@type\":\"ReadAction\",\"target\":[\"https:\\\/\\\/miil.dev.almic.ee\\\/fi\\\/toode\\\/20dd-merikontti-miiu3396486-tallinn\\\/\"]}]},{\"@type\":\"ImageObject\",\"inLanguage\":\"fi\",\"@id\":\"https:\\\/\\\/miil.dev.almic.ee\\\/fi\\\/toode\\\/20dd-merikontti-miiu3396486-tallinn\\\/#primaryimage\",\"url\":\"https:\\\/\\\/miil.dev.almic.ee\\\/wp-content\\\/uploads\\\/2024\\\/07\\\/4-scaled.jpg\",\"contentUrl\":\"https:\\\/\\\/miil.dev.almic.ee\\\/wp-content\\\/uploads\\\/2024\\\/07\\\/4-scaled.jpg\",\"width\":1900,\"height\":1425},{\"@type\":\"BreadcrumbList\",\"@id\":\"https:\\\/\\\/miil.dev.almic.ee\\\/fi\\\/toode\\\/20dd-merikontti-miiu3396486-tallinn\\\/#breadcrumb\",\"itemListElement\":[{\"@type\":\"ListItem\",\"position\":1,\"name\":\"Home\",\"item\":\"https:\\\/\\\/miil.dev.almic.ee\\\/fi\\\/\"},{\"@type\":\"ListItem\",\"position\":2,\"name\":\"Kauppa\",\"item\":\"https:\\\/\\\/miil.dev.almic.ee\\\/fi\\\/kauppa\\\/\"},{\"@type\":\"ListItem\",\"position\":3,\"name\":\"20DD Merikontti MIIU3396486 &#8211; TALLINN (kaksi ovea)\"}]},{\"@type\":\"WebSite\",\"@id\":\"https:\\\/\\\/miil.dev.almic.ee\\\/#website\",\"url\":\"https:\\\/\\\/miil.dev.almic.ee\\\/\",\"name\":\"Miil O\u00dc\",\"description\":\"Konteinerveod\",\"publisher\":{\"@id\":\"https:\\\/\\\/miil.dev.almic.ee\\\/#organization\"},\"potentialAction\":[{\"@type\":\"SearchAction\",\"target\":{\"@type\":\"EntryPoint\",\"urlTemplate\":\"https:\\\/\\\/miil.dev.almic.ee\\\/?s={search_term_string}\"},\"query-input\":{\"@type\":\"PropertyValueSpecification\",\"valueRequired\":true,\"valueName\":\"search_term_string\"}}],\"inLanguage\":\"fi\"},{\"@type\":\"Organization\",\"@id\":\"https:\\\/\\\/miil.dev.almic.ee\\\/#organization\",\"name\":\"Miil O\u00dc\",\"url\":\"https:\\\/\\\/miil.dev.almic.ee\\\/\",\"logo\":{\"@type\":\"ImageObject\",\"inLanguage\":\"fi\",\"@id\":\"https:\\\/\\\/miil.dev.almic.ee\\\/#\\\/schema\\\/logo\\\/image\\\/\",\"url\":\"https:\\\/\\\/www.miil.ee\\\/wp-content\\\/uploads\\\/2022\\\/02\\\/Miil-logo.svg\",\"contentUrl\":\"https:\\\/\\\/www.miil.ee\\\/wp-content\\\/uploads\\\/2022\\\/02\\\/Miil-logo.svg\",\"width\":\"1024\",\"height\":\"1024\",\"caption\":\"Miil O\u00dc\"},\"image\":{\"@id\":\"https:\\\/\\\/miil.dev.almic.ee\\\/#\\\/schema\\\/logo\\\/image\\\/\"},\"sameAs\":[\"https:\\\/\\\/www.facebook.com\\\/konteinerveod\\\/\",\"https:\\\/\\\/www.instagram.com\\\/ou_miil\\\/\"]}]}<\/script>\n<meta property=\"product:price:amount\" content=\"3650.00\" \/>\n<meta property=\"product:price:currency\" content=\"EUR\" \/>\n<meta property=\"og:availability\" content=\"instock\" \/>\n<meta property=\"product:availability\" content=\"instock\" \/>\n<meta property=\"product:retailer_item_id\" content=\"MIIU3396486\" \/>\n<meta property=\"product:condition\" content=\"new\" \/>\n<!-- \/ Yoast SEO Premium plugin. -->","yoast_head_json":{"title":"K\u00e4ytettyjen merikonttien myynti MIIU3396486 - Miil O\u00dc","description":"K\u00e4ytettyjen merikonttien myynti MIIU3396486 | Kontti myynti | Containex myynti | Merikontti myynti | Merikontti vuokrata | Terminaalipalvelut","robots":{"index":"index","follow":"follow","max-snippet":"max-snippet:-1","max-image-preview":"max-image-preview:large","max-video-preview":"max-video-preview:-1"},"canonical":"https:\/\/miil.dev.almic.ee\/fi\/toode\/20dd-merikontti-miiu3396486-tallinn\/","og_locale":"fi_FI","og_type":"article","og_title":"20DD Merikontti MIIU3396486 - TALLINN (kaksi ovea)","og_description":"K\u00e4ytettyjen merikonttien myynti MIIU3396486 | Kontti myynti | Containex myynti | Merikontti myynti | Merikontti vuokrata | Terminaalipalvelut","og_url":"https:\/\/miil.dev.almic.ee\/fi\/toode\/20dd-merikontti-miiu3396486-tallinn\/","og_site_name":"Miil O\u00dc","article_publisher":"https:\/\/www.facebook.com\/konteinerveod\/","article_modified_time":"2025-03-07T10:50:02+00:00","og_image":[{"width":1900,"height":1425,"url":"https:\/\/miil.dev.almic.ee\/wp-content\/uploads\/2024\/07\/4-scaled.jpg","type":"image\/jpeg"}],"twitter_card":"summary_large_image","twitter_misc":{"Hinta":"3650,00&nbsp;&euro;","Saatavuus":"Varastossa"},"schema":{"@context":"https:\/\/schema.org","@graph":[{"@type":"WebPage","@id":"https:\/\/miil.dev.almic.ee\/fi\/toode\/20dd-merikontti-miiu3396486-tallinn\/","url":"https:\/\/miil.dev.almic.ee\/fi\/toode\/20dd-merikontti-miiu3396486-tallinn\/","name":"K\u00e4ytettyjen merikonttien myynti MIIU3396486 - Miil O\u00dc","isPartOf":{"@id":"https:\/\/miil.dev.almic.ee\/#website"},"primaryImageOfPage":{"@id":"https:\/\/miil.dev.almic.ee\/fi\/toode\/20dd-merikontti-miiu3396486-tallinn\/#primaryimage"},"image":{"@id":"https:\/\/miil.dev.almic.ee\/fi\/toode\/20dd-merikontti-miiu3396486-tallinn\/#primaryimage"},"thumbnailUrl":"https:\/\/miil.dev.almic.ee\/wp-content\/uploads\/2024\/07\/4-scaled.jpg","datePublished":"2024-07-19T05:48:01+00:00","dateModified":"2025-03-07T10:50:02+00:00","description":"K\u00e4ytettyjen merikonttien myynti MIIU3396486 | Kontti myynti | Containex myynti | Merikontti myynti | Merikontti vuokrata | Terminaalipalvelut","breadcrumb":{"@id":"https:\/\/miil.dev.almic.ee\/fi\/toode\/20dd-merikontti-miiu3396486-tallinn\/#breadcrumb"},"inLanguage":"fi","potentialAction":[{"@type":"ReadAction","target":["https:\/\/miil.dev.almic.ee\/fi\/toode\/20dd-merikontti-miiu3396486-tallinn\/"]}]},{"@type":"ImageObject","inLanguage":"fi","@id":"https:\/\/miil.dev.almic.ee\/fi\/toode\/20dd-merikontti-miiu3396486-tallinn\/#primaryimage","url":"https:\/\/miil.dev.almic.ee\/wp-content\/uploads\/2024\/07\/4-scaled.jpg","contentUrl":"https:\/\/miil.dev.almic.ee\/wp-content\/uploads\/2024\/07\/4-scaled.jpg","width":1900,"height":1425},{"@type":"BreadcrumbList","@id":"https:\/\/miil.dev.almic.ee\/fi\/toode\/20dd-merikontti-miiu3396486-tallinn\/#breadcrumb","itemListElement":[{"@type":"ListItem","position":1,"name":"Home","item":"https:\/\/miil.dev.almic.ee\/fi\/"},{"@type":"ListItem","position":2,"name":"Kauppa","item":"https:\/\/miil.dev.almic.ee\/fi\/kauppa\/"},{"@type":"ListItem","position":3,"name":"20DD Merikontti MIIU3396486 &#8211; TALLINN (kaksi ovea)"}]},{"@type":"WebSite","@id":"https:\/\/miil.dev.almic.ee\/#website","url":"https:\/\/miil.dev.almic.ee\/","name":"Miil O\u00dc","description":"Konteinerveod","publisher":{"@id":"https:\/\/miil.dev.almic.ee\/#organization"},"potentialAction":[{"@type":"SearchAction","target":{"@type":"EntryPoint","urlTemplate":"https:\/\/miil.dev.almic.ee\/?s={search_term_string}"},"query-input":{"@type":"PropertyValueSpecification","valueRequired":true,"valueName":"search_term_string"}}],"inLanguage":"fi"},{"@type":"Organization","@id":"https:\/\/miil.dev.almic.ee\/#organization","name":"Miil O\u00dc","url":"https:\/\/miil.dev.almic.ee\/","logo":{"@type":"ImageObject","inLanguage":"fi","@id":"https:\/\/miil.dev.almic.ee\/#\/schema\/logo\/image\/","url":"https:\/\/www.miil.ee\/wp-content\/uploads\/2022\/02\/Miil-logo.svg","contentUrl":"https:\/\/www.miil.ee\/wp-content\/uploads\/2022\/02\/Miil-logo.svg","width":"1024","height":"1024","caption":"Miil O\u00dc"},"image":{"@id":"https:\/\/miil.dev.almic.ee\/#\/schema\/logo\/image\/"},"sameAs":["https:\/\/www.facebook.com\/konteinerveod\/","https:\/\/www.instagram.com\/ou_miil\/"]}]},"product_price_amount":"3650.00","product_price_currency":"EUR","og_availability":"instock","product_availability":"instock","product_retailer_item_id":"MIIU3396486","product_condition":"new"},"_links":{"self":[{"href":"https:\/\/miil.dev.almic.ee\/fi\/wp-json\/wp\/v2\/product\/69788","targetHints":{"allow":["GET"]}}],"collection":[{"href":"https:\/\/miil.dev.almic.ee\/fi\/wp-json\/wp\/v2\/product"}],"about":[{"href":"https:\/\/miil.dev.almic.ee\/fi\/wp-json\/wp\/v2\/types\/product"}],"replies":[{"embeddable":true,"href":"https:\/\/miil.dev.almic.ee\/fi\/wp-json\/wp\/v2\/comments?post=69788"}],"wp:featuredmedia":[{"embeddable":true,"href":"https:\/\/miil.dev.almic.ee\/fi\/wp-json\/wp\/v2\/media\/69808"}],"wp:attachment":[{"href":"https:\/\/miil.dev.almic.ee\/fi\/wp-json\/wp\/v2\/media?parent=69788"}],"wp:term":[{"taxonomy":"product_cat","embeddable":true,"href":"https:\/\/miil.dev.almic.ee\/fi\/wp-json\/wp\/v2\/product_cat?post=69788"},{"taxonomy":"product_tag","embeddable":true,"href":"https:\/\/miil.dev.almic.ee\/fi\/wp-json\/wp\/v2\/product_tag?post=69788"}],"curies":[{"name":"wp","href":"https:\/\/api.w.org\/{rel}","templated":true}]}}