{"id":67706,"date":"2024-07-02T09:32:47","date_gmt":"2024-07-02T06:32:47","guid":{"rendered":"https:\/\/www.miil.ee\/?post_type=product&#038;p=67706"},"modified":"2024-11-08T12:44:11","modified_gmt":"2024-11-08T10:44:11","slug":"merikonttien-yhdistaminen","status":"publish","type":"product","link":"https:\/\/miil.dev.almic.ee\/fi\/toode\/merikonttien-yhdistaminen\/","title":{"rendered":"Merikonttien yhdist\u00e4minen"},"content":{"rendered":"<h1>Merikonttien yhdist\u00e4minen<\/h1>\n<p>Merikonttien yhdist\u00e4minen ja useiden konttien rakentaminen yhdeksi suuremmaksi tilaan.<br \/>\nVoimme tarjota erilaisia \u200b\u200bhuoneratkaisuja ja eri m\u00e4\u00e4r\u00e4n ovia, ikkunoita, tuuletusaukkoja, kalustoaukkoja, verhouksia, viimeistelyj\u00e4, s\u00e4hk\u00f6t\u00f6it\u00e4 ja paljon muuta.<\/p>\n<p>T\u00e4llaista konttia voidaan k\u00e4ytt\u00e4\u00e4 esimerkiksi autotallina, varastotilana tai v\u00e4liaikaisena rakennuksena.<br \/>\nMerikontti ei tarvitse betonialustaa!<br \/>\nKuvassa on 12-metrinen konttirakennus, jonka sivut on poistettu. Jos 12 metrin kontin sivut irrotetaan, on teht\u00e4v\u00e4 lis\u00e4vahvistus, jotta v\u00e4ltet\u00e4\u00e4n pylv\u00e4s, joka tukee kontin keskustaa.<br \/>\nMerikontin katosta tulee vesitiivis, jos sen p\u00e4\u00e4lle rakennetaan katto tai asennetaan PVC-kansi. Hyvi\u00e4 ratkaisuja ei ole olemassa vain saumaosan vesieristykseen.<br \/>\nKontti on suunniteltu siten, ett\u00e4 se voidaan kuljettaa suoraan tehtaalta asiakkaan alueelle.<br \/>\nLis\u00e4varusteita ei tarvita.<br \/>\nKuvan ratkaisuun on lis\u00e4tty tummanharmaa PVC-kansi.<\/p>\n<h2>Teemme yhteisty\u00f6t\u00e4 kaikkien korkealaatuisia konttivarastoja tarjoavien yritysten kanssa ja he saavat meilt\u00e4 konttinsa eritt\u00e4in hyvill\u00e4 ehdoilla.<\/h2>\n<ul>\n<li>S\u00e4teilen kahden kontin v\u00e4liss\u00e4 &#8211; Merikontti I palkki, poraus, 12m hitsaus ja asennus on hintaan 1560.- +alv.<\/li>\n<li>Kolmen kontin PVC-peite 2980.- +alv.<\/li>\n<li>Sis\u00e4valaistus 12 LED-valoa, s\u00e4hk\u00f6pistorasiat, teollisuusvirtapistorasiat, s\u00e4hk\u00f6paneeli, ulkovalaistus, kaapelit laatikoissa ja kurkuissa &#8211; 3790.- +alv.<\/li>\n<li>Rullaovi asennusineen ja tarvikkeineen 1950.- +alv<\/li>\n<li>Rullaoven moottori 350.- +alv.<\/li>\n<li>Rullaoven elektroninen koodilukko 295.- + alv.<\/li>\n<li>Mobiilisovelluksesta avattava rullaovi 240.- +alv.<\/li>\n<\/ul>\n<p>Hinnat riippuvat tehdyn ty\u00f6n m\u00e4\u00e4r\u00e4st\u00e4, leikkaukseen, kuljetukseen, hitsaukseen, voit pyyt\u00e4\u00e4 tarjouksen <a href=\"mailto:rait@miil.ee\">rait@miil.ee<\/a><\/p>\n<p>Rakennamme my\u00f6s kontteja DWG-piirustusten, hitsaustodistusten, v\u00e4ritodistusten, laserleikkauksen ja laadun mukaan &#8211; kaikki yhdest\u00e4 paikasta.<\/p>\n<h2>Merikonttien yhdist\u00e4minen vai jokin muu ratkaisu?<\/h2>\n<p>Ovien lis\u00e4ksi rakennamme tarvittaessa v\u00e4lisein\u00e4t, asennamme hissit, erist\u00e4mme tai suunnittelemme sinulle sopivan mainoskontin.<br \/>\nMeill\u00e4 on mahdollisuus valmistaa muunnettuja ISO-merikontteja voimassa olevalla CSC-kilvell\u00e4 ilman erillist\u00e4 sertifiointia.<br \/>\nJos kontti rakennetaan uudelleen Virossa, CSC-sertifikaatti menett\u00e4\u00e4 automaattisesti voimassaolonsa ulkomuotoa muuttamalla.<br \/>\nSill\u00e4 ei ole v\u00e4li\u00e4, k\u00e4ytet\u00e4\u00e4nk\u00f6 konttia paikallisesti vai kuljetetaanko se maalla.<br \/>\nVoimassa oleva CSC-sertifikaatti on t\u00e4rke\u00e4 merikuljetuksissa, ja my\u00f6s tarkastus vaaditaan.<br \/>\nMerikuljetuksessa muunnetun kontin on t\u00e4ytett\u00e4v\u00e4 erityisvaatimukset.<br \/>\nKontin uudelleensertifiointi Euroopassa maksaa viisinumeroisen summan, joka sis\u00e4lt\u00e4\u00e4 lis\u00e4kulut ja toimituskulut.<\/p>\n<h2>Merikontit suoraan tehtaalta<\/h2>\n<p>Suuremmille l\u00e4hetyksille toimitamme merikontit suoraan tehtaalta asiakkaalle maailmanlaajuisesti.<br \/>\nVoit ostaa meilt\u00e4 kontin Virosta, Australiasta tai Espanjasta.<br \/>\nTuotevalikoimaamme kuuluvat standardikonttien lis\u00e4ksi ISO tank kontit, j\u00e4\u00e4kaappikontit, multilift-runkokontit, s\u00e4ilytyskontit, ty\u00f6kalukontit ja paljon muuta.<\/p>\n<p>Merikonttien muuntaminen<br \/>\nMerikonttien maalaus<br \/>\nMerikonttien korjaus<br \/>\nMerikonttien talteenotto<br \/>\nMerikonttien valmistus<br \/>\nMerikonttien eristys<br \/>\nMerikonttien yhdist\u00e4minen<\/p>\n<h2>Miksi k\u00e4\u00e4nty\u00e4 konttiratkaisujen puoleen?<\/h2>\n<p>Merikonttien osalta laatu on aina t\u00e4rke\u00e4\u00e4, laadukkaan tuotteen lis\u00e4ksi meill\u00e4 on eritt\u00e4in pitk\u00e4 ja oikea historia, joka takaa asiakkaalle, ett\u00e4 tuote saapuu luvatussa muodossa, luvattuun aikaan ja sovittuna aikana. luvattu paikka.<br \/>\nToimipisteemme sijaitsevat kaikkialla Virossa.<br \/>\nP\u00e4\u00e4konttori suurimmalla valikoimalla Tallinnan vieress\u00e4 osoitteessa Valtsi 1, Lagedi ja pienemm\u00e4t terminaalit eri puolilla Viroa.<br \/>\nMerikonttien muuntamisen lis\u00e4ksi l\u00f6yd\u00e4t l\u00e4mp\u00f6pumput, portaat, merikontit, aidat ja paljon muuta.<br \/>\nHinnat kuvineen nettisivun verkkokaupassa.<\/p>\n<p>K\u00e4yt\u00e4mme kuljetukseen <a href=\"https:\/\/www.miil.ee\/fi\/palvelut\/nosturi\/\">nosturia<\/a> tai <a href=\"https:\/\/www.miil.ee\/fi\/palvelut\/sideloader\/\">sideloader<\/a><br \/>\nmonimutkaisempi kuljetus on mahdollista <a href=\"https:\/\/www.miil.ee\/fi\/palvelut\/ram-kippauslaite\/\">RAM per\u00e4vaunulla<\/a>.<\/p>\n<p>Seuraa meit\u00e4 <a href=\"https:\/\/www.facebook.com\/konteinerveod\/\">Facebook<\/a> tai <a href=\"https:\/\/www.instagram.com\/ou_miil\/\">Instagram<\/a><\/p>\n","protected":false},"excerpt":{"rendered":"<p>Merikonttien yhdist\u00e4minen Merikonttien yhdist\u00e4minen ja useiden konttien rakentaminen yhdeksi suuremmaksi tilaan. Voimme tarjota erilaisia \u200b\u200bhuoneratkaisuja ja eri m\u00e4\u00e4r\u00e4n ovia, ikkunoita, tuuletusaukkoja, kalustoaukkoja, verhouksia, viimeistelyj\u00e4, s\u00e4hk\u00f6t\u00f6it\u00e4 ja paljon muuta. T\u00e4llaista konttia voidaan k\u00e4ytt\u00e4\u00e4 esimerkiksi autotallina, varastotilana tai v\u00e4liaikaisena rakennuksena. Merikontti ei tarvitse betonialustaa! Kuvassa on 12-metrinen konttirakennus, jonka sivut on poistettu. Jos 12 metrin kontin sivut&#8230;<\/p>\n","protected":false},"featured_media":72935,"comment_status":"closed","ping_status":"closed","template":"","meta":{"_acf_changed":false},"product_cat":[347],"product_tag":[],"class_list":{"0":"post-67706","1":"product","2":"type-product","3":"status-publish","4":"has-post-thumbnail","6":"product_cat-tekniikka","8":"first","9":"instock","10":"shipping-taxable","11":"purchasable","12":"product-type-simple"},"acf":[],"yoast_head":"<!-- This site is optimized with the Yoast SEO Premium plugin v23.9 (Yoast SEO v27.5) - https:\/\/yoast.com\/product\/yoast-seo-premium-wordpress\/ -->\n<title>Merikonttien yhdist\u00e4minen - Miil O\u00dc<\/title>\n<meta name=\"description\" content=\"Merikonttien yhdist\u00e4minen | Merikontti | Varastos\u00e4ili\u00f6 | Konttien muuntaminen | Konttien myynti | paikkakunnalla Virossa ja Riiassa \u2b50\ufe0f\u2b50\ufe0f\u2b50\ufe0f\u2b50\ufe0f\u2b50\ufe0f\" \/>\n<meta name=\"robots\" content=\"index, follow, max-snippet:-1, max-image-preview:large, max-video-preview:-1\" \/>\n<link rel=\"canonical\" href=\"https:\/\/miil.dev.almic.ee\/fi\/toode\/merikonttien-yhdistaminen\/\" \/>\n<meta property=\"og:locale\" content=\"fi_FI\" \/>\n<meta property=\"og:type\" content=\"article\" \/>\n<meta property=\"og:title\" content=\"Merikonttien yhdist\u00e4minen\" \/>\n<meta property=\"og:description\" content=\"Merikonttien yhdist\u00e4minen | Merikontti | Varastos\u00e4ili\u00f6 | Konttien muuntaminen | Konttien myynti | paikkakunnalla Virossa ja Riiassa \u2b50\ufe0f\u2b50\ufe0f\u2b50\ufe0f\u2b50\ufe0f\u2b50\ufe0f\" \/>\n<meta property=\"og:url\" content=\"https:\/\/miil.dev.almic.ee\/fi\/toode\/merikonttien-yhdistaminen\/\" \/>\n<meta property=\"og:site_name\" content=\"Miil O\u00dc\" \/>\n<meta property=\"article:publisher\" content=\"https:\/\/www.facebook.com\/konteinerveod\/\" \/>\n<meta property=\"article:modified_time\" content=\"2024-11-08T10:44:11+00:00\" \/>\n<meta property=\"og:image\" content=\"https:\/\/miil.dev.almic.ee\/wp-content\/uploads\/2024\/07\/a1-v-scaled.jpg\" \/>\n\t<meta property=\"og:image:width\" content=\"1900\" \/>\n\t<meta property=\"og:image:height\" content=\"1425\" \/>\n\t<meta property=\"og:image:type\" content=\"image\/jpeg\" \/>\n<meta name=\"twitter:card\" content=\"summary_large_image\" \/>\n<meta name=\"twitter:label1\" content=\"Hinta\" \/>\n\t<meta name=\"twitter:data1\" content=\"5000,00&nbsp;&euro;\" \/>\n\t<meta name=\"twitter:label2\" content=\"Saatavuus\" \/>\n\t<meta name=\"twitter:data2\" content=\"Varastossa\" \/>\n<script type=\"application\/ld+json\" class=\"yoast-schema-graph\">{\"@context\":\"https:\\\/\\\/schema.org\",\"@graph\":[{\"@type\":\"WebPage\",\"@id\":\"https:\\\/\\\/miil.dev.almic.ee\\\/fi\\\/toode\\\/merikonttien-yhdistaminen\\\/\",\"url\":\"https:\\\/\\\/miil.dev.almic.ee\\\/fi\\\/toode\\\/merikonttien-yhdistaminen\\\/\",\"name\":\"Merikonttien yhdist\u00e4minen - Miil O\u00dc\",\"isPartOf\":{\"@id\":\"https:\\\/\\\/miil.dev.almic.ee\\\/#website\"},\"primaryImageOfPage\":{\"@id\":\"https:\\\/\\\/miil.dev.almic.ee\\\/fi\\\/toode\\\/merikonttien-yhdistaminen\\\/#primaryimage\"},\"image\":{\"@id\":\"https:\\\/\\\/miil.dev.almic.ee\\\/fi\\\/toode\\\/merikonttien-yhdistaminen\\\/#primaryimage\"},\"thumbnailUrl\":\"https:\\\/\\\/miil.dev.almic.ee\\\/wp-content\\\/uploads\\\/2024\\\/07\\\/a1-v-scaled.jpg\",\"datePublished\":\"2024-07-02T06:32:47+00:00\",\"dateModified\":\"2024-11-08T10:44:11+00:00\",\"description\":\"Merikonttien yhdist\u00e4minen | Merikontti | Varastos\u00e4ili\u00f6 | Konttien muuntaminen | Konttien myynti | paikkakunnalla Virossa ja Riiassa \u2b50\ufe0f\u2b50\ufe0f\u2b50\ufe0f\u2b50\ufe0f\u2b50\ufe0f\",\"breadcrumb\":{\"@id\":\"https:\\\/\\\/miil.dev.almic.ee\\\/fi\\\/toode\\\/merikonttien-yhdistaminen\\\/#breadcrumb\"},\"inLanguage\":\"fi\",\"potentialAction\":[{\"@type\":\"ReadAction\",\"target\":[\"https:\\\/\\\/miil.dev.almic.ee\\\/fi\\\/toode\\\/merikonttien-yhdistaminen\\\/\"]}]},{\"@type\":\"ImageObject\",\"inLanguage\":\"fi\",\"@id\":\"https:\\\/\\\/miil.dev.almic.ee\\\/fi\\\/toode\\\/merikonttien-yhdistaminen\\\/#primaryimage\",\"url\":\"https:\\\/\\\/miil.dev.almic.ee\\\/wp-content\\\/uploads\\\/2024\\\/07\\\/a1-v-scaled.jpg\",\"contentUrl\":\"https:\\\/\\\/miil.dev.almic.ee\\\/wp-content\\\/uploads\\\/2024\\\/07\\\/a1-v-scaled.jpg\",\"width\":1900,\"height\":1425},{\"@type\":\"BreadcrumbList\",\"@id\":\"https:\\\/\\\/miil.dev.almic.ee\\\/fi\\\/toode\\\/merikonttien-yhdistaminen\\\/#breadcrumb\",\"itemListElement\":[{\"@type\":\"ListItem\",\"position\":1,\"name\":\"Home\",\"item\":\"https:\\\/\\\/miil.dev.almic.ee\\\/fi\\\/\"},{\"@type\":\"ListItem\",\"position\":2,\"name\":\"Kauppa\",\"item\":\"https:\\\/\\\/miil.dev.almic.ee\\\/fi\\\/kauppa\\\/\"},{\"@type\":\"ListItem\",\"position\":3,\"name\":\"Merikonttien yhdist\u00e4minen\"}]},{\"@type\":\"WebSite\",\"@id\":\"https:\\\/\\\/miil.dev.almic.ee\\\/#website\",\"url\":\"https:\\\/\\\/miil.dev.almic.ee\\\/\",\"name\":\"Miil O\u00dc\",\"description\":\"Konteinerveod\",\"publisher\":{\"@id\":\"https:\\\/\\\/miil.dev.almic.ee\\\/#organization\"},\"potentialAction\":[{\"@type\":\"SearchAction\",\"target\":{\"@type\":\"EntryPoint\",\"urlTemplate\":\"https:\\\/\\\/miil.dev.almic.ee\\\/?s={search_term_string}\"},\"query-input\":{\"@type\":\"PropertyValueSpecification\",\"valueRequired\":true,\"valueName\":\"search_term_string\"}}],\"inLanguage\":\"fi\"},{\"@type\":\"Organization\",\"@id\":\"https:\\\/\\\/miil.dev.almic.ee\\\/#organization\",\"name\":\"Miil O\u00dc\",\"url\":\"https:\\\/\\\/miil.dev.almic.ee\\\/\",\"logo\":{\"@type\":\"ImageObject\",\"inLanguage\":\"fi\",\"@id\":\"https:\\\/\\\/miil.dev.almic.ee\\\/#\\\/schema\\\/logo\\\/image\\\/\",\"url\":\"https:\\\/\\\/www.miil.ee\\\/wp-content\\\/uploads\\\/2022\\\/02\\\/Miil-logo.svg\",\"contentUrl\":\"https:\\\/\\\/www.miil.ee\\\/wp-content\\\/uploads\\\/2022\\\/02\\\/Miil-logo.svg\",\"width\":\"1024\",\"height\":\"1024\",\"caption\":\"Miil O\u00dc\"},\"image\":{\"@id\":\"https:\\\/\\\/miil.dev.almic.ee\\\/#\\\/schema\\\/logo\\\/image\\\/\"},\"sameAs\":[\"https:\\\/\\\/www.facebook.com\\\/konteinerveod\\\/\",\"https:\\\/\\\/www.instagram.com\\\/ou_miil\\\/\"]}]}<\/script>\n<meta property=\"product:price:amount\" content=\"5000.00\" \/>\n<meta property=\"product:price:currency\" content=\"EUR\" \/>\n<meta property=\"og:availability\" content=\"instock\" \/>\n<meta property=\"product:availability\" content=\"instock\" \/>\n<meta property=\"product:condition\" content=\"new\" \/>\n<!-- \/ Yoast SEO Premium plugin. -->","yoast_head_json":{"title":"Merikonttien yhdist\u00e4minen - Miil O\u00dc","description":"Merikonttien yhdist\u00e4minen | Merikontti | Varastos\u00e4ili\u00f6 | Konttien muuntaminen | Konttien myynti | paikkakunnalla Virossa ja Riiassa \u2b50\ufe0f\u2b50\ufe0f\u2b50\ufe0f\u2b50\ufe0f\u2b50\ufe0f","robots":{"index":"index","follow":"follow","max-snippet":"max-snippet:-1","max-image-preview":"max-image-preview:large","max-video-preview":"max-video-preview:-1"},"canonical":"https:\/\/miil.dev.almic.ee\/fi\/toode\/merikonttien-yhdistaminen\/","og_locale":"fi_FI","og_type":"article","og_title":"Merikonttien yhdist\u00e4minen","og_description":"Merikonttien yhdist\u00e4minen | Merikontti | Varastos\u00e4ili\u00f6 | Konttien muuntaminen | Konttien myynti | paikkakunnalla Virossa ja Riiassa \u2b50\ufe0f\u2b50\ufe0f\u2b50\ufe0f\u2b50\ufe0f\u2b50\ufe0f","og_url":"https:\/\/miil.dev.almic.ee\/fi\/toode\/merikonttien-yhdistaminen\/","og_site_name":"Miil O\u00dc","article_publisher":"https:\/\/www.facebook.com\/konteinerveod\/","article_modified_time":"2024-11-08T10:44:11+00:00","og_image":[{"width":1900,"height":1425,"url":"https:\/\/miil.dev.almic.ee\/wp-content\/uploads\/2024\/07\/a1-v-scaled.jpg","type":"image\/jpeg"}],"twitter_card":"summary_large_image","twitter_misc":{"Hinta":"5000,00&nbsp;&euro;","Saatavuus":"Varastossa"},"schema":{"@context":"https:\/\/schema.org","@graph":[{"@type":"WebPage","@id":"https:\/\/miil.dev.almic.ee\/fi\/toode\/merikonttien-yhdistaminen\/","url":"https:\/\/miil.dev.almic.ee\/fi\/toode\/merikonttien-yhdistaminen\/","name":"Merikonttien yhdist\u00e4minen - Miil O\u00dc","isPartOf":{"@id":"https:\/\/miil.dev.almic.ee\/#website"},"primaryImageOfPage":{"@id":"https:\/\/miil.dev.almic.ee\/fi\/toode\/merikonttien-yhdistaminen\/#primaryimage"},"image":{"@id":"https:\/\/miil.dev.almic.ee\/fi\/toode\/merikonttien-yhdistaminen\/#primaryimage"},"thumbnailUrl":"https:\/\/miil.dev.almic.ee\/wp-content\/uploads\/2024\/07\/a1-v-scaled.jpg","datePublished":"2024-07-02T06:32:47+00:00","dateModified":"2024-11-08T10:44:11+00:00","description":"Merikonttien yhdist\u00e4minen | Merikontti | Varastos\u00e4ili\u00f6 | Konttien muuntaminen | Konttien myynti | paikkakunnalla Virossa ja Riiassa \u2b50\ufe0f\u2b50\ufe0f\u2b50\ufe0f\u2b50\ufe0f\u2b50\ufe0f","breadcrumb":{"@id":"https:\/\/miil.dev.almic.ee\/fi\/toode\/merikonttien-yhdistaminen\/#breadcrumb"},"inLanguage":"fi","potentialAction":[{"@type":"ReadAction","target":["https:\/\/miil.dev.almic.ee\/fi\/toode\/merikonttien-yhdistaminen\/"]}]},{"@type":"ImageObject","inLanguage":"fi","@id":"https:\/\/miil.dev.almic.ee\/fi\/toode\/merikonttien-yhdistaminen\/#primaryimage","url":"https:\/\/miil.dev.almic.ee\/wp-content\/uploads\/2024\/07\/a1-v-scaled.jpg","contentUrl":"https:\/\/miil.dev.almic.ee\/wp-content\/uploads\/2024\/07\/a1-v-scaled.jpg","width":1900,"height":1425},{"@type":"BreadcrumbList","@id":"https:\/\/miil.dev.almic.ee\/fi\/toode\/merikonttien-yhdistaminen\/#breadcrumb","itemListElement":[{"@type":"ListItem","position":1,"name":"Home","item":"https:\/\/miil.dev.almic.ee\/fi\/"},{"@type":"ListItem","position":2,"name":"Kauppa","item":"https:\/\/miil.dev.almic.ee\/fi\/kauppa\/"},{"@type":"ListItem","position":3,"name":"Merikonttien yhdist\u00e4minen"}]},{"@type":"WebSite","@id":"https:\/\/miil.dev.almic.ee\/#website","url":"https:\/\/miil.dev.almic.ee\/","name":"Miil O\u00dc","description":"Konteinerveod","publisher":{"@id":"https:\/\/miil.dev.almic.ee\/#organization"},"potentialAction":[{"@type":"SearchAction","target":{"@type":"EntryPoint","urlTemplate":"https:\/\/miil.dev.almic.ee\/?s={search_term_string}"},"query-input":{"@type":"PropertyValueSpecification","valueRequired":true,"valueName":"search_term_string"}}],"inLanguage":"fi"},{"@type":"Organization","@id":"https:\/\/miil.dev.almic.ee\/#organization","name":"Miil O\u00dc","url":"https:\/\/miil.dev.almic.ee\/","logo":{"@type":"ImageObject","inLanguage":"fi","@id":"https:\/\/miil.dev.almic.ee\/#\/schema\/logo\/image\/","url":"https:\/\/www.miil.ee\/wp-content\/uploads\/2022\/02\/Miil-logo.svg","contentUrl":"https:\/\/www.miil.ee\/wp-content\/uploads\/2022\/02\/Miil-logo.svg","width":"1024","height":"1024","caption":"Miil O\u00dc"},"image":{"@id":"https:\/\/miil.dev.almic.ee\/#\/schema\/logo\/image\/"},"sameAs":["https:\/\/www.facebook.com\/konteinerveod\/","https:\/\/www.instagram.com\/ou_miil\/"]}]},"product_price_amount":"5000.00","product_price_currency":"EUR","og_availability":"instock","product_availability":"instock","product_condition":"new"},"_links":{"self":[{"href":"https:\/\/miil.dev.almic.ee\/fi\/wp-json\/wp\/v2\/product\/67706","targetHints":{"allow":["GET"]}}],"collection":[{"href":"https:\/\/miil.dev.almic.ee\/fi\/wp-json\/wp\/v2\/product"}],"about":[{"href":"https:\/\/miil.dev.almic.ee\/fi\/wp-json\/wp\/v2\/types\/product"}],"replies":[{"embeddable":true,"href":"https:\/\/miil.dev.almic.ee\/fi\/wp-json\/wp\/v2\/comments?post=67706"}],"wp:featuredmedia":[{"embeddable":true,"href":"https:\/\/miil.dev.almic.ee\/fi\/wp-json\/wp\/v2\/media\/72935"}],"wp:attachment":[{"href":"https:\/\/miil.dev.almic.ee\/fi\/wp-json\/wp\/v2\/media?parent=67706"}],"wp:term":[{"taxonomy":"product_cat","embeddable":true,"href":"https:\/\/miil.dev.almic.ee\/fi\/wp-json\/wp\/v2\/product_cat?post=67706"},{"taxonomy":"product_tag","embeddable":true,"href":"https:\/\/miil.dev.almic.ee\/fi\/wp-json\/wp\/v2\/product_tag?post=67706"}],"curies":[{"name":"wp","href":"https:\/\/api.w.org\/{rel}","templated":true}]}}