{"id":66086,"date":"2024-06-12T12:52:12","date_gmt":"2024-06-12T09:52:12","guid":{"rendered":"https:\/\/www.miil.ee\/?post_type=product&#038;p=66086"},"modified":"2024-11-12T12:57:36","modified_gmt":"2024-11-12T10:57:36","slug":"containex-basic-anthracite-autotallin-ovella-miiu0991","status":"publish","type":"product","link":"https:\/\/miil.dev.almic.ee\/fi\/toode\/containex-basic-anthracite-autotallin-ovella-miiu0991\/","title":{"rendered":"Containex Basic Anthracite autotallin ovella &#8211; MIIU0991"},"content":{"rendered":"<h1>Containex Basic Anthracite autotallin ovella &#8211; MIIU0991<\/h1>\n<p>hytti Containex Basic Anthracite rullaovella, 6 metri\u00e4 pitk\u00e4, 2,44 metri\u00e4 leve\u00e4 ja 2,6 metri\u00e4 korkea.<br \/>\nLattian kantavuus on 200kg\/m2 ja sit\u00e4 voidaan lis\u00e4t\u00e4.<br \/>\nContainex Basic Anthracite -m\u00f6kit ovat aina korkealaatuisia ja CE-merkitty.<br \/>\nKiinte\u00e4 runko varmistetaan pulttiliitoksella, mik\u00e4 antaa suuren edun hitsattuihin runkoon verrattuna.<br \/>\nKatto on valssattu ja tinattu tai maalattu pelti.<br \/>\nLattia on eristetty 100mm mineraalivillalla, katto on eristetty 100mm mineraalivillalla ja sein\u00e4t 45mm PU-vaahdolla (vastaa noin 60mm villaa).<br \/>\nhytti on tummanharmaa RAL7016 Antrasiitti, josta kyseisen hytin nimi tulee.<\/p>\n<p>Yksi ikkuna auki<br \/>\nYksi ovi<br \/>\nYksi rullaovi<br \/>\nKaksi valoa<br \/>\nVakiokorkeus<br \/>\nKaksoispistoke<br \/>\nS\u00e4hk\u00f6paneeli<br \/>\nValokytkin<\/p>\n<p><strong>Erittely<\/strong><br \/>\n&#8211; Ulkokorkeus 2591mm<br \/>\n&#8211; Sis\u00e4korkeus 2340 mm<br \/>\nRungon v\u00e4ri RAL7016 tummanharmaa<br \/>\nPaneelin v\u00e4ri RAL7016 tummanharmaa<\/p>\n<p><strong>Eristys<\/strong><br \/>\n&#8211; Sein\u00e4eristys PU-vaahtoa 45mm<br \/>\n&#8211; Katon eristys mineraalivilla 100mm<br \/>\n&#8211; Lattiaeristys PU-levyt 60mm<\/p>\n<p><strong>S\u00e4hk\u00f6liit\u00e4nt\u00e4<\/strong><br \/>\n230V\/32A\/3napainen<\/p>\n<p><strong>Paneelit<\/strong><br \/>\n1 ikkunapaneeli,<br \/>\nIkkuna voidaan avata kokonaan tai avata tuuletusasentoon.<br \/>\nKorkeus maasta 870 mm<\/p>\n<p><strong>1 etuovi<\/strong><br \/>\navautuu ulosp\u00e4in.<br \/>\nOven leveys: 875 mm<br \/>\nOven aukon leveys: 811 mm<br \/>\nOven avautumiskorkeus: 2065 mm<\/p>\n<p>1 S\u00e4hk\u00f6paneeli<br \/>\n2 kpl pistokkeita<br \/>\n1kpl valokytkin<br \/>\nS\u00e4hk\u00f6paneeli<\/p>\n<p><strong>Lis\u00e4varusteet:<\/strong><br \/>\nIlmal\u00e4mp\u00f6pumppu 4,7kw \u2013 990.- + alv<br \/>\nPuupinta &#8211; 2990.- + alv<br \/>\nLis\u00e4\u00e4 ikkuna \u2013 590.- + alv<br \/>\nrullaovi \u2013 1950.- + alv<\/p>\n<h2>M\u00f6kki ja minitalo<\/h2>\n<p>m\u00f6kki ei ole en\u00e4\u00e4 vain tilap\u00e4inen rakennus rakennusty\u00f6maalla, modernit, laadukkaat pulttiliit\u00e4nn\u00e4t sopivat erinomaisesti kes\u00e4m\u00f6kille tai liiketilaan.<br \/>\nValmis minitalo ei tarvitse perustusta tai rakentajaa &#8211; tilaa ja nauti?<br \/>\nAsennus kest\u00e4\u00e4 alle 30 minuuttia ja talo voi myyd\u00e4 valmiin ratkaisun, eli se voidaan toimittaa samana p\u00e4iv\u00e4n\u00e4.<br \/>\nJos haluat valita ikkunan tai oven sijainnin, se vie enint\u00e4\u00e4n viikon.<br \/>\nLis\u00e4ty\u00f6t, kuten kattoty\u00f6t ja suuret ikkunat, viev\u00e4t noin nelj\u00e4 viikkoa.<\/p>\n<h2>Containex Basic Anthracite autotallin ovella &#8211; MIIU0991 ostaa tai vuokrata?<\/h2>\n<p>Myynnin lis\u00e4ksi vuokraamme m\u00f6kkej\u00e4.<br \/>\nT\u00e4m\u00e4 ratkaisu on ihanteellinen, jos m\u00f6kki\u00e4 tarvitaan lyhytaikaiseen rakennusk\u00e4ytt\u00f6\u00f6n tai miksei sesonkim\u00f6kiksi, toimistoksi tai myyntipisteeksi.<br \/>\nm\u00f6kkivuokra on panttilainaus ja l\u00f6yd\u00e4mme jokaiselle asiakkaalle sopivan ratkaisun.<br \/>\nMeilt\u00e4 voit my\u00f6s vuokrata panoraamaikkunoita, puum\u00f6kkej\u00e4 tai vakiom\u00f6kkej\u00e4 ja minitaloja.<br \/>\nToimitamme ohjaamon ja asennamme sen asiakkaan toiveiden mukaan.<br \/>\nTarjoamme laajan valikoiman yhteisty\u00f6mahdollisuuksia esimerkiksi sesongin ulkopuoliseen varastointiin eri kaupungeissa ja osamaksuihin Inbank.ee:n kautta.<br \/>\nJos tarvitset yksi-, kaksi- tai monikerroksisen ratkaisun, olet oikeassa paikassa!<br \/>\nMik\u00e4\u00e4n projekti ei ole meille liian iso tai pieni, kysy rohkeasti, niin l\u00f6yd\u00e4mme yhdess\u00e4 parhaan ratkaisun.<\/p>\n<p>K\u00e4yt\u00e4mme kuljetukseen <a href=\"https:\/\/www.miil.ee\/fi\/palvelut\/nosturi\/\">nosturia<\/a> tai <a href=\"https:\/\/www.miil.ee\/fi\/palvelut\/sideloader\/\">sideloader<\/a><br \/>\nmonimutkaisempi kuljetus on mahdollista <a href=\"https:\/\/www.miil.ee\/fi\/palvelut\/ram-kippauslaite\/\">RAM per\u00e4vaunulla<\/a>.<\/p>\n<p>Seuraa meit\u00e4 <a href=\"https:\/\/www.facebook.com\/konteinerveod\/\">Facebook<\/a> tai <a href=\"https:\/\/www.instagram.com\/ou_miil\/\">Instagram<\/a><\/p>\n","protected":false},"excerpt":{"rendered":"<p>Containex Basic Anthracite autotallin ovella &#8211; MIIU0991 hytti Containex Basic Anthracite rullaovella, 6 metri\u00e4 pitk\u00e4, 2,44 metri\u00e4 leve\u00e4 ja 2,6 metri\u00e4 korkea. Lattian kantavuus on 200kg\/m2 ja sit\u00e4 voidaan lis\u00e4t\u00e4. Containex Basic Anthracite -m\u00f6kit ovat aina korkealaatuisia ja CE-merkitty. Kiinte\u00e4 runko varmistetaan pulttiliitoksella, mik\u00e4 antaa suuren edun hitsattuihin runkoon verrattuna. Katto on valssattu ja tinattu&#8230;<\/p>\n","protected":false},"featured_media":66092,"comment_status":"closed","ping_status":"closed","template":"","meta":{"_acf_changed":false},"product_cat":[343,407],"product_tag":[],"class_list":{"0":"post-66086","1":"product","2":"type-product","3":"status-publish","4":"has-post-thumbnail","6":"product_cat-eristekontit","7":"product_cat-uudet-toimistokontit","9":"first","10":"instock","11":"shipping-taxable","12":"purchasable","13":"product-type-simple"},"acf":[],"yoast_head":"<!-- This site is optimized with the Yoast SEO Premium plugin v23.9 (Yoast SEO v27.5) - https:\/\/yoast.com\/product\/yoast-seo-premium-wordpress\/ -->\n<title>Containex Basic Anthracite autotallin ovella - MIIU0991 - Miil O\u00dc<\/title>\n<meta name=\"description\" content=\"Containex Basic Anthracite autotallin ovella - MIIU0991 | Minitalot ja -m\u00f6kit | M\u00f6kkien vuokraus ja myynti | \u2b50\ufe0f\u2b50\ufe0f\u2b50\ufe0f\u2b50\ufe0f\u2b50\ufe0f\" \/>\n<meta name=\"robots\" content=\"index, follow, max-snippet:-1, max-image-preview:large, max-video-preview:-1\" \/>\n<link rel=\"canonical\" href=\"https:\/\/miil.dev.almic.ee\/fi\/toode\/containex-basic-anthracite-autotallin-ovella-miiu0991\/\" \/>\n<meta property=\"og:locale\" content=\"fi_FI\" \/>\n<meta property=\"og:type\" content=\"article\" \/>\n<meta property=\"og:title\" content=\"Containex Basic Anthracite autotallin ovella - MIIU0991\" \/>\n<meta property=\"og:description\" content=\"Containex Basic Anthracite autotallin ovella - MIIU0991 | Minitalot ja -m\u00f6kit | M\u00f6kkien vuokraus ja myynti | \u2b50\ufe0f\u2b50\ufe0f\u2b50\ufe0f\u2b50\ufe0f\u2b50\ufe0f\" \/>\n<meta property=\"og:url\" content=\"https:\/\/miil.dev.almic.ee\/fi\/toode\/containex-basic-anthracite-autotallin-ovella-miiu0991\/\" \/>\n<meta property=\"og:site_name\" content=\"Miil O\u00dc\" \/>\n<meta property=\"article:publisher\" content=\"https:\/\/www.facebook.com\/konteinerveod\/\" \/>\n<meta property=\"article:modified_time\" content=\"2024-11-12T10:57:36+00:00\" \/>\n<meta property=\"og:image\" content=\"https:\/\/miil.dev.almic.ee\/wp-content\/uploads\/2024\/06\/Soojak-tostuksega-roller-door-basic-anthracite-2-scaled.jpg\" \/>\n\t<meta property=\"og:image:width\" content=\"1900\" \/>\n\t<meta property=\"og:image:height\" content=\"1425\" \/>\n\t<meta property=\"og:image:type\" content=\"image\/jpeg\" \/>\n<meta name=\"twitter:card\" content=\"summary_large_image\" \/>\n<meta name=\"twitter:label1\" content=\"Hinta\" \/>\n\t<meta name=\"twitter:data1\" content=\"6990,00&nbsp;&euro;\" \/>\n\t<meta name=\"twitter:label2\" content=\"Saatavuus\" \/>\n\t<meta name=\"twitter:data2\" content=\"Varastossa\" \/>\n<script type=\"application\/ld+json\" class=\"yoast-schema-graph\">{\"@context\":\"https:\\\/\\\/schema.org\",\"@graph\":[{\"@type\":\"WebPage\",\"@id\":\"https:\\\/\\\/miil.dev.almic.ee\\\/fi\\\/toode\\\/containex-basic-anthracite-autotallin-ovella-miiu0991\\\/\",\"url\":\"https:\\\/\\\/miil.dev.almic.ee\\\/fi\\\/toode\\\/containex-basic-anthracite-autotallin-ovella-miiu0991\\\/\",\"name\":\"Containex Basic Anthracite autotallin ovella - MIIU0991 - Miil O\u00dc\",\"isPartOf\":{\"@id\":\"https:\\\/\\\/miil.dev.almic.ee\\\/#website\"},\"primaryImageOfPage\":{\"@id\":\"https:\\\/\\\/miil.dev.almic.ee\\\/fi\\\/toode\\\/containex-basic-anthracite-autotallin-ovella-miiu0991\\\/#primaryimage\"},\"image\":{\"@id\":\"https:\\\/\\\/miil.dev.almic.ee\\\/fi\\\/toode\\\/containex-basic-anthracite-autotallin-ovella-miiu0991\\\/#primaryimage\"},\"thumbnailUrl\":\"https:\\\/\\\/miil.dev.almic.ee\\\/wp-content\\\/uploads\\\/2024\\\/06\\\/Soojak-tostuksega-roller-door-basic-anthracite-2-scaled.jpg\",\"datePublished\":\"2024-06-12T09:52:12+00:00\",\"dateModified\":\"2024-11-12T10:57:36+00:00\",\"description\":\"Containex Basic Anthracite autotallin ovella - MIIU0991 | Minitalot ja -m\u00f6kit | M\u00f6kkien vuokraus ja myynti | \u2b50\ufe0f\u2b50\ufe0f\u2b50\ufe0f\u2b50\ufe0f\u2b50\ufe0f\",\"breadcrumb\":{\"@id\":\"https:\\\/\\\/miil.dev.almic.ee\\\/fi\\\/toode\\\/containex-basic-anthracite-autotallin-ovella-miiu0991\\\/#breadcrumb\"},\"inLanguage\":\"fi\",\"potentialAction\":[{\"@type\":\"ReadAction\",\"target\":[\"https:\\\/\\\/miil.dev.almic.ee\\\/fi\\\/toode\\\/containex-basic-anthracite-autotallin-ovella-miiu0991\\\/\"]}]},{\"@type\":\"ImageObject\",\"inLanguage\":\"fi\",\"@id\":\"https:\\\/\\\/miil.dev.almic.ee\\\/fi\\\/toode\\\/containex-basic-anthracite-autotallin-ovella-miiu0991\\\/#primaryimage\",\"url\":\"https:\\\/\\\/miil.dev.almic.ee\\\/wp-content\\\/uploads\\\/2024\\\/06\\\/Soojak-tostuksega-roller-door-basic-anthracite-2-scaled.jpg\",\"contentUrl\":\"https:\\\/\\\/miil.dev.almic.ee\\\/wp-content\\\/uploads\\\/2024\\\/06\\\/Soojak-tostuksega-roller-door-basic-anthracite-2-scaled.jpg\",\"width\":1900,\"height\":1425,\"caption\":\"Soojak Containex Basic Anthracite t\u00f5stuksega\"},{\"@type\":\"BreadcrumbList\",\"@id\":\"https:\\\/\\\/miil.dev.almic.ee\\\/fi\\\/toode\\\/containex-basic-anthracite-autotallin-ovella-miiu0991\\\/#breadcrumb\",\"itemListElement\":[{\"@type\":\"ListItem\",\"position\":1,\"name\":\"Home\",\"item\":\"https:\\\/\\\/miil.dev.almic.ee\\\/fi\\\/\"},{\"@type\":\"ListItem\",\"position\":2,\"name\":\"Kauppa\",\"item\":\"https:\\\/\\\/miil.dev.almic.ee\\\/fi\\\/kauppa\\\/\"},{\"@type\":\"ListItem\",\"position\":3,\"name\":\"Containex Basic Anthracite autotallin ovella &#8211; MIIU0991\"}]},{\"@type\":\"WebSite\",\"@id\":\"https:\\\/\\\/miil.dev.almic.ee\\\/#website\",\"url\":\"https:\\\/\\\/miil.dev.almic.ee\\\/\",\"name\":\"Miil O\u00dc\",\"description\":\"Konteinerveod\",\"publisher\":{\"@id\":\"https:\\\/\\\/miil.dev.almic.ee\\\/#organization\"},\"potentialAction\":[{\"@type\":\"SearchAction\",\"target\":{\"@type\":\"EntryPoint\",\"urlTemplate\":\"https:\\\/\\\/miil.dev.almic.ee\\\/?s={search_term_string}\"},\"query-input\":{\"@type\":\"PropertyValueSpecification\",\"valueRequired\":true,\"valueName\":\"search_term_string\"}}],\"inLanguage\":\"fi\"},{\"@type\":\"Organization\",\"@id\":\"https:\\\/\\\/miil.dev.almic.ee\\\/#organization\",\"name\":\"Miil O\u00dc\",\"url\":\"https:\\\/\\\/miil.dev.almic.ee\\\/\",\"logo\":{\"@type\":\"ImageObject\",\"inLanguage\":\"fi\",\"@id\":\"https:\\\/\\\/miil.dev.almic.ee\\\/#\\\/schema\\\/logo\\\/image\\\/\",\"url\":\"https:\\\/\\\/www.miil.ee\\\/wp-content\\\/uploads\\\/2022\\\/02\\\/Miil-logo.svg\",\"contentUrl\":\"https:\\\/\\\/www.miil.ee\\\/wp-content\\\/uploads\\\/2022\\\/02\\\/Miil-logo.svg\",\"width\":\"1024\",\"height\":\"1024\",\"caption\":\"Miil O\u00dc\"},\"image\":{\"@id\":\"https:\\\/\\\/miil.dev.almic.ee\\\/#\\\/schema\\\/logo\\\/image\\\/\"},\"sameAs\":[\"https:\\\/\\\/www.facebook.com\\\/konteinerveod\\\/\",\"https:\\\/\\\/www.instagram.com\\\/ou_miil\\\/\"]}]}<\/script>\n<meta property=\"product:price:amount\" content=\"6990.00\" \/>\n<meta property=\"product:price:currency\" content=\"EUR\" \/>\n<meta property=\"og:availability\" content=\"instock\" \/>\n<meta property=\"product:availability\" content=\"instock\" \/>\n<meta property=\"product:retailer_item_id\" content=\"MIIU1050\" \/>\n<meta property=\"product:condition\" content=\"new\" \/>\n<!-- \/ Yoast SEO Premium plugin. -->","yoast_head_json":{"title":"Containex Basic Anthracite autotallin ovella - MIIU0991 - Miil O\u00dc","description":"Containex Basic Anthracite autotallin ovella - MIIU0991 | Minitalot ja -m\u00f6kit | M\u00f6kkien vuokraus ja myynti | \u2b50\ufe0f\u2b50\ufe0f\u2b50\ufe0f\u2b50\ufe0f\u2b50\ufe0f","robots":{"index":"index","follow":"follow","max-snippet":"max-snippet:-1","max-image-preview":"max-image-preview:large","max-video-preview":"max-video-preview:-1"},"canonical":"https:\/\/miil.dev.almic.ee\/fi\/toode\/containex-basic-anthracite-autotallin-ovella-miiu0991\/","og_locale":"fi_FI","og_type":"article","og_title":"Containex Basic Anthracite autotallin ovella - MIIU0991","og_description":"Containex Basic Anthracite autotallin ovella - MIIU0991 | Minitalot ja -m\u00f6kit | M\u00f6kkien vuokraus ja myynti | \u2b50\ufe0f\u2b50\ufe0f\u2b50\ufe0f\u2b50\ufe0f\u2b50\ufe0f","og_url":"https:\/\/miil.dev.almic.ee\/fi\/toode\/containex-basic-anthracite-autotallin-ovella-miiu0991\/","og_site_name":"Miil O\u00dc","article_publisher":"https:\/\/www.facebook.com\/konteinerveod\/","article_modified_time":"2024-11-12T10:57:36+00:00","og_image":[{"width":1900,"height":1425,"url":"https:\/\/miil.dev.almic.ee\/wp-content\/uploads\/2024\/06\/Soojak-tostuksega-roller-door-basic-anthracite-2-scaled.jpg","type":"image\/jpeg"}],"twitter_card":"summary_large_image","twitter_misc":{"Hinta":"6990,00&nbsp;&euro;","Saatavuus":"Varastossa"},"schema":{"@context":"https:\/\/schema.org","@graph":[{"@type":"WebPage","@id":"https:\/\/miil.dev.almic.ee\/fi\/toode\/containex-basic-anthracite-autotallin-ovella-miiu0991\/","url":"https:\/\/miil.dev.almic.ee\/fi\/toode\/containex-basic-anthracite-autotallin-ovella-miiu0991\/","name":"Containex Basic Anthracite autotallin ovella - MIIU0991 - Miil O\u00dc","isPartOf":{"@id":"https:\/\/miil.dev.almic.ee\/#website"},"primaryImageOfPage":{"@id":"https:\/\/miil.dev.almic.ee\/fi\/toode\/containex-basic-anthracite-autotallin-ovella-miiu0991\/#primaryimage"},"image":{"@id":"https:\/\/miil.dev.almic.ee\/fi\/toode\/containex-basic-anthracite-autotallin-ovella-miiu0991\/#primaryimage"},"thumbnailUrl":"https:\/\/miil.dev.almic.ee\/wp-content\/uploads\/2024\/06\/Soojak-tostuksega-roller-door-basic-anthracite-2-scaled.jpg","datePublished":"2024-06-12T09:52:12+00:00","dateModified":"2024-11-12T10:57:36+00:00","description":"Containex Basic Anthracite autotallin ovella - MIIU0991 | Minitalot ja -m\u00f6kit | M\u00f6kkien vuokraus ja myynti | \u2b50\ufe0f\u2b50\ufe0f\u2b50\ufe0f\u2b50\ufe0f\u2b50\ufe0f","breadcrumb":{"@id":"https:\/\/miil.dev.almic.ee\/fi\/toode\/containex-basic-anthracite-autotallin-ovella-miiu0991\/#breadcrumb"},"inLanguage":"fi","potentialAction":[{"@type":"ReadAction","target":["https:\/\/miil.dev.almic.ee\/fi\/toode\/containex-basic-anthracite-autotallin-ovella-miiu0991\/"]}]},{"@type":"ImageObject","inLanguage":"fi","@id":"https:\/\/miil.dev.almic.ee\/fi\/toode\/containex-basic-anthracite-autotallin-ovella-miiu0991\/#primaryimage","url":"https:\/\/miil.dev.almic.ee\/wp-content\/uploads\/2024\/06\/Soojak-tostuksega-roller-door-basic-anthracite-2-scaled.jpg","contentUrl":"https:\/\/miil.dev.almic.ee\/wp-content\/uploads\/2024\/06\/Soojak-tostuksega-roller-door-basic-anthracite-2-scaled.jpg","width":1900,"height":1425,"caption":"Soojak Containex Basic Anthracite t\u00f5stuksega"},{"@type":"BreadcrumbList","@id":"https:\/\/miil.dev.almic.ee\/fi\/toode\/containex-basic-anthracite-autotallin-ovella-miiu0991\/#breadcrumb","itemListElement":[{"@type":"ListItem","position":1,"name":"Home","item":"https:\/\/miil.dev.almic.ee\/fi\/"},{"@type":"ListItem","position":2,"name":"Kauppa","item":"https:\/\/miil.dev.almic.ee\/fi\/kauppa\/"},{"@type":"ListItem","position":3,"name":"Containex Basic Anthracite autotallin ovella &#8211; MIIU0991"}]},{"@type":"WebSite","@id":"https:\/\/miil.dev.almic.ee\/#website","url":"https:\/\/miil.dev.almic.ee\/","name":"Miil O\u00dc","description":"Konteinerveod","publisher":{"@id":"https:\/\/miil.dev.almic.ee\/#organization"},"potentialAction":[{"@type":"SearchAction","target":{"@type":"EntryPoint","urlTemplate":"https:\/\/miil.dev.almic.ee\/?s={search_term_string}"},"query-input":{"@type":"PropertyValueSpecification","valueRequired":true,"valueName":"search_term_string"}}],"inLanguage":"fi"},{"@type":"Organization","@id":"https:\/\/miil.dev.almic.ee\/#organization","name":"Miil O\u00dc","url":"https:\/\/miil.dev.almic.ee\/","logo":{"@type":"ImageObject","inLanguage":"fi","@id":"https:\/\/miil.dev.almic.ee\/#\/schema\/logo\/image\/","url":"https:\/\/www.miil.ee\/wp-content\/uploads\/2022\/02\/Miil-logo.svg","contentUrl":"https:\/\/www.miil.ee\/wp-content\/uploads\/2022\/02\/Miil-logo.svg","width":"1024","height":"1024","caption":"Miil O\u00dc"},"image":{"@id":"https:\/\/miil.dev.almic.ee\/#\/schema\/logo\/image\/"},"sameAs":["https:\/\/www.facebook.com\/konteinerveod\/","https:\/\/www.instagram.com\/ou_miil\/"]}]},"product_price_amount":"6990.00","product_price_currency":"EUR","og_availability":"instock","product_availability":"instock","product_retailer_item_id":"MIIU1050","product_condition":"new"},"_links":{"self":[{"href":"https:\/\/miil.dev.almic.ee\/fi\/wp-json\/wp\/v2\/product\/66086","targetHints":{"allow":["GET"]}}],"collection":[{"href":"https:\/\/miil.dev.almic.ee\/fi\/wp-json\/wp\/v2\/product"}],"about":[{"href":"https:\/\/miil.dev.almic.ee\/fi\/wp-json\/wp\/v2\/types\/product"}],"replies":[{"embeddable":true,"href":"https:\/\/miil.dev.almic.ee\/fi\/wp-json\/wp\/v2\/comments?post=66086"}],"wp:featuredmedia":[{"embeddable":true,"href":"https:\/\/miil.dev.almic.ee\/fi\/wp-json\/wp\/v2\/media\/66092"}],"wp:attachment":[{"href":"https:\/\/miil.dev.almic.ee\/fi\/wp-json\/wp\/v2\/media?parent=66086"}],"wp:term":[{"taxonomy":"product_cat","embeddable":true,"href":"https:\/\/miil.dev.almic.ee\/fi\/wp-json\/wp\/v2\/product_cat?post=66086"},{"taxonomy":"product_tag","embeddable":true,"href":"https:\/\/miil.dev.almic.ee\/fi\/wp-json\/wp\/v2\/product_tag?post=66086"}],"curies":[{"name":"wp","href":"https:\/\/api.w.org\/{rel}","templated":true}]}}