{"id":64995,"date":"2024-05-29T13:15:42","date_gmt":"2024-05-29T10:15:43","guid":{"rendered":"https:\/\/www.miil.ee\/?post_type=product&#038;p=64995"},"modified":"2025-01-21T12:20:49","modified_gmt":"2025-01-21T10:20:49","slug":"kontikattilatalo-miiu0019581","status":"publish","type":"product","link":"https:\/\/miil.dev.almic.ee\/fi\/toode\/kontikattilatalo-miiu0019581\/","title":{"rendered":"Kontikattilatalo MIIU0019581"},"content":{"rendered":"<h1>H\u00f6yryl\u00e4mmityss\u00e4ili\u00f6 &#8211; Kontikattilatalo<\/h1>\n<p>Kontikattilatalo<\/p>\n<p>Kattilatalo on valmistettu Virossa ja laadusta ei ole tehty kompromisseja.<\/p>\n<h2>Konttikattila vai jotain muuta?<\/h2>\n<p>Tuotevalikoimaamme kuuluu luonnollisesti t\u00e4m\u00e4n kattilatalon lis\u00e4ksi my\u00f6s kattilat tai merikontit.<br \/>\nMeill\u00e4 on uusia ja k\u00e4ytettyj\u00e4 merikontteja, vuokraamme niit\u00e4 my\u00f6s.<br \/>\nToimistorakennukset ovat p\u00e4\u00e4osin uusia. Vuokrattavat ovat t\u00e4ysin uusia, mutta meill\u00e4 on my\u00f6s v\u00e4h\u00e4n k\u00e4ytettyj\u00e4, mutta hyv\u00e4ss\u00e4 kunnossa.<br \/>\nTuoteluettelo l\u00e4pin\u00e4kyvin hinnoin on <a href=\"https:\/\/www.miil.ee\/merekonteinerite-muuk\/\">t\u00e4\u00e4ll\u00e4<\/a>.<\/p>\n<p>Asiakkaalle kaikki yhdest\u00e4 paikasta, kun ostat meilt\u00e4 kontin tai merikontin, tuomme sen sinne omalla nosturiautollamme ja asennamme.<br \/>\nAsennamme my\u00f6s portaat monikerroksisiin toimistom\u00f6kkeihin.<br \/>\nTuotevalikoimamme lis\u00e4varustekategoriasta l\u00f6ytyy edell\u00e4 mainittujen lis\u00e4ksi my\u00f6s erilaisia \u200b\u200bhyllyj\u00e4, toimistom\u00f6kkien tai konttien v\u00e4lisi\u00e4 liitoksia, kiinnikkeit\u00e4, riippulukkoja ym.<\/p>\n<p>Valitse oikea tuote laajasta tuotevalikoimastamme ja varmista tehokas ja j\u00e4rjestetty varastointi alueellasi. <a href=\"http:\/\/miil.fi\">MIIL.FI<\/a> on luotettava kumppanisi merikonttien ja varastoratkaisujen alalla.<\/p>\n<h2>H\u00f6yryl\u00e4mmityss\u00e4ili\u00f6n rakenne<\/h2>\n<p>Konttikattilatalo on rakennettu merikontin sis\u00e4\u00e4n ja on helposti siirrett\u00e4viss\u00e4.<br \/>\nH\u00f6yryl\u00e4mmityss\u00e4ili\u00f6n rakentamisessa k\u00e4yt\u00e4mme laadukkaita yhteisty\u00f6kumppaneita ja pitk\u00e4ik\u00e4isi\u00e4 materiaaleja.<br \/>\nKattilahuoneiden rakentamisen lis\u00e4ksi valmistamme itse merikonttiramppeja &#8221;Raidu&#8221;, merikonttihyllyj\u00e4 &#8221;Rainis&#8221;, portaita ja teemme useita saneeraust\u00f6it\u00e4.<br \/>\nMeilt\u00e4 voit tilata esimerkiksi kontin takaosaan asennettavat autotallin ovet patentoituna ratkaisuna tai kuljetuspalvelun erityisesti SUV:n takaosaan suunnitellun per\u00e4vaunun kanssa. T\u00e4ll\u00e4 per\u00e4vaunulla voi kuljettaa konttia. T\u00e4ll\u00e4 per\u00e4vaunulla p\u00e4\u00e4see haastavampiin paikkoihin, kuten teollisuusrakennuksiin, joissa on matala ovi tai maastossa, jossa on liian pehme\u00e4 maaper\u00e4 kuorma-autolle.<br \/>\nJoka tapauksessa meilt\u00e4 l\u00f6yd\u00e4t laadukkaat ja kest\u00e4v\u00e4t ratkaisut!<\/p>\n<p><strong>Osta nyt, maksa my\u00f6hemmin -vaihtoehto<\/strong><span>\u00a0on saatavilla:<\/span><br \/>\n<span><\/span><\/p>\n<ul>\n<li><span>Yksityisasiakkaille yhteisty\u00f6kumppanimme\u00a0<\/span><a href=\"https:\/\/inbank.ee\/laen\/vaikelaen\">Inbank.ee<\/a><span>\u00a0kautta viitekoodilla \u201cKONTEINER\u201d.<\/span><br \/>\n<span><\/span><\/li>\n<li><span>Yritysasiakkaille yhteisty\u00f6kumppanimme\u00a0<\/span><a href=\"https:\/\/tenor.my.canva.site\/tenor-miil\">Tenor.ee<\/a><span>\u00a0kautta.<\/span><\/li>\n<\/ul>\n<p>Seuraa meit\u00e4 <a href=\"https:\/\/www.facebook.com\/konteinerveod\/\">Facebook<\/a> tai <a href=\"https:\/\/www.instagram.com\/ou_miil\/\">Instagram<\/a><\/p>\n","protected":false},"excerpt":{"rendered":"<p>H\u00f6yryl\u00e4mmityss\u00e4ili\u00f6 &#8211; Kontikattilatalo Kontikattilatalo Kattilatalo on valmistettu Virossa ja laadusta ei ole tehty kompromisseja. Konttikattila vai jotain muuta? Tuotevalikoimaamme kuuluu luonnollisesti t\u00e4m\u00e4n kattilatalon lis\u00e4ksi my\u00f6s kattilat tai merikontit. Meill\u00e4 on uusia ja k\u00e4ytettyj\u00e4 merikontteja, vuokraamme niit\u00e4 my\u00f6s. Toimistorakennukset ovat p\u00e4\u00e4osin uusia. Vuokrattavat ovat t\u00e4ysin uusia, mutta meill\u00e4 on my\u00f6s v\u00e4h\u00e4n k\u00e4ytettyj\u00e4, mutta hyv\u00e4ss\u00e4 kunnossa. Tuoteluettelo&#8230;<\/p>\n","protected":false},"featured_media":64999,"comment_status":"closed","ping_status":"closed","template":"","meta":{"_acf_changed":false},"product_cat":[335,347],"product_tag":[],"class_list":{"0":"post-64995","1":"product","2":"type-product","3":"status-publish","4":"has-post-thumbnail","6":"product_cat-lisavarusteet","7":"product_cat-tekniikka","9":"first","10":"instock","11":"shipping-taxable","12":"purchasable","13":"product-type-simple"},"acf":[],"yoast_head":"<!-- This site is optimized with the Yoast SEO Premium plugin v23.9 (Yoast SEO v27.5) - https:\/\/yoast.com\/product\/yoast-seo-premium-wordpress\/ -->\n<title>Kontikattilatalo - Miil O\u00dc -<\/title>\n<meta name=\"description\" content=\"Kontikattilatalo, merikontit, kontti, shipping container sales and rent, ref containers, iso containers, office containers \u2b50\ufe0f\u2b50\ufe0f\u2b50\ufe0f\u2b50\ufe0f\u2b50\ufe0f\" \/>\n<meta name=\"robots\" content=\"index, follow, max-snippet:-1, max-image-preview:large, max-video-preview:-1\" \/>\n<link rel=\"canonical\" href=\"https:\/\/miil.dev.almic.ee\/fi\/toode\/kontikattilatalo-miiu0019581\/\" \/>\n<meta property=\"og:locale\" content=\"fi_FI\" \/>\n<meta property=\"og:type\" content=\"article\" \/>\n<meta property=\"og:title\" content=\"Kontikattilatalo MIIU0019581\" \/>\n<meta property=\"og:description\" content=\"Kontikattilatalo, merikontit, kontti, shipping container sales and rent, ref containers, iso containers, office containers \u2b50\ufe0f\u2b50\ufe0f\u2b50\ufe0f\u2b50\ufe0f\u2b50\ufe0f\" \/>\n<meta property=\"og:url\" content=\"https:\/\/miil.dev.almic.ee\/fi\/toode\/kontikattilatalo-miiu0019581\/\" \/>\n<meta property=\"og:site_name\" content=\"Miil O\u00dc\" \/>\n<meta property=\"article:publisher\" content=\"https:\/\/www.facebook.com\/konteinerveod\/\" \/>\n<meta property=\"article:modified_time\" content=\"2025-01-21T10:20:49+00:00\" \/>\n<meta property=\"og:image\" content=\"https:\/\/miil.dev.almic.ee\/wp-content\/uploads\/2024\/05\/Merekonteiner-konteiner-katlamaja-aurukatlamaja-konteinerite-umberehitus-merekonteinerite-ehitus-tootmine-ja-muuk-6-scaled.jpg\" \/>\n\t<meta property=\"og:image:width\" content=\"1900\" \/>\n\t<meta property=\"og:image:height\" content=\"1425\" \/>\n\t<meta property=\"og:image:type\" content=\"image\/jpeg\" \/>\n<meta name=\"twitter:card\" content=\"summary_large_image\" \/>\n<meta name=\"twitter:label1\" content=\"Hinta\" \/>\n\t<meta name=\"twitter:data1\" content=\"90000,00&nbsp;&euro;\" \/>\n\t<meta name=\"twitter:label2\" content=\"Saatavuus\" \/>\n\t<meta name=\"twitter:data2\" content=\"Varastossa\" \/>\n<script type=\"application\/ld+json\" class=\"yoast-schema-graph\">{\"@context\":\"https:\\\/\\\/schema.org\",\"@graph\":[{\"@type\":\"WebPage\",\"@id\":\"https:\\\/\\\/miil.dev.almic.ee\\\/fi\\\/toode\\\/kontikattilatalo-miiu0019581\\\/\",\"url\":\"https:\\\/\\\/miil.dev.almic.ee\\\/fi\\\/toode\\\/kontikattilatalo-miiu0019581\\\/\",\"name\":\"Kontikattilatalo - Miil O\u00dc -\",\"isPartOf\":{\"@id\":\"https:\\\/\\\/miil.dev.almic.ee\\\/#website\"},\"primaryImageOfPage\":{\"@id\":\"https:\\\/\\\/miil.dev.almic.ee\\\/fi\\\/toode\\\/kontikattilatalo-miiu0019581\\\/#primaryimage\"},\"image\":{\"@id\":\"https:\\\/\\\/miil.dev.almic.ee\\\/fi\\\/toode\\\/kontikattilatalo-miiu0019581\\\/#primaryimage\"},\"thumbnailUrl\":\"https:\\\/\\\/miil.dev.almic.ee\\\/wp-content\\\/uploads\\\/2024\\\/05\\\/Merekonteiner-konteiner-katlamaja-aurukatlamaja-konteinerite-umberehitus-merekonteinerite-ehitus-tootmine-ja-muuk-6-scaled.jpg\",\"datePublished\":\"2024-05-29T10:15:43+00:00\",\"dateModified\":\"2025-01-21T10:20:49+00:00\",\"description\":\"Kontikattilatalo, merikontit, kontti, shipping container sales and rent, ref containers, iso containers, office containers \u2b50\ufe0f\u2b50\ufe0f\u2b50\ufe0f\u2b50\ufe0f\u2b50\ufe0f\",\"breadcrumb\":{\"@id\":\"https:\\\/\\\/miil.dev.almic.ee\\\/fi\\\/toode\\\/kontikattilatalo-miiu0019581\\\/#breadcrumb\"},\"inLanguage\":\"fi\",\"potentialAction\":[{\"@type\":\"ReadAction\",\"target\":[\"https:\\\/\\\/miil.dev.almic.ee\\\/fi\\\/toode\\\/kontikattilatalo-miiu0019581\\\/\"]}]},{\"@type\":\"ImageObject\",\"inLanguage\":\"fi\",\"@id\":\"https:\\\/\\\/miil.dev.almic.ee\\\/fi\\\/toode\\\/kontikattilatalo-miiu0019581\\\/#primaryimage\",\"url\":\"https:\\\/\\\/miil.dev.almic.ee\\\/wp-content\\\/uploads\\\/2024\\\/05\\\/Merekonteiner-konteiner-katlamaja-aurukatlamaja-konteinerite-umberehitus-merekonteinerite-ehitus-tootmine-ja-muuk-6-scaled.jpg\",\"contentUrl\":\"https:\\\/\\\/miil.dev.almic.ee\\\/wp-content\\\/uploads\\\/2024\\\/05\\\/Merekonteiner-konteiner-katlamaja-aurukatlamaja-konteinerite-umberehitus-merekonteinerite-ehitus-tootmine-ja-muuk-6-scaled.jpg\",\"width\":1900,\"height\":1425},{\"@type\":\"BreadcrumbList\",\"@id\":\"https:\\\/\\\/miil.dev.almic.ee\\\/fi\\\/toode\\\/kontikattilatalo-miiu0019581\\\/#breadcrumb\",\"itemListElement\":[{\"@type\":\"ListItem\",\"position\":1,\"name\":\"Home\",\"item\":\"https:\\\/\\\/miil.dev.almic.ee\\\/fi\\\/\"},{\"@type\":\"ListItem\",\"position\":2,\"name\":\"Kauppa\",\"item\":\"https:\\\/\\\/miil.dev.almic.ee\\\/fi\\\/kauppa\\\/\"},{\"@type\":\"ListItem\",\"position\":3,\"name\":\"Kontikattilatalo MIIU0019581\"}]},{\"@type\":\"WebSite\",\"@id\":\"https:\\\/\\\/miil.dev.almic.ee\\\/#website\",\"url\":\"https:\\\/\\\/miil.dev.almic.ee\\\/\",\"name\":\"Miil O\u00dc\",\"description\":\"Konteinerveod\",\"publisher\":{\"@id\":\"https:\\\/\\\/miil.dev.almic.ee\\\/#organization\"},\"potentialAction\":[{\"@type\":\"SearchAction\",\"target\":{\"@type\":\"EntryPoint\",\"urlTemplate\":\"https:\\\/\\\/miil.dev.almic.ee\\\/?s={search_term_string}\"},\"query-input\":{\"@type\":\"PropertyValueSpecification\",\"valueRequired\":true,\"valueName\":\"search_term_string\"}}],\"inLanguage\":\"fi\"},{\"@type\":\"Organization\",\"@id\":\"https:\\\/\\\/miil.dev.almic.ee\\\/#organization\",\"name\":\"Miil O\u00dc\",\"url\":\"https:\\\/\\\/miil.dev.almic.ee\\\/\",\"logo\":{\"@type\":\"ImageObject\",\"inLanguage\":\"fi\",\"@id\":\"https:\\\/\\\/miil.dev.almic.ee\\\/#\\\/schema\\\/logo\\\/image\\\/\",\"url\":\"https:\\\/\\\/www.miil.ee\\\/wp-content\\\/uploads\\\/2022\\\/02\\\/Miil-logo.svg\",\"contentUrl\":\"https:\\\/\\\/www.miil.ee\\\/wp-content\\\/uploads\\\/2022\\\/02\\\/Miil-logo.svg\",\"width\":\"1024\",\"height\":\"1024\",\"caption\":\"Miil O\u00dc\"},\"image\":{\"@id\":\"https:\\\/\\\/miil.dev.almic.ee\\\/#\\\/schema\\\/logo\\\/image\\\/\"},\"sameAs\":[\"https:\\\/\\\/www.facebook.com\\\/konteinerveod\\\/\",\"https:\\\/\\\/www.instagram.com\\\/ou_miil\\\/\"]}]}<\/script>\n<meta property=\"product:price:amount\" content=\"90000.00\" \/>\n<meta property=\"product:price:currency\" content=\"EUR\" \/>\n<meta property=\"og:availability\" content=\"instock\" \/>\n<meta property=\"product:availability\" content=\"instock\" \/>\n<meta property=\"product:retailer_item_id\" content=\"MIIU0019581\" \/>\n<meta property=\"product:condition\" content=\"new\" \/>\n<!-- \/ Yoast SEO Premium plugin. -->","yoast_head_json":{"title":"Kontikattilatalo - Miil O\u00dc -","description":"Kontikattilatalo, merikontit, kontti, shipping container sales and rent, ref containers, iso containers, office containers \u2b50\ufe0f\u2b50\ufe0f\u2b50\ufe0f\u2b50\ufe0f\u2b50\ufe0f","robots":{"index":"index","follow":"follow","max-snippet":"max-snippet:-1","max-image-preview":"max-image-preview:large","max-video-preview":"max-video-preview:-1"},"canonical":"https:\/\/miil.dev.almic.ee\/fi\/toode\/kontikattilatalo-miiu0019581\/","og_locale":"fi_FI","og_type":"article","og_title":"Kontikattilatalo MIIU0019581","og_description":"Kontikattilatalo, merikontit, kontti, shipping container sales and rent, ref containers, iso containers, office containers \u2b50\ufe0f\u2b50\ufe0f\u2b50\ufe0f\u2b50\ufe0f\u2b50\ufe0f","og_url":"https:\/\/miil.dev.almic.ee\/fi\/toode\/kontikattilatalo-miiu0019581\/","og_site_name":"Miil O\u00dc","article_publisher":"https:\/\/www.facebook.com\/konteinerveod\/","article_modified_time":"2025-01-21T10:20:49+00:00","og_image":[{"width":1900,"height":1425,"url":"https:\/\/miil.dev.almic.ee\/wp-content\/uploads\/2024\/05\/Merekonteiner-konteiner-katlamaja-aurukatlamaja-konteinerite-umberehitus-merekonteinerite-ehitus-tootmine-ja-muuk-6-scaled.jpg","type":"image\/jpeg"}],"twitter_card":"summary_large_image","twitter_misc":{"Hinta":"90000,00&nbsp;&euro;","Saatavuus":"Varastossa"},"schema":{"@context":"https:\/\/schema.org","@graph":[{"@type":"WebPage","@id":"https:\/\/miil.dev.almic.ee\/fi\/toode\/kontikattilatalo-miiu0019581\/","url":"https:\/\/miil.dev.almic.ee\/fi\/toode\/kontikattilatalo-miiu0019581\/","name":"Kontikattilatalo - Miil O\u00dc -","isPartOf":{"@id":"https:\/\/miil.dev.almic.ee\/#website"},"primaryImageOfPage":{"@id":"https:\/\/miil.dev.almic.ee\/fi\/toode\/kontikattilatalo-miiu0019581\/#primaryimage"},"image":{"@id":"https:\/\/miil.dev.almic.ee\/fi\/toode\/kontikattilatalo-miiu0019581\/#primaryimage"},"thumbnailUrl":"https:\/\/miil.dev.almic.ee\/wp-content\/uploads\/2024\/05\/Merekonteiner-konteiner-katlamaja-aurukatlamaja-konteinerite-umberehitus-merekonteinerite-ehitus-tootmine-ja-muuk-6-scaled.jpg","datePublished":"2024-05-29T10:15:43+00:00","dateModified":"2025-01-21T10:20:49+00:00","description":"Kontikattilatalo, merikontit, kontti, shipping container sales and rent, ref containers, iso containers, office containers \u2b50\ufe0f\u2b50\ufe0f\u2b50\ufe0f\u2b50\ufe0f\u2b50\ufe0f","breadcrumb":{"@id":"https:\/\/miil.dev.almic.ee\/fi\/toode\/kontikattilatalo-miiu0019581\/#breadcrumb"},"inLanguage":"fi","potentialAction":[{"@type":"ReadAction","target":["https:\/\/miil.dev.almic.ee\/fi\/toode\/kontikattilatalo-miiu0019581\/"]}]},{"@type":"ImageObject","inLanguage":"fi","@id":"https:\/\/miil.dev.almic.ee\/fi\/toode\/kontikattilatalo-miiu0019581\/#primaryimage","url":"https:\/\/miil.dev.almic.ee\/wp-content\/uploads\/2024\/05\/Merekonteiner-konteiner-katlamaja-aurukatlamaja-konteinerite-umberehitus-merekonteinerite-ehitus-tootmine-ja-muuk-6-scaled.jpg","contentUrl":"https:\/\/miil.dev.almic.ee\/wp-content\/uploads\/2024\/05\/Merekonteiner-konteiner-katlamaja-aurukatlamaja-konteinerite-umberehitus-merekonteinerite-ehitus-tootmine-ja-muuk-6-scaled.jpg","width":1900,"height":1425},{"@type":"BreadcrumbList","@id":"https:\/\/miil.dev.almic.ee\/fi\/toode\/kontikattilatalo-miiu0019581\/#breadcrumb","itemListElement":[{"@type":"ListItem","position":1,"name":"Home","item":"https:\/\/miil.dev.almic.ee\/fi\/"},{"@type":"ListItem","position":2,"name":"Kauppa","item":"https:\/\/miil.dev.almic.ee\/fi\/kauppa\/"},{"@type":"ListItem","position":3,"name":"Kontikattilatalo MIIU0019581"}]},{"@type":"WebSite","@id":"https:\/\/miil.dev.almic.ee\/#website","url":"https:\/\/miil.dev.almic.ee\/","name":"Miil O\u00dc","description":"Konteinerveod","publisher":{"@id":"https:\/\/miil.dev.almic.ee\/#organization"},"potentialAction":[{"@type":"SearchAction","target":{"@type":"EntryPoint","urlTemplate":"https:\/\/miil.dev.almic.ee\/?s={search_term_string}"},"query-input":{"@type":"PropertyValueSpecification","valueRequired":true,"valueName":"search_term_string"}}],"inLanguage":"fi"},{"@type":"Organization","@id":"https:\/\/miil.dev.almic.ee\/#organization","name":"Miil O\u00dc","url":"https:\/\/miil.dev.almic.ee\/","logo":{"@type":"ImageObject","inLanguage":"fi","@id":"https:\/\/miil.dev.almic.ee\/#\/schema\/logo\/image\/","url":"https:\/\/www.miil.ee\/wp-content\/uploads\/2022\/02\/Miil-logo.svg","contentUrl":"https:\/\/www.miil.ee\/wp-content\/uploads\/2022\/02\/Miil-logo.svg","width":"1024","height":"1024","caption":"Miil O\u00dc"},"image":{"@id":"https:\/\/miil.dev.almic.ee\/#\/schema\/logo\/image\/"},"sameAs":["https:\/\/www.facebook.com\/konteinerveod\/","https:\/\/www.instagram.com\/ou_miil\/"]}]},"product_price_amount":"90000.00","product_price_currency":"EUR","og_availability":"instock","product_availability":"instock","product_retailer_item_id":"MIIU0019581","product_condition":"new"},"_links":{"self":[{"href":"https:\/\/miil.dev.almic.ee\/fi\/wp-json\/wp\/v2\/product\/64995","targetHints":{"allow":["GET"]}}],"collection":[{"href":"https:\/\/miil.dev.almic.ee\/fi\/wp-json\/wp\/v2\/product"}],"about":[{"href":"https:\/\/miil.dev.almic.ee\/fi\/wp-json\/wp\/v2\/types\/product"}],"replies":[{"embeddable":true,"href":"https:\/\/miil.dev.almic.ee\/fi\/wp-json\/wp\/v2\/comments?post=64995"}],"wp:featuredmedia":[{"embeddable":true,"href":"https:\/\/miil.dev.almic.ee\/fi\/wp-json\/wp\/v2\/media\/64999"}],"wp:attachment":[{"href":"https:\/\/miil.dev.almic.ee\/fi\/wp-json\/wp\/v2\/media?parent=64995"}],"wp:term":[{"taxonomy":"product_cat","embeddable":true,"href":"https:\/\/miil.dev.almic.ee\/fi\/wp-json\/wp\/v2\/product_cat?post=64995"},{"taxonomy":"product_tag","embeddable":true,"href":"https:\/\/miil.dev.almic.ee\/fi\/wp-json\/wp\/v2\/product_tag?post=64995"}],"curies":[{"name":"wp","href":"https:\/\/api.w.org\/{rel}","templated":true}]}}