{"id":62908,"date":"2024-04-26T19:08:19","date_gmt":"2024-04-26T16:08:20","guid":{"rendered":"https:\/\/www.miil.ee\/?post_type=product&#038;p=62908"},"modified":"2024-11-13T12:26:07","modified_gmt":"2024-11-13T10:26:07","slug":"portaikko-toimistomokki","status":"publish","type":"product","link":"https:\/\/miil.dev.almic.ee\/fi\/toode\/portaikko-toimistomokki\/","title":{"rendered":"Terassi toimistom\u00f6kki"},"content":{"rendered":"<h1>Portaikko toimistom\u00f6kki ja merikonttiin<\/h1>\n<p>Portaikko toimistom\u00f6kki ja merikonttiin sopivat myymillemme CE-merkittyille konteille.<br \/>\nPortaat ovat vahvaa metallia, modulaarisia ja galvanoituja.<br \/>\nPortaiden portaiden edess\u00e4 on este, yl\u00e4osassa ritil\u00e4, portaiden kulmat ovat kaarevia.<br \/>\nMyym\u00e4mme portaissa on pulttiliitokset ja ne on helppo asentaa.<br \/>\nKaikki liit\u00e4nn\u00e4t ovat modulaarisia ja portaikko voidaan asentaa suoraan ty\u00f6maalla kahden ty\u00f6ntekij\u00e4n kanssa.<br \/>\nTavarat on valmistettu Virossa, eik\u00e4 laadusta ole tehty kompromisseja.<br \/>\nPortaiden myynti &#8211; Containex-portaat, ModulX-portaat, konttiportaat.<\/p>\n<h2>Portaikko toimistom\u00f6kki ja merikonttiin ?<\/h2>\n<p>Tuotevalikoimaamme kuuluvat tietysti portaiden lis\u00e4ksi my\u00f6s kylpytynnyrit tai merikontit.<br \/>\nMeill\u00e4 on uusia ja k\u00e4ytettyj\u00e4 merikontteja, vuokraamme niit\u00e4 my\u00f6s.<br \/>\nL\u00e4mmittimet ovat p\u00e4\u00e4osin uusia, vuokrattavat l\u00e4mmittimet hyv\u00e4kuntoisia ja v\u00e4h\u00e4n k\u00e4ytettyj\u00e4 tai t\u00e4ysin uusia.<br \/>\nTuoteluettelo l\u00e4pin\u00e4kyvin hinnoin on <a href=\"https:\/\/www.miil.ee\/fi\/kauppa\/\">t\u00e4\u00e4ll\u00e4.<\/a><\/p>\n<p>Asiakkaalle kaikki yhdest\u00e4 paikasta, kun ostat meilt\u00e4 kontin tai merikontin, tuomme sen sinne omalla nosturiautollamme ja asennamme.<br \/>\nAsennamme my\u00f6s portaikolla yhdistetyt l\u00e4mm\u00f6nvaihtimet.<br \/>\nTuotevalikoimamme lis\u00e4varustekategoriasta l\u00f6ytyy edell\u00e4 mainittujen lis\u00e4ksi my\u00f6s erilaisia \u200b\u200bhyllyj\u00e4, l\u00e4mmittimien v\u00e4lisi\u00e4 liitoksia, kiinnikkeit\u00e4 ja riippulukkoja.<\/p>\n<p>Valitse oikea tuote laajasta tuotevalikoimastamme ja varmista tehokas ja j\u00e4rjestetty varastointi alueellasi. MIIL.ee on luotettava kumppanisi merikonttien ja varastoratkaisujen alalla.<\/p>\n<h2>Portaiden rakentaminen<\/h2>\n<p>Portaiden valmistus tai rakentaminen puusta ja k\u00e4tevist\u00e4 ty\u00f6kaluista on historiaa, meilt\u00e4 saat laadukkaat metalliportaat edulliseen hintaan.<br \/>\nMy\u00f6s itse portaiden rakentaminen maksaa aikaa ja ty\u00f6t\u00e4, jota voidaan v\u00e4hent\u00e4\u00e4 merkitt\u00e4v\u00e4sti valmiilla pultattu portaalla.<br \/>\nKoska l\u00e4mpimien ihmisten portaiden saatavuus kaikkialla Euroopassa on heikkoa ja aikaa viev\u00e4\u00e4, p\u00e4\u00e4timme yhdess\u00e4 tuotantotiimimme kanssa ratkaista t\u00e4m\u00e4n ongelman ja vastata asiakkaiden tarpeisiin.<br \/>\nValmistamme itse portaiden lis\u00e4ksi merikonttiramppeja &#8221;Raidussa&#8221;, merikonttihyllyj\u00e4 &#8221;Rainissa&#8221; ja teemme useita muutost\u00f6it\u00e4.<br \/>\nMeilt\u00e4 voit tilata esimerkiksi kontin takaosaan asennettavat autotallin ovet patentoituna ratkaisuna tai kuljetuspalvelun erityisesti SUV:n takaosaan suunnitellun per\u00e4vaunun kanssa. T\u00e4ll\u00e4 per\u00e4k\u00e4rryll\u00e4 voidaan kuljettaa kontti tai per\u00e4vaunu vaikeampiin paikkoihin, kuten teollisuusrakennukseen, jossa on matala ovi tai pelto, jossa on liian pehme\u00e4 maaper\u00e4 kuorma-autolle.<br \/>\nJoka tapauksessa meilt\u00e4 l\u00f6yd\u00e4t laadukkaat ja kest\u00e4v\u00e4t ratkaisut!<\/p>\n<p>seuraa meit\u00e4 my\u00f6s <a href=\"https:\/\/www.instagram.com\/ou_miil\/\">Instagramissa<\/a> tai <a href=\"https:\/\/www.facebook.com\/merekonteiner\">Facebookissa.<\/a><\/p>\n","protected":false},"excerpt":{"rendered":"<p>Merikonttitelineet.<br \/>\nHyllyt &#8221;Rainis&#8221;, sopivat merikontin yl\u00e4lenkeille.<br \/>\nMerikonttihyllyt &#8221;Rainis&#8221; ovat nopea ja k\u00e4tev\u00e4 ratkaisu kun on tarpeen s\u00e4ilytt\u00e4\u00e4 putkia, putkia tai muita pidempi\u00e4 tuotteita.<br \/>\nHyllyss\u00e4 on lis\u00e4vahvikkeet ja kaikki kuvan aukot ovat k\u00e4ytt\u00f6kelpoisia.<br \/>\nP\u00f6yt\u00e4kappaleita voidaan my\u00f6s lis\u00e4t\u00e4 ja k\u00e4ytt\u00e4\u00e4 tavallisena hyllyn\u00e4.<\/p>\n","protected":false},"featured_media":69276,"comment_status":"closed","ping_status":"closed","template":"","meta":{"_acf_changed":false},"product_cat":[335,343,407],"product_tag":[],"class_list":{"0":"post-62908","1":"product","2":"type-product","3":"status-publish","4":"has-post-thumbnail","6":"product_cat-lisavarusteet","7":"product_cat-eristekontit","8":"product_cat-uudet-toimistokontit","10":"first","11":"instock","12":"shipping-taxable","13":"purchasable","14":"product-type-simple"},"acf":[],"yoast_head":"<!-- This site is optimized with the Yoast SEO Premium plugin v23.9 (Yoast SEO v27.5) - https:\/\/yoast.com\/product\/yoast-seo-premium-wordpress\/ -->\n<title>Portaikko toimistom\u00f6kki ja merikonttiin - Miil O\u00dc - Containex, ModulX<\/title>\n<meta name=\"description\" content=\"Portaikko toimistom\u00f6kki ja merikonttiin, merikontit, kontti, shipping container sales and rent, ref containers, iso containers, office containers\" \/>\n<meta name=\"robots\" content=\"index, follow, max-snippet:-1, max-image-preview:large, max-video-preview:-1\" \/>\n<link rel=\"canonical\" href=\"https:\/\/miil.dev.almic.ee\/fi\/toode\/portaikko-toimistomokki\/\" \/>\n<meta property=\"og:locale\" content=\"fi_FI\" \/>\n<meta property=\"og:type\" content=\"article\" \/>\n<meta property=\"og:title\" content=\"Terassi toimistom\u00f6kki\" \/>\n<meta property=\"og:description\" content=\"Portaikko toimistom\u00f6kki ja merikonttiin, merikontit, kontti, shipping container sales and rent, ref containers, iso containers, office containers\" \/>\n<meta property=\"og:url\" content=\"https:\/\/miil.dev.almic.ee\/fi\/toode\/portaikko-toimistomokki\/\" \/>\n<meta property=\"og:site_name\" content=\"Miil O\u00dc\" \/>\n<meta property=\"article:publisher\" content=\"https:\/\/www.facebook.com\/konteinerveod\/\" \/>\n<meta property=\"article:modified_time\" content=\"2024-11-13T10:26:07+00:00\" \/>\n<meta property=\"og:image\" content=\"https:\/\/miil.dev.almic.ee\/wp-content\/uploads\/2024\/04\/Terrass-konteinerile-5-scaled.jpg\" \/>\n\t<meta property=\"og:image:width\" content=\"1425\" \/>\n\t<meta property=\"og:image:height\" content=\"1900\" \/>\n\t<meta property=\"og:image:type\" content=\"image\/jpeg\" \/>\n<meta name=\"twitter:card\" content=\"summary_large_image\" \/>\n<meta name=\"twitter:label1\" content=\"Hinta\" \/>\n\t<meta name=\"twitter:data1\" content=\"2490,00&nbsp;&euro;\" \/>\n\t<meta name=\"twitter:label2\" content=\"Saatavuus\" \/>\n\t<meta name=\"twitter:data2\" content=\"Varastossa\" \/>\n<script type=\"application\/ld+json\" class=\"yoast-schema-graph\">{\"@context\":\"https:\\\/\\\/schema.org\",\"@graph\":[{\"@type\":\"WebPage\",\"@id\":\"https:\\\/\\\/miil.dev.almic.ee\\\/fi\\\/toode\\\/portaikko-toimistomokki\\\/\",\"url\":\"https:\\\/\\\/miil.dev.almic.ee\\\/fi\\\/toode\\\/portaikko-toimistomokki\\\/\",\"name\":\"Portaikko toimistom\u00f6kki ja merikonttiin - Miil O\u00dc - Containex, ModulX\",\"isPartOf\":{\"@id\":\"https:\\\/\\\/miil.dev.almic.ee\\\/#website\"},\"primaryImageOfPage\":{\"@id\":\"https:\\\/\\\/miil.dev.almic.ee\\\/fi\\\/toode\\\/portaikko-toimistomokki\\\/#primaryimage\"},\"image\":{\"@id\":\"https:\\\/\\\/miil.dev.almic.ee\\\/fi\\\/toode\\\/portaikko-toimistomokki\\\/#primaryimage\"},\"thumbnailUrl\":\"https:\\\/\\\/miil.dev.almic.ee\\\/wp-content\\\/uploads\\\/2024\\\/04\\\/Terrass-konteinerile-5-scaled.jpg\",\"datePublished\":\"2024-04-26T16:08:20+00:00\",\"dateModified\":\"2024-11-13T10:26:07+00:00\",\"description\":\"Portaikko toimistom\u00f6kki ja merikonttiin, merikontit, kontti, shipping container sales and rent, ref containers, iso containers, office containers\",\"breadcrumb\":{\"@id\":\"https:\\\/\\\/miil.dev.almic.ee\\\/fi\\\/toode\\\/portaikko-toimistomokki\\\/#breadcrumb\"},\"inLanguage\":\"fi\",\"potentialAction\":[{\"@type\":\"ReadAction\",\"target\":[\"https:\\\/\\\/miil.dev.almic.ee\\\/fi\\\/toode\\\/portaikko-toimistomokki\\\/\"]}]},{\"@type\":\"ImageObject\",\"inLanguage\":\"fi\",\"@id\":\"https:\\\/\\\/miil.dev.almic.ee\\\/fi\\\/toode\\\/portaikko-toimistomokki\\\/#primaryimage\",\"url\":\"https:\\\/\\\/miil.dev.almic.ee\\\/wp-content\\\/uploads\\\/2024\\\/04\\\/Terrass-konteinerile-5-scaled.jpg\",\"contentUrl\":\"https:\\\/\\\/miil.dev.almic.ee\\\/wp-content\\\/uploads\\\/2024\\\/04\\\/Terrass-konteinerile-5-scaled.jpg\",\"width\":1425,\"height\":1900},{\"@type\":\"BreadcrumbList\",\"@id\":\"https:\\\/\\\/miil.dev.almic.ee\\\/fi\\\/toode\\\/portaikko-toimistomokki\\\/#breadcrumb\",\"itemListElement\":[{\"@type\":\"ListItem\",\"position\":1,\"name\":\"Home\",\"item\":\"https:\\\/\\\/miil.dev.almic.ee\\\/fi\\\/\"},{\"@type\":\"ListItem\",\"position\":2,\"name\":\"Kauppa\",\"item\":\"https:\\\/\\\/miil.dev.almic.ee\\\/fi\\\/kauppa\\\/\"},{\"@type\":\"ListItem\",\"position\":3,\"name\":\"Terassi toimistom\u00f6kki\"}]},{\"@type\":\"WebSite\",\"@id\":\"https:\\\/\\\/miil.dev.almic.ee\\\/#website\",\"url\":\"https:\\\/\\\/miil.dev.almic.ee\\\/\",\"name\":\"Miil O\u00dc\",\"description\":\"Konteinerveod\",\"publisher\":{\"@id\":\"https:\\\/\\\/miil.dev.almic.ee\\\/#organization\"},\"potentialAction\":[{\"@type\":\"SearchAction\",\"target\":{\"@type\":\"EntryPoint\",\"urlTemplate\":\"https:\\\/\\\/miil.dev.almic.ee\\\/?s={search_term_string}\"},\"query-input\":{\"@type\":\"PropertyValueSpecification\",\"valueRequired\":true,\"valueName\":\"search_term_string\"}}],\"inLanguage\":\"fi\"},{\"@type\":\"Organization\",\"@id\":\"https:\\\/\\\/miil.dev.almic.ee\\\/#organization\",\"name\":\"Miil O\u00dc\",\"url\":\"https:\\\/\\\/miil.dev.almic.ee\\\/\",\"logo\":{\"@type\":\"ImageObject\",\"inLanguage\":\"fi\",\"@id\":\"https:\\\/\\\/miil.dev.almic.ee\\\/#\\\/schema\\\/logo\\\/image\\\/\",\"url\":\"https:\\\/\\\/www.miil.ee\\\/wp-content\\\/uploads\\\/2022\\\/02\\\/Miil-logo.svg\",\"contentUrl\":\"https:\\\/\\\/www.miil.ee\\\/wp-content\\\/uploads\\\/2022\\\/02\\\/Miil-logo.svg\",\"width\":\"1024\",\"height\":\"1024\",\"caption\":\"Miil O\u00dc\"},\"image\":{\"@id\":\"https:\\\/\\\/miil.dev.almic.ee\\\/#\\\/schema\\\/logo\\\/image\\\/\"},\"sameAs\":[\"https:\\\/\\\/www.facebook.com\\\/konteinerveod\\\/\",\"https:\\\/\\\/www.instagram.com\\\/ou_miil\\\/\"]}]}<\/script>\n<meta property=\"product:price:amount\" content=\"2490.00\" \/>\n<meta property=\"product:price:currency\" content=\"EUR\" \/>\n<meta property=\"og:availability\" content=\"instock\" \/>\n<meta property=\"product:availability\" content=\"instock\" \/>\n<meta property=\"product:retailer_item_id\" content=\"1568112553753-1-1-3\" \/>\n<meta property=\"product:condition\" content=\"new\" \/>\n<!-- \/ Yoast SEO Premium plugin. -->","yoast_head_json":{"title":"Portaikko toimistom\u00f6kki ja merikonttiin - Miil O\u00dc - Containex, ModulX","description":"Portaikko toimistom\u00f6kki ja merikonttiin, merikontit, kontti, shipping container sales and rent, ref containers, iso containers, office containers","robots":{"index":"index","follow":"follow","max-snippet":"max-snippet:-1","max-image-preview":"max-image-preview:large","max-video-preview":"max-video-preview:-1"},"canonical":"https:\/\/miil.dev.almic.ee\/fi\/toode\/portaikko-toimistomokki\/","og_locale":"fi_FI","og_type":"article","og_title":"Terassi toimistom\u00f6kki","og_description":"Portaikko toimistom\u00f6kki ja merikonttiin, merikontit, kontti, shipping container sales and rent, ref containers, iso containers, office containers","og_url":"https:\/\/miil.dev.almic.ee\/fi\/toode\/portaikko-toimistomokki\/","og_site_name":"Miil O\u00dc","article_publisher":"https:\/\/www.facebook.com\/konteinerveod\/","article_modified_time":"2024-11-13T10:26:07+00:00","og_image":[{"width":1425,"height":1900,"url":"https:\/\/miil.dev.almic.ee\/wp-content\/uploads\/2024\/04\/Terrass-konteinerile-5-scaled.jpg","type":"image\/jpeg"}],"twitter_card":"summary_large_image","twitter_misc":{"Hinta":"2490,00&nbsp;&euro;","Saatavuus":"Varastossa"},"schema":{"@context":"https:\/\/schema.org","@graph":[{"@type":"WebPage","@id":"https:\/\/miil.dev.almic.ee\/fi\/toode\/portaikko-toimistomokki\/","url":"https:\/\/miil.dev.almic.ee\/fi\/toode\/portaikko-toimistomokki\/","name":"Portaikko toimistom\u00f6kki ja merikonttiin - Miil O\u00dc - Containex, ModulX","isPartOf":{"@id":"https:\/\/miil.dev.almic.ee\/#website"},"primaryImageOfPage":{"@id":"https:\/\/miil.dev.almic.ee\/fi\/toode\/portaikko-toimistomokki\/#primaryimage"},"image":{"@id":"https:\/\/miil.dev.almic.ee\/fi\/toode\/portaikko-toimistomokki\/#primaryimage"},"thumbnailUrl":"https:\/\/miil.dev.almic.ee\/wp-content\/uploads\/2024\/04\/Terrass-konteinerile-5-scaled.jpg","datePublished":"2024-04-26T16:08:20+00:00","dateModified":"2024-11-13T10:26:07+00:00","description":"Portaikko toimistom\u00f6kki ja merikonttiin, merikontit, kontti, shipping container sales and rent, ref containers, iso containers, office containers","breadcrumb":{"@id":"https:\/\/miil.dev.almic.ee\/fi\/toode\/portaikko-toimistomokki\/#breadcrumb"},"inLanguage":"fi","potentialAction":[{"@type":"ReadAction","target":["https:\/\/miil.dev.almic.ee\/fi\/toode\/portaikko-toimistomokki\/"]}]},{"@type":"ImageObject","inLanguage":"fi","@id":"https:\/\/miil.dev.almic.ee\/fi\/toode\/portaikko-toimistomokki\/#primaryimage","url":"https:\/\/miil.dev.almic.ee\/wp-content\/uploads\/2024\/04\/Terrass-konteinerile-5-scaled.jpg","contentUrl":"https:\/\/miil.dev.almic.ee\/wp-content\/uploads\/2024\/04\/Terrass-konteinerile-5-scaled.jpg","width":1425,"height":1900},{"@type":"BreadcrumbList","@id":"https:\/\/miil.dev.almic.ee\/fi\/toode\/portaikko-toimistomokki\/#breadcrumb","itemListElement":[{"@type":"ListItem","position":1,"name":"Home","item":"https:\/\/miil.dev.almic.ee\/fi\/"},{"@type":"ListItem","position":2,"name":"Kauppa","item":"https:\/\/miil.dev.almic.ee\/fi\/kauppa\/"},{"@type":"ListItem","position":3,"name":"Terassi toimistom\u00f6kki"}]},{"@type":"WebSite","@id":"https:\/\/miil.dev.almic.ee\/#website","url":"https:\/\/miil.dev.almic.ee\/","name":"Miil O\u00dc","description":"Konteinerveod","publisher":{"@id":"https:\/\/miil.dev.almic.ee\/#organization"},"potentialAction":[{"@type":"SearchAction","target":{"@type":"EntryPoint","urlTemplate":"https:\/\/miil.dev.almic.ee\/?s={search_term_string}"},"query-input":{"@type":"PropertyValueSpecification","valueRequired":true,"valueName":"search_term_string"}}],"inLanguage":"fi"},{"@type":"Organization","@id":"https:\/\/miil.dev.almic.ee\/#organization","name":"Miil O\u00dc","url":"https:\/\/miil.dev.almic.ee\/","logo":{"@type":"ImageObject","inLanguage":"fi","@id":"https:\/\/miil.dev.almic.ee\/#\/schema\/logo\/image\/","url":"https:\/\/www.miil.ee\/wp-content\/uploads\/2022\/02\/Miil-logo.svg","contentUrl":"https:\/\/www.miil.ee\/wp-content\/uploads\/2022\/02\/Miil-logo.svg","width":"1024","height":"1024","caption":"Miil O\u00dc"},"image":{"@id":"https:\/\/miil.dev.almic.ee\/#\/schema\/logo\/image\/"},"sameAs":["https:\/\/www.facebook.com\/konteinerveod\/","https:\/\/www.instagram.com\/ou_miil\/"]}]},"product_price_amount":"2490.00","product_price_currency":"EUR","og_availability":"instock","product_availability":"instock","product_retailer_item_id":"1568112553753-1-1-3","product_condition":"new"},"_links":{"self":[{"href":"https:\/\/miil.dev.almic.ee\/fi\/wp-json\/wp\/v2\/product\/62908","targetHints":{"allow":["GET"]}}],"collection":[{"href":"https:\/\/miil.dev.almic.ee\/fi\/wp-json\/wp\/v2\/product"}],"about":[{"href":"https:\/\/miil.dev.almic.ee\/fi\/wp-json\/wp\/v2\/types\/product"}],"replies":[{"embeddable":true,"href":"https:\/\/miil.dev.almic.ee\/fi\/wp-json\/wp\/v2\/comments?post=62908"}],"wp:featuredmedia":[{"embeddable":true,"href":"https:\/\/miil.dev.almic.ee\/fi\/wp-json\/wp\/v2\/media\/69276"}],"wp:attachment":[{"href":"https:\/\/miil.dev.almic.ee\/fi\/wp-json\/wp\/v2\/media?parent=62908"}],"wp:term":[{"taxonomy":"product_cat","embeddable":true,"href":"https:\/\/miil.dev.almic.ee\/fi\/wp-json\/wp\/v2\/product_cat?post=62908"},{"taxonomy":"product_tag","embeddable":true,"href":"https:\/\/miil.dev.almic.ee\/fi\/wp-json\/wp\/v2\/product_tag?post=62908"}],"curies":[{"name":"wp","href":"https:\/\/api.w.org\/{rel}","templated":true}]}}