{"id":62707,"date":"2024-04-26T15:26:49","date_gmt":"2024-04-26T12:26:49","guid":{"rendered":"https:\/\/www.miil.ee\/?post_type=product&#038;p=62707"},"modified":"2024-11-12T08:24:35","modified_gmt":"2024-11-12T06:24:35","slug":"containex-standard-premium-toimisto-ja-tyomaakontti-miiu1002","status":"publish","type":"product","link":"https:\/\/miil.dev.almic.ee\/fi\/toode\/containex-standard-premium-toimisto-ja-tyomaakontti-miiu1002\/","title":{"rendered":"Containex Standard Basic &#8211; MIIU3188 puisella vuorauksella"},"content":{"rendered":"<h1>M\u00f6kki puisella vuorauksella<\/h1>\n<p>Puupaneloitu ja viimeistelty hytti maalaismaiseen ulkorakennukseen.<br \/>\nYhden kannettavan hytin vakiokoko on 6 metri\u00e4 pitk\u00e4, 2,44 metri\u00e4 leve\u00e4 ja 2,6 metri\u00e4 korkea.<br \/>\nOhjaamon elementit voidaan yhdist\u00e4\u00e4 toisiinsa suuremmiksi huoneiksi.<\/p>\n<p>Puuverhouksen lis\u00e4ksi voimme asentaa my\u00f6s ilmal\u00e4mp\u00f6pumpun, toisen kerroksen, portaikko-, terassimoduulin katolle tai sen eteen maahan.<\/p>\n<p>M\u00f6kki on nopein ja edullisin rakennus esimerkiksi m\u00f6kille, rakentajaa tai perustusta ei tarvita.<br \/>\nRakennuslupaa ei yleens\u00e4 vaadita, mutta se riippuu tietyst\u00e4 sijainnista, kunnasta ja viranomaisten toiveista.<\/p>\n<p>M\u00f6kin viimeistely puulla on yleistym\u00e4ss\u00e4, ja laudan s\u00e4vy voidaan sovittaa yhteen olemassa olevan talon tai rakennuksen kanssa.<br \/>\nTarvittaessa asennamme my\u00f6s lis\u00e4valaistuksen ulos tai kalustehuoneeseen.<\/p>\n<ul>\n<li>Kaksi avattavaa ikkunaa (voidaan vaihtaa tavalliseen paneeliin).<\/li>\n<li>Yksi ovi (voimme korvata oven tavallisella paneelilla).<\/li>\n<li>Kaksi valoa.<\/li>\n<li>Vakiokorkeus.<\/li>\n<li>Kaksoispistoke.<\/li>\n<li>S\u00e4hk\u00f6paneeli.<\/li>\n<li>Valokytkin.<\/li>\n<li>AC<\/li>\n<\/ul>\n<p><strong>mittaukset<\/strong><\/p>\n<p>\u2013 Ulkokorkeus 2591mm<br \/>\n\u2013 Sis\u00e4korkeus 2340mm<\/p>\n<p><strong>L\u00e4mmitys<\/strong><\/p>\n<p>\u2013 Sein\u00e4eristys PU-vaahtoa 45mm<br \/>\n\u2013 Katon eristysmineraalivilla 100mm<br \/>\n\u2013 Lattiaeristys PU-levyt 60mm<\/p>\n<p><strong>S\u00e4hk\u00f6liit\u00e4nt\u00e4<\/strong><\/p>\n<p>230V\/32A\/3napainen<\/p>\n<p><strong>Paneelit<\/strong><br \/>\n2 ikkunapaneelia,<br \/>\nIkkunat voidaan avata kokonaan tai avata tuuletusasentoon.<br \/>\nKorkeus maasta 870 mm<\/p>\n<p><strong>1 etuovi<\/strong><br \/>\navautuu ulosp\u00e4in.<br \/>\nOven leveys: 875 mm<br \/>\nOven aukon leveys: 811 mm<br \/>\nOven avautumiskorkeus: 2065 mm<\/p>\n<p><strong>1 S\u00e4hk\u00f6paneeli<\/strong><br \/>\n2 kpl pistokkeita<br \/>\n1kpl valokytkin<br \/>\nS\u00e4hk\u00f6inen paneeli<\/p>\n<p><strong>Lis\u00e4varusteet:<\/strong><\/p>\n<p>Ilmal\u00e4mp\u00f6pumppu 4,7kw \u2013 990.- + alv<br \/>\nPuupinta &#8211; 2990.- + alv<br \/>\nLis\u00e4\u00e4 ikkuna \u2013 590.- + alv<br \/>\nRullaovi \u2013 1950.- + alv<\/p>\n<h2>M\u00f6kkien kuljetus ja asennus<\/h2>\n<p>Puuvuorattu hytti, kuljetus tai asennus ovat meille jokap\u00e4iv\u00e4ist\u00e4 toimintaa. Kova pinta, kuten asfaltti, kivimurska tai betoni, ei tarvitse muuta kuin muutaman kiven. Asennuksen aikana ohjaamo voi j\u00e4\u00e4d\u00e4 n. 15-25 cm maasta. M\u00f6kit on usein eristetty pohjasta villalla, jonka alla on pelti.<br \/>\nKaikki m\u00f6kit ovat jyrsij\u00f6iden kest\u00e4vi\u00e4 ja niiss\u00e4 on C-merkint\u00e4.<\/p>\n<p>CE-merkinn\u00e4t ja vaatimustenmukaisuus ovat matkustamon t\u00e4rkein osa!<br \/>\nCE-merkki takaa, ett\u00e4 ohjaamo t\u00e4ytt\u00e4\u00e4 eurooppalaiset vaatimukset ja on turvallinen k\u00e4ytt\u00e4\u00e4. Kotimaassa, Ukrainassa tai Valko-Ven\u00e4j\u00e4ll\u00e4 rakennetuissa m\u00f6keiss\u00e4 ei ole n\u00e4it\u00e4 merkkej\u00e4, eik\u00e4 kukaan takaa, ett\u00e4 m\u00f6kki ei aiheuta vahinkoja rakennusvirheiden vuoksi.<\/p>\n<h2>M\u00f6kki puisella vuorauksella vai tehdasversio?<\/h2>\n<p>Riippumatta siit\u00e4, tilaatko meilt\u00e4 hytin lis\u00e4varusteineen vai tehdasversiona, molemmissa tapauksissa kyseess\u00e4 on k\u00e4ytt\u00f6valmis ratkaisu.<br \/>\nAlla on listattu lis\u00e4tarvikkeiden hintoja.<\/p>\n<p>P\u0101rvad\u0101\u0161anai parasti izmantojam <a href=\"https:\/\/www.miil.ee\/lv\/pakalpojumi\/celtnis\/\">celtnis<\/a> vai <a href=\"https:\/\/www.miil.ee\/lv\/pakalpojumi\/sanu-iekraveji-sideloader\/\">s\u0101nu iekr\u0101v\u0113ju.<\/a><br \/>\nM\u0113s izmantojam <a href=\"https:\/\/www.miil.ee\/lv\/pakalpojumi\/ram-pasizgazejs\/\">RAM backloader<\/a>, lai aptvertu vissare\u017e\u0123\u012bt\u0101k\u0101s vietas.<\/p>\n<p>Sekojiet mums <a href=\"https:\/\/www.facebook.com\/konteinerveod\/\">Facebook<\/a> vai <a href=\"https:\/\/www.instagram.com\/ou_miil\/\">Instagram.<\/a><\/p>\n","protected":false},"excerpt":{"rendered":"<p>M\u00f6kki puisella vuorauksella Puupaneloitu ja viimeistelty hytti maalaismaiseen ulkorakennukseen. Yhden kannettavan hytin vakiokoko on 6 metri\u00e4 pitk\u00e4, 2,44 metri\u00e4 leve\u00e4 ja 2,6 metri\u00e4 korkea. Ohjaamon elementit voidaan yhdist\u00e4\u00e4 toisiinsa suuremmiksi huoneiksi. Puuverhouksen lis\u00e4ksi voimme asentaa my\u00f6s ilmal\u00e4mp\u00f6pumpun, toisen kerroksen, portaikko-, terassimoduulin katolle tai sen eteen maahan. M\u00f6kki on nopein ja edullisin rakennus esimerkiksi m\u00f6kille, rakentajaa&#8230;<\/p>\n","protected":false},"featured_media":62737,"comment_status":"closed","ping_status":"closed","template":"","meta":{"_acf_changed":false},"product_cat":[343,407],"product_tag":[],"class_list":{"0":"post-62707","1":"product","2":"type-product","3":"status-publish","4":"has-post-thumbnail","6":"product_cat-eristekontit","7":"product_cat-uudet-toimistokontit","9":"first","10":"instock","11":"shipping-taxable","12":"purchasable","13":"product-type-simple"},"acf":[],"yoast_head":"<!-- This site is optimized with the Yoast SEO Premium plugin v23.9 (Yoast SEO v27.5) - https:\/\/yoast.com\/product\/yoast-seo-premium-wordpress\/ -->\n<title>M\u00f6kki puisella vuorauksella - Miil O\u00dc<\/title>\n<meta name=\"description\" content=\"M\u00f6kki puisella vuorauksella | Minitalot ja -m\u00f6kit | M\u00f6kkien vuokraus ja myynti | Kuljetus ja korjaukset | S\u00e4hk\u00f6ty\u00f6t ja l\u00e4mmitys\" \/>\n<meta name=\"robots\" content=\"index, follow, max-snippet:-1, max-image-preview:large, max-video-preview:-1\" \/>\n<link rel=\"canonical\" href=\"https:\/\/miil.dev.almic.ee\/fi\/toode\/containex-standard-premium-toimisto-ja-tyomaakontti-miiu1002\/\" \/>\n<meta property=\"og:locale\" content=\"fi_FI\" \/>\n<meta property=\"og:type\" content=\"article\" \/>\n<meta property=\"og:title\" content=\"Containex Standard Basic - MIIU3188 puisella vuorauksella\" \/>\n<meta property=\"og:description\" content=\"M\u00f6kki puisella vuorauksella | Minitalot ja -m\u00f6kit | M\u00f6kkien vuokraus ja myynti | Kuljetus ja korjaukset | S\u00e4hk\u00f6ty\u00f6t ja l\u00e4mmitys\" \/>\n<meta property=\"og:url\" content=\"https:\/\/miil.dev.almic.ee\/fi\/toode\/containex-standard-premium-toimisto-ja-tyomaakontti-miiu1002\/\" \/>\n<meta property=\"og:site_name\" content=\"Miil O\u00dc\" \/>\n<meta property=\"article:publisher\" content=\"https:\/\/www.facebook.com\/konteinerveod\/\" \/>\n<meta property=\"article:modified_time\" content=\"2024-11-12T06:24:35+00:00\" \/>\n<meta property=\"og:image\" content=\"https:\/\/miil.dev.almic.ee\/wp-content\/uploads\/2024\/04\/Soojak-6-scaled.jpg\" \/>\n\t<meta property=\"og:image:width\" content=\"1900\" \/>\n\t<meta property=\"og:image:height\" content=\"1425\" \/>\n\t<meta property=\"og:image:type\" content=\"image\/jpeg\" \/>\n<meta name=\"twitter:card\" content=\"summary_large_image\" \/>\n<meta name=\"twitter:label1\" content=\"Hinta\" \/>\n\t<meta name=\"twitter:data1\" content=\"9720,00&nbsp;&euro;\" \/>\n\t<meta name=\"twitter:label2\" content=\"Saatavuus\" \/>\n\t<meta name=\"twitter:data2\" content=\"Varastossa\" \/>\n<script type=\"application\/ld+json\" class=\"yoast-schema-graph\">{\"@context\":\"https:\\\/\\\/schema.org\",\"@graph\":[{\"@type\":\"WebPage\",\"@id\":\"https:\\\/\\\/miil.dev.almic.ee\\\/fi\\\/toode\\\/containex-standard-premium-toimisto-ja-tyomaakontti-miiu1002\\\/\",\"url\":\"https:\\\/\\\/miil.dev.almic.ee\\\/fi\\\/toode\\\/containex-standard-premium-toimisto-ja-tyomaakontti-miiu1002\\\/\",\"name\":\"M\u00f6kki puisella vuorauksella - Miil O\u00dc\",\"isPartOf\":{\"@id\":\"https:\\\/\\\/miil.dev.almic.ee\\\/#website\"},\"primaryImageOfPage\":{\"@id\":\"https:\\\/\\\/miil.dev.almic.ee\\\/fi\\\/toode\\\/containex-standard-premium-toimisto-ja-tyomaakontti-miiu1002\\\/#primaryimage\"},\"image\":{\"@id\":\"https:\\\/\\\/miil.dev.almic.ee\\\/fi\\\/toode\\\/containex-standard-premium-toimisto-ja-tyomaakontti-miiu1002\\\/#primaryimage\"},\"thumbnailUrl\":\"https:\\\/\\\/miil.dev.almic.ee\\\/wp-content\\\/uploads\\\/2024\\\/04\\\/Soojak-6-scaled.jpg\",\"datePublished\":\"2024-04-26T12:26:49+00:00\",\"dateModified\":\"2024-11-12T06:24:35+00:00\",\"description\":\"M\u00f6kki puisella vuorauksella | Minitalot ja -m\u00f6kit | M\u00f6kkien vuokraus ja myynti | Kuljetus ja korjaukset | S\u00e4hk\u00f6ty\u00f6t ja l\u00e4mmitys\",\"breadcrumb\":{\"@id\":\"https:\\\/\\\/miil.dev.almic.ee\\\/fi\\\/toode\\\/containex-standard-premium-toimisto-ja-tyomaakontti-miiu1002\\\/#breadcrumb\"},\"inLanguage\":\"fi\",\"potentialAction\":[{\"@type\":\"ReadAction\",\"target\":[\"https:\\\/\\\/miil.dev.almic.ee\\\/fi\\\/toode\\\/containex-standard-premium-toimisto-ja-tyomaakontti-miiu1002\\\/\"]}]},{\"@type\":\"ImageObject\",\"inLanguage\":\"fi\",\"@id\":\"https:\\\/\\\/miil.dev.almic.ee\\\/fi\\\/toode\\\/containex-standard-premium-toimisto-ja-tyomaakontti-miiu1002\\\/#primaryimage\",\"url\":\"https:\\\/\\\/miil.dev.almic.ee\\\/wp-content\\\/uploads\\\/2024\\\/04\\\/Soojak-6-scaled.jpg\",\"contentUrl\":\"https:\\\/\\\/miil.dev.almic.ee\\\/wp-content\\\/uploads\\\/2024\\\/04\\\/Soojak-6-scaled.jpg\",\"width\":1900,\"height\":1425,\"caption\":\"Minimaja m\u00fc\u00fck ja rent\"},{\"@type\":\"BreadcrumbList\",\"@id\":\"https:\\\/\\\/miil.dev.almic.ee\\\/fi\\\/toode\\\/containex-standard-premium-toimisto-ja-tyomaakontti-miiu1002\\\/#breadcrumb\",\"itemListElement\":[{\"@type\":\"ListItem\",\"position\":1,\"name\":\"Home\",\"item\":\"https:\\\/\\\/miil.dev.almic.ee\\\/fi\\\/\"},{\"@type\":\"ListItem\",\"position\":2,\"name\":\"Kauppa\",\"item\":\"https:\\\/\\\/miil.dev.almic.ee\\\/fi\\\/kauppa\\\/\"},{\"@type\":\"ListItem\",\"position\":3,\"name\":\"Containex Standard Basic &#8211; MIIU3188 puisella vuorauksella\"}]},{\"@type\":\"WebSite\",\"@id\":\"https:\\\/\\\/miil.dev.almic.ee\\\/#website\",\"url\":\"https:\\\/\\\/miil.dev.almic.ee\\\/\",\"name\":\"Miil O\u00dc\",\"description\":\"Konteinerveod\",\"publisher\":{\"@id\":\"https:\\\/\\\/miil.dev.almic.ee\\\/#organization\"},\"potentialAction\":[{\"@type\":\"SearchAction\",\"target\":{\"@type\":\"EntryPoint\",\"urlTemplate\":\"https:\\\/\\\/miil.dev.almic.ee\\\/?s={search_term_string}\"},\"query-input\":{\"@type\":\"PropertyValueSpecification\",\"valueRequired\":true,\"valueName\":\"search_term_string\"}}],\"inLanguage\":\"fi\"},{\"@type\":\"Organization\",\"@id\":\"https:\\\/\\\/miil.dev.almic.ee\\\/#organization\",\"name\":\"Miil O\u00dc\",\"url\":\"https:\\\/\\\/miil.dev.almic.ee\\\/\",\"logo\":{\"@type\":\"ImageObject\",\"inLanguage\":\"fi\",\"@id\":\"https:\\\/\\\/miil.dev.almic.ee\\\/#\\\/schema\\\/logo\\\/image\\\/\",\"url\":\"https:\\\/\\\/www.miil.ee\\\/wp-content\\\/uploads\\\/2022\\\/02\\\/Miil-logo.svg\",\"contentUrl\":\"https:\\\/\\\/www.miil.ee\\\/wp-content\\\/uploads\\\/2022\\\/02\\\/Miil-logo.svg\",\"width\":\"1024\",\"height\":\"1024\",\"caption\":\"Miil O\u00dc\"},\"image\":{\"@id\":\"https:\\\/\\\/miil.dev.almic.ee\\\/#\\\/schema\\\/logo\\\/image\\\/\"},\"sameAs\":[\"https:\\\/\\\/www.facebook.com\\\/konteinerveod\\\/\",\"https:\\\/\\\/www.instagram.com\\\/ou_miil\\\/\"]}]}<\/script>\n<meta property=\"product:price:amount\" content=\"9720.00\" \/>\n<meta property=\"product:price:currency\" content=\"EUR\" \/>\n<meta property=\"og:availability\" content=\"instock\" \/>\n<meta property=\"product:availability\" content=\"instock\" \/>\n<meta property=\"product:retailer_item_id\" content=\"MIIU1650\" \/>\n<meta property=\"product:condition\" content=\"new\" \/>\n<!-- \/ Yoast SEO Premium plugin. -->","yoast_head_json":{"title":"M\u00f6kki puisella vuorauksella - Miil O\u00dc","description":"M\u00f6kki puisella vuorauksella | Minitalot ja -m\u00f6kit | M\u00f6kkien vuokraus ja myynti | Kuljetus ja korjaukset | S\u00e4hk\u00f6ty\u00f6t ja l\u00e4mmitys","robots":{"index":"index","follow":"follow","max-snippet":"max-snippet:-1","max-image-preview":"max-image-preview:large","max-video-preview":"max-video-preview:-1"},"canonical":"https:\/\/miil.dev.almic.ee\/fi\/toode\/containex-standard-premium-toimisto-ja-tyomaakontti-miiu1002\/","og_locale":"fi_FI","og_type":"article","og_title":"Containex Standard Basic - MIIU3188 puisella vuorauksella","og_description":"M\u00f6kki puisella vuorauksella | Minitalot ja -m\u00f6kit | M\u00f6kkien vuokraus ja myynti | Kuljetus ja korjaukset | S\u00e4hk\u00f6ty\u00f6t ja l\u00e4mmitys","og_url":"https:\/\/miil.dev.almic.ee\/fi\/toode\/containex-standard-premium-toimisto-ja-tyomaakontti-miiu1002\/","og_site_name":"Miil O\u00dc","article_publisher":"https:\/\/www.facebook.com\/konteinerveod\/","article_modified_time":"2024-11-12T06:24:35+00:00","og_image":[{"width":1900,"height":1425,"url":"https:\/\/miil.dev.almic.ee\/wp-content\/uploads\/2024\/04\/Soojak-6-scaled.jpg","type":"image\/jpeg"}],"twitter_card":"summary_large_image","twitter_misc":{"Hinta":"9720,00&nbsp;&euro;","Saatavuus":"Varastossa"},"schema":{"@context":"https:\/\/schema.org","@graph":[{"@type":"WebPage","@id":"https:\/\/miil.dev.almic.ee\/fi\/toode\/containex-standard-premium-toimisto-ja-tyomaakontti-miiu1002\/","url":"https:\/\/miil.dev.almic.ee\/fi\/toode\/containex-standard-premium-toimisto-ja-tyomaakontti-miiu1002\/","name":"M\u00f6kki puisella vuorauksella - Miil O\u00dc","isPartOf":{"@id":"https:\/\/miil.dev.almic.ee\/#website"},"primaryImageOfPage":{"@id":"https:\/\/miil.dev.almic.ee\/fi\/toode\/containex-standard-premium-toimisto-ja-tyomaakontti-miiu1002\/#primaryimage"},"image":{"@id":"https:\/\/miil.dev.almic.ee\/fi\/toode\/containex-standard-premium-toimisto-ja-tyomaakontti-miiu1002\/#primaryimage"},"thumbnailUrl":"https:\/\/miil.dev.almic.ee\/wp-content\/uploads\/2024\/04\/Soojak-6-scaled.jpg","datePublished":"2024-04-26T12:26:49+00:00","dateModified":"2024-11-12T06:24:35+00:00","description":"M\u00f6kki puisella vuorauksella | Minitalot ja -m\u00f6kit | M\u00f6kkien vuokraus ja myynti | Kuljetus ja korjaukset | S\u00e4hk\u00f6ty\u00f6t ja l\u00e4mmitys","breadcrumb":{"@id":"https:\/\/miil.dev.almic.ee\/fi\/toode\/containex-standard-premium-toimisto-ja-tyomaakontti-miiu1002\/#breadcrumb"},"inLanguage":"fi","potentialAction":[{"@type":"ReadAction","target":["https:\/\/miil.dev.almic.ee\/fi\/toode\/containex-standard-premium-toimisto-ja-tyomaakontti-miiu1002\/"]}]},{"@type":"ImageObject","inLanguage":"fi","@id":"https:\/\/miil.dev.almic.ee\/fi\/toode\/containex-standard-premium-toimisto-ja-tyomaakontti-miiu1002\/#primaryimage","url":"https:\/\/miil.dev.almic.ee\/wp-content\/uploads\/2024\/04\/Soojak-6-scaled.jpg","contentUrl":"https:\/\/miil.dev.almic.ee\/wp-content\/uploads\/2024\/04\/Soojak-6-scaled.jpg","width":1900,"height":1425,"caption":"Minimaja m\u00fc\u00fck ja rent"},{"@type":"BreadcrumbList","@id":"https:\/\/miil.dev.almic.ee\/fi\/toode\/containex-standard-premium-toimisto-ja-tyomaakontti-miiu1002\/#breadcrumb","itemListElement":[{"@type":"ListItem","position":1,"name":"Home","item":"https:\/\/miil.dev.almic.ee\/fi\/"},{"@type":"ListItem","position":2,"name":"Kauppa","item":"https:\/\/miil.dev.almic.ee\/fi\/kauppa\/"},{"@type":"ListItem","position":3,"name":"Containex Standard Basic &#8211; MIIU3188 puisella vuorauksella"}]},{"@type":"WebSite","@id":"https:\/\/miil.dev.almic.ee\/#website","url":"https:\/\/miil.dev.almic.ee\/","name":"Miil O\u00dc","description":"Konteinerveod","publisher":{"@id":"https:\/\/miil.dev.almic.ee\/#organization"},"potentialAction":[{"@type":"SearchAction","target":{"@type":"EntryPoint","urlTemplate":"https:\/\/miil.dev.almic.ee\/?s={search_term_string}"},"query-input":{"@type":"PropertyValueSpecification","valueRequired":true,"valueName":"search_term_string"}}],"inLanguage":"fi"},{"@type":"Organization","@id":"https:\/\/miil.dev.almic.ee\/#organization","name":"Miil O\u00dc","url":"https:\/\/miil.dev.almic.ee\/","logo":{"@type":"ImageObject","inLanguage":"fi","@id":"https:\/\/miil.dev.almic.ee\/#\/schema\/logo\/image\/","url":"https:\/\/www.miil.ee\/wp-content\/uploads\/2022\/02\/Miil-logo.svg","contentUrl":"https:\/\/www.miil.ee\/wp-content\/uploads\/2022\/02\/Miil-logo.svg","width":"1024","height":"1024","caption":"Miil O\u00dc"},"image":{"@id":"https:\/\/miil.dev.almic.ee\/#\/schema\/logo\/image\/"},"sameAs":["https:\/\/www.facebook.com\/konteinerveod\/","https:\/\/www.instagram.com\/ou_miil\/"]}]},"product_price_amount":"9720.00","product_price_currency":"EUR","og_availability":"instock","product_availability":"instock","product_retailer_item_id":"MIIU1650","product_condition":"new"},"_links":{"self":[{"href":"https:\/\/miil.dev.almic.ee\/fi\/wp-json\/wp\/v2\/product\/62707","targetHints":{"allow":["GET"]}}],"collection":[{"href":"https:\/\/miil.dev.almic.ee\/fi\/wp-json\/wp\/v2\/product"}],"about":[{"href":"https:\/\/miil.dev.almic.ee\/fi\/wp-json\/wp\/v2\/types\/product"}],"replies":[{"embeddable":true,"href":"https:\/\/miil.dev.almic.ee\/fi\/wp-json\/wp\/v2\/comments?post=62707"}],"wp:featuredmedia":[{"embeddable":true,"href":"https:\/\/miil.dev.almic.ee\/fi\/wp-json\/wp\/v2\/media\/62737"}],"wp:attachment":[{"href":"https:\/\/miil.dev.almic.ee\/fi\/wp-json\/wp\/v2\/media?parent=62707"}],"wp:term":[{"taxonomy":"product_cat","embeddable":true,"href":"https:\/\/miil.dev.almic.ee\/fi\/wp-json\/wp\/v2\/product_cat?post=62707"},{"taxonomy":"product_tag","embeddable":true,"href":"https:\/\/miil.dev.almic.ee\/fi\/wp-json\/wp\/v2\/product_tag?post=62707"}],"curies":[{"name":"wp","href":"https:\/\/api.w.org\/{rel}","templated":true}]}}