{"id":62677,"date":"2024-04-26T15:19:20","date_gmt":"2024-04-26T12:19:20","guid":{"rendered":"https:\/\/www.miil.ee\/?post_type=product&#038;p=62677"},"modified":"2024-11-11T17:08:24","modified_gmt":"2024-11-11T15:08:24","slug":"mokit-vuokralle-ja-myyntiin","status":"publish","type":"product","link":"https:\/\/miil.dev.almic.ee\/fi\/toode\/mokit-vuokralle-ja-myyntiin\/","title":{"rendered":"Containex Standard Premium toimisto- ja ty\u00f6maakontti &#8211; MIIU1089"},"content":{"rendered":"<h1>M\u00f6kit vuokralle ja myyntiin<\/h1>\n<p>M\u00f6kit vuokralle ja myyntiin Virossa suoraan edustajalta.<br \/>\nContainex Premium Panorama on uusi tuote, jossa on tummanharmaa RAL7016 antrasiittiviimeistely.<br \/>\nSe, mik\u00e4 erottaa t\u00e4m\u00e4n ohjaamon tavallisesta Containex Standardista, on sein\u00e4materiaali ja ulkov\u00e4ri.<br \/>\nOhjaamon sein\u00e4t on eristetty 60mm PU-vaahdolla, joka vastaa l\u00e4mm\u00f6npid\u00e4tyskyvylt\u00e4\u00e4n 100mm villaa.<br \/>\nM\u00f6kin pohja ja katto on eristetty 100mm mineraalivillalla.<br \/>\nKaikissa myymiss\u00e4mme hytiss\u00e4 on CE-merkint\u00e4, mik\u00e4 tarkoittaa, ett\u00e4 ohjaamo t\u00e4ytt\u00e4\u00e4 eurooppalaiset laatuvaatimukset, on valmistettu laadukkaasta ja turvallinen k\u00e4ytt\u00e4\u00e4.<\/p>\n<p>T\u00e4ss\u00e4 hytiss\u00e4 on koko lasisein\u00e4, vaikka lasi voidaan korvata tavallisilla sein\u00e4paneeleilla.<br \/>\nLasit ja ikkunakehykset on s\u00e4vytetty ohjaamon kanssa samanv\u00e4riseksi.<\/p>\n<p>Containex- ja ModulX-m\u00f6kit voidaan helposti yhdist\u00e4\u00e4 suurempiin huoneisiin.<br \/>\nM\u00f6kkej\u00e4 k\u00e4ytet\u00e4\u00e4n laajalti esimerkiksi p\u00e4iv\u00e4kotien, rakennusty\u00f6maiden, m\u00f6kkien, liiketilojen, tilap\u00e4isten koulutilojen tai sairaaloiden rakentamisessa.<\/p>\n<p>M\u00f6kkej\u00e4 vuokrattavana &#8211; vuodesta 2023 alkaen hoidamme my\u00f6s vuokrauksen.<br \/>\nVuokrahintatarjouksen tekemiseksi meid\u00e4n on tiedett\u00e4v\u00e4 m\u00f6kin sijainti vuokra-aikana, ajanjakson pituus, henkil\u00f6n tai rekisteritunnus luottotarkastuksia varten ja m\u00f6kkien k\u00e4ytt\u00f6tarkoitus.<\/p>\n<h2>Toimistom\u00f6kin vuokra ja myynti &#8211; tekninen kuvaus:<\/h2>\n<p>Containex Standard Premium -eristys:<br \/>\n*Sein\u00e4t 60mm PU-vaahtoa<br \/>\n*Katto 100mm mineraalivilla<br \/>\n* Lattia 100mm mineraalivilla<\/p>\n<p>Containex Standard Premiumin mitat:<br \/>\n*Ulkomitat 2,435 L x 6,055 P x 2,591 K.<br \/>\n*Sis\u00e4mitat 2,24 L x 5,86 P x 2,34 K.<br \/>\n*Paino: CA 2000 KG<\/p>\n<p>Ulkopuolen v\u00e4ri ja tarvikkeet:<br \/>\n*Ulkon v\u00e4ri antrasiitin tummanharmaa RAL7016.<br \/>\n*Sinkity pelti ulkoviimeistelyyn.<br \/>\n*Kaksi ikkunaa.<br \/>\n*Turvaverhot.<br \/>\n*Yksi metalliovi.<br \/>\n*Kattovalssattu sinkkilevy.<br \/>\n*Sis\u00e4sein\u00e4t lastulevy\u00e4.<br \/>\n*Kaksi LED-valoa.<br \/>\n*L\u00e4mmityspatteri.<br \/>\n*Pistorasiat molempien ikkunoiden alla + erillisess\u00e4 paneelissa.<br \/>\n*Ulkoinen s\u00e4hk\u00f6 32A pistoke katon reunassa, on mahdollista jatkaa ulkovirran k\u00e4ytt\u00f6\u00e4 tai kytke\u00e4 toinen hytti.<\/p>\n<p>Ohjaamo koostuu moduuleista, pidemm\u00e4ll\u00e4 puolella on viisi moduulia ja lyhyemm\u00e4ll\u00e4 sivulla kaksi moduulia.<br \/>\nIkkunoiden ja ovien sijainti on vapaasti valittavissa, kuvassa on valmis n\u00e4yte.<br \/>\nT\u00e4llaista m\u00f6kki\u00e4 on aina mallina paikan p\u00e4\u00e4ll\u00e4, ja jos ikkunoiden ja ovien sijainnilla ei ole merkityst\u00e4, sen voi ostaa samana p\u00e4iv\u00e4n\u00e4.<br \/>\nYleens\u00e4 saamme uuden m\u00f6kin valmiiksi muutaman p\u00e4iv\u00e4n sis\u00e4ll\u00e4 laskun maksamisesta.<\/p>\n<p>K\u00e4yt\u00e4mme kuljetukseen <a href=\"https:\/\/www.miil.ee\/fi\/palvelut\/nosturi\/\">nosturia<\/a> tai <a href=\"https:\/\/www.miil.ee\/fi\/palvelut\/sideloader\/\">sideloader<\/a><br \/>\nmonimutkaisempi kuljetus on mahdollista <a href=\"https:\/\/www.miil.ee\/fi\/palvelut\/ram-kippauslaite\/\">RAM per\u00e4vaunulla<\/a>.<\/p>\n<p>Seuraa meit\u00e4 <a href=\"https:\/\/www.facebook.com\/konteinerveod\/\">Facebook<\/a> tai <a href=\"https:\/\/www.instagram.com\/ou_miil\/\">Instagram<\/a><\/p>\n","protected":false},"excerpt":{"rendered":"<p>M\u00f6kit vuokralle ja myyntiin M\u00f6kit vuokralle ja myyntiin Virossa suoraan edustajalta. Containex Premium Panorama on uusi tuote, jossa on tummanharmaa RAL7016 antrasiittiviimeistely. Se, mik\u00e4 erottaa t\u00e4m\u00e4n ohjaamon tavallisesta Containex Standardista, on sein\u00e4materiaali ja ulkov\u00e4ri. Ohjaamon sein\u00e4t on eristetty 60mm PU-vaahdolla, joka vastaa l\u00e4mm\u00f6npid\u00e4tyskyvylt\u00e4\u00e4n 100mm villaa. M\u00f6kin pohja ja katto on eristetty 100mm mineraalivillalla. Kaikissa myymiss\u00e4mme&#8230;<\/p>\n","protected":false},"featured_media":62702,"comment_status":"closed","ping_status":"closed","template":"","meta":{"_acf_changed":false},"product_cat":[343,407],"product_tag":[],"class_list":{"0":"post-62677","1":"product","2":"type-product","3":"status-publish","4":"has-post-thumbnail","6":"product_cat-eristekontit","7":"product_cat-uudet-toimistokontit","9":"first","10":"instock","11":"shipping-taxable","12":"purchasable","13":"product-type-simple"},"acf":[],"yoast_head":"<!-- This site is optimized with the Yoast SEO Premium plugin v23.9 (Yoast SEO v27.5) - https:\/\/yoast.com\/product\/yoast-seo-premium-wordpress\/ -->\n<title>Containex Standard Premium toimisto- ja ty\u00f6maakontti - MIIU1089 - Miil O\u00dc<\/title>\n<meta name=\"description\" content=\"M\u00f6kit vuokralle ja myyntiin | Minitalot ja -m\u00f6kit | M\u00f6kkien vuokraus ja myynti | Kuljetus ja korjaukset | S\u00e4hk\u00f6ty\u00f6t ja l\u00e4mmitys\" \/>\n<meta name=\"robots\" content=\"index, follow, max-snippet:-1, max-image-preview:large, max-video-preview:-1\" \/>\n<link rel=\"canonical\" href=\"https:\/\/miil.dev.almic.ee\/fi\/toode\/mokit-vuokralle-ja-myyntiin\/\" \/>\n<meta property=\"og:locale\" content=\"fi_FI\" \/>\n<meta property=\"og:type\" content=\"article\" \/>\n<meta property=\"og:title\" content=\"Containex Standard Premium toimisto- ja ty\u00f6maakontti - MIIU1089\" \/>\n<meta property=\"og:description\" content=\"M\u00f6kit vuokralle ja myyntiin | Minitalot ja -m\u00f6kit | M\u00f6kkien vuokraus ja myynti | Kuljetus ja korjaukset | S\u00e4hk\u00f6ty\u00f6t ja l\u00e4mmitys\" \/>\n<meta property=\"og:url\" content=\"https:\/\/miil.dev.almic.ee\/fi\/toode\/mokit-vuokralle-ja-myyntiin\/\" \/>\n<meta property=\"og:site_name\" content=\"Miil O\u00dc\" \/>\n<meta property=\"article:publisher\" content=\"https:\/\/www.facebook.com\/konteinerveod\/\" \/>\n<meta property=\"article:modified_time\" content=\"2024-11-11T15:08:24+00:00\" \/>\n<meta property=\"og:image\" content=\"https:\/\/miil.dev.almic.ee\/wp-content\/uploads\/2024\/04\/Containex-Premium-Black-Panther-scaled.jpg\" \/>\n\t<meta property=\"og:image:width\" content=\"1900\" \/>\n\t<meta property=\"og:image:height\" content=\"1425\" \/>\n\t<meta property=\"og:image:type\" content=\"image\/jpeg\" \/>\n<meta name=\"twitter:card\" content=\"summary_large_image\" \/>\n<meta name=\"twitter:label1\" content=\"Hinta\" \/>\n\t<meta name=\"twitter:data1\" content=\"11590,00&nbsp;&euro;\" \/>\n\t<meta name=\"twitter:label2\" content=\"Saatavuus\" \/>\n\t<meta name=\"twitter:data2\" content=\"Varastossa\" \/>\n<script type=\"application\/ld+json\" class=\"yoast-schema-graph\">{\"@context\":\"https:\\\/\\\/schema.org\",\"@graph\":[{\"@type\":\"WebPage\",\"@id\":\"https:\\\/\\\/miil.dev.almic.ee\\\/fi\\\/toode\\\/mokit-vuokralle-ja-myyntiin\\\/\",\"url\":\"https:\\\/\\\/miil.dev.almic.ee\\\/fi\\\/toode\\\/mokit-vuokralle-ja-myyntiin\\\/\",\"name\":\"Containex Standard Premium toimisto- ja ty\u00f6maakontti - MIIU1089 - Miil O\u00dc\",\"isPartOf\":{\"@id\":\"https:\\\/\\\/miil.dev.almic.ee\\\/#website\"},\"primaryImageOfPage\":{\"@id\":\"https:\\\/\\\/miil.dev.almic.ee\\\/fi\\\/toode\\\/mokit-vuokralle-ja-myyntiin\\\/#primaryimage\"},\"image\":{\"@id\":\"https:\\\/\\\/miil.dev.almic.ee\\\/fi\\\/toode\\\/mokit-vuokralle-ja-myyntiin\\\/#primaryimage\"},\"thumbnailUrl\":\"https:\\\/\\\/miil.dev.almic.ee\\\/wp-content\\\/uploads\\\/2024\\\/04\\\/Containex-Premium-Black-Panther-scaled.jpg\",\"datePublished\":\"2024-04-26T12:19:20+00:00\",\"dateModified\":\"2024-11-11T15:08:24+00:00\",\"description\":\"M\u00f6kit vuokralle ja myyntiin | Minitalot ja -m\u00f6kit | M\u00f6kkien vuokraus ja myynti | Kuljetus ja korjaukset | S\u00e4hk\u00f6ty\u00f6t ja l\u00e4mmitys\",\"breadcrumb\":{\"@id\":\"https:\\\/\\\/miil.dev.almic.ee\\\/fi\\\/toode\\\/mokit-vuokralle-ja-myyntiin\\\/#breadcrumb\"},\"inLanguage\":\"fi\",\"potentialAction\":[{\"@type\":\"ReadAction\",\"target\":[\"https:\\\/\\\/miil.dev.almic.ee\\\/fi\\\/toode\\\/mokit-vuokralle-ja-myyntiin\\\/\"]}]},{\"@type\":\"ImageObject\",\"inLanguage\":\"fi\",\"@id\":\"https:\\\/\\\/miil.dev.almic.ee\\\/fi\\\/toode\\\/mokit-vuokralle-ja-myyntiin\\\/#primaryimage\",\"url\":\"https:\\\/\\\/miil.dev.almic.ee\\\/wp-content\\\/uploads\\\/2024\\\/04\\\/Containex-Premium-Black-Panther-scaled.jpg\",\"contentUrl\":\"https:\\\/\\\/miil.dev.almic.ee\\\/wp-content\\\/uploads\\\/2024\\\/04\\\/Containex-Premium-Black-Panther-scaled.jpg\",\"width\":1900,\"height\":1425,\"caption\":\"Soojakute rent ja m\u00fc\u00fck\"},{\"@type\":\"BreadcrumbList\",\"@id\":\"https:\\\/\\\/miil.dev.almic.ee\\\/fi\\\/toode\\\/mokit-vuokralle-ja-myyntiin\\\/#breadcrumb\",\"itemListElement\":[{\"@type\":\"ListItem\",\"position\":1,\"name\":\"Home\",\"item\":\"https:\\\/\\\/miil.dev.almic.ee\\\/fi\\\/\"},{\"@type\":\"ListItem\",\"position\":2,\"name\":\"Kauppa\",\"item\":\"https:\\\/\\\/miil.dev.almic.ee\\\/fi\\\/kauppa\\\/\"},{\"@type\":\"ListItem\",\"position\":3,\"name\":\"Containex Standard Premium toimisto- ja ty\u00f6maakontti &#8211; MIIU1089\"}]},{\"@type\":\"WebSite\",\"@id\":\"https:\\\/\\\/miil.dev.almic.ee\\\/#website\",\"url\":\"https:\\\/\\\/miil.dev.almic.ee\\\/\",\"name\":\"Miil O\u00dc\",\"description\":\"Konteinerveod\",\"publisher\":{\"@id\":\"https:\\\/\\\/miil.dev.almic.ee\\\/#organization\"},\"potentialAction\":[{\"@type\":\"SearchAction\",\"target\":{\"@type\":\"EntryPoint\",\"urlTemplate\":\"https:\\\/\\\/miil.dev.almic.ee\\\/?s={search_term_string}\"},\"query-input\":{\"@type\":\"PropertyValueSpecification\",\"valueRequired\":true,\"valueName\":\"search_term_string\"}}],\"inLanguage\":\"fi\"},{\"@type\":\"Organization\",\"@id\":\"https:\\\/\\\/miil.dev.almic.ee\\\/#organization\",\"name\":\"Miil O\u00dc\",\"url\":\"https:\\\/\\\/miil.dev.almic.ee\\\/\",\"logo\":{\"@type\":\"ImageObject\",\"inLanguage\":\"fi\",\"@id\":\"https:\\\/\\\/miil.dev.almic.ee\\\/#\\\/schema\\\/logo\\\/image\\\/\",\"url\":\"https:\\\/\\\/www.miil.ee\\\/wp-content\\\/uploads\\\/2022\\\/02\\\/Miil-logo.svg\",\"contentUrl\":\"https:\\\/\\\/www.miil.ee\\\/wp-content\\\/uploads\\\/2022\\\/02\\\/Miil-logo.svg\",\"width\":\"1024\",\"height\":\"1024\",\"caption\":\"Miil O\u00dc\"},\"image\":{\"@id\":\"https:\\\/\\\/miil.dev.almic.ee\\\/#\\\/schema\\\/logo\\\/image\\\/\"},\"sameAs\":[\"https:\\\/\\\/www.facebook.com\\\/konteinerveod\\\/\",\"https:\\\/\\\/www.instagram.com\\\/ou_miil\\\/\"]}]}<\/script>\n<meta property=\"product:price:amount\" content=\"11590.00\" \/>\n<meta property=\"product:price:currency\" content=\"EUR\" \/>\n<meta property=\"og:availability\" content=\"instock\" \/>\n<meta property=\"product:availability\" content=\"instock\" \/>\n<meta property=\"product:retailer_item_id\" content=\"MIIU1950\" \/>\n<meta property=\"product:condition\" content=\"new\" \/>\n<!-- \/ Yoast SEO Premium plugin. -->","yoast_head_json":{"title":"Containex Standard Premium toimisto- ja ty\u00f6maakontti - MIIU1089 - Miil O\u00dc","description":"M\u00f6kit vuokralle ja myyntiin | Minitalot ja -m\u00f6kit | M\u00f6kkien vuokraus ja myynti | Kuljetus ja korjaukset | S\u00e4hk\u00f6ty\u00f6t ja l\u00e4mmitys","robots":{"index":"index","follow":"follow","max-snippet":"max-snippet:-1","max-image-preview":"max-image-preview:large","max-video-preview":"max-video-preview:-1"},"canonical":"https:\/\/miil.dev.almic.ee\/fi\/toode\/mokit-vuokralle-ja-myyntiin\/","og_locale":"fi_FI","og_type":"article","og_title":"Containex Standard Premium toimisto- ja ty\u00f6maakontti - MIIU1089","og_description":"M\u00f6kit vuokralle ja myyntiin | Minitalot ja -m\u00f6kit | M\u00f6kkien vuokraus ja myynti | Kuljetus ja korjaukset | S\u00e4hk\u00f6ty\u00f6t ja l\u00e4mmitys","og_url":"https:\/\/miil.dev.almic.ee\/fi\/toode\/mokit-vuokralle-ja-myyntiin\/","og_site_name":"Miil O\u00dc","article_publisher":"https:\/\/www.facebook.com\/konteinerveod\/","article_modified_time":"2024-11-11T15:08:24+00:00","og_image":[{"width":1900,"height":1425,"url":"https:\/\/miil.dev.almic.ee\/wp-content\/uploads\/2024\/04\/Containex-Premium-Black-Panther-scaled.jpg","type":"image\/jpeg"}],"twitter_card":"summary_large_image","twitter_misc":{"Hinta":"11590,00&nbsp;&euro;","Saatavuus":"Varastossa"},"schema":{"@context":"https:\/\/schema.org","@graph":[{"@type":"WebPage","@id":"https:\/\/miil.dev.almic.ee\/fi\/toode\/mokit-vuokralle-ja-myyntiin\/","url":"https:\/\/miil.dev.almic.ee\/fi\/toode\/mokit-vuokralle-ja-myyntiin\/","name":"Containex Standard Premium toimisto- ja ty\u00f6maakontti - MIIU1089 - Miil O\u00dc","isPartOf":{"@id":"https:\/\/miil.dev.almic.ee\/#website"},"primaryImageOfPage":{"@id":"https:\/\/miil.dev.almic.ee\/fi\/toode\/mokit-vuokralle-ja-myyntiin\/#primaryimage"},"image":{"@id":"https:\/\/miil.dev.almic.ee\/fi\/toode\/mokit-vuokralle-ja-myyntiin\/#primaryimage"},"thumbnailUrl":"https:\/\/miil.dev.almic.ee\/wp-content\/uploads\/2024\/04\/Containex-Premium-Black-Panther-scaled.jpg","datePublished":"2024-04-26T12:19:20+00:00","dateModified":"2024-11-11T15:08:24+00:00","description":"M\u00f6kit vuokralle ja myyntiin | Minitalot ja -m\u00f6kit | M\u00f6kkien vuokraus ja myynti | Kuljetus ja korjaukset | S\u00e4hk\u00f6ty\u00f6t ja l\u00e4mmitys","breadcrumb":{"@id":"https:\/\/miil.dev.almic.ee\/fi\/toode\/mokit-vuokralle-ja-myyntiin\/#breadcrumb"},"inLanguage":"fi","potentialAction":[{"@type":"ReadAction","target":["https:\/\/miil.dev.almic.ee\/fi\/toode\/mokit-vuokralle-ja-myyntiin\/"]}]},{"@type":"ImageObject","inLanguage":"fi","@id":"https:\/\/miil.dev.almic.ee\/fi\/toode\/mokit-vuokralle-ja-myyntiin\/#primaryimage","url":"https:\/\/miil.dev.almic.ee\/wp-content\/uploads\/2024\/04\/Containex-Premium-Black-Panther-scaled.jpg","contentUrl":"https:\/\/miil.dev.almic.ee\/wp-content\/uploads\/2024\/04\/Containex-Premium-Black-Panther-scaled.jpg","width":1900,"height":1425,"caption":"Soojakute rent ja m\u00fc\u00fck"},{"@type":"BreadcrumbList","@id":"https:\/\/miil.dev.almic.ee\/fi\/toode\/mokit-vuokralle-ja-myyntiin\/#breadcrumb","itemListElement":[{"@type":"ListItem","position":1,"name":"Home","item":"https:\/\/miil.dev.almic.ee\/fi\/"},{"@type":"ListItem","position":2,"name":"Kauppa","item":"https:\/\/miil.dev.almic.ee\/fi\/kauppa\/"},{"@type":"ListItem","position":3,"name":"Containex Standard Premium toimisto- ja ty\u00f6maakontti &#8211; MIIU1089"}]},{"@type":"WebSite","@id":"https:\/\/miil.dev.almic.ee\/#website","url":"https:\/\/miil.dev.almic.ee\/","name":"Miil O\u00dc","description":"Konteinerveod","publisher":{"@id":"https:\/\/miil.dev.almic.ee\/#organization"},"potentialAction":[{"@type":"SearchAction","target":{"@type":"EntryPoint","urlTemplate":"https:\/\/miil.dev.almic.ee\/?s={search_term_string}"},"query-input":{"@type":"PropertyValueSpecification","valueRequired":true,"valueName":"search_term_string"}}],"inLanguage":"fi"},{"@type":"Organization","@id":"https:\/\/miil.dev.almic.ee\/#organization","name":"Miil O\u00dc","url":"https:\/\/miil.dev.almic.ee\/","logo":{"@type":"ImageObject","inLanguage":"fi","@id":"https:\/\/miil.dev.almic.ee\/#\/schema\/logo\/image\/","url":"https:\/\/www.miil.ee\/wp-content\/uploads\/2022\/02\/Miil-logo.svg","contentUrl":"https:\/\/www.miil.ee\/wp-content\/uploads\/2022\/02\/Miil-logo.svg","width":"1024","height":"1024","caption":"Miil O\u00dc"},"image":{"@id":"https:\/\/miil.dev.almic.ee\/#\/schema\/logo\/image\/"},"sameAs":["https:\/\/www.facebook.com\/konteinerveod\/","https:\/\/www.instagram.com\/ou_miil\/"]}]},"product_price_amount":"11590.00","product_price_currency":"EUR","og_availability":"instock","product_availability":"instock","product_retailer_item_id":"MIIU1950","product_condition":"new"},"_links":{"self":[{"href":"https:\/\/miil.dev.almic.ee\/fi\/wp-json\/wp\/v2\/product\/62677","targetHints":{"allow":["GET"]}}],"collection":[{"href":"https:\/\/miil.dev.almic.ee\/fi\/wp-json\/wp\/v2\/product"}],"about":[{"href":"https:\/\/miil.dev.almic.ee\/fi\/wp-json\/wp\/v2\/types\/product"}],"replies":[{"embeddable":true,"href":"https:\/\/miil.dev.almic.ee\/fi\/wp-json\/wp\/v2\/comments?post=62677"}],"wp:featuredmedia":[{"embeddable":true,"href":"https:\/\/miil.dev.almic.ee\/fi\/wp-json\/wp\/v2\/media\/62702"}],"wp:attachment":[{"href":"https:\/\/miil.dev.almic.ee\/fi\/wp-json\/wp\/v2\/media?parent=62677"}],"wp:term":[{"taxonomy":"product_cat","embeddable":true,"href":"https:\/\/miil.dev.almic.ee\/fi\/wp-json\/wp\/v2\/product_cat?post=62677"},{"taxonomy":"product_tag","embeddable":true,"href":"https:\/\/miil.dev.almic.ee\/fi\/wp-json\/wp\/v2\/product_tag?post=62677"}],"curies":[{"name":"wp","href":"https:\/\/api.w.org\/{rel}","templated":true}]}}