{"id":60164,"date":"2024-03-21T11:48:11","date_gmt":"2024-03-21T09:48:11","guid":{"rendered":"https:\/\/www.miil.ee\/?post_type=product&#038;p=60164"},"modified":"2024-11-06T11:56:34","modified_gmt":"2024-11-06T09:56:34","slug":"toimistomokin-runko-ja-3d-malli","status":"publish","type":"product","link":"https:\/\/miil.dev.almic.ee\/fi\/toode\/toimistomokin-runko-ja-3d-malli\/","title":{"rendered":"Containex 3D-malli  &#8211; MIIU0088"},"content":{"rendered":"<h1>Toimistom\u00f6kin runko ja 3D-malli<\/h1>\n<p>Toimistom\u00f6kin runko ja 3D-malli. T\u00e4m\u00e4 kehys ei ole myynniss\u00e4! T\u00e4m\u00e4 on 3D-malli!<br \/>\nOhjaamon runko ja 3D-malli;<br \/>\nMyym\u00e4mme siirrett\u00e4v\u00e4t hytit ovat aina korkealaatuisia ja CE-merkittyj\u00e4.<br \/>\nKiinte\u00e4 runko varmistetaan pulttiliitoksella, mik\u00e4 antaa suuren edun hitsattuihin runkoon verrattuna.<br \/>\nKatto on valssattu ja tinattu tai maalattu pelti.<br \/>\nLattia on eristetty 100mm mineraalivillalla, katto on eristetty 100mm mineraalivillalla ja sein\u00e4t 45mm &#8211; 60mm PU-vaahdolla (vastaa noin 60mm-100mm villaa).<br \/>\nKannettavan ohjaamon ulkov\u00e4ri on yleens\u00e4 tummanharmaa RAL7016 antrasiitti tai vaaleanharmaa RAL7035.<br \/>\nSiirrett\u00e4vi\u00e4 hyttej\u00e4 on my\u00f6s mahdollista tilata erikoisv\u00e4risin\u00e4, aiemmin olemme tilannut moduuleja my\u00f6s mustana, valkoisena, sinisen\u00e4 tai muulla v\u00e4rill\u00e4.<\/p>\n<h2>M\u00f6kki ja minitalo<\/h2>\n<p>Siirrett\u00e4v\u00e4 hytti ei ole en\u00e4\u00e4 vain tilap\u00e4inen rakennus ty\u00f6maalla, nykyaikaiset laadukkaat pulttiliit\u00e4nn\u00e4t sopivat mainiosti kes\u00e4m\u00f6kille tai liiketilaan.<br \/>\nValmis minitalo ei tarvitse perustusta tai rakentajaa &#8211; tilaa ja k\u00e4yt\u00e4!<br \/>\nAsennus kest\u00e4\u00e4 alle 30 minuuttia ja talo voidaan myyd\u00e4 valmiina ratkaisuna, mik\u00e4 tarkoittaa, ett\u00e4 se voidaan toimittaa samana p\u00e4iv\u00e4n\u00e4.<br \/>\nJos haluat valita ikkunan tai oven sijainnin, valmistus kest\u00e4\u00e4 enint\u00e4\u00e4n viikon.<br \/>\nLis\u00e4katon ja suurten ikkunoiden lis\u00e4\u00e4minen kest\u00e4\u00e4 noin nelj\u00e4 viikkoa.<\/p>\n<h2>Ostaa tai vuokrata m\u00f6kki?<\/h2>\n<p>Myynnin lis\u00e4ksi vuokraamme my\u00f6s siirrett\u00e4vi\u00e4 hyttej\u00e4.<br \/>\nT\u00e4m\u00e4 ratkaisu on ihanteellinen, jos siirrett\u00e4v\u00e4\u00e4 hytti\u00e4 tarvitaan lyhytaikaiseen rakentamiseen tai miksei sesonkim\u00f6kiksi, toimistoksi tai myyntipisteeksi.<br \/>\nSiirrett\u00e4v\u00e4n hytin vuokra on taattu ja l\u00f6yd\u00e4mme jokaiselle asiakkaalle sopivan ratkaisun.<br \/>\nVoit my\u00f6s vuokrata m\u00f6kin panoraamaikkunoilla ja puisella vuorauksella tai tavallisen kannettavan minitalon.<br \/>\nToimitamme siirrett\u00e4v\u00e4n ohjaamon ja asennamme sen asiakkaan toiveiden mukaan.<\/p>\n<p>Tarjoamme laajan valikoiman palveluita, esimerkiksi sesongin ulkopuolista varastointia eri kaupungeissa sek\u00e4 konttien viraalista vuokrausta ja myynti\u00e4. Osta nyt ja maksa my\u00f6hemmin -vaihtoehto saatavilla Inbank.ee:n kautta alennuskoodilla &#8221;Konteiner&#8221;.<\/p>\n<h2>Kerro meille ideasi!<\/h2>\n<p>Mik\u00e4\u00e4n projekti ei ole meille liian iso tai pieni, kysy rohkeasti, niin l\u00f6yd\u00e4mme yhdess\u00e4 parhaan ratkaisun. Tarvitsetpa yksi-, kaksi- tai monikerroksisen ratkaisun, olet tullut oikeaan paikkaan!<\/p>\n<p>Erilaisia \u200b\u200bikkunoita.<br \/>\nMonipuolinen valikoima ovia.<br \/>\nErilaiset valot.<br \/>\nEri korkeuksia.<br \/>\nPistorasiat tilauksesta.<br \/>\nS\u00e4hk\u00f6paneeli.<br \/>\nL\u00e4mmittimen runko ja 3D-malli<\/p>\n<h2>Eristysvaihtoehdot<\/h2>\n<p>&#8211; Sein\u00e4eristys PU-vaahtoa 45mm tai 60mm PU-vaahtoa.<br \/>\n&#8211; Katon eristys mineraalivilla 100mm<br \/>\n&#8211; Lattiaeristys 100mm villa tai 60mm PU laatat.<\/p>\n<p>1 etuovi<br \/>\navautuu ulosp\u00e4in.<br \/>\nOven leveys: 875mm, on mahdollista saada my\u00f6s leve\u00e4mpi\u00e4.<br \/>\nOven aukon leveys: 811mm, mahdollisuus levent\u00e4\u00e4.<br \/>\nOven avautumiskorkeus: 2065 mm<\/p>\n<p>1 S\u00e4hk\u00f6paneeli<br \/>\n2 kpl pistokkeita<br \/>\n1kpl valokytkin<br \/>\nS\u00e4hk\u00f6paneeli<\/p>\n<p>K\u00e4yt\u00e4mme kuljetukseen <a href=\"https:\/\/www.miil.ee\/fi\/palvelut\/nosturi\/\">nosturia<\/a> tai <a href=\"https:\/\/www.miil.ee\/fi\/palvelut\/sideloader\/\">sideloader<\/a><br \/>\nmonimutkaisempi kuljetus on mahdollista <a href=\"https:\/\/www.miil.ee\/fi\/palvelut\/ram-kippauslaite\/\">RAM per\u00e4vaunulla<\/a>.<\/p>\n<p>Seuraa meit\u00e4 <a href=\"https:\/\/www.facebook.com\/konteinerveod\/\">Facebook<\/a> tai <a href=\"https:\/\/www.instagram.com\/ou_miil\/\">Instagram<\/a><\/p>\n","protected":false},"excerpt":{"rendered":"<p>Toimistom\u00f6kin runko ja 3D-malli Toimistom\u00f6kin runko ja 3D-malli. T\u00e4m\u00e4 kehys ei ole myynniss\u00e4! T\u00e4m\u00e4 on 3D-malli! Ohjaamon runko ja 3D-malli; Myym\u00e4mme siirrett\u00e4v\u00e4t hytit ovat aina korkealaatuisia ja CE-merkittyj\u00e4. Kiinte\u00e4 runko varmistetaan pulttiliitoksella, mik\u00e4 antaa suuren edun hitsattuihin runkoon verrattuna. Katto on valssattu ja tinattu tai maalattu pelti. Lattia on eristetty 100mm mineraalivillalla, katto on eristetty&#8230;<\/p>\n","protected":false},"featured_media":60245,"comment_status":"closed","ping_status":"closed","template":"","meta":{"_acf_changed":false},"product_cat":[347,343,407],"product_tag":[],"class_list":{"0":"post-60164","1":"product","2":"type-product","3":"status-publish","4":"has-post-thumbnail","6":"product_cat-tekniikka","7":"product_cat-eristekontit","8":"product_cat-uudet-toimistokontit","10":"first","11":"instock","12":"shipping-taxable","13":"purchasable","14":"product-type-simple"},"acf":[],"yoast_head":"<!-- This site is optimized with the Yoast SEO Premium plugin v23.9 (Yoast SEO v27.5) - https:\/\/yoast.com\/product\/yoast-seo-premium-wordpress\/ -->\n<title>Toimistom\u00f6kin runko ja 3D-malli - Miil O\u00dc<\/title>\n<meta name=\"description\" content=\"Toimistom\u00f6kin runko ja 3D-malli | Minitalot ja -m\u00f6kit | M\u00f6kkien vuokraus ja myynti | Kuljetus ja korjaukset | S\u00e4hk\u00f6ty\u00f6t ja l\u00e4mmitys\" \/>\n<meta name=\"robots\" content=\"index, follow, max-snippet:-1, max-image-preview:large, max-video-preview:-1\" \/>\n<link rel=\"canonical\" href=\"https:\/\/miil.dev.almic.ee\/fi\/toode\/toimistomokin-runko-ja-3d-malli\/\" \/>\n<meta property=\"og:locale\" content=\"fi_FI\" \/>\n<meta property=\"og:type\" content=\"article\" \/>\n<meta property=\"og:title\" content=\"Containex 3D-malli - MIIU0088\" \/>\n<meta property=\"og:description\" content=\"Toimistom\u00f6kin runko ja 3D-malli | Minitalot ja -m\u00f6kit | M\u00f6kkien vuokraus ja myynti | Kuljetus ja korjaukset | S\u00e4hk\u00f6ty\u00f6t ja l\u00e4mmitys\" \/>\n<meta property=\"og:url\" content=\"https:\/\/miil.dev.almic.ee\/fi\/toode\/toimistomokin-runko-ja-3d-malli\/\" \/>\n<meta property=\"og:site_name\" content=\"Miil O\u00dc\" \/>\n<meta property=\"article:publisher\" content=\"https:\/\/www.facebook.com\/konteinerveod\/\" \/>\n<meta property=\"article:modified_time\" content=\"2024-11-06T09:56:34+00:00\" \/>\n<meta property=\"og:image\" content=\"https:\/\/miil.dev.almic.ee\/wp-content\/uploads\/2024\/03\/Soojaku-pohja-vaade-scaled.jpg\" \/>\n\t<meta property=\"og:image:width\" content=\"1900\" \/>\n\t<meta property=\"og:image:height\" content=\"1335\" \/>\n\t<meta property=\"og:image:type\" content=\"image\/jpeg\" \/>\n<meta name=\"twitter:card\" content=\"summary_large_image\" \/>\n<meta name=\"twitter:label1\" content=\"Hinta\" \/>\n\t<meta name=\"twitter:data1\" content=\"1,00&nbsp;&euro;\" \/>\n\t<meta name=\"twitter:label2\" content=\"Saatavuus\" \/>\n\t<meta name=\"twitter:data2\" content=\"Varastossa\" \/>\n<script type=\"application\/ld+json\" class=\"yoast-schema-graph\">{\"@context\":\"https:\\\/\\\/schema.org\",\"@graph\":[{\"@type\":\"WebPage\",\"@id\":\"https:\\\/\\\/miil.dev.almic.ee\\\/fi\\\/toode\\\/toimistomokin-runko-ja-3d-malli\\\/\",\"url\":\"https:\\\/\\\/miil.dev.almic.ee\\\/fi\\\/toode\\\/toimistomokin-runko-ja-3d-malli\\\/\",\"name\":\"Toimistom\u00f6kin runko ja 3D-malli - Miil O\u00dc\",\"isPartOf\":{\"@id\":\"https:\\\/\\\/miil.dev.almic.ee\\\/#website\"},\"primaryImageOfPage\":{\"@id\":\"https:\\\/\\\/miil.dev.almic.ee\\\/fi\\\/toode\\\/toimistomokin-runko-ja-3d-malli\\\/#primaryimage\"},\"image\":{\"@id\":\"https:\\\/\\\/miil.dev.almic.ee\\\/fi\\\/toode\\\/toimistomokin-runko-ja-3d-malli\\\/#primaryimage\"},\"thumbnailUrl\":\"https:\\\/\\\/miil.dev.almic.ee\\\/wp-content\\\/uploads\\\/2024\\\/03\\\/Soojaku-pohja-vaade-scaled.jpg\",\"datePublished\":\"2024-03-21T09:48:11+00:00\",\"dateModified\":\"2024-11-06T09:56:34+00:00\",\"description\":\"Toimistom\u00f6kin runko ja 3D-malli | Minitalot ja -m\u00f6kit | M\u00f6kkien vuokraus ja myynti | Kuljetus ja korjaukset | S\u00e4hk\u00f6ty\u00f6t ja l\u00e4mmitys\",\"breadcrumb\":{\"@id\":\"https:\\\/\\\/miil.dev.almic.ee\\\/fi\\\/toode\\\/toimistomokin-runko-ja-3d-malli\\\/#breadcrumb\"},\"inLanguage\":\"fi\",\"potentialAction\":[{\"@type\":\"ReadAction\",\"target\":[\"https:\\\/\\\/miil.dev.almic.ee\\\/fi\\\/toode\\\/toimistomokin-runko-ja-3d-malli\\\/\"]}]},{\"@type\":\"ImageObject\",\"inLanguage\":\"fi\",\"@id\":\"https:\\\/\\\/miil.dev.almic.ee\\\/fi\\\/toode\\\/toimistomokin-runko-ja-3d-malli\\\/#primaryimage\",\"url\":\"https:\\\/\\\/miil.dev.almic.ee\\\/wp-content\\\/uploads\\\/2024\\\/03\\\/Soojaku-pohja-vaade-scaled.jpg\",\"contentUrl\":\"https:\\\/\\\/miil.dev.almic.ee\\\/wp-content\\\/uploads\\\/2024\\\/03\\\/Soojaku-pohja-vaade-scaled.jpg\",\"width\":1900,\"height\":1335,\"caption\":\"v\"},{\"@type\":\"BreadcrumbList\",\"@id\":\"https:\\\/\\\/miil.dev.almic.ee\\\/fi\\\/toode\\\/toimistomokin-runko-ja-3d-malli\\\/#breadcrumb\",\"itemListElement\":[{\"@type\":\"ListItem\",\"position\":1,\"name\":\"Home\",\"item\":\"https:\\\/\\\/miil.dev.almic.ee\\\/fi\\\/\"},{\"@type\":\"ListItem\",\"position\":2,\"name\":\"Kauppa\",\"item\":\"https:\\\/\\\/miil.dev.almic.ee\\\/fi\\\/kauppa\\\/\"},{\"@type\":\"ListItem\",\"position\":3,\"name\":\"Containex 3D-malli &#8211; MIIU0088\"}]},{\"@type\":\"WebSite\",\"@id\":\"https:\\\/\\\/miil.dev.almic.ee\\\/#website\",\"url\":\"https:\\\/\\\/miil.dev.almic.ee\\\/\",\"name\":\"Miil O\u00dc\",\"description\":\"Konteinerveod\",\"publisher\":{\"@id\":\"https:\\\/\\\/miil.dev.almic.ee\\\/#organization\"},\"potentialAction\":[{\"@type\":\"SearchAction\",\"target\":{\"@type\":\"EntryPoint\",\"urlTemplate\":\"https:\\\/\\\/miil.dev.almic.ee\\\/?s={search_term_string}\"},\"query-input\":{\"@type\":\"PropertyValueSpecification\",\"valueRequired\":true,\"valueName\":\"search_term_string\"}}],\"inLanguage\":\"fi\"},{\"@type\":\"Organization\",\"@id\":\"https:\\\/\\\/miil.dev.almic.ee\\\/#organization\",\"name\":\"Miil O\u00dc\",\"url\":\"https:\\\/\\\/miil.dev.almic.ee\\\/\",\"logo\":{\"@type\":\"ImageObject\",\"inLanguage\":\"fi\",\"@id\":\"https:\\\/\\\/miil.dev.almic.ee\\\/#\\\/schema\\\/logo\\\/image\\\/\",\"url\":\"https:\\\/\\\/www.miil.ee\\\/wp-content\\\/uploads\\\/2022\\\/02\\\/Miil-logo.svg\",\"contentUrl\":\"https:\\\/\\\/www.miil.ee\\\/wp-content\\\/uploads\\\/2022\\\/02\\\/Miil-logo.svg\",\"width\":\"1024\",\"height\":\"1024\",\"caption\":\"Miil O\u00dc\"},\"image\":{\"@id\":\"https:\\\/\\\/miil.dev.almic.ee\\\/#\\\/schema\\\/logo\\\/image\\\/\"},\"sameAs\":[\"https:\\\/\\\/www.facebook.com\\\/konteinerveod\\\/\",\"https:\\\/\\\/www.instagram.com\\\/ou_miil\\\/\"]}]}<\/script>\n<meta property=\"product:price:amount\" content=\"1.00\" \/>\n<meta property=\"product:price:currency\" content=\"EUR\" \/>\n<meta property=\"og:availability\" content=\"instock\" \/>\n<meta property=\"product:availability\" content=\"instock\" \/>\n<meta property=\"product:condition\" content=\"new\" \/>\n<!-- \/ Yoast SEO Premium plugin. -->","yoast_head_json":{"title":"Toimistom\u00f6kin runko ja 3D-malli - Miil O\u00dc","description":"Toimistom\u00f6kin runko ja 3D-malli | Minitalot ja -m\u00f6kit | M\u00f6kkien vuokraus ja myynti | Kuljetus ja korjaukset | S\u00e4hk\u00f6ty\u00f6t ja l\u00e4mmitys","robots":{"index":"index","follow":"follow","max-snippet":"max-snippet:-1","max-image-preview":"max-image-preview:large","max-video-preview":"max-video-preview:-1"},"canonical":"https:\/\/miil.dev.almic.ee\/fi\/toode\/toimistomokin-runko-ja-3d-malli\/","og_locale":"fi_FI","og_type":"article","og_title":"Containex 3D-malli - MIIU0088","og_description":"Toimistom\u00f6kin runko ja 3D-malli | Minitalot ja -m\u00f6kit | M\u00f6kkien vuokraus ja myynti | Kuljetus ja korjaukset | S\u00e4hk\u00f6ty\u00f6t ja l\u00e4mmitys","og_url":"https:\/\/miil.dev.almic.ee\/fi\/toode\/toimistomokin-runko-ja-3d-malli\/","og_site_name":"Miil O\u00dc","article_publisher":"https:\/\/www.facebook.com\/konteinerveod\/","article_modified_time":"2024-11-06T09:56:34+00:00","og_image":[{"width":1900,"height":1335,"url":"https:\/\/miil.dev.almic.ee\/wp-content\/uploads\/2024\/03\/Soojaku-pohja-vaade-scaled.jpg","type":"image\/jpeg"}],"twitter_card":"summary_large_image","twitter_misc":{"Hinta":"1,00&nbsp;&euro;","Saatavuus":"Varastossa"},"schema":{"@context":"https:\/\/schema.org","@graph":[{"@type":"WebPage","@id":"https:\/\/miil.dev.almic.ee\/fi\/toode\/toimistomokin-runko-ja-3d-malli\/","url":"https:\/\/miil.dev.almic.ee\/fi\/toode\/toimistomokin-runko-ja-3d-malli\/","name":"Toimistom\u00f6kin runko ja 3D-malli - Miil O\u00dc","isPartOf":{"@id":"https:\/\/miil.dev.almic.ee\/#website"},"primaryImageOfPage":{"@id":"https:\/\/miil.dev.almic.ee\/fi\/toode\/toimistomokin-runko-ja-3d-malli\/#primaryimage"},"image":{"@id":"https:\/\/miil.dev.almic.ee\/fi\/toode\/toimistomokin-runko-ja-3d-malli\/#primaryimage"},"thumbnailUrl":"https:\/\/miil.dev.almic.ee\/wp-content\/uploads\/2024\/03\/Soojaku-pohja-vaade-scaled.jpg","datePublished":"2024-03-21T09:48:11+00:00","dateModified":"2024-11-06T09:56:34+00:00","description":"Toimistom\u00f6kin runko ja 3D-malli | Minitalot ja -m\u00f6kit | M\u00f6kkien vuokraus ja myynti | Kuljetus ja korjaukset | S\u00e4hk\u00f6ty\u00f6t ja l\u00e4mmitys","breadcrumb":{"@id":"https:\/\/miil.dev.almic.ee\/fi\/toode\/toimistomokin-runko-ja-3d-malli\/#breadcrumb"},"inLanguage":"fi","potentialAction":[{"@type":"ReadAction","target":["https:\/\/miil.dev.almic.ee\/fi\/toode\/toimistomokin-runko-ja-3d-malli\/"]}]},{"@type":"ImageObject","inLanguage":"fi","@id":"https:\/\/miil.dev.almic.ee\/fi\/toode\/toimistomokin-runko-ja-3d-malli\/#primaryimage","url":"https:\/\/miil.dev.almic.ee\/wp-content\/uploads\/2024\/03\/Soojaku-pohja-vaade-scaled.jpg","contentUrl":"https:\/\/miil.dev.almic.ee\/wp-content\/uploads\/2024\/03\/Soojaku-pohja-vaade-scaled.jpg","width":1900,"height":1335,"caption":"v"},{"@type":"BreadcrumbList","@id":"https:\/\/miil.dev.almic.ee\/fi\/toode\/toimistomokin-runko-ja-3d-malli\/#breadcrumb","itemListElement":[{"@type":"ListItem","position":1,"name":"Home","item":"https:\/\/miil.dev.almic.ee\/fi\/"},{"@type":"ListItem","position":2,"name":"Kauppa","item":"https:\/\/miil.dev.almic.ee\/fi\/kauppa\/"},{"@type":"ListItem","position":3,"name":"Containex 3D-malli &#8211; MIIU0088"}]},{"@type":"WebSite","@id":"https:\/\/miil.dev.almic.ee\/#website","url":"https:\/\/miil.dev.almic.ee\/","name":"Miil O\u00dc","description":"Konteinerveod","publisher":{"@id":"https:\/\/miil.dev.almic.ee\/#organization"},"potentialAction":[{"@type":"SearchAction","target":{"@type":"EntryPoint","urlTemplate":"https:\/\/miil.dev.almic.ee\/?s={search_term_string}"},"query-input":{"@type":"PropertyValueSpecification","valueRequired":true,"valueName":"search_term_string"}}],"inLanguage":"fi"},{"@type":"Organization","@id":"https:\/\/miil.dev.almic.ee\/#organization","name":"Miil O\u00dc","url":"https:\/\/miil.dev.almic.ee\/","logo":{"@type":"ImageObject","inLanguage":"fi","@id":"https:\/\/miil.dev.almic.ee\/#\/schema\/logo\/image\/","url":"https:\/\/www.miil.ee\/wp-content\/uploads\/2022\/02\/Miil-logo.svg","contentUrl":"https:\/\/www.miil.ee\/wp-content\/uploads\/2022\/02\/Miil-logo.svg","width":"1024","height":"1024","caption":"Miil O\u00dc"},"image":{"@id":"https:\/\/miil.dev.almic.ee\/#\/schema\/logo\/image\/"},"sameAs":["https:\/\/www.facebook.com\/konteinerveod\/","https:\/\/www.instagram.com\/ou_miil\/"]}]},"product_price_amount":"1.00","product_price_currency":"EUR","og_availability":"instock","product_availability":"instock","product_condition":"new"},"_links":{"self":[{"href":"https:\/\/miil.dev.almic.ee\/fi\/wp-json\/wp\/v2\/product\/60164","targetHints":{"allow":["GET"]}}],"collection":[{"href":"https:\/\/miil.dev.almic.ee\/fi\/wp-json\/wp\/v2\/product"}],"about":[{"href":"https:\/\/miil.dev.almic.ee\/fi\/wp-json\/wp\/v2\/types\/product"}],"replies":[{"embeddable":true,"href":"https:\/\/miil.dev.almic.ee\/fi\/wp-json\/wp\/v2\/comments?post=60164"}],"wp:featuredmedia":[{"embeddable":true,"href":"https:\/\/miil.dev.almic.ee\/fi\/wp-json\/wp\/v2\/media\/60245"}],"wp:attachment":[{"href":"https:\/\/miil.dev.almic.ee\/fi\/wp-json\/wp\/v2\/media?parent=60164"}],"wp:term":[{"taxonomy":"product_cat","embeddable":true,"href":"https:\/\/miil.dev.almic.ee\/fi\/wp-json\/wp\/v2\/product_cat?post=60164"},{"taxonomy":"product_tag","embeddable":true,"href":"https:\/\/miil.dev.almic.ee\/fi\/wp-json\/wp\/v2\/product_tag?post=60164"}],"curies":[{"name":"wp","href":"https:\/\/api.w.org\/{rel}","templated":true}]}}