{"id":59679,"date":"2024-03-19T11:13:25","date_gmt":"2024-03-19T09:13:25","guid":{"rendered":"https:\/\/www.miil.ee\/?post_type=product&#038;p=59679"},"modified":"2025-03-07T10:16:07","modified_gmt":"2025-03-07T08:16:07","slug":"40hc-merikontti-miiu5226494","status":"publish","type":"product","link":"https:\/\/miil.dev.almic.ee\/fi\/toode\/40hc-merikontti-miiu5226494\/","title":{"rendered":"40HC Uusi s\u00e4ilytyskontti MIIU5226494 &#8211; TALLINN"},"content":{"rendered":"<h1>\u201cUUSI\u201d YKSIsuuntainen S\u00e4ilytyskontti MIIU5226494.<\/h1>\n<p>Uusi s\u00e4ilytyskontti MIIU5226494 on valmistettu Aasiassa.<br \/>\nUudet kontit siirtyv\u00e4t terminaaliimme yhdensuuntaisen lastin kanssa v\u00e4ltt\u00e4\u00e4kseen kuljetuskustannuksia, jotka muutoin lis\u00e4isiv\u00e4t kontin hintaan.<\/p>\n<ul>\n<li>S\u00e4\u00e4nkest\u00e4vyyden takuu 50 vuotta.<\/li>\n<li>Kuvat vastaavat mainostettua pakkausta.<\/li>\n<li>S\u00e4ili\u00f6ss\u00e4 voi olla pieni\u00e4 kosmeettisia vikoja kuljetuksen aikana.<\/li>\n<li>Merikontissa on yhteens\u00e4 nelj\u00e4 lenkki\u00e4 ja siihen voidaan asentaa 3+ lukkoa.<\/li>\n<li>S\u00e4ilytyskontti on yhteens\u00e4 kolme lenkki\u00e4, jotka ovat korkeammalla kuin merikontin linkit.<\/li>\n<li>Joissakin malleissa lukitussuoja kahden oven keskell\u00e4.<\/li>\n<li>Lis\u00e4tuuletus sivuilla.<\/li>\n<li>Maksa my\u00f6hemmin vaihtoehto Inbank.ee:n kautta alennuskoodilla &#8221;KONTEINER&#8221;.<\/li>\n<li>Merikontin vuokraus on mahdollista sopimuksen mukaan.<\/li>\n<li>Parhaan hinnan takuu!<\/li>\n<\/ul>\n<h2>Uusi s\u00e4ilytyskontti MIIU5226494 &#8211; Miten kontin hinta muodostuu?<\/h2>\n<p>Merikontin hinta riippuu monesta asiasta.<br \/>\nJos kuljetuksissa tulee virheit\u00e4 tai kiertoteit\u00e4, my\u00f6s kontin hinta nousee.<\/p>\n<p>Joskus konttia tavaroineen ei ole mahdollista siirt\u00e4\u00e4 m\u00e4\u00e4r\u00e4np\u00e4\u00e4h\u00e4n ja viimeinen osa on siirrett\u00e4v\u00e4 tyhj\u00e4n\u00e4, t\u00e4m\u00e4 taas nostaa kontin lopullista hintaa.<br \/>\nJos kontti vaurioituu kuljetuksen aikana, on joissain tapauksissa mahdollista myyd\u00e4 kontti markkinahintaa halvemmalla.<\/p>\n<p>Hintaan vaikuttavat edell\u00e4 mainitun lis\u00e4ksi my\u00f6s ostohinta, kontin saapumistapa terminaaliin, kontin sijainti terminaalissa ja onko kontti vaatinut lis\u00e4kustannuksia, kuten ulkopesua, sis\u00e4puhdistusta tai korjausta. .<br \/>\nKontin hinta voidaan laskea vasta terminaaliin saapuessa, koska hinta voi muuttua merkitt\u00e4v\u00e4sti kuljetuksen aikana.<\/p>\n<h2>Kuljetus ja asennus?<\/h2>\n<p>Sopivan kontin valinnan j\u00e4lkeen voimme my\u00f6s tehd\u00e4 tarjouksen kuljetuksesta.<br \/>\nVoit varastoida ostettuja kontteja terminaalissamme jopa kuuden kuukauden ajan maksutta.<br \/>\nAina on mahdollista sopia pidemm\u00e4st\u00e4kin ajanjaksosta.<br \/>\nT\u00e4st\u00e4 on hy\u00f6ty\u00e4 esimerkiksi, jos sijainti ei ole viel\u00e4 valmis tai k\u00e4ytett\u00e4viss\u00e4.<br \/>\nT\u00e4ll\u00f6in kontin hinta ei muutu, ja voit olla varma, ett\u00e4 saat valitun kontin sovittuna aikana.<\/p>\n<p>Teemme aina parhaan tarjouksen vastaavasta kontti- tai toimistom\u00f6kist\u00e4.<\/p>\n<p>K\u00e4yt\u00e4mme kuljetukseen\u00a0<a href=\"https:\/\/www.miil.ee\/fi\/palvelut\/nosturi\/\">nosturia<\/a>\u00a0tai\u00a0<a href=\"https:\/\/www.miil.ee\/fi\/palvelut\/sideloader\/\">sideloader<\/a><br \/>\nmonimutkaisempi kuljetus on mahdollista\u00a0<a href=\"https:\/\/www.miil.ee\/fi\/palvelut\/ram-kippauslaite\/\">RAM per\u00e4vaunulla<\/a>.<\/p>\n<p>Seuraa meit\u00e4\u00a0<a href=\"https:\/\/www.facebook.com\/konteinerveod\/\">Facebook<\/a>\u00a0tai\u00a0<a href=\"https:\/\/www.instagram.com\/ou_miil\/\">Instagram<\/a><\/p>\n","protected":false},"excerpt":{"rendered":"<p>Uusi -s\u00e4ilytyskontti on valmistettu Aasiassa ja saapuu terminaaliimme yhdensuuntaisen lastin kanssa, jotta v\u00e4ltet\u00e4\u00e4n lis\u00e4kustannuksia. Kontti tarjoaa 50 vuoden s\u00e4\u00e4nkest\u00e4vyystakuun ja saattaa sis\u00e4lt\u00e4\u00e4 pieni\u00e4 kosmeettisia vikoja kuljetuksessa. Hinta m\u00e4\u00e4r\u00e4ytyy kuljetusongelmien ja mahdollisten lis\u00e4kustannusten perusteella, kuten puhdistuksista tai korjauksista. Tarjoamme my\u00f6s ilmaisia varastointimahdollisuuksia jopa kuuden kuukauden ajan.<\/p>\n","protected":false},"featured_media":59689,"comment_status":"closed","ping_status":"closed","template":"","meta":{"_acf_changed":false},"product_cat":[355,479,483],"product_tag":[],"class_list":{"0":"post-59679","1":"product","2":"type-product","3":"status-publish","4":"has-post-thumbnail","6":"product_cat-uudet-kontit","7":"product_cat-40-12-metria-fi","8":"product_cat-40-hc-korkea-fi","10":"first","11":"instock","12":"shipping-taxable","13":"purchasable","14":"product-type-simple"},"acf":[],"yoast_head":"<!-- This site is optimized with the Yoast SEO Premium plugin v23.9 (Yoast SEO v27.5) - https:\/\/yoast.com\/product\/yoast-seo-premium-wordpress\/ -->\n<title>Uusi s\u00e4ilytyskontti MIIU5226494 - Miil O\u00dc<\/title>\n<meta name=\"description\" content=\"Uusi s\u00e4ilytyskontti MIIU5226494 | Merikonttien myynti | Merikonttien vuokraus | Varastointikonttien myynti | S\u00e4ilytyskonttien myynti \ud83c\udf1e\" \/>\n<meta name=\"robots\" content=\"index, follow, max-snippet:-1, max-image-preview:large, max-video-preview:-1\" \/>\n<link rel=\"canonical\" href=\"https:\/\/miil.dev.almic.ee\/fi\/toode\/40hc-merikontti-miiu5226494\/\" \/>\n<meta property=\"og:locale\" content=\"fi_FI\" \/>\n<meta property=\"og:type\" content=\"article\" \/>\n<meta property=\"og:title\" content=\"40HC Uusi s\u00e4ilytyskontti MIIU5226494 - TALLINN\" \/>\n<meta property=\"og:description\" content=\"Uusi s\u00e4ilytyskontti MIIU5226494 | Merikonttien myynti | Merikonttien vuokraus | Varastointikonttien myynti | S\u00e4ilytyskonttien myynti \ud83c\udf1e\" \/>\n<meta property=\"og:url\" content=\"https:\/\/miil.dev.almic.ee\/fi\/toode\/40hc-merikontti-miiu5226494\/\" \/>\n<meta property=\"og:site_name\" content=\"Miil O\u00dc\" \/>\n<meta property=\"article:publisher\" content=\"https:\/\/www.facebook.com\/konteinerveod\/\" \/>\n<meta property=\"article:modified_time\" content=\"2025-03-07T08:16:07+00:00\" \/>\n<meta property=\"og:image\" content=\"https:\/\/miil.dev.almic.ee\/wp-content\/uploads\/2024\/03\/Merikontit-myyti-shipping-container-sales-marsky-container-3-scaled.jpg\" \/>\n\t<meta property=\"og:image:width\" content=\"1900\" \/>\n\t<meta property=\"og:image:height\" content=\"1425\" \/>\n\t<meta property=\"og:image:type\" content=\"image\/jpeg\" \/>\n<meta name=\"twitter:card\" content=\"summary_large_image\" \/>\n<meta name=\"twitter:label1\" content=\"Hinta\" \/>\n\t<meta name=\"twitter:data1\" content=\"4950,00&nbsp;&euro;\" \/>\n\t<meta name=\"twitter:label2\" content=\"Saatavuus\" \/>\n\t<meta name=\"twitter:data2\" content=\"Varastossa\" \/>\n<script type=\"application\/ld+json\" class=\"yoast-schema-graph\">{\"@context\":\"https:\\\/\\\/schema.org\",\"@graph\":[{\"@type\":\"WebPage\",\"@id\":\"https:\\\/\\\/miil.dev.almic.ee\\\/fi\\\/toode\\\/40hc-merikontti-miiu5226494\\\/\",\"url\":\"https:\\\/\\\/miil.dev.almic.ee\\\/fi\\\/toode\\\/40hc-merikontti-miiu5226494\\\/\",\"name\":\"Uusi s\u00e4ilytyskontti MIIU5226494 - Miil O\u00dc\",\"isPartOf\":{\"@id\":\"https:\\\/\\\/miil.dev.almic.ee\\\/#website\"},\"primaryImageOfPage\":{\"@id\":\"https:\\\/\\\/miil.dev.almic.ee\\\/fi\\\/toode\\\/40hc-merikontti-miiu5226494\\\/#primaryimage\"},\"image\":{\"@id\":\"https:\\\/\\\/miil.dev.almic.ee\\\/fi\\\/toode\\\/40hc-merikontti-miiu5226494\\\/#primaryimage\"},\"thumbnailUrl\":\"https:\\\/\\\/miil.dev.almic.ee\\\/wp-content\\\/uploads\\\/2024\\\/03\\\/Merikontit-myyti-shipping-container-sales-marsky-container-3-scaled.jpg\",\"datePublished\":\"2024-03-19T09:13:25+00:00\",\"dateModified\":\"2025-03-07T08:16:07+00:00\",\"description\":\"Uusi s\u00e4ilytyskontti MIIU5226494 | Merikonttien myynti | Merikonttien vuokraus | Varastointikonttien myynti | S\u00e4ilytyskonttien myynti \ud83c\udf1e\",\"breadcrumb\":{\"@id\":\"https:\\\/\\\/miil.dev.almic.ee\\\/fi\\\/toode\\\/40hc-merikontti-miiu5226494\\\/#breadcrumb\"},\"inLanguage\":\"fi\",\"potentialAction\":[{\"@type\":\"ReadAction\",\"target\":[\"https:\\\/\\\/miil.dev.almic.ee\\\/fi\\\/toode\\\/40hc-merikontti-miiu5226494\\\/\"]}]},{\"@type\":\"ImageObject\",\"inLanguage\":\"fi\",\"@id\":\"https:\\\/\\\/miil.dev.almic.ee\\\/fi\\\/toode\\\/40hc-merikontti-miiu5226494\\\/#primaryimage\",\"url\":\"https:\\\/\\\/miil.dev.almic.ee\\\/wp-content\\\/uploads\\\/2024\\\/03\\\/Merikontit-myyti-shipping-container-sales-marsky-container-3-scaled.jpg\",\"contentUrl\":\"https:\\\/\\\/miil.dev.almic.ee\\\/wp-content\\\/uploads\\\/2024\\\/03\\\/Merikontit-myyti-shipping-container-sales-marsky-container-3-scaled.jpg\",\"width\":1900,\"height\":1425},{\"@type\":\"BreadcrumbList\",\"@id\":\"https:\\\/\\\/miil.dev.almic.ee\\\/fi\\\/toode\\\/40hc-merikontti-miiu5226494\\\/#breadcrumb\",\"itemListElement\":[{\"@type\":\"ListItem\",\"position\":1,\"name\":\"Home\",\"item\":\"https:\\\/\\\/miil.dev.almic.ee\\\/fi\\\/\"},{\"@type\":\"ListItem\",\"position\":2,\"name\":\"Kauppa\",\"item\":\"https:\\\/\\\/miil.dev.almic.ee\\\/fi\\\/kauppa\\\/\"},{\"@type\":\"ListItem\",\"position\":3,\"name\":\"40HC Uusi s\u00e4ilytyskontti MIIU5226494 &#8211; TALLINN\"}]},{\"@type\":\"WebSite\",\"@id\":\"https:\\\/\\\/miil.dev.almic.ee\\\/#website\",\"url\":\"https:\\\/\\\/miil.dev.almic.ee\\\/\",\"name\":\"Miil O\u00dc\",\"description\":\"Konteinerveod\",\"publisher\":{\"@id\":\"https:\\\/\\\/miil.dev.almic.ee\\\/#organization\"},\"potentialAction\":[{\"@type\":\"SearchAction\",\"target\":{\"@type\":\"EntryPoint\",\"urlTemplate\":\"https:\\\/\\\/miil.dev.almic.ee\\\/?s={search_term_string}\"},\"query-input\":{\"@type\":\"PropertyValueSpecification\",\"valueRequired\":true,\"valueName\":\"search_term_string\"}}],\"inLanguage\":\"fi\"},{\"@type\":\"Organization\",\"@id\":\"https:\\\/\\\/miil.dev.almic.ee\\\/#organization\",\"name\":\"Miil O\u00dc\",\"url\":\"https:\\\/\\\/miil.dev.almic.ee\\\/\",\"logo\":{\"@type\":\"ImageObject\",\"inLanguage\":\"fi\",\"@id\":\"https:\\\/\\\/miil.dev.almic.ee\\\/#\\\/schema\\\/logo\\\/image\\\/\",\"url\":\"https:\\\/\\\/www.miil.ee\\\/wp-content\\\/uploads\\\/2022\\\/02\\\/Miil-logo.svg\",\"contentUrl\":\"https:\\\/\\\/www.miil.ee\\\/wp-content\\\/uploads\\\/2022\\\/02\\\/Miil-logo.svg\",\"width\":\"1024\",\"height\":\"1024\",\"caption\":\"Miil O\u00dc\"},\"image\":{\"@id\":\"https:\\\/\\\/miil.dev.almic.ee\\\/#\\\/schema\\\/logo\\\/image\\\/\"},\"sameAs\":[\"https:\\\/\\\/www.facebook.com\\\/konteinerveod\\\/\",\"https:\\\/\\\/www.instagram.com\\\/ou_miil\\\/\"]}]}<\/script>\n<meta property=\"product:price:amount\" content=\"4950.00\" \/>\n<meta property=\"product:price:currency\" content=\"EUR\" \/>\n<meta property=\"og:availability\" content=\"instock\" \/>\n<meta property=\"product:availability\" content=\"instock\" \/>\n<meta property=\"product:retailer_item_id\" content=\"MIIU5226494\" \/>\n<meta property=\"product:condition\" content=\"new\" \/>\n<!-- \/ Yoast SEO Premium plugin. -->","yoast_head_json":{"title":"Uusi s\u00e4ilytyskontti MIIU5226494 - Miil O\u00dc","description":"Uusi s\u00e4ilytyskontti MIIU5226494 | Merikonttien myynti | Merikonttien vuokraus | Varastointikonttien myynti | S\u00e4ilytyskonttien myynti \ud83c\udf1e","robots":{"index":"index","follow":"follow","max-snippet":"max-snippet:-1","max-image-preview":"max-image-preview:large","max-video-preview":"max-video-preview:-1"},"canonical":"https:\/\/miil.dev.almic.ee\/fi\/toode\/40hc-merikontti-miiu5226494\/","og_locale":"fi_FI","og_type":"article","og_title":"40HC Uusi s\u00e4ilytyskontti MIIU5226494 - TALLINN","og_description":"Uusi s\u00e4ilytyskontti MIIU5226494 | Merikonttien myynti | Merikonttien vuokraus | Varastointikonttien myynti | S\u00e4ilytyskonttien myynti \ud83c\udf1e","og_url":"https:\/\/miil.dev.almic.ee\/fi\/toode\/40hc-merikontti-miiu5226494\/","og_site_name":"Miil O\u00dc","article_publisher":"https:\/\/www.facebook.com\/konteinerveod\/","article_modified_time":"2025-03-07T08:16:07+00:00","og_image":[{"width":1900,"height":1425,"url":"https:\/\/miil.dev.almic.ee\/wp-content\/uploads\/2024\/03\/Merikontit-myyti-shipping-container-sales-marsky-container-3-scaled.jpg","type":"image\/jpeg"}],"twitter_card":"summary_large_image","twitter_misc":{"Hinta":"4950,00&nbsp;&euro;","Saatavuus":"Varastossa"},"schema":{"@context":"https:\/\/schema.org","@graph":[{"@type":"WebPage","@id":"https:\/\/miil.dev.almic.ee\/fi\/toode\/40hc-merikontti-miiu5226494\/","url":"https:\/\/miil.dev.almic.ee\/fi\/toode\/40hc-merikontti-miiu5226494\/","name":"Uusi s\u00e4ilytyskontti MIIU5226494 - Miil O\u00dc","isPartOf":{"@id":"https:\/\/miil.dev.almic.ee\/#website"},"primaryImageOfPage":{"@id":"https:\/\/miil.dev.almic.ee\/fi\/toode\/40hc-merikontti-miiu5226494\/#primaryimage"},"image":{"@id":"https:\/\/miil.dev.almic.ee\/fi\/toode\/40hc-merikontti-miiu5226494\/#primaryimage"},"thumbnailUrl":"https:\/\/miil.dev.almic.ee\/wp-content\/uploads\/2024\/03\/Merikontit-myyti-shipping-container-sales-marsky-container-3-scaled.jpg","datePublished":"2024-03-19T09:13:25+00:00","dateModified":"2025-03-07T08:16:07+00:00","description":"Uusi s\u00e4ilytyskontti MIIU5226494 | Merikonttien myynti | Merikonttien vuokraus | Varastointikonttien myynti | S\u00e4ilytyskonttien myynti \ud83c\udf1e","breadcrumb":{"@id":"https:\/\/miil.dev.almic.ee\/fi\/toode\/40hc-merikontti-miiu5226494\/#breadcrumb"},"inLanguage":"fi","potentialAction":[{"@type":"ReadAction","target":["https:\/\/miil.dev.almic.ee\/fi\/toode\/40hc-merikontti-miiu5226494\/"]}]},{"@type":"ImageObject","inLanguage":"fi","@id":"https:\/\/miil.dev.almic.ee\/fi\/toode\/40hc-merikontti-miiu5226494\/#primaryimage","url":"https:\/\/miil.dev.almic.ee\/wp-content\/uploads\/2024\/03\/Merikontit-myyti-shipping-container-sales-marsky-container-3-scaled.jpg","contentUrl":"https:\/\/miil.dev.almic.ee\/wp-content\/uploads\/2024\/03\/Merikontit-myyti-shipping-container-sales-marsky-container-3-scaled.jpg","width":1900,"height":1425},{"@type":"BreadcrumbList","@id":"https:\/\/miil.dev.almic.ee\/fi\/toode\/40hc-merikontti-miiu5226494\/#breadcrumb","itemListElement":[{"@type":"ListItem","position":1,"name":"Home","item":"https:\/\/miil.dev.almic.ee\/fi\/"},{"@type":"ListItem","position":2,"name":"Kauppa","item":"https:\/\/miil.dev.almic.ee\/fi\/kauppa\/"},{"@type":"ListItem","position":3,"name":"40HC Uusi s\u00e4ilytyskontti MIIU5226494 &#8211; TALLINN"}]},{"@type":"WebSite","@id":"https:\/\/miil.dev.almic.ee\/#website","url":"https:\/\/miil.dev.almic.ee\/","name":"Miil O\u00dc","description":"Konteinerveod","publisher":{"@id":"https:\/\/miil.dev.almic.ee\/#organization"},"potentialAction":[{"@type":"SearchAction","target":{"@type":"EntryPoint","urlTemplate":"https:\/\/miil.dev.almic.ee\/?s={search_term_string}"},"query-input":{"@type":"PropertyValueSpecification","valueRequired":true,"valueName":"search_term_string"}}],"inLanguage":"fi"},{"@type":"Organization","@id":"https:\/\/miil.dev.almic.ee\/#organization","name":"Miil O\u00dc","url":"https:\/\/miil.dev.almic.ee\/","logo":{"@type":"ImageObject","inLanguage":"fi","@id":"https:\/\/miil.dev.almic.ee\/#\/schema\/logo\/image\/","url":"https:\/\/www.miil.ee\/wp-content\/uploads\/2022\/02\/Miil-logo.svg","contentUrl":"https:\/\/www.miil.ee\/wp-content\/uploads\/2022\/02\/Miil-logo.svg","width":"1024","height":"1024","caption":"Miil O\u00dc"},"image":{"@id":"https:\/\/miil.dev.almic.ee\/#\/schema\/logo\/image\/"},"sameAs":["https:\/\/www.facebook.com\/konteinerveod\/","https:\/\/www.instagram.com\/ou_miil\/"]}]},"product_price_amount":"4950.00","product_price_currency":"EUR","og_availability":"instock","product_availability":"instock","product_retailer_item_id":"MIIU5226494","product_condition":"new"},"_links":{"self":[{"href":"https:\/\/miil.dev.almic.ee\/fi\/wp-json\/wp\/v2\/product\/59679","targetHints":{"allow":["GET"]}}],"collection":[{"href":"https:\/\/miil.dev.almic.ee\/fi\/wp-json\/wp\/v2\/product"}],"about":[{"href":"https:\/\/miil.dev.almic.ee\/fi\/wp-json\/wp\/v2\/types\/product"}],"replies":[{"embeddable":true,"href":"https:\/\/miil.dev.almic.ee\/fi\/wp-json\/wp\/v2\/comments?post=59679"}],"wp:featuredmedia":[{"embeddable":true,"href":"https:\/\/miil.dev.almic.ee\/fi\/wp-json\/wp\/v2\/media\/59689"}],"wp:attachment":[{"href":"https:\/\/miil.dev.almic.ee\/fi\/wp-json\/wp\/v2\/media?parent=59679"}],"wp:term":[{"taxonomy":"product_cat","embeddable":true,"href":"https:\/\/miil.dev.almic.ee\/fi\/wp-json\/wp\/v2\/product_cat?post=59679"},{"taxonomy":"product_tag","embeddable":true,"href":"https:\/\/miil.dev.almic.ee\/fi\/wp-json\/wp\/v2\/product_tag?post=59679"}],"curies":[{"name":"wp","href":"https:\/\/api.w.org\/{rel}","templated":true}]}}