{"id":55448,"date":"2023-12-28T14:52:26","date_gmt":"2023-12-28T12:52:27","guid":{"rendered":"https:\/\/www.miil.ee\/?post_type=product&#038;p=55448"},"modified":"2024-11-12T13:22:02","modified_gmt":"2024-11-12T11:22:02","slug":"20dc-merikonttien-valmistus-miiu6248799","status":"publish","type":"product","link":"https:\/\/miil.dev.almic.ee\/fi\/toode\/20dc-merikonttien-valmistus-miiu6248799\/","title":{"rendered":"20DC Merikonttien valmistus MIIU6248799"},"content":{"rendered":"<h1>Merikonttien valmistus<\/h1>\n<p>Merikonttivalmistus ja muuntaminen erikoistilauksesta.<br \/>\nVoimme tarjota erilaisia \u200b\u200brakennusratkaisuja ja kiinnitysmenetelmi\u00e4.<br \/>\nT\u00e4ss\u00e4 kontissa on esimerkiksi lis\u00e4kaapit, sivulle avautuva ovi, multilift-kehys ja tummanharmaa RAL7016 v\u00e4ri.<br \/>\nHinta 24 990.- +alv, minimitilaus 10 kpl.<br \/>\nHaluttaessa viimeistelemme, varustamme tai rakennamme kokonaan uuden kontin.<br \/>\nJoka tapauksessa l\u00f6yd\u00e4mme sinulle laadukkaan ja sopivan ratkaisun edulliseen hintaan.<br \/>\nTarkka kontti tehd\u00e4\u00e4n erikoistilauksena, eik\u00e4 k\u00e4ytt\u00f6tarkoitusta voida paljastaa.<br \/>\nT\u00e4llaista konttia voidaan k\u00e4ytt\u00e4\u00e4 esimerkiksi liikkuvana laitekonttina tai erikoislaitteiden asentamiseen.<\/p>\n<p>Teemme yhteisty\u00f6t\u00e4 kaikkien laadukasta palvelua tarjoavien yritysten kanssa ja he saavat meilt\u00e4 konttinsa eritt\u00e4in hyvill\u00e4 ehdoilla.<\/p>\n<h2>Merikonttien valmistus ja muuntaminen vai jokin muu ratkaisu?<\/h2>\n<p>Tarvittaessa rakennamme v\u00e4lisein\u00e4t, asennamme rullaovet, erist\u00e4mme tai suunnittelemme sinulle sopivan mainoskontin.<br \/>\nMeill\u00e4 on mahdollisuus valmistaa muunnettuja ISO-merikontteja voimassa olevalla CSC-kilvell\u00e4 ilman erillist\u00e4 sertifiointia.<br \/>\nJos kontti rakennetaan uudelleen Virossa, CSC-sertifikaatti menett\u00e4\u00e4 automaattisesti voimassaolonsa ulkomuotoa muuttamalla.<br \/>\nSill\u00e4 ei ole v\u00e4li\u00e4, k\u00e4ytet\u00e4\u00e4nk\u00f6 konttia paikallisesti vai kuljetetaanko se maalla.<br \/>\nVoimassa oleva CSC-sertifikaatti on t\u00e4rke\u00e4 merikuljetuksissa, ja my\u00f6s tarkastus vaaditaan.<br \/>\nMerikuljetuksessa muunnetun kontin on t\u00e4ytett\u00e4v\u00e4 erityisvaatimukset.<br \/>\nKontin uudelleensertifiointi Euroopassa maksaa viisinumeroisen summan, joka sis\u00e4lt\u00e4\u00e4 lis\u00e4kulut ja toimituskulut.<\/p>\n<h2>Merikontit suoraan tehtaalta<\/h2>\n<p>Suuremmille l\u00e4hetyksille toimitamme merikontit suoraan tehtaalta asiakkaalle maailmanlaajuisesti.<br \/>\nVoit ostaa meilt\u00e4 kontin Virosta, Australiasta tai Espanjasta.<br \/>\nTuotevalikoimaamme kuuluvat standardikonttien lis\u00e4ksi ISO-s\u00e4ili\u00f6kontit, j\u00e4\u00e4kaappikontit, multilift-runkokontit, s\u00e4ilytyskontit, ty\u00f6kalukontit ja paljon muuta.<\/p>\n<p>Merikonttien muuntaminen<br \/>\nMerikonttien maalaus<br \/>\nMerikonttien korjaus<br \/>\nMerikonttien talteenotto<br \/>\nMerikonttien valmistus<br \/>\nMerikonttien eristys<\/p>\n<h2>Merikonttivalmistus \u2013 Miksi k\u00e4\u00e4nty\u00e4 konttiratkaisujen puoleen?<\/h2>\n<p>Merikonttien muuttamisessa laatu on aina t\u00e4rke\u00e4, laadukkaan tuotteen lis\u00e4ksi meill\u00e4 on eritt\u00e4in pitk\u00e4 ja oikea historia, joka takaa asiakkaalle tuotteen saapuvan luvattuun muotoon, luvattuun aikaan ja klo. luvattu paikka.<br \/>\nToimipisteemme sijaitsevat kaikkialla Virossa.<br \/>\nP\u00e4\u00e4konttori suurimmalla valikoimalla Tallinnan vieress\u00e4 osoitteessa Valtsi 1, Lagedi ja pienemm\u00e4t terminaalit eri puolilla Viroa.<br \/>\nMerikonttien muuntamisen lis\u00e4ksi l\u00f6yd\u00e4t eristetyt toimistom\u00f6kit, portaat, merikontit, aidat ja paljon muuta.<br \/>\nHinnat kuvineen nettisivun verkkokaupassa.<\/p>\n<p>K\u00e4yt\u00e4mme kuljetukseen <a href=\"https:\/\/www.miil.ee\/fi\/palvelut\/nosturi\/\">nosturia<\/a> tai <a href=\"https:\/\/www.miil.ee\/fi\/palvelut\/sideloader\/\">sideloader<\/a><br \/>\nmonimutkaisempi kuljetus on mahdollista <a href=\"https:\/\/www.miil.ee\/fi\/palvelut\/ram-kippauslaite\/\">RAM per\u00e4vaunulla<\/a>.<\/p>\n<p>Seuraa meit\u00e4 <a href=\"https:\/\/www.facebook.com\/konteinerveod\/\">Facebook<\/a> tai <a href=\"https:\/\/www.instagram.com\/ou_miil\/\">Instagram<\/a><\/p>\n","protected":false},"excerpt":{"rendered":"<p>Merikonttien valmistus Merikonttivalmistus ja muuntaminen erikoistilauksesta. Voimme tarjota erilaisia \u200b\u200brakennusratkaisuja ja kiinnitysmenetelmi\u00e4. T\u00e4ss\u00e4 kontissa on esimerkiksi lis\u00e4kaapit, sivulle avautuva ovi, multilift-kehys ja tummanharmaa RAL7016 v\u00e4ri. Hinta 24 990.- +alv, minimitilaus 10 kpl. Haluttaessa viimeistelemme, varustamme tai rakennamme kokonaan uuden kontin. Joka tapauksessa l\u00f6yd\u00e4mme sinulle laadukkaan ja sopivan ratkaisun edulliseen hintaan. Tarkka kontti tehd\u00e4\u00e4n erikoistilauksena, eik\u00e4&#8230;<\/p>\n","protected":false},"featured_media":55458,"comment_status":"closed","ping_status":"closed","template":"","meta":{"_acf_changed":false},"product_cat":[347],"product_tag":[],"class_list":{"0":"post-55448","1":"product","2":"type-product","3":"status-publish","4":"has-post-thumbnail","6":"product_cat-tekniikka","8":"first","9":"instock","10":"shipping-taxable","11":"purchasable","12":"product-type-simple"},"acf":[],"yoast_head":"<!-- This site is optimized with the Yoast SEO Premium plugin v23.9 (Yoast SEO v27.5) - https:\/\/yoast.com\/product\/yoast-seo-premium-wordpress\/ -->\n<title>20DC Merikonttien valmistus MIIU6248799 - Miil O\u00dc<\/title>\n<meta name=\"description\" content=\"Merikonttivalmistus | Merikontti | Varastos\u00e4ili\u00f6 | Konttien muuntaminen | Konttien myynti | merikonttien vuokraus \u2b50\ufe0f\u2b50\ufe0f\u2b50\ufe0f\u2b50\ufe0f\u2b50\ufe0f\" \/>\n<meta name=\"robots\" content=\"index, follow, max-snippet:-1, max-image-preview:large, max-video-preview:-1\" \/>\n<link rel=\"canonical\" href=\"https:\/\/miil.dev.almic.ee\/fi\/toode\/20dc-merikonttien-valmistus-miiu6248799\/\" \/>\n<meta property=\"og:locale\" content=\"fi_FI\" \/>\n<meta property=\"og:type\" content=\"article\" \/>\n<meta property=\"og:title\" content=\"20DC Merikonttien valmistus MIIU6248799\" \/>\n<meta property=\"og:description\" content=\"Merikonttivalmistus | Merikontti | Varastos\u00e4ili\u00f6 | Konttien muuntaminen | Konttien myynti | merikonttien vuokraus \u2b50\ufe0f\u2b50\ufe0f\u2b50\ufe0f\u2b50\ufe0f\u2b50\ufe0f\" \/>\n<meta property=\"og:url\" content=\"https:\/\/miil.dev.almic.ee\/fi\/toode\/20dc-merikonttien-valmistus-miiu6248799\/\" \/>\n<meta property=\"og:site_name\" content=\"Miil O\u00dc\" \/>\n<meta property=\"article:publisher\" content=\"https:\/\/www.facebook.com\/konteinerveod\/\" \/>\n<meta property=\"article:modified_time\" content=\"2024-11-12T11:22:02+00:00\" \/>\n<meta property=\"og:image\" content=\"https:\/\/miil.dev.almic.ee\/wp-content\/uploads\/2023\/12\/Merekonteinerite-valmistamine-2-scaled.jpg\" \/>\n\t<meta property=\"og:image:width\" content=\"1900\" \/>\n\t<meta property=\"og:image:height\" content=\"1425\" \/>\n\t<meta property=\"og:image:type\" content=\"image\/jpeg\" \/>\n<meta name=\"twitter:card\" content=\"summary_large_image\" \/>\n<meta name=\"twitter:label1\" content=\"Hinta\" \/>\n\t<meta name=\"twitter:data1\" content=\"24990,00&nbsp;&euro;\" \/>\n\t<meta name=\"twitter:label2\" content=\"Saatavuus\" \/>\n\t<meta name=\"twitter:data2\" content=\"Varastossa\" \/>\n<script type=\"application\/ld+json\" class=\"yoast-schema-graph\">{\"@context\":\"https:\\\/\\\/schema.org\",\"@graph\":[{\"@type\":\"WebPage\",\"@id\":\"https:\\\/\\\/miil.dev.almic.ee\\\/fi\\\/toode\\\/20dc-merikonttien-valmistus-miiu6248799\\\/\",\"url\":\"https:\\\/\\\/miil.dev.almic.ee\\\/fi\\\/toode\\\/20dc-merikonttien-valmistus-miiu6248799\\\/\",\"name\":\"20DC Merikonttien valmistus MIIU6248799 - Miil O\u00dc\",\"isPartOf\":{\"@id\":\"https:\\\/\\\/miil.dev.almic.ee\\\/#website\"},\"primaryImageOfPage\":{\"@id\":\"https:\\\/\\\/miil.dev.almic.ee\\\/fi\\\/toode\\\/20dc-merikonttien-valmistus-miiu6248799\\\/#primaryimage\"},\"image\":{\"@id\":\"https:\\\/\\\/miil.dev.almic.ee\\\/fi\\\/toode\\\/20dc-merikonttien-valmistus-miiu6248799\\\/#primaryimage\"},\"thumbnailUrl\":\"https:\\\/\\\/miil.dev.almic.ee\\\/wp-content\\\/uploads\\\/2023\\\/12\\\/Merekonteinerite-valmistamine-2-scaled.jpg\",\"datePublished\":\"2023-12-28T12:52:27+00:00\",\"dateModified\":\"2024-11-12T11:22:02+00:00\",\"description\":\"Merikonttivalmistus | Merikontti | Varastos\u00e4ili\u00f6 | Konttien muuntaminen | Konttien myynti | merikonttien vuokraus \u2b50\ufe0f\u2b50\ufe0f\u2b50\ufe0f\u2b50\ufe0f\u2b50\ufe0f\",\"breadcrumb\":{\"@id\":\"https:\\\/\\\/miil.dev.almic.ee\\\/fi\\\/toode\\\/20dc-merikonttien-valmistus-miiu6248799\\\/#breadcrumb\"},\"inLanguage\":\"fi\",\"potentialAction\":[{\"@type\":\"ReadAction\",\"target\":[\"https:\\\/\\\/miil.dev.almic.ee\\\/fi\\\/toode\\\/20dc-merikonttien-valmistus-miiu6248799\\\/\"]}]},{\"@type\":\"ImageObject\",\"inLanguage\":\"fi\",\"@id\":\"https:\\\/\\\/miil.dev.almic.ee\\\/fi\\\/toode\\\/20dc-merikonttien-valmistus-miiu6248799\\\/#primaryimage\",\"url\":\"https:\\\/\\\/miil.dev.almic.ee\\\/wp-content\\\/uploads\\\/2023\\\/12\\\/Merekonteinerite-valmistamine-2-scaled.jpg\",\"contentUrl\":\"https:\\\/\\\/miil.dev.almic.ee\\\/wp-content\\\/uploads\\\/2023\\\/12\\\/Merekonteinerite-valmistamine-2-scaled.jpg\",\"width\":1900,\"height\":1425,\"caption\":\"Merekonteinerite valmistamine\"},{\"@type\":\"BreadcrumbList\",\"@id\":\"https:\\\/\\\/miil.dev.almic.ee\\\/fi\\\/toode\\\/20dc-merikonttien-valmistus-miiu6248799\\\/#breadcrumb\",\"itemListElement\":[{\"@type\":\"ListItem\",\"position\":1,\"name\":\"Home\",\"item\":\"https:\\\/\\\/miil.dev.almic.ee\\\/fi\\\/\"},{\"@type\":\"ListItem\",\"position\":2,\"name\":\"Kauppa\",\"item\":\"https:\\\/\\\/miil.dev.almic.ee\\\/fi\\\/kauppa\\\/\"},{\"@type\":\"ListItem\",\"position\":3,\"name\":\"20DC Merikonttien valmistus MIIU6248799\"}]},{\"@type\":\"WebSite\",\"@id\":\"https:\\\/\\\/miil.dev.almic.ee\\\/#website\",\"url\":\"https:\\\/\\\/miil.dev.almic.ee\\\/\",\"name\":\"Miil O\u00dc\",\"description\":\"Konteinerveod\",\"publisher\":{\"@id\":\"https:\\\/\\\/miil.dev.almic.ee\\\/#organization\"},\"potentialAction\":[{\"@type\":\"SearchAction\",\"target\":{\"@type\":\"EntryPoint\",\"urlTemplate\":\"https:\\\/\\\/miil.dev.almic.ee\\\/?s={search_term_string}\"},\"query-input\":{\"@type\":\"PropertyValueSpecification\",\"valueRequired\":true,\"valueName\":\"search_term_string\"}}],\"inLanguage\":\"fi\"},{\"@type\":\"Organization\",\"@id\":\"https:\\\/\\\/miil.dev.almic.ee\\\/#organization\",\"name\":\"Miil O\u00dc\",\"url\":\"https:\\\/\\\/miil.dev.almic.ee\\\/\",\"logo\":{\"@type\":\"ImageObject\",\"inLanguage\":\"fi\",\"@id\":\"https:\\\/\\\/miil.dev.almic.ee\\\/#\\\/schema\\\/logo\\\/image\\\/\",\"url\":\"https:\\\/\\\/www.miil.ee\\\/wp-content\\\/uploads\\\/2022\\\/02\\\/Miil-logo.svg\",\"contentUrl\":\"https:\\\/\\\/www.miil.ee\\\/wp-content\\\/uploads\\\/2022\\\/02\\\/Miil-logo.svg\",\"width\":\"1024\",\"height\":\"1024\",\"caption\":\"Miil O\u00dc\"},\"image\":{\"@id\":\"https:\\\/\\\/miil.dev.almic.ee\\\/#\\\/schema\\\/logo\\\/image\\\/\"},\"sameAs\":[\"https:\\\/\\\/www.facebook.com\\\/konteinerveod\\\/\",\"https:\\\/\\\/www.instagram.com\\\/ou_miil\\\/\"]}]}<\/script>\n<meta property=\"product:price:amount\" content=\"24990.00\" \/>\n<meta property=\"product:price:currency\" content=\"EUR\" \/>\n<meta property=\"og:availability\" content=\"instock\" \/>\n<meta property=\"product:availability\" content=\"instock\" \/>\n<meta property=\"product:condition\" content=\"new\" \/>\n<!-- \/ Yoast SEO Premium plugin. -->","yoast_head_json":{"title":"20DC Merikonttien valmistus MIIU6248799 - Miil O\u00dc","description":"Merikonttivalmistus | Merikontti | Varastos\u00e4ili\u00f6 | Konttien muuntaminen | Konttien myynti | merikonttien vuokraus \u2b50\ufe0f\u2b50\ufe0f\u2b50\ufe0f\u2b50\ufe0f\u2b50\ufe0f","robots":{"index":"index","follow":"follow","max-snippet":"max-snippet:-1","max-image-preview":"max-image-preview:large","max-video-preview":"max-video-preview:-1"},"canonical":"https:\/\/miil.dev.almic.ee\/fi\/toode\/20dc-merikonttien-valmistus-miiu6248799\/","og_locale":"fi_FI","og_type":"article","og_title":"20DC Merikonttien valmistus MIIU6248799","og_description":"Merikonttivalmistus | Merikontti | Varastos\u00e4ili\u00f6 | Konttien muuntaminen | Konttien myynti | merikonttien vuokraus \u2b50\ufe0f\u2b50\ufe0f\u2b50\ufe0f\u2b50\ufe0f\u2b50\ufe0f","og_url":"https:\/\/miil.dev.almic.ee\/fi\/toode\/20dc-merikonttien-valmistus-miiu6248799\/","og_site_name":"Miil O\u00dc","article_publisher":"https:\/\/www.facebook.com\/konteinerveod\/","article_modified_time":"2024-11-12T11:22:02+00:00","og_image":[{"width":1900,"height":1425,"url":"https:\/\/miil.dev.almic.ee\/wp-content\/uploads\/2023\/12\/Merekonteinerite-valmistamine-2-scaled.jpg","type":"image\/jpeg"}],"twitter_card":"summary_large_image","twitter_misc":{"Hinta":"24990,00&nbsp;&euro;","Saatavuus":"Varastossa"},"schema":{"@context":"https:\/\/schema.org","@graph":[{"@type":"WebPage","@id":"https:\/\/miil.dev.almic.ee\/fi\/toode\/20dc-merikonttien-valmistus-miiu6248799\/","url":"https:\/\/miil.dev.almic.ee\/fi\/toode\/20dc-merikonttien-valmistus-miiu6248799\/","name":"20DC Merikonttien valmistus MIIU6248799 - Miil O\u00dc","isPartOf":{"@id":"https:\/\/miil.dev.almic.ee\/#website"},"primaryImageOfPage":{"@id":"https:\/\/miil.dev.almic.ee\/fi\/toode\/20dc-merikonttien-valmistus-miiu6248799\/#primaryimage"},"image":{"@id":"https:\/\/miil.dev.almic.ee\/fi\/toode\/20dc-merikonttien-valmistus-miiu6248799\/#primaryimage"},"thumbnailUrl":"https:\/\/miil.dev.almic.ee\/wp-content\/uploads\/2023\/12\/Merekonteinerite-valmistamine-2-scaled.jpg","datePublished":"2023-12-28T12:52:27+00:00","dateModified":"2024-11-12T11:22:02+00:00","description":"Merikonttivalmistus | Merikontti | Varastos\u00e4ili\u00f6 | Konttien muuntaminen | Konttien myynti | merikonttien vuokraus \u2b50\ufe0f\u2b50\ufe0f\u2b50\ufe0f\u2b50\ufe0f\u2b50\ufe0f","breadcrumb":{"@id":"https:\/\/miil.dev.almic.ee\/fi\/toode\/20dc-merikonttien-valmistus-miiu6248799\/#breadcrumb"},"inLanguage":"fi","potentialAction":[{"@type":"ReadAction","target":["https:\/\/miil.dev.almic.ee\/fi\/toode\/20dc-merikonttien-valmistus-miiu6248799\/"]}]},{"@type":"ImageObject","inLanguage":"fi","@id":"https:\/\/miil.dev.almic.ee\/fi\/toode\/20dc-merikonttien-valmistus-miiu6248799\/#primaryimage","url":"https:\/\/miil.dev.almic.ee\/wp-content\/uploads\/2023\/12\/Merekonteinerite-valmistamine-2-scaled.jpg","contentUrl":"https:\/\/miil.dev.almic.ee\/wp-content\/uploads\/2023\/12\/Merekonteinerite-valmistamine-2-scaled.jpg","width":1900,"height":1425,"caption":"Merekonteinerite valmistamine"},{"@type":"BreadcrumbList","@id":"https:\/\/miil.dev.almic.ee\/fi\/toode\/20dc-merikonttien-valmistus-miiu6248799\/#breadcrumb","itemListElement":[{"@type":"ListItem","position":1,"name":"Home","item":"https:\/\/miil.dev.almic.ee\/fi\/"},{"@type":"ListItem","position":2,"name":"Kauppa","item":"https:\/\/miil.dev.almic.ee\/fi\/kauppa\/"},{"@type":"ListItem","position":3,"name":"20DC Merikonttien valmistus MIIU6248799"}]},{"@type":"WebSite","@id":"https:\/\/miil.dev.almic.ee\/#website","url":"https:\/\/miil.dev.almic.ee\/","name":"Miil O\u00dc","description":"Konteinerveod","publisher":{"@id":"https:\/\/miil.dev.almic.ee\/#organization"},"potentialAction":[{"@type":"SearchAction","target":{"@type":"EntryPoint","urlTemplate":"https:\/\/miil.dev.almic.ee\/?s={search_term_string}"},"query-input":{"@type":"PropertyValueSpecification","valueRequired":true,"valueName":"search_term_string"}}],"inLanguage":"fi"},{"@type":"Organization","@id":"https:\/\/miil.dev.almic.ee\/#organization","name":"Miil O\u00dc","url":"https:\/\/miil.dev.almic.ee\/","logo":{"@type":"ImageObject","inLanguage":"fi","@id":"https:\/\/miil.dev.almic.ee\/#\/schema\/logo\/image\/","url":"https:\/\/www.miil.ee\/wp-content\/uploads\/2022\/02\/Miil-logo.svg","contentUrl":"https:\/\/www.miil.ee\/wp-content\/uploads\/2022\/02\/Miil-logo.svg","width":"1024","height":"1024","caption":"Miil O\u00dc"},"image":{"@id":"https:\/\/miil.dev.almic.ee\/#\/schema\/logo\/image\/"},"sameAs":["https:\/\/www.facebook.com\/konteinerveod\/","https:\/\/www.instagram.com\/ou_miil\/"]}]},"product_price_amount":"24990.00","product_price_currency":"EUR","og_availability":"instock","product_availability":"instock","product_condition":"new"},"_links":{"self":[{"href":"https:\/\/miil.dev.almic.ee\/fi\/wp-json\/wp\/v2\/product\/55448","targetHints":{"allow":["GET"]}}],"collection":[{"href":"https:\/\/miil.dev.almic.ee\/fi\/wp-json\/wp\/v2\/product"}],"about":[{"href":"https:\/\/miil.dev.almic.ee\/fi\/wp-json\/wp\/v2\/types\/product"}],"replies":[{"embeddable":true,"href":"https:\/\/miil.dev.almic.ee\/fi\/wp-json\/wp\/v2\/comments?post=55448"}],"wp:featuredmedia":[{"embeddable":true,"href":"https:\/\/miil.dev.almic.ee\/fi\/wp-json\/wp\/v2\/media\/55458"}],"wp:attachment":[{"href":"https:\/\/miil.dev.almic.ee\/fi\/wp-json\/wp\/v2\/media?parent=55448"}],"wp:term":[{"taxonomy":"product_cat","embeddable":true,"href":"https:\/\/miil.dev.almic.ee\/fi\/wp-json\/wp\/v2\/product_cat?post=55448"},{"taxonomy":"product_tag","embeddable":true,"href":"https:\/\/miil.dev.almic.ee\/fi\/wp-json\/wp\/v2\/product_tag?post=55448"}],"curies":[{"name":"wp","href":"https:\/\/api.w.org\/{rel}","templated":true}]}}