{"id":55383,"date":"2023-12-27T18:03:40","date_gmt":"2023-12-27T16:03:41","guid":{"rendered":"https:\/\/www.miil.ee\/?post_type=product&#038;p=55383"},"modified":"2025-03-07T09:04:47","modified_gmt":"2025-03-07T07:04:47","slug":"20dc-merikontti-kauppa-miiu88811546-tallinn","status":"publish","type":"product","link":"https:\/\/miil.dev.almic.ee\/fi\/toode\/20dc-merikontti-kauppa-miiu88811546-tallinn\/","title":{"rendered":"20DC Merikontti kauppa MIIU88811546 &#8211; TALLINN"},"content":{"rendered":"<h1>Merikontti kauppa<\/h1>\n<p>Merikontti kauppa ja muuntaminen erillisest\u00e4 tilauksesta.<br \/>\nVoimme tarjota erilaisia \u200b\u200bhuoneratkaisuja sek\u00e4 ikkunoiden ja ovien lukum\u00e4\u00e4r\u00e4n.<br \/>\nHinta sis\u00e4lt\u00e4en maalausty\u00f6t 6990.- +alv.<\/p>\n<p>Voimme tarjota puuvuorauksen viimeistely\u00e4, kalusteita, eristyksen lis\u00e4yksi\u00e4, AC-l\u00e4mp\u00f6pumppua ja turvalukkoja haluttaessa.<br \/>\nTakaamme laadukkaan ja sopivan ratkaisun edulliseen hintaan.<br \/>\nT\u00e4llaista konttia voidaan k\u00e4ytt\u00e4\u00e4 esimerkiksi liikkuvana myym\u00e4l\u00e4n\u00e4 tai kahvilana.<\/p>\n<p>Teemme yhteisty\u00f6t\u00e4 monien korkealaatuisia palveluita tarjoavien yritysten kanssa. Toimitamme kontteja eritt\u00e4in hyvill\u00e4 ehdoilla.<\/p>\n<h2>Merikontti kauppa ja muuntaminen vai jokin muu ratkaisu?<\/h2>\n<p>Myyntikioskiluukkujen lis\u00e4ksi pystymme rakentamaan v\u00e4liseini\u00e4, asentamaan rullaovia, lis\u00e4\u00e4m\u00e4\u00e4n eristyksi\u00e4 tai suunnittelemaan sinulle sopivan kontin mainosk\u00e4ytt\u00f6\u00f6n.<\/p>\n<p>Pystymme valmistamaan muunnettuja ISO-kuljetuskontteja, joissa on voimassa oleva CSC-kilpi ilman erillist\u00e4 sertifiointia.<br \/>\nJos kontti rakennetaan uudelleen Virossa, CSC-sertifikaatti menett\u00e4\u00e4 automaattisesti voimassaolonsa ulkomuotoa muuttamalla.<br \/>\nSill\u00e4 ei ole v\u00e4li\u00e4, k\u00e4ytet\u00e4\u00e4nk\u00f6 konttia paikallisesti vai kuljetetaanko se maateitse.<\/p>\n<p>Voimassa oleva CSC-sertifikaatti on t\u00e4rke\u00e4 merikuljetuksissa, ja my\u00f6s tarkastus vaaditaan.<br \/>\nMuunnetun s\u00e4ili\u00f6n on t\u00e4ytett\u00e4v\u00e4 erityisvaatimukset.<br \/>\nKontin uudelleensertifiointi Euroopassa maksaa viisinumeroisen summan, joka sis\u00e4lt\u00e4\u00e4 lis\u00e4kulut ja toimituskulut.<\/p>\n<h2>Kontit toimitetaan suoraan tehtaalta<\/h2>\n<p>Suuremmille l\u00e4hetyksille toimitamme merikontit suoraan tehtaalta asiakkaalle maailmanlaajuisesti.<br \/>\nVoit ostaa meilt\u00e4 kontin Virosta, Australiasta tai Espanjasta.<br \/>\nTuotevalikoimaamme kuuluvat standardikonttien lis\u00e4ksi ISO-s\u00e4ili\u00f6kontit, j\u00e4\u00e4kaappikontit, multilift-runkokontit, s\u00e4ilytyskontit, ty\u00f6kalukontit ja paljon muuta.<\/p>\n<ul>\n<li>Kuljetuskonttien muuntaminen<\/li>\n<li>Kuljetuskonttien maalaus<\/li>\n<li>Kuljetuskonttien korjaukset<\/li>\n<li>Kuljetuskonttien talteenotto<\/li>\n<li>Kuljetuskonttien valmistus<\/li>\n<li>Kuljetuskonttien eristys<\/li>\n<\/ul>\n<h2>Miksi k\u00e4\u00e4nty\u00e4 konttiratkaisujen puoleen?<\/h2>\n<p>Kuljetuskontteja muutettaessa laatu on aina t\u00e4rke\u00e4, laadukkaan tuotteen lis\u00e4ksi meill\u00e4 on eritt\u00e4in pitk\u00e4 ja luottamuksen arvoinen historia, joka takaa asiakkaalle, ett\u00e4 tuote saapuu luvatusti, sovittuna aikana ja oikeaan aikaan paikka.<br \/>\nToimipisteemme sijaitsevat kaikkialla Virossa.<\/p>\n<p>Suurimman valikoiman p\u00e4\u00e4konttori sijaitsee Tallinnan vieress\u00e4 osoitteessa Valtsi 1, Lagedi. Muita pienempi\u00e4 terminaaleja eri puolilla Viroa.<br \/>\nMerikonttien muuntamisen lis\u00e4ksi meilt\u00e4 l\u00f6yd\u00e4t toimistom\u00f6kit, portaat, merikontit, aidat ja paljon muuta.<br \/>\nHinnat kuvineen l\u00f6yd\u00e4t verkkokaupastamme ja lis\u00e4tietoa nettisivuiltamme.<\/p>\n<p>K\u00e4yt\u00e4mme kuljetukseen\u00a0<a href=\"https:\/\/www.miil.ee\/fi\/palvelut\/nosturi\/\">nosturia<\/a>\u00a0tai\u00a0<a href=\"https:\/\/www.miil.ee\/fi\/palvelut\/sideloader\/\">sideloader<\/a><br \/>\nmonimutkaisempi kuljetus on mahdollista\u00a0<a href=\"https:\/\/www.miil.ee\/fi\/palvelut\/ram-kippauslaite\/\">RAM per\u00e4vaunulla<\/a>.<\/p>\n<p>Seuraa meit\u00e4\u00a0<a href=\"https:\/\/www.facebook.com\/konteinerveod\/\">Facebook<\/a>\u00a0tai\u00a0<a href=\"https:\/\/www.instagram.com\/ou_miil\/\">Instagram<\/a><\/p>\n","protected":false},"excerpt":{"rendered":"<p>Tarjoamme merikonttien muuntamista liikkuviksi kaupoiksi, kahviloiksi tai mainostiloiksi, sis\u00e4lt\u00e4en r\u00e4\u00e4t\u00e4l\u00f6ityj\u00e4 ratkaisuja, kuten eristyksi\u00e4 ja turvalukkoja, alkaen 6990 \u20ac + alv. Toimitamme kontteja suoraan tehtaalta ja tarjoamme laajan valikoiman ratkaisuja, kuten maalausta, korjauksia, ja eristyst\u00e4, kaikilla Virossa olevilla toimipisteill\u00e4mme.<\/p>\n","protected":false},"featured_media":62797,"comment_status":"closed","ping_status":"closed","template":"","meta":{"_acf_changed":false},"product_cat":[355,455,347],"product_tag":[],"class_list":{"0":"post-55383","1":"product","2":"type-product","3":"status-publish","4":"has-post-thumbnail","6":"product_cat-uudet-kontit","7":"product_cat-20-dc-vakio-fi","8":"product_cat-tekniikka","10":"first","11":"instock","12":"shipping-taxable","13":"purchasable","14":"product-type-simple"},"acf":[],"yoast_head":"<!-- This site is optimized with the Yoast SEO Premium plugin v23.9 (Yoast SEO v27.5) - https:\/\/yoast.com\/product\/yoast-seo-premium-wordpress\/ -->\n<title>Merikontti kauppa - Miil O\u00dc<\/title>\n<meta name=\"description\" content=\"Merikontti kauppa | Toimituskonttimyym\u00e4l\u00e4 | kuljetuskonttikioski | Varastos\u00e4ili\u00f6 | Konttien muuntaminen | Konttien myynti | kontin vuokraus |\" \/>\n<meta name=\"robots\" content=\"index, follow, max-snippet:-1, max-image-preview:large, max-video-preview:-1\" \/>\n<link rel=\"canonical\" href=\"https:\/\/miil.dev.almic.ee\/fi\/toode\/20dc-merikontti-kauppa-miiu88811546-tallinn\/\" \/>\n<meta property=\"og:locale\" content=\"fi_FI\" \/>\n<meta property=\"og:type\" content=\"article\" \/>\n<meta property=\"og:title\" content=\"20DC Merikontti kauppa MIIU88811546 - TALLINN\" \/>\n<meta property=\"og:description\" content=\"Merikontti kauppa | Toimituskonttimyym\u00e4l\u00e4 | kuljetuskonttikioski | Varastos\u00e4ili\u00f6 | Konttien muuntaminen | Konttien myynti | kontin vuokraus |\" \/>\n<meta property=\"og:url\" content=\"https:\/\/miil.dev.almic.ee\/fi\/toode\/20dc-merikontti-kauppa-miiu88811546-tallinn\/\" \/>\n<meta property=\"og:site_name\" content=\"Miil O\u00dc\" \/>\n<meta property=\"article:publisher\" content=\"https:\/\/www.facebook.com\/konteinerveod\/\" \/>\n<meta property=\"article:modified_time\" content=\"2025-03-07T07:04:47+00:00\" \/>\n<meta property=\"og:image\" content=\"https:\/\/miil.dev.almic.ee\/wp-content\/uploads\/2023\/12\/Merekonteiner-kiosk-muugikiosk-muugipunkt-6-scaled.jpg\" \/>\n\t<meta property=\"og:image:width\" content=\"1900\" \/>\n\t<meta property=\"og:image:height\" content=\"1425\" \/>\n\t<meta property=\"og:image:type\" content=\"image\/jpeg\" \/>\n<meta name=\"twitter:card\" content=\"summary_large_image\" \/>\n<meta name=\"twitter:label1\" content=\"Hinta\" \/>\n\t<meta name=\"twitter:data1\" content=\"6990,00&nbsp;&euro;\" \/>\n\t<meta name=\"twitter:label2\" content=\"Saatavuus\" \/>\n\t<meta name=\"twitter:data2\" content=\"Varastossa\" \/>\n<script type=\"application\/ld+json\" class=\"yoast-schema-graph\">{\"@context\":\"https:\\\/\\\/schema.org\",\"@graph\":[{\"@type\":\"WebPage\",\"@id\":\"https:\\\/\\\/miil.dev.almic.ee\\\/fi\\\/toode\\\/20dc-merikontti-kauppa-miiu88811546-tallinn\\\/\",\"url\":\"https:\\\/\\\/miil.dev.almic.ee\\\/fi\\\/toode\\\/20dc-merikontti-kauppa-miiu88811546-tallinn\\\/\",\"name\":\"Merikontti kauppa - Miil O\u00dc\",\"isPartOf\":{\"@id\":\"https:\\\/\\\/miil.dev.almic.ee\\\/#website\"},\"primaryImageOfPage\":{\"@id\":\"https:\\\/\\\/miil.dev.almic.ee\\\/fi\\\/toode\\\/20dc-merikontti-kauppa-miiu88811546-tallinn\\\/#primaryimage\"},\"image\":{\"@id\":\"https:\\\/\\\/miil.dev.almic.ee\\\/fi\\\/toode\\\/20dc-merikontti-kauppa-miiu88811546-tallinn\\\/#primaryimage\"},\"thumbnailUrl\":\"https:\\\/\\\/miil.dev.almic.ee\\\/wp-content\\\/uploads\\\/2023\\\/12\\\/Merekonteiner-kiosk-muugikiosk-muugipunkt-6-scaled.jpg\",\"datePublished\":\"2023-12-27T16:03:41+00:00\",\"dateModified\":\"2025-03-07T07:04:47+00:00\",\"description\":\"Merikontti kauppa | Toimituskonttimyym\u00e4l\u00e4 | kuljetuskonttikioski | Varastos\u00e4ili\u00f6 | Konttien muuntaminen | Konttien myynti | kontin vuokraus |\",\"breadcrumb\":{\"@id\":\"https:\\\/\\\/miil.dev.almic.ee\\\/fi\\\/toode\\\/20dc-merikontti-kauppa-miiu88811546-tallinn\\\/#breadcrumb\"},\"inLanguage\":\"fi\",\"potentialAction\":[{\"@type\":\"ReadAction\",\"target\":[\"https:\\\/\\\/miil.dev.almic.ee\\\/fi\\\/toode\\\/20dc-merikontti-kauppa-miiu88811546-tallinn\\\/\"]}]},{\"@type\":\"ImageObject\",\"inLanguage\":\"fi\",\"@id\":\"https:\\\/\\\/miil.dev.almic.ee\\\/fi\\\/toode\\\/20dc-merikontti-kauppa-miiu88811546-tallinn\\\/#primaryimage\",\"url\":\"https:\\\/\\\/miil.dev.almic.ee\\\/wp-content\\\/uploads\\\/2023\\\/12\\\/Merekonteiner-kiosk-muugikiosk-muugipunkt-6-scaled.jpg\",\"contentUrl\":\"https:\\\/\\\/miil.dev.almic.ee\\\/wp-content\\\/uploads\\\/2023\\\/12\\\/Merekonteiner-kiosk-muugikiosk-muugipunkt-6-scaled.jpg\",\"width\":1900,\"height\":1425},{\"@type\":\"BreadcrumbList\",\"@id\":\"https:\\\/\\\/miil.dev.almic.ee\\\/fi\\\/toode\\\/20dc-merikontti-kauppa-miiu88811546-tallinn\\\/#breadcrumb\",\"itemListElement\":[{\"@type\":\"ListItem\",\"position\":1,\"name\":\"Home\",\"item\":\"https:\\\/\\\/miil.dev.almic.ee\\\/fi\\\/\"},{\"@type\":\"ListItem\",\"position\":2,\"name\":\"Kauppa\",\"item\":\"https:\\\/\\\/miil.dev.almic.ee\\\/fi\\\/kauppa\\\/\"},{\"@type\":\"ListItem\",\"position\":3,\"name\":\"20DC Merikontti kauppa MIIU88811546 &#8211; TALLINN\"}]},{\"@type\":\"WebSite\",\"@id\":\"https:\\\/\\\/miil.dev.almic.ee\\\/#website\",\"url\":\"https:\\\/\\\/miil.dev.almic.ee\\\/\",\"name\":\"Miil O\u00dc\",\"description\":\"Konteinerveod\",\"publisher\":{\"@id\":\"https:\\\/\\\/miil.dev.almic.ee\\\/#organization\"},\"potentialAction\":[{\"@type\":\"SearchAction\",\"target\":{\"@type\":\"EntryPoint\",\"urlTemplate\":\"https:\\\/\\\/miil.dev.almic.ee\\\/?s={search_term_string}\"},\"query-input\":{\"@type\":\"PropertyValueSpecification\",\"valueRequired\":true,\"valueName\":\"search_term_string\"}}],\"inLanguage\":\"fi\"},{\"@type\":\"Organization\",\"@id\":\"https:\\\/\\\/miil.dev.almic.ee\\\/#organization\",\"name\":\"Miil O\u00dc\",\"url\":\"https:\\\/\\\/miil.dev.almic.ee\\\/\",\"logo\":{\"@type\":\"ImageObject\",\"inLanguage\":\"fi\",\"@id\":\"https:\\\/\\\/miil.dev.almic.ee\\\/#\\\/schema\\\/logo\\\/image\\\/\",\"url\":\"https:\\\/\\\/www.miil.ee\\\/wp-content\\\/uploads\\\/2022\\\/02\\\/Miil-logo.svg\",\"contentUrl\":\"https:\\\/\\\/www.miil.ee\\\/wp-content\\\/uploads\\\/2022\\\/02\\\/Miil-logo.svg\",\"width\":\"1024\",\"height\":\"1024\",\"caption\":\"Miil O\u00dc\"},\"image\":{\"@id\":\"https:\\\/\\\/miil.dev.almic.ee\\\/#\\\/schema\\\/logo\\\/image\\\/\"},\"sameAs\":[\"https:\\\/\\\/www.facebook.com\\\/konteinerveod\\\/\",\"https:\\\/\\\/www.instagram.com\\\/ou_miil\\\/\"]}]}<\/script>\n<meta property=\"product:price:amount\" content=\"6990.00\" \/>\n<meta property=\"product:price:currency\" content=\"EUR\" \/>\n<meta property=\"og:availability\" content=\"instock\" \/>\n<meta property=\"product:availability\" content=\"instock\" \/>\n<meta property=\"product:retailer_item_id\" content=\"MIIU88811546\" \/>\n<meta property=\"product:condition\" content=\"new\" \/>\n<!-- \/ Yoast SEO Premium plugin. -->","yoast_head_json":{"title":"Merikontti kauppa - Miil O\u00dc","description":"Merikontti kauppa | Toimituskonttimyym\u00e4l\u00e4 | kuljetuskonttikioski | Varastos\u00e4ili\u00f6 | Konttien muuntaminen | Konttien myynti | kontin vuokraus |","robots":{"index":"index","follow":"follow","max-snippet":"max-snippet:-1","max-image-preview":"max-image-preview:large","max-video-preview":"max-video-preview:-1"},"canonical":"https:\/\/miil.dev.almic.ee\/fi\/toode\/20dc-merikontti-kauppa-miiu88811546-tallinn\/","og_locale":"fi_FI","og_type":"article","og_title":"20DC Merikontti kauppa MIIU88811546 - TALLINN","og_description":"Merikontti kauppa | Toimituskonttimyym\u00e4l\u00e4 | kuljetuskonttikioski | Varastos\u00e4ili\u00f6 | Konttien muuntaminen | Konttien myynti | kontin vuokraus |","og_url":"https:\/\/miil.dev.almic.ee\/fi\/toode\/20dc-merikontti-kauppa-miiu88811546-tallinn\/","og_site_name":"Miil O\u00dc","article_publisher":"https:\/\/www.facebook.com\/konteinerveod\/","article_modified_time":"2025-03-07T07:04:47+00:00","og_image":[{"width":1900,"height":1425,"url":"https:\/\/miil.dev.almic.ee\/wp-content\/uploads\/2023\/12\/Merekonteiner-kiosk-muugikiosk-muugipunkt-6-scaled.jpg","type":"image\/jpeg"}],"twitter_card":"summary_large_image","twitter_misc":{"Hinta":"6990,00&nbsp;&euro;","Saatavuus":"Varastossa"},"schema":{"@context":"https:\/\/schema.org","@graph":[{"@type":"WebPage","@id":"https:\/\/miil.dev.almic.ee\/fi\/toode\/20dc-merikontti-kauppa-miiu88811546-tallinn\/","url":"https:\/\/miil.dev.almic.ee\/fi\/toode\/20dc-merikontti-kauppa-miiu88811546-tallinn\/","name":"Merikontti kauppa - Miil O\u00dc","isPartOf":{"@id":"https:\/\/miil.dev.almic.ee\/#website"},"primaryImageOfPage":{"@id":"https:\/\/miil.dev.almic.ee\/fi\/toode\/20dc-merikontti-kauppa-miiu88811546-tallinn\/#primaryimage"},"image":{"@id":"https:\/\/miil.dev.almic.ee\/fi\/toode\/20dc-merikontti-kauppa-miiu88811546-tallinn\/#primaryimage"},"thumbnailUrl":"https:\/\/miil.dev.almic.ee\/wp-content\/uploads\/2023\/12\/Merekonteiner-kiosk-muugikiosk-muugipunkt-6-scaled.jpg","datePublished":"2023-12-27T16:03:41+00:00","dateModified":"2025-03-07T07:04:47+00:00","description":"Merikontti kauppa | Toimituskonttimyym\u00e4l\u00e4 | kuljetuskonttikioski | Varastos\u00e4ili\u00f6 | Konttien muuntaminen | Konttien myynti | kontin vuokraus |","breadcrumb":{"@id":"https:\/\/miil.dev.almic.ee\/fi\/toode\/20dc-merikontti-kauppa-miiu88811546-tallinn\/#breadcrumb"},"inLanguage":"fi","potentialAction":[{"@type":"ReadAction","target":["https:\/\/miil.dev.almic.ee\/fi\/toode\/20dc-merikontti-kauppa-miiu88811546-tallinn\/"]}]},{"@type":"ImageObject","inLanguage":"fi","@id":"https:\/\/miil.dev.almic.ee\/fi\/toode\/20dc-merikontti-kauppa-miiu88811546-tallinn\/#primaryimage","url":"https:\/\/miil.dev.almic.ee\/wp-content\/uploads\/2023\/12\/Merekonteiner-kiosk-muugikiosk-muugipunkt-6-scaled.jpg","contentUrl":"https:\/\/miil.dev.almic.ee\/wp-content\/uploads\/2023\/12\/Merekonteiner-kiosk-muugikiosk-muugipunkt-6-scaled.jpg","width":1900,"height":1425},{"@type":"BreadcrumbList","@id":"https:\/\/miil.dev.almic.ee\/fi\/toode\/20dc-merikontti-kauppa-miiu88811546-tallinn\/#breadcrumb","itemListElement":[{"@type":"ListItem","position":1,"name":"Home","item":"https:\/\/miil.dev.almic.ee\/fi\/"},{"@type":"ListItem","position":2,"name":"Kauppa","item":"https:\/\/miil.dev.almic.ee\/fi\/kauppa\/"},{"@type":"ListItem","position":3,"name":"20DC Merikontti kauppa MIIU88811546 &#8211; TALLINN"}]},{"@type":"WebSite","@id":"https:\/\/miil.dev.almic.ee\/#website","url":"https:\/\/miil.dev.almic.ee\/","name":"Miil O\u00dc","description":"Konteinerveod","publisher":{"@id":"https:\/\/miil.dev.almic.ee\/#organization"},"potentialAction":[{"@type":"SearchAction","target":{"@type":"EntryPoint","urlTemplate":"https:\/\/miil.dev.almic.ee\/?s={search_term_string}"},"query-input":{"@type":"PropertyValueSpecification","valueRequired":true,"valueName":"search_term_string"}}],"inLanguage":"fi"},{"@type":"Organization","@id":"https:\/\/miil.dev.almic.ee\/#organization","name":"Miil O\u00dc","url":"https:\/\/miil.dev.almic.ee\/","logo":{"@type":"ImageObject","inLanguage":"fi","@id":"https:\/\/miil.dev.almic.ee\/#\/schema\/logo\/image\/","url":"https:\/\/www.miil.ee\/wp-content\/uploads\/2022\/02\/Miil-logo.svg","contentUrl":"https:\/\/www.miil.ee\/wp-content\/uploads\/2022\/02\/Miil-logo.svg","width":"1024","height":"1024","caption":"Miil O\u00dc"},"image":{"@id":"https:\/\/miil.dev.almic.ee\/#\/schema\/logo\/image\/"},"sameAs":["https:\/\/www.facebook.com\/konteinerveod\/","https:\/\/www.instagram.com\/ou_miil\/"]}]},"product_price_amount":"6990.00","product_price_currency":"EUR","og_availability":"instock","product_availability":"instock","product_retailer_item_id":"MIIU88811546","product_condition":"new"},"_links":{"self":[{"href":"https:\/\/miil.dev.almic.ee\/fi\/wp-json\/wp\/v2\/product\/55383","targetHints":{"allow":["GET"]}}],"collection":[{"href":"https:\/\/miil.dev.almic.ee\/fi\/wp-json\/wp\/v2\/product"}],"about":[{"href":"https:\/\/miil.dev.almic.ee\/fi\/wp-json\/wp\/v2\/types\/product"}],"replies":[{"embeddable":true,"href":"https:\/\/miil.dev.almic.ee\/fi\/wp-json\/wp\/v2\/comments?post=55383"}],"wp:featuredmedia":[{"embeddable":true,"href":"https:\/\/miil.dev.almic.ee\/fi\/wp-json\/wp\/v2\/media\/62797"}],"wp:attachment":[{"href":"https:\/\/miil.dev.almic.ee\/fi\/wp-json\/wp\/v2\/media?parent=55383"}],"wp:term":[{"taxonomy":"product_cat","embeddable":true,"href":"https:\/\/miil.dev.almic.ee\/fi\/wp-json\/wp\/v2\/product_cat?post=55383"},{"taxonomy":"product_tag","embeddable":true,"href":"https:\/\/miil.dev.almic.ee\/fi\/wp-json\/wp\/v2\/product_tag?post=55383"}],"curies":[{"name":"wp","href":"https:\/\/api.w.org\/{rel}","templated":true}]}}