{"id":54915,"date":"2023-12-13T18:21:15","date_gmt":"2023-12-13T16:21:15","guid":{"rendered":"https:\/\/www.miil.ee\/?post_type=product&#038;p=54915"},"modified":"2024-10-31T15:45:10","modified_gmt":"2024-10-31T13:45:10","slug":"40hc-merikontti-miiu1995886","status":"publish","type":"product","link":"https:\/\/miil.dev.almic.ee\/fi\/toode\/40hc-merikontti-miiu1995886\/","title":{"rendered":"40HC Merikontin pohjan eristys MIIU1995886"},"content":{"rendered":"<h1>Merikontin pohjan eristys<\/h1>\n<p>Merikontin pohjan eristys villalla.<br \/>\nVoimme tarjota merikonttien eristyksen asiakkaan toiveiden mukaan.<br \/>\nMerikontit on yleens\u00e4 eristetty sis\u00e4lt\u00e4 umpihuokoisella PU-vaahdolla.<br \/>\nMerikontin pohja on eristetty ulkopuolelta jalkojen v\u00e4list\u00e4, t\u00e4t\u00e4 varten k\u00e4\u00e4nn\u00e4mme merikontin kyljelleen.<br \/>\nKuvassa villalla eristetty merikontti asiakkaan erikoistilauksesta. Suosittelemme aina erist\u00e4m\u00e4\u00e4n merikontin pohjan sen sijaan PU-vaahdolla.<br \/>\nT\u00e4ss\u00e4 nimenomaisessa tapauksessa merikontti menee sis\u00e4tiloihin ja villaeristys sopi paremmin tietyist\u00e4 syist\u00e4.<br \/>\nEristettyj\u00e4 merikontteja k\u00e4ytet\u00e4\u00e4n minitalon urakoinnissa sek\u00e4 teollisissa ratkaisuissa.<br \/>\nOn eritt\u00e4in suosittua erist\u00e4\u00e4 merikontti akkujen s\u00e4ilytyst\u00e4 tai lataamista varten.<br \/>\nMerikontin pohja on eritt\u00e4in vahva ja merikontti materiaaliltaan melko tulenkest\u00e4v\u00e4.<br \/>\nTeemme yhteisty\u00f6t\u00e4 laadukkaita merikonttivarastoja tarjoavien yritysten kanssa, he saavat meilt\u00e4 merikonttinsa eritt\u00e4in hyvill\u00e4 ehdoilla.<\/p>\n<h2>Merikontin pohjan erist\u00e4minen viimeistelyratkaisuilla<\/h2>\n<p>Villan alle asennetaan levy, joka pit\u00e4\u00e4 jyrsij\u00e4t loitolla ja kiinnitt\u00e4\u00e4 eristeen paikoilleen.<br \/>\nEristyksen lis\u00e4ksi rakennamme tarvittaessa v\u00e4lisein\u00e4t, asennamme rullaovet, hitsaamme tai suunnittelemme sinulle sopivan mainoss\u00e4ili\u00f6n.<br \/>\nMeill\u00e4 on mahdollisuus valmistaa muunnettuja ISO-merikontteja voimassa olevalla CSC-kilvell\u00e4 ilman erillist\u00e4 sertifiointia.<br \/>\nMik\u00e4li merikontti rakennetaan uudelleen Virossa, CSC-sertifikaatti menett\u00e4\u00e4 automaattisesti voimassaolonsa ulkomuodon muutoksen my\u00f6t\u00e4.<br \/>\nEi ole v\u00e4li\u00e4, k\u00e4ytet\u00e4\u00e4nk\u00f6 merikonttia paikallisesti vai kuljetetaanko se maateitse.<br \/>\nVoimassa oleva CSC-sertifikaatti on t\u00e4rke\u00e4 merikuljetuksissa, ja my\u00f6s tarkastus vaaditaan.<br \/>\nMerikuljetuksissa muunnetun merikontin on t\u00e4ytett\u00e4v\u00e4 erityisvaatimukset.<br \/>\nMerikontin uudelleensertifiointi Euroopassa maksaa viisinumeroisen summan, joka sis\u00e4lt\u00e4\u00e4 lis\u00e4kulut ja toimituskulut.<\/p>\n<h2>Merikontit suoraan tehtaalta<\/h2>\n<p>Suuremmille l\u00e4hetyksille toimitamme merikontit suoraan tehtaalta asiakkaalle maailmanlaajuisesti.<br \/>\nMeilt\u00e4 voit ostaa merikontin Virosta, Australiasta tai Espanjasta.<br \/>\nTuotevalikoimaamme kuuluvat standardikonttien lis\u00e4ksi ISO-s\u00e4ili\u00f6kontit, j\u00e4\u00e4kaappikontit, multilift-runkokontit, s\u00e4ilytyskontit, ty\u00f6kalukontit ja paljon muuta.<\/p>\n<h2>Miksi hakea konttiratkaisuja meille?<\/h2>\n<p>Merikonttien osalta laatu on aina t\u00e4rke\u00e4\u00e4, laadukkaan tuotteen lis\u00e4ksi meill\u00e4 on eritt\u00e4in pitk\u00e4 ja luottamuksen arvoinen historia, joka takaa asiakkaalle tuotteen saapuvan moitteettomassa kunnossa, sovittuna aikana ja sovittuna aikana. sovittu paikka.<br \/>\nToimipisteemme sijaitsevat kaikkialla Virossa.<br \/>\nSuurimman valikoiman p\u00e4\u00e4konttori sijaitsee Tallinnan vieress\u00e4 osoitteessa Valtsi 1, Lagedi ja pienempi\u00e4 terminaaleja eri puolilla Viroa.<br \/>\nMerikonttien muuntamisen lis\u00e4ksi l\u00f6yd\u00e4t toimistom\u00f6kit, portaat, merikontit, aidat ja paljon muuta.<br \/>\nHinnat kuvineen l\u00f6ytyv\u00e4t verkkokaupasta ja lis\u00e4tietoa nettisivuiltamme.<\/p>\n<p>Merikonttien eristys<br \/>\nMerikonttien viimeistely<br \/>\nMerikonttien muuntaminen<br \/>\nMerikonttien myynti<br \/>\nM\u00f6kkien myynti<\/p>\n<p>K\u00e4yt\u00e4mme kuljetukseen\u00a0<a href=\"https:\/\/www.miil.ee\/fi\/palvelut\/nosturi\/\">nosturia<\/a>\u00a0tai\u00a0<a href=\"https:\/\/www.miil.ee\/fi\/palvelut\/sideloader\/\">sideloader<\/a><br \/>\nmonimutkaisempi kuljetus on mahdollista\u00a0<a href=\"https:\/\/www.miil.ee\/fi\/palvelut\/ram-kippauslaite\/\">RAM per\u00e4vaunulla<\/a>.<\/p>\n<p>Seuraa meit\u00e4\u00a0<a href=\"https:\/\/www.facebook.com\/konteinerveod\/\">Facebook<\/a>\u00a0tai\u00a0<a href=\"https:\/\/www.instagram.com\/ou_miil\/\">Instagram<\/a><\/p>\n","protected":false},"excerpt":{"rendered":"<p>Merikontin pohjan eristys Merikontin pohjan eristys villalla. Voimme tarjota merikonttien eristyksen asiakkaan toiveiden mukaan. Merikontit on yleens\u00e4 eristetty sis\u00e4lt\u00e4 umpihuokoisella PU-vaahdolla. Merikontin pohja on eristetty ulkopuolelta jalkojen v\u00e4list\u00e4, t\u00e4t\u00e4 varten k\u00e4\u00e4nn\u00e4mme merikontin kyljelleen. Kuvassa villalla eristetty merikontti asiakkaan erikoistilauksesta. Suosittelemme aina erist\u00e4m\u00e4\u00e4n merikontin pohjan sen sijaan PU-vaahdolla. T\u00e4ss\u00e4 nimenomaisessa tapauksessa merikontti menee sis\u00e4tiloihin ja villaeristys&#8230;<\/p>\n","protected":false},"featured_media":54920,"comment_status":"closed","ping_status":"closed","template":"","meta":{"_acf_changed":false},"product_cat":[347],"product_tag":[],"class_list":{"0":"post-54915","1":"product","2":"type-product","3":"status-publish","4":"has-post-thumbnail","6":"product_cat-tekniikka","8":"first","9":"instock","10":"sale","11":"shipping-taxable","12":"purchasable","13":"product-type-simple"},"acf":[],"yoast_head":"<!-- This site is optimized with the Yoast SEO Premium plugin v23.9 (Yoast SEO v27.5) - https:\/\/yoast.com\/product\/yoast-seo-premium-wordpress\/ -->\n<title>40HC Merikontin pohjan eristys MIIU1995886 - Miil O\u00dc<\/title>\n<meta name=\"description\" content=\"Merikontin pohjan eristys | Laivojen konttien eristys | PUR-vaahto | kuljetuskontti | Konttien muuntaminen | Konttien myynti |\" \/>\n<meta name=\"robots\" content=\"index, follow, max-snippet:-1, max-image-preview:large, max-video-preview:-1\" \/>\n<link rel=\"canonical\" href=\"https:\/\/miil.dev.almic.ee\/fi\/toode\/40hc-merikontti-miiu1995886\/\" \/>\n<meta property=\"og:locale\" content=\"fi_FI\" \/>\n<meta property=\"og:type\" content=\"article\" \/>\n<meta property=\"og:title\" content=\"40HC Merikontin pohjan eristys MIIU1995886\" \/>\n<meta property=\"og:description\" content=\"Merikontin pohjan eristys | Laivojen konttien eristys | PUR-vaahto | kuljetuskontti | Konttien muuntaminen | Konttien myynti |\" \/>\n<meta property=\"og:url\" content=\"https:\/\/miil.dev.almic.ee\/fi\/toode\/40hc-merikontti-miiu1995886\/\" \/>\n<meta property=\"og:site_name\" content=\"Miil O\u00dc\" \/>\n<meta property=\"article:publisher\" content=\"https:\/\/www.facebook.com\/konteinerveod\/\" \/>\n<meta property=\"article:modified_time\" content=\"2024-10-31T13:45:10+00:00\" \/>\n<meta property=\"og:image\" content=\"https:\/\/miil.dev.almic.ee\/wp-content\/uploads\/2023\/12\/Pohja-soojustamine-villaga-2-scaled.jpg\" \/>\n\t<meta property=\"og:image:width\" content=\"1900\" \/>\n\t<meta property=\"og:image:height\" content=\"1425\" \/>\n\t<meta property=\"og:image:type\" content=\"image\/jpeg\" \/>\n<meta name=\"twitter:card\" content=\"summary_large_image\" \/>\n<meta name=\"twitter:label1\" content=\"Hinta\" \/>\n\t<meta name=\"twitter:data1\" content=\"2500,00&nbsp;&euro;\" \/>\n\t<meta name=\"twitter:label2\" content=\"Saatavuus\" \/>\n\t<meta name=\"twitter:data2\" content=\"Varastossa\" \/>\n<script type=\"application\/ld+json\" class=\"yoast-schema-graph\">{\"@context\":\"https:\\\/\\\/schema.org\",\"@graph\":[{\"@type\":\"WebPage\",\"@id\":\"https:\\\/\\\/miil.dev.almic.ee\\\/fi\\\/toode\\\/40hc-merikontti-miiu1995886\\\/\",\"url\":\"https:\\\/\\\/miil.dev.almic.ee\\\/fi\\\/toode\\\/40hc-merikontti-miiu1995886\\\/\",\"name\":\"40HC Merikontin pohjan eristys MIIU1995886 - Miil O\u00dc\",\"isPartOf\":{\"@id\":\"https:\\\/\\\/miil.dev.almic.ee\\\/#website\"},\"primaryImageOfPage\":{\"@id\":\"https:\\\/\\\/miil.dev.almic.ee\\\/fi\\\/toode\\\/40hc-merikontti-miiu1995886\\\/#primaryimage\"},\"image\":{\"@id\":\"https:\\\/\\\/miil.dev.almic.ee\\\/fi\\\/toode\\\/40hc-merikontti-miiu1995886\\\/#primaryimage\"},\"thumbnailUrl\":\"https:\\\/\\\/miil.dev.almic.ee\\\/wp-content\\\/uploads\\\/2023\\\/12\\\/Pohja-soojustamine-villaga-2-scaled.jpg\",\"datePublished\":\"2023-12-13T16:21:15+00:00\",\"dateModified\":\"2024-10-31T13:45:10+00:00\",\"description\":\"Merikontin pohjan eristys | Laivojen konttien eristys | PUR-vaahto | kuljetuskontti | Konttien muuntaminen | Konttien myynti |\",\"breadcrumb\":{\"@id\":\"https:\\\/\\\/miil.dev.almic.ee\\\/fi\\\/toode\\\/40hc-merikontti-miiu1995886\\\/#breadcrumb\"},\"inLanguage\":\"fi\",\"potentialAction\":[{\"@type\":\"ReadAction\",\"target\":[\"https:\\\/\\\/miil.dev.almic.ee\\\/fi\\\/toode\\\/40hc-merikontti-miiu1995886\\\/\"]}]},{\"@type\":\"ImageObject\",\"inLanguage\":\"fi\",\"@id\":\"https:\\\/\\\/miil.dev.almic.ee\\\/fi\\\/toode\\\/40hc-merikontti-miiu1995886\\\/#primaryimage\",\"url\":\"https:\\\/\\\/miil.dev.almic.ee\\\/wp-content\\\/uploads\\\/2023\\\/12\\\/Pohja-soojustamine-villaga-2-scaled.jpg\",\"contentUrl\":\"https:\\\/\\\/miil.dev.almic.ee\\\/wp-content\\\/uploads\\\/2023\\\/12\\\/Pohja-soojustamine-villaga-2-scaled.jpg\",\"width\":1900,\"height\":1425,\"caption\":\"Merekonteineri p\u00f5hja soojustamine\"},{\"@type\":\"BreadcrumbList\",\"@id\":\"https:\\\/\\\/miil.dev.almic.ee\\\/fi\\\/toode\\\/40hc-merikontti-miiu1995886\\\/#breadcrumb\",\"itemListElement\":[{\"@type\":\"ListItem\",\"position\":1,\"name\":\"Home\",\"item\":\"https:\\\/\\\/miil.dev.almic.ee\\\/fi\\\/\"},{\"@type\":\"ListItem\",\"position\":2,\"name\":\"Kauppa\",\"item\":\"https:\\\/\\\/miil.dev.almic.ee\\\/fi\\\/kauppa\\\/\"},{\"@type\":\"ListItem\",\"position\":3,\"name\":\"40HC Merikontin pohjan eristys MIIU1995886\"}]},{\"@type\":\"WebSite\",\"@id\":\"https:\\\/\\\/miil.dev.almic.ee\\\/#website\",\"url\":\"https:\\\/\\\/miil.dev.almic.ee\\\/\",\"name\":\"Miil O\u00dc\",\"description\":\"Konteinerveod\",\"publisher\":{\"@id\":\"https:\\\/\\\/miil.dev.almic.ee\\\/#organization\"},\"potentialAction\":[{\"@type\":\"SearchAction\",\"target\":{\"@type\":\"EntryPoint\",\"urlTemplate\":\"https:\\\/\\\/miil.dev.almic.ee\\\/?s={search_term_string}\"},\"query-input\":{\"@type\":\"PropertyValueSpecification\",\"valueRequired\":true,\"valueName\":\"search_term_string\"}}],\"inLanguage\":\"fi\"},{\"@type\":\"Organization\",\"@id\":\"https:\\\/\\\/miil.dev.almic.ee\\\/#organization\",\"name\":\"Miil O\u00dc\",\"url\":\"https:\\\/\\\/miil.dev.almic.ee\\\/\",\"logo\":{\"@type\":\"ImageObject\",\"inLanguage\":\"fi\",\"@id\":\"https:\\\/\\\/miil.dev.almic.ee\\\/#\\\/schema\\\/logo\\\/image\\\/\",\"url\":\"https:\\\/\\\/www.miil.ee\\\/wp-content\\\/uploads\\\/2022\\\/02\\\/Miil-logo.svg\",\"contentUrl\":\"https:\\\/\\\/www.miil.ee\\\/wp-content\\\/uploads\\\/2022\\\/02\\\/Miil-logo.svg\",\"width\":\"1024\",\"height\":\"1024\",\"caption\":\"Miil O\u00dc\"},\"image\":{\"@id\":\"https:\\\/\\\/miil.dev.almic.ee\\\/#\\\/schema\\\/logo\\\/image\\\/\"},\"sameAs\":[\"https:\\\/\\\/www.facebook.com\\\/konteinerveod\\\/\",\"https:\\\/\\\/www.instagram.com\\\/ou_miil\\\/\"]}]}<\/script>\n<meta property=\"product:price:amount\" content=\"2500.00\" \/>\n<meta property=\"product:price:currency\" content=\"EUR\" \/>\n<meta property=\"og:availability\" content=\"instock\" \/>\n<meta property=\"product:availability\" content=\"instock\" \/>\n<meta property=\"product:condition\" content=\"new\" \/>\n<!-- \/ Yoast SEO Premium plugin. -->","yoast_head_json":{"title":"40HC Merikontin pohjan eristys MIIU1995886 - Miil O\u00dc","description":"Merikontin pohjan eristys | Laivojen konttien eristys | PUR-vaahto | kuljetuskontti | Konttien muuntaminen | Konttien myynti |","robots":{"index":"index","follow":"follow","max-snippet":"max-snippet:-1","max-image-preview":"max-image-preview:large","max-video-preview":"max-video-preview:-1"},"canonical":"https:\/\/miil.dev.almic.ee\/fi\/toode\/40hc-merikontti-miiu1995886\/","og_locale":"fi_FI","og_type":"article","og_title":"40HC Merikontin pohjan eristys MIIU1995886","og_description":"Merikontin pohjan eristys | Laivojen konttien eristys | PUR-vaahto | kuljetuskontti | Konttien muuntaminen | Konttien myynti |","og_url":"https:\/\/miil.dev.almic.ee\/fi\/toode\/40hc-merikontti-miiu1995886\/","og_site_name":"Miil O\u00dc","article_publisher":"https:\/\/www.facebook.com\/konteinerveod\/","article_modified_time":"2024-10-31T13:45:10+00:00","og_image":[{"width":1900,"height":1425,"url":"https:\/\/miil.dev.almic.ee\/wp-content\/uploads\/2023\/12\/Pohja-soojustamine-villaga-2-scaled.jpg","type":"image\/jpeg"}],"twitter_card":"summary_large_image","twitter_misc":{"Hinta":"2500,00&nbsp;&euro;","Saatavuus":"Varastossa"},"schema":{"@context":"https:\/\/schema.org","@graph":[{"@type":"WebPage","@id":"https:\/\/miil.dev.almic.ee\/fi\/toode\/40hc-merikontti-miiu1995886\/","url":"https:\/\/miil.dev.almic.ee\/fi\/toode\/40hc-merikontti-miiu1995886\/","name":"40HC Merikontin pohjan eristys MIIU1995886 - Miil O\u00dc","isPartOf":{"@id":"https:\/\/miil.dev.almic.ee\/#website"},"primaryImageOfPage":{"@id":"https:\/\/miil.dev.almic.ee\/fi\/toode\/40hc-merikontti-miiu1995886\/#primaryimage"},"image":{"@id":"https:\/\/miil.dev.almic.ee\/fi\/toode\/40hc-merikontti-miiu1995886\/#primaryimage"},"thumbnailUrl":"https:\/\/miil.dev.almic.ee\/wp-content\/uploads\/2023\/12\/Pohja-soojustamine-villaga-2-scaled.jpg","datePublished":"2023-12-13T16:21:15+00:00","dateModified":"2024-10-31T13:45:10+00:00","description":"Merikontin pohjan eristys | Laivojen konttien eristys | PUR-vaahto | kuljetuskontti | Konttien muuntaminen | Konttien myynti |","breadcrumb":{"@id":"https:\/\/miil.dev.almic.ee\/fi\/toode\/40hc-merikontti-miiu1995886\/#breadcrumb"},"inLanguage":"fi","potentialAction":[{"@type":"ReadAction","target":["https:\/\/miil.dev.almic.ee\/fi\/toode\/40hc-merikontti-miiu1995886\/"]}]},{"@type":"ImageObject","inLanguage":"fi","@id":"https:\/\/miil.dev.almic.ee\/fi\/toode\/40hc-merikontti-miiu1995886\/#primaryimage","url":"https:\/\/miil.dev.almic.ee\/wp-content\/uploads\/2023\/12\/Pohja-soojustamine-villaga-2-scaled.jpg","contentUrl":"https:\/\/miil.dev.almic.ee\/wp-content\/uploads\/2023\/12\/Pohja-soojustamine-villaga-2-scaled.jpg","width":1900,"height":1425,"caption":"Merekonteineri p\u00f5hja soojustamine"},{"@type":"BreadcrumbList","@id":"https:\/\/miil.dev.almic.ee\/fi\/toode\/40hc-merikontti-miiu1995886\/#breadcrumb","itemListElement":[{"@type":"ListItem","position":1,"name":"Home","item":"https:\/\/miil.dev.almic.ee\/fi\/"},{"@type":"ListItem","position":2,"name":"Kauppa","item":"https:\/\/miil.dev.almic.ee\/fi\/kauppa\/"},{"@type":"ListItem","position":3,"name":"40HC Merikontin pohjan eristys MIIU1995886"}]},{"@type":"WebSite","@id":"https:\/\/miil.dev.almic.ee\/#website","url":"https:\/\/miil.dev.almic.ee\/","name":"Miil O\u00dc","description":"Konteinerveod","publisher":{"@id":"https:\/\/miil.dev.almic.ee\/#organization"},"potentialAction":[{"@type":"SearchAction","target":{"@type":"EntryPoint","urlTemplate":"https:\/\/miil.dev.almic.ee\/?s={search_term_string}"},"query-input":{"@type":"PropertyValueSpecification","valueRequired":true,"valueName":"search_term_string"}}],"inLanguage":"fi"},{"@type":"Organization","@id":"https:\/\/miil.dev.almic.ee\/#organization","name":"Miil O\u00dc","url":"https:\/\/miil.dev.almic.ee\/","logo":{"@type":"ImageObject","inLanguage":"fi","@id":"https:\/\/miil.dev.almic.ee\/#\/schema\/logo\/image\/","url":"https:\/\/www.miil.ee\/wp-content\/uploads\/2022\/02\/Miil-logo.svg","contentUrl":"https:\/\/www.miil.ee\/wp-content\/uploads\/2022\/02\/Miil-logo.svg","width":"1024","height":"1024","caption":"Miil O\u00dc"},"image":{"@id":"https:\/\/miil.dev.almic.ee\/#\/schema\/logo\/image\/"},"sameAs":["https:\/\/www.facebook.com\/konteinerveod\/","https:\/\/www.instagram.com\/ou_miil\/"]}]},"product_price_amount":"2500.00","product_price_currency":"EUR","og_availability":"instock","product_availability":"instock","product_condition":"new"},"_links":{"self":[{"href":"https:\/\/miil.dev.almic.ee\/fi\/wp-json\/wp\/v2\/product\/54915","targetHints":{"allow":["GET"]}}],"collection":[{"href":"https:\/\/miil.dev.almic.ee\/fi\/wp-json\/wp\/v2\/product"}],"about":[{"href":"https:\/\/miil.dev.almic.ee\/fi\/wp-json\/wp\/v2\/types\/product"}],"replies":[{"embeddable":true,"href":"https:\/\/miil.dev.almic.ee\/fi\/wp-json\/wp\/v2\/comments?post=54915"}],"wp:featuredmedia":[{"embeddable":true,"href":"https:\/\/miil.dev.almic.ee\/fi\/wp-json\/wp\/v2\/media\/54920"}],"wp:attachment":[{"href":"https:\/\/miil.dev.almic.ee\/fi\/wp-json\/wp\/v2\/media?parent=54915"}],"wp:term":[{"taxonomy":"product_cat","embeddable":true,"href":"https:\/\/miil.dev.almic.ee\/fi\/wp-json\/wp\/v2\/product_cat?post=54915"},{"taxonomy":"product_tag","embeddable":true,"href":"https:\/\/miil.dev.almic.ee\/fi\/wp-json\/wp\/v2\/product_tag?post=54915"}],"curies":[{"name":"wp","href":"https:\/\/api.w.org\/{rel}","templated":true}]}}