{"id":53132,"date":"2023-11-27T18:21:53","date_gmt":"2023-11-27T16:21:53","guid":{"rendered":"https:\/\/www.miil.ee\/?post_type=product&#038;p=53132"},"modified":"2025-02-04T12:23:40","modified_gmt":"2025-02-04T10:23:40","slug":"alykas-varasto-viljandi","status":"publish","type":"product","link":"https:\/\/miil.dev.almic.ee\/fi\/toode\/alykas-varasto-viljandi\/","title":{"rendered":"Minivarasto Viljandi &#8211; Osoite Vaksali 36"},"content":{"rendered":"<h1>\u00c4lyk\u00e4s varasto VILJANDI &#8211; Turvallinen ja k\u00e4tev\u00e4 s\u00e4ilytysratkaisu<\/h1>\n<p>\u00c4lyk\u00e4s varasto VILJANDI tarjoaa sinulle ihanteellisen tilaratkaisun, jos tarvitset turvallisen ja k\u00e4tev\u00e4n paikan tavaroillesi ja omaisuudellesi. T\u00e4m\u00e4 6 metrin konttivarasto on varustettu kaikilla tarvittavilla ominaisuuksilla, jotka varmistavat tavaroidesi suojan ja helpon p\u00e4\u00e4syn niihin.<\/p>\n<p>\u00c4lyk\u00e4s varastomme on varustettu korkealaatuisilla materiaaleilla, jotka takaavat kest\u00e4vyyden ja luotettavuuden. Varasto on tilava ja tarjoaa riitt\u00e4v\u00e4sti tilaa erilaisille tavaroille ja omaisuudelle. Ovi on helppo avata, mik\u00e4 mahdollistaa k\u00e4tev\u00e4n sis\u00e4\u00e4n- ja poistumisen.<\/p>\n<p>Lis\u00e4ksi t\u00e4ss\u00e4 \u00e4lyvarastossa on ylim\u00e4\u00e4r\u00e4inen ilmanvaihtoj\u00e4rjestelm\u00e4, joka varmistaa hyv\u00e4n ilmanvaihdon ja ilmankierron pit\u00e4en varastoidut tavarasi tuoreina. Lis\u00e4ksi lukkovartija ja lukittava ovi lis\u00e4\u00e4v\u00e4t turvallisuutta ja suojaa omaisuudellesi.<\/p>\n<p>\u00c4lyk\u00e4s varastomme sijaitsee k\u00e4tev\u00e4sti Viljandin alueella, josta p\u00e4\u00e4see helposti ja kulkuyhteydet ovat nopeat. Hinta on vain 90 \u20ac +alv\/kk, joten se on edullinen vaihtoehto s\u00e4ilytystarpeisiisi.<br \/>\nPidempi aika alkaen 59\u20ac +alv\/kk.<\/p>\n<p>\u00c4lyk\u00e4s varasto Viljandi on luotettava ja ammattimainen ratkaisu varastointitarpeisiisi. Olemme tunnettuja korkealaatuisista ja kest\u00e4vist\u00e4 konteistamme ja tarjoamme kilpailukykyiset hinnat ja joustavat vuokraehdot.<\/p>\n<p>Lis\u00e4ksi tarjoamme my\u00f6s lis\u00e4palveluita, jotka tekev\u00e4t kokemuksestasi entist\u00e4 paremman. Ammattitaitoinen tiimimme on valmis auttamaan sinua varastointisi suunnittelussa ja neuvomaan parhaissa ratkaisuissa. Lis\u00e4ksi tarjoamme my\u00f6s kuljetuspalvelun, jonka avulla voit helposti ja k\u00e4tev\u00e4sti toimittaa tavarasi konttivarastoon. Olemme ylpeit\u00e4 asiakasl\u00e4ht\u00f6isest\u00e4 l\u00e4hestymistavastamme ja olemme sitoutuneet tyytyv\u00e4isyyteenne.<\/p>\n<p>Valitse Smartiladu Viljandi ja anna s\u00e4ilytystarpeesi meid\u00e4n huoleksemme. Ota yhteytt\u00e4 jo t\u00e4n\u00e4\u00e4n ja katso, kuinka voimme auttaa sinua!<\/p>\n<h2>\u00c4lyk\u00e4s varasto VILJANDI asiakkaan alueella.<\/h2>\n<ul>\n<li>Eritt\u00e4in hyv\u00e4ll\u00e4 hinnalla l\u00f6yd\u00e4t \u00e4lyvaraston aivan omalta pihaltasi.<\/li>\n<li>Vuokraamme kontin, tuomme sen asiakkaalle ja asennamme &#8211; Minivarasto aivan pihallesi.<\/li>\n<li>Merikontti ei tarvitse perustaa tai eritt\u00e4in vahvaa pintaa. Voidaan asentaa vapaasti nurmikolle.<\/li>\n<li>S\u00e4ili\u00f6 on turvallinen, s\u00e4\u00e4nkest\u00e4v\u00e4, vahva ja laadukas.<\/li>\n<li>Voit olla varma, ett\u00e4 l\u00f6yd\u00e4t joustavat vuokraehdot ja kunnolliset minivarastot jokaiseen tarpeeseen.<\/li>\n<\/ul>\n<p><span>K\u00e4yt\u00e4mme kuljetukseen\u00a0<\/span><a href=\"https:\/\/www.miil.ee\/fi\/palvelut\/nosturi\/\">nosturia<\/a><span>\u00a0tai\u00a0<\/span><a href=\"https:\/\/www.miil.ee\/fi\/palvelut\/sideloader\/\">sideloader<\/a><br \/>\n<span>monimutkaisempi kuljetus on mahdollista\u00a0<\/span><a href=\"https:\/\/www.miil.ee\/fi\/palvelut\/ram-kippauslaite\/\">RAM per\u00e4vaunulla<\/a><span>.<\/span><\/p>\n<p>Seuraa meit\u00e4 <a href=\"https:\/\/www.facebook.com\/konteinerveod\/\">Facebook<\/a> tai <a href=\"https:\/\/www.instagram.com\/ou_miil\/\">Instagram<\/a><\/p>\n","protected":false},"excerpt":{"rendered":"<p>Viljandissa Virossa sijaitseva konttivarastomme on hyv\u00e4 vaihtoehto lis\u00e4varastointitilaksi. Turvallinen ratkaisu CCTV-kameravalvontaan aidan ymp\u00e4r\u00f6im\u00e4n\u00e4. Sopii kaikenlaisiin tuotteisiin &#8211; sesonkitavaroihin, yrityksesi tuotteisiin, huonekaluihin tai mihin tahansa muuhun.<\/p>\n","protected":false},"featured_media":53139,"comment_status":"open","ping_status":"closed","template":"","meta":{"_acf_changed":false},"product_cat":[339,1039],"product_tag":[],"class_list":{"0":"post-53132","1":"product","2":"type-product","3":"status-publish","4":"has-post-thumbnail","6":"product_cat-vuokrakontit","7":"product_cat-minivarasto","9":"first","10":"instock","11":"shipping-taxable","12":"purchasable","13":"product-type-simple"},"acf":[],"yoast_head":"<!-- This site is optimized with the Yoast SEO Premium plugin v23.9 (Yoast SEO v27.5) - https:\/\/yoast.com\/product\/yoast-seo-premium-wordpress\/ -->\n<title>\u00c4lyk\u00e4s varasto VILJANDI - Miil O\u00dc<\/title>\n<meta name=\"description\" content=\"\u00c4lyk\u00e4s varasto VILJANDI | Minivarasto Viljandi | K\u00e4ytettyjen merikonttien myynti | Kontti myynti | Containex myynti | Merikontti vuokrata |\" \/>\n<meta name=\"robots\" content=\"index, follow, max-snippet:-1, max-image-preview:large, max-video-preview:-1\" \/>\n<link rel=\"canonical\" href=\"https:\/\/miil.dev.almic.ee\/fi\/toode\/alykas-varasto-viljandi\/\" \/>\n<meta property=\"og:locale\" content=\"fi_FI\" \/>\n<meta property=\"og:type\" content=\"article\" \/>\n<meta property=\"og:title\" content=\"Minivarasto Viljandi - Osoite Vaksali 36\" \/>\n<meta property=\"og:description\" content=\"\u00c4lyk\u00e4s varasto VILJANDI | Minivarasto Viljandi | K\u00e4ytettyjen merikonttien myynti | Kontti myynti | Containex myynti | Merikontti vuokrata |\" \/>\n<meta property=\"og:url\" content=\"https:\/\/miil.dev.almic.ee\/fi\/toode\/alykas-varasto-viljandi\/\" \/>\n<meta property=\"og:site_name\" content=\"Miil O\u00dc\" \/>\n<meta property=\"article:publisher\" content=\"https:\/\/www.facebook.com\/konteinerveod\/\" \/>\n<meta property=\"article:modified_time\" content=\"2025-02-04T10:23:40+00:00\" \/>\n<meta property=\"og:image\" content=\"https:\/\/miil.dev.almic.ee\/wp-content\/uploads\/2023\/11\/Blackline-678-scaled.jpg\" \/>\n\t<meta property=\"og:image:width\" content=\"1900\" \/>\n\t<meta property=\"og:image:height\" content=\"1425\" \/>\n\t<meta property=\"og:image:type\" content=\"image\/jpeg\" \/>\n<meta name=\"twitter:card\" content=\"summary_large_image\" \/>\n<meta name=\"twitter:label1\" content=\"Hinta\" \/>\n\t<meta name=\"twitter:data1\" content=\"79,00&nbsp;&euro;\" \/>\n\t<meta name=\"twitter:label2\" content=\"Saatavuus\" \/>\n\t<meta name=\"twitter:data2\" content=\"Varastossa\" \/>\n<script type=\"application\/ld+json\" class=\"yoast-schema-graph\">{\"@context\":\"https:\\\/\\\/schema.org\",\"@graph\":[{\"@type\":\"WebPage\",\"@id\":\"https:\\\/\\\/miil.dev.almic.ee\\\/fi\\\/toode\\\/alykas-varasto-viljandi\\\/\",\"url\":\"https:\\\/\\\/miil.dev.almic.ee\\\/fi\\\/toode\\\/alykas-varasto-viljandi\\\/\",\"name\":\"\u00c4lyk\u00e4s varasto VILJANDI - Miil O\u00dc\",\"isPartOf\":{\"@id\":\"https:\\\/\\\/miil.dev.almic.ee\\\/#website\"},\"primaryImageOfPage\":{\"@id\":\"https:\\\/\\\/miil.dev.almic.ee\\\/fi\\\/toode\\\/alykas-varasto-viljandi\\\/#primaryimage\"},\"image\":{\"@id\":\"https:\\\/\\\/miil.dev.almic.ee\\\/fi\\\/toode\\\/alykas-varasto-viljandi\\\/#primaryimage\"},\"thumbnailUrl\":\"https:\\\/\\\/miil.dev.almic.ee\\\/wp-content\\\/uploads\\\/2023\\\/11\\\/Blackline-678-scaled.jpg\",\"datePublished\":\"2023-11-27T16:21:53+00:00\",\"dateModified\":\"2025-02-04T10:23:40+00:00\",\"description\":\"\u00c4lyk\u00e4s varasto VILJANDI | Minivarasto Viljandi | K\u00e4ytettyjen merikonttien myynti | Kontti myynti | Containex myynti | Merikontti vuokrata |\",\"breadcrumb\":{\"@id\":\"https:\\\/\\\/miil.dev.almic.ee\\\/fi\\\/toode\\\/alykas-varasto-viljandi\\\/#breadcrumb\"},\"inLanguage\":\"fi\",\"potentialAction\":[{\"@type\":\"ReadAction\",\"target\":[\"https:\\\/\\\/miil.dev.almic.ee\\\/fi\\\/toode\\\/alykas-varasto-viljandi\\\/\"]}]},{\"@type\":\"ImageObject\",\"inLanguage\":\"fi\",\"@id\":\"https:\\\/\\\/miil.dev.almic.ee\\\/fi\\\/toode\\\/alykas-varasto-viljandi\\\/#primaryimage\",\"url\":\"https:\\\/\\\/miil.dev.almic.ee\\\/wp-content\\\/uploads\\\/2023\\\/11\\\/Blackline-678-scaled.jpg\",\"contentUrl\":\"https:\\\/\\\/miil.dev.almic.ee\\\/wp-content\\\/uploads\\\/2023\\\/11\\\/Blackline-678-scaled.jpg\",\"width\":1900,\"height\":1425,\"caption\":\"Nutiladu VILJANDI\"},{\"@type\":\"BreadcrumbList\",\"@id\":\"https:\\\/\\\/miil.dev.almic.ee\\\/fi\\\/toode\\\/alykas-varasto-viljandi\\\/#breadcrumb\",\"itemListElement\":[{\"@type\":\"ListItem\",\"position\":1,\"name\":\"Home\",\"item\":\"https:\\\/\\\/miil.dev.almic.ee\\\/fi\\\/\"},{\"@type\":\"ListItem\",\"position\":2,\"name\":\"Kauppa\",\"item\":\"https:\\\/\\\/miil.dev.almic.ee\\\/fi\\\/kauppa\\\/\"},{\"@type\":\"ListItem\",\"position\":3,\"name\":\"Minivarasto Viljandi &#8211; Osoite Vaksali 36\"}]},{\"@type\":\"WebSite\",\"@id\":\"https:\\\/\\\/miil.dev.almic.ee\\\/#website\",\"url\":\"https:\\\/\\\/miil.dev.almic.ee\\\/\",\"name\":\"Miil O\u00dc\",\"description\":\"Konteinerveod\",\"publisher\":{\"@id\":\"https:\\\/\\\/miil.dev.almic.ee\\\/#organization\"},\"potentialAction\":[{\"@type\":\"SearchAction\",\"target\":{\"@type\":\"EntryPoint\",\"urlTemplate\":\"https:\\\/\\\/miil.dev.almic.ee\\\/?s={search_term_string}\"},\"query-input\":{\"@type\":\"PropertyValueSpecification\",\"valueRequired\":true,\"valueName\":\"search_term_string\"}}],\"inLanguage\":\"fi\"},{\"@type\":\"Organization\",\"@id\":\"https:\\\/\\\/miil.dev.almic.ee\\\/#organization\",\"name\":\"Miil O\u00dc\",\"url\":\"https:\\\/\\\/miil.dev.almic.ee\\\/\",\"logo\":{\"@type\":\"ImageObject\",\"inLanguage\":\"fi\",\"@id\":\"https:\\\/\\\/miil.dev.almic.ee\\\/#\\\/schema\\\/logo\\\/image\\\/\",\"url\":\"https:\\\/\\\/www.miil.ee\\\/wp-content\\\/uploads\\\/2022\\\/02\\\/Miil-logo.svg\",\"contentUrl\":\"https:\\\/\\\/www.miil.ee\\\/wp-content\\\/uploads\\\/2022\\\/02\\\/Miil-logo.svg\",\"width\":\"1024\",\"height\":\"1024\",\"caption\":\"Miil O\u00dc\"},\"image\":{\"@id\":\"https:\\\/\\\/miil.dev.almic.ee\\\/#\\\/schema\\\/logo\\\/image\\\/\"},\"sameAs\":[\"https:\\\/\\\/www.facebook.com\\\/konteinerveod\\\/\",\"https:\\\/\\\/www.instagram.com\\\/ou_miil\\\/\"]}]}<\/script>\n<meta property=\"product:price:amount\" content=\"79.00\" \/>\n<meta property=\"product:price:currency\" content=\"EUR\" \/>\n<meta property=\"og:availability\" content=\"instock\" \/>\n<meta property=\"product:availability\" content=\"instock\" \/>\n<meta property=\"product:condition\" content=\"new\" \/>\n<!-- \/ Yoast SEO Premium plugin. -->","yoast_head_json":{"title":"\u00c4lyk\u00e4s varasto VILJANDI - Miil O\u00dc","description":"\u00c4lyk\u00e4s varasto VILJANDI | Minivarasto Viljandi | K\u00e4ytettyjen merikonttien myynti | Kontti myynti | Containex myynti | Merikontti vuokrata |","robots":{"index":"index","follow":"follow","max-snippet":"max-snippet:-1","max-image-preview":"max-image-preview:large","max-video-preview":"max-video-preview:-1"},"canonical":"https:\/\/miil.dev.almic.ee\/fi\/toode\/alykas-varasto-viljandi\/","og_locale":"fi_FI","og_type":"article","og_title":"Minivarasto Viljandi - Osoite Vaksali 36","og_description":"\u00c4lyk\u00e4s varasto VILJANDI | Minivarasto Viljandi | K\u00e4ytettyjen merikonttien myynti | Kontti myynti | Containex myynti | Merikontti vuokrata |","og_url":"https:\/\/miil.dev.almic.ee\/fi\/toode\/alykas-varasto-viljandi\/","og_site_name":"Miil O\u00dc","article_publisher":"https:\/\/www.facebook.com\/konteinerveod\/","article_modified_time":"2025-02-04T10:23:40+00:00","og_image":[{"width":1900,"height":1425,"url":"https:\/\/miil.dev.almic.ee\/wp-content\/uploads\/2023\/11\/Blackline-678-scaled.jpg","type":"image\/jpeg"}],"twitter_card":"summary_large_image","twitter_misc":{"Hinta":"79,00&nbsp;&euro;","Saatavuus":"Varastossa"},"schema":{"@context":"https:\/\/schema.org","@graph":[{"@type":"WebPage","@id":"https:\/\/miil.dev.almic.ee\/fi\/toode\/alykas-varasto-viljandi\/","url":"https:\/\/miil.dev.almic.ee\/fi\/toode\/alykas-varasto-viljandi\/","name":"\u00c4lyk\u00e4s varasto VILJANDI - Miil O\u00dc","isPartOf":{"@id":"https:\/\/miil.dev.almic.ee\/#website"},"primaryImageOfPage":{"@id":"https:\/\/miil.dev.almic.ee\/fi\/toode\/alykas-varasto-viljandi\/#primaryimage"},"image":{"@id":"https:\/\/miil.dev.almic.ee\/fi\/toode\/alykas-varasto-viljandi\/#primaryimage"},"thumbnailUrl":"https:\/\/miil.dev.almic.ee\/wp-content\/uploads\/2023\/11\/Blackline-678-scaled.jpg","datePublished":"2023-11-27T16:21:53+00:00","dateModified":"2025-02-04T10:23:40+00:00","description":"\u00c4lyk\u00e4s varasto VILJANDI | Minivarasto Viljandi | K\u00e4ytettyjen merikonttien myynti | Kontti myynti | Containex myynti | Merikontti vuokrata |","breadcrumb":{"@id":"https:\/\/miil.dev.almic.ee\/fi\/toode\/alykas-varasto-viljandi\/#breadcrumb"},"inLanguage":"fi","potentialAction":[{"@type":"ReadAction","target":["https:\/\/miil.dev.almic.ee\/fi\/toode\/alykas-varasto-viljandi\/"]}]},{"@type":"ImageObject","inLanguage":"fi","@id":"https:\/\/miil.dev.almic.ee\/fi\/toode\/alykas-varasto-viljandi\/#primaryimage","url":"https:\/\/miil.dev.almic.ee\/wp-content\/uploads\/2023\/11\/Blackline-678-scaled.jpg","contentUrl":"https:\/\/miil.dev.almic.ee\/wp-content\/uploads\/2023\/11\/Blackline-678-scaled.jpg","width":1900,"height":1425,"caption":"Nutiladu VILJANDI"},{"@type":"BreadcrumbList","@id":"https:\/\/miil.dev.almic.ee\/fi\/toode\/alykas-varasto-viljandi\/#breadcrumb","itemListElement":[{"@type":"ListItem","position":1,"name":"Home","item":"https:\/\/miil.dev.almic.ee\/fi\/"},{"@type":"ListItem","position":2,"name":"Kauppa","item":"https:\/\/miil.dev.almic.ee\/fi\/kauppa\/"},{"@type":"ListItem","position":3,"name":"Minivarasto Viljandi &#8211; Osoite Vaksali 36"}]},{"@type":"WebSite","@id":"https:\/\/miil.dev.almic.ee\/#website","url":"https:\/\/miil.dev.almic.ee\/","name":"Miil O\u00dc","description":"Konteinerveod","publisher":{"@id":"https:\/\/miil.dev.almic.ee\/#organization"},"potentialAction":[{"@type":"SearchAction","target":{"@type":"EntryPoint","urlTemplate":"https:\/\/miil.dev.almic.ee\/?s={search_term_string}"},"query-input":{"@type":"PropertyValueSpecification","valueRequired":true,"valueName":"search_term_string"}}],"inLanguage":"fi"},{"@type":"Organization","@id":"https:\/\/miil.dev.almic.ee\/#organization","name":"Miil O\u00dc","url":"https:\/\/miil.dev.almic.ee\/","logo":{"@type":"ImageObject","inLanguage":"fi","@id":"https:\/\/miil.dev.almic.ee\/#\/schema\/logo\/image\/","url":"https:\/\/www.miil.ee\/wp-content\/uploads\/2022\/02\/Miil-logo.svg","contentUrl":"https:\/\/www.miil.ee\/wp-content\/uploads\/2022\/02\/Miil-logo.svg","width":"1024","height":"1024","caption":"Miil O\u00dc"},"image":{"@id":"https:\/\/miil.dev.almic.ee\/#\/schema\/logo\/image\/"},"sameAs":["https:\/\/www.facebook.com\/konteinerveod\/","https:\/\/www.instagram.com\/ou_miil\/"]}]},"product_price_amount":"79.00","product_price_currency":"EUR","og_availability":"instock","product_availability":"instock","product_condition":"new"},"_links":{"self":[{"href":"https:\/\/miil.dev.almic.ee\/fi\/wp-json\/wp\/v2\/product\/53132","targetHints":{"allow":["GET"]}}],"collection":[{"href":"https:\/\/miil.dev.almic.ee\/fi\/wp-json\/wp\/v2\/product"}],"about":[{"href":"https:\/\/miil.dev.almic.ee\/fi\/wp-json\/wp\/v2\/types\/product"}],"replies":[{"embeddable":true,"href":"https:\/\/miil.dev.almic.ee\/fi\/wp-json\/wp\/v2\/comments?post=53132"}],"wp:featuredmedia":[{"embeddable":true,"href":"https:\/\/miil.dev.almic.ee\/fi\/wp-json\/wp\/v2\/media\/53139"}],"wp:attachment":[{"href":"https:\/\/miil.dev.almic.ee\/fi\/wp-json\/wp\/v2\/media?parent=53132"}],"wp:term":[{"taxonomy":"product_cat","embeddable":true,"href":"https:\/\/miil.dev.almic.ee\/fi\/wp-json\/wp\/v2\/product_cat?post=53132"},{"taxonomy":"product_tag","embeddable":true,"href":"https:\/\/miil.dev.almic.ee\/fi\/wp-json\/wp\/v2\/product_tag?post=53132"}],"curies":[{"name":"wp","href":"https:\/\/api.w.org\/{rel}","templated":true}]}}