{"id":52704,"date":"2023-11-20T12:19:48","date_gmt":"2023-11-20T10:19:48","guid":{"rendered":"https:\/\/www.miil.ee\/?post_type=product&#038;p=52704"},"modified":"2025-03-06T17:48:13","modified_gmt":"2025-03-06T15:48:13","slug":"40hcpw-merikontti-miiu9655579","status":"publish","type":"product","link":"https:\/\/miil.dev.almic.ee\/fi\/toode\/40hcpw-merikontti-miiu9655579\/","title":{"rendered":"40HCPW Merikontti MIIU9655579"},"content":{"rendered":"<h1>K\u00e4ytetty merikontti 40HCPW MIIU9655579.<\/h1>\n<p>K\u00e4ytetty merikontti 40HCPW MIIU9655579 on merikelpoisessa kunnossa ellei kuvassa tai tekstiss\u00e4 toisin mainita;<\/p>\n<ul>\n<li>Merikontti vastaa kuvia.<\/li>\n<li>Kontin ovet voidaan avata ja sulkea ihmisvoimalla.<\/li>\n<li>S\u00e4ili\u00f6n katto on ehj\u00e4 eik\u00e4 vesivuotoja ole.<\/li>\n<li>S\u00e4ili\u00f6n pohja on ehj\u00e4 ja sit\u00e4 voidaan k\u00e4ytt\u00e4\u00e4 trukilla tai k\u00e4sikuormaajalla.<\/li>\n<li>S\u00e4ili\u00f6ss\u00e4 ei ole rakenteellisia vaurioita.<\/li>\n<li>Maksa my\u00f6hemmin Inbank.ee:n kautta alennuskoodilla &#8221;KONTEINER&#8221;.<\/li>\n<li>12 metrin merikontin vuokra: 99.- +alv\/kk<\/li>\n<li>6 metrin merikontin vuokra: 50.- +alv\/kk<\/li>\n<\/ul>\n<h2>Mik\u00e4 on k\u00e4ytetyn kontin hinta merikontti 40HCPW MIIU9655579?<\/h2>\n<p>Merikontin hinta riippuu monesta asiasta, mutta myyntihinta riippuu yleens\u00e4 suoraan kontin kunnosta.<br \/>\nEhdon lis\u00e4ksi hintaan vaikuttaa my\u00f6s ostohinta, kontin saapumistapa terminaaliin, kontin sijainti terminaalissa ja onko kontti vaatinut lis\u00e4kustannuksia, kuten ulkopesua, sis\u00e4puhdistusta tai korjaukset.<\/p>\n<p>Parhaan hinnan takuu &#8211; Teemme aina parhaan tarjouksen vastaavasta kontista.<br \/>\nKuljetus ja asennus?<\/p>\n<p>Sopivan kontin valinnan j\u00e4lkeen voimme my\u00f6s tehd\u00e4 tarjouksen kuljetuksesta.<br \/>\nK\u00e4yt\u00e4mme kuljetukseen\u00a0<a href=\"https:\/\/www.miil.ee\/fi\/palvelut\/nosturi\/\">nosturia<\/a>\u00a0tai\u00a0<a href=\"https:\/\/www.miil.ee\/fi\/palvelut\/sideloader\/\">sideloader<\/a><br \/>\nmonimutkaisempi kuljetus on mahdollista\u00a0<a href=\"https:\/\/www.miil.ee\/fi\/palvelut\/ram-kippauslaite\/\">RAM per\u00e4vaunulla<\/a>.<br \/>\nVoit varastoida ostettuja kontteja terminaalissamme jopa kuuden kuukauden ajan maksutta.<br \/>\nAina on mahdollista sopia pidemm\u00e4st\u00e4kin ajanjaksosta.<br \/>\nT\u00e4st\u00e4 on hy\u00f6ty\u00e4 esimerkiksi, jos sijainti ei ole viel\u00e4 valmis tai k\u00e4ytett\u00e4viss\u00e4.<br \/>\nT\u00e4ll\u00f6in kontin hinta ei muutu, ja voit olla varma, ett\u00e4 saat valitun kontin sovittuna aikana.<\/p>\n<p>Paras kontti, paras hinta!<\/p>\n<p>Seuraa meit\u00e4\u00a0<a href=\"https:\/\/www.facebook.com\/konteinerveod\/\">Facebook<\/a>\u00a0tai\u00a0<a href=\"https:\/\/www.instagram.com\/ou_miil\/\">Instagram<\/a> tai tule katsomaan Valtsi 1, Lagedi omin silmin<\/p>\n","protected":false},"excerpt":{"rendered":"<p>K\u00e4ytetty merikontti 40HCPW on 12 metrin pitk\u00e4 merikelpoinen kontti, joka on hyv\u00e4ss\u00e4 kunnossa ilman rakenteellisia vaurioita. Kontin vuokraus on saatavilla 99 \u20ac + alv\/kk 12 metrin kontille, ja asiakkaat voivat maksaa my\u00f6hemmin Inbank.ee:n kautta alennuskoodilla &#8221;KONTEINER&#8221;.<\/p>\n","protected":false},"featured_media":59734,"comment_status":"closed","ping_status":"closed","template":"","meta":{"_acf_changed":false},"product_cat":[331,383,399],"product_tag":[],"class_list":{"0":"post-52704","1":"product","2":"type-product","3":"status-publish","4":"has-post-thumbnail","6":"product_cat-kaytetyt-kontit","7":"product_cat-40-12-metria","8":"product_cat-40hcpw-korkea-pallet-wide","10":"first","11":"instock","12":"shipping-taxable","13":"purchasable","14":"product-type-simple"},"acf":[],"yoast_head":"<!-- This site is optimized with the Yoast SEO Premium plugin v23.9 (Yoast SEO v27.5) - https:\/\/yoast.com\/product\/yoast-seo-premium-wordpress\/ -->\n<title>40HCPW Merikontti MIIU9655579 - Miil O\u00dc<\/title>\n<meta name=\"description\" content=\"40HCPW Merikontti MIIU9655579 | Vuokrakontti | M\u00f6kkien myynti | m\u00f6kkien vuokraus | Merikonttien myynti | Merikonttien vuokraus |\" \/>\n<meta name=\"robots\" content=\"index, follow, max-snippet:-1, max-image-preview:large, max-video-preview:-1\" \/>\n<link rel=\"canonical\" href=\"https:\/\/miil.dev.almic.ee\/fi\/toode\/40hcpw-merikontti-miiu9655579\/\" \/>\n<meta property=\"og:locale\" content=\"fi_FI\" \/>\n<meta property=\"og:type\" content=\"article\" \/>\n<meta property=\"og:title\" content=\"40HCPW Merikontti MIIU9655579\" \/>\n<meta property=\"og:description\" content=\"40HCPW Merikontti MIIU9655579 | Vuokrakontti | M\u00f6kkien myynti | m\u00f6kkien vuokraus | Merikonttien myynti | Merikonttien vuokraus |\" \/>\n<meta property=\"og:url\" content=\"https:\/\/miil.dev.almic.ee\/fi\/toode\/40hcpw-merikontti-miiu9655579\/\" \/>\n<meta property=\"og:site_name\" content=\"Miil O\u00dc\" \/>\n<meta property=\"article:publisher\" content=\"https:\/\/www.facebook.com\/konteinerveod\/\" \/>\n<meta property=\"article:modified_time\" content=\"2025-03-06T15:48:13+00:00\" \/>\n<meta property=\"og:image\" content=\"https:\/\/miil.dev.almic.ee\/wp-content\/uploads\/2023\/11\/Merekontienr-lai-korge-pikk-2-scaled.jpg\" \/>\n\t<meta property=\"og:image:width\" content=\"1900\" \/>\n\t<meta property=\"og:image:height\" content=\"1425\" \/>\n\t<meta property=\"og:image:type\" content=\"image\/jpeg\" \/>\n<meta name=\"twitter:card\" content=\"summary_large_image\" \/>\n<meta name=\"twitter:label1\" content=\"Hinta\" \/>\n\t<meta name=\"twitter:data1\" content=\"2490,00&nbsp;&euro;\" \/>\n\t<meta name=\"twitter:label2\" content=\"Saatavuus\" \/>\n\t<meta name=\"twitter:data2\" content=\"Varastossa\" \/>\n<script type=\"application\/ld+json\" class=\"yoast-schema-graph\">{\"@context\":\"https:\\\/\\\/schema.org\",\"@graph\":[{\"@type\":\"WebPage\",\"@id\":\"https:\\\/\\\/miil.dev.almic.ee\\\/fi\\\/toode\\\/40hcpw-merikontti-miiu9655579\\\/\",\"url\":\"https:\\\/\\\/miil.dev.almic.ee\\\/fi\\\/toode\\\/40hcpw-merikontti-miiu9655579\\\/\",\"name\":\"40HCPW Merikontti MIIU9655579 - Miil O\u00dc\",\"isPartOf\":{\"@id\":\"https:\\\/\\\/miil.dev.almic.ee\\\/#website\"},\"primaryImageOfPage\":{\"@id\":\"https:\\\/\\\/miil.dev.almic.ee\\\/fi\\\/toode\\\/40hcpw-merikontti-miiu9655579\\\/#primaryimage\"},\"image\":{\"@id\":\"https:\\\/\\\/miil.dev.almic.ee\\\/fi\\\/toode\\\/40hcpw-merikontti-miiu9655579\\\/#primaryimage\"},\"thumbnailUrl\":\"https:\\\/\\\/miil.dev.almic.ee\\\/wp-content\\\/uploads\\\/2023\\\/11\\\/Merekontienr-lai-korge-pikk-2-scaled.jpg\",\"datePublished\":\"2023-11-20T10:19:48+00:00\",\"dateModified\":\"2025-03-06T15:48:13+00:00\",\"description\":\"40HCPW Merikontti MIIU9655579 | Vuokrakontti | M\u00f6kkien myynti | m\u00f6kkien vuokraus | Merikonttien myynti | Merikonttien vuokraus |\",\"breadcrumb\":{\"@id\":\"https:\\\/\\\/miil.dev.almic.ee\\\/fi\\\/toode\\\/40hcpw-merikontti-miiu9655579\\\/#breadcrumb\"},\"inLanguage\":\"fi\",\"potentialAction\":[{\"@type\":\"ReadAction\",\"target\":[\"https:\\\/\\\/miil.dev.almic.ee\\\/fi\\\/toode\\\/40hcpw-merikontti-miiu9655579\\\/\"]}]},{\"@type\":\"ImageObject\",\"inLanguage\":\"fi\",\"@id\":\"https:\\\/\\\/miil.dev.almic.ee\\\/fi\\\/toode\\\/40hcpw-merikontti-miiu9655579\\\/#primaryimage\",\"url\":\"https:\\\/\\\/miil.dev.almic.ee\\\/wp-content\\\/uploads\\\/2023\\\/11\\\/Merekontienr-lai-korge-pikk-2-scaled.jpg\",\"contentUrl\":\"https:\\\/\\\/miil.dev.almic.ee\\\/wp-content\\\/uploads\\\/2023\\\/11\\\/Merekontienr-lai-korge-pikk-2-scaled.jpg\",\"width\":1900,\"height\":1425},{\"@type\":\"BreadcrumbList\",\"@id\":\"https:\\\/\\\/miil.dev.almic.ee\\\/fi\\\/toode\\\/40hcpw-merikontti-miiu9655579\\\/#breadcrumb\",\"itemListElement\":[{\"@type\":\"ListItem\",\"position\":1,\"name\":\"Home\",\"item\":\"https:\\\/\\\/miil.dev.almic.ee\\\/fi\\\/\"},{\"@type\":\"ListItem\",\"position\":2,\"name\":\"Kauppa\",\"item\":\"https:\\\/\\\/miil.dev.almic.ee\\\/fi\\\/kauppa\\\/\"},{\"@type\":\"ListItem\",\"position\":3,\"name\":\"40HCPW Merikontti MIIU9655579\"}]},{\"@type\":\"WebSite\",\"@id\":\"https:\\\/\\\/miil.dev.almic.ee\\\/#website\",\"url\":\"https:\\\/\\\/miil.dev.almic.ee\\\/\",\"name\":\"Miil O\u00dc\",\"description\":\"Konteinerveod\",\"publisher\":{\"@id\":\"https:\\\/\\\/miil.dev.almic.ee\\\/#organization\"},\"potentialAction\":[{\"@type\":\"SearchAction\",\"target\":{\"@type\":\"EntryPoint\",\"urlTemplate\":\"https:\\\/\\\/miil.dev.almic.ee\\\/?s={search_term_string}\"},\"query-input\":{\"@type\":\"PropertyValueSpecification\",\"valueRequired\":true,\"valueName\":\"search_term_string\"}}],\"inLanguage\":\"fi\"},{\"@type\":\"Organization\",\"@id\":\"https:\\\/\\\/miil.dev.almic.ee\\\/#organization\",\"name\":\"Miil O\u00dc\",\"url\":\"https:\\\/\\\/miil.dev.almic.ee\\\/\",\"logo\":{\"@type\":\"ImageObject\",\"inLanguage\":\"fi\",\"@id\":\"https:\\\/\\\/miil.dev.almic.ee\\\/#\\\/schema\\\/logo\\\/image\\\/\",\"url\":\"https:\\\/\\\/www.miil.ee\\\/wp-content\\\/uploads\\\/2022\\\/02\\\/Miil-logo.svg\",\"contentUrl\":\"https:\\\/\\\/www.miil.ee\\\/wp-content\\\/uploads\\\/2022\\\/02\\\/Miil-logo.svg\",\"width\":\"1024\",\"height\":\"1024\",\"caption\":\"Miil O\u00dc\"},\"image\":{\"@id\":\"https:\\\/\\\/miil.dev.almic.ee\\\/#\\\/schema\\\/logo\\\/image\\\/\"},\"sameAs\":[\"https:\\\/\\\/www.facebook.com\\\/konteinerveod\\\/\",\"https:\\\/\\\/www.instagram.com\\\/ou_miil\\\/\"]}]}<\/script>\n<meta property=\"product:price:amount\" content=\"2490.00\" \/>\n<meta property=\"product:price:currency\" content=\"EUR\" \/>\n<meta property=\"og:availability\" content=\"instock\" \/>\n<meta property=\"product:availability\" content=\"instock\" \/>\n<meta property=\"product:retailer_item_id\" content=\"MIIU9655579\" \/>\n<meta property=\"product:condition\" content=\"new\" \/>\n<!-- \/ Yoast SEO Premium plugin. -->","yoast_head_json":{"title":"40HCPW Merikontti MIIU9655579 - Miil O\u00dc","description":"40HCPW Merikontti MIIU9655579 | Vuokrakontti | M\u00f6kkien myynti | m\u00f6kkien vuokraus | Merikonttien myynti | Merikonttien vuokraus |","robots":{"index":"index","follow":"follow","max-snippet":"max-snippet:-1","max-image-preview":"max-image-preview:large","max-video-preview":"max-video-preview:-1"},"canonical":"https:\/\/miil.dev.almic.ee\/fi\/toode\/40hcpw-merikontti-miiu9655579\/","og_locale":"fi_FI","og_type":"article","og_title":"40HCPW Merikontti MIIU9655579","og_description":"40HCPW Merikontti MIIU9655579 | Vuokrakontti | M\u00f6kkien myynti | m\u00f6kkien vuokraus | Merikonttien myynti | Merikonttien vuokraus |","og_url":"https:\/\/miil.dev.almic.ee\/fi\/toode\/40hcpw-merikontti-miiu9655579\/","og_site_name":"Miil O\u00dc","article_publisher":"https:\/\/www.facebook.com\/konteinerveod\/","article_modified_time":"2025-03-06T15:48:13+00:00","og_image":[{"width":1900,"height":1425,"url":"https:\/\/miil.dev.almic.ee\/wp-content\/uploads\/2023\/11\/Merekontienr-lai-korge-pikk-2-scaled.jpg","type":"image\/jpeg"}],"twitter_card":"summary_large_image","twitter_misc":{"Hinta":"2490,00&nbsp;&euro;","Saatavuus":"Varastossa"},"schema":{"@context":"https:\/\/schema.org","@graph":[{"@type":"WebPage","@id":"https:\/\/miil.dev.almic.ee\/fi\/toode\/40hcpw-merikontti-miiu9655579\/","url":"https:\/\/miil.dev.almic.ee\/fi\/toode\/40hcpw-merikontti-miiu9655579\/","name":"40HCPW Merikontti MIIU9655579 - Miil O\u00dc","isPartOf":{"@id":"https:\/\/miil.dev.almic.ee\/#website"},"primaryImageOfPage":{"@id":"https:\/\/miil.dev.almic.ee\/fi\/toode\/40hcpw-merikontti-miiu9655579\/#primaryimage"},"image":{"@id":"https:\/\/miil.dev.almic.ee\/fi\/toode\/40hcpw-merikontti-miiu9655579\/#primaryimage"},"thumbnailUrl":"https:\/\/miil.dev.almic.ee\/wp-content\/uploads\/2023\/11\/Merekontienr-lai-korge-pikk-2-scaled.jpg","datePublished":"2023-11-20T10:19:48+00:00","dateModified":"2025-03-06T15:48:13+00:00","description":"40HCPW Merikontti MIIU9655579 | Vuokrakontti | M\u00f6kkien myynti | m\u00f6kkien vuokraus | Merikonttien myynti | Merikonttien vuokraus |","breadcrumb":{"@id":"https:\/\/miil.dev.almic.ee\/fi\/toode\/40hcpw-merikontti-miiu9655579\/#breadcrumb"},"inLanguage":"fi","potentialAction":[{"@type":"ReadAction","target":["https:\/\/miil.dev.almic.ee\/fi\/toode\/40hcpw-merikontti-miiu9655579\/"]}]},{"@type":"ImageObject","inLanguage":"fi","@id":"https:\/\/miil.dev.almic.ee\/fi\/toode\/40hcpw-merikontti-miiu9655579\/#primaryimage","url":"https:\/\/miil.dev.almic.ee\/wp-content\/uploads\/2023\/11\/Merekontienr-lai-korge-pikk-2-scaled.jpg","contentUrl":"https:\/\/miil.dev.almic.ee\/wp-content\/uploads\/2023\/11\/Merekontienr-lai-korge-pikk-2-scaled.jpg","width":1900,"height":1425},{"@type":"BreadcrumbList","@id":"https:\/\/miil.dev.almic.ee\/fi\/toode\/40hcpw-merikontti-miiu9655579\/#breadcrumb","itemListElement":[{"@type":"ListItem","position":1,"name":"Home","item":"https:\/\/miil.dev.almic.ee\/fi\/"},{"@type":"ListItem","position":2,"name":"Kauppa","item":"https:\/\/miil.dev.almic.ee\/fi\/kauppa\/"},{"@type":"ListItem","position":3,"name":"40HCPW Merikontti MIIU9655579"}]},{"@type":"WebSite","@id":"https:\/\/miil.dev.almic.ee\/#website","url":"https:\/\/miil.dev.almic.ee\/","name":"Miil O\u00dc","description":"Konteinerveod","publisher":{"@id":"https:\/\/miil.dev.almic.ee\/#organization"},"potentialAction":[{"@type":"SearchAction","target":{"@type":"EntryPoint","urlTemplate":"https:\/\/miil.dev.almic.ee\/?s={search_term_string}"},"query-input":{"@type":"PropertyValueSpecification","valueRequired":true,"valueName":"search_term_string"}}],"inLanguage":"fi"},{"@type":"Organization","@id":"https:\/\/miil.dev.almic.ee\/#organization","name":"Miil O\u00dc","url":"https:\/\/miil.dev.almic.ee\/","logo":{"@type":"ImageObject","inLanguage":"fi","@id":"https:\/\/miil.dev.almic.ee\/#\/schema\/logo\/image\/","url":"https:\/\/www.miil.ee\/wp-content\/uploads\/2022\/02\/Miil-logo.svg","contentUrl":"https:\/\/www.miil.ee\/wp-content\/uploads\/2022\/02\/Miil-logo.svg","width":"1024","height":"1024","caption":"Miil O\u00dc"},"image":{"@id":"https:\/\/miil.dev.almic.ee\/#\/schema\/logo\/image\/"},"sameAs":["https:\/\/www.facebook.com\/konteinerveod\/","https:\/\/www.instagram.com\/ou_miil\/"]}]},"product_price_amount":"2490.00","product_price_currency":"EUR","og_availability":"instock","product_availability":"instock","product_retailer_item_id":"MIIU9655579","product_condition":"new"},"_links":{"self":[{"href":"https:\/\/miil.dev.almic.ee\/fi\/wp-json\/wp\/v2\/product\/52704","targetHints":{"allow":["GET"]}}],"collection":[{"href":"https:\/\/miil.dev.almic.ee\/fi\/wp-json\/wp\/v2\/product"}],"about":[{"href":"https:\/\/miil.dev.almic.ee\/fi\/wp-json\/wp\/v2\/types\/product"}],"replies":[{"embeddable":true,"href":"https:\/\/miil.dev.almic.ee\/fi\/wp-json\/wp\/v2\/comments?post=52704"}],"wp:featuredmedia":[{"embeddable":true,"href":"https:\/\/miil.dev.almic.ee\/fi\/wp-json\/wp\/v2\/media\/59734"}],"wp:attachment":[{"href":"https:\/\/miil.dev.almic.ee\/fi\/wp-json\/wp\/v2\/media?parent=52704"}],"wp:term":[{"taxonomy":"product_cat","embeddable":true,"href":"https:\/\/miil.dev.almic.ee\/fi\/wp-json\/wp\/v2\/product_cat?post=52704"},{"taxonomy":"product_tag","embeddable":true,"href":"https:\/\/miil.dev.almic.ee\/fi\/wp-json\/wp\/v2\/product_tag?post=52704"}],"curies":[{"name":"wp","href":"https:\/\/api.w.org\/{rel}","templated":true}]}}