{"id":51278,"date":"2023-11-01T11:31:41","date_gmt":"2023-11-01T09:31:42","guid":{"rendered":"https:\/\/www.miil.ee\/?post_type=product&#038;p=51278"},"modified":"2024-12-10T16:45:20","modified_gmt":"2024-12-10T14:45:20","slug":"toimistomokki-miiu5020","status":"publish","type":"product","link":"https:\/\/miil.dev.almic.ee\/fi\/toode\/toimistomokki-miiu5020\/","title":{"rendered":"Vuokrata &#8211; Containex Standard toimisto- ja ty\u00f6maakontti MIIU5020"},"content":{"rendered":"<h1>Vuokra toimistom\u00f6kki MIIU5020<\/h1>\n<p>Vuokrataan toimistom\u00f6kki MIIU5020 asiakkaan toiveiden mukaan.<br \/>\nHinta riippuu sijainnista, asiakkaan luottoluokituksesta, ajanjakson pituudesta ja erityisist\u00e4 toiveista.<br \/>\nT\u00e4llainen hytti on helppo kuljettaa eik\u00e4 rakennus tarvitse perustusta.<br \/>\nVoidaan k\u00e4ytt\u00e4\u00e4 esimerkiksi rakentamisessa, takapihalla, messuilla tai n\u00e4yttelyiss\u00e4.<br \/>\nContainex Standard on laadukas ja edustava j\u00e4\u00e4hdytin tilap\u00e4iseen lis\u00e4tilaan.<br \/>\nVoimme yhdist\u00e4\u00e4 toimistom\u00f6kit yhteen isommiksi huoneiksi.<br \/>\nT\u00e4m\u00e4 toimistom\u00f6kki MIIU5020 voidaan asentaa merikontin tai muun saman valmistajan eristetyn hytin p\u00e4\u00e4lle.<br \/>\nVuokratoiveen mukaan asennamme ilmal\u00e4mp\u00f6pumpun, rakennamme saniteettiyksik\u00f6n tai muun asiakkaan tarvitseman ratkaisun.<br \/>\nVoimme tarjota erilaisia \u200b\u200bv\u00e4rej\u00e4, portaita, saniteettiratkaisuja ja tapoja yhdist\u00e4\u00e4 toimistom\u00f6kit toisiinsa.<\/p>\n<ul>\n<li>Kaksi vakioikkunaa<\/li>\n<li>Yksi ovi<\/li>\n<li>Kaksi valoa<\/li>\n<li>Vakiokorkeus<\/li>\n<\/ul>\n<p><strong>Erittely<\/strong><br \/>\n&#8211; Ulkokorkeus 2591mm<br \/>\n&#8211; Sis\u00e4korkeus 2340 mm<br \/>\nRungon v\u00e4ri RAL7035 vaaleanharmaa<br \/>\nPaneelin v\u00e4ri RAL7035 vaaleanharmaa<\/p>\n<p><strong>L\u00e4mmitys<\/strong><br \/>\n&#8211; Sein\u00e4eristevilla 60mm<br \/>\n&#8211; Katon eristys mineraalivilla 100mm<br \/>\n&#8211; Lattiaeristysmineraalivilla 100mm<\/p>\n<p><strong>Paneelit<\/strong><br \/>\n2 ikkunapaneelia,<br \/>\nIkkuna voidaan avata kokonaan tai avata tuuletusasentoon.<br \/>\nKorkeus maasta 870mm + turvaverhot.<br \/>\n5 panoraamaikkunaa.<\/p>\n<p><strong>1 etuovi<\/strong><br \/>\navautuu ulosp\u00e4in.<br \/>\nOven leveys: 875 mm.<br \/>\nOven aukon leveys: 811 mm.<br \/>\nOven avautumiskorkeus: 2065 mm.<\/p>\n<p><strong>Ekstrat<\/strong><br \/>\n3&#215;2 pistoketta.<br \/>\n1kpl valokytkin.<br \/>\nS\u00e4hk\u00f6paneeli.<br \/>\nl\u00e4mmityspatteri<\/p>\n<h2>Vuokraatko tai ostatko toimistom\u00f6kin?<\/h2>\n<p>Edullisen hinnan vuoksi kannattaa harkita ostamista vuokraamisen sijaan.<br \/>\nOhjaamo kest\u00e4\u00e4 vuosia, ja CE-merkityill\u00e4 tuotteilla on vahvat j\u00e4lkimarkkinat.<br \/>\nKaikki vuokraamamme m\u00f6kit ovat edustavia, siistej\u00e4 ja laadukkaita.<br \/>\nEmme vuokraa m\u00f6kkej\u00e4, jos asiakas ei t\u00e4yt\u00e4 luottovaatimuksia tai k\u00e4ytt\u00f6tarkoitus ei sovellu.<br \/>\nEmme vuokraa esimerkiksi el\u00e4imille, tupakointihuoneille tai likaisten tavaroiden varastointitiloja, sellaisissa toiveissa voimme myyd\u00e4 tuotteita hyvill\u00e4 ehdoilla.<br \/>\nJoka tapauksessa l\u00f6yd\u00e4mme asiakkaalle juuri oikean ratkaisun ja voimme aikaisemman kokemuksen perusteella antaa suosituksia tarpeitasi vastaavan toimistokontti kokoamisesta.<\/p>\n<h2>Vuokra toimistom\u00f6kki MIIU5020 &#8211; kuljetus<\/h2>\n<p>Vuokrauksen yhteydess\u00e4 kaikki tuotteet kuljetetaan vain omalla kuljetuksellamme.<br \/>\nMeill\u00e4 on tarvittavat laitteet kontin lukoista oikeisiin nostov\u00e4lineisiin asti.<br \/>\nT\u00e4ss\u00e4 tapauksessa olemme my\u00f6s vastuussa kuljetuksen aikana aiheutuneista vahingoista.<br \/>\nKaikki yhdest\u00e4 paikasta, toimistotilojen vuokraus hyvill\u00e4 ehdoilla ja laadukkaasti.<\/p>\n<p>K\u00e4yt\u00e4mme kuljetukseen yleens\u00e4 <a href=\"https:\/\/www.miil.ee\/fi\/palvelut\/nosturi\/\">nosturia<\/a> tai <a href=\"https:\/\/www.miil.ee\/fi\/palvelut\/sideloader\/\">sivukuormaajaa.<\/a><br \/>\nRatkaisemme vaikeammat paikat auton <a href=\"https:\/\/www.miil.ee\/fi\/palvelut\/ram-kippauslaite\/\">per\u00e4vaunun avulla<\/a>.<\/p>\n<p>Seuraa meit\u00e4 <a href=\"https:\/\/www.facebook.com\/merekonteiner\/\">Facebookissa<\/a> tai <a href=\"https:\/\/www.instagram.com\/ou_miil\/\">Instagramissa<\/a><\/p>\n","protected":false},"excerpt":{"rendered":"<p>Vuokra toimistom\u00f6kki MIIU5020 Vuokrataan toimistom\u00f6kki MIIU5020 asiakkaan toiveiden mukaan. Hinta riippuu sijainnista, asiakkaan luottoluokituksesta, ajanjakson pituudesta ja erityisist\u00e4 toiveista. T\u00e4llainen hytti on helppo kuljettaa eik\u00e4 rakennus tarvitse perustusta. Voidaan k\u00e4ytt\u00e4\u00e4 esimerkiksi rakentamisessa, takapihalla, messuilla tai n\u00e4yttelyiss\u00e4. Containex Standard on laadukas ja edustava j\u00e4\u00e4hdytin tilap\u00e4iseen lis\u00e4tilaan. Voimme yhdist\u00e4\u00e4 toimistom\u00f6kit yhteen isommiksi huoneiksi. T\u00e4m\u00e4 toimistom\u00f6kki MIIU5020 voidaan&#8230;<\/p>\n","protected":false},"featured_media":51288,"comment_status":"closed","ping_status":"closed","template":"","meta":{"_acf_changed":false},"product_cat":[343,1043],"product_tag":[],"class_list":{"0":"post-51278","1":"product","2":"type-product","3":"status-publish","4":"has-post-thumbnail","6":"product_cat-eristekontit","7":"product_cat-vuokraa-toimistokontti","9":"first","10":"instock","11":"shipping-taxable","12":"purchasable","13":"product-type-simple"},"acf":[],"yoast_head":"<!-- This site is optimized with the Yoast SEO Premium plugin v23.9 (Yoast SEO v27.5) - https:\/\/yoast.com\/product\/yoast-seo-premium-wordpress\/ -->\n<title>toimistom\u00f6kki MIIU5020 - Miil O\u00dc<\/title>\n<meta name=\"description\" content=\"Vuokra toimistom\u00f6kki MIIU5020 | Containex | M\u00f6kkien myynti | M\u00f6kkien vuokra | Laadukas ja nopea lis\u00e4tila CE-merkeill\u00e4 | Mini talo | Modulaarinen talo\" \/>\n<meta name=\"robots\" content=\"index, follow, max-snippet:-1, max-image-preview:large, max-video-preview:-1\" \/>\n<link rel=\"canonical\" href=\"https:\/\/miil.dev.almic.ee\/fi\/toode\/toimistomokki-miiu5020\/\" \/>\n<meta property=\"og:locale\" content=\"fi_FI\" \/>\n<meta property=\"og:type\" content=\"article\" \/>\n<meta property=\"og:title\" content=\"Vuokrata - Containex Standard toimisto- ja ty\u00f6maakontti MIIU5020\" \/>\n<meta property=\"og:description\" content=\"Vuokra toimistom\u00f6kki MIIU5020 | Containex | M\u00f6kkien myynti | M\u00f6kkien vuokra | Laadukas ja nopea lis\u00e4tila CE-merkeill\u00e4 | Mini talo | Modulaarinen talo\" \/>\n<meta property=\"og:url\" content=\"https:\/\/miil.dev.almic.ee\/fi\/toode\/toimistomokki-miiu5020\/\" \/>\n<meta property=\"og:site_name\" content=\"Miil O\u00dc\" \/>\n<meta property=\"article:publisher\" content=\"https:\/\/www.facebook.com\/konteinerveod\/\" \/>\n<meta property=\"article:modified_time\" content=\"2024-12-10T14:45:20+00:00\" \/>\n<meta property=\"og:image\" content=\"https:\/\/miil.dev.almic.ee\/wp-content\/uploads\/2023\/11\/Soojakute-muuk-7.jpg\" \/>\n\t<meta property=\"og:image:width\" content=\"1728\" \/>\n\t<meta property=\"og:image:height\" content=\"1296\" \/>\n\t<meta property=\"og:image:type\" content=\"image\/jpeg\" \/>\n<meta name=\"twitter:card\" content=\"summary_large_image\" \/>\n<meta name=\"twitter:label1\" content=\"Hinta\" \/>\n\t<meta name=\"twitter:data1\" content=\"250,00&nbsp;&euro;\" \/>\n\t<meta name=\"twitter:label2\" content=\"Saatavuus\" \/>\n\t<meta name=\"twitter:data2\" content=\"Varastossa\" \/>\n<script type=\"application\/ld+json\" class=\"yoast-schema-graph\">{\"@context\":\"https:\\\/\\\/schema.org\",\"@graph\":[{\"@type\":\"WebPage\",\"@id\":\"https:\\\/\\\/miil.dev.almic.ee\\\/fi\\\/toode\\\/toimistomokki-miiu5020\\\/\",\"url\":\"https:\\\/\\\/miil.dev.almic.ee\\\/fi\\\/toode\\\/toimistomokki-miiu5020\\\/\",\"name\":\"toimistom\u00f6kki MIIU5020 - Miil O\u00dc\",\"isPartOf\":{\"@id\":\"https:\\\/\\\/miil.dev.almic.ee\\\/#website\"},\"primaryImageOfPage\":{\"@id\":\"https:\\\/\\\/miil.dev.almic.ee\\\/fi\\\/toode\\\/toimistomokki-miiu5020\\\/#primaryimage\"},\"image\":{\"@id\":\"https:\\\/\\\/miil.dev.almic.ee\\\/fi\\\/toode\\\/toimistomokki-miiu5020\\\/#primaryimage\"},\"thumbnailUrl\":\"https:\\\/\\\/miil.dev.almic.ee\\\/wp-content\\\/uploads\\\/2023\\\/11\\\/Soojakute-muuk-7.jpg\",\"datePublished\":\"2023-11-01T09:31:42+00:00\",\"dateModified\":\"2024-12-10T14:45:20+00:00\",\"description\":\"Vuokra toimistom\u00f6kki MIIU5020 | Containex | M\u00f6kkien myynti | M\u00f6kkien vuokra | Laadukas ja nopea lis\u00e4tila CE-merkeill\u00e4 | Mini talo | Modulaarinen talo\",\"breadcrumb\":{\"@id\":\"https:\\\/\\\/miil.dev.almic.ee\\\/fi\\\/toode\\\/toimistomokki-miiu5020\\\/#breadcrumb\"},\"inLanguage\":\"fi\",\"potentialAction\":[{\"@type\":\"ReadAction\",\"target\":[\"https:\\\/\\\/miil.dev.almic.ee\\\/fi\\\/toode\\\/toimistomokki-miiu5020\\\/\"]}]},{\"@type\":\"ImageObject\",\"inLanguage\":\"fi\",\"@id\":\"https:\\\/\\\/miil.dev.almic.ee\\\/fi\\\/toode\\\/toimistomokki-miiu5020\\\/#primaryimage\",\"url\":\"https:\\\/\\\/miil.dev.almic.ee\\\/wp-content\\\/uploads\\\/2023\\\/11\\\/Soojakute-muuk-7.jpg\",\"contentUrl\":\"https:\\\/\\\/miil.dev.almic.ee\\\/wp-content\\\/uploads\\\/2023\\\/11\\\/Soojakute-muuk-7.jpg\",\"width\":1728,\"height\":1296,\"caption\":\"Ehitus soojakute rent\"},{\"@type\":\"BreadcrumbList\",\"@id\":\"https:\\\/\\\/miil.dev.almic.ee\\\/fi\\\/toode\\\/toimistomokki-miiu5020\\\/#breadcrumb\",\"itemListElement\":[{\"@type\":\"ListItem\",\"position\":1,\"name\":\"Home\",\"item\":\"https:\\\/\\\/miil.dev.almic.ee\\\/fi\\\/\"},{\"@type\":\"ListItem\",\"position\":2,\"name\":\"Kauppa\",\"item\":\"https:\\\/\\\/miil.dev.almic.ee\\\/fi\\\/kauppa\\\/\"},{\"@type\":\"ListItem\",\"position\":3,\"name\":\"Vuokrata &#8211; Containex Standard toimisto- ja ty\u00f6maakontti MIIU5020\"}]},{\"@type\":\"WebSite\",\"@id\":\"https:\\\/\\\/miil.dev.almic.ee\\\/#website\",\"url\":\"https:\\\/\\\/miil.dev.almic.ee\\\/\",\"name\":\"Miil O\u00dc\",\"description\":\"Konteinerveod\",\"publisher\":{\"@id\":\"https:\\\/\\\/miil.dev.almic.ee\\\/#organization\"},\"potentialAction\":[{\"@type\":\"SearchAction\",\"target\":{\"@type\":\"EntryPoint\",\"urlTemplate\":\"https:\\\/\\\/miil.dev.almic.ee\\\/?s={search_term_string}\"},\"query-input\":{\"@type\":\"PropertyValueSpecification\",\"valueRequired\":true,\"valueName\":\"search_term_string\"}}],\"inLanguage\":\"fi\"},{\"@type\":\"Organization\",\"@id\":\"https:\\\/\\\/miil.dev.almic.ee\\\/#organization\",\"name\":\"Miil O\u00dc\",\"url\":\"https:\\\/\\\/miil.dev.almic.ee\\\/\",\"logo\":{\"@type\":\"ImageObject\",\"inLanguage\":\"fi\",\"@id\":\"https:\\\/\\\/miil.dev.almic.ee\\\/#\\\/schema\\\/logo\\\/image\\\/\",\"url\":\"https:\\\/\\\/www.miil.ee\\\/wp-content\\\/uploads\\\/2022\\\/02\\\/Miil-logo.svg\",\"contentUrl\":\"https:\\\/\\\/www.miil.ee\\\/wp-content\\\/uploads\\\/2022\\\/02\\\/Miil-logo.svg\",\"width\":\"1024\",\"height\":\"1024\",\"caption\":\"Miil O\u00dc\"},\"image\":{\"@id\":\"https:\\\/\\\/miil.dev.almic.ee\\\/#\\\/schema\\\/logo\\\/image\\\/\"},\"sameAs\":[\"https:\\\/\\\/www.facebook.com\\\/konteinerveod\\\/\",\"https:\\\/\\\/www.instagram.com\\\/ou_miil\\\/\"]}]}<\/script>\n<meta property=\"product:price:amount\" content=\"250.00\" \/>\n<meta property=\"product:price:currency\" content=\"EUR\" \/>\n<meta property=\"og:availability\" content=\"instock\" \/>\n<meta property=\"product:availability\" content=\"instock\" \/>\n<meta property=\"product:condition\" content=\"new\" \/>\n<!-- \/ Yoast SEO Premium plugin. -->","yoast_head_json":{"title":"toimistom\u00f6kki MIIU5020 - Miil O\u00dc","description":"Vuokra toimistom\u00f6kki MIIU5020 | Containex | M\u00f6kkien myynti | M\u00f6kkien vuokra | Laadukas ja nopea lis\u00e4tila CE-merkeill\u00e4 | Mini talo | Modulaarinen talo","robots":{"index":"index","follow":"follow","max-snippet":"max-snippet:-1","max-image-preview":"max-image-preview:large","max-video-preview":"max-video-preview:-1"},"canonical":"https:\/\/miil.dev.almic.ee\/fi\/toode\/toimistomokki-miiu5020\/","og_locale":"fi_FI","og_type":"article","og_title":"Vuokrata - Containex Standard toimisto- ja ty\u00f6maakontti MIIU5020","og_description":"Vuokra toimistom\u00f6kki MIIU5020 | Containex | M\u00f6kkien myynti | M\u00f6kkien vuokra | Laadukas ja nopea lis\u00e4tila CE-merkeill\u00e4 | Mini talo | Modulaarinen talo","og_url":"https:\/\/miil.dev.almic.ee\/fi\/toode\/toimistomokki-miiu5020\/","og_site_name":"Miil O\u00dc","article_publisher":"https:\/\/www.facebook.com\/konteinerveod\/","article_modified_time":"2024-12-10T14:45:20+00:00","og_image":[{"width":1728,"height":1296,"url":"https:\/\/miil.dev.almic.ee\/wp-content\/uploads\/2023\/11\/Soojakute-muuk-7.jpg","type":"image\/jpeg"}],"twitter_card":"summary_large_image","twitter_misc":{"Hinta":"250,00&nbsp;&euro;","Saatavuus":"Varastossa"},"schema":{"@context":"https:\/\/schema.org","@graph":[{"@type":"WebPage","@id":"https:\/\/miil.dev.almic.ee\/fi\/toode\/toimistomokki-miiu5020\/","url":"https:\/\/miil.dev.almic.ee\/fi\/toode\/toimistomokki-miiu5020\/","name":"toimistom\u00f6kki MIIU5020 - Miil O\u00dc","isPartOf":{"@id":"https:\/\/miil.dev.almic.ee\/#website"},"primaryImageOfPage":{"@id":"https:\/\/miil.dev.almic.ee\/fi\/toode\/toimistomokki-miiu5020\/#primaryimage"},"image":{"@id":"https:\/\/miil.dev.almic.ee\/fi\/toode\/toimistomokki-miiu5020\/#primaryimage"},"thumbnailUrl":"https:\/\/miil.dev.almic.ee\/wp-content\/uploads\/2023\/11\/Soojakute-muuk-7.jpg","datePublished":"2023-11-01T09:31:42+00:00","dateModified":"2024-12-10T14:45:20+00:00","description":"Vuokra toimistom\u00f6kki MIIU5020 | Containex | M\u00f6kkien myynti | M\u00f6kkien vuokra | Laadukas ja nopea lis\u00e4tila CE-merkeill\u00e4 | Mini talo | Modulaarinen talo","breadcrumb":{"@id":"https:\/\/miil.dev.almic.ee\/fi\/toode\/toimistomokki-miiu5020\/#breadcrumb"},"inLanguage":"fi","potentialAction":[{"@type":"ReadAction","target":["https:\/\/miil.dev.almic.ee\/fi\/toode\/toimistomokki-miiu5020\/"]}]},{"@type":"ImageObject","inLanguage":"fi","@id":"https:\/\/miil.dev.almic.ee\/fi\/toode\/toimistomokki-miiu5020\/#primaryimage","url":"https:\/\/miil.dev.almic.ee\/wp-content\/uploads\/2023\/11\/Soojakute-muuk-7.jpg","contentUrl":"https:\/\/miil.dev.almic.ee\/wp-content\/uploads\/2023\/11\/Soojakute-muuk-7.jpg","width":1728,"height":1296,"caption":"Ehitus soojakute rent"},{"@type":"BreadcrumbList","@id":"https:\/\/miil.dev.almic.ee\/fi\/toode\/toimistomokki-miiu5020\/#breadcrumb","itemListElement":[{"@type":"ListItem","position":1,"name":"Home","item":"https:\/\/miil.dev.almic.ee\/fi\/"},{"@type":"ListItem","position":2,"name":"Kauppa","item":"https:\/\/miil.dev.almic.ee\/fi\/kauppa\/"},{"@type":"ListItem","position":3,"name":"Vuokrata &#8211; Containex Standard toimisto- ja ty\u00f6maakontti MIIU5020"}]},{"@type":"WebSite","@id":"https:\/\/miil.dev.almic.ee\/#website","url":"https:\/\/miil.dev.almic.ee\/","name":"Miil O\u00dc","description":"Konteinerveod","publisher":{"@id":"https:\/\/miil.dev.almic.ee\/#organization"},"potentialAction":[{"@type":"SearchAction","target":{"@type":"EntryPoint","urlTemplate":"https:\/\/miil.dev.almic.ee\/?s={search_term_string}"},"query-input":{"@type":"PropertyValueSpecification","valueRequired":true,"valueName":"search_term_string"}}],"inLanguage":"fi"},{"@type":"Organization","@id":"https:\/\/miil.dev.almic.ee\/#organization","name":"Miil O\u00dc","url":"https:\/\/miil.dev.almic.ee\/","logo":{"@type":"ImageObject","inLanguage":"fi","@id":"https:\/\/miil.dev.almic.ee\/#\/schema\/logo\/image\/","url":"https:\/\/www.miil.ee\/wp-content\/uploads\/2022\/02\/Miil-logo.svg","contentUrl":"https:\/\/www.miil.ee\/wp-content\/uploads\/2022\/02\/Miil-logo.svg","width":"1024","height":"1024","caption":"Miil O\u00dc"},"image":{"@id":"https:\/\/miil.dev.almic.ee\/#\/schema\/logo\/image\/"},"sameAs":["https:\/\/www.facebook.com\/konteinerveod\/","https:\/\/www.instagram.com\/ou_miil\/"]}]},"product_price_amount":"250.00","product_price_currency":"EUR","og_availability":"instock","product_availability":"instock","product_condition":"new"},"_links":{"self":[{"href":"https:\/\/miil.dev.almic.ee\/fi\/wp-json\/wp\/v2\/product\/51278","targetHints":{"allow":["GET"]}}],"collection":[{"href":"https:\/\/miil.dev.almic.ee\/fi\/wp-json\/wp\/v2\/product"}],"about":[{"href":"https:\/\/miil.dev.almic.ee\/fi\/wp-json\/wp\/v2\/types\/product"}],"replies":[{"embeddable":true,"href":"https:\/\/miil.dev.almic.ee\/fi\/wp-json\/wp\/v2\/comments?post=51278"}],"wp:featuredmedia":[{"embeddable":true,"href":"https:\/\/miil.dev.almic.ee\/fi\/wp-json\/wp\/v2\/media\/51288"}],"wp:attachment":[{"href":"https:\/\/miil.dev.almic.ee\/fi\/wp-json\/wp\/v2\/media?parent=51278"}],"wp:term":[{"taxonomy":"product_cat","embeddable":true,"href":"https:\/\/miil.dev.almic.ee\/fi\/wp-json\/wp\/v2\/product_cat?post=51278"},{"taxonomy":"product_tag","embeddable":true,"href":"https:\/\/miil.dev.almic.ee\/fi\/wp-json\/wp\/v2\/product_tag?post=51278"}],"curies":[{"name":"wp","href":"https:\/\/api.w.org\/{rel}","templated":true}]}}